{"id":241,"date":"2025-09-04T08:31:13","date_gmt":"2025-09-04T06:31:13","guid":{"rendered":"https:\/\/sites.uef.fi\/tohtorikoulutuspaiva2025\/?page_id=241"},"modified":"2025-10-10T05:46:39","modified_gmt":"2025-10-10T03:46:39","slug":"remote-participation","status":"publish","type":"page","link":"https:\/\/sites.uef.fi\/tohtorikoulutuspaiva2025\/remote-participation\/?lang=en","title":{"rendered":"Remote Participation"},"content":{"rendered":"\n<p>The theme of Doctoral Education Day 2025 is Unique Paths to Shared Goals. How can we build doctoral education that takes into consideration the diversity of doctoral researchers?&nbsp;<\/p>\n\n\n\n<p>We are livestreaming some interesting speeches and workshops. No registration is required, and audience interaction is not part of the live stream. <\/p>\n\n\n\n<h2 class=\"wp-block-heading\">Link for the live stream<\/h2>\n\n\n\n<p>You can follow our live stream <a href=\"https:\/\/vimeo.com\/event\/5424736\">via this link<\/a>.<\/p>\n\n\n\n<h2 class=\"wp-block-heading\">Partial Live Stream of the Event 9.10.2025<\/h2>\n\n\n\n<p>9:00 Welcome<br>9:15 Keynote speeches: Rector Tapio M\u00e4\u00e4tt\u00e4 (UEF) and Professor Annalisa Sannino (TAU)<br>9:55 Break<br>11:15 Workshop: The Work Ability of Young Researchers and Critical Points<br>12:15 Break<br>13:15 Workshop: Universities\u2019 Practices for Developing Support for Doctoral Supervision<br>14:15 Break<br>14.30 Summary and reflection of keynote speeches &amp; participants\u2019 ideas: Vice Rector Sari Lindblom (University of Lapland)<br>15:00 Closing remarks<\/p>\n\n\n\n<h2 class=\"wp-block-heading\">Professor Annalisa Sannino&#8217;s keynote<\/h2>\n\n\n\n<p>On October 9th, you were able to watch Professor Sannino&#8217;s keynote through this page. Thank you for watching!<\/p>\n","protected":false},"excerpt":{"rendered":"<p>The theme of Doctoral Education Day 2025 is Unique Paths to Shared Goals. How can we build doctoral education that takes into consideration the diversity of doctoral researchers?&nbsp; We are livestreaming some interesting speeches and workshops. No registration is required, and audience interaction is not part of the live stream. Link for the live stream [&hellip;]<\/p>\n","protected":false},"author":1301,"featured_media":0,"parent":0,"menu_order":0,"comment_status":"closed","ping_status":"closed","template":"","meta":{"_acf_changed":false,"footnotes":""},"class_list":["post-241","page","type-page","status-publish","hentry"],"acf":[],"yoast_head":"<!-- This site is optimized with the Yoast SEO plugin v27.3 - https:\/\/yoast.com\/product\/yoast-seo-wordpress\/ -->\n<title>Remote Participation - Valtakunnallinen tohtorikoulutusp\u00e4iv\u00e4 2025<\/title>\n<meta name=\"robots\" content=\"index, follow, max-snippet:-1, max-image-preview:large, max-video-preview:-1\" \/>\n<link rel=\"canonical\" href=\"https:\/\/sites.uef.fi\/tohtorikoulutuspaiva2025\/remote-participation\/\" \/>\n<meta property=\"og:locale\" content=\"fi_FI\" \/>\n<meta property=\"og:type\" content=\"article\" \/>\n<meta property=\"og:title\" content=\"Remote Participation - Valtakunnallinen tohtorikoulutusp\u00e4iv\u00e4 2025\" \/>\n<meta property=\"og:description\" content=\"The theme of Doctoral Education Day 2025 is Unique Paths to Shared Goals. How can we build doctoral education that takes into consideration the diversity of doctoral researchers?&nbsp; We are livestreaming some interesting speeches and workshops. No registration is required, and audience interaction is not part of the live stream. Link for the live stream [&hellip;]\" \/>\n<meta property=\"og:url\" content=\"https:\/\/sites.uef.fi\/tohtorikoulutuspaiva2025\/remote-participation\/?lang=en\" \/>\n<meta property=\"og:site_name\" content=\"Valtakunnallinen tohtorikoulutusp\u00e4iv\u00e4 2025\" \/>\n<meta property=\"article:modified_time\" content=\"2025-10-10T03:46:39+00:00\" \/>\n<meta name=\"twitter:card\" content=\"summary_large_image\" \/>\n<meta name=\"twitter:label1\" content=\"Arvioitu lukuaika\" \/>\n\t<meta name=\"twitter:data1\" content=\"1 minuutti\" \/>\n<script type=\"application\/ld+json\" class=\"yoast-schema-graph\">{\"@context\":\"https:\\\/\\\/schema.org\",\"@graph\":[{\"@type\":\"WebPage\",\"@id\":\"https:\\\/\\\/sites.uef.fi\\\/tohtorikoulutuspaiva2025\\\/remote-participation\\\/?lang=en\",\"url\":\"https:\\\/\\\/sites.uef.fi\\\/tohtorikoulutuspaiva2025\\\/remote-participation\\\/?lang=en\",\"name\":\"Remote Participation - Valtakunnallinen tohtorikoulutusp\u00e4iv\u00e4 2025\",\"isPartOf\":{\"@id\":\"https:\\\/\\\/sites.uef.fi\\\/tohtorikoulutuspaiva2025\\\/#website\"},\"datePublished\":\"2025-09-04T06:31:13+00:00\",\"dateModified\":\"2025-10-10T03:46:39+00:00\",\"breadcrumb\":{\"@id\":\"https:\\\/\\\/sites.uef.fi\\\/tohtorikoulutuspaiva2025\\\/remote-participation\\\/?lang=en#breadcrumb\"},\"inLanguage\":\"fi\",\"potentialAction\":[{\"@type\":\"ReadAction\",\"target\":[\"https:\\\/\\\/sites.uef.fi\\\/tohtorikoulutuspaiva2025\\\/remote-participation\\\/?lang=en\"]}]},{\"@type\":\"BreadcrumbList\",\"@id\":\"https:\\\/\\\/sites.uef.fi\\\/tohtorikoulutuspaiva2025\\\/remote-participation\\\/?lang=en#breadcrumb\",\"itemListElement\":[{\"@type\":\"ListItem\",\"position\":1,\"name\":\"Home\",\"item\":\"https:\\\/\\\/sites.uef.fi\\\/tohtorikoulutuspaiva2025\\\/\"},{\"@type\":\"ListItem\",\"position\":2,\"name\":\"Remote Participation\"}]},{\"@type\":\"WebSite\",\"@id\":\"https:\\\/\\\/sites.uef.fi\\\/tohtorikoulutuspaiva2025\\\/#website\",\"url\":\"https:\\\/\\\/sites.uef.fi\\\/tohtorikoulutuspaiva2025\\\/\",\"name\":\"Valtakunnallinen tohtorikoulutusp\u00e4iv\u00e4 2025\",\"description\":\"\",\"potentialAction\":[{\"@type\":\"SearchAction\",\"target\":{\"@type\":\"EntryPoint\",\"urlTemplate\":\"https:\\\/\\\/sites.uef.fi\\\/tohtorikoulutuspaiva2025\\\/?s={search_term_string}\"},\"query-input\":{\"@type\":\"PropertyValueSpecification\",\"valueRequired\":true,\"valueName\":\"search_term_string\"}}],\"inLanguage\":\"fi\"}]}<\/script>\n<!-- \/ Yoast SEO plugin. -->","yoast_head_json":{"title":"Remote Participation - Valtakunnallinen tohtorikoulutusp\u00e4iv\u00e4 2025","robots":{"index":"index","follow":"follow","max-snippet":"max-snippet:-1","max-image-preview":"max-image-preview:large","max-video-preview":"max-video-preview:-1"},"canonical":"https:\/\/sites.uef.fi\/tohtorikoulutuspaiva2025\/remote-participation\/","og_locale":"fi_FI","og_type":"article","og_title":"Remote Participation - Valtakunnallinen tohtorikoulutusp\u00e4iv\u00e4 2025","og_description":"The theme of Doctoral Education Day 2025 is Unique Paths to Shared Goals. How can we build doctoral education that takes into consideration the diversity of doctoral researchers?&nbsp; We are livestreaming some interesting speeches and workshops. No registration is required, and audience interaction is not part of the live stream. Link for the live stream [&hellip;]","og_url":"https:\/\/sites.uef.fi\/tohtorikoulutuspaiva2025\/remote-participation\/?lang=en","og_site_name":"Valtakunnallinen tohtorikoulutusp\u00e4iv\u00e4 2025","article_modified_time":"2025-10-10T03:46:39+00:00","twitter_card":"summary_large_image","twitter_misc":{"Arvioitu lukuaika":"1 minuutti"},"schema":{"@context":"https:\/\/schema.org","@graph":[{"@type":"WebPage","@id":"https:\/\/sites.uef.fi\/tohtorikoulutuspaiva2025\/remote-participation\/?lang=en","url":"https:\/\/sites.uef.fi\/tohtorikoulutuspaiva2025\/remote-participation\/?lang=en","name":"Remote Participation - Valtakunnallinen tohtorikoulutusp\u00e4iv\u00e4 2025","isPartOf":{"@id":"https:\/\/sites.uef.fi\/tohtorikoulutuspaiva2025\/#website"},"datePublished":"2025-09-04T06:31:13+00:00","dateModified":"2025-10-10T03:46:39+00:00","breadcrumb":{"@id":"https:\/\/sites.uef.fi\/tohtorikoulutuspaiva2025\/remote-participation\/?lang=en#breadcrumb"},"inLanguage":"fi","potentialAction":[{"@type":"ReadAction","target":["https:\/\/sites.uef.fi\/tohtorikoulutuspaiva2025\/remote-participation\/?lang=en"]}]},{"@type":"BreadcrumbList","@id":"https:\/\/sites.uef.fi\/tohtorikoulutuspaiva2025\/remote-participation\/?lang=en#breadcrumb","itemListElement":[{"@type":"ListItem","position":1,"name":"Home","item":"https:\/\/sites.uef.fi\/tohtorikoulutuspaiva2025\/"},{"@type":"ListItem","position":2,"name":"Remote Participation"}]},{"@type":"WebSite","@id":"https:\/\/sites.uef.fi\/tohtorikoulutuspaiva2025\/#website","url":"https:\/\/sites.uef.fi\/tohtorikoulutuspaiva2025\/","name":"Valtakunnallinen tohtorikoulutusp\u00e4iv\u00e4 2025","description":"","potentialAction":[{"@type":"SearchAction","target":{"@type":"EntryPoint","urlTemplate":"https:\/\/sites.uef.fi\/tohtorikoulutuspaiva2025\/?s={search_term_string}"},"query-input":{"@type":"PropertyValueSpecification","valueRequired":true,"valueName":"search_term_string"}}],"inLanguage":"fi"}]}},"_links":{"self":[{"href":"https:\/\/sites.uef.fi\/tohtorikoulutuspaiva2025\/wp-json\/wp\/v2\/pages\/241","targetHints":{"allow":["GET"]}}],"collection":[{"href":"https:\/\/sites.uef.fi\/tohtorikoulutuspaiva2025\/wp-json\/wp\/v2\/pages"}],"about":[{"href":"https:\/\/sites.uef.fi\/tohtorikoulutuspaiva2025\/wp-json\/wp\/v2\/types\/page"}],"author":[{"embeddable":true,"href":"https:\/\/sites.uef.fi\/tohtorikoulutuspaiva2025\/wp-json\/wp\/v2\/users\/1301"}],"replies":[{"embeddable":true,"href":"https:\/\/sites.uef.fi\/tohtorikoulutuspaiva2025\/wp-json\/wp\/v2\/comments?post=241"}],"version-history":[{"count":1,"href":"https:\/\/sites.uef.fi\/tohtorikoulutuspaiva2025\/wp-json\/wp\/v2\/pages\/241\/revisions"}],"predecessor-version":[{"id":283,"href":"https:\/\/sites.uef.fi\/tohtorikoulutuspaiva2025\/wp-json\/wp\/v2\/pages\/241\/revisions\/283"}],"wp:attachment":[{"href":"https:\/\/sites.uef.fi\/tohtorikoulutuspaiva2025\/wp-json\/wp\/v2\/media?parent=241"}],"curies":[{"name":"wp","href":"https:\/\/api.w.org\/{rel}","templated":true}]}}