{"id":17,"date":"2024-10-08T09:20:02","date_gmt":"2024-10-08T09:20:02","guid":{"rendered":"https:\/\/sites.uef.fi\/turvahiili\/?page_id=17"},"modified":"2024-11-19T14:58:28","modified_gmt":"2024-11-19T11:58:28","slug":"etusivu","status":"publish","type":"page","link":"https:\/\/sites.uef.fi\/turvahiili\/","title":{"rendered":"Etusivu"},"content":{"rendered":"\n<figure class=\"wp-block-image size-large\"><img loading=\"lazy\" decoding=\"async\" width=\"1024\" height=\"576\" src=\"https:\/\/sites.uef.fi\/turvahiili\/wp-content\/uploads\/sites\/507\/2024\/11\/Dia1-1024x576.jpg\" alt=\"suomaisema ja pitkospuut. Maa- ja mets\u00e4talousministeri\u00f6n ja nappaa hiilest\u00e4 kiinni logot\" class=\"wp-image-1054\" style=\"aspect-ratio:16\/9;object-fit:cover\" srcset=\"https:\/\/sites.uef.fi\/turvahiili\/wp-content\/uploads\/sites\/507\/2024\/11\/Dia1-1024x576.jpg 1024w, https:\/\/sites.uef.fi\/turvahiili\/wp-content\/uploads\/sites\/507\/2024\/11\/Dia1-300x169.jpg 300w, https:\/\/sites.uef.fi\/turvahiili\/wp-content\/uploads\/sites\/507\/2024\/11\/Dia1-768x432.jpg 768w, https:\/\/sites.uef.fi\/turvahiili\/wp-content\/uploads\/sites\/507\/2024\/11\/Dia1-992x558.jpg 992w, https:\/\/sites.uef.fi\/turvahiili\/wp-content\/uploads\/sites\/507\/2024\/11\/Dia1.jpg 1280w\" sizes=\"auto, (max-width: 1024px) 100vw, 1024px\" \/><\/figure>\n\n\n\n<p>Mit\u00e4 tied\u00e4t mets\u00e4ojitettujen soiden ennallistamisesta? Tutustu t\u00e4h\u00e4n sivustoon, niin tied\u00e4t enemm\u00e4n! Oletpa sitten maanomistaja, ennallistamisen suunnittelija, koneyritt\u00e4j\u00e4 tai opiskelija, niin t\u00e4lt\u00e4 sivustolta l\u00f6yd\u00e4t kootusti tietoa hyvist\u00e4 k\u00e4yt\u00e4nteist\u00e4 onnistuneelle mets\u00e4ojitettujen soiden ennallistamiselle. <\/p>\n\n\n\n<p>Sivustolta l\u00f6yd\u00e4t vastaukset muun muassa kysymyksiin <\/p>\n\n\n\n<ul class=\"wp-block-list\">\n<li>Mit\u00e4 mets\u00e4ojitettujen soiden ennallistaminen tarkoittaa? <\/li>\n\n\n\n<li>Miten valitaan hyv\u00e4 kohde suon ennallistamiseksi? <\/li>\n\n\n\n<li>Mit\u00e4 tulee ottaa huomioon suon ennallistamisen toimenpiteit\u00e4 tehdess\u00e4?<\/li>\n<\/ul>\n\n\n\n<p>Sivustolla on opasvideo- ja podcast-sarja, joka on suunnattu soiden ennallistamisen suunnittelijoille, koneenkuljettajille, ymp\u00e4rist\u00f6-, mets\u00e4- ja mets\u00e4konealan opiskelijoille eri asteilla sek\u00e4 soiden ennallistamisesta kiinnostuneille maanomistajille ja suurelle yleis\u00f6lle.<\/p>\n\n\n\n<p id=\"block-598b907b-09a5-4a0e-92b0-02146128c40f\">Alla olevien linkkien kautta p\u00e4\u00e4set tutustumaan kolmen teeman kautta mets\u00e4ojitettujen soiden ennallistamiseen sek\u00e4 niihin liittyviin videoihin ja podcasteihin. Mukana on my\u00f6s linkkej\u00e4 ulkopuolisten toimijoiden nettisivuille, joissa k\u00e4sitell\u00e4\u00e4n mets\u00e4ojitettujen soiden ennallistamista. Sivustolla p\u00e4\u00e4set liikkumaan my\u00f6s oikeassa yl\u00e4laidassa olevan valikon kautta sek\u00e4 l\u00f6yd\u00e4t muita TurvaHiili-hankkeeseen liittyvi\u00e4 sis\u00e4lt\u00f6j\u00e4.<\/p>\n\n\n\n<div class=\"links-block\">\n\n    \n    <ul class=\"link-list\">\n        \n            \n            <li class=\"link-list-item\">\n                <a href=\"https:\/\/sites.uef.fi\/turvahiili\/metsaojitettujen-soiden-ennallistaminen\/\" class=\"link-reset link hover-scale-down\">\n                    <svg\n        width=\"43\" height=\"25\"\n        viewBox=\"0 0 43 25\"\n        xmlns=\"http:\/\/www.w3.org\/2000\/svg\">\n    <path\n        d=\"M30.027 0 43 12.5 30.027 25 27 22.083 34.351 15H0v-5h34.351L27 2.917z\"\n        fill=\"currentColor\"\n        fill-rule=\"evenodd\"\/>\n<\/svg>                    <div>Mit\u00e4 mets\u00e4ojitettujen soiden ennallistaminen on, miksi soita tulisi ennallistaa ja millaisia vaikutuksia soiden ennallistamisella on?<\/div>\n                <\/a>\n                <div class=\"link-info\">\n                                    <\/div>\n            <\/li>\n\n        \n            <li class=\"link-list-item\">\n                <a href=\"https:\/\/sites.uef.fi\/turvahiili\/metsaojitetun-suon-ennallistamisen-kohteen-valinta-ja-suunnitteleminen\/\" class=\"link-reset link hover-scale-down\">\n                    <svg\n        width=\"43\" height=\"25\"\n        viewBox=\"0 0 43 25\"\n        xmlns=\"http:\/\/www.w3.org\/2000\/svg\">\n    <path\n        d=\"M30.027 0 43 12.5 30.027 25 27 22.083 34.351 15H0v-5h34.351L27 2.917z\"\n        fill=\"currentColor\"\n        fill-rule=\"evenodd\"\/>\n<\/svg>                    <div>Miten valitaan hyv\u00e4 kohde mets\u00e4ojitetun suon ennallistamiselle ja miten ennallistaminen suunnitellaan?<\/div>\n                <\/a>\n                <div class=\"link-info\">\n                                    <\/div>\n            <\/li>\n\n        \n            <li class=\"link-list-item\">\n                <a href=\"https:\/\/sites.uef.fi\/turvahiili\/metsaojitetun-suon-ennallistamisen-kaytannon-toteuttaminen\/\" class=\"link-reset link hover-scale-down\">\n                    <svg\n        width=\"43\" height=\"25\"\n        viewBox=\"0 0 43 25\"\n        xmlns=\"http:\/\/www.w3.org\/2000\/svg\">\n    <path\n        d=\"M30.027 0 43 12.5 30.027 25 27 22.083 34.351 15H0v-5h34.351L27 2.917z\"\n        fill=\"currentColor\"\n        fill-rule=\"evenodd\"\/>\n<\/svg>                    <div>Miten mets\u00e4ojitetun suon ennallistaminen toteutetaan k\u00e4yt\u00e4nn\u00f6ss\u00e4?<\/div>\n                <\/a>\n                <div class=\"link-info\">\n                                    <\/div>\n            <\/li>\n\n                <\/ul>\n<\/div>\n\n\n<div class=\"links-block\">\n\n    \n    <ul class=\"link-list\">\n            <\/ul>\n<\/div>\n\n\n<h2 class=\"wp-block-heading\">TurvaHiili-hanke<\/h2>\n\n\n\n<p>TurvaHiili-hanke toteutettiin vuosien 2022-2024 aikana ja t\u00e4lle sivustolle on koottu hankkeen tuloksia heikkotuottoisten mets\u00e4ojitettujen soiden ennallistamisesta ja miten oikeilla kohdevalinnoilla ja hyvill\u00e4 k\u00e4yt\u00e4nteill\u00e4 voidaan p\u00e4\u00e4st\u00e4 kohti turvattua maaper\u00e4n hiilivarastoa ja kohentunutta toiminnallista monimuotoisuutta.<\/p>\n\n\n\n<p>TurvaHiili oli Suomen kest\u00e4v\u00e4n kasvun ohjelman RRF-mets\u00e4taloushanke, jonka tavoitteena oli kouluttaa nykyisi\u00e4 ja tulevaisuuden mets\u00e4ojitettujen soiden ennallistamisammattilaisia valitsemaan ennallistamiselle oikeat kohteet ja toteuttamaan ennallistamistoimenpiteet onnistuneesti.<\/p>\n\n\n    <div class=\"funders grid\">\n                        <a href=\"https:\/\/next-generation-eu.europa.eu\/index_fi\" class=\"funders__link grid__item hover-scale-down\" title=\"\">\n                            <div class=\"funders__image\">\n                    <img decoding=\"async\" src=\"https:\/\/sites.uef.fi\/turvahiili\/wp-content\/uploads\/sites\/507\/2024\/10\/FI-Euroopan-unionin-rahoittama_PANTONE-scaled.jpg\" alt=\"Euroopean unionin rahoittama NextGenerationEU logo\" \/>\n                <\/div>\n                                                    <div class=\"funders__arrow\">\n                    <svg xmlns=\"http:\/\/www.w3.org\/2000\/svg\" height=\"25px\" viewBox=\"0 -960 960 960\" width=\"24px\" ><path fill=\"currentColor\" d=\"M200-120q-33 0-56.5-23.5T120-200v-560q0-33 23.5-56.5T200-840h280v80H200v560h560v-280h80v280q0 33-23.5 56.5T760-120H200Zm188-212-56-56 372-372H560v-80h280v280h-80v-144L388-332Z\"\/><\/svg>                    <\/div>\n                <\/a>\n                            \n                        <a href=\"https:\/\/mmm.fi\/maankayttosektorin-ilmastosuunnitelma\" class=\"funders__link grid__item hover-scale-down\" title=\"\">\n                            <div class=\"funders__image\">\n                    <img decoding=\"async\" src=\"https:\/\/sites.uef.fi\/turvahiili\/wp-content\/uploads\/sites\/507\/2024\/10\/Nappaa_hiilesta_kiinni_Logo_Apuvari3_RGB-01.png\" alt=\"Nappaa hiilest\u00e4 kiinni Logo\" \/>\n                <\/div>\n                                                    <div class=\"funders__arrow\">\n                    <svg xmlns=\"http:\/\/www.w3.org\/2000\/svg\" height=\"25px\" viewBox=\"0 -960 960 960\" width=\"24px\" ><path fill=\"currentColor\" d=\"M200-120q-33 0-56.5-23.5T120-200v-560q0-33 23.5-56.5T200-840h280v80H200v560h560v-280h80v280q0 33-23.5 56.5T760-120H200Zm188-212-56-56 372-372H560v-80h280v280h-80v-144L388-332Z\"\/><\/svg>                    <\/div>\n                <\/a>\n                            \n                        <a href=\"https:\/\/mmm.fi\/etusivu\" class=\"funders__link grid__item hover-scale-down\" title=\"\">\n                            <div class=\"funders__image\">\n                    <img decoding=\"async\" src=\"https:\/\/sites.uef.fi\/turvahiili\/wp-content\/uploads\/sites\/507\/2024\/10\/MMM_logo_pysty_1r_FIN_RGB.jpg\" alt=\"Maa- ja mets\u00e4talousministeri\u00f6n logo\" \/>\n                <\/div>\n                                                    <div class=\"funders__arrow\">\n                    <svg xmlns=\"http:\/\/www.w3.org\/2000\/svg\" height=\"25px\" viewBox=\"0 -960 960 960\" width=\"24px\" ><path fill=\"currentColor\" d=\"M200-120q-33 0-56.5-23.5T120-200v-560q0-33 23.5-56.5T200-840h280v80H200v560h560v-280h80v280q0 33-23.5 56.5T760-120H200Zm188-212-56-56 372-372H560v-80h280v280h-80v-144L388-332Z\"\/><\/svg>                    <\/div>\n                <\/a>\n                            \n            <\/div>\n","protected":false},"excerpt":{"rendered":"<p>Mit\u00e4 tied\u00e4t mets\u00e4ojitettujen soiden ennallistamisesta? Tutustu t\u00e4h\u00e4n sivustoon, niin tied\u00e4t enemm\u00e4n! Oletpa sitten maanomistaja, ennallistamisen suunnittelija, koneyritt\u00e4j\u00e4 tai opiskelija, niin t\u00e4lt\u00e4 sivustolta l\u00f6yd\u00e4t kootusti tietoa hyvist\u00e4 k\u00e4yt\u00e4nteist\u00e4 onnistuneelle mets\u00e4ojitettujen soiden ennallistamiselle. Sivustolta l\u00f6yd\u00e4t vastaukset muun muassa kysymyksiin Sivustolla on opasvideo- ja podcast-sarja, joka on suunnattu soiden ennallistamisen suunnittelijoille, koneenkuljettajille, ymp\u00e4rist\u00f6-, mets\u00e4- ja mets\u00e4konealan opiskelijoille eri [&hellip;]<\/p>\n","protected":false},"author":2,"featured_media":880,"parent":0,"menu_order":1,"comment_status":"closed","ping_status":"closed","template":"","meta":{"_acf_changed":false,"footnotes":""},"class_list":["post-17","page","type-page","status-publish","has-post-thumbnail","hentry"],"acf":[],"yoast_head":"<!-- This site is optimized with the Yoast SEO plugin v27.1.1 - https:\/\/yoast.com\/product\/yoast-seo-wordpress\/ -->\n<title>Etusivu - TurvaHiili<\/title>\n<meta name=\"description\" content=\"Mit\u00e4 tied\u00e4t mets\u00e4ojitettujen soiden ennallistamisesta? Tutustu TurvaHiili sivustoon, niin tied\u00e4t enemm\u00e4n!\" \/>\n<meta name=\"robots\" content=\"index, follow, max-snippet:-1, max-image-preview:large, max-video-preview:-1\" \/>\n<link rel=\"canonical\" href=\"https:\/\/sites.uef.fi\/turvahiili\/\" \/>\n<meta property=\"og:locale\" content=\"fi_FI\" \/>\n<meta property=\"og:type\" content=\"article\" \/>\n<meta property=\"og:title\" content=\"Etusivu - TurvaHiili\" \/>\n<meta property=\"og:description\" content=\"Mit\u00e4 tied\u00e4t mets\u00e4ojitettujen soiden ennallistamisesta? Tutustu TurvaHiili sivustoon, niin tied\u00e4t enemm\u00e4n!\" \/>\n<meta property=\"og:url\" content=\"https:\/\/sites.uef.fi\/turvahiili\/\" \/>\n<meta property=\"og:site_name\" content=\"TurvaHiili\" \/>\n<meta property=\"article:modified_time\" content=\"2024-11-19T11:58:28+00:00\" \/>\n<meta property=\"og:image\" content=\"https:\/\/sites.uef.fi\/turvahiili\/wp-content\/uploads\/sites\/507\/2024\/11\/MMM_taustakuva.png\" \/>\n\t<meta property=\"og:image:width\" content=\"980\" \/>\n\t<meta property=\"og:image:height\" content=\"957\" \/>\n\t<meta property=\"og:image:type\" content=\"image\/png\" \/>\n<meta name=\"twitter:card\" content=\"summary_large_image\" \/>\n<meta name=\"twitter:label1\" content=\"Arvioitu lukuaika\" \/>\n\t<meta name=\"twitter:data1\" content=\"2 minuuttia\" \/>\n<script type=\"application\/ld+json\" class=\"yoast-schema-graph\">{\"@context\":\"https:\/\/schema.org\",\"@graph\":[{\"@type\":\"WebPage\",\"@id\":\"https:\/\/sites.uef.fi\/turvahiili\/\",\"url\":\"https:\/\/sites.uef.fi\/turvahiili\/\",\"name\":\"Etusivu - TurvaHiili\",\"isPartOf\":{\"@id\":\"https:\/\/sites.uef.fi\/turvahiili\/#website\"},\"primaryImageOfPage\":{\"@id\":\"https:\/\/sites.uef.fi\/turvahiili\/#primaryimage\"},\"image\":{\"@id\":\"https:\/\/sites.uef.fi\/turvahiili\/#primaryimage\"},\"thumbnailUrl\":\"https:\/\/sites.uef.fi\/turvahiili\/wp-content\/uploads\/sites\/507\/2024\/11\/MMM_taustakuva.png\",\"datePublished\":\"2024-10-08T09:20:02+00:00\",\"dateModified\":\"2024-11-19T11:58:28+00:00\",\"description\":\"Mit\u00e4 tied\u00e4t mets\u00e4ojitettujen soiden ennallistamisesta? Tutustu TurvaHiili sivustoon, niin tied\u00e4t enemm\u00e4n!\",\"breadcrumb\":{\"@id\":\"https:\/\/sites.uef.fi\/turvahiili\/#breadcrumb\"},\"inLanguage\":\"fi\",\"potentialAction\":[{\"@type\":\"ReadAction\",\"target\":[\"https:\/\/sites.uef.fi\/turvahiili\/\"]}]},{\"@type\":\"ImageObject\",\"inLanguage\":\"fi\",\"@id\":\"https:\/\/sites.uef.fi\/turvahiili\/#primaryimage\",\"url\":\"https:\/\/sites.uef.fi\/turvahiili\/wp-content\/uploads\/sites\/507\/2024\/11\/MMM_taustakuva.png\",\"contentUrl\":\"https:\/\/sites.uef.fi\/turvahiili\/wp-content\/uploads\/sites\/507\/2024\/11\/MMM_taustakuva.png\",\"width\":980,\"height\":957,\"caption\":\"suo ja pitkospuut\"},{\"@type\":\"BreadcrumbList\",\"@id\":\"https:\/\/sites.uef.fi\/turvahiili\/#breadcrumb\",\"itemListElement\":[{\"@type\":\"ListItem\",\"position\":1,\"name\":\"Home\",\"item\":\"https:\/\/sites.uef.fi\/turvahiili\/\"},{\"@type\":\"ListItem\",\"position\":2,\"name\":\"Etusivu\"}]},{\"@type\":\"WebSite\",\"@id\":\"https:\/\/sites.uef.fi\/turvahiili\/#website\",\"url\":\"https:\/\/sites.uef.fi\/turvahiili\/\",\"name\":\"TurvaHiili\",\"description\":\"\",\"potentialAction\":[{\"@type\":\"SearchAction\",\"target\":{\"@type\":\"EntryPoint\",\"urlTemplate\":\"https:\/\/sites.uef.fi\/turvahiili\/?s={search_term_string}\"},\"query-input\":{\"@type\":\"PropertyValueSpecification\",\"valueRequired\":true,\"valueName\":\"search_term_string\"}}],\"inLanguage\":\"fi\"}]}<\/script>\n<!-- \/ Yoast SEO plugin. -->","yoast_head_json":{"title":"Etusivu - TurvaHiili","description":"Mit\u00e4 tied\u00e4t mets\u00e4ojitettujen soiden ennallistamisesta? Tutustu TurvaHiili sivustoon, niin tied\u00e4t enemm\u00e4n!","robots":{"index":"index","follow":"follow","max-snippet":"max-snippet:-1","max-image-preview":"max-image-preview:large","max-video-preview":"max-video-preview:-1"},"canonical":"https:\/\/sites.uef.fi\/turvahiili\/","og_locale":"fi_FI","og_type":"article","og_title":"Etusivu - TurvaHiili","og_description":"Mit\u00e4 tied\u00e4t mets\u00e4ojitettujen soiden ennallistamisesta? Tutustu TurvaHiili sivustoon, niin tied\u00e4t enemm\u00e4n!","og_url":"https:\/\/sites.uef.fi\/turvahiili\/","og_site_name":"TurvaHiili","article_modified_time":"2024-11-19T11:58:28+00:00","og_image":[{"width":980,"height":957,"url":"https:\/\/sites.uef.fi\/turvahiili\/wp-content\/uploads\/sites\/507\/2024\/11\/MMM_taustakuva.png","type":"image\/png"}],"twitter_card":"summary_large_image","twitter_misc":{"Arvioitu lukuaika":"2 minuuttia"},"schema":{"@context":"https:\/\/schema.org","@graph":[{"@type":"WebPage","@id":"https:\/\/sites.uef.fi\/turvahiili\/","url":"https:\/\/sites.uef.fi\/turvahiili\/","name":"Etusivu - TurvaHiili","isPartOf":{"@id":"https:\/\/sites.uef.fi\/turvahiili\/#website"},"primaryImageOfPage":{"@id":"https:\/\/sites.uef.fi\/turvahiili\/#primaryimage"},"image":{"@id":"https:\/\/sites.uef.fi\/turvahiili\/#primaryimage"},"thumbnailUrl":"https:\/\/sites.uef.fi\/turvahiili\/wp-content\/uploads\/sites\/507\/2024\/11\/MMM_taustakuva.png","datePublished":"2024-10-08T09:20:02+00:00","dateModified":"2024-11-19T11:58:28+00:00","description":"Mit\u00e4 tied\u00e4t mets\u00e4ojitettujen soiden ennallistamisesta? Tutustu TurvaHiili sivustoon, niin tied\u00e4t enemm\u00e4n!","breadcrumb":{"@id":"https:\/\/sites.uef.fi\/turvahiili\/#breadcrumb"},"inLanguage":"fi","potentialAction":[{"@type":"ReadAction","target":["https:\/\/sites.uef.fi\/turvahiili\/"]}]},{"@type":"ImageObject","inLanguage":"fi","@id":"https:\/\/sites.uef.fi\/turvahiili\/#primaryimage","url":"https:\/\/sites.uef.fi\/turvahiili\/wp-content\/uploads\/sites\/507\/2024\/11\/MMM_taustakuva.png","contentUrl":"https:\/\/sites.uef.fi\/turvahiili\/wp-content\/uploads\/sites\/507\/2024\/11\/MMM_taustakuva.png","width":980,"height":957,"caption":"suo ja pitkospuut"},{"@type":"BreadcrumbList","@id":"https:\/\/sites.uef.fi\/turvahiili\/#breadcrumb","itemListElement":[{"@type":"ListItem","position":1,"name":"Home","item":"https:\/\/sites.uef.fi\/turvahiili\/"},{"@type":"ListItem","position":2,"name":"Etusivu"}]},{"@type":"WebSite","@id":"https:\/\/sites.uef.fi\/turvahiili\/#website","url":"https:\/\/sites.uef.fi\/turvahiili\/","name":"TurvaHiili","description":"","potentialAction":[{"@type":"SearchAction","target":{"@type":"EntryPoint","urlTemplate":"https:\/\/sites.uef.fi\/turvahiili\/?s={search_term_string}"},"query-input":{"@type":"PropertyValueSpecification","valueRequired":true,"valueName":"search_term_string"}}],"inLanguage":"fi"}]}},"_links":{"self":[{"href":"https:\/\/sites.uef.fi\/turvahiili\/wp-json\/wp\/v2\/pages\/17","targetHints":{"allow":["GET"]}}],"collection":[{"href":"https:\/\/sites.uef.fi\/turvahiili\/wp-json\/wp\/v2\/pages"}],"about":[{"href":"https:\/\/sites.uef.fi\/turvahiili\/wp-json\/wp\/v2\/types\/page"}],"author":[{"embeddable":true,"href":"https:\/\/sites.uef.fi\/turvahiili\/wp-json\/wp\/v2\/users\/2"}],"replies":[{"embeddable":true,"href":"https:\/\/sites.uef.fi\/turvahiili\/wp-json\/wp\/v2\/comments?post=17"}],"version-history":[{"count":2,"href":"https:\/\/sites.uef.fi\/turvahiili\/wp-json\/wp\/v2\/pages\/17\/revisions"}],"predecessor-version":[{"id":1324,"href":"https:\/\/sites.uef.fi\/turvahiili\/wp-json\/wp\/v2\/pages\/17\/revisions\/1324"}],"wp:featuredmedia":[{"embeddable":true,"href":"https:\/\/sites.uef.fi\/turvahiili\/wp-json\/wp\/v2\/media\/880"}],"wp:attachment":[{"href":"https:\/\/sites.uef.fi\/turvahiili\/wp-json\/wp\/v2\/media?parent=17"}],"curies":[{"name":"wp","href":"https:\/\/api.w.org\/{rel}","templated":true}]}}