{"id":420,"date":"2024-10-11T14:51:55","date_gmt":"2024-10-11T11:51:55","guid":{"rendered":"https:\/\/sites.uef.fi\/turvahiili\/?page_id=420"},"modified":"2024-11-11T13:31:57","modified_gmt":"2024-11-11T10:31:57","slug":"yhteystiedot","status":"publish","type":"page","link":"https:\/\/sites.uef.fi\/turvahiili\/yhteystiedot\/","title":{"rendered":"TurvaHiili-hanke ja yhteystiedot"},"content":{"rendered":"\n<figure class=\"wp-block-image size-large\"><img loading=\"lazy\" decoding=\"async\" width=\"768\" height=\"1024\" src=\"https:\/\/sites.uef.fi\/turvahiili\/wp-content\/uploads\/sites\/507\/2024\/11\/IMG_20240905_135239_HDR-768x1024.jpg\" alt=\"ihmisi\u00e4 k\u00e4velee mets\u00e4ojitetulla suolla\" class=\"wp-image-874\" style=\"aspect-ratio:16\/9;object-fit:cover\" srcset=\"https:\/\/sites.uef.fi\/turvahiili\/wp-content\/uploads\/sites\/507\/2024\/11\/IMG_20240905_135239_HDR-768x1024.jpg 768w, https:\/\/sites.uef.fi\/turvahiili\/wp-content\/uploads\/sites\/507\/2024\/11\/IMG_20240905_135239_HDR-225x300.jpg 225w, https:\/\/sites.uef.fi\/turvahiili\/wp-content\/uploads\/sites\/507\/2024\/11\/IMG_20240905_135239_HDR-1152x1536.jpg 1152w, https:\/\/sites.uef.fi\/turvahiili\/wp-content\/uploads\/sites\/507\/2024\/11\/IMG_20240905_135239_HDR-1536x2048.jpg 1536w, https:\/\/sites.uef.fi\/turvahiili\/wp-content\/uploads\/sites\/507\/2024\/11\/IMG_20240905_135239_HDR-scaled.jpg 1920w\" sizes=\"auto, (max-width: 768px) 100vw, 768px\" \/><figcaption class=\"wp-element-caption\">Kuva: Anu Laakkonen<\/figcaption><\/figure>\n\n\n\n<p>TurvaHiili-hanke toteutettiin vuosina 2022-2024. Hankkeen koordinaattorina toimi It\u00e4-Suomen yliopisto ja tutkimuskumppaneita olivat Helsingin yliopisto, Geologian tutkimuskeskus ja Luonnonvarakeskus. Hanke toteutettiin yhteisty\u00f6ss\u00e4 Tornator Oyj:n kanssa.<\/p>\n\n\n\n<p><\/p>\n\n\n    <div class=\"funders grid\">\n                        <a href=\"https:\/\/www.uef.fi\/fi\/\" class=\"funders__link grid__item hover-scale-down\" title=\"\">\n                            <div class=\"funders__image\">\n                    <img decoding=\"async\" src=\"https:\/\/sites.uef.fi\/turvahiili\/wp-content\/uploads\/sites\/507\/2024\/10\/UEF-musta-logo-engl-pysty.jpg\" alt=\"It\u00e4-Suomen yliopiston logo\" \/>\n                <\/div>\n                                                    <div class=\"funders__arrow\">\n                    <svg xmlns=\"http:\/\/www.w3.org\/2000\/svg\" height=\"25px\" viewBox=\"0 -960 960 960\" width=\"24px\" ><path fill=\"currentColor\" d=\"M200-120q-33 0-56.5-23.5T120-200v-560q0-33 23.5-56.5T200-840h280v80H200v560h560v-280h80v280q0 33-23.5 56.5T760-120H200Zm188-212-56-56 372-372H560v-80h280v280h-80v-144L388-332Z\"\/><\/svg>                    <\/div>\n                <\/a>\n                            \n                        <a href=\"https:\/\/www.helsinki.fi\/fi\" class=\"funders__link grid__item hover-scale-down\" title=\"\">\n                            <div class=\"funders__image\">\n                    <img decoding=\"async\" src=\"https:\/\/sites.uef.fi\/turvahiili\/wp-content\/uploads\/sites\/507\/2024\/10\/HY__LB01_LogoFP_FI_B3____BW.jpg\" alt=\"Helsingin yliopiston logo\" \/>\n                <\/div>\n                                                    <div class=\"funders__arrow\">\n                    <svg xmlns=\"http:\/\/www.w3.org\/2000\/svg\" height=\"25px\" viewBox=\"0 -960 960 960\" width=\"24px\" ><path fill=\"currentColor\" d=\"M200-120q-33 0-56.5-23.5T120-200v-560q0-33 23.5-56.5T200-840h280v80H200v560h560v-280h80v280q0 33-23.5 56.5T760-120H200Zm188-212-56-56 372-372H560v-80h280v280h-80v-144L388-332Z\"\/><\/svg>                    <\/div>\n                <\/a>\n                            \n                        <a href=\"https:\/\/www.luke.fi\/fi\" class=\"funders__link grid__item hover-scale-down\" title=\"\">\n                            <div class=\"funders__image\">\n                    <img decoding=\"async\" src=\"https:\/\/sites.uef.fi\/turvahiili\/wp-content\/uploads\/sites\/507\/2024\/10\/Luke_FI_virall_WEB.jpg\" alt=\"Luken virallinen logo\" \/>\n                <\/div>\n                                                    <div class=\"funders__arrow\">\n                    <svg xmlns=\"http:\/\/www.w3.org\/2000\/svg\" height=\"25px\" viewBox=\"0 -960 960 960\" width=\"24px\" ><path fill=\"currentColor\" d=\"M200-120q-33 0-56.5-23.5T120-200v-560q0-33 23.5-56.5T200-840h280v80H200v560h560v-280h80v280q0 33-23.5 56.5T760-120H200Zm188-212-56-56 372-372H560v-80h280v280h-80v-144L388-332Z\"\/><\/svg>                    <\/div>\n                <\/a>\n                            \n                        <a href=\"https:\/\/www.gtk.fi\/\" class=\"funders__link grid__item hover-scale-down\" title=\"\">\n                            <div class=\"funders__image\">\n                    <img decoding=\"async\" src=\"https:\/\/sites.uef.fi\/turvahiili\/wp-content\/uploads\/sites\/507\/2024\/10\/GTK-logo.jpg\" alt=\"GTK logo\" \/>\n                <\/div>\n                                                    <div class=\"funders__arrow\">\n                    <svg xmlns=\"http:\/\/www.w3.org\/2000\/svg\" height=\"25px\" viewBox=\"0 -960 960 960\" width=\"24px\" ><path fill=\"currentColor\" d=\"M200-120q-33 0-56.5-23.5T120-200v-560q0-33 23.5-56.5T200-840h280v80H200v560h560v-280h80v280q0 33-23.5 56.5T760-120H200Zm188-212-56-56 372-372H560v-80h280v280h-80v-144L388-332Z\"\/><\/svg>                    <\/div>\n                <\/a>\n                            \n                        <a href=\"https:\/\/www.tornator.fi\/\" class=\"funders__link grid__item hover-scale-down\" title=\"\">\n                            <div class=\"funders__image\">\n                    <img decoding=\"async\" src=\"https:\/\/sites.uef.fi\/turvahiili\/wp-content\/uploads\/sites\/507\/2024\/10\/Tornator_logo.jpg\" alt=\"Tornator oy:n logo\" \/>\n                <\/div>\n                                                    <div class=\"funders__arrow\">\n                    <svg xmlns=\"http:\/\/www.w3.org\/2000\/svg\" height=\"25px\" viewBox=\"0 -960 960 960\" width=\"24px\" ><path fill=\"currentColor\" d=\"M200-120q-33 0-56.5-23.5T120-200v-560q0-33 23.5-56.5T200-840h280v80H200v560h560v-280h80v280q0 33-23.5 56.5T760-120H200Zm188-212-56-56 372-372H560v-80h280v280h-80v-144L388-332Z\"\/><\/svg>                    <\/div>\n                <\/a>\n                            \n                        <a href=\"https:\/\/www.acccflagship.fi\/index.php\/fi\/about-us-suomi\/\" class=\"funders__link grid__item hover-scale-down\" title=\"\">\n                            <div class=\"funders__image\">\n                    <img decoding=\"async\" src=\"https:\/\/sites.uef.fi\/turvahiili\/wp-content\/uploads\/sites\/507\/2024\/11\/ACCC-logo-white-theme-transparent-bg-banner-motto-1200px.png\" alt=\"ACCC Lippulaivan logo\" \/>\n                <\/div>\n                                                    <div class=\"funders__arrow\">\n                    <svg xmlns=\"http:\/\/www.w3.org\/2000\/svg\" height=\"25px\" viewBox=\"0 -960 960 960\" width=\"24px\" ><path fill=\"currentColor\" d=\"M200-120q-33 0-56.5-23.5T120-200v-560q0-33 23.5-56.5T200-840h280v80H200v560h560v-280h80v280q0 33-23.5 56.5T760-120H200Zm188-212-56-56 372-372H560v-80h280v280h-80v-144L388-332Z\"\/><\/svg>                    <\/div>\n                <\/a>\n                            \n                        <a href=\"https:\/\/uniteflagship.fi\/fi\/etusivu\/\" class=\"funders__link grid__item hover-scale-down\" title=\"\">\n                            <div class=\"funders__image\">\n                    <img decoding=\"async\" src=\"https:\/\/sites.uef.fi\/turvahiili\/wp-content\/uploads\/sites\/507\/2024\/10\/UNITE-globe-logo-tekstilla_FI.png\" alt=\"UNITE Lippulaivan logo\" \/>\n                <\/div>\n                                                    <div class=\"funders__arrow\">\n                    <svg xmlns=\"http:\/\/www.w3.org\/2000\/svg\" height=\"25px\" viewBox=\"0 -960 960 960\" width=\"24px\" ><path fill=\"currentColor\" d=\"M200-120q-33 0-56.5-23.5T120-200v-560q0-33 23.5-56.5T200-840h280v80H200v560h560v-280h80v280q0 33-23.5 56.5T760-120H200Zm188-212-56-56 372-372H560v-80h280v280h-80v-144L388-332Z\"\/><\/svg>                    <\/div>\n                <\/a>\n                            \n            <\/div>\n\n\n\n<div class=\"person-card\">\n        <h2>Hankkeen johtaja ja kumppaniorganisaatioiden yhteyshenkil\u00f6t<\/h2>\n    \n                    <a href=\"https:\/\/uefconnect.uef.fi\/henkilo\/eeva-stiina.tuittila\/\" class=\"person-card-link hover-scale-down\">\n                            <div class=\"person-card-item\">\n                    <div class=\"person-card-column-left\">\n                                                    <span class=\"person-placeholder\"><\/span>\n                                            <\/div>\n\n                    <div class=\"person-card-column-right\">\n                                                <p class=\"person-card-name\">Eeva-Stiina Tuittila<\/p>\n                        \n                                                <p class=\"person-card-position\">Professori<\/p>\n                        \n                                                <p class=\"person-card-organisation\">It\u00e4-Suomen yliopisto<\/p>\n                        \n                                                <p class=\"person-card-text\">Hankkeen johtaja<\/p>\n                        \n                                                    <div>\n\t\t\t\t\t\t\t<svg xmlns=\"http:\/\/www.w3.org\/2000\/svg\" height=\"25px\" viewBox=\"0 -960 960 960\" width=\"24px\" ><path fill=\"currentColor\" d=\"M200-120q-33 0-56.5-23.5T120-200v-560q0-33 23.5-56.5T200-840h280v80H200v560h560v-280h80v280q0 33-23.5 56.5T760-120H200Zm188-212-56-56 372-372H560v-80h280v280h-80v-144L388-332Z\"\/><\/svg>\t\t\t\t\t\t\t<\/div>\n                                            <\/div>\n                <\/div>\n                            <\/a>\n                                        <a href=\"https:\/\/www.luke.fi\/fi\/asiantuntijat\/lasse-aro\" class=\"person-card-link hover-scale-down\">\n                            <div class=\"person-card-item\">\n                    <div class=\"person-card-column-left\">\n                                                    <span class=\"person-placeholder\"><\/span>\n                                            <\/div>\n\n                    <div class=\"person-card-column-right\">\n                                                <p class=\"person-card-name\">Lasse Aro<\/p>\n                        \n                                                <p class=\"person-card-position\">Tutkija<\/p>\n                        \n                                                <p class=\"person-card-organisation\">Luonnonvarakeskus<\/p>\n                        \n                                                <p class=\"person-card-text\">Luonnonvarakeskuksen yhteyshenkil\u00f6<\/p>\n                        \n                                                    <div>\n\t\t\t\t\t\t\t<svg xmlns=\"http:\/\/www.w3.org\/2000\/svg\" height=\"25px\" viewBox=\"0 -960 960 960\" width=\"24px\" ><path fill=\"currentColor\" d=\"M200-120q-33 0-56.5-23.5T120-200v-560q0-33 23.5-56.5T200-840h280v80H200v560h560v-280h80v280q0 33-23.5 56.5T760-120H200Zm188-212-56-56 372-372H560v-80h280v280h-80v-144L388-332Z\"\/><\/svg>\t\t\t\t\t\t\t<\/div>\n                                            <\/div>\n                <\/div>\n                            <\/a>\n                                        <a href=\"https:\/\/www.gtk.fi\/asiantuntijat\/maanavilja-liisa\/\" class=\"person-card-link hover-scale-down\">\n                            <div class=\"person-card-item\">\n                    <div class=\"person-card-column-left\">\n                                                    <span class=\"person-placeholder\"><\/span>\n                                            <\/div>\n\n                    <div class=\"person-card-column-right\">\n                                                <p class=\"person-card-name\">Liisa Maanavilja<\/p>\n                        \n                                                <p class=\"person-card-position\">Erikoistutkija<\/p>\n                        \n                                                <p class=\"person-card-organisation\">Geologian tutkimuskeskus<\/p>\n                        \n                                                <p class=\"person-card-text\">Geologian tutkimuskeskuksen yhteyshenkil\u00f6<\/p>\n                        \n                                                    <div>\n\t\t\t\t\t\t\t<svg xmlns=\"http:\/\/www.w3.org\/2000\/svg\" height=\"25px\" viewBox=\"0 -960 960 960\" width=\"24px\" ><path fill=\"currentColor\" d=\"M200-120q-33 0-56.5-23.5T120-200v-560q0-33 23.5-56.5T200-840h280v80H200v560h560v-280h80v280q0 33-23.5 56.5T760-120H200Zm188-212-56-56 372-372H560v-80h280v280h-80v-144L388-332Z\"\/><\/svg>\t\t\t\t\t\t\t<\/div>\n                                            <\/div>\n                <\/div>\n                            <\/a>\n                                        <a href=\"https:\/\/www.helsinki.fi\/fi\/tutustu-meihin\/ihmiset\/henkilohaku\/kari-minkkinen-9014579\" class=\"person-card-link hover-scale-down\">\n                            <div class=\"person-card-item\">\n                    <div class=\"person-card-column-left\">\n                                                    <span class=\"person-placeholder\"><\/span>\n                                            <\/div>\n\n                    <div class=\"person-card-column-right\">\n                                                <p class=\"person-card-name\">Kari Minkkinen<\/p>\n                        \n                                                <p class=\"person-card-position\">Vanhempi yliopistonlehtori<\/p>\n                        \n                                                <p class=\"person-card-organisation\">Helsingin yliopisto<\/p>\n                        \n                                                <p class=\"person-card-text\">Helsingin yliopiston yhteyshenkil\u00f6<\/p>\n                        \n                                                    <div>\n\t\t\t\t\t\t\t<svg xmlns=\"http:\/\/www.w3.org\/2000\/svg\" height=\"25px\" viewBox=\"0 -960 960 960\" width=\"24px\" ><path fill=\"currentColor\" d=\"M200-120q-33 0-56.5-23.5T120-200v-560q0-33 23.5-56.5T200-840h280v80H200v560h560v-280h80v280q0 33-23.5 56.5T760-120H200Zm188-212-56-56 372-372H560v-80h280v280h-80v-144L388-332Z\"\/><\/svg>\t\t\t\t\t\t\t<\/div>\n                                            <\/div>\n                <\/div>\n                            <\/a>\n                            <\/div>\n\n\n\n<h2 class=\"wp-block-heading\">TurvaHiili-hankkeen rahoittaja<\/h2>\n\n\n\n<p>Hanke oli osa Maa- ja mets\u00e4talousministeri\u00f6n maank\u00e4ytt\u00f6sektorin ilmastosuunnitelmaa ja Hiilest\u00e4 kiinni -ilmastotoimenpiteiden kokonaisuutta. TurvaHiili oli kehitys- ja koulutushanke, jonka tavoitteena oli edist\u00e4\u00e4 ilmastokest\u00e4vyytt\u00e4 ja luonnon monimuotoisuutta tukevien mets\u00e4talouden k\u00e4yt\u00e4nteiden jalkauttamista koulutuksen avulla.<\/p>\n\n\n\n<p>Maank\u00e4ytt\u00f6sektorin ilmastotoimenpidekokonaisuuden tavoitteena oli tukea maataloustuottajia, mets\u00e4nomistajia ja muita maank\u00e4yt\u00f6st\u00e4 p\u00e4\u00e4tt\u00e4vi\u00e4 tahoja uusien ilmastokest\u00e4vien toimintatapojen kehitt\u00e4misess\u00e4 ja k\u00e4ytt\u00f6\u00f6notossa. T\u00e4rke\u00e4ss\u00e4 roolissa t\u00e4ss\u00e4 olivat uuden tiedon tuottaminen ja parhaiden k\u00e4yt\u00e4nt\u00f6jen jalkauttaminen k\u00e4yt\u00e4nn\u00f6n ty\u00f6h\u00f6n.<\/p>\n\n\n\n<div class=\"links-block\">\n\n            <h3>Lis\u00e4tietoja hankkeen rahoitusinstrumenteista (linkit p\u00e4ivitetty marraskuussa 2024)<\/h3>\n    \n    <ul class=\"link-list\">\n        \n            \n            <li class=\"link-list-item\">\n                <a href=\"https:\/\/mmm.fi\/maankayttosektorin-ilmastosuunnitelma\" class=\"link-reset link hover-scale-down\">\n                    <svg\n        width=\"43\" height=\"25\"\n        viewBox=\"0 0 43 25\"\n        xmlns=\"http:\/\/www.w3.org\/2000\/svg\">\n    <path\n        d=\"M30.027 0 43 12.5 30.027 25 27 22.083 34.351 15H0v-5h34.351L27 2.917z\"\n        fill=\"currentColor\"\n        fill-rule=\"evenodd\"\/>\n<\/svg>                    <div>Maank\u00e4ytt\u00f6sektorin ilmastosuunnitelma ja Hiilest\u00e4 kiinni -ilmastotoimenpiteiden kokonaisuus<\/div>\n                <\/a>\n                <div class=\"link-info\">\n                                    <\/div>\n            <\/li>\n\n        \n            <li class=\"link-list-item\">\n                <a href=\"https:\/\/mmm.fi\/kestavan-kasvun-ohjelma\" class=\"link-reset link hover-scale-down\">\n                    <svg\n        width=\"43\" height=\"25\"\n        viewBox=\"0 0 43 25\"\n        xmlns=\"http:\/\/www.w3.org\/2000\/svg\">\n    <path\n        d=\"M30.027 0 43 12.5 30.027 25 27 22.083 34.351 15H0v-5h34.351L27 2.917z\"\n        fill=\"currentColor\"\n        fill-rule=\"evenodd\"\/>\n<\/svg>                    <div>Suomen kest\u00e4v\u00e4n kasvun ohjelma: RRF-mets\u00e4taloushankkeet<\/div>\n                <\/a>\n                <div class=\"link-info\">\n                                    <\/div>\n            <\/li>\n\n                <\/ul>\n<\/div>","protected":false},"excerpt":{"rendered":"<p>TurvaHiili-hanke toteutettiin vuosina 2022-2024. Hankkeen koordinaattorina toimi It\u00e4-Suomen yliopisto ja tutkimuskumppaneita olivat Helsingin yliopisto, Geologian tutkimuskeskus ja Luonnonvarakeskus. Hanke toteutettiin yhteisty\u00f6ss\u00e4 Tornator Oyj:n kanssa. TurvaHiili-hankkeen rahoittaja Hanke oli osa Maa- ja mets\u00e4talousministeri\u00f6n maank\u00e4ytt\u00f6sektorin ilmastosuunnitelmaa ja Hiilest\u00e4 kiinni -ilmastotoimenpiteiden kokonaisuutta. TurvaHiili oli kehitys- ja koulutushanke, jonka tavoitteena oli edist\u00e4\u00e4 ilmastokest\u00e4vyytt\u00e4 ja luonnon monimuotoisuutta tukevien mets\u00e4talouden k\u00e4yt\u00e4nteiden [&hellip;]<\/p>\n","protected":false},"author":1213,"featured_media":874,"parent":0,"menu_order":6,"comment_status":"closed","ping_status":"closed","template":"","meta":{"_acf_changed":false,"footnotes":""},"class_list":["post-420","page","type-page","status-publish","has-post-thumbnail","hentry"],"acf":[],"yoast_head":"<!-- This site is optimized with the Yoast SEO plugin v27.1.1 - https:\/\/yoast.com\/product\/yoast-seo-wordpress\/ -->\n<title>TurvaHiili-hanke ja yhteystiedot - TurvaHiili<\/title>\n<meta name=\"description\" content=\"It\u00e4-Suomen yliopisto, Helsingin yliopisto, Geologian tutkimuskeskus, Luonnonvarakeskus ja Tornator oyj olivat hankkeen keskeiset toteuttajat\" \/>\n<meta name=\"robots\" content=\"index, follow, max-snippet:-1, max-image-preview:large, max-video-preview:-1\" \/>\n<link rel=\"canonical\" href=\"https:\/\/sites.uef.fi\/turvahiili\/yhteystiedot\/\" \/>\n<meta property=\"og:locale\" content=\"fi_FI\" \/>\n<meta property=\"og:type\" content=\"article\" \/>\n<meta property=\"og:title\" content=\"TurvaHiili-hanke ja yhteystiedot - TurvaHiili\" \/>\n<meta property=\"og:description\" content=\"It\u00e4-Suomen yliopisto, Helsingin yliopisto, Geologian tutkimuskeskus, Luonnonvarakeskus ja Tornator oyj olivat hankkeen keskeiset toteuttajat\" \/>\n<meta property=\"og:url\" content=\"https:\/\/sites.uef.fi\/turvahiili\/yhteystiedot\/\" \/>\n<meta property=\"og:site_name\" content=\"TurvaHiili\" \/>\n<meta property=\"article:modified_time\" content=\"2024-11-11T10:31:57+00:00\" \/>\n<meta property=\"og:image\" content=\"https:\/\/sites.uef.fi\/turvahiili\/wp-content\/uploads\/sites\/507\/2024\/11\/IMG_20240905_135239_HDR-scaled.jpg\" \/>\n\t<meta property=\"og:image:width\" content=\"1920\" \/>\n\t<meta property=\"og:image:height\" content=\"2560\" \/>\n\t<meta property=\"og:image:type\" content=\"image\/jpeg\" \/>\n<meta name=\"twitter:card\" content=\"summary_large_image\" \/>\n<meta name=\"twitter:label1\" content=\"Arvioitu lukuaika\" \/>\n\t<meta name=\"twitter:data1\" content=\"1 minuutti\" \/>\n<script type=\"application\/ld+json\" class=\"yoast-schema-graph\">{\"@context\":\"https:\/\/schema.org\",\"@graph\":[{\"@type\":\"WebPage\",\"@id\":\"https:\/\/sites.uef.fi\/turvahiili\/yhteystiedot\/\",\"url\":\"https:\/\/sites.uef.fi\/turvahiili\/yhteystiedot\/\",\"name\":\"TurvaHiili-hanke ja yhteystiedot - TurvaHiili\",\"isPartOf\":{\"@id\":\"https:\/\/sites.uef.fi\/turvahiili\/#website\"},\"primaryImageOfPage\":{\"@id\":\"https:\/\/sites.uef.fi\/turvahiili\/yhteystiedot\/#primaryimage\"},\"image\":{\"@id\":\"https:\/\/sites.uef.fi\/turvahiili\/yhteystiedot\/#primaryimage\"},\"thumbnailUrl\":\"https:\/\/sites.uef.fi\/turvahiili\/wp-content\/uploads\/sites\/507\/2024\/11\/IMG_20240905_135239_HDR-scaled.jpg\",\"datePublished\":\"2024-10-11T11:51:55+00:00\",\"dateModified\":\"2024-11-11T10:31:57+00:00\",\"description\":\"It\u00e4-Suomen yliopisto, Helsingin yliopisto, Geologian tutkimuskeskus, Luonnonvarakeskus ja Tornator oyj olivat hankkeen keskeiset toteuttajat\",\"breadcrumb\":{\"@id\":\"https:\/\/sites.uef.fi\/turvahiili\/yhteystiedot\/#breadcrumb\"},\"inLanguage\":\"fi\",\"potentialAction\":[{\"@type\":\"ReadAction\",\"target\":[\"https:\/\/sites.uef.fi\/turvahiili\/yhteystiedot\/\"]}]},{\"@type\":\"ImageObject\",\"inLanguage\":\"fi\",\"@id\":\"https:\/\/sites.uef.fi\/turvahiili\/yhteystiedot\/#primaryimage\",\"url\":\"https:\/\/sites.uef.fi\/turvahiili\/wp-content\/uploads\/sites\/507\/2024\/11\/IMG_20240905_135239_HDR-scaled.jpg\",\"contentUrl\":\"https:\/\/sites.uef.fi\/turvahiili\/wp-content\/uploads\/sites\/507\/2024\/11\/IMG_20240905_135239_HDR-scaled.jpg\",\"width\":1920,\"height\":2560,\"caption\":\"ihmisi\u00e4 k\u00e4velee mets\u00e4ojitetulla suolla\"},{\"@type\":\"BreadcrumbList\",\"@id\":\"https:\/\/sites.uef.fi\/turvahiili\/yhteystiedot\/#breadcrumb\",\"itemListElement\":[{\"@type\":\"ListItem\",\"position\":1,\"name\":\"Home\",\"item\":\"https:\/\/sites.uef.fi\/turvahiili\/\"},{\"@type\":\"ListItem\",\"position\":2,\"name\":\"TurvaHiili-hanke ja yhteystiedot\"}]},{\"@type\":\"WebSite\",\"@id\":\"https:\/\/sites.uef.fi\/turvahiili\/#website\",\"url\":\"https:\/\/sites.uef.fi\/turvahiili\/\",\"name\":\"TurvaHiili\",\"description\":\"\",\"potentialAction\":[{\"@type\":\"SearchAction\",\"target\":{\"@type\":\"EntryPoint\",\"urlTemplate\":\"https:\/\/sites.uef.fi\/turvahiili\/?s={search_term_string}\"},\"query-input\":{\"@type\":\"PropertyValueSpecification\",\"valueRequired\":true,\"valueName\":\"search_term_string\"}}],\"inLanguage\":\"fi\"}]}<\/script>\n<!-- \/ Yoast SEO plugin. -->","yoast_head_json":{"title":"TurvaHiili-hanke ja yhteystiedot - TurvaHiili","description":"It\u00e4-Suomen yliopisto, Helsingin yliopisto, Geologian tutkimuskeskus, Luonnonvarakeskus ja Tornator oyj olivat hankkeen keskeiset toteuttajat","robots":{"index":"index","follow":"follow","max-snippet":"max-snippet:-1","max-image-preview":"max-image-preview:large","max-video-preview":"max-video-preview:-1"},"canonical":"https:\/\/sites.uef.fi\/turvahiili\/yhteystiedot\/","og_locale":"fi_FI","og_type":"article","og_title":"TurvaHiili-hanke ja yhteystiedot - TurvaHiili","og_description":"It\u00e4-Suomen yliopisto, Helsingin yliopisto, Geologian tutkimuskeskus, Luonnonvarakeskus ja Tornator oyj olivat hankkeen keskeiset toteuttajat","og_url":"https:\/\/sites.uef.fi\/turvahiili\/yhteystiedot\/","og_site_name":"TurvaHiili","article_modified_time":"2024-11-11T10:31:57+00:00","og_image":[{"width":1920,"height":2560,"url":"https:\/\/sites.uef.fi\/turvahiili\/wp-content\/uploads\/sites\/507\/2024\/11\/IMG_20240905_135239_HDR-scaled.jpg","type":"image\/jpeg"}],"twitter_card":"summary_large_image","twitter_misc":{"Arvioitu lukuaika":"1 minuutti"},"schema":{"@context":"https:\/\/schema.org","@graph":[{"@type":"WebPage","@id":"https:\/\/sites.uef.fi\/turvahiili\/yhteystiedot\/","url":"https:\/\/sites.uef.fi\/turvahiili\/yhteystiedot\/","name":"TurvaHiili-hanke ja yhteystiedot - TurvaHiili","isPartOf":{"@id":"https:\/\/sites.uef.fi\/turvahiili\/#website"},"primaryImageOfPage":{"@id":"https:\/\/sites.uef.fi\/turvahiili\/yhteystiedot\/#primaryimage"},"image":{"@id":"https:\/\/sites.uef.fi\/turvahiili\/yhteystiedot\/#primaryimage"},"thumbnailUrl":"https:\/\/sites.uef.fi\/turvahiili\/wp-content\/uploads\/sites\/507\/2024\/11\/IMG_20240905_135239_HDR-scaled.jpg","datePublished":"2024-10-11T11:51:55+00:00","dateModified":"2024-11-11T10:31:57+00:00","description":"It\u00e4-Suomen yliopisto, Helsingin yliopisto, Geologian tutkimuskeskus, Luonnonvarakeskus ja Tornator oyj olivat hankkeen keskeiset toteuttajat","breadcrumb":{"@id":"https:\/\/sites.uef.fi\/turvahiili\/yhteystiedot\/#breadcrumb"},"inLanguage":"fi","potentialAction":[{"@type":"ReadAction","target":["https:\/\/sites.uef.fi\/turvahiili\/yhteystiedot\/"]}]},{"@type":"ImageObject","inLanguage":"fi","@id":"https:\/\/sites.uef.fi\/turvahiili\/yhteystiedot\/#primaryimage","url":"https:\/\/sites.uef.fi\/turvahiili\/wp-content\/uploads\/sites\/507\/2024\/11\/IMG_20240905_135239_HDR-scaled.jpg","contentUrl":"https:\/\/sites.uef.fi\/turvahiili\/wp-content\/uploads\/sites\/507\/2024\/11\/IMG_20240905_135239_HDR-scaled.jpg","width":1920,"height":2560,"caption":"ihmisi\u00e4 k\u00e4velee mets\u00e4ojitetulla suolla"},{"@type":"BreadcrumbList","@id":"https:\/\/sites.uef.fi\/turvahiili\/yhteystiedot\/#breadcrumb","itemListElement":[{"@type":"ListItem","position":1,"name":"Home","item":"https:\/\/sites.uef.fi\/turvahiili\/"},{"@type":"ListItem","position":2,"name":"TurvaHiili-hanke ja yhteystiedot"}]},{"@type":"WebSite","@id":"https:\/\/sites.uef.fi\/turvahiili\/#website","url":"https:\/\/sites.uef.fi\/turvahiili\/","name":"TurvaHiili","description":"","potentialAction":[{"@type":"SearchAction","target":{"@type":"EntryPoint","urlTemplate":"https:\/\/sites.uef.fi\/turvahiili\/?s={search_term_string}"},"query-input":{"@type":"PropertyValueSpecification","valueRequired":true,"valueName":"search_term_string"}}],"inLanguage":"fi"}]}},"_links":{"self":[{"href":"https:\/\/sites.uef.fi\/turvahiili\/wp-json\/wp\/v2\/pages\/420","targetHints":{"allow":["GET"]}}],"collection":[{"href":"https:\/\/sites.uef.fi\/turvahiili\/wp-json\/wp\/v2\/pages"}],"about":[{"href":"https:\/\/sites.uef.fi\/turvahiili\/wp-json\/wp\/v2\/types\/page"}],"author":[{"embeddable":true,"href":"https:\/\/sites.uef.fi\/turvahiili\/wp-json\/wp\/v2\/users\/1213"}],"replies":[{"embeddable":true,"href":"https:\/\/sites.uef.fi\/turvahiili\/wp-json\/wp\/v2\/comments?post=420"}],"version-history":[{"count":2,"href":"https:\/\/sites.uef.fi\/turvahiili\/wp-json\/wp\/v2\/pages\/420\/revisions"}],"predecessor-version":[{"id":1330,"href":"https:\/\/sites.uef.fi\/turvahiili\/wp-json\/wp\/v2\/pages\/420\/revisions\/1330"}],"wp:featuredmedia":[{"embeddable":true,"href":"https:\/\/sites.uef.fi\/turvahiili\/wp-json\/wp\/v2\/media\/874"}],"wp:attachment":[{"href":"https:\/\/sites.uef.fi\/turvahiili\/wp-json\/wp\/v2\/media?parent=420"}],"curies":[{"name":"wp","href":"https:\/\/api.w.org\/{rel}","templated":true}]}}