{"id":486,"date":"2024-10-11T15:23:45","date_gmt":"2024-10-11T12:23:45","guid":{"rendered":"https:\/\/sites.uef.fi\/turvahiili\/?page_id=486"},"modified":"2024-11-11T13:14:35","modified_gmt":"2024-11-11T10:14:35","slug":"turvahiili-hankkeen-tulosten-viestinta-ja-tulosten-vieminen-kaytantoon","status":"publish","type":"page","link":"https:\/\/sites.uef.fi\/turvahiili\/turvahiili-hankkeen-tulosten-viestinta-ja-tulosten-vieminen-kaytantoon\/","title":{"rendered":"TurvaHiili-hankkeen tulosten viestint\u00e4 ja tulosten vieminen k\u00e4yt\u00e4nt\u00f6\u00f6n"},"content":{"rendered":"\n<p>Osana hankkeen viestint\u00e4\u00e4 j\u00e4rjestettiin kaksi ennallistamisn\u00e4yt\u00f6st\u00e4 kotimaisille sidosryhmille.<\/p>\n\n\n\n<h2 class=\"wp-block-heading\">Ennallistamisn\u00e4yt\u00f6s Kontiosuolla Pohjois-Karjalassa 5.9.2024<\/h2>\n\n\n\n<p>TurvaHiili -hankkeen tuloksia esiteltiin 5.9.2024 Lieksan Kontiosuolla avoimessa ennallistamisn\u00e4yt\u00f6ksess\u00e4, joka j\u00e4rjestettiin yhteisty\u00f6ss\u00e4 Tornator Oyj:n kanssa. Iltap\u00e4iv\u00e4n aikana kuultiin asiantuntijoiden n\u00e4kemyksi\u00e4 siit\u00e4, mit\u00e4 asioita hyvin toteutetussa mets\u00e4ojitettujen soiden ennallistamisen suunnittelussa ja toteutuksessa on otettava huomioon.<\/p>\n\n\n\n<p>N\u00e4yt\u00f6ksess\u00e4 vierailtiin kolmella kohteella suolla. Ensimm\u00e4isell\u00e4 kohteella keskusteltiin suon ennallistamisen suunnittelusta, ennallistamisen tavoitteista ja kohteen valinnasta, toisella kohteella ennallistamisen j\u00e4ljest\u00e4 ja seurannasta sek\u00e4 kolmannella kohteella seurattiin ennallistamistoimenpiteiden tekemist\u00e4 k\u00e4yt\u00e4nn\u00f6ss\u00e4. N\u00e4yt\u00f6kseen osallistui 25 henkil\u00f6\u00e4 eri organisaatioista, kuten It\u00e4-Suomen yliopistosta, tutkimuslaitoksista, Mets\u00e4nhoitoyhdistyksest\u00e4, Joensuun kaupungilta ja yrityksist\u00e4.<\/p>\n\n\n\n<figure class=\"wp-block-image size-large is-resized\"><img loading=\"lazy\" decoding=\"async\" width=\"1024\" height=\"768\" src=\"https:\/\/sites.uef.fi\/turvahiili\/wp-content\/uploads\/sites\/507\/2024\/10\/TurvaHiili_ennallistamisnaytos_2024_Anu-Laakkonen-3-1024x768.jpg\" alt=\"Joukko ihmisi\u00e4 ja kaivinkone suolla\" class=\"wp-image-535\" style=\"aspect-ratio:1.7777777777777777;object-fit:cover;width:809px;height:auto\" srcset=\"https:\/\/sites.uef.fi\/turvahiili\/wp-content\/uploads\/sites\/507\/2024\/10\/TurvaHiili_ennallistamisnaytos_2024_Anu-Laakkonen-3-1024x768.jpg 1024w, https:\/\/sites.uef.fi\/turvahiili\/wp-content\/uploads\/sites\/507\/2024\/10\/TurvaHiili_ennallistamisnaytos_2024_Anu-Laakkonen-3-300x225.jpg 300w, https:\/\/sites.uef.fi\/turvahiili\/wp-content\/uploads\/sites\/507\/2024\/10\/TurvaHiili_ennallistamisnaytos_2024_Anu-Laakkonen-3-768x576.jpg 768w, https:\/\/sites.uef.fi\/turvahiili\/wp-content\/uploads\/sites\/507\/2024\/10\/TurvaHiili_ennallistamisnaytos_2024_Anu-Laakkonen-3-1536x1152.jpg 1536w, https:\/\/sites.uef.fi\/turvahiili\/wp-content\/uploads\/sites\/507\/2024\/10\/TurvaHiili_ennallistamisnaytos_2024_Anu-Laakkonen-3-2048x1536.jpg 2048w\" sizes=\"auto, (max-width: 1024px) 100vw, 1024px\" \/><figcaption class=\"wp-element-caption\">Keskustelua kierroksen toisella kohteella aiheesta suunnittelijan ja kaivinkoneenkuljettajan ammattitaidon merkityksest\u00e4 ennallistamisen onnistumisen kannalta. Kuva: Anu Laakkonen<\/figcaption><\/figure>\n\n\n\n<figure class=\"wp-block-image size-large is-resized is-style-default\"><img loading=\"lazy\" decoding=\"async\" width=\"768\" height=\"1024\" src=\"https:\/\/sites.uef.fi\/turvahiili\/wp-content\/uploads\/sites\/507\/2024\/10\/TurvaHiili_ennallistamisnaytos_2024_Anu-Laakkonen-2-768x1024.jpg\" alt=\"Ennallistamistoimenpiteen\u00e4 tehty j\u00e4re\u00e4 pato, johon on laitettu puunrunkoja vahvistamaan padon rakenteita\" class=\"wp-image-541\" style=\"width:508px;height:auto\" srcset=\"https:\/\/sites.uef.fi\/turvahiili\/wp-content\/uploads\/sites\/507\/2024\/10\/TurvaHiili_ennallistamisnaytos_2024_Anu-Laakkonen-2-768x1024.jpg 768w, https:\/\/sites.uef.fi\/turvahiili\/wp-content\/uploads\/sites\/507\/2024\/10\/TurvaHiili_ennallistamisnaytos_2024_Anu-Laakkonen-2-225x300.jpg 225w, https:\/\/sites.uef.fi\/turvahiili\/wp-content\/uploads\/sites\/507\/2024\/10\/TurvaHiili_ennallistamisnaytos_2024_Anu-Laakkonen-2-1152x1536.jpg 1152w, https:\/\/sites.uef.fi\/turvahiili\/wp-content\/uploads\/sites\/507\/2024\/10\/TurvaHiili_ennallistamisnaytos_2024_Anu-Laakkonen-2-1536x2048.jpg 1536w, https:\/\/sites.uef.fi\/turvahiili\/wp-content\/uploads\/sites\/507\/2024\/10\/TurvaHiili_ennallistamisnaytos_2024_Anu-Laakkonen-2-scaled.jpg 1920w\" sizes=\"auto, (max-width: 768px) 100vw, 768px\" \/><figcaption class=\"wp-element-caption\">Ennallistamistoimenpiteen\u00e4 tehty j\u00e4re\u00e4 pato, johon on laitettu puunrunkoja vahvistamaan padon rakenteita. Kuva: Anu Laakkonen<\/figcaption><\/figure>\n\n\n\n<figure class=\"wp-block-image size-large is-resized\"><img loading=\"lazy\" decoding=\"async\" width=\"768\" height=\"1024\" src=\"https:\/\/sites.uef.fi\/turvahiili\/wp-content\/uploads\/sites\/507\/2024\/10\/IMG_20240905_151211_HDR-768x1024.jpg\" alt=\"Pato, jossa k\u00e4ytetty kohteelta l\u00f6ytyv\u00e4\u00e4 turvetta padon tekemisess\u00e4\" class=\"wp-image-550\" style=\"width:511px;height:auto\" srcset=\"https:\/\/sites.uef.fi\/turvahiili\/wp-content\/uploads\/sites\/507\/2024\/10\/IMG_20240905_151211_HDR-768x1024.jpg 768w, https:\/\/sites.uef.fi\/turvahiili\/wp-content\/uploads\/sites\/507\/2024\/10\/IMG_20240905_151211_HDR-225x300.jpg 225w, https:\/\/sites.uef.fi\/turvahiili\/wp-content\/uploads\/sites\/507\/2024\/10\/IMG_20240905_151211_HDR-1152x1536.jpg 1152w, https:\/\/sites.uef.fi\/turvahiili\/wp-content\/uploads\/sites\/507\/2024\/10\/IMG_20240905_151211_HDR-1536x2048.jpg 1536w, https:\/\/sites.uef.fi\/turvahiili\/wp-content\/uploads\/sites\/507\/2024\/10\/IMG_20240905_151211_HDR-scaled.jpg 1920w\" sizes=\"auto, (max-width: 768px) 100vw, 768px\" \/><figcaption class=\"wp-element-caption\">Toinen pato, jossa k\u00e4ytetty kohteelta l\u00f6ytyv\u00e4\u00e4 turvetta padon tekemisess\u00e4. Kuva: Anu Laakkonen<\/figcaption><\/figure>\n\n\n\n<p>Teksti: Anu Laakkonen, It\u00e4-Suomen yliopisto. Lis\u00e4tietoja ennallistamisn\u00e4yt\u00f6ksest\u00e4 l\u00f6ytyy t\u00e4\u00e4lt\u00e4:<\/p>\n\n\n\n<div class=\"links-block\">\n\n    \n    <ul class=\"link-list\">\n        \n            \n            <li class=\"link-list-item\">\n                <a href=\"https:\/\/www.uef.fi\/fi\/artikkeli\/tutkimustiedon-ja-hyvien-kaytantojen-avulla-kohti-parempaa-luonnon-tilaa\" class=\"link-reset link hover-scale-down\">\n                    <svg\n        width=\"43\" height=\"25\"\n        viewBox=\"0 0 43 25\"\n        xmlns=\"http:\/\/www.w3.org\/2000\/svg\">\n    <path\n        d=\"M30.027 0 43 12.5 30.027 25 27 22.083 34.351 15H0v-5h34.351L27 2.917z\"\n        fill=\"currentColor\"\n        fill-rule=\"evenodd\"\/>\n<\/svg>                    <div>Tutkimustiedon ja hyvien k\u00e4yt\u00e4nt\u00f6jen avulla kohti parempaa luonnon tilaa<\/div>\n                <\/a>\n                <div class=\"link-info\">\n                                    <\/div>\n            <\/li>\n\n                <\/ul>\n<\/div>\n\n\n<h2 class=\"wp-block-heading\">Soiden ennallistamista Oulun Sanginjoella Pohjois-Pohjanmaalla 17.10.2024<\/h2>\n\n\n\n<p>TurvaHiili-hanke j\u00e4rjesti yhteisty\u00f6ss\u00e4 Mets\u00e4hallituksen kanssa retkeilyn ennallistamis- ja kosteikkokohteille lokakuisena torstai-iltap\u00e4iv\u00e4n\u00e4. Mets\u00e4hallituksesta oppaina toimivat Luonnonsuojelun erityisasiantuntija Sakari Rehell ja Luonnonsuojelun asiantuntija Jari V\u00e4h\u00e4salo. TurvaHiili-hankkeen toiminnasta teki selkoa Yliopistotutkija Anna Laine-Pet\u00e4j\u00e4kangas It\u00e4-Suomen yliopistosta. Osallistujia oli kymmenkunta, kohteet olivat havainnollisia ja perusteellisesti taustoitettuja sek\u00e4 keskustelu vilkasta.<\/p>\n\n\n\n<p>Maastokierros aloitettiin Taivalkoskensuon kosteikolta, joka oli rakennettu alkuvuodesta 2023. Kohteella havainnollistettiin, miten ennallistamisen yhteydess\u00e4 voidaan v\u00e4hent\u00e4\u00e4 ravinnekuormitusta. Kosteikon ymp\u00e4rist\u00f6ss\u00e4 pohdimme v\u00e4h\u00e4puustoisen koivikon, korpikuusikon ja puronuoman ennallistamista. Kierros jatkui eteenp\u00e4in Muuraiskankaan ja Taivalkoskensuon alueelle, jossa tutustuimme hiljattain tehdyn ennallistamisen tekniseen toteutukseen. Harakkasuolla n\u00e4imme, milt\u00e4 ennallistettu suo n\u00e4ytt\u00e4\u00e4 reilut kymmenen vuotta toimenpiteiden j\u00e4lkeen.<\/p>\n\n\n\n<figure class=\"wp-block-image size-large is-resized\"><img loading=\"lazy\" decoding=\"async\" width=\"1024\" height=\"768\" src=\"https:\/\/sites.uef.fi\/turvahiili\/wp-content\/uploads\/sites\/507\/2024\/11\/kosteikko-jonka-takana-harvaksi-hakattua-koivikkoa_Sanginjoki_Lasse-Aro-1024x768.jpg\" alt=\"Kosteikko, jonka takana harvaksi hakattua koivikkoa\" class=\"wp-image-1180\" style=\"width:685px;height:auto\" srcset=\"https:\/\/sites.uef.fi\/turvahiili\/wp-content\/uploads\/sites\/507\/2024\/11\/kosteikko-jonka-takana-harvaksi-hakattua-koivikkoa_Sanginjoki_Lasse-Aro-1024x768.jpg 1024w, https:\/\/sites.uef.fi\/turvahiili\/wp-content\/uploads\/sites\/507\/2024\/11\/kosteikko-jonka-takana-harvaksi-hakattua-koivikkoa_Sanginjoki_Lasse-Aro-300x225.jpg 300w, https:\/\/sites.uef.fi\/turvahiili\/wp-content\/uploads\/sites\/507\/2024\/11\/kosteikko-jonka-takana-harvaksi-hakattua-koivikkoa_Sanginjoki_Lasse-Aro-768x576.jpg 768w, https:\/\/sites.uef.fi\/turvahiili\/wp-content\/uploads\/sites\/507\/2024\/11\/kosteikko-jonka-takana-harvaksi-hakattua-koivikkoa_Sanginjoki_Lasse-Aro-1536x1152.jpg 1536w, https:\/\/sites.uef.fi\/turvahiili\/wp-content\/uploads\/sites\/507\/2024\/11\/kosteikko-jonka-takana-harvaksi-hakattua-koivikkoa_Sanginjoki_Lasse-Aro-2048x1536.jpg 2048w\" sizes=\"auto, (max-width: 1024px) 100vw, 1024px\" \/><figcaption class=\"wp-element-caption\">Kosteikko, jonka takana harvaksi hakattua koivikkoa. Kuva: Lasse Aro<\/figcaption><\/figure>\n\n\n\n<figure class=\"wp-block-image size-large is-resized\"><img loading=\"lazy\" decoding=\"async\" width=\"1024\" height=\"768\" src=\"https:\/\/sites.uef.fi\/turvahiili\/wp-content\/uploads\/sites\/507\/2024\/11\/hiljattain-taytetty-metsaoja-esimerkkina-ennallistamisen-tekniikoista_Sanginjoki_Lasse-Aro-1024x768.jpg\" alt=\"Hiljattain t\u00e4ytetty mets\u00e4oja esimerkkin\u00e4 ennallistamisen tekniikoista.\" class=\"wp-image-1186\" style=\"width:689px;height:auto\" srcset=\"https:\/\/sites.uef.fi\/turvahiili\/wp-content\/uploads\/sites\/507\/2024\/11\/hiljattain-taytetty-metsaoja-esimerkkina-ennallistamisen-tekniikoista_Sanginjoki_Lasse-Aro-1024x768.jpg 1024w, https:\/\/sites.uef.fi\/turvahiili\/wp-content\/uploads\/sites\/507\/2024\/11\/hiljattain-taytetty-metsaoja-esimerkkina-ennallistamisen-tekniikoista_Sanginjoki_Lasse-Aro-300x225.jpg 300w, https:\/\/sites.uef.fi\/turvahiili\/wp-content\/uploads\/sites\/507\/2024\/11\/hiljattain-taytetty-metsaoja-esimerkkina-ennallistamisen-tekniikoista_Sanginjoki_Lasse-Aro-768x576.jpg 768w, https:\/\/sites.uef.fi\/turvahiili\/wp-content\/uploads\/sites\/507\/2024\/11\/hiljattain-taytetty-metsaoja-esimerkkina-ennallistamisen-tekniikoista_Sanginjoki_Lasse-Aro-1536x1152.jpg 1536w, https:\/\/sites.uef.fi\/turvahiili\/wp-content\/uploads\/sites\/507\/2024\/11\/hiljattain-taytetty-metsaoja-esimerkkina-ennallistamisen-tekniikoista_Sanginjoki_Lasse-Aro-2048x1536.jpg 2048w\" sizes=\"auto, (max-width: 1024px) 100vw, 1024px\" \/><figcaption class=\"wp-element-caption\">Hiljattain t\u00e4ytetty mets\u00e4oja esimerkkin\u00e4 ennallistamisen tekniikoista. Kuva: Lasse Aro<\/figcaption><\/figure>\n\n\n\n<p>Teksti: Lasse Aro, Luonnonvarakeskus<\/p>\n","protected":false},"excerpt":{"rendered":"<p>Osana hankkeen viestint\u00e4\u00e4 j\u00e4rjestettiin kaksi ennallistamisn\u00e4yt\u00f6st\u00e4 kotimaisille sidosryhmille. Ennallistamisn\u00e4yt\u00f6s Kontiosuolla Pohjois-Karjalassa 5.9.2024 TurvaHiili -hankkeen tuloksia esiteltiin 5.9.2024 Lieksan Kontiosuolla avoimessa ennallistamisn\u00e4yt\u00f6ksess\u00e4, joka j\u00e4rjestettiin yhteisty\u00f6ss\u00e4 Tornator Oyj:n kanssa. Iltap\u00e4iv\u00e4n aikana kuultiin asiantuntijoiden n\u00e4kemyksi\u00e4 siit\u00e4, mit\u00e4 asioita hyvin toteutetussa mets\u00e4ojitettujen soiden ennallistamisen suunnittelussa ja toteutuksessa on otettava huomioon. N\u00e4yt\u00f6ksess\u00e4 vierailtiin kolmella kohteella suolla. Ensimm\u00e4isell\u00e4 kohteella keskusteltiin suon [&hellip;]<\/p>\n","protected":false},"author":1213,"featured_media":0,"parent":0,"menu_order":5,"comment_status":"closed","ping_status":"closed","template":"","meta":{"_acf_changed":false,"footnotes":""},"class_list":["post-486","page","type-page","status-publish","hentry"],"acf":[],"yoast_head":"<!-- This site is optimized with the Yoast SEO plugin v27.1.1 - https:\/\/yoast.com\/product\/yoast-seo-wordpress\/ -->\n<title>TurvaHiili-hankkeen tulosten viestint\u00e4 ja tulosten vieminen k\u00e4yt\u00e4nt\u00f6\u00f6n - TurvaHiili<\/title>\n<meta name=\"description\" content=\"Osana hankkeen viestint\u00e4\u00e4 j\u00e4rjestettiin kaksi ennallistamisn\u00e4yt\u00f6st\u00e4 kotimaisille sidosryhmille.\" \/>\n<meta name=\"robots\" content=\"index, follow, max-snippet:-1, max-image-preview:large, max-video-preview:-1\" \/>\n<link rel=\"canonical\" href=\"https:\/\/sites.uef.fi\/turvahiili\/turvahiili-hankkeen-tulosten-viestinta-ja-tulosten-vieminen-kaytantoon\/\" \/>\n<meta property=\"og:locale\" content=\"fi_FI\" \/>\n<meta property=\"og:type\" content=\"article\" \/>\n<meta property=\"og:title\" content=\"TurvaHiili-hankkeen tulosten viestint\u00e4 ja tulosten vieminen k\u00e4yt\u00e4nt\u00f6\u00f6n - TurvaHiili\" \/>\n<meta property=\"og:description\" content=\"Osana hankkeen viestint\u00e4\u00e4 j\u00e4rjestettiin kaksi ennallistamisn\u00e4yt\u00f6st\u00e4 kotimaisille sidosryhmille.\" \/>\n<meta property=\"og:url\" content=\"https:\/\/sites.uef.fi\/turvahiili\/turvahiili-hankkeen-tulosten-viestinta-ja-tulosten-vieminen-kaytantoon\/\" \/>\n<meta property=\"og:site_name\" content=\"TurvaHiili\" \/>\n<meta property=\"article:modified_time\" content=\"2024-11-11T10:14:35+00:00\" \/>\n<meta property=\"og:image\" content=\"https:\/\/sites.uef.fi\/turvahiili\/wp-content\/uploads\/sites\/507\/2024\/10\/TurvaHiili_ennallistamisnaytos_2024_Anu-Laakkonen-3-scaled.jpg\" \/>\n\t<meta property=\"og:image:width\" content=\"2560\" \/>\n\t<meta property=\"og:image:height\" content=\"1920\" \/>\n\t<meta property=\"og:image:type\" content=\"image\/jpeg\" \/>\n<meta name=\"twitter:card\" content=\"summary_large_image\" \/>\n<meta name=\"twitter:label1\" content=\"Arvioitu lukuaika\" \/>\n\t<meta name=\"twitter:data1\" content=\"3 minuuttia\" \/>\n<script type=\"application\/ld+json\" class=\"yoast-schema-graph\">{\"@context\":\"https:\/\/schema.org\",\"@graph\":[{\"@type\":\"WebPage\",\"@id\":\"https:\/\/sites.uef.fi\/turvahiili\/turvahiili-hankkeen-tulosten-viestinta-ja-tulosten-vieminen-kaytantoon\/\",\"url\":\"https:\/\/sites.uef.fi\/turvahiili\/turvahiili-hankkeen-tulosten-viestinta-ja-tulosten-vieminen-kaytantoon\/\",\"name\":\"TurvaHiili-hankkeen tulosten viestint\u00e4 ja tulosten vieminen k\u00e4yt\u00e4nt\u00f6\u00f6n - TurvaHiili\",\"isPartOf\":{\"@id\":\"https:\/\/sites.uef.fi\/turvahiili\/#website\"},\"primaryImageOfPage\":{\"@id\":\"https:\/\/sites.uef.fi\/turvahiili\/turvahiili-hankkeen-tulosten-viestinta-ja-tulosten-vieminen-kaytantoon\/#primaryimage\"},\"image\":{\"@id\":\"https:\/\/sites.uef.fi\/turvahiili\/turvahiili-hankkeen-tulosten-viestinta-ja-tulosten-vieminen-kaytantoon\/#primaryimage\"},\"thumbnailUrl\":\"https:\/\/sites.uef.fi\/turvahiili\/wp-content\/uploads\/sites\/507\/2024\/10\/TurvaHiili_ennallistamisnaytos_2024_Anu-Laakkonen-3-1024x768.jpg\",\"datePublished\":\"2024-10-11T12:23:45+00:00\",\"dateModified\":\"2024-11-11T10:14:35+00:00\",\"description\":\"Osana hankkeen viestint\u00e4\u00e4 j\u00e4rjestettiin kaksi ennallistamisn\u00e4yt\u00f6st\u00e4 kotimaisille sidosryhmille.\",\"breadcrumb\":{\"@id\":\"https:\/\/sites.uef.fi\/turvahiili\/turvahiili-hankkeen-tulosten-viestinta-ja-tulosten-vieminen-kaytantoon\/#breadcrumb\"},\"inLanguage\":\"fi\",\"potentialAction\":[{\"@type\":\"ReadAction\",\"target\":[\"https:\/\/sites.uef.fi\/turvahiili\/turvahiili-hankkeen-tulosten-viestinta-ja-tulosten-vieminen-kaytantoon\/\"]}]},{\"@type\":\"ImageObject\",\"inLanguage\":\"fi\",\"@id\":\"https:\/\/sites.uef.fi\/turvahiili\/turvahiili-hankkeen-tulosten-viestinta-ja-tulosten-vieminen-kaytantoon\/#primaryimage\",\"url\":\"https:\/\/sites.uef.fi\/turvahiili\/wp-content\/uploads\/sites\/507\/2024\/10\/TurvaHiili_ennallistamisnaytos_2024_Anu-Laakkonen-3-scaled.jpg\",\"contentUrl\":\"https:\/\/sites.uef.fi\/turvahiili\/wp-content\/uploads\/sites\/507\/2024\/10\/TurvaHiili_ennallistamisnaytos_2024_Anu-Laakkonen-3-scaled.jpg\",\"width\":2560,\"height\":1920},{\"@type\":\"BreadcrumbList\",\"@id\":\"https:\/\/sites.uef.fi\/turvahiili\/turvahiili-hankkeen-tulosten-viestinta-ja-tulosten-vieminen-kaytantoon\/#breadcrumb\",\"itemListElement\":[{\"@type\":\"ListItem\",\"position\":1,\"name\":\"Home\",\"item\":\"https:\/\/sites.uef.fi\/turvahiili\/\"},{\"@type\":\"ListItem\",\"position\":2,\"name\":\"TurvaHiili-hankkeen tulosten viestint\u00e4 ja tulosten vieminen k\u00e4yt\u00e4nt\u00f6\u00f6n\"}]},{\"@type\":\"WebSite\",\"@id\":\"https:\/\/sites.uef.fi\/turvahiili\/#website\",\"url\":\"https:\/\/sites.uef.fi\/turvahiili\/\",\"name\":\"TurvaHiili\",\"description\":\"\",\"potentialAction\":[{\"@type\":\"SearchAction\",\"target\":{\"@type\":\"EntryPoint\",\"urlTemplate\":\"https:\/\/sites.uef.fi\/turvahiili\/?s={search_term_string}\"},\"query-input\":{\"@type\":\"PropertyValueSpecification\",\"valueRequired\":true,\"valueName\":\"search_term_string\"}}],\"inLanguage\":\"fi\"}]}<\/script>\n<!-- \/ Yoast SEO plugin. -->","yoast_head_json":{"title":"TurvaHiili-hankkeen tulosten viestint\u00e4 ja tulosten vieminen k\u00e4yt\u00e4nt\u00f6\u00f6n - TurvaHiili","description":"Osana hankkeen viestint\u00e4\u00e4 j\u00e4rjestettiin kaksi ennallistamisn\u00e4yt\u00f6st\u00e4 kotimaisille sidosryhmille.","robots":{"index":"index","follow":"follow","max-snippet":"max-snippet:-1","max-image-preview":"max-image-preview:large","max-video-preview":"max-video-preview:-1"},"canonical":"https:\/\/sites.uef.fi\/turvahiili\/turvahiili-hankkeen-tulosten-viestinta-ja-tulosten-vieminen-kaytantoon\/","og_locale":"fi_FI","og_type":"article","og_title":"TurvaHiili-hankkeen tulosten viestint\u00e4 ja tulosten vieminen k\u00e4yt\u00e4nt\u00f6\u00f6n - TurvaHiili","og_description":"Osana hankkeen viestint\u00e4\u00e4 j\u00e4rjestettiin kaksi ennallistamisn\u00e4yt\u00f6st\u00e4 kotimaisille sidosryhmille.","og_url":"https:\/\/sites.uef.fi\/turvahiili\/turvahiili-hankkeen-tulosten-viestinta-ja-tulosten-vieminen-kaytantoon\/","og_site_name":"TurvaHiili","article_modified_time":"2024-11-11T10:14:35+00:00","og_image":[{"width":2560,"height":1920,"url":"https:\/\/sites.uef.fi\/turvahiili\/wp-content\/uploads\/sites\/507\/2024\/10\/TurvaHiili_ennallistamisnaytos_2024_Anu-Laakkonen-3-scaled.jpg","type":"image\/jpeg"}],"twitter_card":"summary_large_image","twitter_misc":{"Arvioitu lukuaika":"3 minuuttia"},"schema":{"@context":"https:\/\/schema.org","@graph":[{"@type":"WebPage","@id":"https:\/\/sites.uef.fi\/turvahiili\/turvahiili-hankkeen-tulosten-viestinta-ja-tulosten-vieminen-kaytantoon\/","url":"https:\/\/sites.uef.fi\/turvahiili\/turvahiili-hankkeen-tulosten-viestinta-ja-tulosten-vieminen-kaytantoon\/","name":"TurvaHiili-hankkeen tulosten viestint\u00e4 ja tulosten vieminen k\u00e4yt\u00e4nt\u00f6\u00f6n - TurvaHiili","isPartOf":{"@id":"https:\/\/sites.uef.fi\/turvahiili\/#website"},"primaryImageOfPage":{"@id":"https:\/\/sites.uef.fi\/turvahiili\/turvahiili-hankkeen-tulosten-viestinta-ja-tulosten-vieminen-kaytantoon\/#primaryimage"},"image":{"@id":"https:\/\/sites.uef.fi\/turvahiili\/turvahiili-hankkeen-tulosten-viestinta-ja-tulosten-vieminen-kaytantoon\/#primaryimage"},"thumbnailUrl":"https:\/\/sites.uef.fi\/turvahiili\/wp-content\/uploads\/sites\/507\/2024\/10\/TurvaHiili_ennallistamisnaytos_2024_Anu-Laakkonen-3-1024x768.jpg","datePublished":"2024-10-11T12:23:45+00:00","dateModified":"2024-11-11T10:14:35+00:00","description":"Osana hankkeen viestint\u00e4\u00e4 j\u00e4rjestettiin kaksi ennallistamisn\u00e4yt\u00f6st\u00e4 kotimaisille sidosryhmille.","breadcrumb":{"@id":"https:\/\/sites.uef.fi\/turvahiili\/turvahiili-hankkeen-tulosten-viestinta-ja-tulosten-vieminen-kaytantoon\/#breadcrumb"},"inLanguage":"fi","potentialAction":[{"@type":"ReadAction","target":["https:\/\/sites.uef.fi\/turvahiili\/turvahiili-hankkeen-tulosten-viestinta-ja-tulosten-vieminen-kaytantoon\/"]}]},{"@type":"ImageObject","inLanguage":"fi","@id":"https:\/\/sites.uef.fi\/turvahiili\/turvahiili-hankkeen-tulosten-viestinta-ja-tulosten-vieminen-kaytantoon\/#primaryimage","url":"https:\/\/sites.uef.fi\/turvahiili\/wp-content\/uploads\/sites\/507\/2024\/10\/TurvaHiili_ennallistamisnaytos_2024_Anu-Laakkonen-3-scaled.jpg","contentUrl":"https:\/\/sites.uef.fi\/turvahiili\/wp-content\/uploads\/sites\/507\/2024\/10\/TurvaHiili_ennallistamisnaytos_2024_Anu-Laakkonen-3-scaled.jpg","width":2560,"height":1920},{"@type":"BreadcrumbList","@id":"https:\/\/sites.uef.fi\/turvahiili\/turvahiili-hankkeen-tulosten-viestinta-ja-tulosten-vieminen-kaytantoon\/#breadcrumb","itemListElement":[{"@type":"ListItem","position":1,"name":"Home","item":"https:\/\/sites.uef.fi\/turvahiili\/"},{"@type":"ListItem","position":2,"name":"TurvaHiili-hankkeen tulosten viestint\u00e4 ja tulosten vieminen k\u00e4yt\u00e4nt\u00f6\u00f6n"}]},{"@type":"WebSite","@id":"https:\/\/sites.uef.fi\/turvahiili\/#website","url":"https:\/\/sites.uef.fi\/turvahiili\/","name":"TurvaHiili","description":"","potentialAction":[{"@type":"SearchAction","target":{"@type":"EntryPoint","urlTemplate":"https:\/\/sites.uef.fi\/turvahiili\/?s={search_term_string}"},"query-input":{"@type":"PropertyValueSpecification","valueRequired":true,"valueName":"search_term_string"}}],"inLanguage":"fi"}]}},"_links":{"self":[{"href":"https:\/\/sites.uef.fi\/turvahiili\/wp-json\/wp\/v2\/pages\/486","targetHints":{"allow":["GET"]}}],"collection":[{"href":"https:\/\/sites.uef.fi\/turvahiili\/wp-json\/wp\/v2\/pages"}],"about":[{"href":"https:\/\/sites.uef.fi\/turvahiili\/wp-json\/wp\/v2\/types\/page"}],"author":[{"embeddable":true,"href":"https:\/\/sites.uef.fi\/turvahiili\/wp-json\/wp\/v2\/users\/1213"}],"replies":[{"embeddable":true,"href":"https:\/\/sites.uef.fi\/turvahiili\/wp-json\/wp\/v2\/comments?post=486"}],"version-history":[{"count":2,"href":"https:\/\/sites.uef.fi\/turvahiili\/wp-json\/wp\/v2\/pages\/486\/revisions"}],"predecessor-version":[{"id":1318,"href":"https:\/\/sites.uef.fi\/turvahiili\/wp-json\/wp\/v2\/pages\/486\/revisions\/1318"}],"wp:attachment":[{"href":"https:\/\/sites.uef.fi\/turvahiili\/wp-json\/wp\/v2\/media?parent=486"}],"curies":[{"name":"wp","href":"https:\/\/api.w.org\/{rel}","templated":true}]}}