{"id":49,"date":"2021-02-27T10:29:57","date_gmt":"2021-02-27T08:29:57","guid":{"rendered":"https:\/\/sites.uef.fi\/tutkijanaiset\/?page_id=49"},"modified":"2021-02-27T12:24:54","modified_gmt":"2021-02-27T10:24:54","slug":"jaseneksi-liittyminen","status":"publish","type":"page","link":"https:\/\/sites.uef.fi\/tutkijanaiset\/jaseneksi-liittyminen\/","title":{"rendered":"J\u00e4seneksi liittyminen"},"content":{"rendered":"<p>Tutkijanaisten j\u00e4seneksi voi liitty\u00e4 tutkijat tai sukupuolentutkimuksesta kiinnostuneet opiskelijat. J\u00e4seneksi voi liitty\u00e4 ilmoittamalla kiinnostuksestaan tutkijanaisten puheenjohtajalle tai tulemalla mukaan tutkinaisten tapaamisiin. J\u00e4senmaksu on tutkijoilta 10 \u20ac ja opiskelijoilta 5 \u20ac. J\u00e4senmaksu maksetaan k\u00e4teisell\u00e4 taloudenhoitaja Iiris Lehdolle. L\u00e4het\u00e4 rahat sis\u00e4isess\u00e4 postissa tai sovi muusta k\u00e4teismaksumenettelyst\u00e4 Iiriksen kanssa. J\u00e4senmaksua ei voi maksaa pankkitilille.<\/p>\n<p><strong>Tutkijanaisten s\u00e4hk\u00f6postilista<\/strong><\/p>\n<p>Liittyminen<br \/>\nListalle liityt\u00e4\u00e4n l\u00e4hett\u00e4m\u00e4ll\u00e4 s\u00e4hk\u00f6postiviesti listan yll\u00e4pit\u00e4j\u00e4 Iiris Lehdolle (iiris.lehto@uef.fi).<\/p>\n<p>Keskustelu<br \/>\nListan j\u00e4senet voivat l\u00e4hett\u00e4\u00e4 viestej\u00e4 s\u00e4hk\u00f6postilla osoitteeseen tutkija-naiset@uef.fi. Viestit menev\u00e4t kaikille listalla mukana oleville.<\/p>\n<p>Eroaminen<br \/>\nMik\u00e4li haluat pois listalta, laita viesti\u00e4 Iirikselle.<\/p>\n<p><strong>Tutkijanaisten Yammer-ryhm\u00e4<\/strong><\/p>\n<p>Tutkijanaisilla on oma tiedotus- ja keskusteluryhm\u00e4 yliopiston sis\u00e4isess\u00e4 sosiaalisessa verkostossa Yammerissa. <a href=\"https:\/\/web.yammer.com\/main\/groups\/eyJfdHlwZSI6Ikdyb3VwIiwiaWQiOiIxMTYyMjIwMiJ9\/all\">&#8221;Tutkijanaiset&#8221; Yammer-ryhm\u00e4\u00e4n<\/a> voivat liitty\u00e4 kaikki yhdistyksen toiminnasta kiinnostuneet yliopiston tutkijat ja opiskelijat.<\/p>\n<p><strong>Tutkijanaisten Facebook-ryhm\u00e4<\/strong><\/p>\n<p>Tutkijanaisilla on oma tiedotus- ja keskusteluryhm\u00e4 Facebookissa. <a href=\"https:\/\/www.facebook.com\/tutkijanaiset\">&#8221;Joensuun Tutkijanaiset ry.&#8221; Facebook-ryhm\u00e4\u00e4n<\/a> voivat liitty\u00e4 kaikki yhdistyksen toiminnasra kiinnostuneet.<\/p>\n<p>Kaikkien tutkijanaisten toiminnasta ja sukupuolentutkimuksesta kiinnostuneiden toivotaan liittyv\u00e4n s\u00e4hk\u00f6postilistalle sek\u00e4 Yammer ja Facebook -ryhmiin. Kaikki voivat k\u00e4ytt\u00e4\u00e4 kanavia tiedottamiseen ja keskusteluun. N\u00e4in saamme kerrottua toinen toisillemme esimerkiksi kiinnostavista puhujavieraista ja v\u00e4it\u00f6stilaisuuksista ja v\u00e4lit\u00e4mme muutenkin t\u00e4rke\u00e4\u00e4 infoa ajankohtaisista asioista.<\/p>\n","protected":false},"excerpt":{"rendered":"<p>Tutkijanaisten j\u00e4seneksi voi liitty\u00e4 tutkijat tai sukupuolentutkimuksesta kiinnostuneet opiskelijat. J\u00e4seneksi voi liitty\u00e4 ilmoittamalla kiinnostuksestaan tutkijanaisten puheenjohtajalle tai tulemalla mukaan tutkinaisten tapaamisiin. J\u00e4senmaksu on tutkijoilta 10 \u20ac ja opiskelijoilta 5 \u20ac. J\u00e4senmaksu maksetaan k\u00e4teisell\u00e4 taloudenhoitaja Iiris Lehdolle. L\u00e4het\u00e4 rahat sis\u00e4isess\u00e4 postissa tai sovi muusta k\u00e4teismaksumenettelyst\u00e4 Iiriksen kanssa. J\u00e4senmaksua ei voi maksaa pankkitilille. Tutkijanaisten s\u00e4hk\u00f6postilista Liittyminen Listalle [&hellip;]<\/p>\n","protected":false},"author":426,"featured_media":0,"parent":0,"menu_order":3,"comment_status":"closed","ping_status":"closed","template":"","meta":{"_acf_changed":false,"_monsterinsights_skip_tracking":false,"_monsterinsights_sitenote_active":false,"_monsterinsights_sitenote_note":"","_monsterinsights_sitenote_category":0,"footnotes":""},"class_list":["post-49","page","type-page","status-publish","hentry"],"acf":[],"yoast_head":"<!-- This site is optimized with the Yoast SEO plugin v27.1.1 - https:\/\/yoast.com\/product\/yoast-seo-wordpress\/ -->\n<title>J\u00e4seneksi liittyminen - Tutkijanaiset ry.<\/title>\n<meta name=\"robots\" content=\"index, follow, max-snippet:-1, max-image-preview:large, max-video-preview:-1\" \/>\n<link rel=\"canonical\" href=\"https:\/\/sites.uef.fi\/tutkijanaiset\/jaseneksi-liittyminen\/\" \/>\n<meta property=\"og:locale\" content=\"fi_FI\" \/>\n<meta property=\"og:type\" content=\"article\" \/>\n<meta property=\"og:title\" content=\"J\u00e4seneksi liittyminen - Tutkijanaiset ry.\" \/>\n<meta property=\"og:description\" content=\"Tutkijanaisten j\u00e4seneksi voi liitty\u00e4 tutkijat tai sukupuolentutkimuksesta kiinnostuneet opiskelijat. J\u00e4seneksi voi liitty\u00e4 ilmoittamalla kiinnostuksestaan tutkijanaisten puheenjohtajalle tai tulemalla mukaan tutkinaisten tapaamisiin. J\u00e4senmaksu on tutkijoilta 10 \u20ac ja opiskelijoilta 5 \u20ac. J\u00e4senmaksu maksetaan k\u00e4teisell\u00e4 taloudenhoitaja Iiris Lehdolle. L\u00e4het\u00e4 rahat sis\u00e4isess\u00e4 postissa tai sovi muusta k\u00e4teismaksumenettelyst\u00e4 Iiriksen kanssa. J\u00e4senmaksua ei voi maksaa pankkitilille. Tutkijanaisten s\u00e4hk\u00f6postilista Liittyminen Listalle [&hellip;]\" \/>\n<meta property=\"og:url\" content=\"https:\/\/sites.uef.fi\/tutkijanaiset\/jaseneksi-liittyminen\/\" \/>\n<meta property=\"og:site_name\" content=\"Tutkijanaiset ry.\" \/>\n<meta property=\"article:modified_time\" content=\"2021-02-27T10:24:54+00:00\" \/>\n<meta name=\"twitter:card\" content=\"summary_large_image\" \/>\n<meta name=\"twitter:label1\" content=\"Arvioitu lukuaika\" \/>\n\t<meta name=\"twitter:data1\" content=\"1 minuutti\" \/>\n<script type=\"application\/ld+json\" class=\"yoast-schema-graph\">{\"@context\":\"https:\/\/schema.org\",\"@graph\":[{\"@type\":\"WebPage\",\"@id\":\"https:\/\/sites.uef.fi\/tutkijanaiset\/jaseneksi-liittyminen\/\",\"url\":\"https:\/\/sites.uef.fi\/tutkijanaiset\/jaseneksi-liittyminen\/\",\"name\":\"J\u00e4seneksi liittyminen - Tutkijanaiset ry.\",\"isPartOf\":{\"@id\":\"https:\/\/sites.uef.fi\/tutkijanaiset\/#website\"},\"datePublished\":\"2021-02-27T08:29:57+00:00\",\"dateModified\":\"2021-02-27T10:24:54+00:00\",\"breadcrumb\":{\"@id\":\"https:\/\/sites.uef.fi\/tutkijanaiset\/jaseneksi-liittyminen\/#breadcrumb\"},\"inLanguage\":\"fi\",\"potentialAction\":[{\"@type\":\"ReadAction\",\"target\":[\"https:\/\/sites.uef.fi\/tutkijanaiset\/jaseneksi-liittyminen\/\"]}]},{\"@type\":\"BreadcrumbList\",\"@id\":\"https:\/\/sites.uef.fi\/tutkijanaiset\/jaseneksi-liittyminen\/#breadcrumb\",\"itemListElement\":[{\"@type\":\"ListItem\",\"position\":1,\"name\":\"Home\",\"item\":\"https:\/\/sites.uef.fi\/tutkijanaiset\/\"},{\"@type\":\"ListItem\",\"position\":2,\"name\":\"J\u00e4seneksi liittyminen\"}]},{\"@type\":\"WebSite\",\"@id\":\"https:\/\/sites.uef.fi\/tutkijanaiset\/#website\",\"url\":\"https:\/\/sites.uef.fi\/tutkijanaiset\/\",\"name\":\"Tutkijanaiset ry.\",\"description\":\"\",\"potentialAction\":[{\"@type\":\"SearchAction\",\"target\":{\"@type\":\"EntryPoint\",\"urlTemplate\":\"https:\/\/sites.uef.fi\/tutkijanaiset\/?s={search_term_string}\"},\"query-input\":{\"@type\":\"PropertyValueSpecification\",\"valueRequired\":true,\"valueName\":\"search_term_string\"}}],\"inLanguage\":\"fi\"}]}<\/script>\n<!-- \/ Yoast SEO plugin. -->","yoast_head_json":{"title":"J\u00e4seneksi liittyminen - Tutkijanaiset ry.","robots":{"index":"index","follow":"follow","max-snippet":"max-snippet:-1","max-image-preview":"max-image-preview:large","max-video-preview":"max-video-preview:-1"},"canonical":"https:\/\/sites.uef.fi\/tutkijanaiset\/jaseneksi-liittyminen\/","og_locale":"fi_FI","og_type":"article","og_title":"J\u00e4seneksi liittyminen - Tutkijanaiset ry.","og_description":"Tutkijanaisten j\u00e4seneksi voi liitty\u00e4 tutkijat tai sukupuolentutkimuksesta kiinnostuneet opiskelijat. J\u00e4seneksi voi liitty\u00e4 ilmoittamalla kiinnostuksestaan tutkijanaisten puheenjohtajalle tai tulemalla mukaan tutkinaisten tapaamisiin. J\u00e4senmaksu on tutkijoilta 10 \u20ac ja opiskelijoilta 5 \u20ac. J\u00e4senmaksu maksetaan k\u00e4teisell\u00e4 taloudenhoitaja Iiris Lehdolle. L\u00e4het\u00e4 rahat sis\u00e4isess\u00e4 postissa tai sovi muusta k\u00e4teismaksumenettelyst\u00e4 Iiriksen kanssa. J\u00e4senmaksua ei voi maksaa pankkitilille. Tutkijanaisten s\u00e4hk\u00f6postilista Liittyminen Listalle [&hellip;]","og_url":"https:\/\/sites.uef.fi\/tutkijanaiset\/jaseneksi-liittyminen\/","og_site_name":"Tutkijanaiset ry.","article_modified_time":"2021-02-27T10:24:54+00:00","twitter_card":"summary_large_image","twitter_misc":{"Arvioitu lukuaika":"1 minuutti"},"schema":{"@context":"https:\/\/schema.org","@graph":[{"@type":"WebPage","@id":"https:\/\/sites.uef.fi\/tutkijanaiset\/jaseneksi-liittyminen\/","url":"https:\/\/sites.uef.fi\/tutkijanaiset\/jaseneksi-liittyminen\/","name":"J\u00e4seneksi liittyminen - Tutkijanaiset ry.","isPartOf":{"@id":"https:\/\/sites.uef.fi\/tutkijanaiset\/#website"},"datePublished":"2021-02-27T08:29:57+00:00","dateModified":"2021-02-27T10:24:54+00:00","breadcrumb":{"@id":"https:\/\/sites.uef.fi\/tutkijanaiset\/jaseneksi-liittyminen\/#breadcrumb"},"inLanguage":"fi","potentialAction":[{"@type":"ReadAction","target":["https:\/\/sites.uef.fi\/tutkijanaiset\/jaseneksi-liittyminen\/"]}]},{"@type":"BreadcrumbList","@id":"https:\/\/sites.uef.fi\/tutkijanaiset\/jaseneksi-liittyminen\/#breadcrumb","itemListElement":[{"@type":"ListItem","position":1,"name":"Home","item":"https:\/\/sites.uef.fi\/tutkijanaiset\/"},{"@type":"ListItem","position":2,"name":"J\u00e4seneksi liittyminen"}]},{"@type":"WebSite","@id":"https:\/\/sites.uef.fi\/tutkijanaiset\/#website","url":"https:\/\/sites.uef.fi\/tutkijanaiset\/","name":"Tutkijanaiset ry.","description":"","potentialAction":[{"@type":"SearchAction","target":{"@type":"EntryPoint","urlTemplate":"https:\/\/sites.uef.fi\/tutkijanaiset\/?s={search_term_string}"},"query-input":{"@type":"PropertyValueSpecification","valueRequired":true,"valueName":"search_term_string"}}],"inLanguage":"fi"}]}},"_links":{"self":[{"href":"https:\/\/sites.uef.fi\/tutkijanaiset\/wp-json\/wp\/v2\/pages\/49","targetHints":{"allow":["GET"]}}],"collection":[{"href":"https:\/\/sites.uef.fi\/tutkijanaiset\/wp-json\/wp\/v2\/pages"}],"about":[{"href":"https:\/\/sites.uef.fi\/tutkijanaiset\/wp-json\/wp\/v2\/types\/page"}],"author":[{"embeddable":true,"href":"https:\/\/sites.uef.fi\/tutkijanaiset\/wp-json\/wp\/v2\/users\/426"}],"replies":[{"embeddable":true,"href":"https:\/\/sites.uef.fi\/tutkijanaiset\/wp-json\/wp\/v2\/comments?post=49"}],"version-history":[{"count":2,"href":"https:\/\/sites.uef.fi\/tutkijanaiset\/wp-json\/wp\/v2\/pages\/49\/revisions"}],"predecessor-version":[{"id":199,"href":"https:\/\/sites.uef.fi\/tutkijanaiset\/wp-json\/wp\/v2\/pages\/49\/revisions\/199"}],"wp:attachment":[{"href":"https:\/\/sites.uef.fi\/tutkijanaiset\/wp-json\/wp\/v2\/media?parent=49"}],"curies":[{"name":"wp","href":"https:\/\/api.w.org\/{rel}","templated":true}]}}