{"id":121,"date":"2020-05-28T16:09:38","date_gmt":"2020-05-28T13:09:38","guid":{"rendered":"https:\/\/sites.uef.fi\/uef10\/?page_id=121"},"modified":"2020-10-05T15:30:36","modified_gmt":"2020-10-05T12:30:36","slug":"uef10-jubilee-year-events","status":"publish","type":"page","link":"https:\/\/sites.uef.fi\/uef10\/uef10-jubilee-year-events\/?lang=en","title":{"rendered":"UEF10 jubilee year events"},"content":{"rendered":"<h1>UEF10 jubilee year events<\/h1>\n<p><span style=\"float: none;background-color: #ffffff;color: #333333;cursor: text;font-family: 'Libre Franklin','Helvetica Neue',helvetica,arial,sans-serif;font-size: 16px;font-style: normal;font-variant: normal;font-weight: 400;letter-spacing: normal;text-align: left;text-decoration: none;text-indent: 0px;text-transform: none\">Joensuu 2.10.2020<\/span><\/p>\n<p>On Friday, 2 October, the Lehti\u00e4 Ilosaaressa festival will rock the city of Joensuu, and UEF students can buy tickets at a student-friendly price of 10 euros!<\/p>\n<p>UEF10 tickets are now also available for UEF staff!<\/p>\n<p>The festival\u2019s line-up features the Finnish artists Sanni, Evelina, Behm, Mouhous and Gettomasa. The festival starts at 18.00 at Joensuu Areena.<\/p>\n<p>UEF 10 tickets are available to purchase stating on 11 September 2020 at the Student Union\u2019s office or online at <a href=\"https:\/\/eur03.safelinks.protection.outlook.com\/?url=https%3A%2F%2Fwww.tiketti.fi%2Ftarjous%2Flehtiaopiskelija&amp;data=02%7C01%7C%7Ce0364be457bd46b74c2108d8560eed80%7C87879f2e73044bf2baf263e7f83f3c34%7C0%7C0%7C637353969406770666&amp;sdata=4yQRav5M1StZ6MmWvSPCLL4u3z1aTvVebmQeF09XLyQ%3D&amp;reserved=0\">https:\/\/www.tiketti.fi\/tarjous\/lehtiaopiskelija<\/a>. (in Finnish)<\/p>\n<p>A service fee will be added to the price of tickets purchased online via Tiketti. UEF 10 tickets are valid only with a UEF student card\/certificate of attendance, so please be prepared to show your student card. The number of tickets is limited to 2 tickets\/person.<\/p>\n<p>Please read the event <a href=\"http:\/\/www.lehtiailosaaressa.fi\/info\/\">organiser\u2019s safety guidelines<\/a>. <span style=\"float: none;background-color: #ffffff;color: #333333;cursor: text;font-family: 'Libre Franklin','Helvetica Neue',helvetica,arial,sans-serif;font-size: 16px;font-style: normal;font-variant: normal;font-weight: 400;letter-spacing: normal;text-align: left;text-decoration: none;text-indent: 0px;text-transform: none\">(in Finnish)<\/span><\/p>\n<p><span style=\"color: #004000\">Please remember to stay home if you are not feeling well, maintain good hand and coughing hygiene, and\u00a0 keep a safe distance to others. Also, follow any instructions given by the organiser of the event. <\/span><\/p>\n<p><a href=\"http:\/\/www.lehtiailosaaressa.fi\/\">http:\/\/www.lehtiailosaaressa.fi\/<\/a><\/p>\n<p>Kuopio <span style=\"float: none;background-color: #ffffff;color: #333333;cursor: text;font-family: 'Libre Franklin','Helvetica Neue',helvetica,arial,sans-serif;font-size: 16px;font-style: normal;font-variant: normal;font-weight: 400;letter-spacing: normal;text-align: left;text-decoration: none;text-indent: 0px;text-transform: none\">10.10.2020<\/span><\/p>\n<p>On Saturday 10 October, UEF students and staff have the opportunity to enjoy the <em>T\u00e4m\u00e4 on ry\u00f6st\u00f6<\/em> play at the Kuopio City Theatre starting at 18.00. Please note that the play will be in Finnish.<\/p>\n<p><span style=\"float: none;background-color: #ffffff;color: #333333;cursor: text;font-family: 'Libre Franklin','Helvetica Neue',helvetica,arial,sans-serif;font-size: 16px;font-style: normal;font-variant: normal;font-weight: 400;letter-spacing: normal;text-align: left;text-decoration: none;text-indent: 0px;text-transform: none\">We are offering the UEF10 theatre event to all UEF students free of charge. <\/span>Please reserve your ticket <a href=\"https:\/\/registration.contio.fi\/uef\/Registration\/Login?id=1696-OPteatteri-2023\">here<\/a>.<\/p>\n<p>The ticket can be picked up in advance from the Kuopio City Theatre from Tuesday 6 October. It is recommended that you pick up your ticket in advance of the play, but if needed, you can collect it also on the day of the play.<\/p>\n<p><span style=\"color: #004000\">Please read the event <a href=\"https:\/\/kuopionkaupunginteatteri.fi\/ajankohtaista\/132\">organiser\u2019s safety guidelines<\/a> (in Finnish).<br \/>\nPlease remember to stay home if you are not feeling well, maintain good hand and coughing hygiene, and\u00a0 keep a safe distance to others. Also, follow any instructions given by the organiser of the event. <\/span><\/p>\n<p>Information about the play (in Finnish):<br \/>\n<a href=\"https:\/\/kuopionkaupunginteatteri.fi\/tamaonryosto\">kuopionkaupunginteatteri.fi\/tamaonryosto<\/a><\/p>\n<h2>Caf\u00e9 Smart science caf\u00e9s<\/h2>\n<p>The University of Eastern Finland \u2018s Caf\u00e9 Smart science caf\u00e9s give the audience a taste of research-based knowledge over a cup of coffee. The science caf\u00e9s are free of charge and open to everyone \u2013 welcome! Our researchers will be delighted to answer your questions. Further information on the jubilee year\u2019s science caf\u00e9s is available at <a href=\"http:\/\/www.uef.fi\/cafesmart\">uef.fi\/cafesmart<\/a><\/p>\n<h2>For students:<\/h2>\n<p><span style=\"font-size: 1rem\">Information about other events organised in connection with the jubilee year can be found at: <a href=\"https:\/\/www.uef.fi\/en\/news-and-events\">https:\/\/www.uef.fi\/en\/news-and-events<\/a><\/span><\/p>\n<h2>UEF10 Anniversary Celebration 20 February 2020<\/h2>\n<p>The UEF 10th Anniversary Celebration was held at the Kuopio Campus in the Snellmania Great Lecture Hall, Sn100, Yliopistonranta 1 E, on Thursday, 20 February 2020, from 12 noon to 2 p.m.<\/p>\n<p>Watch the video from the Anniversary Celebration in YouTube: <a href=\"https:\/\/www.youtube.com\/watch?v=1lLbR0kSwjE\">https:\/\/www.youtube.com\/watch?v=1lLbR0kSwjE<\/a><\/p>\n<h2>For staff: UEF10 festival on 8 November 2019<\/h2>\n<p>The jubilee year was kick started with a staff festival held in the entertainment centre Hojo hojo in Tuusniemi in early November 2019. The festival line-up featured UEF bands and Dance Orchestra Lossimies. The university\u2019s book of anecdotes, Id\u00e4n j\u00e4ttil\u00e4inen, was also launched at the festival. Photos and videos from the festival can be found in Heimo.<\/p>\n","protected":false},"excerpt":{"rendered":"<p>UEF10 jubilee year events Joensuu 2.10.2020 On Friday, 2 October, the Lehti\u00e4 Ilosaaressa festival will rock the city of Joensuu, and UEF students can buy tickets at a student-friendly price of 10 euros! UEF10 tickets are now also available for UEF staff! The festival\u2019s line-up features the Finnish artists Sanni, Evelina, Behm, Mouhous and Gettomasa. &hellip; <\/p>\n<p class=\"link-more\"><a href=\"https:\/\/sites.uef.fi\/uef10\/uef10-jubilee-year-events\/?lang=en\" class=\"more-link\">Jatka lukemista<span class=\"screen-reader-text\"> &#8221;UEF10 jubilee year events&#8221;<\/span><\/a><\/p>\n","protected":false},"author":61,"featured_media":0,"parent":0,"menu_order":0,"comment_status":"closed","ping_status":"closed","template":"","meta":{"_acf_changed":false,"_monsterinsights_skip_tracking":false,"_monsterinsights_sitenote_active":false,"_monsterinsights_sitenote_note":"","_monsterinsights_sitenote_category":0,"footnotes":""},"class_list":["post-121","page","type-page","status-publish","hentry"],"acf":[],"yoast_head":"<!-- This site is optimized with the Yoast SEO plugin v27.3 - https:\/\/yoast.com\/product\/yoast-seo-wordpress\/ -->\n<title>UEF10 jubilee year events - UEF10<\/title>\n<meta name=\"robots\" content=\"index, follow, max-snippet:-1, max-image-preview:large, max-video-preview:-1\" \/>\n<link rel=\"canonical\" href=\"https:\/\/sites.uef.fi\/uef10\/uef10-jubilee-year-events\/?lang=en\" \/>\n<meta property=\"og:locale\" content=\"fi_FI\" \/>\n<meta property=\"og:type\" content=\"article\" \/>\n<meta property=\"og:title\" content=\"UEF10 jubilee year events - UEF10\" \/>\n<meta property=\"og:description\" content=\"UEF10 jubilee year events Joensuu 2.10.2020 On Friday, 2 October, the Lehti\u00e4 Ilosaaressa festival will rock the city of Joensuu, and UEF students can buy tickets at a student-friendly price of 10 euros! UEF10 tickets are now also available for UEF staff! The festival\u2019s line-up features the Finnish artists Sanni, Evelina, Behm, Mouhous and Gettomasa. &hellip; Jatka lukemista &quot;UEF10 jubilee year events&quot;\" \/>\n<meta property=\"og:url\" content=\"https:\/\/sites.uef.fi\/uef10\/uef10-jubilee-year-events\/?lang=en\" \/>\n<meta property=\"og:site_name\" content=\"UEF10\" \/>\n<meta property=\"article:modified_time\" content=\"2020-10-05T12:30:36+00:00\" \/>\n<meta name=\"twitter:card\" content=\"summary_large_image\" \/>\n<meta name=\"twitter:label1\" content=\"Arvioitu lukuaika\" \/>\n\t<meta name=\"twitter:data1\" content=\"3 minuuttia\" \/>\n<script type=\"application\/ld+json\" class=\"yoast-schema-graph\">{\"@context\":\"https:\\\/\\\/schema.org\",\"@graph\":[{\"@type\":\"WebPage\",\"@id\":\"https:\\\/\\\/sites.uef.fi\\\/uef10\\\/uef10-jubilee-year-events\\\/?lang=en\",\"url\":\"https:\\\/\\\/sites.uef.fi\\\/uef10\\\/uef10-jubilee-year-events\\\/?lang=en\",\"name\":\"UEF10 jubilee year events - UEF10\",\"isPartOf\":{\"@id\":\"https:\\\/\\\/sites.uef.fi\\\/uef10\\\/#website\"},\"datePublished\":\"2020-05-28T13:09:38+00:00\",\"dateModified\":\"2020-10-05T12:30:36+00:00\",\"breadcrumb\":{\"@id\":\"https:\\\/\\\/sites.uef.fi\\\/uef10\\\/uef10-jubilee-year-events\\\/?lang=en#breadcrumb\"},\"inLanguage\":\"fi\",\"potentialAction\":[{\"@type\":\"ReadAction\",\"target\":[\"https:\\\/\\\/sites.uef.fi\\\/uef10\\\/uef10-jubilee-year-events\\\/?lang=en\"]}]},{\"@type\":\"BreadcrumbList\",\"@id\":\"https:\\\/\\\/sites.uef.fi\\\/uef10\\\/uef10-jubilee-year-events\\\/?lang=en#breadcrumb\",\"itemListElement\":[{\"@type\":\"ListItem\",\"position\":1,\"name\":\"Home\",\"item\":\"https:\\\/\\\/sites.uef.fi\\\/uef10\\\/\"},{\"@type\":\"ListItem\",\"position\":2,\"name\":\"UEF10 jubilee year events\"}]},{\"@type\":\"WebSite\",\"@id\":\"https:\\\/\\\/sites.uef.fi\\\/uef10\\\/#website\",\"url\":\"https:\\\/\\\/sites.uef.fi\\\/uef10\\\/\",\"name\":\"UEF10\",\"description\":\"\",\"publisher\":{\"@id\":\"https:\\\/\\\/sites.uef.fi\\\/uef10\\\/#organization\"},\"potentialAction\":[{\"@type\":\"SearchAction\",\"target\":{\"@type\":\"EntryPoint\",\"urlTemplate\":\"https:\\\/\\\/sites.uef.fi\\\/uef10\\\/?s={search_term_string}\"},\"query-input\":{\"@type\":\"PropertyValueSpecification\",\"valueRequired\":true,\"valueName\":\"search_term_string\"}}],\"inLanguage\":\"fi\"},{\"@type\":\"Organization\",\"@id\":\"https:\\\/\\\/sites.uef.fi\\\/uef10\\\/#organization\",\"name\":\"UEF10\",\"url\":\"https:\\\/\\\/sites.uef.fi\\\/uef10\\\/\",\"logo\":{\"@type\":\"ImageObject\",\"inLanguage\":\"fi\",\"@id\":\"https:\\\/\\\/sites.uef.fi\\\/uef10\\\/#\\\/schema\\\/logo\\\/image\\\/\",\"url\":\"https:\\\/\\\/sites.uef.fi\\\/uef10\\\/wp-content\\\/uploads\\\/sites\\\/34\\\/2020\\\/04\\\/cropped-UEF_wordpress_white.png\",\"contentUrl\":\"https:\\\/\\\/sites.uef.fi\\\/uef10\\\/wp-content\\\/uploads\\\/sites\\\/34\\\/2020\\\/04\\\/cropped-UEF_wordpress_white.png\",\"width\":250,\"height\":250,\"caption\":\"UEF10\"},\"image\":{\"@id\":\"https:\\\/\\\/sites.uef.fi\\\/uef10\\\/#\\\/schema\\\/logo\\\/image\\\/\"}}]}<\/script>\n<!-- \/ Yoast SEO plugin. -->","yoast_head_json":{"title":"UEF10 jubilee year events - UEF10","robots":{"index":"index","follow":"follow","max-snippet":"max-snippet:-1","max-image-preview":"max-image-preview:large","max-video-preview":"max-video-preview:-1"},"canonical":"https:\/\/sites.uef.fi\/uef10\/uef10-jubilee-year-events\/?lang=en","og_locale":"fi_FI","og_type":"article","og_title":"UEF10 jubilee year events - UEF10","og_description":"UEF10 jubilee year events Joensuu 2.10.2020 On Friday, 2 October, the Lehti\u00e4 Ilosaaressa festival will rock the city of Joensuu, and UEF students can buy tickets at a student-friendly price of 10 euros! UEF10 tickets are now also available for UEF staff! The festival\u2019s line-up features the Finnish artists Sanni, Evelina, Behm, Mouhous and Gettomasa. &hellip; Jatka lukemista \"UEF10 jubilee year events\"","og_url":"https:\/\/sites.uef.fi\/uef10\/uef10-jubilee-year-events\/?lang=en","og_site_name":"UEF10","article_modified_time":"2020-10-05T12:30:36+00:00","twitter_card":"summary_large_image","twitter_misc":{"Arvioitu lukuaika":"3 minuuttia"},"schema":{"@context":"https:\/\/schema.org","@graph":[{"@type":"WebPage","@id":"https:\/\/sites.uef.fi\/uef10\/uef10-jubilee-year-events\/?lang=en","url":"https:\/\/sites.uef.fi\/uef10\/uef10-jubilee-year-events\/?lang=en","name":"UEF10 jubilee year events - UEF10","isPartOf":{"@id":"https:\/\/sites.uef.fi\/uef10\/#website"},"datePublished":"2020-05-28T13:09:38+00:00","dateModified":"2020-10-05T12:30:36+00:00","breadcrumb":{"@id":"https:\/\/sites.uef.fi\/uef10\/uef10-jubilee-year-events\/?lang=en#breadcrumb"},"inLanguage":"fi","potentialAction":[{"@type":"ReadAction","target":["https:\/\/sites.uef.fi\/uef10\/uef10-jubilee-year-events\/?lang=en"]}]},{"@type":"BreadcrumbList","@id":"https:\/\/sites.uef.fi\/uef10\/uef10-jubilee-year-events\/?lang=en#breadcrumb","itemListElement":[{"@type":"ListItem","position":1,"name":"Home","item":"https:\/\/sites.uef.fi\/uef10\/"},{"@type":"ListItem","position":2,"name":"UEF10 jubilee year events"}]},{"@type":"WebSite","@id":"https:\/\/sites.uef.fi\/uef10\/#website","url":"https:\/\/sites.uef.fi\/uef10\/","name":"UEF10","description":"","publisher":{"@id":"https:\/\/sites.uef.fi\/uef10\/#organization"},"potentialAction":[{"@type":"SearchAction","target":{"@type":"EntryPoint","urlTemplate":"https:\/\/sites.uef.fi\/uef10\/?s={search_term_string}"},"query-input":{"@type":"PropertyValueSpecification","valueRequired":true,"valueName":"search_term_string"}}],"inLanguage":"fi"},{"@type":"Organization","@id":"https:\/\/sites.uef.fi\/uef10\/#organization","name":"UEF10","url":"https:\/\/sites.uef.fi\/uef10\/","logo":{"@type":"ImageObject","inLanguage":"fi","@id":"https:\/\/sites.uef.fi\/uef10\/#\/schema\/logo\/image\/","url":"https:\/\/sites.uef.fi\/uef10\/wp-content\/uploads\/sites\/34\/2020\/04\/cropped-UEF_wordpress_white.png","contentUrl":"https:\/\/sites.uef.fi\/uef10\/wp-content\/uploads\/sites\/34\/2020\/04\/cropped-UEF_wordpress_white.png","width":250,"height":250,"caption":"UEF10"},"image":{"@id":"https:\/\/sites.uef.fi\/uef10\/#\/schema\/logo\/image\/"}}]}},"_links":{"self":[{"href":"https:\/\/sites.uef.fi\/uef10\/wp-json\/wp\/v2\/pages\/121","targetHints":{"allow":["GET"]}}],"collection":[{"href":"https:\/\/sites.uef.fi\/uef10\/wp-json\/wp\/v2\/pages"}],"about":[{"href":"https:\/\/sites.uef.fi\/uef10\/wp-json\/wp\/v2\/types\/page"}],"author":[{"embeddable":true,"href":"https:\/\/sites.uef.fi\/uef10\/wp-json\/wp\/v2\/users\/61"}],"replies":[{"embeddable":true,"href":"https:\/\/sites.uef.fi\/uef10\/wp-json\/wp\/v2\/comments?post=121"}],"version-history":[{"count":3,"href":"https:\/\/sites.uef.fi\/uef10\/wp-json\/wp\/v2\/pages\/121\/revisions"}],"predecessor-version":[{"id":339,"href":"https:\/\/sites.uef.fi\/uef10\/wp-json\/wp\/v2\/pages\/121\/revisions\/339"}],"wp:attachment":[{"href":"https:\/\/sites.uef.fi\/uef10\/wp-json\/wp\/v2\/media?parent=121"}],"curies":[{"name":"wp","href":"https:\/\/api.w.org\/{rel}","templated":true}]}}