{"id":16,"date":"2020-04-03T13:24:43","date_gmt":"2020-04-03T10:24:43","guid":{"rendered":"https:\/\/sites.uef.fi\/uef10\/?page_id=16"},"modified":"2020-05-20T13:18:59","modified_gmt":"2020-05-20T10:18:59","slug":"etusivu","status":"publish","type":"page","link":"https:\/\/sites.uef.fi\/uef10\/","title":{"rendered":"Etusivu"},"content":{"rendered":"<h1>It\u00e4-Suomen yliopisto 10 vuotta!<\/h1>\n<p>It\u00e4-Suomen yliopisto t\u00e4ytt\u00e4\u00e4 10 vuotta vuonna 2020. Juhlavuoden ohjelmaan p\u00e4\u00e4see tutustumaan vasemmasta reunapalkista kohderyhmitt\u00e4in. Tapahtumat on suunnattu niin UEFin opiskelijoille, henkil\u00f6kunnalle, alumneille kuin suurelle yleis\u00f6llekin.<\/p>\n<p>It\u00e4-Suomen yliopisto (University of Eastern Finland, UEF) syntyi vuoden 2010 alussa, kun Joensuun ja Kuopion yliopistot p\u00e4\u00e4ttiv\u00e4t yhdist\u00e4\u00e4 voimansa tiivist\u00e4\u00e4kseen it\u00e4suomalaista yhteisty\u00f6t\u00e4. Yliopistojen yhdistymiseen kannusti my\u00f6s Opetusministeri\u00f6n maaliskuussa 2006 julkaisema korkeakoulujen rakenteellisen kehitt\u00e4misen periaatemuistio, jolla pyrittiin vahvistamaan tutkimus- ja innovaatioj\u00e4rjestelm\u00e4\u00e4mme edist\u00e4m\u00e4ll\u00e4 yliopistojen verkostoitumista, profiloitumista ja kansainv\u00e4listymist\u00e4.<\/p>\n<p>Kuluneiden kymmenen vuoden aikana It\u00e4-Suomen yliopistosta on tullut er\u00e4s monialaisimmista ja erilaisin mittarein arvioituna yksi vahvimmista yliopistoissa maassamme, eik\u00e4 sen kansainv\u00e4list\u00e4 asemaa voida kiist\u00e4\u00e4.<\/p>\n<p>Kymmenvuotisjuhlavuotensa kunniaksi UEF lahjoittaa 10 000 euroa Luonnonperint\u00f6s\u00e4\u00e4ti\u00f6n kanssa toteutettavaan UEF10-suo -kampanjaan, jonka tuotolla perustetaan It\u00e4-Suomeen yksityinen suoluonnon suojelualue virkistys- ja tutkimusk\u00e4ytt\u00f6\u00f6n.<\/p>\n<p><a href=\"https:\/\/www.uef.fi\"><img loading=\"lazy\" decoding=\"async\" class=\"size-medium wp-image-63 alignnone\" src=\"https:\/\/sites.uef.fi\/uef10\/wp-content\/uploads\/sites\/34\/2020\/04\/UEF10_Sahkoposti-logo-294x300.png\" alt=\"\" width=\"294\" height=\"300\" srcset=\"https:\/\/sites.uef.fi\/uef10\/wp-content\/uploads\/sites\/34\/2020\/04\/UEF10_Sahkoposti-logo-294x300.png 294w, https:\/\/sites.uef.fi\/uef10\/wp-content\/uploads\/sites\/34\/2020\/04\/UEF10_Sahkoposti-logo.png 530w\" sizes=\"auto, (max-width: 294px) 100vw, 294px\" \/><\/a><\/p>\n<h2>Lis\u00e4tietoja<\/h2>\n<p>Tiedustelut s\u00e4hk\u00f6postitse osoitteeseen uef-tapahtumat (at) uef.fi<\/p>\n","protected":false},"excerpt":{"rendered":"<p>It\u00e4-Suomen yliopisto 10 vuotta! It\u00e4-Suomen yliopisto t\u00e4ytt\u00e4\u00e4 10 vuotta vuonna 2020. Juhlavuoden ohjelmaan p\u00e4\u00e4see tutustumaan vasemmasta reunapalkista kohderyhmitt\u00e4in. Tapahtumat on suunnattu niin UEFin opiskelijoille, henkil\u00f6kunnalle, alumneille kuin suurelle yleis\u00f6llekin. It\u00e4-Suomen yliopisto (University of Eastern Finland, UEF) syntyi vuoden 2010 alussa, kun Joensuun ja Kuopion yliopistot p\u00e4\u00e4ttiv\u00e4t yhdist\u00e4\u00e4 voimansa tiivist\u00e4\u00e4kseen it\u00e4suomalaista yhteisty\u00f6t\u00e4. Yliopistojen yhdistymiseen kannusti my\u00f6s &hellip; <\/p>\n<p class=\"link-more\"><a href=\"https:\/\/sites.uef.fi\/uef10\/\" class=\"more-link\">Jatka lukemista<span class=\"screen-reader-text\"> &#8221;Etusivu&#8221;<\/span><\/a><\/p>\n","protected":false},"author":2,"featured_media":0,"parent":0,"menu_order":0,"comment_status":"closed","ping_status":"closed","template":"","meta":{"_acf_changed":false,"_monsterinsights_skip_tracking":false,"_monsterinsights_sitenote_active":false,"_monsterinsights_sitenote_note":"","_monsterinsights_sitenote_category":0,"footnotes":""},"class_list":["post-16","page","type-page","status-publish","hentry"],"acf":[],"yoast_head":"<!-- This site is optimized with the Yoast SEO plugin v27.3 - https:\/\/yoast.com\/product\/yoast-seo-wordpress\/ -->\n<title>Etusivu - UEF10<\/title>\n<meta name=\"robots\" content=\"index, follow, max-snippet:-1, max-image-preview:large, max-video-preview:-1\" \/>\n<link rel=\"canonical\" href=\"https:\/\/sites.uef.fi\/uef10\/\" \/>\n<meta property=\"og:locale\" content=\"fi_FI\" \/>\n<meta property=\"og:type\" content=\"article\" \/>\n<meta property=\"og:title\" content=\"Etusivu - UEF10\" \/>\n<meta property=\"og:description\" content=\"It\u00e4-Suomen yliopisto 10 vuotta! It\u00e4-Suomen yliopisto t\u00e4ytt\u00e4\u00e4 10 vuotta vuonna 2020. Juhlavuoden ohjelmaan p\u00e4\u00e4see tutustumaan vasemmasta reunapalkista kohderyhmitt\u00e4in. Tapahtumat on suunnattu niin UEFin opiskelijoille, henkil\u00f6kunnalle, alumneille kuin suurelle yleis\u00f6llekin. It\u00e4-Suomen yliopisto (University of Eastern Finland, UEF) syntyi vuoden 2010 alussa, kun Joensuun ja Kuopion yliopistot p\u00e4\u00e4ttiv\u00e4t yhdist\u00e4\u00e4 voimansa tiivist\u00e4\u00e4kseen it\u00e4suomalaista yhteisty\u00f6t\u00e4. Yliopistojen yhdistymiseen kannusti my\u00f6s &hellip; Jatka lukemista &quot;Etusivu&quot;\" \/>\n<meta property=\"og:url\" content=\"https:\/\/sites.uef.fi\/uef10\/\" \/>\n<meta property=\"og:site_name\" content=\"UEF10\" \/>\n<meta property=\"article:modified_time\" content=\"2020-05-20T10:18:59+00:00\" \/>\n<meta property=\"og:image\" content=\"https:\/\/sites.uef.fi\/uef10\/wp-content\/uploads\/sites\/34\/2020\/04\/UEF10_Sahkoposti-logo-294x300.png\" \/>\n<meta name=\"twitter:card\" content=\"summary_large_image\" \/>\n<meta name=\"twitter:label1\" content=\"Arvioitu lukuaika\" \/>\n\t<meta name=\"twitter:data1\" content=\"1 minuutti\" \/>\n<script type=\"application\/ld+json\" class=\"yoast-schema-graph\">{\"@context\":\"https:\\\/\\\/schema.org\",\"@graph\":[{\"@type\":\"WebPage\",\"@id\":\"https:\\\/\\\/sites.uef.fi\\\/uef10\\\/\",\"url\":\"https:\\\/\\\/sites.uef.fi\\\/uef10\\\/\",\"name\":\"Etusivu - UEF10\",\"isPartOf\":{\"@id\":\"https:\\\/\\\/sites.uef.fi\\\/uef10\\\/#website\"},\"primaryImageOfPage\":{\"@id\":\"https:\\\/\\\/sites.uef.fi\\\/uef10\\\/#primaryimage\"},\"image\":{\"@id\":\"https:\\\/\\\/sites.uef.fi\\\/uef10\\\/#primaryimage\"},\"thumbnailUrl\":\"https:\\\/\\\/sites.uef.fi\\\/uef10\\\/wp-content\\\/uploads\\\/sites\\\/34\\\/2020\\\/04\\\/UEF10_Sahkoposti-logo-294x300.png\",\"datePublished\":\"2020-04-03T10:24:43+00:00\",\"dateModified\":\"2020-05-20T10:18:59+00:00\",\"breadcrumb\":{\"@id\":\"https:\\\/\\\/sites.uef.fi\\\/uef10\\\/#breadcrumb\"},\"inLanguage\":\"fi\",\"potentialAction\":[{\"@type\":\"ReadAction\",\"target\":[\"https:\\\/\\\/sites.uef.fi\\\/uef10\\\/\"]}]},{\"@type\":\"ImageObject\",\"inLanguage\":\"fi\",\"@id\":\"https:\\\/\\\/sites.uef.fi\\\/uef10\\\/#primaryimage\",\"url\":\"https:\\\/\\\/sites.uef.fi\\\/uef10\\\/wp-content\\\/uploads\\\/sites\\\/34\\\/2020\\\/04\\\/UEF10_Sahkoposti-logo.png\",\"contentUrl\":\"https:\\\/\\\/sites.uef.fi\\\/uef10\\\/wp-content\\\/uploads\\\/sites\\\/34\\\/2020\\\/04\\\/UEF10_Sahkoposti-logo.png\",\"width\":530,\"height\":540,\"caption\":\"Yliopiston logo ja linkki p\u00e4\u00e4sivustolle\"},{\"@type\":\"BreadcrumbList\",\"@id\":\"https:\\\/\\\/sites.uef.fi\\\/uef10\\\/#breadcrumb\",\"itemListElement\":[{\"@type\":\"ListItem\",\"position\":1,\"name\":\"Home\",\"item\":\"https:\\\/\\\/sites.uef.fi\\\/uef10\\\/\"},{\"@type\":\"ListItem\",\"position\":2,\"name\":\"Etusivu\"}]},{\"@type\":\"WebSite\",\"@id\":\"https:\\\/\\\/sites.uef.fi\\\/uef10\\\/#website\",\"url\":\"https:\\\/\\\/sites.uef.fi\\\/uef10\\\/\",\"name\":\"UEF10\",\"description\":\"\",\"publisher\":{\"@id\":\"https:\\\/\\\/sites.uef.fi\\\/uef10\\\/#organization\"},\"potentialAction\":[{\"@type\":\"SearchAction\",\"target\":{\"@type\":\"EntryPoint\",\"urlTemplate\":\"https:\\\/\\\/sites.uef.fi\\\/uef10\\\/?s={search_term_string}\"},\"query-input\":{\"@type\":\"PropertyValueSpecification\",\"valueRequired\":true,\"valueName\":\"search_term_string\"}}],\"inLanguage\":\"fi\"},{\"@type\":\"Organization\",\"@id\":\"https:\\\/\\\/sites.uef.fi\\\/uef10\\\/#organization\",\"name\":\"UEF10\",\"url\":\"https:\\\/\\\/sites.uef.fi\\\/uef10\\\/\",\"logo\":{\"@type\":\"ImageObject\",\"inLanguage\":\"fi\",\"@id\":\"https:\\\/\\\/sites.uef.fi\\\/uef10\\\/#\\\/schema\\\/logo\\\/image\\\/\",\"url\":\"https:\\\/\\\/sites.uef.fi\\\/uef10\\\/wp-content\\\/uploads\\\/sites\\\/34\\\/2020\\\/04\\\/cropped-UEF_wordpress_white.png\",\"contentUrl\":\"https:\\\/\\\/sites.uef.fi\\\/uef10\\\/wp-content\\\/uploads\\\/sites\\\/34\\\/2020\\\/04\\\/cropped-UEF_wordpress_white.png\",\"width\":250,\"height\":250,\"caption\":\"UEF10\"},\"image\":{\"@id\":\"https:\\\/\\\/sites.uef.fi\\\/uef10\\\/#\\\/schema\\\/logo\\\/image\\\/\"}}]}<\/script>\n<!-- \/ Yoast SEO plugin. -->","yoast_head_json":{"title":"Etusivu - UEF10","robots":{"index":"index","follow":"follow","max-snippet":"max-snippet:-1","max-image-preview":"max-image-preview:large","max-video-preview":"max-video-preview:-1"},"canonical":"https:\/\/sites.uef.fi\/uef10\/","og_locale":"fi_FI","og_type":"article","og_title":"Etusivu - UEF10","og_description":"It\u00e4-Suomen yliopisto 10 vuotta! It\u00e4-Suomen yliopisto t\u00e4ytt\u00e4\u00e4 10 vuotta vuonna 2020. Juhlavuoden ohjelmaan p\u00e4\u00e4see tutustumaan vasemmasta reunapalkista kohderyhmitt\u00e4in. Tapahtumat on suunnattu niin UEFin opiskelijoille, henkil\u00f6kunnalle, alumneille kuin suurelle yleis\u00f6llekin. It\u00e4-Suomen yliopisto (University of Eastern Finland, UEF) syntyi vuoden 2010 alussa, kun Joensuun ja Kuopion yliopistot p\u00e4\u00e4ttiv\u00e4t yhdist\u00e4\u00e4 voimansa tiivist\u00e4\u00e4kseen it\u00e4suomalaista yhteisty\u00f6t\u00e4. Yliopistojen yhdistymiseen kannusti my\u00f6s &hellip; Jatka lukemista \"Etusivu\"","og_url":"https:\/\/sites.uef.fi\/uef10\/","og_site_name":"UEF10","article_modified_time":"2020-05-20T10:18:59+00:00","og_image":[{"url":"https:\/\/sites.uef.fi\/uef10\/wp-content\/uploads\/sites\/34\/2020\/04\/UEF10_Sahkoposti-logo-294x300.png","type":"","width":"","height":""}],"twitter_card":"summary_large_image","twitter_misc":{"Arvioitu lukuaika":"1 minuutti"},"schema":{"@context":"https:\/\/schema.org","@graph":[{"@type":"WebPage","@id":"https:\/\/sites.uef.fi\/uef10\/","url":"https:\/\/sites.uef.fi\/uef10\/","name":"Etusivu - UEF10","isPartOf":{"@id":"https:\/\/sites.uef.fi\/uef10\/#website"},"primaryImageOfPage":{"@id":"https:\/\/sites.uef.fi\/uef10\/#primaryimage"},"image":{"@id":"https:\/\/sites.uef.fi\/uef10\/#primaryimage"},"thumbnailUrl":"https:\/\/sites.uef.fi\/uef10\/wp-content\/uploads\/sites\/34\/2020\/04\/UEF10_Sahkoposti-logo-294x300.png","datePublished":"2020-04-03T10:24:43+00:00","dateModified":"2020-05-20T10:18:59+00:00","breadcrumb":{"@id":"https:\/\/sites.uef.fi\/uef10\/#breadcrumb"},"inLanguage":"fi","potentialAction":[{"@type":"ReadAction","target":["https:\/\/sites.uef.fi\/uef10\/"]}]},{"@type":"ImageObject","inLanguage":"fi","@id":"https:\/\/sites.uef.fi\/uef10\/#primaryimage","url":"https:\/\/sites.uef.fi\/uef10\/wp-content\/uploads\/sites\/34\/2020\/04\/UEF10_Sahkoposti-logo.png","contentUrl":"https:\/\/sites.uef.fi\/uef10\/wp-content\/uploads\/sites\/34\/2020\/04\/UEF10_Sahkoposti-logo.png","width":530,"height":540,"caption":"Yliopiston logo ja linkki p\u00e4\u00e4sivustolle"},{"@type":"BreadcrumbList","@id":"https:\/\/sites.uef.fi\/uef10\/#breadcrumb","itemListElement":[{"@type":"ListItem","position":1,"name":"Home","item":"https:\/\/sites.uef.fi\/uef10\/"},{"@type":"ListItem","position":2,"name":"Etusivu"}]},{"@type":"WebSite","@id":"https:\/\/sites.uef.fi\/uef10\/#website","url":"https:\/\/sites.uef.fi\/uef10\/","name":"UEF10","description":"","publisher":{"@id":"https:\/\/sites.uef.fi\/uef10\/#organization"},"potentialAction":[{"@type":"SearchAction","target":{"@type":"EntryPoint","urlTemplate":"https:\/\/sites.uef.fi\/uef10\/?s={search_term_string}"},"query-input":{"@type":"PropertyValueSpecification","valueRequired":true,"valueName":"search_term_string"}}],"inLanguage":"fi"},{"@type":"Organization","@id":"https:\/\/sites.uef.fi\/uef10\/#organization","name":"UEF10","url":"https:\/\/sites.uef.fi\/uef10\/","logo":{"@type":"ImageObject","inLanguage":"fi","@id":"https:\/\/sites.uef.fi\/uef10\/#\/schema\/logo\/image\/","url":"https:\/\/sites.uef.fi\/uef10\/wp-content\/uploads\/sites\/34\/2020\/04\/cropped-UEF_wordpress_white.png","contentUrl":"https:\/\/sites.uef.fi\/uef10\/wp-content\/uploads\/sites\/34\/2020\/04\/cropped-UEF_wordpress_white.png","width":250,"height":250,"caption":"UEF10"},"image":{"@id":"https:\/\/sites.uef.fi\/uef10\/#\/schema\/logo\/image\/"}}]}},"_links":{"self":[{"href":"https:\/\/sites.uef.fi\/uef10\/wp-json\/wp\/v2\/pages\/16","targetHints":{"allow":["GET"]}}],"collection":[{"href":"https:\/\/sites.uef.fi\/uef10\/wp-json\/wp\/v2\/pages"}],"about":[{"href":"https:\/\/sites.uef.fi\/uef10\/wp-json\/wp\/v2\/types\/page"}],"author":[{"embeddable":true,"href":"https:\/\/sites.uef.fi\/uef10\/wp-json\/wp\/v2\/users\/2"}],"replies":[{"embeddable":true,"href":"https:\/\/sites.uef.fi\/uef10\/wp-json\/wp\/v2\/comments?post=16"}],"version-history":[{"count":2,"href":"https:\/\/sites.uef.fi\/uef10\/wp-json\/wp\/v2\/pages\/16\/revisions"}],"predecessor-version":[{"id":74,"href":"https:\/\/sites.uef.fi\/uef10\/wp-json\/wp\/v2\/pages\/16\/revisions\/74"}],"wp:attachment":[{"href":"https:\/\/sites.uef.fi\/uef10\/wp-json\/wp\/v2\/media?parent=16"}],"curies":[{"name":"wp","href":"https:\/\/api.w.org\/{rel}","templated":true}]}}