{"id":77,"date":"2020-05-20T13:21:50","date_gmt":"2020-05-20T10:21:50","guid":{"rendered":"https:\/\/sites.uef.fi\/uef10\/?page_id=77"},"modified":"2020-12-16T14:46:12","modified_gmt":"2020-12-16T12:46:12","slug":"ohjelma","status":"publish","type":"page","link":"https:\/\/sites.uef.fi\/uef10\/ohjelma\/","title":{"rendered":"Tapahtumat"},"content":{"rendered":"<h1 id=\"yui_patched_v3_11_0_1_1589969919322_441\">UEF10-juhlavuoden ohjelma<\/h1>\n<p><strong>Vuosijuhla 20.2.2020<\/strong><br \/>\nYliopiston 10-vuotisjuhlavuoden p\u00e4\u00e4juhlaa vietettiin torstaina 20.2.2020 Kuopion kampuksella. Katso vuosijuhlan tallenne YouTubessa: <a href=\"https:\/\/www.youtube.com\/watch?v=1lLbR0kSwjE\">https:\/\/www.youtube.com\/watch?v=1lLbR0kSwjE<\/a><\/p>\n<p><strong>Henkil\u00f6st\u00f6lle<\/strong>:<br \/>\nUEF10-festarit 8.11.2019<br \/>\nL\u00e4ht\u00f6laukauksena juhlavuoteen henkil\u00f6st\u00f6lle j\u00e4rjestettiin Tuusniemell\u00e4 Viihdekeskus Hojo hojossa marraskuun alussa 2019 festarit, joilla esiintyi ueflaisten omia b\u00e4ndej\u00e4 sek\u00e4 Tanssiorkesteri Lossimies. Tapahtumassa my\u00f6s julkistettiin It\u00e4-Suomen yliopiston kaskukirja Id\u00e4n j\u00e4ttil\u00e4inen. Kuvia ja videoita festareilta l\u00f6ytyy Heimosta.<\/p>\n<p><strong>Juhlavuoden opiskelijatapahtumat:<\/strong><\/p>\n<p>Perjantaina 2.10. Joensuussa j\u00e4rjestettyyn syysfestivaaliin Lehti\u00e4 Ilosaaressa oli varattu rajoitettu m\u00e4\u00e4r\u00e4 lippuja UEF-opiskelijoille ja henkil\u00f6kunnalle kymmenen euron hintaan. Esiintyjin\u00e4 tapahtumassa olivat Sanni, Evelina, Behm, Mouhous ja Gettomasa.<\/p>\n<p>Lauantaina 10.10. Kuopiossa nautiskeltiin Kuopion kaupunginteatterin esityksest\u00e4 T\u00e4m\u00e4 on ry\u00f6st\u00f6. N\u00e4yt\u00f6s oli varattu kokonaan UEFin v\u00e4elle.<\/p>\n<p><strong>Muut tapahtumat<\/strong><br \/>\nAjankohtaisista It\u00e4-Suomen yliopiston tapahtumista lis\u00e4tietoa t\u00e4\u00e4ll\u00e4: <a href=\"https:\/\/www.uef.fi\/fi\/events\">uef.fi\/ajassa\/tapahtumat<\/a><\/p>\n<p>&nbsp;<\/p>\n","protected":false},"excerpt":{"rendered":"<p>UEF10-juhlavuoden ohjelma Vuosijuhla 20.2.2020 Yliopiston 10-vuotisjuhlavuoden p\u00e4\u00e4juhlaa vietettiin torstaina 20.2.2020 Kuopion kampuksella. Katso vuosijuhlan tallenne YouTubessa: https:\/\/www.youtube.com\/watch?v=1lLbR0kSwjE Henkil\u00f6st\u00f6lle: UEF10-festarit 8.11.2019 L\u00e4ht\u00f6laukauksena juhlavuoteen henkil\u00f6st\u00f6lle j\u00e4rjestettiin Tuusniemell\u00e4 Viihdekeskus Hojo hojossa marraskuun alussa 2019 festarit, joilla esiintyi ueflaisten omia b\u00e4ndej\u00e4 sek\u00e4 Tanssiorkesteri Lossimies. Tapahtumassa my\u00f6s julkistettiin It\u00e4-Suomen yliopiston kaskukirja Id\u00e4n j\u00e4ttil\u00e4inen. Kuvia ja videoita festareilta l\u00f6ytyy Heimosta. Juhlavuoden &hellip; <\/p>\n<p class=\"link-more\"><a href=\"https:\/\/sites.uef.fi\/uef10\/ohjelma\/\" class=\"more-link\">Jatka lukemista<span class=\"screen-reader-text\"> &#8221;Tapahtumat&#8221;<\/span><\/a><\/p>\n","protected":false},"author":61,"featured_media":0,"parent":0,"menu_order":0,"comment_status":"closed","ping_status":"closed","template":"","meta":{"_acf_changed":false,"_monsterinsights_skip_tracking":false,"_monsterinsights_sitenote_active":false,"_monsterinsights_sitenote_note":"","_monsterinsights_sitenote_category":0,"footnotes":""},"class_list":["post-77","page","type-page","status-publish","hentry"],"acf":[],"yoast_head":"<!-- This site is optimized with the Yoast SEO plugin v27.3 - https:\/\/yoast.com\/product\/yoast-seo-wordpress\/ -->\n<title>Tapahtumat - UEF10<\/title>\n<meta name=\"robots\" content=\"index, follow, max-snippet:-1, max-image-preview:large, max-video-preview:-1\" \/>\n<link rel=\"canonical\" href=\"https:\/\/sites.uef.fi\/uef10\/ohjelma\/\" \/>\n<meta property=\"og:locale\" content=\"fi_FI\" \/>\n<meta property=\"og:type\" content=\"article\" \/>\n<meta property=\"og:title\" content=\"Tapahtumat - UEF10\" \/>\n<meta property=\"og:description\" content=\"UEF10-juhlavuoden ohjelma Vuosijuhla 20.2.2020 Yliopiston 10-vuotisjuhlavuoden p\u00e4\u00e4juhlaa vietettiin torstaina 20.2.2020 Kuopion kampuksella. Katso vuosijuhlan tallenne YouTubessa: https:\/\/www.youtube.com\/watch?v=1lLbR0kSwjE Henkil\u00f6st\u00f6lle: UEF10-festarit 8.11.2019 L\u00e4ht\u00f6laukauksena juhlavuoteen henkil\u00f6st\u00f6lle j\u00e4rjestettiin Tuusniemell\u00e4 Viihdekeskus Hojo hojossa marraskuun alussa 2019 festarit, joilla esiintyi ueflaisten omia b\u00e4ndej\u00e4 sek\u00e4 Tanssiorkesteri Lossimies. Tapahtumassa my\u00f6s julkistettiin It\u00e4-Suomen yliopiston kaskukirja Id\u00e4n j\u00e4ttil\u00e4inen. Kuvia ja videoita festareilta l\u00f6ytyy Heimosta. Juhlavuoden &hellip; Jatka lukemista &quot;Tapahtumat&quot;\" \/>\n<meta property=\"og:url\" content=\"https:\/\/sites.uef.fi\/uef10\/ohjelma\/\" \/>\n<meta property=\"og:site_name\" content=\"UEF10\" \/>\n<meta property=\"article:modified_time\" content=\"2020-12-16T12:46:12+00:00\" \/>\n<meta name=\"twitter:card\" content=\"summary_large_image\" \/>\n<meta name=\"twitter:label1\" content=\"Arvioitu lukuaika\" \/>\n\t<meta name=\"twitter:data1\" content=\"1 minuutti\" \/>\n<script type=\"application\/ld+json\" class=\"yoast-schema-graph\">{\"@context\":\"https:\\\/\\\/schema.org\",\"@graph\":[{\"@type\":\"WebPage\",\"@id\":\"https:\\\/\\\/sites.uef.fi\\\/uef10\\\/ohjelma\\\/\",\"url\":\"https:\\\/\\\/sites.uef.fi\\\/uef10\\\/ohjelma\\\/\",\"name\":\"Tapahtumat - UEF10\",\"isPartOf\":{\"@id\":\"https:\\\/\\\/sites.uef.fi\\\/uef10\\\/#website\"},\"datePublished\":\"2020-05-20T10:21:50+00:00\",\"dateModified\":\"2020-12-16T12:46:12+00:00\",\"breadcrumb\":{\"@id\":\"https:\\\/\\\/sites.uef.fi\\\/uef10\\\/ohjelma\\\/#breadcrumb\"},\"inLanguage\":\"fi\",\"potentialAction\":[{\"@type\":\"ReadAction\",\"target\":[\"https:\\\/\\\/sites.uef.fi\\\/uef10\\\/ohjelma\\\/\"]}]},{\"@type\":\"BreadcrumbList\",\"@id\":\"https:\\\/\\\/sites.uef.fi\\\/uef10\\\/ohjelma\\\/#breadcrumb\",\"itemListElement\":[{\"@type\":\"ListItem\",\"position\":1,\"name\":\"Home\",\"item\":\"https:\\\/\\\/sites.uef.fi\\\/uef10\\\/\"},{\"@type\":\"ListItem\",\"position\":2,\"name\":\"Tapahtumat\"}]},{\"@type\":\"WebSite\",\"@id\":\"https:\\\/\\\/sites.uef.fi\\\/uef10\\\/#website\",\"url\":\"https:\\\/\\\/sites.uef.fi\\\/uef10\\\/\",\"name\":\"UEF10\",\"description\":\"\",\"publisher\":{\"@id\":\"https:\\\/\\\/sites.uef.fi\\\/uef10\\\/#organization\"},\"potentialAction\":[{\"@type\":\"SearchAction\",\"target\":{\"@type\":\"EntryPoint\",\"urlTemplate\":\"https:\\\/\\\/sites.uef.fi\\\/uef10\\\/?s={search_term_string}\"},\"query-input\":{\"@type\":\"PropertyValueSpecification\",\"valueRequired\":true,\"valueName\":\"search_term_string\"}}],\"inLanguage\":\"fi\"},{\"@type\":\"Organization\",\"@id\":\"https:\\\/\\\/sites.uef.fi\\\/uef10\\\/#organization\",\"name\":\"UEF10\",\"url\":\"https:\\\/\\\/sites.uef.fi\\\/uef10\\\/\",\"logo\":{\"@type\":\"ImageObject\",\"inLanguage\":\"fi\",\"@id\":\"https:\\\/\\\/sites.uef.fi\\\/uef10\\\/#\\\/schema\\\/logo\\\/image\\\/\",\"url\":\"https:\\\/\\\/sites.uef.fi\\\/uef10\\\/wp-content\\\/uploads\\\/sites\\\/34\\\/2020\\\/04\\\/cropped-UEF_wordpress_white.png\",\"contentUrl\":\"https:\\\/\\\/sites.uef.fi\\\/uef10\\\/wp-content\\\/uploads\\\/sites\\\/34\\\/2020\\\/04\\\/cropped-UEF_wordpress_white.png\",\"width\":250,\"height\":250,\"caption\":\"UEF10\"},\"image\":{\"@id\":\"https:\\\/\\\/sites.uef.fi\\\/uef10\\\/#\\\/schema\\\/logo\\\/image\\\/\"}}]}<\/script>\n<!-- \/ Yoast SEO plugin. -->","yoast_head_json":{"title":"Tapahtumat - UEF10","robots":{"index":"index","follow":"follow","max-snippet":"max-snippet:-1","max-image-preview":"max-image-preview:large","max-video-preview":"max-video-preview:-1"},"canonical":"https:\/\/sites.uef.fi\/uef10\/ohjelma\/","og_locale":"fi_FI","og_type":"article","og_title":"Tapahtumat - UEF10","og_description":"UEF10-juhlavuoden ohjelma Vuosijuhla 20.2.2020 Yliopiston 10-vuotisjuhlavuoden p\u00e4\u00e4juhlaa vietettiin torstaina 20.2.2020 Kuopion kampuksella. Katso vuosijuhlan tallenne YouTubessa: https:\/\/www.youtube.com\/watch?v=1lLbR0kSwjE Henkil\u00f6st\u00f6lle: UEF10-festarit 8.11.2019 L\u00e4ht\u00f6laukauksena juhlavuoteen henkil\u00f6st\u00f6lle j\u00e4rjestettiin Tuusniemell\u00e4 Viihdekeskus Hojo hojossa marraskuun alussa 2019 festarit, joilla esiintyi ueflaisten omia b\u00e4ndej\u00e4 sek\u00e4 Tanssiorkesteri Lossimies. Tapahtumassa my\u00f6s julkistettiin It\u00e4-Suomen yliopiston kaskukirja Id\u00e4n j\u00e4ttil\u00e4inen. Kuvia ja videoita festareilta l\u00f6ytyy Heimosta. Juhlavuoden &hellip; Jatka lukemista \"Tapahtumat\"","og_url":"https:\/\/sites.uef.fi\/uef10\/ohjelma\/","og_site_name":"UEF10","article_modified_time":"2020-12-16T12:46:12+00:00","twitter_card":"summary_large_image","twitter_misc":{"Arvioitu lukuaika":"1 minuutti"},"schema":{"@context":"https:\/\/schema.org","@graph":[{"@type":"WebPage","@id":"https:\/\/sites.uef.fi\/uef10\/ohjelma\/","url":"https:\/\/sites.uef.fi\/uef10\/ohjelma\/","name":"Tapahtumat - UEF10","isPartOf":{"@id":"https:\/\/sites.uef.fi\/uef10\/#website"},"datePublished":"2020-05-20T10:21:50+00:00","dateModified":"2020-12-16T12:46:12+00:00","breadcrumb":{"@id":"https:\/\/sites.uef.fi\/uef10\/ohjelma\/#breadcrumb"},"inLanguage":"fi","potentialAction":[{"@type":"ReadAction","target":["https:\/\/sites.uef.fi\/uef10\/ohjelma\/"]}]},{"@type":"BreadcrumbList","@id":"https:\/\/sites.uef.fi\/uef10\/ohjelma\/#breadcrumb","itemListElement":[{"@type":"ListItem","position":1,"name":"Home","item":"https:\/\/sites.uef.fi\/uef10\/"},{"@type":"ListItem","position":2,"name":"Tapahtumat"}]},{"@type":"WebSite","@id":"https:\/\/sites.uef.fi\/uef10\/#website","url":"https:\/\/sites.uef.fi\/uef10\/","name":"UEF10","description":"","publisher":{"@id":"https:\/\/sites.uef.fi\/uef10\/#organization"},"potentialAction":[{"@type":"SearchAction","target":{"@type":"EntryPoint","urlTemplate":"https:\/\/sites.uef.fi\/uef10\/?s={search_term_string}"},"query-input":{"@type":"PropertyValueSpecification","valueRequired":true,"valueName":"search_term_string"}}],"inLanguage":"fi"},{"@type":"Organization","@id":"https:\/\/sites.uef.fi\/uef10\/#organization","name":"UEF10","url":"https:\/\/sites.uef.fi\/uef10\/","logo":{"@type":"ImageObject","inLanguage":"fi","@id":"https:\/\/sites.uef.fi\/uef10\/#\/schema\/logo\/image\/","url":"https:\/\/sites.uef.fi\/uef10\/wp-content\/uploads\/sites\/34\/2020\/04\/cropped-UEF_wordpress_white.png","contentUrl":"https:\/\/sites.uef.fi\/uef10\/wp-content\/uploads\/sites\/34\/2020\/04\/cropped-UEF_wordpress_white.png","width":250,"height":250,"caption":"UEF10"},"image":{"@id":"https:\/\/sites.uef.fi\/uef10\/#\/schema\/logo\/image\/"}}]}},"_links":{"self":[{"href":"https:\/\/sites.uef.fi\/uef10\/wp-json\/wp\/v2\/pages\/77","targetHints":{"allow":["GET"]}}],"collection":[{"href":"https:\/\/sites.uef.fi\/uef10\/wp-json\/wp\/v2\/pages"}],"about":[{"href":"https:\/\/sites.uef.fi\/uef10\/wp-json\/wp\/v2\/types\/page"}],"author":[{"embeddable":true,"href":"https:\/\/sites.uef.fi\/uef10\/wp-json\/wp\/v2\/users\/61"}],"replies":[{"embeddable":true,"href":"https:\/\/sites.uef.fi\/uef10\/wp-json\/wp\/v2\/comments?post=77"}],"version-history":[{"count":4,"href":"https:\/\/sites.uef.fi\/uef10\/wp-json\/wp\/v2\/pages\/77\/revisions"}],"predecessor-version":[{"id":363,"href":"https:\/\/sites.uef.fi\/uef10\/wp-json\/wp\/v2\/pages\/77\/revisions\/363"}],"wp:attachment":[{"href":"https:\/\/sites.uef.fi\/uef10\/wp-json\/wp\/v2\/media?parent=77"}],"curies":[{"name":"wp","href":"https:\/\/api.w.org\/{rel}","templated":true}]}}