{"id":83,"date":"2020-05-20T13:22:08","date_gmt":"2020-05-20T10:22:08","guid":{"rendered":"https:\/\/sites.uef.fi\/uef10\/?page_id=83"},"modified":"2020-06-01T13:55:17","modified_gmt":"2020-06-01T10:55:17","slug":"julkaisut-ja-tuotteet","status":"publish","type":"page","link":"https:\/\/sites.uef.fi\/uef10\/julkaisut-ja-tuotteet\/","title":{"rendered":"Julkaisut ja tuotteet"},"content":{"rendered":"<h1>Julkaisut, tuotteet ja kampanjat<\/h1>\n<h2>It\u00e4-Suomen yliopisto \u2013 reformi ja sen tekij\u00e4t -kirja<\/h2>\n<p>It\u00e4-Suomen yliopiston historiakirja \u201d<em>It\u00e4-Suomen yliopisto \u2013 Reformi ja sen tekij\u00e4t<\/em>\u201d on ensimm\u00e4inen historiantutkimuksen menetelmill\u00e4 tehty tutkimus yliopistofuusiosta Suomessa. Kirja julkistettiin yliopiston vuosip\u00e4iv\u00e4juhlassa 20. helmikuuta. Teoksen ovat kirjoittaneet yliopistotutkija\u00a0<strong>Mikko Kohvakka<\/strong>\u00a0ja vanhempi yliopistonlehtori\u00a0<strong>Arto Nevala<\/strong>.<\/p>\n<p>Joensuun ja Kuopion yliopistot yhdistyiv\u00e4t vuonna 2010 It\u00e4-Suomen yliopistoksi. Historiakirjassa tarkastellaan niit\u00e4 moninaisia tekij\u00f6it\u00e4, jotka johtivat It\u00e4-Suomen yliopiston toiminnan aloittamiseen osana laajempaa suomalaista yliopistoreformia. Uuden yliopiston perustaminen oli my\u00f6s osa yliopistofuusioiden aaltoa, joka iski Euroopan yli 2000-luvun alussa.<\/p>\n<p>Historiakirjassa ei perinteisten juhlakirjojen tapaan keskityt\u00e4 vain organisatorisiin kehityskulkuihin, hallintoon ja johtamiseen. Siin\u00e4 kuvataan useiden esimerkkien kautta my\u00f6s yliopiston sis\u00e4isi\u00e4 sek\u00e4 yliopiston ja ymp\u00e4r\u00f6iv\u00e4n yhteiskunnan v\u00e4liseen kanssak\u00e4ymiseen liittyvi\u00e4 dilemmoja ja intressiristiriitoja, mik\u00e4 edustaa uutta kriittist\u00e4 ja fokusoitua tutkimusotetta.<\/p>\n<p>Kattava ja moniulotteinen aineisto on mahdollistanut moni\u00e4\u00e4nisen analyysin. Arkistoaineiston, lehtileikekokoelman ja s\u00e4hk\u00f6isten l\u00e4hteiden lis\u00e4ksi aineistoa on koottu haastattelemalla yli yhdeks\u00e4\u00e4kymment\u00e4 yliopistoyhteis\u00f6n ja yhteisty\u00f6kumppanien edustajaa uuden yliopiston synnyst\u00e4 ja toiminnan alkutaipaleesta.<\/p>\n<p>It\u00e4-Suomen yliopisto on kymmeness\u00e4 vuodessa l\u00f6yt\u00e4nyt paikkansa suomalaisessa korkeakoulukent\u00e4ss\u00e4. Se on onnistunut my\u00f6s rakentamaan omaleimaisen ja erottuvan, aidosti monitieteisen profiilin.<\/p>\n<p>\u2013 Kun nyt 2020-luvun alussa k\u00e4ynnistell\u00e4\u00e4n uudelleen keskustelua siit\u00e4, onko yliopistoja ja korkeakouluja liikaa, ei It\u00e4-Suomen yliopiston asemaa Suomessa kyseenalaista kukaan, Kohvakka ja Nevala toteavat.<\/p>\n<p>Historiatoimikunnan puheenjohtajajana toimi professori ja rehtori emeritus\u00a0<strong>Matti Uusitupa<\/strong>\u00a0sek\u00e4 j\u00e4senin\u00e4 Joensuun yliopiston entinen vararehtori, emeritusprofessori\u00a0<strong>Teuvo Pohjolainen<\/strong>\u00a0ja It\u00e4-Suomen yliopiston kehitysjohtaja\u00a0<strong>Soili Makkonen<\/strong>.<\/p>\n<p>It\u00e4-Suomen yliopiston historia -kirja on myynniss\u00e4: Suomalainen Kirjakauppa Kuopiossa ja Joensuussa, Rosebud Kuopiossa (my\u00f6s Rosebudin verkkokaupassa) ja kampuskirjastot Joensuussa ja Kuopiossa.<br \/>\nHinta: 25,00 \u20ac (sis. alv 10 %)<\/p>\n<p>Historiakirjaa voi my\u00f6s tilata kampuskirjastosta osoitteesta julkaisumyynti@uef.fi, jolloin hinta on 25,00 \u20ac (sis. alv 10 %) plus l\u00e4hetyskulu 5,50 \u20ac (sis. alv. 10 %). Useamman kirjan pakettien l\u00e4hetyskulu muodostuu painon mukaan. Hintaan lis\u00e4t\u00e4\u00e4n laskutuslis\u00e4 5,50 \u20ac (sis. alv. 10 %).<\/p>\n<p id=\"yui_patched_v3_11_0_1_1591008735218_457\"><strong id=\"yui_patched_v3_11_0_1_1591008735218_456\">It\u00e4-Suomen yliopisto &#8211; Reformi ja sen tekij\u00e4t -kirja luettavissa<\/strong><\/p>\n<ul>\n<li><a href=\"https:\/\/eur03.safelinks.protection.outlook.com\/?url=https%3A%2F%2Fissuu.com%2Funiuef%2Fdocs%2Freformi_ja_sen_tekijat_eversio_09042020&amp;amp;data=02%7C01%7C%7Cf5669cd4b5a84da35c9108d7db90c38d%7C87879f2e73044bf2baf263e7f83f3c34%7C0%7C0%7C637219287115483970&amp;amp;sdata=%2FAn1InOHAshaoHXiWYA4tQPuWVuZlNJlvTSgQmDVkwk%3D&amp;amp;reserved=0\" target=\"_blank\" rel=\"noopener noreferrer\">selailuversiona<\/a><\/li>\n<li><a href=\"https:\/\/www3.uef.fi\/documents\/2130286\/2507980\/historiakirja\/0b98cd82-edf4-4b2b-9ba1-402a9ebb001b\" target=\"_blank\" rel=\"noopener noreferrer\">Pdf-tiedostona<\/a><\/li>\n<\/ul>\n<p><img loading=\"lazy\" decoding=\"async\" class=\"alignleft size-medium wp-image-201\" src=\"https:\/\/sites.uef.fi\/uef10\/wp-content\/uploads\/sites\/34\/2020\/06\/UEF-historiakirja-300x229.jpg\" alt=\"\" width=\"300\" height=\"229\" srcset=\"https:\/\/sites.uef.fi\/uef10\/wp-content\/uploads\/sites\/34\/2020\/06\/UEF-historiakirja-300x229.jpg 300w, https:\/\/sites.uef.fi\/uef10\/wp-content\/uploads\/sites\/34\/2020\/06\/UEF-historiakirja.jpg 500w\" sizes=\"auto, (max-width: 300px) 100vw, 300px\" \/><\/p>\n<h2>Juhlavuoden tuotteet<\/h2>\n<p>Juhlavuoden tuotteissa on tyylik\u00e4s UEF10-logo.<\/p>\n<p>Juhlavuoden UEF10 T-paita on tilattavissa R-Collectionin verkkokaupassa. <a href=\"https:\/\/uef.r-collection.fi\/category\/80\/uef10\">Siirry verkkokauppaan.<\/a><\/p>\n<p>Kapeampi klassikkomalli, huippulaatuista 100 % puuvillaa. Malli sopii niin naisille kuin miehille.<\/p>\n<p>Hinta 27,00 \u20ac (sis. alv 24 %)<\/p>\n<p><img loading=\"lazy\" decoding=\"async\" class=\"alignleft size-medium wp-image-189\" src=\"https:\/\/sites.uef.fi\/uef10\/wp-content\/uploads\/sites\/34\/2020\/06\/UEF10-T-paita-226x300.jpg\" alt=\"\" width=\"226\" height=\"300\" srcset=\"https:\/\/sites.uef.fi\/uef10\/wp-content\/uploads\/sites\/34\/2020\/06\/UEF10-T-paita-226x300.jpg 226w, https:\/\/sites.uef.fi\/uef10\/wp-content\/uploads\/sites\/34\/2020\/06\/UEF10-T-paita.jpg 644w\" sizes=\"auto, (max-width: 226px) 100vw, 226px\" \/><\/p>\n<p>&nbsp;<\/p>\n<p>&nbsp;<\/p>\n<p>&nbsp;<\/p>\n<p>&nbsp;<\/p>\n<p>&nbsp;<\/p>\n<p>&nbsp;<\/p>\n<p>&nbsp;<\/p>\n<p>Marraskuussa julkistettu It\u00e4-Suomen yliopiston kaskukirja Id\u00e4n j\u00e4ttil\u00e4inen on myynniss\u00e4 kampuskirjastoissa hintaan 20,00 \u20ac (sis. alv 10 %). Kaskukirjaa voi my\u00f6s tilata osoitteesta julkaisumyynti@uef.fi, jolloin hinta on 20,00 \u20ac (sis. alv 10 %) plus l\u00e4hetyskulu 5,50 \u20ac (sis. alv. 10 %). Useamman kirjan pakettien l\u00e4hetyskulu muodostuu painon mukaan. Hintaan lis\u00e4t\u00e4\u00e4n laskutuslis\u00e4 5,50 \u20ac (sis. alv. 10 %).<\/p>\n<p><a href=\"http:\/\/epublications.uef.fi\/pub\/urn_isbn_978-952-61-3225-9\/urn_isbn_978-952-61-3225-9.pdf\">Kirjan verkkoversio luettavissa t\u00e4\u00e4lt\u00e4<\/a><\/p>\n<p><img loading=\"lazy\" decoding=\"async\" class=\"size-medium wp-image-195 alignleft\" src=\"https:\/\/sites.uef.fi\/uef10\/wp-content\/uploads\/sites\/34\/2020\/06\/UEF_Kaskukirja_kansi-300x300.jpg\" alt=\"\" width=\"300\" height=\"300\" srcset=\"https:\/\/sites.uef.fi\/uef10\/wp-content\/uploads\/sites\/34\/2020\/06\/UEF_Kaskukirja_kansi-300x300.jpg 300w, https:\/\/sites.uef.fi\/uef10\/wp-content\/uploads\/sites\/34\/2020\/06\/UEF_Kaskukirja_kansi-150x150.jpg 150w, https:\/\/sites.uef.fi\/uef10\/wp-content\/uploads\/sites\/34\/2020\/06\/UEF_Kaskukirja_kansi-100x100.jpg 100w, https:\/\/sites.uef.fi\/uef10\/wp-content\/uploads\/sites\/34\/2020\/06\/UEF_Kaskukirja_kansi.jpg 600w\" sizes=\"auto, (max-width: 300px) 100vw, 300px\" \/><\/p>\n<p>&nbsp;<\/p>\n<p>&nbsp;<\/p>\n<p>&nbsp;<\/p>\n<p>&nbsp;<\/p>\n<p>&nbsp;<\/p>\n<p>&nbsp;<\/p>\n<p>&nbsp;<\/p>\n<p>Muistikirja, irrotettava UEF10-juhlavuoden vy\u00f6te suomeksi tai englanniksi<\/p>\n<p>Moleskine Classic Large -muistikirja \u2013 muistiinpanojen, ideoiden ja ajatusten tai vaikkapa kaskujen yl\u00f6s kirjoittamiseen. Kirjassa on py\u00f6ristetyt kulmat ja norsunluun v\u00e4riset, viivoitetut sis\u00e4sivut.<\/p>\n<p>Kiinte\u00e4ll\u00e4 kirjanmerkill\u00e4 voi merkit\u00e4 halutun aukeaman, ja joustava nauha pit\u00e4\u00e4 kirjan napakasti kiinni s\u00e4ilytyksen aikana. Takakannessa on laajeneva tasku irrallisia muistiinpanoja tai vaikkapa k\u00e4yntikortteja varten.<\/p>\n<p>Koko130 \u00d7 210 mm<br \/>\nKovakantinen, musta, UEFin logo sokkopainatuksena<br \/>\nSivum\u00e4\u00e4r\u00e4 240<br \/>\nHinta: 26,65 \u20ac (sis. alv 24 %)<\/p>\n<p>Joensuun kampus: viestint\u00e4palveluista, Aurora-rakennus, B-sis\u00e4\u00e4nk\u00e4ynti, 1. krs<br \/>\nKuopion kampus: ylioppilaskunnan kioskilta, Canthia-rakennus<\/p>\n<p>Yliopiston yksik\u00f6t voivat tilata lomakkeella. Kirjaudu Heimoon.<\/p>\n<p><img loading=\"lazy\" decoding=\"async\" class=\"alignleft size-medium wp-image-183\" src=\"https:\/\/sites.uef.fi\/uef10\/wp-content\/uploads\/sites\/34\/2020\/06\/UEF-10-muistikirja-Moleskine-198x300.jpg\" alt=\"\" width=\"198\" height=\"300\" srcset=\"https:\/\/sites.uef.fi\/uef10\/wp-content\/uploads\/sites\/34\/2020\/06\/UEF-10-muistikirja-Moleskine-198x300.jpg 198w, https:\/\/sites.uef.fi\/uef10\/wp-content\/uploads\/sites\/34\/2020\/06\/UEF-10-muistikirja-Moleskine.jpg 261w\" sizes=\"auto, (max-width: 198px) 100vw, 198px\" \/><\/p>\n<h2>UEF10-suo -luonnnonsuojelukampanja<\/h2>\n<p>Juhlavuotensa kunniaksi UEF lahjoittaa 10 000 euroa Luonnonperint\u00f6s\u00e4\u00e4ti\u00f6n kanssa toteutettavaan kampanjaan, jonka tuotolla perustetaan It\u00e4-Suomeen yksityinen suoluonnon suojelualue virkistys- ja tutkimusk\u00e4ytt\u00f6\u00f6n. <a href=\"https:\/\/sites.uef.fi\/uef10\/uef-10-suo-kampanja\/\">Lue lis\u00e4\u00e4 t\u00e4\u00e4lt\u00e4 ja tule mukaan!<\/a><\/p>\n<h2>Avoimen yliopiston opintoja<\/h2>\n<p>UEFin 10-vuotisjuhlavuoden etuna It\u00e4-Suomen yliopiston koulutus- ja kehitt\u00e4mispalvelu Aducate tarjoaa vuonna 2020 alkavia avoimen yliopiston opintoja It\u00e4-Suomen yliopistosta, Joensuun yliopistosta tai Kuopion yliopistosta valmistuneille hintaan 5 euroa\/opintopiste. Lue tarkemmin t\u00e4\u00e4lt\u00e4.<\/p>\n<p>Juhlavuonna osittainen vapautus englanninkielisten maisteriohjelmien lukuvuosimaksuista<br \/>\nJuhlavuoden kunniaksi kaikki englanninkielisiin maisteriohjelmiin hyv\u00e4ksytyt, syksyll\u00e4 2020 opiskelunsa aloittavat maksuvelvolliset opiskelijat ovat oikeutettuja saamaan osittaisen maksuvapautuksen lukuvuosimaksuista. Maksuvapautus vaihtelee ohjelman mukaan ja on 50\u201380 prosenttia lukuvuosimaksusta. Lukuvuosimaksun suuruus vaihtelee ohjelmittain 8 000 ja 15 000 euron v\u00e4lill\u00e4. Lue lis\u00e4\u00e4 t\u00e4\u00e4lt\u00e4.<\/p>\n","protected":false},"excerpt":{"rendered":"<p>Julkaisut, tuotteet ja kampanjat It\u00e4-Suomen yliopisto \u2013 reformi ja sen tekij\u00e4t -kirja It\u00e4-Suomen yliopiston historiakirja \u201dIt\u00e4-Suomen yliopisto \u2013 Reformi ja sen tekij\u00e4t\u201d on ensimm\u00e4inen historiantutkimuksen menetelmill\u00e4 tehty tutkimus yliopistofuusiosta Suomessa. Kirja julkistettiin yliopiston vuosip\u00e4iv\u00e4juhlassa 20. helmikuuta. Teoksen ovat kirjoittaneet yliopistotutkija\u00a0Mikko Kohvakka\u00a0ja vanhempi yliopistonlehtori\u00a0Arto Nevala. Joensuun ja Kuopion yliopistot yhdistyiv\u00e4t vuonna 2010 It\u00e4-Suomen yliopistoksi. Historiakirjassa tarkastellaan &hellip; <\/p>\n<p class=\"link-more\"><a href=\"https:\/\/sites.uef.fi\/uef10\/julkaisut-ja-tuotteet\/\" class=\"more-link\">Jatka lukemista<span class=\"screen-reader-text\"> &#8221;Julkaisut ja tuotteet&#8221;<\/span><\/a><\/p>\n","protected":false},"author":61,"featured_media":0,"parent":0,"menu_order":0,"comment_status":"closed","ping_status":"closed","template":"","meta":{"_acf_changed":false,"_monsterinsights_skip_tracking":false,"_monsterinsights_sitenote_active":false,"_monsterinsights_sitenote_note":"","_monsterinsights_sitenote_category":0,"footnotes":""},"class_list":["post-83","page","type-page","status-publish","hentry"],"acf":[],"yoast_head":"<!-- This site is optimized with the Yoast SEO plugin v27.3 - https:\/\/yoast.com\/product\/yoast-seo-wordpress\/ -->\n<title>Julkaisut ja tuotteet - UEF10<\/title>\n<meta name=\"robots\" content=\"index, follow, max-snippet:-1, max-image-preview:large, max-video-preview:-1\" \/>\n<link rel=\"canonical\" href=\"https:\/\/sites.uef.fi\/uef10\/julkaisut-ja-tuotteet\/\" \/>\n<meta property=\"og:locale\" content=\"fi_FI\" \/>\n<meta property=\"og:type\" content=\"article\" \/>\n<meta property=\"og:title\" content=\"Julkaisut ja tuotteet - UEF10\" \/>\n<meta property=\"og:description\" content=\"Julkaisut, tuotteet ja kampanjat It\u00e4-Suomen yliopisto \u2013 reformi ja sen tekij\u00e4t -kirja It\u00e4-Suomen yliopiston historiakirja \u201dIt\u00e4-Suomen yliopisto \u2013 Reformi ja sen tekij\u00e4t\u201d on ensimm\u00e4inen historiantutkimuksen menetelmill\u00e4 tehty tutkimus yliopistofuusiosta Suomessa. Kirja julkistettiin yliopiston vuosip\u00e4iv\u00e4juhlassa 20. helmikuuta. Teoksen ovat kirjoittaneet yliopistotutkija\u00a0Mikko Kohvakka\u00a0ja vanhempi yliopistonlehtori\u00a0Arto Nevala. Joensuun ja Kuopion yliopistot yhdistyiv\u00e4t vuonna 2010 It\u00e4-Suomen yliopistoksi. Historiakirjassa tarkastellaan &hellip; Jatka lukemista &quot;Julkaisut ja tuotteet&quot;\" \/>\n<meta property=\"og:url\" content=\"https:\/\/sites.uef.fi\/uef10\/julkaisut-ja-tuotteet\/\" \/>\n<meta property=\"og:site_name\" content=\"UEF10\" \/>\n<meta property=\"article:modified_time\" content=\"2020-06-01T10:55:17+00:00\" \/>\n<meta property=\"og:image\" content=\"https:\/\/sites.uef.fi\/uef10\/wp-content\/uploads\/sites\/34\/2020\/06\/UEF-historiakirja-300x229.jpg\" \/>\n<meta name=\"twitter:card\" content=\"summary_large_image\" \/>\n<meta name=\"twitter:label1\" content=\"Arvioitu lukuaika\" \/>\n\t<meta name=\"twitter:data1\" content=\"3 minuuttia\" \/>\n<script type=\"application\/ld+json\" class=\"yoast-schema-graph\">{\"@context\":\"https:\\\/\\\/schema.org\",\"@graph\":[{\"@type\":\"WebPage\",\"@id\":\"https:\\\/\\\/sites.uef.fi\\\/uef10\\\/julkaisut-ja-tuotteet\\\/\",\"url\":\"https:\\\/\\\/sites.uef.fi\\\/uef10\\\/julkaisut-ja-tuotteet\\\/\",\"name\":\"Julkaisut ja tuotteet - UEF10\",\"isPartOf\":{\"@id\":\"https:\\\/\\\/sites.uef.fi\\\/uef10\\\/#website\"},\"primaryImageOfPage\":{\"@id\":\"https:\\\/\\\/sites.uef.fi\\\/uef10\\\/julkaisut-ja-tuotteet\\\/#primaryimage\"},\"image\":{\"@id\":\"https:\\\/\\\/sites.uef.fi\\\/uef10\\\/julkaisut-ja-tuotteet\\\/#primaryimage\"},\"thumbnailUrl\":\"https:\\\/\\\/sites.uef.fi\\\/uef10\\\/wp-content\\\/uploads\\\/sites\\\/34\\\/2020\\\/06\\\/UEF-historiakirja-300x229.jpg\",\"datePublished\":\"2020-05-20T10:22:08+00:00\",\"dateModified\":\"2020-06-01T10:55:17+00:00\",\"breadcrumb\":{\"@id\":\"https:\\\/\\\/sites.uef.fi\\\/uef10\\\/julkaisut-ja-tuotteet\\\/#breadcrumb\"},\"inLanguage\":\"fi\",\"potentialAction\":[{\"@type\":\"ReadAction\",\"target\":[\"https:\\\/\\\/sites.uef.fi\\\/uef10\\\/julkaisut-ja-tuotteet\\\/\"]}]},{\"@type\":\"ImageObject\",\"inLanguage\":\"fi\",\"@id\":\"https:\\\/\\\/sites.uef.fi\\\/uef10\\\/julkaisut-ja-tuotteet\\\/#primaryimage\",\"url\":\"https:\\\/\\\/sites.uef.fi\\\/uef10\\\/wp-content\\\/uploads\\\/sites\\\/34\\\/2020\\\/06\\\/UEF-historiakirja.jpg\",\"contentUrl\":\"https:\\\/\\\/sites.uef.fi\\\/uef10\\\/wp-content\\\/uploads\\\/sites\\\/34\\\/2020\\\/06\\\/UEF-historiakirja.jpg\",\"width\":500,\"height\":382},{\"@type\":\"BreadcrumbList\",\"@id\":\"https:\\\/\\\/sites.uef.fi\\\/uef10\\\/julkaisut-ja-tuotteet\\\/#breadcrumb\",\"itemListElement\":[{\"@type\":\"ListItem\",\"position\":1,\"name\":\"Home\",\"item\":\"https:\\\/\\\/sites.uef.fi\\\/uef10\\\/\"},{\"@type\":\"ListItem\",\"position\":2,\"name\":\"Julkaisut ja tuotteet\"}]},{\"@type\":\"WebSite\",\"@id\":\"https:\\\/\\\/sites.uef.fi\\\/uef10\\\/#website\",\"url\":\"https:\\\/\\\/sites.uef.fi\\\/uef10\\\/\",\"name\":\"UEF10\",\"description\":\"\",\"publisher\":{\"@id\":\"https:\\\/\\\/sites.uef.fi\\\/uef10\\\/#organization\"},\"potentialAction\":[{\"@type\":\"SearchAction\",\"target\":{\"@type\":\"EntryPoint\",\"urlTemplate\":\"https:\\\/\\\/sites.uef.fi\\\/uef10\\\/?s={search_term_string}\"},\"query-input\":{\"@type\":\"PropertyValueSpecification\",\"valueRequired\":true,\"valueName\":\"search_term_string\"}}],\"inLanguage\":\"fi\"},{\"@type\":\"Organization\",\"@id\":\"https:\\\/\\\/sites.uef.fi\\\/uef10\\\/#organization\",\"name\":\"UEF10\",\"url\":\"https:\\\/\\\/sites.uef.fi\\\/uef10\\\/\",\"logo\":{\"@type\":\"ImageObject\",\"inLanguage\":\"fi\",\"@id\":\"https:\\\/\\\/sites.uef.fi\\\/uef10\\\/#\\\/schema\\\/logo\\\/image\\\/\",\"url\":\"https:\\\/\\\/sites.uef.fi\\\/uef10\\\/wp-content\\\/uploads\\\/sites\\\/34\\\/2020\\\/04\\\/cropped-UEF_wordpress_white.png\",\"contentUrl\":\"https:\\\/\\\/sites.uef.fi\\\/uef10\\\/wp-content\\\/uploads\\\/sites\\\/34\\\/2020\\\/04\\\/cropped-UEF_wordpress_white.png\",\"width\":250,\"height\":250,\"caption\":\"UEF10\"},\"image\":{\"@id\":\"https:\\\/\\\/sites.uef.fi\\\/uef10\\\/#\\\/schema\\\/logo\\\/image\\\/\"}}]}<\/script>\n<!-- \/ Yoast SEO plugin. -->","yoast_head_json":{"title":"Julkaisut ja tuotteet - UEF10","robots":{"index":"index","follow":"follow","max-snippet":"max-snippet:-1","max-image-preview":"max-image-preview:large","max-video-preview":"max-video-preview:-1"},"canonical":"https:\/\/sites.uef.fi\/uef10\/julkaisut-ja-tuotteet\/","og_locale":"fi_FI","og_type":"article","og_title":"Julkaisut ja tuotteet - UEF10","og_description":"Julkaisut, tuotteet ja kampanjat It\u00e4-Suomen yliopisto \u2013 reformi ja sen tekij\u00e4t -kirja It\u00e4-Suomen yliopiston historiakirja \u201dIt\u00e4-Suomen yliopisto \u2013 Reformi ja sen tekij\u00e4t\u201d on ensimm\u00e4inen historiantutkimuksen menetelmill\u00e4 tehty tutkimus yliopistofuusiosta Suomessa. Kirja julkistettiin yliopiston vuosip\u00e4iv\u00e4juhlassa 20. helmikuuta. Teoksen ovat kirjoittaneet yliopistotutkija\u00a0Mikko Kohvakka\u00a0ja vanhempi yliopistonlehtori\u00a0Arto Nevala. Joensuun ja Kuopion yliopistot yhdistyiv\u00e4t vuonna 2010 It\u00e4-Suomen yliopistoksi. Historiakirjassa tarkastellaan &hellip; Jatka lukemista \"Julkaisut ja tuotteet\"","og_url":"https:\/\/sites.uef.fi\/uef10\/julkaisut-ja-tuotteet\/","og_site_name":"UEF10","article_modified_time":"2020-06-01T10:55:17+00:00","og_image":[{"url":"https:\/\/sites.uef.fi\/uef10\/wp-content\/uploads\/sites\/34\/2020\/06\/UEF-historiakirja-300x229.jpg","type":"","width":"","height":""}],"twitter_card":"summary_large_image","twitter_misc":{"Arvioitu lukuaika":"3 minuuttia"},"schema":{"@context":"https:\/\/schema.org","@graph":[{"@type":"WebPage","@id":"https:\/\/sites.uef.fi\/uef10\/julkaisut-ja-tuotteet\/","url":"https:\/\/sites.uef.fi\/uef10\/julkaisut-ja-tuotteet\/","name":"Julkaisut ja tuotteet - UEF10","isPartOf":{"@id":"https:\/\/sites.uef.fi\/uef10\/#website"},"primaryImageOfPage":{"@id":"https:\/\/sites.uef.fi\/uef10\/julkaisut-ja-tuotteet\/#primaryimage"},"image":{"@id":"https:\/\/sites.uef.fi\/uef10\/julkaisut-ja-tuotteet\/#primaryimage"},"thumbnailUrl":"https:\/\/sites.uef.fi\/uef10\/wp-content\/uploads\/sites\/34\/2020\/06\/UEF-historiakirja-300x229.jpg","datePublished":"2020-05-20T10:22:08+00:00","dateModified":"2020-06-01T10:55:17+00:00","breadcrumb":{"@id":"https:\/\/sites.uef.fi\/uef10\/julkaisut-ja-tuotteet\/#breadcrumb"},"inLanguage":"fi","potentialAction":[{"@type":"ReadAction","target":["https:\/\/sites.uef.fi\/uef10\/julkaisut-ja-tuotteet\/"]}]},{"@type":"ImageObject","inLanguage":"fi","@id":"https:\/\/sites.uef.fi\/uef10\/julkaisut-ja-tuotteet\/#primaryimage","url":"https:\/\/sites.uef.fi\/uef10\/wp-content\/uploads\/sites\/34\/2020\/06\/UEF-historiakirja.jpg","contentUrl":"https:\/\/sites.uef.fi\/uef10\/wp-content\/uploads\/sites\/34\/2020\/06\/UEF-historiakirja.jpg","width":500,"height":382},{"@type":"BreadcrumbList","@id":"https:\/\/sites.uef.fi\/uef10\/julkaisut-ja-tuotteet\/#breadcrumb","itemListElement":[{"@type":"ListItem","position":1,"name":"Home","item":"https:\/\/sites.uef.fi\/uef10\/"},{"@type":"ListItem","position":2,"name":"Julkaisut ja tuotteet"}]},{"@type":"WebSite","@id":"https:\/\/sites.uef.fi\/uef10\/#website","url":"https:\/\/sites.uef.fi\/uef10\/","name":"UEF10","description":"","publisher":{"@id":"https:\/\/sites.uef.fi\/uef10\/#organization"},"potentialAction":[{"@type":"SearchAction","target":{"@type":"EntryPoint","urlTemplate":"https:\/\/sites.uef.fi\/uef10\/?s={search_term_string}"},"query-input":{"@type":"PropertyValueSpecification","valueRequired":true,"valueName":"search_term_string"}}],"inLanguage":"fi"},{"@type":"Organization","@id":"https:\/\/sites.uef.fi\/uef10\/#organization","name":"UEF10","url":"https:\/\/sites.uef.fi\/uef10\/","logo":{"@type":"ImageObject","inLanguage":"fi","@id":"https:\/\/sites.uef.fi\/uef10\/#\/schema\/logo\/image\/","url":"https:\/\/sites.uef.fi\/uef10\/wp-content\/uploads\/sites\/34\/2020\/04\/cropped-UEF_wordpress_white.png","contentUrl":"https:\/\/sites.uef.fi\/uef10\/wp-content\/uploads\/sites\/34\/2020\/04\/cropped-UEF_wordpress_white.png","width":250,"height":250,"caption":"UEF10"},"image":{"@id":"https:\/\/sites.uef.fi\/uef10\/#\/schema\/logo\/image\/"}}]}},"_links":{"self":[{"href":"https:\/\/sites.uef.fi\/uef10\/wp-json\/wp\/v2\/pages\/83","targetHints":{"allow":["GET"]}}],"collection":[{"href":"https:\/\/sites.uef.fi\/uef10\/wp-json\/wp\/v2\/pages"}],"about":[{"href":"https:\/\/sites.uef.fi\/uef10\/wp-json\/wp\/v2\/types\/page"}],"author":[{"embeddable":true,"href":"https:\/\/sites.uef.fi\/uef10\/wp-json\/wp\/v2\/users\/61"}],"replies":[{"embeddable":true,"href":"https:\/\/sites.uef.fi\/uef10\/wp-json\/wp\/v2\/comments?post=83"}],"version-history":[{"count":3,"href":"https:\/\/sites.uef.fi\/uef10\/wp-json\/wp\/v2\/pages\/83\/revisions"}],"predecessor-version":[{"id":210,"href":"https:\/\/sites.uef.fi\/uef10\/wp-json\/wp\/v2\/pages\/83\/revisions\/210"}],"wp:attachment":[{"href":"https:\/\/sites.uef.fi\/uef10\/wp-json\/wp\/v2\/media?parent=83"}],"curies":[{"name":"wp","href":"https:\/\/api.w.org\/{rel}","templated":true}]}}