{"id":89,"date":"2020-05-20T13:25:50","date_gmt":"2020-05-20T10:25:50","guid":{"rendered":"https:\/\/sites.uef.fi\/uef10\/?page_id=89"},"modified":"2020-12-16T14:37:38","modified_gmt":"2020-12-16T12:37:38","slug":"uef-10-suo-kampanja","status":"publish","type":"page","link":"https:\/\/sites.uef.fi\/uef10\/uef-10-suo-kampanja\/","title":{"rendered":"UEF 10 -suo -kampanja"},"content":{"rendered":"<h1><\/h1>\n<h1>It\u00e4-Suomen yliopiston juhlavuosi huipentui suon ostamiseen<\/h1>\n<p>It\u00e4-Suomen yliopisto t\u00e4ytti t\u00e4n\u00e4 vuonna 10 vuotta ja j\u00e4rjesti juhlavuoden puitteissa kymmenvuotisjuhlakampanjan. Tuotolla haluttiin perustaa It\u00e4-Suomeen yksityinen suoluonnon suojelualue virkistys- ja tutkimusk\u00e4ytt\u00f6\u00f6n. Nyt juhlavuosi on huipentunut suojeltavan suon hankintaan. Juhlavuoden kampanja tuotti yhteens\u00e4 noin 19 000 euroa, jolla Luonnonperint\u00f6s\u00e4\u00e4ti\u00f6 on ostanut Kiuruveden Ylp\u00e4ssuon etel\u00e4osasta reilun 10 hehtaarin suojeltavan alueen.<\/p>\n<p>\u201dUEF10-suolla\u201d esiintyy maakunnassa harvinaista j\u00e4rvikortevaltaista m\u00e4rk\u00e4\u00e4 luhtanevaa. Puusto on luonnontilaista, ja suolla asuu riekkoja sek\u00e4 h\u00f6m\u00f6tiaisia. Kyseinen aapasuo on suurimmalta osaltaan alkuper\u00e4isess\u00e4 muodossaan reunojen ojituksista huolimatta. Nyt ojat voidaan todenn\u00e4k\u00f6isesti kaivaa umpeen tai k\u00e4\u00e4nt\u00e4\u00e4 niiden vesi takaisin suolle.<\/p>\n<p>\u2013 Voimme kampanjan voimin siis antaa It\u00e4-Suomelle lahjan, joka s\u00e4ilyy tuleville sukupolville, tiivist\u00e4\u00e4 rehtori Jukka M\u00f6nkk\u00f6nen lahjoitusta.<\/p>\n<p>M\u00f6nkk\u00f6nen kertoo, ett\u00e4 suoalueelle haetaan nyt luonnonsuojelulain mukainen rauhoitusp\u00e4\u00e4t\u00f6s. Suolla p\u00e4tev\u00e4t normaalit virkistysk\u00e4yt\u00f6n mahdollistavat jokamiehenoikeudet, ja suojelusopimukseen m\u00e4\u00e4ritell\u00e4\u00e4n my\u00f6s mahdollisuus tutkimustoimintaan. Yksi Uefin tutkimus- ja koulutusprofiilialueista liittyy ymp\u00e4rist\u00f6n muutosten ja luonnonvarojen kest\u00e4v\u00e4n k\u00e4yt\u00f6n tutkimukseen.<\/p>\n<p>\u2013 Strateginen tavoitteemme on rakentaa vastuullista ja kest\u00e4v\u00e4\u00e4 tulevaisuutta. Soiden suojelu edist\u00e4\u00e4 osaltaan suomalaisen suoluonnon, kest\u00e4v\u00e4n tulevaisuuden ja samalla koko elinyhteis\u00f6mme hyvinvointia. Kiit\u00e4nkin l\u00e4mpim\u00e4sti kaikkia yhteisty\u00f6kumppaneitamme, sidosryhmien edustajia sek\u00e4 niit\u00e4 kansalaisia, jotka osallistuivat kanssamme suon hankintaan.<\/p>\n<p>&nbsp;<\/p>\n","protected":false},"excerpt":{"rendered":"<p>It\u00e4-Suomen yliopiston juhlavuosi huipentui suon ostamiseen It\u00e4-Suomen yliopisto t\u00e4ytti t\u00e4n\u00e4 vuonna 10 vuotta ja j\u00e4rjesti juhlavuoden puitteissa kymmenvuotisjuhlakampanjan. Tuotolla haluttiin perustaa It\u00e4-Suomeen yksityinen suoluonnon suojelualue virkistys- ja tutkimusk\u00e4ytt\u00f6\u00f6n. Nyt juhlavuosi on huipentunut suojeltavan suon hankintaan. Juhlavuoden kampanja tuotti yhteens\u00e4 noin 19 000 euroa, jolla Luonnonperint\u00f6s\u00e4\u00e4ti\u00f6 on ostanut Kiuruveden Ylp\u00e4ssuon etel\u00e4osasta reilun 10 hehtaarin suojeltavan alueen. &hellip; <\/p>\n<p class=\"link-more\"><a href=\"https:\/\/sites.uef.fi\/uef10\/uef-10-suo-kampanja\/\" class=\"more-link\">Jatka lukemista<span class=\"screen-reader-text\"> &#8221;UEF 10 -suo -kampanja&#8221;<\/span><\/a><\/p>\n","protected":false},"author":61,"featured_media":0,"parent":0,"menu_order":0,"comment_status":"closed","ping_status":"closed","template":"","meta":{"_acf_changed":false,"_monsterinsights_skip_tracking":false,"_monsterinsights_sitenote_active":false,"_monsterinsights_sitenote_note":"","_monsterinsights_sitenote_category":0,"footnotes":""},"class_list":["post-89","page","type-page","status-publish","hentry"],"acf":[],"yoast_head":"<!-- This site is optimized with the Yoast SEO plugin v27.3 - https:\/\/yoast.com\/product\/yoast-seo-wordpress\/ -->\n<title>UEF 10 -suo -kampanja - UEF10<\/title>\n<meta name=\"robots\" content=\"index, follow, max-snippet:-1, max-image-preview:large, max-video-preview:-1\" \/>\n<link rel=\"canonical\" href=\"https:\/\/sites.uef.fi\/uef10\/uef-10-suo-kampanja\/\" \/>\n<meta property=\"og:locale\" content=\"fi_FI\" \/>\n<meta property=\"og:type\" content=\"article\" \/>\n<meta property=\"og:title\" content=\"UEF 10 -suo -kampanja - UEF10\" \/>\n<meta property=\"og:description\" content=\"It\u00e4-Suomen yliopiston juhlavuosi huipentui suon ostamiseen It\u00e4-Suomen yliopisto t\u00e4ytti t\u00e4n\u00e4 vuonna 10 vuotta ja j\u00e4rjesti juhlavuoden puitteissa kymmenvuotisjuhlakampanjan. Tuotolla haluttiin perustaa It\u00e4-Suomeen yksityinen suoluonnon suojelualue virkistys- ja tutkimusk\u00e4ytt\u00f6\u00f6n. Nyt juhlavuosi on huipentunut suojeltavan suon hankintaan. Juhlavuoden kampanja tuotti yhteens\u00e4 noin 19 000 euroa, jolla Luonnonperint\u00f6s\u00e4\u00e4ti\u00f6 on ostanut Kiuruveden Ylp\u00e4ssuon etel\u00e4osasta reilun 10 hehtaarin suojeltavan alueen. &hellip; Jatka lukemista &quot;UEF 10 -suo -kampanja&quot;\" \/>\n<meta property=\"og:url\" content=\"https:\/\/sites.uef.fi\/uef10\/uef-10-suo-kampanja\/\" \/>\n<meta property=\"og:site_name\" content=\"UEF10\" \/>\n<meta property=\"article:modified_time\" content=\"2020-12-16T12:37:38+00:00\" \/>\n<meta name=\"twitter:card\" content=\"summary_large_image\" \/>\n<meta name=\"twitter:label1\" content=\"Arvioitu lukuaika\" \/>\n\t<meta name=\"twitter:data1\" content=\"1 minuutti\" \/>\n<script type=\"application\/ld+json\" class=\"yoast-schema-graph\">{\"@context\":\"https:\\\/\\\/schema.org\",\"@graph\":[{\"@type\":\"WebPage\",\"@id\":\"https:\\\/\\\/sites.uef.fi\\\/uef10\\\/uef-10-suo-kampanja\\\/\",\"url\":\"https:\\\/\\\/sites.uef.fi\\\/uef10\\\/uef-10-suo-kampanja\\\/\",\"name\":\"UEF 10 -suo -kampanja - UEF10\",\"isPartOf\":{\"@id\":\"https:\\\/\\\/sites.uef.fi\\\/uef10\\\/#website\"},\"datePublished\":\"2020-05-20T10:25:50+00:00\",\"dateModified\":\"2020-12-16T12:37:38+00:00\",\"breadcrumb\":{\"@id\":\"https:\\\/\\\/sites.uef.fi\\\/uef10\\\/uef-10-suo-kampanja\\\/#breadcrumb\"},\"inLanguage\":\"fi\",\"potentialAction\":[{\"@type\":\"ReadAction\",\"target\":[\"https:\\\/\\\/sites.uef.fi\\\/uef10\\\/uef-10-suo-kampanja\\\/\"]}]},{\"@type\":\"BreadcrumbList\",\"@id\":\"https:\\\/\\\/sites.uef.fi\\\/uef10\\\/uef-10-suo-kampanja\\\/#breadcrumb\",\"itemListElement\":[{\"@type\":\"ListItem\",\"position\":1,\"name\":\"Home\",\"item\":\"https:\\\/\\\/sites.uef.fi\\\/uef10\\\/\"},{\"@type\":\"ListItem\",\"position\":2,\"name\":\"UEF 10 -suo -kampanja\"}]},{\"@type\":\"WebSite\",\"@id\":\"https:\\\/\\\/sites.uef.fi\\\/uef10\\\/#website\",\"url\":\"https:\\\/\\\/sites.uef.fi\\\/uef10\\\/\",\"name\":\"UEF10\",\"description\":\"\",\"publisher\":{\"@id\":\"https:\\\/\\\/sites.uef.fi\\\/uef10\\\/#organization\"},\"potentialAction\":[{\"@type\":\"SearchAction\",\"target\":{\"@type\":\"EntryPoint\",\"urlTemplate\":\"https:\\\/\\\/sites.uef.fi\\\/uef10\\\/?s={search_term_string}\"},\"query-input\":{\"@type\":\"PropertyValueSpecification\",\"valueRequired\":true,\"valueName\":\"search_term_string\"}}],\"inLanguage\":\"fi\"},{\"@type\":\"Organization\",\"@id\":\"https:\\\/\\\/sites.uef.fi\\\/uef10\\\/#organization\",\"name\":\"UEF10\",\"url\":\"https:\\\/\\\/sites.uef.fi\\\/uef10\\\/\",\"logo\":{\"@type\":\"ImageObject\",\"inLanguage\":\"fi\",\"@id\":\"https:\\\/\\\/sites.uef.fi\\\/uef10\\\/#\\\/schema\\\/logo\\\/image\\\/\",\"url\":\"https:\\\/\\\/sites.uef.fi\\\/uef10\\\/wp-content\\\/uploads\\\/sites\\\/34\\\/2020\\\/04\\\/cropped-UEF_wordpress_white.png\",\"contentUrl\":\"https:\\\/\\\/sites.uef.fi\\\/uef10\\\/wp-content\\\/uploads\\\/sites\\\/34\\\/2020\\\/04\\\/cropped-UEF_wordpress_white.png\",\"width\":250,\"height\":250,\"caption\":\"UEF10\"},\"image\":{\"@id\":\"https:\\\/\\\/sites.uef.fi\\\/uef10\\\/#\\\/schema\\\/logo\\\/image\\\/\"}}]}<\/script>\n<!-- \/ Yoast SEO plugin. -->","yoast_head_json":{"title":"UEF 10 -suo -kampanja - UEF10","robots":{"index":"index","follow":"follow","max-snippet":"max-snippet:-1","max-image-preview":"max-image-preview:large","max-video-preview":"max-video-preview:-1"},"canonical":"https:\/\/sites.uef.fi\/uef10\/uef-10-suo-kampanja\/","og_locale":"fi_FI","og_type":"article","og_title":"UEF 10 -suo -kampanja - UEF10","og_description":"It\u00e4-Suomen yliopiston juhlavuosi huipentui suon ostamiseen It\u00e4-Suomen yliopisto t\u00e4ytti t\u00e4n\u00e4 vuonna 10 vuotta ja j\u00e4rjesti juhlavuoden puitteissa kymmenvuotisjuhlakampanjan. Tuotolla haluttiin perustaa It\u00e4-Suomeen yksityinen suoluonnon suojelualue virkistys- ja tutkimusk\u00e4ytt\u00f6\u00f6n. Nyt juhlavuosi on huipentunut suojeltavan suon hankintaan. Juhlavuoden kampanja tuotti yhteens\u00e4 noin 19 000 euroa, jolla Luonnonperint\u00f6s\u00e4\u00e4ti\u00f6 on ostanut Kiuruveden Ylp\u00e4ssuon etel\u00e4osasta reilun 10 hehtaarin suojeltavan alueen. &hellip; Jatka lukemista \"UEF 10 -suo -kampanja\"","og_url":"https:\/\/sites.uef.fi\/uef10\/uef-10-suo-kampanja\/","og_site_name":"UEF10","article_modified_time":"2020-12-16T12:37:38+00:00","twitter_card":"summary_large_image","twitter_misc":{"Arvioitu lukuaika":"1 minuutti"},"schema":{"@context":"https:\/\/schema.org","@graph":[{"@type":"WebPage","@id":"https:\/\/sites.uef.fi\/uef10\/uef-10-suo-kampanja\/","url":"https:\/\/sites.uef.fi\/uef10\/uef-10-suo-kampanja\/","name":"UEF 10 -suo -kampanja - UEF10","isPartOf":{"@id":"https:\/\/sites.uef.fi\/uef10\/#website"},"datePublished":"2020-05-20T10:25:50+00:00","dateModified":"2020-12-16T12:37:38+00:00","breadcrumb":{"@id":"https:\/\/sites.uef.fi\/uef10\/uef-10-suo-kampanja\/#breadcrumb"},"inLanguage":"fi","potentialAction":[{"@type":"ReadAction","target":["https:\/\/sites.uef.fi\/uef10\/uef-10-suo-kampanja\/"]}]},{"@type":"BreadcrumbList","@id":"https:\/\/sites.uef.fi\/uef10\/uef-10-suo-kampanja\/#breadcrumb","itemListElement":[{"@type":"ListItem","position":1,"name":"Home","item":"https:\/\/sites.uef.fi\/uef10\/"},{"@type":"ListItem","position":2,"name":"UEF 10 -suo -kampanja"}]},{"@type":"WebSite","@id":"https:\/\/sites.uef.fi\/uef10\/#website","url":"https:\/\/sites.uef.fi\/uef10\/","name":"UEF10","description":"","publisher":{"@id":"https:\/\/sites.uef.fi\/uef10\/#organization"},"potentialAction":[{"@type":"SearchAction","target":{"@type":"EntryPoint","urlTemplate":"https:\/\/sites.uef.fi\/uef10\/?s={search_term_string}"},"query-input":{"@type":"PropertyValueSpecification","valueRequired":true,"valueName":"search_term_string"}}],"inLanguage":"fi"},{"@type":"Organization","@id":"https:\/\/sites.uef.fi\/uef10\/#organization","name":"UEF10","url":"https:\/\/sites.uef.fi\/uef10\/","logo":{"@type":"ImageObject","inLanguage":"fi","@id":"https:\/\/sites.uef.fi\/uef10\/#\/schema\/logo\/image\/","url":"https:\/\/sites.uef.fi\/uef10\/wp-content\/uploads\/sites\/34\/2020\/04\/cropped-UEF_wordpress_white.png","contentUrl":"https:\/\/sites.uef.fi\/uef10\/wp-content\/uploads\/sites\/34\/2020\/04\/cropped-UEF_wordpress_white.png","width":250,"height":250,"caption":"UEF10"},"image":{"@id":"https:\/\/sites.uef.fi\/uef10\/#\/schema\/logo\/image\/"}}]}},"_links":{"self":[{"href":"https:\/\/sites.uef.fi\/uef10\/wp-json\/wp\/v2\/pages\/89","targetHints":{"allow":["GET"]}}],"collection":[{"href":"https:\/\/sites.uef.fi\/uef10\/wp-json\/wp\/v2\/pages"}],"about":[{"href":"https:\/\/sites.uef.fi\/uef10\/wp-json\/wp\/v2\/types\/page"}],"author":[{"embeddable":true,"href":"https:\/\/sites.uef.fi\/uef10\/wp-json\/wp\/v2\/users\/61"}],"replies":[{"embeddable":true,"href":"https:\/\/sites.uef.fi\/uef10\/wp-json\/wp\/v2\/comments?post=89"}],"version-history":[{"count":3,"href":"https:\/\/sites.uef.fi\/uef10\/wp-json\/wp\/v2\/pages\/89\/revisions"}],"predecessor-version":[{"id":360,"href":"https:\/\/sites.uef.fi\/uef10\/wp-json\/wp\/v2\/pages\/89\/revisions\/360"}],"wp:attachment":[{"href":"https:\/\/sites.uef.fi\/uef10\/wp-json\/wp\/v2\/media?parent=89"}],"curies":[{"name":"wp","href":"https:\/\/api.w.org\/{rel}","templated":true}]}}