{"id":14,"date":"2023-03-16T08:43:45","date_gmt":"2023-03-16T08:43:45","guid":{"rendered":"https:\/\/sites.uef.fi\/uefpsy50\/?page_id=14"},"modified":"2023-10-27T13:42:41","modified_gmt":"2023-10-27T11:42:41","slug":"etusivu","status":"publish","type":"page","link":"https:\/\/sites.uef.fi\/uefpsy50\/","title":{"rendered":"Psykologia juhlii 50-vuotista taivaltaan 24.11.2023"},"content":{"rendered":"\n<p><a href=\"https:\/\/sites.uef.fi\/uefpsy50\/ilmoittautuminen-juhlaan\/\">Ilmoittautuminen iltap\u00e4iv\u00e4n akateemiseen juhlaan<\/a><\/p>\n\n\n\n<p>Iltajuhlaan ilmoittautuminen on p\u00e4\u00e4ttynyt, mutta voit yh\u00e4 ilmoittautua maksuttomaan iltap\u00e4iv\u00e4n akateemiseen juhlaan.<\/p>\n\n\n\n<p><strong>Joensuun psykologian 50-vuotisjuhlaa vietet\u00e4\u00e4n perjantaina 24.11.2023<\/strong><\/p>\n\n\n\n<p>Aamup\u00e4iv\u00e4n aikana on alumni- ja vuosikurssitapaamisia kampuksella ja kaupungilla. Halukkailla on mahdollisuus osallistua alumnilounaalle klo 11-12 Tiedepuiston lounasravintolassa (Sulo Puisto, L\u00e4nsikatu 15, 3A-sis\u00e4\u00e4nk\u00e4ynti).<\/p>\n\n\n\n<p>Iltap\u00e4iv\u00e4n akateeminen juhla (sali M100, Metria-rakennus):<\/p>\n\n\n\n<p>12.15 Tervetuliaissanat \/ yliopistonlehtori Maija Korhonen, oppiaineen vastuuhenkil\u00f6<br>12.30 Juhlapuhe \/ professori emeritus Hannu R\u00e4ty<br>13.00 Tervehdyksi\u00e4: professori emeritus Jarkko Hautam\u00e4ki &amp; professori emerita Airi Hautam\u00e4ki, yliopistonlehtori emerita Merja Korhonen, dosentti Jussi Silvonen<br>13.45 Kahvitarjoilu Metrian aulassa &amp; onnittelujen vastaanotto<br>14.30 Opiskelu ja psykologia Joensuussa eri vuosikymmenill\u00e4 &#8211; meilt\u00e4 valmistuneet muistelevat \/ juontaja yliopistonlehtori Petri Karkkola<br>15.30 Akateemisen rehtorin ja dekaanin tervehdykset<\/p>\n\n\n\n<p>Koko p\u00e4iv\u00e4n ajan voit tutustua oppiaineen historian\u00e4yttelyyn ja nykytutkimukseen Metrian ala-aulan posterin\u00e4yttelyss\u00e4.<\/p>\n\n\n\n<p>Iltajuhlaa vietet\u00e4\u00e4n hotelli Kimmeliss\u00e4 klo 18&nbsp;alkaen.<\/p>\n\n\n\n<p>Juhlaan liittyv\u00e4t tiedustelut: maija.korhonen@uef.fi <\/p>\n\n\n\n<p>Voit seurata juhlien valmistelua ja juhlia sosiaalisessa mediassa aihetunnisteella #JoensuunPsykologia50<\/p>\n\n\n\n<p>Ilmoittaudu ainej\u00e4rjest\u00f6 Oidipuksen yll\u00e4pit\u00e4m\u00e4\u00e4n <a href=\"https:\/\/link.webropolsurveys.com\/S\/C9F45F3A7A7BDCFE\" target=\"_blank\" rel=\"noreferrer noopener\">alumnirekisteriin<\/a>, niin saat t\u00e4rke\u00e4\u00e4 tietoa sek\u00e4 n\u00e4ist\u00e4 ett\u00e4 tulevista tapahtumista!<\/p>\n\n\n\n<figure class=\"wp-block-image size-large\"><img loading=\"lazy\" decoding=\"async\" width=\"1024\" height=\"174\" src=\"https:\/\/sites.uef.fi\/uefpsy50\/wp-content\/uploads\/sites\/410\/2023\/09\/coronaria_logo_sininen_RGB-1024x174.png\" alt=\"Yhteisty\u00f6ss\u00e4 Coronaria\" class=\"wp-image-383\" srcset=\"https:\/\/sites.uef.fi\/uefpsy50\/wp-content\/uploads\/sites\/410\/2023\/09\/coronaria_logo_sininen_RGB-1024x174.png 1024w, https:\/\/sites.uef.fi\/uefpsy50\/wp-content\/uploads\/sites\/410\/2023\/09\/coronaria_logo_sininen_RGB-300x51.png 300w, https:\/\/sites.uef.fi\/uefpsy50\/wp-content\/uploads\/sites\/410\/2023\/09\/coronaria_logo_sininen_RGB-768x131.png 768w, https:\/\/sites.uef.fi\/uefpsy50\/wp-content\/uploads\/sites\/410\/2023\/09\/coronaria_logo_sininen_RGB-1536x261.png 1536w, https:\/\/sites.uef.fi\/uefpsy50\/wp-content\/uploads\/sites\/410\/2023\/09\/coronaria_logo_sininen_RGB-2048x348.png 2048w\" sizes=\"auto, (max-width: 1024px) 100vw, 1024px\" \/><figcaption class=\"wp-element-caption\">Yhteisty\u00f6ss\u00e4 Coronaria<\/figcaption><\/figure>\n\n\n\n<figure class=\"wp-block-image size-large\"><img loading=\"lazy\" decoding=\"async\" width=\"1024\" height=\"191\" src=\"https:\/\/sites.uef.fi\/uefpsy50\/wp-content\/uploads\/sites\/410\/2023\/10\/kruunupuisto-1024x191.png\" alt=\"Yhteisty\u00f6ss\u00e4 Kruunupuisto\" class=\"wp-image-443\" srcset=\"https:\/\/sites.uef.fi\/uefpsy50\/wp-content\/uploads\/sites\/410\/2023\/10\/kruunupuisto-1024x191.png 1024w, https:\/\/sites.uef.fi\/uefpsy50\/wp-content\/uploads\/sites\/410\/2023\/10\/kruunupuisto-300x56.png 300w, https:\/\/sites.uef.fi\/uefpsy50\/wp-content\/uploads\/sites\/410\/2023\/10\/kruunupuisto-768x143.png 768w, https:\/\/sites.uef.fi\/uefpsy50\/wp-content\/uploads\/sites\/410\/2023\/10\/kruunupuisto-1536x287.png 1536w, https:\/\/sites.uef.fi\/uefpsy50\/wp-content\/uploads\/sites\/410\/2023\/10\/kruunupuisto.png 1752w\" sizes=\"auto, (max-width: 1024px) 100vw, 1024px\" \/><figcaption class=\"wp-element-caption\">Yhteisty\u00f6ss\u00e4 Kruunupuisto<\/figcaption><\/figure>\n","protected":false},"excerpt":{"rendered":"<p>Ilmoittautuminen iltap\u00e4iv\u00e4n akateemiseen juhlaan Iltajuhlaan ilmoittautuminen on p\u00e4\u00e4ttynyt, mutta voit yh\u00e4 ilmoittautua maksuttomaan iltap\u00e4iv\u00e4n akateemiseen juhlaan. Joensuun psykologian 50-vuotisjuhlaa vietet\u00e4\u00e4n perjantaina 24.11.2023 Aamup\u00e4iv\u00e4n aikana on alumni- ja vuosikurssitapaamisia kampuksella ja kaupungilla. Halukkailla on mahdollisuus osallistua alumnilounaalle klo 11-12 Tiedepuiston lounasravintolassa (Sulo Puisto, L\u00e4nsikatu 15, 3A-sis\u00e4\u00e4nk\u00e4ynti). Iltap\u00e4iv\u00e4n akateeminen juhla (sali M100, Metria-rakennus): 12.15 Tervetuliaissanat \/ yliopistonlehtori [&hellip;]<\/p>\n","protected":false},"author":2,"featured_media":0,"parent":0,"menu_order":0,"comment_status":"closed","ping_status":"closed","template":"","meta":{"_acf_changed":false,"footnotes":""},"class_list":["post-14","page","type-page","status-publish","hentry"],"acf":[],"yoast_head":"<!-- This site is optimized with the Yoast SEO plugin v27.3 - https:\/\/yoast.com\/product\/yoast-seo-wordpress\/ -->\n<title>Psykologia juhlii 50-vuotista taivaltaan 24.11.2023 - Joensuun psykologia 50 vuotta<\/title>\n<meta name=\"robots\" content=\"index, follow, max-snippet:-1, max-image-preview:large, max-video-preview:-1\" \/>\n<link rel=\"canonical\" href=\"https:\/\/sites.uef.fi\/uefpsy50\/\" \/>\n<meta property=\"og:locale\" content=\"fi_FI\" \/>\n<meta property=\"og:type\" content=\"article\" \/>\n<meta property=\"og:title\" content=\"Psykologia juhlii 50-vuotista taivaltaan 24.11.2023 - Joensuun psykologia 50 vuotta\" \/>\n<meta property=\"og:description\" content=\"Ilmoittautuminen iltap\u00e4iv\u00e4n akateemiseen juhlaan Iltajuhlaan ilmoittautuminen on p\u00e4\u00e4ttynyt, mutta voit yh\u00e4 ilmoittautua maksuttomaan iltap\u00e4iv\u00e4n akateemiseen juhlaan. Joensuun psykologian 50-vuotisjuhlaa vietet\u00e4\u00e4n perjantaina 24.11.2023 Aamup\u00e4iv\u00e4n aikana on alumni- ja vuosikurssitapaamisia kampuksella ja kaupungilla. Halukkailla on mahdollisuus osallistua alumnilounaalle klo 11-12 Tiedepuiston lounasravintolassa (Sulo Puisto, L\u00e4nsikatu 15, 3A-sis\u00e4\u00e4nk\u00e4ynti). Iltap\u00e4iv\u00e4n akateeminen juhla (sali M100, Metria-rakennus): 12.15 Tervetuliaissanat \/ yliopistonlehtori [&hellip;]\" \/>\n<meta property=\"og:url\" content=\"https:\/\/sites.uef.fi\/uefpsy50\/\" \/>\n<meta property=\"og:site_name\" content=\"Joensuun psykologia 50 vuotta\" \/>\n<meta property=\"article:modified_time\" content=\"2023-10-27T11:42:41+00:00\" \/>\n<meta property=\"og:image\" content=\"https:\/\/sites.uef.fi\/uefpsy50\/wp-content\/uploads\/sites\/410\/2023\/09\/coronaria_logo_sininen_RGB-1024x174.png\" \/>\n<meta name=\"twitter:card\" content=\"summary_large_image\" \/>\n<meta name=\"twitter:label1\" content=\"Arvioitu lukuaika\" \/>\n\t<meta name=\"twitter:data1\" content=\"2 minuuttia\" \/>\n<script type=\"application\/ld+json\" class=\"yoast-schema-graph\">{\"@context\":\"https:\\\/\\\/schema.org\",\"@graph\":[{\"@type\":\"WebPage\",\"@id\":\"https:\\\/\\\/sites.uef.fi\\\/uefpsy50\\\/\",\"url\":\"https:\\\/\\\/sites.uef.fi\\\/uefpsy50\\\/\",\"name\":\"Psykologia juhlii 50-vuotista taivaltaan 24.11.2023 - Joensuun psykologia 50 vuotta\",\"isPartOf\":{\"@id\":\"https:\\\/\\\/sites.uef.fi\\\/uefpsy50\\\/#website\"},\"primaryImageOfPage\":{\"@id\":\"https:\\\/\\\/sites.uef.fi\\\/uefpsy50\\\/#primaryimage\"},\"image\":{\"@id\":\"https:\\\/\\\/sites.uef.fi\\\/uefpsy50\\\/#primaryimage\"},\"thumbnailUrl\":\"https:\\\/\\\/sites.uef.fi\\\/uefpsy50\\\/wp-content\\\/uploads\\\/sites\\\/410\\\/2023\\\/09\\\/coronaria_logo_sininen_RGB-1024x174.png\",\"datePublished\":\"2023-03-16T08:43:45+00:00\",\"dateModified\":\"2023-10-27T11:42:41+00:00\",\"breadcrumb\":{\"@id\":\"https:\\\/\\\/sites.uef.fi\\\/uefpsy50\\\/#breadcrumb\"},\"inLanguage\":\"fi\",\"potentialAction\":[{\"@type\":\"ReadAction\",\"target\":[\"https:\\\/\\\/sites.uef.fi\\\/uefpsy50\\\/\"]}]},{\"@type\":\"ImageObject\",\"inLanguage\":\"fi\",\"@id\":\"https:\\\/\\\/sites.uef.fi\\\/uefpsy50\\\/#primaryimage\",\"url\":\"https:\\\/\\\/sites.uef.fi\\\/uefpsy50\\\/wp-content\\\/uploads\\\/sites\\\/410\\\/2023\\\/09\\\/coronaria_logo_sininen_RGB.png\",\"contentUrl\":\"https:\\\/\\\/sites.uef.fi\\\/uefpsy50\\\/wp-content\\\/uploads\\\/sites\\\/410\\\/2023\\\/09\\\/coronaria_logo_sininen_RGB.png\",\"width\":3001,\"height\":510,\"caption\":\"Yhteisty\u00f6ss\u00e4 Coronaria\"},{\"@type\":\"BreadcrumbList\",\"@id\":\"https:\\\/\\\/sites.uef.fi\\\/uefpsy50\\\/#breadcrumb\",\"itemListElement\":[{\"@type\":\"ListItem\",\"position\":1,\"name\":\"Home\",\"item\":\"https:\\\/\\\/sites.uef.fi\\\/uefpsy50\\\/\"},{\"@type\":\"ListItem\",\"position\":2,\"name\":\"Psykologia juhlii 50-vuotista taivaltaan 24.11.2023\"}]},{\"@type\":\"WebSite\",\"@id\":\"https:\\\/\\\/sites.uef.fi\\\/uefpsy50\\\/#website\",\"url\":\"https:\\\/\\\/sites.uef.fi\\\/uefpsy50\\\/\",\"name\":\"Joensuun psykologia 50 vuotta\",\"description\":\"\",\"publisher\":{\"@id\":\"https:\\\/\\\/sites.uef.fi\\\/uefpsy50\\\/#organization\"},\"potentialAction\":[{\"@type\":\"SearchAction\",\"target\":{\"@type\":\"EntryPoint\",\"urlTemplate\":\"https:\\\/\\\/sites.uef.fi\\\/uefpsy50\\\/?s={search_term_string}\"},\"query-input\":{\"@type\":\"PropertyValueSpecification\",\"valueRequired\":true,\"valueName\":\"search_term_string\"}}],\"inLanguage\":\"fi\"},{\"@type\":\"Organization\",\"@id\":\"https:\\\/\\\/sites.uef.fi\\\/uefpsy50\\\/#organization\",\"name\":\"Joensuun psykologia 50 vuotta\",\"url\":\"https:\\\/\\\/sites.uef.fi\\\/uefpsy50\\\/\",\"logo\":{\"@type\":\"ImageObject\",\"inLanguage\":\"fi\",\"@id\":\"https:\\\/\\\/sites.uef.fi\\\/uefpsy50\\\/#\\\/schema\\\/logo\\\/image\\\/\",\"url\":\"https:\\\/\\\/sites.uef.fi\\\/uefpsy50\\\/wp-content\\\/uploads\\\/sites\\\/410\\\/2023\\\/03\\\/cropped-UEF_wordpress_white.png\",\"contentUrl\":\"https:\\\/\\\/sites.uef.fi\\\/uefpsy50\\\/wp-content\\\/uploads\\\/sites\\\/410\\\/2023\\\/03\\\/cropped-UEF_wordpress_white.png\",\"width\":250,\"height\":250,\"caption\":\"Joensuun psykologia 50 vuotta\"},\"image\":{\"@id\":\"https:\\\/\\\/sites.uef.fi\\\/uefpsy50\\\/#\\\/schema\\\/logo\\\/image\\\/\"}}]}<\/script>\n<!-- \/ Yoast SEO plugin. -->","yoast_head_json":{"title":"Psykologia juhlii 50-vuotista taivaltaan 24.11.2023 - Joensuun psykologia 50 vuotta","robots":{"index":"index","follow":"follow","max-snippet":"max-snippet:-1","max-image-preview":"max-image-preview:large","max-video-preview":"max-video-preview:-1"},"canonical":"https:\/\/sites.uef.fi\/uefpsy50\/","og_locale":"fi_FI","og_type":"article","og_title":"Psykologia juhlii 50-vuotista taivaltaan 24.11.2023 - Joensuun psykologia 50 vuotta","og_description":"Ilmoittautuminen iltap\u00e4iv\u00e4n akateemiseen juhlaan Iltajuhlaan ilmoittautuminen on p\u00e4\u00e4ttynyt, mutta voit yh\u00e4 ilmoittautua maksuttomaan iltap\u00e4iv\u00e4n akateemiseen juhlaan. Joensuun psykologian 50-vuotisjuhlaa vietet\u00e4\u00e4n perjantaina 24.11.2023 Aamup\u00e4iv\u00e4n aikana on alumni- ja vuosikurssitapaamisia kampuksella ja kaupungilla. Halukkailla on mahdollisuus osallistua alumnilounaalle klo 11-12 Tiedepuiston lounasravintolassa (Sulo Puisto, L\u00e4nsikatu 15, 3A-sis\u00e4\u00e4nk\u00e4ynti). Iltap\u00e4iv\u00e4n akateeminen juhla (sali M100, Metria-rakennus): 12.15 Tervetuliaissanat \/ yliopistonlehtori [&hellip;]","og_url":"https:\/\/sites.uef.fi\/uefpsy50\/","og_site_name":"Joensuun psykologia 50 vuotta","article_modified_time":"2023-10-27T11:42:41+00:00","og_image":[{"url":"https:\/\/sites.uef.fi\/uefpsy50\/wp-content\/uploads\/sites\/410\/2023\/09\/coronaria_logo_sininen_RGB-1024x174.png","type":"","width":"","height":""}],"twitter_card":"summary_large_image","twitter_misc":{"Arvioitu lukuaika":"2 minuuttia"},"schema":{"@context":"https:\/\/schema.org","@graph":[{"@type":"WebPage","@id":"https:\/\/sites.uef.fi\/uefpsy50\/","url":"https:\/\/sites.uef.fi\/uefpsy50\/","name":"Psykologia juhlii 50-vuotista taivaltaan 24.11.2023 - Joensuun psykologia 50 vuotta","isPartOf":{"@id":"https:\/\/sites.uef.fi\/uefpsy50\/#website"},"primaryImageOfPage":{"@id":"https:\/\/sites.uef.fi\/uefpsy50\/#primaryimage"},"image":{"@id":"https:\/\/sites.uef.fi\/uefpsy50\/#primaryimage"},"thumbnailUrl":"https:\/\/sites.uef.fi\/uefpsy50\/wp-content\/uploads\/sites\/410\/2023\/09\/coronaria_logo_sininen_RGB-1024x174.png","datePublished":"2023-03-16T08:43:45+00:00","dateModified":"2023-10-27T11:42:41+00:00","breadcrumb":{"@id":"https:\/\/sites.uef.fi\/uefpsy50\/#breadcrumb"},"inLanguage":"fi","potentialAction":[{"@type":"ReadAction","target":["https:\/\/sites.uef.fi\/uefpsy50\/"]}]},{"@type":"ImageObject","inLanguage":"fi","@id":"https:\/\/sites.uef.fi\/uefpsy50\/#primaryimage","url":"https:\/\/sites.uef.fi\/uefpsy50\/wp-content\/uploads\/sites\/410\/2023\/09\/coronaria_logo_sininen_RGB.png","contentUrl":"https:\/\/sites.uef.fi\/uefpsy50\/wp-content\/uploads\/sites\/410\/2023\/09\/coronaria_logo_sininen_RGB.png","width":3001,"height":510,"caption":"Yhteisty\u00f6ss\u00e4 Coronaria"},{"@type":"BreadcrumbList","@id":"https:\/\/sites.uef.fi\/uefpsy50\/#breadcrumb","itemListElement":[{"@type":"ListItem","position":1,"name":"Home","item":"https:\/\/sites.uef.fi\/uefpsy50\/"},{"@type":"ListItem","position":2,"name":"Psykologia juhlii 50-vuotista taivaltaan 24.11.2023"}]},{"@type":"WebSite","@id":"https:\/\/sites.uef.fi\/uefpsy50\/#website","url":"https:\/\/sites.uef.fi\/uefpsy50\/","name":"Joensuun psykologia 50 vuotta","description":"","publisher":{"@id":"https:\/\/sites.uef.fi\/uefpsy50\/#organization"},"potentialAction":[{"@type":"SearchAction","target":{"@type":"EntryPoint","urlTemplate":"https:\/\/sites.uef.fi\/uefpsy50\/?s={search_term_string}"},"query-input":{"@type":"PropertyValueSpecification","valueRequired":true,"valueName":"search_term_string"}}],"inLanguage":"fi"},{"@type":"Organization","@id":"https:\/\/sites.uef.fi\/uefpsy50\/#organization","name":"Joensuun psykologia 50 vuotta","url":"https:\/\/sites.uef.fi\/uefpsy50\/","logo":{"@type":"ImageObject","inLanguage":"fi","@id":"https:\/\/sites.uef.fi\/uefpsy50\/#\/schema\/logo\/image\/","url":"https:\/\/sites.uef.fi\/uefpsy50\/wp-content\/uploads\/sites\/410\/2023\/03\/cropped-UEF_wordpress_white.png","contentUrl":"https:\/\/sites.uef.fi\/uefpsy50\/wp-content\/uploads\/sites\/410\/2023\/03\/cropped-UEF_wordpress_white.png","width":250,"height":250,"caption":"Joensuun psykologia 50 vuotta"},"image":{"@id":"https:\/\/sites.uef.fi\/uefpsy50\/#\/schema\/logo\/image\/"}}]}},"_links":{"self":[{"href":"https:\/\/sites.uef.fi\/uefpsy50\/wp-json\/wp\/v2\/pages\/14","targetHints":{"allow":["GET"]}}],"collection":[{"href":"https:\/\/sites.uef.fi\/uefpsy50\/wp-json\/wp\/v2\/pages"}],"about":[{"href":"https:\/\/sites.uef.fi\/uefpsy50\/wp-json\/wp\/v2\/types\/page"}],"author":[{"embeddable":true,"href":"https:\/\/sites.uef.fi\/uefpsy50\/wp-json\/wp\/v2\/users\/2"}],"replies":[{"embeddable":true,"href":"https:\/\/sites.uef.fi\/uefpsy50\/wp-json\/wp\/v2\/comments?post=14"}],"version-history":[{"count":1,"href":"https:\/\/sites.uef.fi\/uefpsy50\/wp-json\/wp\/v2\/pages\/14\/revisions"}],"predecessor-version":[{"id":458,"href":"https:\/\/sites.uef.fi\/uefpsy50\/wp-json\/wp\/v2\/pages\/14\/revisions\/458"}],"wp:attachment":[{"href":"https:\/\/sites.uef.fi\/uefpsy50\/wp-json\/wp\/v2\/media?parent=14"}],"curies":[{"name":"wp","href":"https:\/\/api.w.org\/{rel}","templated":true}]}}