{"id":148,"date":"2023-09-05T07:52:03","date_gmt":"2023-09-05T05:52:03","guid":{"rendered":"https:\/\/sites.uef.fi\/uefpsy50\/?page_id=148"},"modified":"2023-10-23T09:26:09","modified_gmt":"2023-10-23T07:26:09","slug":"ilmoittautuminen-juhlaan","status":"publish","type":"page","link":"https:\/\/sites.uef.fi\/uefpsy50\/ilmoittautuminen-juhlaan\/","title":{"rendered":"Ilmoittautuminen juhlaan"},"content":{"rendered":"\n<p>Tervetuloa juhlistamaan 50-vuotiasta Joensuun psykologiaa!<\/p>\n\n\n\n<p><strong>Iltajuhlaan ilmoittautuminen on p\u00e4\u00e4ttynyt.<\/strong><\/p>\n\n\n\n<p>Oheisella lomakkeella voit ilmoittautua valintasi mukaan viel\u00e4 alumnitapaamisiin ja akateemiseen p\u00e4iv\u00e4ohjelmaan:<\/p>\n\n\n\n<p><a href=\"https:\/\/registration.contio.fi\/uef\/Registration\/Login?id=6724-T_6724-7851\" target=\"_blank\" rel=\"noreferrer noopener\">Ilmoittaudu!<\/a><\/p>\n\n\n\n<p>Alumnitapaamiset ja akateeminen p\u00e4iv\u00e4ohjelma ovat maksuttomat.<\/p>\n\n\n\n<figure class=\"wp-block-image size-full is-style-default\"><img loading=\"lazy\" decoding=\"async\" width=\"826\" height=\"551\" src=\"https:\/\/sites.uef.fi\/uefpsy50\/wp-content\/uploads\/sites\/410\/2023\/10\/syys-pieni.png\" alt=\"\" class=\"wp-image-434\" srcset=\"https:\/\/sites.uef.fi\/uefpsy50\/wp-content\/uploads\/sites\/410\/2023\/10\/syys-pieni.png 826w, https:\/\/sites.uef.fi\/uefpsy50\/wp-content\/uploads\/sites\/410\/2023\/10\/syys-pieni-300x200.png 300w, https:\/\/sites.uef.fi\/uefpsy50\/wp-content\/uploads\/sites\/410\/2023\/10\/syys-pieni-768x512.png 768w\" sizes=\"auto, (max-width: 826px) 100vw, 826px\" \/><figcaption class=\"wp-element-caption\">Kuva: emeritusprofessori Hannu R\u00e4ty<\/figcaption><\/figure>\n","protected":false},"excerpt":{"rendered":"<p>Tervetuloa juhlistamaan 50-vuotiasta Joensuun psykologiaa! Iltajuhlaan ilmoittautuminen on p\u00e4\u00e4ttynyt. Oheisella lomakkeella voit ilmoittautua valintasi mukaan viel\u00e4 alumnitapaamisiin ja akateemiseen p\u00e4iv\u00e4ohjelmaan: Ilmoittaudu! Alumnitapaamiset ja akateeminen p\u00e4iv\u00e4ohjelma ovat maksuttomat.<\/p>\n","protected":false},"author":961,"featured_media":0,"parent":0,"menu_order":0,"comment_status":"closed","ping_status":"closed","template":"","meta":{"_acf_changed":false,"footnotes":""},"class_list":["post-148","page","type-page","status-publish","hentry"],"acf":[],"yoast_head":"<!-- This site is optimized with the Yoast SEO plugin v27.3 - https:\/\/yoast.com\/product\/yoast-seo-wordpress\/ -->\n<title>Ilmoittautuminen juhlaan - Joensuun psykologia 50 vuotta<\/title>\n<meta name=\"robots\" content=\"index, follow, max-snippet:-1, max-image-preview:large, max-video-preview:-1\" \/>\n<link rel=\"canonical\" href=\"https:\/\/sites.uef.fi\/uefpsy50\/ilmoittautuminen-juhlaan\/\" \/>\n<meta property=\"og:locale\" content=\"fi_FI\" \/>\n<meta property=\"og:type\" content=\"article\" \/>\n<meta property=\"og:title\" content=\"Ilmoittautuminen juhlaan - Joensuun psykologia 50 vuotta\" \/>\n<meta property=\"og:description\" content=\"Tervetuloa juhlistamaan 50-vuotiasta Joensuun psykologiaa! Iltajuhlaan ilmoittautuminen on p\u00e4\u00e4ttynyt. Oheisella lomakkeella voit ilmoittautua valintasi mukaan viel\u00e4 alumnitapaamisiin ja akateemiseen p\u00e4iv\u00e4ohjelmaan: Ilmoittaudu! Alumnitapaamiset ja akateeminen p\u00e4iv\u00e4ohjelma ovat maksuttomat.\" \/>\n<meta property=\"og:url\" content=\"https:\/\/sites.uef.fi\/uefpsy50\/ilmoittautuminen-juhlaan\/\" \/>\n<meta property=\"og:site_name\" content=\"Joensuun psykologia 50 vuotta\" \/>\n<meta property=\"article:modified_time\" content=\"2023-10-23T07:26:09+00:00\" \/>\n<meta property=\"og:image\" content=\"https:\/\/sites.uef.fi\/uefpsy50\/wp-content\/uploads\/sites\/410\/2023\/10\/syys-pieni.png\" \/>\n<meta name=\"twitter:card\" content=\"summary_large_image\" \/>\n<meta name=\"twitter:label1\" content=\"Arvioitu lukuaika\" \/>\n\t<meta name=\"twitter:data1\" content=\"1 minuutti\" \/>\n<script type=\"application\/ld+json\" class=\"yoast-schema-graph\">{\"@context\":\"https:\\\/\\\/schema.org\",\"@graph\":[{\"@type\":\"WebPage\",\"@id\":\"https:\\\/\\\/sites.uef.fi\\\/uefpsy50\\\/ilmoittautuminen-juhlaan\\\/\",\"url\":\"https:\\\/\\\/sites.uef.fi\\\/uefpsy50\\\/ilmoittautuminen-juhlaan\\\/\",\"name\":\"Ilmoittautuminen juhlaan - Joensuun psykologia 50 vuotta\",\"isPartOf\":{\"@id\":\"https:\\\/\\\/sites.uef.fi\\\/uefpsy50\\\/#website\"},\"primaryImageOfPage\":{\"@id\":\"https:\\\/\\\/sites.uef.fi\\\/uefpsy50\\\/ilmoittautuminen-juhlaan\\\/#primaryimage\"},\"image\":{\"@id\":\"https:\\\/\\\/sites.uef.fi\\\/uefpsy50\\\/ilmoittautuminen-juhlaan\\\/#primaryimage\"},\"thumbnailUrl\":\"https:\\\/\\\/sites.uef.fi\\\/uefpsy50\\\/wp-content\\\/uploads\\\/sites\\\/410\\\/2023\\\/10\\\/syys-pieni.png\",\"datePublished\":\"2023-09-05T05:52:03+00:00\",\"dateModified\":\"2023-10-23T07:26:09+00:00\",\"breadcrumb\":{\"@id\":\"https:\\\/\\\/sites.uef.fi\\\/uefpsy50\\\/ilmoittautuminen-juhlaan\\\/#breadcrumb\"},\"inLanguage\":\"fi\",\"potentialAction\":[{\"@type\":\"ReadAction\",\"target\":[\"https:\\\/\\\/sites.uef.fi\\\/uefpsy50\\\/ilmoittautuminen-juhlaan\\\/\"]}]},{\"@type\":\"ImageObject\",\"inLanguage\":\"fi\",\"@id\":\"https:\\\/\\\/sites.uef.fi\\\/uefpsy50\\\/ilmoittautuminen-juhlaan\\\/#primaryimage\",\"url\":\"https:\\\/\\\/sites.uef.fi\\\/uefpsy50\\\/wp-content\\\/uploads\\\/sites\\\/410\\\/2023\\\/10\\\/syys-pieni.png\",\"contentUrl\":\"https:\\\/\\\/sites.uef.fi\\\/uefpsy50\\\/wp-content\\\/uploads\\\/sites\\\/410\\\/2023\\\/10\\\/syys-pieni.png\",\"width\":826,\"height\":551},{\"@type\":\"BreadcrumbList\",\"@id\":\"https:\\\/\\\/sites.uef.fi\\\/uefpsy50\\\/ilmoittautuminen-juhlaan\\\/#breadcrumb\",\"itemListElement\":[{\"@type\":\"ListItem\",\"position\":1,\"name\":\"Home\",\"item\":\"https:\\\/\\\/sites.uef.fi\\\/uefpsy50\\\/\"},{\"@type\":\"ListItem\",\"position\":2,\"name\":\"Ilmoittautuminen juhlaan\"}]},{\"@type\":\"WebSite\",\"@id\":\"https:\\\/\\\/sites.uef.fi\\\/uefpsy50\\\/#website\",\"url\":\"https:\\\/\\\/sites.uef.fi\\\/uefpsy50\\\/\",\"name\":\"Joensuun psykologia 50 vuotta\",\"description\":\"\",\"publisher\":{\"@id\":\"https:\\\/\\\/sites.uef.fi\\\/uefpsy50\\\/#organization\"},\"potentialAction\":[{\"@type\":\"SearchAction\",\"target\":{\"@type\":\"EntryPoint\",\"urlTemplate\":\"https:\\\/\\\/sites.uef.fi\\\/uefpsy50\\\/?s={search_term_string}\"},\"query-input\":{\"@type\":\"PropertyValueSpecification\",\"valueRequired\":true,\"valueName\":\"search_term_string\"}}],\"inLanguage\":\"fi\"},{\"@type\":\"Organization\",\"@id\":\"https:\\\/\\\/sites.uef.fi\\\/uefpsy50\\\/#organization\",\"name\":\"Joensuun psykologia 50 vuotta\",\"url\":\"https:\\\/\\\/sites.uef.fi\\\/uefpsy50\\\/\",\"logo\":{\"@type\":\"ImageObject\",\"inLanguage\":\"fi\",\"@id\":\"https:\\\/\\\/sites.uef.fi\\\/uefpsy50\\\/#\\\/schema\\\/logo\\\/image\\\/\",\"url\":\"https:\\\/\\\/sites.uef.fi\\\/uefpsy50\\\/wp-content\\\/uploads\\\/sites\\\/410\\\/2023\\\/03\\\/cropped-UEF_wordpress_white.png\",\"contentUrl\":\"https:\\\/\\\/sites.uef.fi\\\/uefpsy50\\\/wp-content\\\/uploads\\\/sites\\\/410\\\/2023\\\/03\\\/cropped-UEF_wordpress_white.png\",\"width\":250,\"height\":250,\"caption\":\"Joensuun psykologia 50 vuotta\"},\"image\":{\"@id\":\"https:\\\/\\\/sites.uef.fi\\\/uefpsy50\\\/#\\\/schema\\\/logo\\\/image\\\/\"}}]}<\/script>\n<!-- \/ Yoast SEO plugin. -->","yoast_head_json":{"title":"Ilmoittautuminen juhlaan - Joensuun psykologia 50 vuotta","robots":{"index":"index","follow":"follow","max-snippet":"max-snippet:-1","max-image-preview":"max-image-preview:large","max-video-preview":"max-video-preview:-1"},"canonical":"https:\/\/sites.uef.fi\/uefpsy50\/ilmoittautuminen-juhlaan\/","og_locale":"fi_FI","og_type":"article","og_title":"Ilmoittautuminen juhlaan - Joensuun psykologia 50 vuotta","og_description":"Tervetuloa juhlistamaan 50-vuotiasta Joensuun psykologiaa! Iltajuhlaan ilmoittautuminen on p\u00e4\u00e4ttynyt. Oheisella lomakkeella voit ilmoittautua valintasi mukaan viel\u00e4 alumnitapaamisiin ja akateemiseen p\u00e4iv\u00e4ohjelmaan: Ilmoittaudu! Alumnitapaamiset ja akateeminen p\u00e4iv\u00e4ohjelma ovat maksuttomat.","og_url":"https:\/\/sites.uef.fi\/uefpsy50\/ilmoittautuminen-juhlaan\/","og_site_name":"Joensuun psykologia 50 vuotta","article_modified_time":"2023-10-23T07:26:09+00:00","og_image":[{"url":"https:\/\/sites.uef.fi\/uefpsy50\/wp-content\/uploads\/sites\/410\/2023\/10\/syys-pieni.png","type":"","width":"","height":""}],"twitter_card":"summary_large_image","twitter_misc":{"Arvioitu lukuaika":"1 minuutti"},"schema":{"@context":"https:\/\/schema.org","@graph":[{"@type":"WebPage","@id":"https:\/\/sites.uef.fi\/uefpsy50\/ilmoittautuminen-juhlaan\/","url":"https:\/\/sites.uef.fi\/uefpsy50\/ilmoittautuminen-juhlaan\/","name":"Ilmoittautuminen juhlaan - Joensuun psykologia 50 vuotta","isPartOf":{"@id":"https:\/\/sites.uef.fi\/uefpsy50\/#website"},"primaryImageOfPage":{"@id":"https:\/\/sites.uef.fi\/uefpsy50\/ilmoittautuminen-juhlaan\/#primaryimage"},"image":{"@id":"https:\/\/sites.uef.fi\/uefpsy50\/ilmoittautuminen-juhlaan\/#primaryimage"},"thumbnailUrl":"https:\/\/sites.uef.fi\/uefpsy50\/wp-content\/uploads\/sites\/410\/2023\/10\/syys-pieni.png","datePublished":"2023-09-05T05:52:03+00:00","dateModified":"2023-10-23T07:26:09+00:00","breadcrumb":{"@id":"https:\/\/sites.uef.fi\/uefpsy50\/ilmoittautuminen-juhlaan\/#breadcrumb"},"inLanguage":"fi","potentialAction":[{"@type":"ReadAction","target":["https:\/\/sites.uef.fi\/uefpsy50\/ilmoittautuminen-juhlaan\/"]}]},{"@type":"ImageObject","inLanguage":"fi","@id":"https:\/\/sites.uef.fi\/uefpsy50\/ilmoittautuminen-juhlaan\/#primaryimage","url":"https:\/\/sites.uef.fi\/uefpsy50\/wp-content\/uploads\/sites\/410\/2023\/10\/syys-pieni.png","contentUrl":"https:\/\/sites.uef.fi\/uefpsy50\/wp-content\/uploads\/sites\/410\/2023\/10\/syys-pieni.png","width":826,"height":551},{"@type":"BreadcrumbList","@id":"https:\/\/sites.uef.fi\/uefpsy50\/ilmoittautuminen-juhlaan\/#breadcrumb","itemListElement":[{"@type":"ListItem","position":1,"name":"Home","item":"https:\/\/sites.uef.fi\/uefpsy50\/"},{"@type":"ListItem","position":2,"name":"Ilmoittautuminen juhlaan"}]},{"@type":"WebSite","@id":"https:\/\/sites.uef.fi\/uefpsy50\/#website","url":"https:\/\/sites.uef.fi\/uefpsy50\/","name":"Joensuun psykologia 50 vuotta","description":"","publisher":{"@id":"https:\/\/sites.uef.fi\/uefpsy50\/#organization"},"potentialAction":[{"@type":"SearchAction","target":{"@type":"EntryPoint","urlTemplate":"https:\/\/sites.uef.fi\/uefpsy50\/?s={search_term_string}"},"query-input":{"@type":"PropertyValueSpecification","valueRequired":true,"valueName":"search_term_string"}}],"inLanguage":"fi"},{"@type":"Organization","@id":"https:\/\/sites.uef.fi\/uefpsy50\/#organization","name":"Joensuun psykologia 50 vuotta","url":"https:\/\/sites.uef.fi\/uefpsy50\/","logo":{"@type":"ImageObject","inLanguage":"fi","@id":"https:\/\/sites.uef.fi\/uefpsy50\/#\/schema\/logo\/image\/","url":"https:\/\/sites.uef.fi\/uefpsy50\/wp-content\/uploads\/sites\/410\/2023\/03\/cropped-UEF_wordpress_white.png","contentUrl":"https:\/\/sites.uef.fi\/uefpsy50\/wp-content\/uploads\/sites\/410\/2023\/03\/cropped-UEF_wordpress_white.png","width":250,"height":250,"caption":"Joensuun psykologia 50 vuotta"},"image":{"@id":"https:\/\/sites.uef.fi\/uefpsy50\/#\/schema\/logo\/image\/"}}]}},"_links":{"self":[{"href":"https:\/\/sites.uef.fi\/uefpsy50\/wp-json\/wp\/v2\/pages\/148","targetHints":{"allow":["GET"]}}],"collection":[{"href":"https:\/\/sites.uef.fi\/uefpsy50\/wp-json\/wp\/v2\/pages"}],"about":[{"href":"https:\/\/sites.uef.fi\/uefpsy50\/wp-json\/wp\/v2\/types\/page"}],"author":[{"embeddable":true,"href":"https:\/\/sites.uef.fi\/uefpsy50\/wp-json\/wp\/v2\/users\/961"}],"replies":[{"embeddable":true,"href":"https:\/\/sites.uef.fi\/uefpsy50\/wp-json\/wp\/v2\/comments?post=148"}],"version-history":[{"count":1,"href":"https:\/\/sites.uef.fi\/uefpsy50\/wp-json\/wp\/v2\/pages\/148\/revisions"}],"predecessor-version":[{"id":440,"href":"https:\/\/sites.uef.fi\/uefpsy50\/wp-json\/wp\/v2\/pages\/148\/revisions\/440"}],"wp:attachment":[{"href":"https:\/\/sites.uef.fi\/uefpsy50\/wp-json\/wp\/v2\/media?parent=148"}],"curies":[{"name":"wp","href":"https:\/\/api.w.org\/{rel}","templated":true}]}}