{"id":834,"date":"2020-05-08T11:19:32","date_gmt":"2020-05-08T09:19:32","guid":{"rendered":"http:\/\/wp.unil.ch\/unitwin\/?page_id=834"},"modified":"2020-05-08T11:19:32","modified_gmt":"2020-05-08T09:19:32","slug":"meetings","status":"publish","type":"page","link":"https:\/\/sites.uef.fi\/unitwin\/meetings\/","title":{"rendered":"Meetings"},"content":{"rendered":"<p style=\"text-align: justify\">The\u00a0<a href=\"https:\/\/iaapsy.org\/about\/centennial-year\/\">Centennial Congress of Applied Psychology<\/a> on December 13-17 2020 in Cancun (Mexico) has been cancelled due to the COVID-19 pandemic.<\/p>\n<p style=\"text-align: justify\">On March 6 2020, the UniTwin International Network organized a day of symposiums, conferences and even a roundtable about the <strong>role of vocational counseling to promote access to sustainable careers<\/strong>. Due to the Coronavirus outbreak, the program was adapted. However, the day was a resounding success as speakers contributed a great deal to each other. Moreover, the audience was numerous. On this occasion, Professor McMahon received the European Society for vocational designing and career counseling (ESVDC) award. Please find attached the link to the award official description.<\/p>\n<p><a href=\"http:\/\/www.esvdc.org\/?page_id=857\">https:\/\/http:\/\/www.esvdc.org\/?page_id=857<\/a><\/p>\n<p><strong>Please find attached the list of speakers:<\/strong><\/p>\n\n\t\t<style type=\"text\/css\">\n\t\t\t#gallery-1 {\n\t\t\t\tmargin: auto;\n\t\t\t}\n\t\t\t#gallery-1 .gallery-item {\n\t\t\t\tfloat: left;\n\t\t\t\tmargin-top: 10px;\n\t\t\t\ttext-align: center;\n\t\t\t\twidth: 25%;\n\t\t\t}\n\t\t\t#gallery-1 img {\n\t\t\t\tborder: 2px solid #cfcfcf;\n\t\t\t}\n\t\t\t#gallery-1 .gallery-caption {\n\t\t\t\tmargin-left: 0;\n\t\t\t}\n\t\t\t\/* see gallery_shortcode() in wp-includes\/media.php *\/\n\t\t<\/style>\n\t\t<div id='gallery-1' class='gallery galleryid-834 gallery-columns-4 gallery-size-thumbnail'><dl class='gallery-item'>\n\t\t\t<dt class='gallery-icon portrait'>\n\t\t\t\t<a href='https:\/\/sites.uef.fi\/unitwin\/wp-content\/uploads\/sites\/346\/2020\/03\/IMG_5390.jpg'><img loading=\"lazy\" decoding=\"async\" width=\"150\" height=\"150\" src=\"https:\/\/sites.uef.fi\/unitwin\/wp-content\/uploads\/sites\/346\/2020\/03\/IMG_5390-150x150.jpg\" class=\"attachment-thumbnail size-thumbnail\" alt=\"\" aria-describedby=\"gallery-1-802\" \/><\/a>\n\t\t\t<\/dt>\n\t\t\t\t<dd class='wp-caption-text gallery-caption' id='gallery-1-802'>\n\t\t\t\tProf. Jean-Pierre Dauwalder\n\t\t\t\t<\/dd><\/dl><dl class='gallery-item'>\n\t\t\t<dt class='gallery-icon portrait'>\n\t\t\t\t<a href='https:\/\/sites.uef.fi\/unitwin\/wp-content\/uploads\/sites\/346\/2020\/03\/IMG_5398.jpg'><img loading=\"lazy\" decoding=\"async\" width=\"150\" height=\"150\" src=\"https:\/\/sites.uef.fi\/unitwin\/wp-content\/uploads\/sites\/346\/2020\/03\/IMG_5398-150x150.jpg\" class=\"attachment-thumbnail size-thumbnail\" alt=\"\" aria-describedby=\"gallery-1-803\" \/><\/a>\n\t\t\t<\/dt>\n\t\t\t\t<dd class='wp-caption-text gallery-caption' id='gallery-1-803'>\n\t\t\t\tProf. Gu\u00f0bj\u00f6rg T. Vilhj\u00e1lmsd\u00f3ttir\n\t\t\t\t<\/dd><\/dl><dl class='gallery-item'>\n\t\t\t<dt class='gallery-icon portrait'>\n\t\t\t\t<a href='https:\/\/sites.uef.fi\/unitwin\/wp-content\/uploads\/sites\/346\/2020\/03\/IMG_5408.jpg'><img loading=\"lazy\" decoding=\"async\" width=\"150\" height=\"150\" src=\"https:\/\/sites.uef.fi\/unitwin\/wp-content\/uploads\/sites\/346\/2020\/03\/IMG_5408-150x150.jpg\" class=\"attachment-thumbnail size-thumbnail\" alt=\"\" aria-describedby=\"gallery-1-804\" \/><\/a>\n\t\t\t<\/dt>\n\t\t\t\t<dd class='wp-caption-text gallery-caption' id='gallery-1-804'>\n\t\t\t\tProf. Mary McMahon\n\t\t\t\t<\/dd><\/dl><dl class='gallery-item'>\n\t\t\t<dt class='gallery-icon portrait'>\n\t\t\t\t<a href='https:\/\/sites.uef.fi\/unitwin\/wp-content\/uploads\/sites\/346\/2020\/03\/IMG_5416.jpg'><img loading=\"lazy\" decoding=\"async\" width=\"150\" height=\"150\" src=\"https:\/\/sites.uef.fi\/unitwin\/wp-content\/uploads\/sites\/346\/2020\/03\/IMG_5416-150x150.jpg\" class=\"attachment-thumbnail size-thumbnail\" alt=\"\" aria-describedby=\"gallery-1-805\" \/><\/a>\n\t\t\t<\/dt>\n\t\t\t\t<dd class='wp-caption-text gallery-caption' id='gallery-1-805'>\n\t\t\t\tProf. Gabriela Aienson\n\t\t\t\t<\/dd><\/dl><br style=\"clear: both\" \/><dl class='gallery-item'>\n\t\t\t<dt class='gallery-icon portrait'>\n\t\t\t\t<a href='https:\/\/sites.uef.fi\/unitwin\/wp-content\/uploads\/sites\/346\/2020\/03\/IMG_5437.jpg'><img loading=\"lazy\" decoding=\"async\" width=\"150\" height=\"150\" src=\"https:\/\/sites.uef.fi\/unitwin\/wp-content\/uploads\/sites\/346\/2020\/03\/IMG_5437-150x150.jpg\" class=\"attachment-thumbnail size-thumbnail\" alt=\"\" aria-describedby=\"gallery-1-808\" \/><\/a>\n\t\t\t<\/dt>\n\t\t\t\t<dd class='wp-caption-text gallery-caption' id='gallery-1-808'>\n\t\t\t\tProf. Marcelo Afonso Ribeiro\n\t\t\t\t<\/dd><\/dl><dl class='gallery-item'>\n\t\t\t<dt class='gallery-icon portrait'>\n\t\t\t\t<a href='https:\/\/sites.uef.fi\/unitwin\/wp-content\/uploads\/sites\/346\/2020\/03\/IMG_5440.jpg'><img loading=\"lazy\" decoding=\"async\" width=\"150\" height=\"150\" src=\"https:\/\/sites.uef.fi\/unitwin\/wp-content\/uploads\/sites\/346\/2020\/03\/IMG_5440-150x150.jpg\" class=\"attachment-thumbnail size-thumbnail\" alt=\"\" aria-describedby=\"gallery-1-809\" \/><\/a>\n\t\t\t<\/dt>\n\t\t\t\t<dd class='wp-caption-text gallery-caption' id='gallery-1-809'>\n\t\t\t\tProf. Laura Nota\n\t\t\t\t<\/dd><\/dl><dl class='gallery-item'>\n\t\t\t<dt class='gallery-icon portrait'>\n\t\t\t\t<a href='https:\/\/sites.uef.fi\/unitwin\/wp-content\/uploads\/sites\/346\/2020\/03\/IMG_5448.jpg'><img loading=\"lazy\" decoding=\"async\" width=\"150\" height=\"150\" src=\"https:\/\/sites.uef.fi\/unitwin\/wp-content\/uploads\/sites\/346\/2020\/03\/IMG_5448-150x150.jpg\" class=\"attachment-thumbnail size-thumbnail\" alt=\"\" aria-describedby=\"gallery-1-810\" \/><\/a>\n\t\t\t<\/dt>\n\t\t\t\t<dd class='wp-caption-text gallery-caption' id='gallery-1-810'>\n\t\t\t\tProf. Victor Wong\n\t\t\t\t<\/dd><\/dl><dl class='gallery-item'>\n\t\t\t<dt class='gallery-icon portrait'>\n\t\t\t\t<a href='https:\/\/sites.uef.fi\/unitwin\/wp-content\/uploads\/sites\/346\/2020\/03\/IMG_5452.jpg'><img loading=\"lazy\" decoding=\"async\" width=\"150\" height=\"150\" src=\"https:\/\/sites.uef.fi\/unitwin\/wp-content\/uploads\/sites\/346\/2020\/03\/IMG_5452-150x150.jpg\" class=\"attachment-thumbnail size-thumbnail\" alt=\"\" aria-describedby=\"gallery-1-811\" \/><\/a>\n\t\t\t<\/dt>\n\t\t\t\t<dd class='wp-caption-text gallery-caption' id='gallery-1-811'>\n\t\t\t\tDr Su Xuebing\n\t\t\t\t<\/dd><\/dl><br style=\"clear: both\" \/><dl class='gallery-item'>\n\t\t\t<dt class='gallery-icon portrait'>\n\t\t\t\t<a href='https:\/\/sites.uef.fi\/unitwin\/wp-content\/uploads\/sites\/346\/2020\/03\/IMG_5461.jpg'><img loading=\"lazy\" decoding=\"async\" width=\"150\" height=\"150\" src=\"https:\/\/sites.uef.fi\/unitwin\/wp-content\/uploads\/sites\/346\/2020\/03\/IMG_5461-150x150.jpg\" class=\"attachment-thumbnail size-thumbnail\" alt=\"\" aria-describedby=\"gallery-1-812\" \/><\/a>\n\t\t\t<\/dt>\n\t\t\t\t<dd class='wp-caption-text gallery-caption' id='gallery-1-812'>\n\t\t\t\tProf. Leandro Legaspi\n\t\t\t\t<\/dd><\/dl><dl class='gallery-item'>\n\t\t\t<dt class='gallery-icon portrait'>\n\t\t\t\t<a href='https:\/\/sites.uef.fi\/unitwin\/wp-content\/uploads\/sites\/346\/2020\/03\/IMG_5424.jpg'><img loading=\"lazy\" decoding=\"async\" width=\"150\" height=\"150\" src=\"https:\/\/sites.uef.fi\/unitwin\/wp-content\/uploads\/sites\/346\/2020\/03\/IMG_5424-150x150.jpg\" class=\"attachment-thumbnail size-thumbnail\" alt=\"\" aria-describedby=\"gallery-1-806\" \/><\/a>\n\t\t\t<\/dt>\n\t\t\t\t<dd class='wp-caption-text gallery-caption' id='gallery-1-806'>\n\t\t\t\tProf. Maria Cristina Ginevra\n\t\t\t\t<\/dd><\/dl><dl class='gallery-item'>\n\t\t\t<dt class='gallery-icon portrait'>\n\t\t\t\t<a href='https:\/\/sites.uef.fi\/unitwin\/wp-content\/uploads\/sites\/346\/2020\/03\/IMG_5426.jpg'><img loading=\"lazy\" decoding=\"async\" width=\"150\" height=\"150\" src=\"https:\/\/sites.uef.fi\/unitwin\/wp-content\/uploads\/sites\/346\/2020\/03\/IMG_5426-150x150.jpg\" class=\"attachment-thumbnail size-thumbnail\" alt=\"\" aria-describedby=\"gallery-1-807\" \/><\/a>\n\t\t\t<\/dt>\n\t\t\t\t<dd class='wp-caption-text gallery-caption' id='gallery-1-807'>\n\t\t\t\tProf. Meenakshi Chhabra\n\t\t\t\t<\/dd><\/dl><dl class='gallery-item'>\n\t\t\t<dt class='gallery-icon portrait'>\n\t\t\t\t<a href='https:\/\/sites.uef.fi\/unitwin\/wp-content\/uploads\/sites\/346\/2020\/03\/IMG_5499.jpg'><img loading=\"lazy\" decoding=\"async\" width=\"150\" height=\"150\" src=\"https:\/\/sites.uef.fi\/unitwin\/wp-content\/uploads\/sites\/346\/2020\/03\/IMG_5499-150x150.jpg\" class=\"attachment-thumbnail size-thumbnail\" alt=\"\" aria-describedby=\"gallery-1-817\" \/><\/a>\n\t\t\t<\/dt>\n\t\t\t\t<dd class='wp-caption-text gallery-caption' id='gallery-1-817'>\n\t\t\t\tDr Emilie Carosin\n\t\t\t\t<\/dd><\/dl><br style=\"clear: both\" \/><dl class='gallery-item'>\n\t\t\t<dt class='gallery-icon portrait'>\n\t\t\t\t<a href='https:\/\/sites.uef.fi\/unitwin\/wp-content\/uploads\/sites\/346\/2020\/03\/IMG_5489.jpg'><img loading=\"lazy\" decoding=\"async\" width=\"150\" height=\"150\" src=\"https:\/\/sites.uef.fi\/unitwin\/wp-content\/uploads\/sites\/346\/2020\/03\/IMG_5489-150x150.jpg\" class=\"attachment-thumbnail size-thumbnail\" alt=\"\" aria-describedby=\"gallery-1-816\" \/><\/a>\n\t\t\t<\/dt>\n\t\t\t\t<dd class='wp-caption-text gallery-caption' id='gallery-1-816'>\n\t\t\t\tProf. Val\u00e9rie Cohen-Scali\n\t\t\t\t<\/dd><\/dl><dl class='gallery-item'>\n\t\t\t<dt class='gallery-icon portrait'>\n\t\t\t\t<a href='https:\/\/sites.uef.fi\/unitwin\/wp-content\/uploads\/sites\/346\/2020\/03\/IMG_5478.jpg'><img loading=\"lazy\" decoding=\"async\" width=\"150\" height=\"150\" src=\"https:\/\/sites.uef.fi\/unitwin\/wp-content\/uploads\/sites\/346\/2020\/03\/IMG_5478-150x150.jpg\" class=\"attachment-thumbnail size-thumbnail\" alt=\"\" aria-describedby=\"gallery-1-815\" \/><\/a>\n\t\t\t<\/dt>\n\t\t\t\t<dd class='wp-caption-text gallery-caption' id='gallery-1-815'>\n\t\t\t\tProf. Manon Chamberland\n\t\t\t\t<\/dd><\/dl><dl class='gallery-item'>\n\t\t\t<dt class='gallery-icon portrait'>\n\t\t\t\t<a href='https:\/\/sites.uef.fi\/unitwin\/wp-content\/uploads\/sites\/346\/2020\/03\/IMG_5467.jpg'><img loading=\"lazy\" decoding=\"async\" width=\"150\" height=\"150\" src=\"https:\/\/sites.uef.fi\/unitwin\/wp-content\/uploads\/sites\/346\/2020\/03\/IMG_5467-150x150.jpg\" class=\"attachment-thumbnail size-thumbnail\" alt=\"\" aria-describedby=\"gallery-1-814\" \/><\/a>\n\t\t\t<\/dt>\n\t\t\t\t<dd class='wp-caption-text gallery-caption' id='gallery-1-814'>\n\t\t\t\tProf. Kobus Maree\n\t\t\t\t<\/dd><\/dl><dl class='gallery-item'>\n\t\t\t<dt class='gallery-icon portrait'>\n\t\t\t\t<a href='https:\/\/sites.uef.fi\/unitwin\/wp-content\/uploads\/sites\/346\/2020\/03\/IMG_5463.jpg'><img loading=\"lazy\" decoding=\"async\" width=\"150\" height=\"150\" src=\"https:\/\/sites.uef.fi\/unitwin\/wp-content\/uploads\/sites\/346\/2020\/03\/IMG_5463-150x150.jpg\" class=\"attachment-thumbnail size-thumbnail\" alt=\"\" aria-describedby=\"gallery-1-813\" \/><\/a>\n\t\t\t<\/dt>\n\t\t\t\t<dd class='wp-caption-text gallery-caption' id='gallery-1-813'>\n\t\t\t\tProf. Donna Marie San Antonio\n\t\t\t\t<\/dd><\/dl><br style=\"clear: both\" \/>\n\t\t<\/div>\n\n<p><strong>Please find attached the links to some of the presentations that were given:<\/strong><\/p>\n<p><a href=\"https:\/\/sites.uef.fi\/unitwin\/wp-content\/uploads\/sites\/346\/2020\/05\/FINAL-UNITWIN-DSanAntoinio-Lausanne-3.6.20.pptx\">Donna San Antonio<\/a><\/p>\n<p><a href=\"https:\/\/sites.uef.fi\/unitwin\/wp-content\/uploads\/sites\/346\/2020\/05\/Vilhjalmsdottir_keynote_Young-workers-with-low-employment-skills_UNITWIN_Lausanne.pdf\">Vilhjalmsdottir<\/a><\/p>\n<p><a href=\"https:\/\/sites.uef.fi\/unitwin\/wp-content\/uploads\/sites\/346\/2020\/05\/The-differing-representations-of-youths-Aisenson-Lausanne-2020.pdf\">Gabriela Aienson<\/a><\/p>\n<p><a href=\"https:\/\/sites.uef.fi\/unitwin\/wp-content\/uploads\/sites\/346\/2020\/05\/LEGASPI-PRESENTATION-UNITWIN-NETWORK-LAUSANNE-2020.pdf\">Leandro Legaspi<\/a><\/p>\n<p><a href=\"https:\/\/sites.uef.fi\/unitwin\/wp-content\/uploads\/sites\/346\/2020\/05\/Construction-de-carriere-et-developpement-humain-durable.pdf\">Val\u00e9rie Cohen-Scali<\/a><\/p>\n<p><a href=\"https:\/\/sites.uef.fi\/unitwin\/wp-content\/uploads\/sites\/346\/2020\/05\/Lausanne.Roundtable.Vocational-psychology.20200306.1515.1630.FINAL_.20200317.Short_.pptx.pdf\">Kobus Maree<\/a><\/p>\n<p><a href=\"https:\/\/sites.uef.fi\/unitwin\/wp-content\/uploads\/sites\/346\/2020\/05\/UniTwin_ENOW.pdf\">Victor Wong<\/a><\/p>\n<p><strong>Please find attached the links to the original PDFs:<\/strong><\/p>\n<h4><a href=\"https:\/\/sites.uef.fi\/unitwin\/wp-content\/uploads\/sites\/346\/2020\/02\/International-Scientific-Seminar-UniTWin-Full-Program.pdf\">Full Program (PDF)<\/a><\/h4>\n<h4><a href=\"https:\/\/sites.uef.fi\/unitwin\/wp-content\/uploads\/sites\/346\/2020\/01\/Flyer-UniTwin-Seminar.pdf\">Flyer UniTwin Seminar (PDF)<\/a><\/h4>\n","protected":false},"excerpt":{"rendered":"<p>The\u00a0Centennial Congress of Applied Psychology on December 13-17 2020 in Cancun (Mexico) has been cancelled due to the COVID-19 pandemic. On March 6 2020, the UniTwin International Network organized a day of symposiums, conferences and even a roundtable about the role of vocational counseling to promote access to sustainable careers. Due to the Coronavirus outbreak, [&hellip;]<\/p>\n","protected":false},"author":2,"featured_media":0,"parent":0,"menu_order":0,"comment_status":"closed","ping_status":"closed","template":"","meta":{"_acf_changed":false,"footnotes":""},"class_list":["post-834","page","type-page","status-publish","hentry"],"acf":[],"yoast_head":"<!-- This site is optimized with the Yoast SEO plugin v27.3 - https:\/\/yoast.com\/product\/yoast-seo-wordpress\/ -->\n<title>Meetings - Unitwin International Network<\/title>\n<meta name=\"robots\" content=\"index, follow, max-snippet:-1, max-image-preview:large, max-video-preview:-1\" \/>\n<link rel=\"canonical\" href=\"https:\/\/sites.uef.fi\/unitwin\/meetings\/\" \/>\n<meta property=\"og:locale\" content=\"en_US\" \/>\n<meta property=\"og:type\" content=\"article\" \/>\n<meta property=\"og:title\" content=\"Meetings - Unitwin International Network\" \/>\n<meta property=\"og:description\" content=\"The\u00a0Centennial Congress of Applied Psychology on December 13-17 2020 in Cancun (Mexico) has been cancelled due to the COVID-19 pandemic. On March 6 2020, the UniTwin International Network organized a day of symposiums, conferences and even a roundtable about the role of vocational counseling to promote access to sustainable careers. Due to the Coronavirus outbreak, [&hellip;]\" \/>\n<meta property=\"og:url\" content=\"https:\/\/sites.uef.fi\/unitwin\/meetings\/\" \/>\n<meta property=\"og:site_name\" content=\"Unitwin International Network\" \/>\n<meta property=\"og:image\" content=\"https:\/\/sites.uef.fi\/unitwin\/wp-content\/uploads\/sites\/346\/2020\/03\/IMG_5390-150x150.jpg\" \/>\n<meta name=\"twitter:card\" content=\"summary_large_image\" \/>\n<meta name=\"twitter:label1\" content=\"Est. reading time\" \/>\n\t<meta name=\"twitter:data1\" content=\"1 minute\" \/>\n<script type=\"application\/ld+json\" class=\"yoast-schema-graph\">{\"@context\":\"https:\\\/\\\/schema.org\",\"@graph\":[{\"@type\":\"WebPage\",\"@id\":\"https:\\\/\\\/sites.uef.fi\\\/unitwin\\\/meetings\\\/\",\"url\":\"https:\\\/\\\/sites.uef.fi\\\/unitwin\\\/meetings\\\/\",\"name\":\"Meetings - Unitwin International Network\",\"isPartOf\":{\"@id\":\"https:\\\/\\\/sites.uef.fi\\\/unitwin\\\/#website\"},\"datePublished\":\"2020-05-08T09:19:32+00:00\",\"breadcrumb\":{\"@id\":\"https:\\\/\\\/sites.uef.fi\\\/unitwin\\\/meetings\\\/#breadcrumb\"},\"inLanguage\":\"en-US\",\"potentialAction\":[{\"@type\":\"ReadAction\",\"target\":[\"https:\\\/\\\/sites.uef.fi\\\/unitwin\\\/meetings\\\/\"]}]},{\"@type\":\"BreadcrumbList\",\"@id\":\"https:\\\/\\\/sites.uef.fi\\\/unitwin\\\/meetings\\\/#breadcrumb\",\"itemListElement\":[{\"@type\":\"ListItem\",\"position\":1,\"name\":\"Home\",\"item\":\"https:\\\/\\\/sites.uef.fi\\\/unitwin\\\/\"},{\"@type\":\"ListItem\",\"position\":2,\"name\":\"Meetings\"}]},{\"@type\":\"WebSite\",\"@id\":\"https:\\\/\\\/sites.uef.fi\\\/unitwin\\\/#website\",\"url\":\"https:\\\/\\\/sites.uef.fi\\\/unitwin\\\/\",\"name\":\"Unitwin International Network\",\"description\":\"\",\"potentialAction\":[{\"@type\":\"SearchAction\",\"target\":{\"@type\":\"EntryPoint\",\"urlTemplate\":\"https:\\\/\\\/sites.uef.fi\\\/unitwin\\\/?s={search_term_string}\"},\"query-input\":{\"@type\":\"PropertyValueSpecification\",\"valueRequired\":true,\"valueName\":\"search_term_string\"}}],\"inLanguage\":\"en-US\"}]}<\/script>\n<!-- \/ Yoast SEO plugin. -->","yoast_head_json":{"title":"Meetings - Unitwin International Network","robots":{"index":"index","follow":"follow","max-snippet":"max-snippet:-1","max-image-preview":"max-image-preview:large","max-video-preview":"max-video-preview:-1"},"canonical":"https:\/\/sites.uef.fi\/unitwin\/meetings\/","og_locale":"en_US","og_type":"article","og_title":"Meetings - Unitwin International Network","og_description":"The\u00a0Centennial Congress of Applied Psychology on December 13-17 2020 in Cancun (Mexico) has been cancelled due to the COVID-19 pandemic. On March 6 2020, the UniTwin International Network organized a day of symposiums, conferences and even a roundtable about the role of vocational counseling to promote access to sustainable careers. Due to the Coronavirus outbreak, [&hellip;]","og_url":"https:\/\/sites.uef.fi\/unitwin\/meetings\/","og_site_name":"Unitwin International Network","og_image":[{"url":"https:\/\/sites.uef.fi\/unitwin\/wp-content\/uploads\/sites\/346\/2020\/03\/IMG_5390-150x150.jpg","type":"","width":"","height":""}],"twitter_card":"summary_large_image","twitter_misc":{"Est. reading time":"1 minute"},"schema":{"@context":"https:\/\/schema.org","@graph":[{"@type":"WebPage","@id":"https:\/\/sites.uef.fi\/unitwin\/meetings\/","url":"https:\/\/sites.uef.fi\/unitwin\/meetings\/","name":"Meetings - Unitwin International Network","isPartOf":{"@id":"https:\/\/sites.uef.fi\/unitwin\/#website"},"datePublished":"2020-05-08T09:19:32+00:00","breadcrumb":{"@id":"https:\/\/sites.uef.fi\/unitwin\/meetings\/#breadcrumb"},"inLanguage":"en-US","potentialAction":[{"@type":"ReadAction","target":["https:\/\/sites.uef.fi\/unitwin\/meetings\/"]}]},{"@type":"BreadcrumbList","@id":"https:\/\/sites.uef.fi\/unitwin\/meetings\/#breadcrumb","itemListElement":[{"@type":"ListItem","position":1,"name":"Home","item":"https:\/\/sites.uef.fi\/unitwin\/"},{"@type":"ListItem","position":2,"name":"Meetings"}]},{"@type":"WebSite","@id":"https:\/\/sites.uef.fi\/unitwin\/#website","url":"https:\/\/sites.uef.fi\/unitwin\/","name":"Unitwin International Network","description":"","potentialAction":[{"@type":"SearchAction","target":{"@type":"EntryPoint","urlTemplate":"https:\/\/sites.uef.fi\/unitwin\/?s={search_term_string}"},"query-input":{"@type":"PropertyValueSpecification","valueRequired":true,"valueName":"search_term_string"}}],"inLanguage":"en-US"}]}},"_links":{"self":[{"href":"https:\/\/sites.uef.fi\/unitwin\/wp-json\/wp\/v2\/pages\/834","targetHints":{"allow":["GET"]}}],"collection":[{"href":"https:\/\/sites.uef.fi\/unitwin\/wp-json\/wp\/v2\/pages"}],"about":[{"href":"https:\/\/sites.uef.fi\/unitwin\/wp-json\/wp\/v2\/types\/page"}],"author":[{"embeddable":true,"href":"https:\/\/sites.uef.fi\/unitwin\/wp-json\/wp\/v2\/users\/2"}],"replies":[{"embeddable":true,"href":"https:\/\/sites.uef.fi\/unitwin\/wp-json\/wp\/v2\/comments?post=834"}],"version-history":[{"count":0,"href":"https:\/\/sites.uef.fi\/unitwin\/wp-json\/wp\/v2\/pages\/834\/revisions"}],"wp:attachment":[{"href":"https:\/\/sites.uef.fi\/unitwin\/wp-json\/wp\/v2\/media?parent=834"}],"curies":[{"name":"wp","href":"https:\/\/api.w.org\/{rel}","templated":true}]}}