{"id":104,"date":"2026-03-05T14:35:09","date_gmt":"2026-03-05T12:35:09","guid":{"rendered":"https:\/\/sites.uef.fi\/usma\/?page_id=104"},"modified":"2026-03-06T09:13:21","modified_gmt":"2026-03-06T07:13:21","slug":"tietoa-hankkeesta","status":"publish","type":"page","link":"https:\/\/sites.uef.fi\/usma\/tietoa-hankkeesta\/","title":{"rendered":"Tapahtumat"},"content":{"rendered":"\n<p>USMA -hanke j\u00e4rjest\u00e4\u00e4 ty\u00f6pajoja ja vertaisklinikoita Pohjois-Karjalassa sijaitseville uudistavan matkailun kehitt\u00e4misest\u00e4 kiinnostuneille yrityksille sek\u00e4 laajemmalle yleis\u00f6lle suunnattuja webinaareja. Tapahtumatiedot ja ilmoittautumislinkit p\u00e4ivitet\u00e4\u00e4n t\u00e4lle sivulle.<\/p>\n","protected":false},"excerpt":{"rendered":"<p>USMA -hanke j\u00e4rjest\u00e4\u00e4 ty\u00f6pajoja ja vertaisklinikoita Pohjois-Karjalassa sijaitseville uudistavan matkailun kehitt\u00e4misest\u00e4 kiinnostuneille yrityksille sek\u00e4 laajemmalle yleis\u00f6lle suunnattuja webinaareja. Tapahtumatiedot ja ilmoittautumislinkit p\u00e4ivitet\u00e4\u00e4n t\u00e4lle sivulle.<\/p>\n","protected":false},"author":905,"featured_media":0,"parent":0,"menu_order":0,"comment_status":"closed","ping_status":"closed","template":"","meta":{"_acf_changed":false,"footnotes":""},"class_list":["post-104","page","type-page","status-publish","hentry"],"acf":[],"yoast_head":"<!-- This site is optimized with the Yoast SEO plugin v27.3 - https:\/\/yoast.com\/product\/yoast-seo-wordpress\/ -->\n<title>Tapahtumat - USMA<\/title>\n<meta name=\"robots\" content=\"index, follow, max-snippet:-1, max-image-preview:large, max-video-preview:-1\" \/>\n<link rel=\"canonical\" href=\"https:\/\/sites.uef.fi\/usma\/tietoa-hankkeesta\/\" \/>\n<meta property=\"og:locale\" content=\"fi_FI\" \/>\n<meta property=\"og:type\" content=\"article\" \/>\n<meta property=\"og:title\" content=\"Tapahtumat - USMA\" \/>\n<meta property=\"og:description\" content=\"USMA -hanke j\u00e4rjest\u00e4\u00e4 ty\u00f6pajoja ja vertaisklinikoita Pohjois-Karjalassa sijaitseville uudistavan matkailun kehitt\u00e4misest\u00e4 kiinnostuneille yrityksille sek\u00e4 laajemmalle yleis\u00f6lle suunnattuja webinaareja. Tapahtumatiedot ja ilmoittautumislinkit p\u00e4ivitet\u00e4\u00e4n t\u00e4lle sivulle.\" \/>\n<meta property=\"og:url\" content=\"https:\/\/sites.uef.fi\/usma\/tietoa-hankkeesta\/\" \/>\n<meta property=\"og:site_name\" content=\"USMA\" \/>\n<meta property=\"article:modified_time\" content=\"2026-03-06T07:13:21+00:00\" \/>\n<meta name=\"twitter:card\" content=\"summary_large_image\" \/>\n<meta name=\"twitter:label1\" content=\"Arvioitu lukuaika\" \/>\n\t<meta name=\"twitter:data1\" content=\"1 minuutti\" \/>\n<script type=\"application\/ld+json\" class=\"yoast-schema-graph\">{\"@context\":\"https:\\\/\\\/schema.org\",\"@graph\":[{\"@type\":\"WebPage\",\"@id\":\"https:\\\/\\\/sites.uef.fi\\\/usma\\\/tietoa-hankkeesta\\\/\",\"url\":\"https:\\\/\\\/sites.uef.fi\\\/usma\\\/tietoa-hankkeesta\\\/\",\"name\":\"Tapahtumat - USMA\",\"isPartOf\":{\"@id\":\"https:\\\/\\\/sites.uef.fi\\\/usma\\\/#website\"},\"datePublished\":\"2026-03-05T12:35:09+00:00\",\"dateModified\":\"2026-03-06T07:13:21+00:00\",\"breadcrumb\":{\"@id\":\"https:\\\/\\\/sites.uef.fi\\\/usma\\\/tietoa-hankkeesta\\\/#breadcrumb\"},\"inLanguage\":\"fi\",\"potentialAction\":[{\"@type\":\"ReadAction\",\"target\":[\"https:\\\/\\\/sites.uef.fi\\\/usma\\\/tietoa-hankkeesta\\\/\"]}]},{\"@type\":\"BreadcrumbList\",\"@id\":\"https:\\\/\\\/sites.uef.fi\\\/usma\\\/tietoa-hankkeesta\\\/#breadcrumb\",\"itemListElement\":[{\"@type\":\"ListItem\",\"position\":1,\"name\":\"Etusivu\",\"item\":\"https:\\\/\\\/sites.uef.fi\\\/usma\\\/\"},{\"@type\":\"ListItem\",\"position\":2,\"name\":\"Tapahtumat\"}]},{\"@type\":\"WebSite\",\"@id\":\"https:\\\/\\\/sites.uef.fi\\\/usma\\\/#website\",\"url\":\"https:\\\/\\\/sites.uef.fi\\\/usma\\\/\",\"name\":\"USMA\",\"description\":\"\",\"potentialAction\":[{\"@type\":\"SearchAction\",\"target\":{\"@type\":\"EntryPoint\",\"urlTemplate\":\"https:\\\/\\\/sites.uef.fi\\\/usma\\\/?s={search_term_string}\"},\"query-input\":{\"@type\":\"PropertyValueSpecification\",\"valueRequired\":true,\"valueName\":\"search_term_string\"}}],\"inLanguage\":\"fi\"}]}<\/script>\n<!-- \/ Yoast SEO plugin. -->","yoast_head_json":{"title":"Tapahtumat - USMA","robots":{"index":"index","follow":"follow","max-snippet":"max-snippet:-1","max-image-preview":"max-image-preview:large","max-video-preview":"max-video-preview:-1"},"canonical":"https:\/\/sites.uef.fi\/usma\/tietoa-hankkeesta\/","og_locale":"fi_FI","og_type":"article","og_title":"Tapahtumat - USMA","og_description":"USMA -hanke j\u00e4rjest\u00e4\u00e4 ty\u00f6pajoja ja vertaisklinikoita Pohjois-Karjalassa sijaitseville uudistavan matkailun kehitt\u00e4misest\u00e4 kiinnostuneille yrityksille sek\u00e4 laajemmalle yleis\u00f6lle suunnattuja webinaareja. Tapahtumatiedot ja ilmoittautumislinkit p\u00e4ivitet\u00e4\u00e4n t\u00e4lle sivulle.","og_url":"https:\/\/sites.uef.fi\/usma\/tietoa-hankkeesta\/","og_site_name":"USMA","article_modified_time":"2026-03-06T07:13:21+00:00","twitter_card":"summary_large_image","twitter_misc":{"Arvioitu lukuaika":"1 minuutti"},"schema":{"@context":"https:\/\/schema.org","@graph":[{"@type":"WebPage","@id":"https:\/\/sites.uef.fi\/usma\/tietoa-hankkeesta\/","url":"https:\/\/sites.uef.fi\/usma\/tietoa-hankkeesta\/","name":"Tapahtumat - USMA","isPartOf":{"@id":"https:\/\/sites.uef.fi\/usma\/#website"},"datePublished":"2026-03-05T12:35:09+00:00","dateModified":"2026-03-06T07:13:21+00:00","breadcrumb":{"@id":"https:\/\/sites.uef.fi\/usma\/tietoa-hankkeesta\/#breadcrumb"},"inLanguage":"fi","potentialAction":[{"@type":"ReadAction","target":["https:\/\/sites.uef.fi\/usma\/tietoa-hankkeesta\/"]}]},{"@type":"BreadcrumbList","@id":"https:\/\/sites.uef.fi\/usma\/tietoa-hankkeesta\/#breadcrumb","itemListElement":[{"@type":"ListItem","position":1,"name":"Etusivu","item":"https:\/\/sites.uef.fi\/usma\/"},{"@type":"ListItem","position":2,"name":"Tapahtumat"}]},{"@type":"WebSite","@id":"https:\/\/sites.uef.fi\/usma\/#website","url":"https:\/\/sites.uef.fi\/usma\/","name":"USMA","description":"","potentialAction":[{"@type":"SearchAction","target":{"@type":"EntryPoint","urlTemplate":"https:\/\/sites.uef.fi\/usma\/?s={search_term_string}"},"query-input":{"@type":"PropertyValueSpecification","valueRequired":true,"valueName":"search_term_string"}}],"inLanguage":"fi"}]}},"_links":{"self":[{"href":"https:\/\/sites.uef.fi\/usma\/wp-json\/wp\/v2\/pages\/104","targetHints":{"allow":["GET"]}}],"collection":[{"href":"https:\/\/sites.uef.fi\/usma\/wp-json\/wp\/v2\/pages"}],"about":[{"href":"https:\/\/sites.uef.fi\/usma\/wp-json\/wp\/v2\/types\/page"}],"author":[{"embeddable":true,"href":"https:\/\/sites.uef.fi\/usma\/wp-json\/wp\/v2\/users\/905"}],"replies":[{"embeddable":true,"href":"https:\/\/sites.uef.fi\/usma\/wp-json\/wp\/v2\/comments?post=104"}],"version-history":[{"count":2,"href":"https:\/\/sites.uef.fi\/usma\/wp-json\/wp\/v2\/pages\/104\/revisions"}],"predecessor-version":[{"id":148,"href":"https:\/\/sites.uef.fi\/usma\/wp-json\/wp\/v2\/pages\/104\/revisions\/148"}],"wp:attachment":[{"href":"https:\/\/sites.uef.fi\/usma\/wp-json\/wp\/v2\/media?parent=104"}],"curies":[{"name":"wp","href":"https:\/\/api.w.org\/{rel}","templated":true}]}}