{"id":80,"date":"2026-03-03T15:19:40","date_gmt":"2026-03-03T13:19:40","guid":{"rendered":"https:\/\/sites.uef.fi\/usma\/?page_id=80"},"modified":"2026-03-19T09:11:28","modified_gmt":"2026-03-19T07:11:28","slug":"etusivu","status":"publish","type":"page","link":"https:\/\/sites.uef.fi\/usma\/","title":{"rendered":"Etusivu"},"content":{"rendered":"\n<h2 class=\"wp-block-heading\">Uudistavan matkailun potentiaali Pohjois-Karjalassa \u2013 tiedonv\u00e4lityksest\u00e4 k\u00e4yt\u00e4nn\u00f6iksi<\/h2>\n\n\n\n<p>Uudistavan matkailun potentiaali Pohjois-Karjalassa \u2013 tiedonv\u00e4lityksest\u00e4 k\u00e4yt\u00e4nn\u00f6iksi (USMA) -hankkeessa edistet\u00e4\u00e4n uudistavan matkailun osaamista ja edellytyksi\u00e4 uudistavan matkailun palveluiden tuottamiseksi. Hankkeen keski\u00f6ss\u00e4 on uudistavaan matkailuun liittyvien tiedon tarpeiden t\u00e4ytt\u00e4minen ja tiedon viestiminen uudistavan matkailun toimijoille. Hankkeen tarkoituksena on my\u00f6s edist\u00e4\u00e4 luonnon monimuotoisuuden ja kulttuuriymp\u00e4rist\u00f6jen s\u00e4ilymist\u00e4 matkailutoiminnan avulla.<\/p>\n\n\n\n<p>Pohjois-Karjalan matkailu polkee paikallaan ja tarvitsee uudistuakseen toimintamalleja, jotka pohjautuvat alueen olemassa oleviin vahvuuksiin. Uudistava matkailu keskittyy luomaan positiivisia vaikutuksia paitsi matkailuliiketoiminnalle, ennen kaikkea ymp\u00e4rist\u00f6lle, paikallisyhteis\u00f6lle sek\u00e4 alueen kulttuurille. Pohjois-Karjalalla on erinomaiset edellytykset nousta uudistavan matkailun edell\u00e4k\u00e4vij\u00e4ksi. T\u00e4m\u00e4 edellytt\u00e4\u00e4 lis\u00e4\u00e4 tietoa uudistavan matkailun piirteist\u00e4, kehitt\u00e4misest\u00e4 sek\u00e4 ymm\u00e4rryst\u00e4 asiakkaiden tarpeista ja kysynt\u00e4potentiaalista.<\/p>\n\n\n\n<p>Hanke kartoittaa alueen toimijoiden tieto- ja kehitt\u00e4mistarpeita sek\u00e4 liiketoimintapotentiaalia. Hankkeessa selvitet\u00e4\u00e4n uudistavan matkailun markkinapotentiaalia ja tehd\u00e4\u00e4n kansainv\u00e4linen vertailuanalyysi. Hankkeessa syntyv\u00e4 tieto jalkautetaan helposti omaksuttavassa, saavutettavassa sek\u00e4 k\u00e4yt\u00e4nn\u00f6nl\u00e4heisess\u00e4 muodossa yritt\u00e4jille, kehitt\u00e4j\u00e4organisaatioille, kunnille ja paikallisyhteis\u00f6ille.<\/p>\n\n\n\n<p>Hankkeen tuloksena yleinen tietoisuus uudistavasta matkailusta ja sen kehitt\u00e4misest\u00e4 kasvaa ja Pohjois-Karjalan matkailuelinkeino vahvistuu ja monipuolistuu. Uutta uudistavan matkailun kehitt\u00e4miseen liittyv\u00e4\u00e4 innovaatiotoimintaa k\u00e4ynnistyy yrityksiss\u00e4. Tiedonv\u00e4lityksen lis\u00e4ksi hankkeen toimenpiteet tarjoavat kohtaamis- ja vuorovaikutusalustoja, jotka edesauttavat tiedonvaihtoa, vuoropuhelua ja toimijoiden v\u00e4lisen yhteisty\u00f6n syventymist\u00e4.<\/p>\n\n\n\n<p><\/p>\n\n\n\n<h3 class=\"wp-block-heading\">Hankkeen toteutusaika<\/h3>\n\n\n\n<p>1.1.2026 &#8211; 30.6.2028<\/p>\n\n\n\n<p><\/p>\n\n\n\n<h3 class=\"wp-block-heading\">Rahoitus<\/h3>\n\n\n\n<p><em><em>Ha<\/em><\/em><em style=\"font-style: italic\">nke on saanut EU:n maaseuturahoitusta Pohjois-Karjalan ELY-keskukselta, jonka teht\u00e4vi\u00e4 hoitaa nykyisin It\u00e4-Suomen elinvoimakeskus.<\/em> <em>Hankkeen kokonaisbudjetti on 374 870 \u20ac, josta EU-rahoituksen osuus on 161 194 \u20ac ja valtion rahoituksen osuus 231 676 \u20ac.<\/em><\/p>\n\n\n\n<figure class=\"wp-block-image size-large\"><img loading=\"lazy\" decoding=\"async\" width=\"1024\" height=\"153\" src=\"https:\/\/sites.uef.fi\/usma\/wp-content\/uploads\/sites\/577\/2026\/03\/Rahoittajan-logot-vaaka-1024x153.png\" alt=\"\" class=\"wp-image-183\" srcset=\"https:\/\/sites.uef.fi\/usma\/wp-content\/uploads\/sites\/577\/2026\/03\/Rahoittajan-logot-vaaka-1024x153.png 1024w, https:\/\/sites.uef.fi\/usma\/wp-content\/uploads\/sites\/577\/2026\/03\/Rahoittajan-logot-vaaka-300x45.png 300w, https:\/\/sites.uef.fi\/usma\/wp-content\/uploads\/sites\/577\/2026\/03\/Rahoittajan-logot-vaaka-768x115.png 768w, https:\/\/sites.uef.fi\/usma\/wp-content\/uploads\/sites\/577\/2026\/03\/Rahoittajan-logot-vaaka-1536x229.png 1536w, https:\/\/sites.uef.fi\/usma\/wp-content\/uploads\/sites\/577\/2026\/03\/Rahoittajan-logot-vaaka-2048x306.png 2048w\" sizes=\"auto, (max-width: 1024px) 100vw, 1024px\" \/><\/figure>\n\n\n\n<p><\/p>\n\n\n\n<h3 class=\"wp-block-heading\">Toteuttajat<\/h3>\n\n\n\n<p>Hanketta toteuttavat It\u00e4-Suomen yliopiston Kauppatieteiden laitos ja ProAgria It\u00e4-Suomi ry:n Maa ja kotitalousnaiset.<\/p>\n\n\n    <div class=\"funders grid\">\n                        <div class=\"funders__item grid__item\">\n                            <div class=\"funders__image\">\n                    <img decoding=\"async\" src=\"https:\/\/sites.uef.fi\/usma\/wp-content\/uploads\/sites\/577\/2026\/03\/UEF-musta-logo-engl-pysty-1-scaled.jpg\" alt=\"Logo - It\u00e4-Suomen yliopisto\" \/>\n                <\/div>\n                                                <\/div>\n                        \n                        <div class=\"funders__item grid__item\">\n                            <div class=\"funders__image\">\n                    <img decoding=\"async\" src=\"https:\/\/sites.uef.fi\/usma\/wp-content\/uploads\/sites\/577\/2026\/03\/ProAgria-Ita-Suomi-scaled.png\" alt=\"Logo - ProAgria Suomi\" \/>\n                <\/div>\n                                                <\/div>\n                        \n                        <div class=\"funders__item grid__item\">\n                            <div class=\"funders__image\">\n                    <img decoding=\"async\" src=\"https:\/\/sites.uef.fi\/usma\/wp-content\/uploads\/sites\/577\/2026\/03\/01_mkn_varilogo_pysty-scaled.png\" alt=\"Logo - Maa- ja kotitalousnaiset\" \/>\n                <\/div>\n                                                <\/div>\n                        \n            <\/div>\n\n\n\n<p><\/p>\n","protected":false},"excerpt":{"rendered":"<p>Uudistavan matkailun potentiaali Pohjois-Karjalassa \u2013 tiedonv\u00e4lityksest\u00e4 k\u00e4yt\u00e4nn\u00f6iksi Uudistavan matkailun potentiaali Pohjois-Karjalassa \u2013 tiedonv\u00e4lityksest\u00e4 k\u00e4yt\u00e4nn\u00f6iksi (USMA) -hankkeessa edistet\u00e4\u00e4n uudistavan matkailun osaamista ja edellytyksi\u00e4 uudistavan matkailun palveluiden tuottamiseksi. Hankkeen keski\u00f6ss\u00e4 on uudistavaan matkailuun liittyvien tiedon tarpeiden t\u00e4ytt\u00e4minen ja tiedon viestiminen uudistavan matkailun toimijoille. Hankkeen tarkoituksena on my\u00f6s edist\u00e4\u00e4 luonnon monimuotoisuuden ja kulttuuriymp\u00e4rist\u00f6jen s\u00e4ilymist\u00e4 matkailutoiminnan avulla. Pohjois-Karjalan matkailu [&hellip;]<\/p>\n","protected":false},"author":966,"featured_media":0,"parent":0,"menu_order":0,"comment_status":"closed","ping_status":"closed","template":"","meta":{"_acf_changed":false,"footnotes":""},"class_list":["post-80","page","type-page","status-publish","hentry"],"acf":[],"yoast_head":"<!-- This site is optimized with the Yoast SEO plugin v27.3 - https:\/\/yoast.com\/product\/yoast-seo-wordpress\/ -->\n<title>Etusivu - USMA<\/title>\n<meta name=\"robots\" content=\"index, follow, max-snippet:-1, max-image-preview:large, max-video-preview:-1\" \/>\n<link rel=\"canonical\" href=\"https:\/\/sites.uef.fi\/usma\/\" \/>\n<meta property=\"og:locale\" content=\"fi_FI\" \/>\n<meta property=\"og:type\" content=\"article\" \/>\n<meta property=\"og:title\" content=\"Etusivu - USMA\" \/>\n<meta property=\"og:description\" content=\"Uudistavan matkailun potentiaali Pohjois-Karjalassa \u2013 tiedonv\u00e4lityksest\u00e4 k\u00e4yt\u00e4nn\u00f6iksi Uudistavan matkailun potentiaali Pohjois-Karjalassa \u2013 tiedonv\u00e4lityksest\u00e4 k\u00e4yt\u00e4nn\u00f6iksi (USMA) -hankkeessa edistet\u00e4\u00e4n uudistavan matkailun osaamista ja edellytyksi\u00e4 uudistavan matkailun palveluiden tuottamiseksi. Hankkeen keski\u00f6ss\u00e4 on uudistavaan matkailuun liittyvien tiedon tarpeiden t\u00e4ytt\u00e4minen ja tiedon viestiminen uudistavan matkailun toimijoille. Hankkeen tarkoituksena on my\u00f6s edist\u00e4\u00e4 luonnon monimuotoisuuden ja kulttuuriymp\u00e4rist\u00f6jen s\u00e4ilymist\u00e4 matkailutoiminnan avulla. Pohjois-Karjalan matkailu [&hellip;]\" \/>\n<meta property=\"og:url\" content=\"https:\/\/sites.uef.fi\/usma\/\" \/>\n<meta property=\"og:site_name\" content=\"USMA\" \/>\n<meta property=\"article:modified_time\" content=\"2026-03-19T07:11:28+00:00\" \/>\n<meta property=\"og:image\" content=\"https:\/\/sites.uef.fi\/usma\/wp-content\/uploads\/sites\/577\/2026\/03\/Rahoittajan-logot-vaaka-1024x153.png\" \/>\n<meta name=\"twitter:card\" content=\"summary_large_image\" \/>\n<meta name=\"twitter:label1\" content=\"Arvioitu lukuaika\" \/>\n\t<meta name=\"twitter:data1\" content=\"2 minuuttia\" \/>\n<script type=\"application\/ld+json\" class=\"yoast-schema-graph\">{\"@context\":\"https:\\\/\\\/schema.org\",\"@graph\":[{\"@type\":\"WebPage\",\"@id\":\"https:\\\/\\\/sites.uef.fi\\\/usma\\\/\",\"url\":\"https:\\\/\\\/sites.uef.fi\\\/usma\\\/\",\"name\":\"Etusivu - USMA\",\"isPartOf\":{\"@id\":\"https:\\\/\\\/sites.uef.fi\\\/usma\\\/#website\"},\"primaryImageOfPage\":{\"@id\":\"https:\\\/\\\/sites.uef.fi\\\/usma\\\/#primaryimage\"},\"image\":{\"@id\":\"https:\\\/\\\/sites.uef.fi\\\/usma\\\/#primaryimage\"},\"thumbnailUrl\":\"https:\\\/\\\/sites.uef.fi\\\/usma\\\/wp-content\\\/uploads\\\/sites\\\/577\\\/2026\\\/03\\\/Rahoittajan-logot-vaaka-1024x153.png\",\"datePublished\":\"2026-03-03T13:19:40+00:00\",\"dateModified\":\"2026-03-19T07:11:28+00:00\",\"breadcrumb\":{\"@id\":\"https:\\\/\\\/sites.uef.fi\\\/usma\\\/#breadcrumb\"},\"inLanguage\":\"fi\",\"potentialAction\":[{\"@type\":\"ReadAction\",\"target\":[\"https:\\\/\\\/sites.uef.fi\\\/usma\\\/\"]}]},{\"@type\":\"ImageObject\",\"inLanguage\":\"fi\",\"@id\":\"https:\\\/\\\/sites.uef.fi\\\/usma\\\/#primaryimage\",\"url\":\"https:\\\/\\\/sites.uef.fi\\\/usma\\\/wp-content\\\/uploads\\\/sites\\\/577\\\/2026\\\/03\\\/Rahoittajan-logot-vaaka-scaled.png\",\"contentUrl\":\"https:\\\/\\\/sites.uef.fi\\\/usma\\\/wp-content\\\/uploads\\\/sites\\\/577\\\/2026\\\/03\\\/Rahoittajan-logot-vaaka-scaled.png\",\"width\":2560,\"height\":382},{\"@type\":\"BreadcrumbList\",\"@id\":\"https:\\\/\\\/sites.uef.fi\\\/usma\\\/#breadcrumb\",\"itemListElement\":[{\"@type\":\"ListItem\",\"position\":1,\"name\":\"Etusivu\",\"item\":\"https:\\\/\\\/sites.uef.fi\\\/usma\\\/\"},{\"@type\":\"ListItem\",\"position\":2,\"name\":\"Etusivu\"}]},{\"@type\":\"WebSite\",\"@id\":\"https:\\\/\\\/sites.uef.fi\\\/usma\\\/#website\",\"url\":\"https:\\\/\\\/sites.uef.fi\\\/usma\\\/\",\"name\":\"USMA\",\"description\":\"\",\"potentialAction\":[{\"@type\":\"SearchAction\",\"target\":{\"@type\":\"EntryPoint\",\"urlTemplate\":\"https:\\\/\\\/sites.uef.fi\\\/usma\\\/?s={search_term_string}\"},\"query-input\":{\"@type\":\"PropertyValueSpecification\",\"valueRequired\":true,\"valueName\":\"search_term_string\"}}],\"inLanguage\":\"fi\"}]}<\/script>\n<!-- \/ Yoast SEO plugin. -->","yoast_head_json":{"title":"Etusivu - USMA","robots":{"index":"index","follow":"follow","max-snippet":"max-snippet:-1","max-image-preview":"max-image-preview:large","max-video-preview":"max-video-preview:-1"},"canonical":"https:\/\/sites.uef.fi\/usma\/","og_locale":"fi_FI","og_type":"article","og_title":"Etusivu - USMA","og_description":"Uudistavan matkailun potentiaali Pohjois-Karjalassa \u2013 tiedonv\u00e4lityksest\u00e4 k\u00e4yt\u00e4nn\u00f6iksi Uudistavan matkailun potentiaali Pohjois-Karjalassa \u2013 tiedonv\u00e4lityksest\u00e4 k\u00e4yt\u00e4nn\u00f6iksi (USMA) -hankkeessa edistet\u00e4\u00e4n uudistavan matkailun osaamista ja edellytyksi\u00e4 uudistavan matkailun palveluiden tuottamiseksi. Hankkeen keski\u00f6ss\u00e4 on uudistavaan matkailuun liittyvien tiedon tarpeiden t\u00e4ytt\u00e4minen ja tiedon viestiminen uudistavan matkailun toimijoille. Hankkeen tarkoituksena on my\u00f6s edist\u00e4\u00e4 luonnon monimuotoisuuden ja kulttuuriymp\u00e4rist\u00f6jen s\u00e4ilymist\u00e4 matkailutoiminnan avulla. Pohjois-Karjalan matkailu [&hellip;]","og_url":"https:\/\/sites.uef.fi\/usma\/","og_site_name":"USMA","article_modified_time":"2026-03-19T07:11:28+00:00","og_image":[{"url":"https:\/\/sites.uef.fi\/usma\/wp-content\/uploads\/sites\/577\/2026\/03\/Rahoittajan-logot-vaaka-1024x153.png","type":"","width":"","height":""}],"twitter_card":"summary_large_image","twitter_misc":{"Arvioitu lukuaika":"2 minuuttia"},"schema":{"@context":"https:\/\/schema.org","@graph":[{"@type":"WebPage","@id":"https:\/\/sites.uef.fi\/usma\/","url":"https:\/\/sites.uef.fi\/usma\/","name":"Etusivu - USMA","isPartOf":{"@id":"https:\/\/sites.uef.fi\/usma\/#website"},"primaryImageOfPage":{"@id":"https:\/\/sites.uef.fi\/usma\/#primaryimage"},"image":{"@id":"https:\/\/sites.uef.fi\/usma\/#primaryimage"},"thumbnailUrl":"https:\/\/sites.uef.fi\/usma\/wp-content\/uploads\/sites\/577\/2026\/03\/Rahoittajan-logot-vaaka-1024x153.png","datePublished":"2026-03-03T13:19:40+00:00","dateModified":"2026-03-19T07:11:28+00:00","breadcrumb":{"@id":"https:\/\/sites.uef.fi\/usma\/#breadcrumb"},"inLanguage":"fi","potentialAction":[{"@type":"ReadAction","target":["https:\/\/sites.uef.fi\/usma\/"]}]},{"@type":"ImageObject","inLanguage":"fi","@id":"https:\/\/sites.uef.fi\/usma\/#primaryimage","url":"https:\/\/sites.uef.fi\/usma\/wp-content\/uploads\/sites\/577\/2026\/03\/Rahoittajan-logot-vaaka-scaled.png","contentUrl":"https:\/\/sites.uef.fi\/usma\/wp-content\/uploads\/sites\/577\/2026\/03\/Rahoittajan-logot-vaaka-scaled.png","width":2560,"height":382},{"@type":"BreadcrumbList","@id":"https:\/\/sites.uef.fi\/usma\/#breadcrumb","itemListElement":[{"@type":"ListItem","position":1,"name":"Etusivu","item":"https:\/\/sites.uef.fi\/usma\/"},{"@type":"ListItem","position":2,"name":"Etusivu"}]},{"@type":"WebSite","@id":"https:\/\/sites.uef.fi\/usma\/#website","url":"https:\/\/sites.uef.fi\/usma\/","name":"USMA","description":"","potentialAction":[{"@type":"SearchAction","target":{"@type":"EntryPoint","urlTemplate":"https:\/\/sites.uef.fi\/usma\/?s={search_term_string}"},"query-input":{"@type":"PropertyValueSpecification","valueRequired":true,"valueName":"search_term_string"}}],"inLanguage":"fi"}]}},"_links":{"self":[{"href":"https:\/\/sites.uef.fi\/usma\/wp-json\/wp\/v2\/pages\/80","targetHints":{"allow":["GET"]}}],"collection":[{"href":"https:\/\/sites.uef.fi\/usma\/wp-json\/wp\/v2\/pages"}],"about":[{"href":"https:\/\/sites.uef.fi\/usma\/wp-json\/wp\/v2\/types\/page"}],"author":[{"embeddable":true,"href":"https:\/\/sites.uef.fi\/usma\/wp-json\/wp\/v2\/users\/966"}],"replies":[{"embeddable":true,"href":"https:\/\/sites.uef.fi\/usma\/wp-json\/wp\/v2\/comments?post=80"}],"version-history":[{"count":2,"href":"https:\/\/sites.uef.fi\/usma\/wp-json\/wp\/v2\/pages\/80\/revisions"}],"predecessor-version":[{"id":191,"href":"https:\/\/sites.uef.fi\/usma\/wp-json\/wp\/v2\/pages\/80\/revisions\/191"}],"wp:attachment":[{"href":"https:\/\/sites.uef.fi\/usma\/wp-json\/wp\/v2\/media?parent=80"}],"curies":[{"name":"wp","href":"https:\/\/api.w.org\/{rel}","templated":true}]}}