{"id":90,"date":"2026-03-03T15:25:56","date_gmt":"2026-03-03T13:25:56","guid":{"rendered":"https:\/\/sites.uef.fi\/usma\/?page_id=90"},"modified":"2026-04-21T14:16:41","modified_gmt":"2026-04-21T11:16:41","slug":"tietoa-blogista","status":"publish","type":"page","link":"https:\/\/sites.uef.fi\/usma\/tietoa-blogista\/","title":{"rendered":"Hankehenkil\u00f6st\u00f6"},"content":{"rendered":"\n<div class=\"person-card\">\n    \n                    <a href=\"https:\/\/uefconnect.uef.fi\/henna.konu\/\" class=\"person-card-link hover-scale-down\">\n                            <div class=\"person-card-item\">\n                    <div class=\"person-card-column-left\">\n                                                    <img decoding=\"async\" class=\"person-card-image\" src=\"https:\/\/sites.uef.fi\/usma\/wp-content\/uploads\/sites\/577\/2026\/03\/IMG20260225105748-scaled.jpg\" alt=\"Kuvassa Henna Konu \" \/>\n                                            <\/div>\n\n                    <div class=\"person-card-column-right\">\n                                                <p class=\"person-card-name\">Henna Konu<\/p>\n                        \n                                                <p class=\"person-card-position\">Apulaisprofessori \/ Hankkeen vastaava johtaja<\/p>\n                        \n                                                <p class=\"person-card-organisation\">It\u00e4-Suomen yliopisto, kauppatieteiden laitos<\/p>\n                        \n                                                <p class=\"person-card-text\">henna.konu [at] uef.fi<\/p>\n                        \n                                                    <div>\n\t\t\t\t\t\t\t<svg xmlns=\"http:\/\/www.w3.org\/2000\/svg\" height=\"25px\" viewBox=\"0 -960 960 960\" width=\"24px\" ><path fill=\"currentColor\" d=\"M200-120q-33 0-56.5-23.5T120-200v-560q0-33 23.5-56.5T200-840h280v80H200v560h560v-280h80v280q0 33-23.5 56.5T760-120H200Zm188-212-56-56 372-372H560v-80h280v280h-80v-144L388-332Z\"\/><\/svg>\t\t\t\t\t\t\t<\/div>\n                                            <\/div>\n                <\/div>\n                            <\/a>\n                                        <a href=\"https:\/\/uefconnect.uef.fi\/elli.vento\/\" class=\"person-card-link hover-scale-down\">\n                            <div class=\"person-card-item\">\n                    <div class=\"person-card-column-left\">\n                                                    <span class=\"person-placeholder\"><\/span>\n                                            <\/div>\n\n                    <div class=\"person-card-column-right\">\n                                                <p class=\"person-card-name\">Elli Vento<\/p>\n                        \n                                                <p class=\"person-card-position\">Tutkijatohtori \/ erityisasiantuntija<\/p>\n                        \n                                                <p class=\"person-card-organisation\">It\u00e4-Suomen yliopisto, kauppatieteiden laitos<\/p>\n                        \n                                                <p class=\"person-card-text\">elli.vento [at] uef.fi<\/p>\n                        \n                                                    <div>\n\t\t\t\t\t\t\t<svg xmlns=\"http:\/\/www.w3.org\/2000\/svg\" height=\"25px\" viewBox=\"0 -960 960 960\" width=\"24px\" ><path fill=\"currentColor\" d=\"M200-120q-33 0-56.5-23.5T120-200v-560q0-33 23.5-56.5T200-840h280v80H200v560h560v-280h80v280q0 33-23.5 56.5T760-120H200Zm188-212-56-56 372-372H560v-80h280v280h-80v-144L388-332Z\"\/><\/svg>\t\t\t\t\t\t\t<\/div>\n                                            <\/div>\n                <\/div>\n                            <\/a>\n                                        <a href=\"https:\/\/uefconnect.uef.fi\/katja.pasanen\/\" class=\"person-card-link hover-scale-down\">\n                            <div class=\"person-card-item\">\n                    <div class=\"person-card-column-left\">\n                                                    <img decoding=\"async\" class=\"person-card-image\" src=\"https:\/\/sites.uef.fi\/usma\/wp-content\/uploads\/sites\/577\/2026\/03\/Potretti-e1772782748892.jpg\" alt=\"Kuva Katja Pasasesta\" \/>\n                                            <\/div>\n\n                    <div class=\"person-card-column-right\">\n                                                <p class=\"person-card-name\">Katja Pasanen<\/p>\n                        \n                                                <p class=\"person-card-position\">Tutkimusp\u00e4\u00e4llikk\u00f6 \/ erityisasiantuntija<\/p>\n                        \n                                                <p class=\"person-card-organisation\">It\u00e4-Suomen yliopisto, kauppatieteiden laitos<\/p>\n                        \n                                                <p class=\"person-card-text\">katja.pasanen [at] uef.fi<\/p>\n                        \n                                                    <div>\n\t\t\t\t\t\t\t<svg xmlns=\"http:\/\/www.w3.org\/2000\/svg\" height=\"25px\" viewBox=\"0 -960 960 960\" width=\"24px\" ><path fill=\"currentColor\" d=\"M200-120q-33 0-56.5-23.5T120-200v-560q0-33 23.5-56.5T200-840h280v80H200v560h560v-280h80v280q0 33-23.5 56.5T760-120H200Zm188-212-56-56 372-372H560v-80h280v280h-80v-144L388-332Z\"\/><\/svg>\t\t\t\t\t\t\t<\/div>\n                                            <\/div>\n                <\/div>\n                            <\/a>\n                                        <a href=\"https:\/\/uefconnect.uef.fi\/pinja.leino\/\" class=\"person-card-link hover-scale-down\">\n                            <div class=\"person-card-item\">\n                    <div class=\"person-card-column-left\">\n                                                    <img decoding=\"async\" class=\"person-card-image\" src=\"https:\/\/sites.uef.fi\/usma\/wp-content\/uploads\/sites\/577\/2026\/03\/IMG-20241013-WA01291-scaled.jpg\" alt=\"Kuva Pinja Leinosta\" \/>\n                                            <\/div>\n\n                    <div class=\"person-card-column-right\">\n                                                <p class=\"person-card-name\">Pinja Leino<\/p>\n                        \n                                                <p class=\"person-card-position\">V\u00e4it\u00f6skirjatutkija<\/p>\n                        \n                                                <p class=\"person-card-organisation\">It\u00e4-Suomen yliopisto, kauppatieteiden laitos<\/p>\n                        \n                                                <p class=\"person-card-text\">pinja.leino [at] uef.fi<\/p>\n                        \n                                                    <div>\n\t\t\t\t\t\t\t<svg xmlns=\"http:\/\/www.w3.org\/2000\/svg\" height=\"25px\" viewBox=\"0 -960 960 960\" width=\"24px\" ><path fill=\"currentColor\" d=\"M200-120q-33 0-56.5-23.5T120-200v-560q0-33 23.5-56.5T200-840h280v80H200v560h560v-280h80v280q0 33-23.5 56.5T760-120H200Zm188-212-56-56 372-372H560v-80h280v280h-80v-144L388-332Z\"\/><\/svg>\t\t\t\t\t\t\t<\/div>\n                                            <\/div>\n                <\/div>\n                            <\/a>\n                                        <a href=\"https:\/\/www.proagria.fi\/asiantuntijat\/katja-lappalainen\" class=\"person-card-link hover-scale-down\">\n                            <div class=\"person-card-item\">\n                    <div class=\"person-card-column-left\">\n                                                    <img decoding=\"async\" class=\"person-card-image\" src=\"https:\/\/sites.uef.fi\/usma\/wp-content\/uploads\/sites\/577\/2026\/04\/IMG_20230408_154801-002-scaled.jpg\" alt=\"Katja Lappalainen\" \/>\n                                            <\/div>\n\n                    <div class=\"person-card-column-right\">\n                                                <p class=\"person-card-name\">Katja Lappalainen<\/p>\n                        \n                                                <p class=\"person-card-position\">Maisema- ja kulttuuriymp\u00e4rist\u00f6asiantuntija<\/p>\n                        \n                                                <p class=\"person-card-organisation\">ProAgria It\u00e4-Suomi, Maa- ja kotitalousnaiset<\/p>\n                        \n                                                <p class=\"person-card-text\">katja.lappalainen [at] mkn.fi<\/p>\n                        \n                                                    <div>\n\t\t\t\t\t\t\t<svg xmlns=\"http:\/\/www.w3.org\/2000\/svg\" height=\"25px\" viewBox=\"0 -960 960 960\" width=\"24px\" ><path fill=\"currentColor\" d=\"M200-120q-33 0-56.5-23.5T120-200v-560q0-33 23.5-56.5T200-840h280v80H200v560h560v-280h80v280q0 33-23.5 56.5T760-120H200Zm188-212-56-56 372-372H560v-80h280v280h-80v-144L388-332Z\"\/><\/svg>\t\t\t\t\t\t\t<\/div>\n                                            <\/div>\n                <\/div>\n                            <\/a>\n                                        <a href=\"https:\/\/www.proagria.fi\/asiantuntijat\/paivi-jokinen\" class=\"person-card-link hover-scale-down\">\n                            <div class=\"person-card-item\">\n                    <div class=\"person-card-column-left\">\n                                                    <span class=\"person-placeholder\"><\/span>\n                                            <\/div>\n\n                    <div class=\"person-card-column-right\">\n                                                <p class=\"person-card-name\">P\u00e4ivi Jokinen<\/p>\n                        \n                                                <p class=\"person-card-position\">Maisema- ja ymp\u00e4rist\u00f6asiantuntija<\/p>\n                        \n                                                <p class=\"person-card-organisation\">ProAgria It\u00e4-Suomi, Maa- ja kotitalousnaiset<\/p>\n                        \n                                                <p class=\"person-card-text\">paivi.jokinen [at] mkn.fi<\/p>\n                        \n                                                    <div>\n\t\t\t\t\t\t\t<svg xmlns=\"http:\/\/www.w3.org\/2000\/svg\" height=\"25px\" viewBox=\"0 -960 960 960\" width=\"24px\" ><path fill=\"currentColor\" d=\"M200-120q-33 0-56.5-23.5T120-200v-560q0-33 23.5-56.5T200-840h280v80H200v560h560v-280h80v280q0 33-23.5 56.5T760-120H200Zm188-212-56-56 372-372H560v-80h280v280h-80v-144L388-332Z\"\/><\/svg>\t\t\t\t\t\t\t<\/div>\n                                            <\/div>\n                <\/div>\n                            <\/a>\n                                        <a href=\"https:\/\/www.proagria.fi\/asiantuntijat\/johanna-rinnekari\" class=\"person-card-link hover-scale-down\">\n                            <div class=\"person-card-item\">\n                    <div class=\"person-card-column-left\">\n                                                    <span class=\"person-placeholder\"><\/span>\n                                            <\/div>\n\n                    <div class=\"person-card-column-right\">\n                                                <p class=\"person-card-name\">Johanna Rinnekari<\/p>\n                        \n                                                <p class=\"person-card-position\">Yritysasiantuntija, Karelia \u00e0 la carte -verkoston koordinaattori<\/p>\n                        \n                                                <p class=\"person-card-organisation\">ProAgria It\u00e4-Suomi, Maa- ja kotitalousnaiset<\/p>\n                        \n                                                <p class=\"person-card-text\">johanna.rinnekari [at] mkn.fi<\/p>\n                        \n                                                    <div>\n\t\t\t\t\t\t\t<svg xmlns=\"http:\/\/www.w3.org\/2000\/svg\" height=\"25px\" viewBox=\"0 -960 960 960\" width=\"24px\" ><path fill=\"currentColor\" d=\"M200-120q-33 0-56.5-23.5T120-200v-560q0-33 23.5-56.5T200-840h280v80H200v560h560v-280h80v280q0 33-23.5 56.5T760-120H200Zm188-212-56-56 372-372H560v-80h280v280h-80v-144L388-332Z\"\/><\/svg>\t\t\t\t\t\t\t<\/div>\n                                            <\/div>\n                <\/div>\n                            <\/a>\n                                        <a href=\"https:\/\/www.proagria.fi\/asiantuntijat\/tuuli-makinen\" class=\"person-card-link hover-scale-down\">\n                            <div class=\"person-card-item\">\n                    <div class=\"person-card-column-left\">\n                                                    <img decoding=\"async\" class=\"person-card-image\" src=\"https:\/\/sites.uef.fi\/usma\/wp-content\/uploads\/sites\/577\/2026\/04\/Tuuli-Makinen-20220803_104608-scaled.jpg\" alt=\"Tuuli M\u00e4kinen\" \/>\n                                            <\/div>\n\n                    <div class=\"person-card-column-right\">\n                                                <p class=\"person-card-name\">Tuuli M\u00e4kinen<\/p>\n                        \n                                                <p class=\"person-card-position\">Ymp\u00e4rist\u00f6asiantuntija, MKN maisemapalvelut<\/p>\n                        \n                                                <p class=\"person-card-organisation\">ProAgria It\u00e4-Suomi, Maa- ja kotitalousnaiset<\/p>\n                        \n                                                <p class=\"person-card-text\">tuuli.makinen [at] mkn.fi<\/p>\n                        \n                                                    <div>\n\t\t\t\t\t\t\t<svg xmlns=\"http:\/\/www.w3.org\/2000\/svg\" height=\"25px\" viewBox=\"0 -960 960 960\" width=\"24px\" ><path fill=\"currentColor\" d=\"M200-120q-33 0-56.5-23.5T120-200v-560q0-33 23.5-56.5T200-840h280v80H200v560h560v-280h80v280q0 33-23.5 56.5T760-120H200Zm188-212-56-56 372-372H560v-80h280v280h-80v-144L388-332Z\"\/><\/svg>\t\t\t\t\t\t\t<\/div>\n                                            <\/div>\n                <\/div>\n                            <\/a>\n                                        <a href=\"https:\/\/www.proagria.fi\/asiantuntijat\/kirsi-vartia\" class=\"person-card-link hover-scale-down\">\n                            <div class=\"person-card-item\">\n                    <div class=\"person-card-column-left\">\n                                                    <img decoding=\"async\" class=\"person-card-image\" src=\"https:\/\/sites.uef.fi\/usma\/wp-content\/uploads\/sites\/577\/2026\/04\/Kirsi-Vartia_esittely.jpg\" alt=\"Kirsi Vartia\" \/>\n                                            <\/div>\n\n                    <div class=\"person-card-column-right\">\n                                                <p class=\"person-card-name\">Kirsi Vartia<\/p>\n                        \n                                                <p class=\"person-card-position\">Ruoka- ja matkailuasiantuntija<\/p>\n                        \n                                                <p class=\"person-card-organisation\">ProAgria It\u00e4-Suomi, Maa- ja kotitalousnaiset<\/p>\n                        \n                                                <p class=\"person-card-text\">kirsi.vartia [at] mkn.fi<\/p>\n                        \n                                                    <div>\n\t\t\t\t\t\t\t<svg xmlns=\"http:\/\/www.w3.org\/2000\/svg\" height=\"25px\" viewBox=\"0 -960 960 960\" width=\"24px\" ><path fill=\"currentColor\" d=\"M200-120q-33 0-56.5-23.5T120-200v-560q0-33 23.5-56.5T200-840h280v80H200v560h560v-280h80v280q0 33-23.5 56.5T760-120H200Zm188-212-56-56 372-372H560v-80h280v280h-80v-144L388-332Z\"\/><\/svg>\t\t\t\t\t\t\t<\/div>\n                                            <\/div>\n                <\/div>\n                            <\/a>\n                            <\/div>\n","protected":false},"excerpt":{"rendered":"","protected":false},"author":966,"featured_media":0,"parent":0,"menu_order":0,"comment_status":"closed","ping_status":"closed","template":"","meta":{"_acf_changed":false,"footnotes":""},"class_list":["post-90","page","type-page","status-publish","hentry"],"acf":[],"yoast_head":"<!-- This site is optimized with the Yoast SEO plugin v27.3 - https:\/\/yoast.com\/product\/yoast-seo-wordpress\/ -->\n<title>Hankehenkil\u00f6st\u00f6 - USMA<\/title>\n<meta name=\"robots\" content=\"index, follow, max-snippet:-1, max-image-preview:large, max-video-preview:-1\" \/>\n<link rel=\"canonical\" href=\"https:\/\/sites.uef.fi\/usma\/tietoa-blogista\/\" \/>\n<meta property=\"og:locale\" content=\"fi_FI\" \/>\n<meta property=\"og:type\" content=\"article\" \/>\n<meta property=\"og:title\" content=\"Hankehenkil\u00f6st\u00f6 - USMA\" \/>\n<meta property=\"og:url\" content=\"https:\/\/sites.uef.fi\/usma\/tietoa-blogista\/\" \/>\n<meta property=\"og:site_name\" content=\"USMA\" \/>\n<meta property=\"article:modified_time\" content=\"2026-04-21T11:16:41+00:00\" \/>\n<meta name=\"twitter:card\" content=\"summary_large_image\" \/>\n<script type=\"application\/ld+json\" class=\"yoast-schema-graph\">{\"@context\":\"https:\\\/\\\/schema.org\",\"@graph\":[{\"@type\":\"WebPage\",\"@id\":\"https:\\\/\\\/sites.uef.fi\\\/usma\\\/tietoa-blogista\\\/\",\"url\":\"https:\\\/\\\/sites.uef.fi\\\/usma\\\/tietoa-blogista\\\/\",\"name\":\"Hankehenkil\u00f6st\u00f6 - USMA\",\"isPartOf\":{\"@id\":\"https:\\\/\\\/sites.uef.fi\\\/usma\\\/#website\"},\"datePublished\":\"2026-03-03T13:25:56+00:00\",\"dateModified\":\"2026-04-21T11:16:41+00:00\",\"breadcrumb\":{\"@id\":\"https:\\\/\\\/sites.uef.fi\\\/usma\\\/tietoa-blogista\\\/#breadcrumb\"},\"inLanguage\":\"fi\",\"potentialAction\":[{\"@type\":\"ReadAction\",\"target\":[\"https:\\\/\\\/sites.uef.fi\\\/usma\\\/tietoa-blogista\\\/\"]}]},{\"@type\":\"BreadcrumbList\",\"@id\":\"https:\\\/\\\/sites.uef.fi\\\/usma\\\/tietoa-blogista\\\/#breadcrumb\",\"itemListElement\":[{\"@type\":\"ListItem\",\"position\":1,\"name\":\"Etusivu\",\"item\":\"https:\\\/\\\/sites.uef.fi\\\/usma\\\/\"},{\"@type\":\"ListItem\",\"position\":2,\"name\":\"Hankehenkil\u00f6st\u00f6\"}]},{\"@type\":\"WebSite\",\"@id\":\"https:\\\/\\\/sites.uef.fi\\\/usma\\\/#website\",\"url\":\"https:\\\/\\\/sites.uef.fi\\\/usma\\\/\",\"name\":\"USMA\",\"description\":\"\",\"potentialAction\":[{\"@type\":\"SearchAction\",\"target\":{\"@type\":\"EntryPoint\",\"urlTemplate\":\"https:\\\/\\\/sites.uef.fi\\\/usma\\\/?s={search_term_string}\"},\"query-input\":{\"@type\":\"PropertyValueSpecification\",\"valueRequired\":true,\"valueName\":\"search_term_string\"}}],\"inLanguage\":\"fi\"}]}<\/script>\n<!-- \/ Yoast SEO plugin. -->","yoast_head_json":{"title":"Hankehenkil\u00f6st\u00f6 - USMA","robots":{"index":"index","follow":"follow","max-snippet":"max-snippet:-1","max-image-preview":"max-image-preview:large","max-video-preview":"max-video-preview:-1"},"canonical":"https:\/\/sites.uef.fi\/usma\/tietoa-blogista\/","og_locale":"fi_FI","og_type":"article","og_title":"Hankehenkil\u00f6st\u00f6 - USMA","og_url":"https:\/\/sites.uef.fi\/usma\/tietoa-blogista\/","og_site_name":"USMA","article_modified_time":"2026-04-21T11:16:41+00:00","twitter_card":"summary_large_image","schema":{"@context":"https:\/\/schema.org","@graph":[{"@type":"WebPage","@id":"https:\/\/sites.uef.fi\/usma\/tietoa-blogista\/","url":"https:\/\/sites.uef.fi\/usma\/tietoa-blogista\/","name":"Hankehenkil\u00f6st\u00f6 - USMA","isPartOf":{"@id":"https:\/\/sites.uef.fi\/usma\/#website"},"datePublished":"2026-03-03T13:25:56+00:00","dateModified":"2026-04-21T11:16:41+00:00","breadcrumb":{"@id":"https:\/\/sites.uef.fi\/usma\/tietoa-blogista\/#breadcrumb"},"inLanguage":"fi","potentialAction":[{"@type":"ReadAction","target":["https:\/\/sites.uef.fi\/usma\/tietoa-blogista\/"]}]},{"@type":"BreadcrumbList","@id":"https:\/\/sites.uef.fi\/usma\/tietoa-blogista\/#breadcrumb","itemListElement":[{"@type":"ListItem","position":1,"name":"Etusivu","item":"https:\/\/sites.uef.fi\/usma\/"},{"@type":"ListItem","position":2,"name":"Hankehenkil\u00f6st\u00f6"}]},{"@type":"WebSite","@id":"https:\/\/sites.uef.fi\/usma\/#website","url":"https:\/\/sites.uef.fi\/usma\/","name":"USMA","description":"","potentialAction":[{"@type":"SearchAction","target":{"@type":"EntryPoint","urlTemplate":"https:\/\/sites.uef.fi\/usma\/?s={search_term_string}"},"query-input":{"@type":"PropertyValueSpecification","valueRequired":true,"valueName":"search_term_string"}}],"inLanguage":"fi"}]}},"_links":{"self":[{"href":"https:\/\/sites.uef.fi\/usma\/wp-json\/wp\/v2\/pages\/90","targetHints":{"allow":["GET"]}}],"collection":[{"href":"https:\/\/sites.uef.fi\/usma\/wp-json\/wp\/v2\/pages"}],"about":[{"href":"https:\/\/sites.uef.fi\/usma\/wp-json\/wp\/v2\/types\/page"}],"author":[{"embeddable":true,"href":"https:\/\/sites.uef.fi\/usma\/wp-json\/wp\/v2\/users\/966"}],"replies":[{"embeddable":true,"href":"https:\/\/sites.uef.fi\/usma\/wp-json\/wp\/v2\/comments?post=90"}],"version-history":[{"count":1,"href":"https:\/\/sites.uef.fi\/usma\/wp-json\/wp\/v2\/pages\/90\/revisions"}],"predecessor-version":[{"id":210,"href":"https:\/\/sites.uef.fi\/usma\/wp-json\/wp\/v2\/pages\/90\/revisions\/210"}],"wp:attachment":[{"href":"https:\/\/sites.uef.fi\/usma\/wp-json\/wp\/v2\/media?parent=90"}],"curies":[{"name":"wp","href":"https:\/\/api.w.org\/{rel}","templated":true}]}}