{"id":348,"date":"2025-01-09T13:04:56","date_gmt":"2025-01-09T10:04:56","guid":{"rendered":"https:\/\/sites.uef.fi\/vahvan-kestavyyden-metsapalvelut\/?page_id=348"},"modified":"2025-01-09T13:04:57","modified_gmt":"2025-01-09T10:04:57","slug":"vahva-kestavyys","status":"publish","type":"page","link":"https:\/\/sites.uef.fi\/vahvan-kestavyyden-metsapalvelut\/vahva-kestavyys\/","title":{"rendered":"Vahva kest\u00e4vyys"},"content":{"rendered":"\n<p>Kest\u00e4vyytt\u00e4 on perinteisesti kuvattu kolmella yhteen liitetyll\u00e4 kest\u00e4vyyden renkaalla, jotka edustavat talouden, yhteiskunnan ja ymp\u00e4rist\u00f6n kest\u00e4vyytt\u00e4. Ajattelutavan heikkoutena on kuitenkin se, ett\u00e4 siin\u00e4 kest\u00e4vyyden osa-alueet n\u00e4hd\u00e4\u00e4n kokonaisuuden sijaan itsen\u00e4isin\u00e4 osasina ja niiden v\u00e4lill\u00e4 voidaan k\u00e4yd\u00e4 vaihtokauppaa. T\u00e4m\u00e4 on k\u00e4yt\u00e4nn\u00f6ss\u00e4 johtanut siihen, ett\u00e4 talous on muodostunut vahvimmaksi osa-alueeksi ja samalla ymp\u00e4rist\u00f6\u00e4 ja sosiaalista p\u00e4\u00e4omaa t\u00e4rke\u00e4mm\u00e4ksi tekij\u00e4ksi. N\u00e4in muodostunutta mallia voidaan kutsua my\u00f6s heikoksi kest\u00e4vyydeksi.<\/p>\n\n\n\n<figure class=\"wp-block-image aligncenter size-full is-resized\"><img loading=\"lazy\" decoding=\"async\" width=\"533\" height=\"494\" src=\"https:\/\/sites.uef.fi\/vahvan-kestavyyden-metsapalvelut\/wp-content\/uploads\/sites\/513\/2024\/12\/Heikko_kestavyys.jpg\" alt=\"\" class=\"wp-image-336\" style=\"width:302px;height:auto\" srcset=\"https:\/\/sites.uef.fi\/vahvan-kestavyyden-metsapalvelut\/wp-content\/uploads\/sites\/513\/2024\/12\/Heikko_kestavyys.jpg 533w, https:\/\/sites.uef.fi\/vahvan-kestavyyden-metsapalvelut\/wp-content\/uploads\/sites\/513\/2024\/12\/Heikko_kestavyys-300x278.jpg 300w\" sizes=\"auto, (max-width: 533px) 100vw, 533px\" \/><\/figure>\n\n\n\n<p>Metsiss\u00e4 heikko kest\u00e4vyys tarkoittaa sit\u00e4, ett\u00e4 puuntuotanto ja sen avulla saatu taloudellinen kasvu on ollut ekologista kest\u00e4vyytt\u00e4 t\u00e4rke\u00e4mp\u00e4\u00e4, jolloin lajien ja elinymp\u00e4rist\u00f6jen monimuotoisuus metsiss\u00e4 on samanaikaisesti v\u00e4hentynyt. Vaikka niin helposti haluaisimme ajatella, puuntuotanto edell\u00e4 suunniteltua suomalaista mets\u00e4taloutta ei voida pit\u00e4\u00e4 kokonaisuudessaan kest\u00e4v\u00e4n\u00e4. T\u00e4m\u00e4 n\u00e4ytt\u00e4ytyy esimerkiksi siten, ett\u00e4 Suomen uhanalaisista lajeista noin kolmannes el\u00e4\u00e4 metsiss\u00e4 ja metsien talousk\u00e4yt\u00f6st\u00e4 johtuvat muutokset lajien elinymp\u00e4rist\u00f6iss\u00e4 ovat merkitt\u00e4vimpi\u00e4 syit\u00e4 n\u00e4iden lajien uhanalaisuuteen.<\/p>\n\n\n\n<p>Vahvan kest\u00e4vyyden ajattelutavassa luonto asetetaan perustaksi, jonka varaan yhteiskunta ja talous rakentuu. Vahvaa kest\u00e4vyytt\u00e4 voidaankin kuvata kolmella sis\u00e4kk\u00e4isell\u00e4 ympyr\u00e4ll\u00e4, jossa ymp\u00e4rist\u00f6n hyvinvointi ja ekologinen kest\u00e4vyys asettaa rajat sosiaaliselle ja taloudelliselle hyvinvoinnille ja kasvulle. Malli tuo esiin ihmisen osana luontoa muiden lajien tapaan ja korostaa talouden, samoin kuin ihmisen, riippuvaisuutta luonnon tarjoamasta p\u00e4\u00e4omasta.<\/p>\n\n\n\n<figure class=\"wp-block-image aligncenter size-full is-resized\"><img loading=\"lazy\" decoding=\"async\" width=\"515\" height=\"490\" src=\"https:\/\/sites.uef.fi\/vahvan-kestavyyden-metsapalvelut\/wp-content\/uploads\/sites\/513\/2024\/12\/Vahva_kestavyys.jpg\" alt=\"\" class=\"wp-image-342\" style=\"width:311px;height:auto\" srcset=\"https:\/\/sites.uef.fi\/vahvan-kestavyyden-metsapalvelut\/wp-content\/uploads\/sites\/513\/2024\/12\/Vahva_kestavyys.jpg 515w, https:\/\/sites.uef.fi\/vahvan-kestavyyden-metsapalvelut\/wp-content\/uploads\/sites\/513\/2024\/12\/Vahva_kestavyys-300x285.jpg 300w\" sizes=\"auto, (max-width: 515px) 100vw, 515px\" \/><\/figure>\n\n\n\n<p>Toisin kuin heikossa kest\u00e4vyydess\u00e4, vahvan kest\u00e4vyyden perusperiaatteena on, ett\u00e4 luonto ja sen tarjoamat aineelliset ja aineettomat resurssit ei ole korvattavissa. N\u00e4in ollen ymp\u00e4rist\u00f6n hyvinvointia ei voida uhrata lyhyen aikav\u00e4lin taloudellisten hy\u00f6tyjen vuoksi ja metsien k\u00e4yt\u00f6ss\u00e4 niiden ekologisesta kest\u00e4vyydest\u00e4 huolehtimisen t\u00e4rkeys korostuu.<\/p>\n\n\n\n<p>Vahvan kest\u00e4vyyden keskeisi\u00e4 n\u00e4k\u00f6kulmia ovat my\u00f6s oikeudenmukaisuuden korostaminen ja tasapuolisuus esimerkiksi nykyisten ja tulevien sukupolvien sek\u00e4 eri lajien v\u00e4lill\u00e4.<\/p>\n\n\n\n<p><\/p>\n","protected":false},"excerpt":{"rendered":"<p>Kest\u00e4vyytt\u00e4 on perinteisesti kuvattu kolmella yhteen liitetyll\u00e4 kest\u00e4vyyden renkaalla, jotka edustavat talouden, yhteiskunnan ja ymp\u00e4rist\u00f6n kest\u00e4vyytt\u00e4. Ajattelutavan heikkoutena on kuitenkin se, ett\u00e4 siin\u00e4 kest\u00e4vyyden osa-alueet n\u00e4hd\u00e4\u00e4n kokonaisuuden sijaan itsen\u00e4isin\u00e4 osasina ja niiden v\u00e4lill\u00e4 voidaan k\u00e4yd\u00e4 vaihtokauppaa. T\u00e4m\u00e4 on k\u00e4yt\u00e4nn\u00f6ss\u00e4 johtanut siihen, ett\u00e4 talous on muodostunut vahvimmaksi osa-alueeksi ja samalla ymp\u00e4rist\u00f6\u00e4 ja sosiaalista p\u00e4\u00e4omaa t\u00e4rke\u00e4mm\u00e4ksi tekij\u00e4ksi. [&hellip;]<\/p>\n","protected":false},"author":1219,"featured_media":0,"parent":0,"menu_order":0,"comment_status":"closed","ping_status":"closed","template":"","meta":{"_acf_changed":false,"footnotes":""},"class_list":["post-348","page","type-page","status-publish","hentry"],"acf":[],"yoast_head":"<!-- This site is optimized with the Yoast SEO plugin v27.1.1 - https:\/\/yoast.com\/product\/yoast-seo-wordpress\/ -->\n<title>Vahva kest\u00e4vyys - Vahvan kest\u00e4vyyden mets\u00e4palvelut<\/title>\n<meta name=\"robots\" content=\"index, follow, max-snippet:-1, max-image-preview:large, max-video-preview:-1\" \/>\n<link rel=\"canonical\" href=\"https:\/\/sites.uef.fi\/vahvan-kestavyyden-metsapalvelut\/vahva-kestavyys\/\" \/>\n<meta property=\"og:locale\" content=\"fi_FI\" \/>\n<meta property=\"og:type\" content=\"article\" \/>\n<meta property=\"og:title\" content=\"Vahva kest\u00e4vyys - Vahvan kest\u00e4vyyden mets\u00e4palvelut\" \/>\n<meta property=\"og:description\" content=\"Kest\u00e4vyytt\u00e4 on perinteisesti kuvattu kolmella yhteen liitetyll\u00e4 kest\u00e4vyyden renkaalla, jotka edustavat talouden, yhteiskunnan ja ymp\u00e4rist\u00f6n kest\u00e4vyytt\u00e4. Ajattelutavan heikkoutena on kuitenkin se, ett\u00e4 siin\u00e4 kest\u00e4vyyden osa-alueet n\u00e4hd\u00e4\u00e4n kokonaisuuden sijaan itsen\u00e4isin\u00e4 osasina ja niiden v\u00e4lill\u00e4 voidaan k\u00e4yd\u00e4 vaihtokauppaa. T\u00e4m\u00e4 on k\u00e4yt\u00e4nn\u00f6ss\u00e4 johtanut siihen, ett\u00e4 talous on muodostunut vahvimmaksi osa-alueeksi ja samalla ymp\u00e4rist\u00f6\u00e4 ja sosiaalista p\u00e4\u00e4omaa t\u00e4rke\u00e4mm\u00e4ksi tekij\u00e4ksi. [&hellip;]\" \/>\n<meta property=\"og:url\" content=\"https:\/\/sites.uef.fi\/vahvan-kestavyyden-metsapalvelut\/vahva-kestavyys\/\" \/>\n<meta property=\"og:site_name\" content=\"Vahvan kest\u00e4vyyden mets\u00e4palvelut\" \/>\n<meta property=\"article:modified_time\" content=\"2025-01-09T10:04:57+00:00\" \/>\n<meta property=\"og:image\" content=\"https:\/\/sites.uef.fi\/vahvan-kestavyyden-metsapalvelut\/wp-content\/uploads\/sites\/513\/2024\/12\/Heikko_kestavyys.jpg\" \/>\n\t<meta property=\"og:image:width\" content=\"533\" \/>\n\t<meta property=\"og:image:height\" content=\"494\" \/>\n\t<meta property=\"og:image:type\" content=\"image\/jpeg\" \/>\n<meta name=\"twitter:card\" content=\"summary_large_image\" \/>\n<meta name=\"twitter:label1\" content=\"Arvioitu lukuaika\" \/>\n\t<meta name=\"twitter:data1\" content=\"2 minuuttia\" \/>\n<script type=\"application\/ld+json\" class=\"yoast-schema-graph\">{\"@context\":\"https:\/\/schema.org\",\"@graph\":[{\"@type\":\"WebPage\",\"@id\":\"https:\/\/sites.uef.fi\/vahvan-kestavyyden-metsapalvelut\/vahva-kestavyys\/\",\"url\":\"https:\/\/sites.uef.fi\/vahvan-kestavyyden-metsapalvelut\/vahva-kestavyys\/\",\"name\":\"Vahva kest\u00e4vyys - Vahvan kest\u00e4vyyden mets\u00e4palvelut\",\"isPartOf\":{\"@id\":\"https:\/\/sites.uef.fi\/vahvan-kestavyyden-metsapalvelut\/#website\"},\"primaryImageOfPage\":{\"@id\":\"https:\/\/sites.uef.fi\/vahvan-kestavyyden-metsapalvelut\/vahva-kestavyys\/#primaryimage\"},\"image\":{\"@id\":\"https:\/\/sites.uef.fi\/vahvan-kestavyyden-metsapalvelut\/vahva-kestavyys\/#primaryimage\"},\"thumbnailUrl\":\"https:\/\/sites.uef.fi\/vahvan-kestavyyden-metsapalvelut\/wp-content\/uploads\/sites\/513\/2024\/12\/Heikko_kestavyys.jpg\",\"datePublished\":\"2025-01-09T10:04:56+00:00\",\"dateModified\":\"2025-01-09T10:04:57+00:00\",\"breadcrumb\":{\"@id\":\"https:\/\/sites.uef.fi\/vahvan-kestavyyden-metsapalvelut\/vahva-kestavyys\/#breadcrumb\"},\"inLanguage\":\"fi\",\"potentialAction\":[{\"@type\":\"ReadAction\",\"target\":[\"https:\/\/sites.uef.fi\/vahvan-kestavyyden-metsapalvelut\/vahva-kestavyys\/\"]}]},{\"@type\":\"ImageObject\",\"inLanguage\":\"fi\",\"@id\":\"https:\/\/sites.uef.fi\/vahvan-kestavyyden-metsapalvelut\/vahva-kestavyys\/#primaryimage\",\"url\":\"https:\/\/sites.uef.fi\/vahvan-kestavyyden-metsapalvelut\/wp-content\/uploads\/sites\/513\/2024\/12\/Heikko_kestavyys.jpg\",\"contentUrl\":\"https:\/\/sites.uef.fi\/vahvan-kestavyyden-metsapalvelut\/wp-content\/uploads\/sites\/513\/2024\/12\/Heikko_kestavyys.jpg\",\"width\":533,\"height\":494},{\"@type\":\"BreadcrumbList\",\"@id\":\"https:\/\/sites.uef.fi\/vahvan-kestavyyden-metsapalvelut\/vahva-kestavyys\/#breadcrumb\",\"itemListElement\":[{\"@type\":\"ListItem\",\"position\":1,\"name\":\"Home\",\"item\":\"https:\/\/sites.uef.fi\/vahvan-kestavyyden-metsapalvelut\/\"},{\"@type\":\"ListItem\",\"position\":2,\"name\":\"Vahva kest\u00e4vyys\"}]},{\"@type\":\"WebSite\",\"@id\":\"https:\/\/sites.uef.fi\/vahvan-kestavyyden-metsapalvelut\/#website\",\"url\":\"https:\/\/sites.uef.fi\/vahvan-kestavyyden-metsapalvelut\/\",\"name\":\"Vahvan kest\u00e4vyyden mets\u00e4palvelut\",\"description\":\"\",\"potentialAction\":[{\"@type\":\"SearchAction\",\"target\":{\"@type\":\"EntryPoint\",\"urlTemplate\":\"https:\/\/sites.uef.fi\/vahvan-kestavyyden-metsapalvelut\/?s={search_term_string}\"},\"query-input\":{\"@type\":\"PropertyValueSpecification\",\"valueRequired\":true,\"valueName\":\"search_term_string\"}}],\"inLanguage\":\"fi\"}]}<\/script>\n<!-- \/ Yoast SEO plugin. -->","yoast_head_json":{"title":"Vahva kest\u00e4vyys - Vahvan kest\u00e4vyyden mets\u00e4palvelut","robots":{"index":"index","follow":"follow","max-snippet":"max-snippet:-1","max-image-preview":"max-image-preview:large","max-video-preview":"max-video-preview:-1"},"canonical":"https:\/\/sites.uef.fi\/vahvan-kestavyyden-metsapalvelut\/vahva-kestavyys\/","og_locale":"fi_FI","og_type":"article","og_title":"Vahva kest\u00e4vyys - Vahvan kest\u00e4vyyden mets\u00e4palvelut","og_description":"Kest\u00e4vyytt\u00e4 on perinteisesti kuvattu kolmella yhteen liitetyll\u00e4 kest\u00e4vyyden renkaalla, jotka edustavat talouden, yhteiskunnan ja ymp\u00e4rist\u00f6n kest\u00e4vyytt\u00e4. Ajattelutavan heikkoutena on kuitenkin se, ett\u00e4 siin\u00e4 kest\u00e4vyyden osa-alueet n\u00e4hd\u00e4\u00e4n kokonaisuuden sijaan itsen\u00e4isin\u00e4 osasina ja niiden v\u00e4lill\u00e4 voidaan k\u00e4yd\u00e4 vaihtokauppaa. T\u00e4m\u00e4 on k\u00e4yt\u00e4nn\u00f6ss\u00e4 johtanut siihen, ett\u00e4 talous on muodostunut vahvimmaksi osa-alueeksi ja samalla ymp\u00e4rist\u00f6\u00e4 ja sosiaalista p\u00e4\u00e4omaa t\u00e4rke\u00e4mm\u00e4ksi tekij\u00e4ksi. [&hellip;]","og_url":"https:\/\/sites.uef.fi\/vahvan-kestavyyden-metsapalvelut\/vahva-kestavyys\/","og_site_name":"Vahvan kest\u00e4vyyden mets\u00e4palvelut","article_modified_time":"2025-01-09T10:04:57+00:00","og_image":[{"width":533,"height":494,"url":"https:\/\/sites.uef.fi\/vahvan-kestavyyden-metsapalvelut\/wp-content\/uploads\/sites\/513\/2024\/12\/Heikko_kestavyys.jpg","type":"image\/jpeg"}],"twitter_card":"summary_large_image","twitter_misc":{"Arvioitu lukuaika":"2 minuuttia"},"schema":{"@context":"https:\/\/schema.org","@graph":[{"@type":"WebPage","@id":"https:\/\/sites.uef.fi\/vahvan-kestavyyden-metsapalvelut\/vahva-kestavyys\/","url":"https:\/\/sites.uef.fi\/vahvan-kestavyyden-metsapalvelut\/vahva-kestavyys\/","name":"Vahva kest\u00e4vyys - Vahvan kest\u00e4vyyden mets\u00e4palvelut","isPartOf":{"@id":"https:\/\/sites.uef.fi\/vahvan-kestavyyden-metsapalvelut\/#website"},"primaryImageOfPage":{"@id":"https:\/\/sites.uef.fi\/vahvan-kestavyyden-metsapalvelut\/vahva-kestavyys\/#primaryimage"},"image":{"@id":"https:\/\/sites.uef.fi\/vahvan-kestavyyden-metsapalvelut\/vahva-kestavyys\/#primaryimage"},"thumbnailUrl":"https:\/\/sites.uef.fi\/vahvan-kestavyyden-metsapalvelut\/wp-content\/uploads\/sites\/513\/2024\/12\/Heikko_kestavyys.jpg","datePublished":"2025-01-09T10:04:56+00:00","dateModified":"2025-01-09T10:04:57+00:00","breadcrumb":{"@id":"https:\/\/sites.uef.fi\/vahvan-kestavyyden-metsapalvelut\/vahva-kestavyys\/#breadcrumb"},"inLanguage":"fi","potentialAction":[{"@type":"ReadAction","target":["https:\/\/sites.uef.fi\/vahvan-kestavyyden-metsapalvelut\/vahva-kestavyys\/"]}]},{"@type":"ImageObject","inLanguage":"fi","@id":"https:\/\/sites.uef.fi\/vahvan-kestavyyden-metsapalvelut\/vahva-kestavyys\/#primaryimage","url":"https:\/\/sites.uef.fi\/vahvan-kestavyyden-metsapalvelut\/wp-content\/uploads\/sites\/513\/2024\/12\/Heikko_kestavyys.jpg","contentUrl":"https:\/\/sites.uef.fi\/vahvan-kestavyyden-metsapalvelut\/wp-content\/uploads\/sites\/513\/2024\/12\/Heikko_kestavyys.jpg","width":533,"height":494},{"@type":"BreadcrumbList","@id":"https:\/\/sites.uef.fi\/vahvan-kestavyyden-metsapalvelut\/vahva-kestavyys\/#breadcrumb","itemListElement":[{"@type":"ListItem","position":1,"name":"Home","item":"https:\/\/sites.uef.fi\/vahvan-kestavyyden-metsapalvelut\/"},{"@type":"ListItem","position":2,"name":"Vahva kest\u00e4vyys"}]},{"@type":"WebSite","@id":"https:\/\/sites.uef.fi\/vahvan-kestavyyden-metsapalvelut\/#website","url":"https:\/\/sites.uef.fi\/vahvan-kestavyyden-metsapalvelut\/","name":"Vahvan kest\u00e4vyyden mets\u00e4palvelut","description":"","potentialAction":[{"@type":"SearchAction","target":{"@type":"EntryPoint","urlTemplate":"https:\/\/sites.uef.fi\/vahvan-kestavyyden-metsapalvelut\/?s={search_term_string}"},"query-input":{"@type":"PropertyValueSpecification","valueRequired":true,"valueName":"search_term_string"}}],"inLanguage":"fi"}]}},"_links":{"self":[{"href":"https:\/\/sites.uef.fi\/vahvan-kestavyyden-metsapalvelut\/wp-json\/wp\/v2\/pages\/348","targetHints":{"allow":["GET"]}}],"collection":[{"href":"https:\/\/sites.uef.fi\/vahvan-kestavyyden-metsapalvelut\/wp-json\/wp\/v2\/pages"}],"about":[{"href":"https:\/\/sites.uef.fi\/vahvan-kestavyyden-metsapalvelut\/wp-json\/wp\/v2\/types\/page"}],"author":[{"embeddable":true,"href":"https:\/\/sites.uef.fi\/vahvan-kestavyyden-metsapalvelut\/wp-json\/wp\/v2\/users\/1219"}],"replies":[{"embeddable":true,"href":"https:\/\/sites.uef.fi\/vahvan-kestavyyden-metsapalvelut\/wp-json\/wp\/v2\/comments?post=348"}],"version-history":[{"count":2,"href":"https:\/\/sites.uef.fi\/vahvan-kestavyyden-metsapalvelut\/wp-json\/wp\/v2\/pages\/348\/revisions"}],"predecessor-version":[{"id":423,"href":"https:\/\/sites.uef.fi\/vahvan-kestavyyden-metsapalvelut\/wp-json\/wp\/v2\/pages\/348\/revisions\/423"}],"wp:attachment":[{"href":"https:\/\/sites.uef.fi\/vahvan-kestavyyden-metsapalvelut\/wp-json\/wp\/v2\/media?parent=348"}],"curies":[{"name":"wp","href":"https:\/\/api.w.org\/{rel}","templated":true}]}}