{"id":369,"date":"2025-01-09T15:18:05","date_gmt":"2025-01-09T12:18:05","guid":{"rendered":"https:\/\/sites.uef.fi\/vahvan-kestavyyden-metsapalvelut\/?page_id=369"},"modified":"2025-01-09T15:18:06","modified_gmt":"2025-01-09T12:18:06","slug":"yhteystiedot-ja-yhteistyokumppanit","status":"publish","type":"page","link":"https:\/\/sites.uef.fi\/vahvan-kestavyyden-metsapalvelut\/yhteystiedot-ja-yhteistyokumppanit\/","title":{"rendered":"Yhteystiedot ja yhteisty\u00f6kumppanit"},"content":{"rendered":"\n<figure class=\"wp-block-image alignwide size-large\"><img loading=\"lazy\" decoding=\"async\" width=\"1024\" height=\"565\" src=\"https:\/\/sites.uef.fi\/vahvan-kestavyyden-metsapalvelut\/wp-content\/uploads\/sites\/513\/2024\/12\/IMG_0229-scaled-e1733387599414-1024x565.jpg\" alt=\"\" class=\"wp-image-384\" srcset=\"https:\/\/sites.uef.fi\/vahvan-kestavyyden-metsapalvelut\/wp-content\/uploads\/sites\/513\/2024\/12\/IMG_0229-scaled-e1733387599414-1024x565.jpg 1024w, https:\/\/sites.uef.fi\/vahvan-kestavyyden-metsapalvelut\/wp-content\/uploads\/sites\/513\/2024\/12\/IMG_0229-scaled-e1733387599414-300x165.jpg 300w, https:\/\/sites.uef.fi\/vahvan-kestavyyden-metsapalvelut\/wp-content\/uploads\/sites\/513\/2024\/12\/IMG_0229-scaled-e1733387599414-768x424.jpg 768w, https:\/\/sites.uef.fi\/vahvan-kestavyyden-metsapalvelut\/wp-content\/uploads\/sites\/513\/2024\/12\/IMG_0229-scaled-e1733387599414-1536x847.jpg 1536w, https:\/\/sites.uef.fi\/vahvan-kestavyyden-metsapalvelut\/wp-content\/uploads\/sites\/513\/2024\/12\/IMG_0229-scaled-e1733387599414-2048x1130.jpg 2048w\" sizes=\"auto, (max-width: 1024px) 100vw, 1024px\" \/><\/figure>\n\n\n\n<p>Kuva: Mirkka Rovamo<\/p>\n\n\n\n<div class=\"person-card\">\n        <h2>It\u00e4-Suomen yliopisto<\/h2>\n    \n                    <a href=\"https:\/\/uefconnect.uef.fi\/tuomo.takala\/\" class=\"person-card-link hover-scale-down\">\n                            <div class=\"person-card-item\">\n                    <div class=\"person-card-column-left\">\n                                                    <span class=\"person-placeholder\"><\/span>\n                                            <\/div>\n\n                    <div class=\"person-card-column-right\">\n                                                <p class=\"person-card-name\">Tuomo Takala<\/p>\n                        \n                                                <p class=\"person-card-position\">Hankkeen johtaja<\/p>\n                        \n                                                <p class=\"person-card-organisation\">It\u00e4-Suomen yliopisto<\/p>\n                        \n                                                <p class=\"person-card-text\">Mets\u00e4tieteiden osasto, Luonnontieteiden, mets\u00e4tieteiden ja tekniikan tiedekunta<\/p>\n                        \n                                                    <div>\n\t\t\t\t\t\t\t<svg xmlns=\"http:\/\/www.w3.org\/2000\/svg\" height=\"25px\" viewBox=\"0 -960 960 960\" width=\"24px\" ><path fill=\"currentColor\" d=\"M200-120q-33 0-56.5-23.5T120-200v-560q0-33 23.5-56.5T200-840h280v80H200v560h560v-280h80v280q0 33-23.5 56.5T760-120H200Zm188-212-56-56 372-372H560v-80h280v280h-80v-144L388-332Z\"\/><\/svg>\t\t\t\t\t\t\t<\/div>\n                                            <\/div>\n                <\/div>\n                            <\/a>\n                                        <a href=\"https:\/\/uefconnect.uef.fi\/jani.holopainen\/\" class=\"person-card-link hover-scale-down\">\n                            <div class=\"person-card-item\">\n                    <div class=\"person-card-column-left\">\n                                                    <span class=\"person-placeholder\"><\/span>\n                                            <\/div>\n\n                    <div class=\"person-card-column-right\">\n                                                <p class=\"person-card-name\">Jani Holopainen<\/p>\n                        \n                                                <p class=\"person-card-position\">Vanhempi tutkija<\/p>\n                        \n                                                <p class=\"person-card-organisation\">It\u00e4-Suomen yliopisto<\/p>\n                        \n                                                <p class=\"person-card-text\">Kauppatieteiden laitos, Yhteiskuntatieteiden ja kauppatieteiden tiedekunta<\/p>\n                        \n                                                    <div>\n\t\t\t\t\t\t\t<svg xmlns=\"http:\/\/www.w3.org\/2000\/svg\" height=\"25px\" viewBox=\"0 -960 960 960\" width=\"24px\" ><path fill=\"currentColor\" d=\"M200-120q-33 0-56.5-23.5T120-200v-560q0-33 23.5-56.5T200-840h280v80H200v560h560v-280h80v280q0 33-23.5 56.5T760-120H200Zm188-212-56-56 372-372H560v-80h280v280h-80v-144L388-332Z\"\/><\/svg>\t\t\t\t\t\t\t<\/div>\n                                            <\/div>\n                <\/div>\n                            <\/a>\n                                        <a href=\"https:\/\/uefconnect.uef.fi\/anu.laakkonen\/\" class=\"person-card-link hover-scale-down\">\n                            <div class=\"person-card-item\">\n                    <div class=\"person-card-column-left\">\n                                                    <span class=\"person-placeholder\"><\/span>\n                                            <\/div>\n\n                    <div class=\"person-card-column-right\">\n                                                <p class=\"person-card-name\">Anu Laakkonen<\/p>\n                        \n                                                <p class=\"person-card-position\">Tutkijatohtori<\/p>\n                        \n                                                <p class=\"person-card-organisation\">It\u00e4-Suomen yliopisto<\/p>\n                        \n                                                <p class=\"person-card-text\">Mets\u00e4tieteiden osasto, Luonnontieteiden, mets\u00e4tieteiden ja tekniikan tiedekunta<\/p>\n                        \n                                                    <div>\n\t\t\t\t\t\t\t<svg xmlns=\"http:\/\/www.w3.org\/2000\/svg\" height=\"25px\" viewBox=\"0 -960 960 960\" width=\"24px\" ><path fill=\"currentColor\" d=\"M200-120q-33 0-56.5-23.5T120-200v-560q0-33 23.5-56.5T200-840h280v80H200v560h560v-280h80v280q0 33-23.5 56.5T760-120H200Zm188-212-56-56 372-372H560v-80h280v280h-80v-144L388-332Z\"\/><\/svg>\t\t\t\t\t\t\t<\/div>\n                                            <\/div>\n                <\/div>\n                            <\/a>\n                                        <a href=\"https:\/\/uefconnect.uef.fi\/katri.rusanen\/\" class=\"person-card-link hover-scale-down\">\n                            <div class=\"person-card-item\">\n                    <div class=\"person-card-column-left\">\n                                                    <span class=\"person-placeholder\"><\/span>\n                                            <\/div>\n\n                    <div class=\"person-card-column-right\">\n                                                <p class=\"person-card-name\">Katri Rusanen<\/p>\n                        \n                                                <p class=\"person-card-position\">V\u00e4it\u00f6skirjatutkija<\/p>\n                        \n                                                <p class=\"person-card-organisation\">It\u00e4-Suomen yliopisto<\/p>\n                        \n                                                <p class=\"person-card-text\">Mets\u00e4tieteiden osasto, Luonnontieteiden, mets\u00e4tieteiden ja tekniikan tiedekunta<\/p>\n                        \n                                                    <div>\n\t\t\t\t\t\t\t<svg xmlns=\"http:\/\/www.w3.org\/2000\/svg\" height=\"25px\" viewBox=\"0 -960 960 960\" width=\"24px\" ><path fill=\"currentColor\" d=\"M200-120q-33 0-56.5-23.5T120-200v-560q0-33 23.5-56.5T200-840h280v80H200v560h560v-280h80v280q0 33-23.5 56.5T760-120H200Zm188-212-56-56 372-372H560v-80h280v280h-80v-144L388-332Z\"\/><\/svg>\t\t\t\t\t\t\t<\/div>\n                                            <\/div>\n                <\/div>\n                            <\/a>\n                                        <a href=\"https:\/\/uefconnect.uef.fi\/mirkka.rovamo\/\" class=\"person-card-link hover-scale-down\">\n                            <div class=\"person-card-item\">\n                    <div class=\"person-card-column-left\">\n                                                    <span class=\"person-placeholder\"><\/span>\n                                            <\/div>\n\n                    <div class=\"person-card-column-right\">\n                                                <p class=\"person-card-name\">Mirkka Rovamo<\/p>\n                        \n                                                <p class=\"person-card-position\">V\u00e4it\u00f6skirjatutkija<\/p>\n                        \n                                                <p class=\"person-card-organisation\">It\u00e4-Suomen yliopisto<\/p>\n                        \n                                                <p class=\"person-card-text\">Kauppatieteiden laitos, Yhteiskuntatieteiden ja kauppatieteiden tiedekunta<\/p>\n                        \n                                                    <div>\n\t\t\t\t\t\t\t<svg xmlns=\"http:\/\/www.w3.org\/2000\/svg\" height=\"25px\" viewBox=\"0 -960 960 960\" width=\"24px\" ><path fill=\"currentColor\" d=\"M200-120q-33 0-56.5-23.5T120-200v-560q0-33 23.5-56.5T200-840h280v80H200v560h560v-280h80v280q0 33-23.5 56.5T760-120H200Zm188-212-56-56 372-372H560v-80h280v280h-80v-144L388-332Z\"\/><\/svg>\t\t\t\t\t\t\t<\/div>\n                                            <\/div>\n                <\/div>\n                            <\/a>\n                                        <a href=\"https:\/\/uefconnect.uef.fi\/hannes.pasanen\/\" class=\"person-card-link hover-scale-down\">\n                            <div class=\"person-card-item\">\n                    <div class=\"person-card-column-left\">\n                                                    <span class=\"person-placeholder\"><\/span>\n                                            <\/div>\n\n                    <div class=\"person-card-column-right\">\n                                                <p class=\"person-card-name\">Hannes Pasanen<\/p>\n                        \n                                                <p class=\"person-card-position\">Projektitutkija<\/p>\n                        \n                                                <p class=\"person-card-organisation\">It\u00e4-Suomen yliopisto<\/p>\n                        \n                                                <p class=\"person-card-text\">Mets\u00e4tieteiden osasto, Luonnontieteiden, mets\u00e4tieteiden ja tekniikan tiedekunta<\/p>\n                        \n                                                    <div>\n\t\t\t\t\t\t\t<svg xmlns=\"http:\/\/www.w3.org\/2000\/svg\" height=\"25px\" viewBox=\"0 -960 960 960\" width=\"24px\" ><path fill=\"currentColor\" d=\"M200-120q-33 0-56.5-23.5T120-200v-560q0-33 23.5-56.5T200-840h280v80H200v560h560v-280h80v280q0 33-23.5 56.5T760-120H200Zm188-212-56-56 372-372H560v-80h280v280h-80v-144L388-332Z\"\/><\/svg>\t\t\t\t\t\t\t<\/div>\n                                            <\/div>\n                <\/div>\n                            <\/a>\n                            <\/div>\n\n\n\n<div class=\"person-card\">\n        <h2>H\u00e4meen ammattikorkeakoulu<\/h2>\n    \n                    <a href=\"https:\/\/www.hamk.fi\/yhteys\/henrik-lindberg\/\" class=\"person-card-link hover-scale-down\">\n                            <div class=\"person-card-item\">\n                    <div class=\"person-card-column-left\">\n                                                    <span class=\"person-placeholder\"><\/span>\n                                            <\/div>\n\n                    <div class=\"person-card-column-right\">\n                                                <p class=\"person-card-name\">Henrik Lindberg<\/p>\n                        \n                                                <p class=\"person-card-position\">Lehtori<\/p>\n                        \n                                                <p class=\"person-card-organisation\">H\u00e4meen ammattikorkeakoulu<\/p>\n                        \n                        \n                                                    <div>\n\t\t\t\t\t\t\t<svg xmlns=\"http:\/\/www.w3.org\/2000\/svg\" height=\"25px\" viewBox=\"0 -960 960 960\" width=\"24px\" ><path fill=\"currentColor\" d=\"M200-120q-33 0-56.5-23.5T120-200v-560q0-33 23.5-56.5T200-840h280v80H200v560h560v-280h80v280q0 33-23.5 56.5T760-120H200Zm188-212-56-56 372-372H560v-80h280v280h-80v-144L388-332Z\"\/><\/svg>\t\t\t\t\t\t\t<\/div>\n                                            <\/div>\n                <\/div>\n                            <\/a>\n                            <\/div>\n\n\n\n<div class=\"person-card\">\n        <h2>Lapin ammattikorkeakoulu<\/h2>\n    \n                    <div class=\"person-card-item\">\n                    <div class=\"person-card-column-left\">\n                                                    <span class=\"person-placeholder\"><\/span>\n                                            <\/div>\n\n                    <div class=\"person-card-column-right\">\n                        \n                        \n                        \n                        \n                                            <\/div>\n                <\/div>\n                            <\/div>\n\n\n    <div class=\"funders grid\">\n                        <a href=\"https:\/\/koneensaatio.fi\/\" class=\"funders__link grid__item hover-scale-down\" title=\"Hankkeen on rahoittanut Koneen S\u00e4\u00e4ti\u00f6 osana Mets\u00e4n puolella -aloitetta\">\n                            <div class=\"funders__image\">\n                    <img decoding=\"async\" src=\"https:\/\/sites.uef.fi\/vahvan-kestavyyden-metsapalvelut\/wp-content\/uploads\/sites\/513\/2024\/12\/Koneen_Saatio_logo_fineng_black.png\" alt=\"Koneen s\u00e4\u00e4ti\u00f6\" \/>\n                <\/div>\n                                    <p class=\"funders__description\">Hankkeen on rahoittanut Koneen S\u00e4\u00e4ti\u00f6 osana Mets\u00e4n puolella -aloitetta<\/p>\n                                                    <div class=\"funders__arrow\">\n                    <svg xmlns=\"http:\/\/www.w3.org\/2000\/svg\" height=\"25px\" viewBox=\"0 -960 960 960\" width=\"24px\" ><path fill=\"currentColor\" d=\"M200-120q-33 0-56.5-23.5T120-200v-560q0-33 23.5-56.5T200-840h280v80H200v560h560v-280h80v280q0 33-23.5 56.5T760-120H200Zm188-212-56-56 372-372H560v-80h280v280h-80v-144L388-332Z\"\/><\/svg>                    <\/div>\n                <\/a>\n                            \n            <\/div>\n","protected":false},"excerpt":{"rendered":"<p>Kuva: Mirkka Rovamo<\/p>\n","protected":false},"author":1219,"featured_media":0,"parent":0,"menu_order":0,"comment_status":"closed","ping_status":"closed","template":"","meta":{"_acf_changed":false,"footnotes":""},"class_list":["post-369","page","type-page","status-publish","hentry"],"acf":[],"yoast_head":"<!-- This site is optimized with the Yoast SEO plugin v27.1.1 - https:\/\/yoast.com\/product\/yoast-seo-wordpress\/ -->\n<title>Yhteystiedot ja yhteisty\u00f6kumppanit - Vahvan kest\u00e4vyyden mets\u00e4palvelut<\/title>\n<meta name=\"robots\" content=\"index, follow, max-snippet:-1, max-image-preview:large, max-video-preview:-1\" \/>\n<link rel=\"canonical\" href=\"https:\/\/sites.uef.fi\/vahvan-kestavyyden-metsapalvelut\/yhteystiedot-ja-yhteistyokumppanit\/\" \/>\n<meta property=\"og:locale\" content=\"fi_FI\" \/>\n<meta property=\"og:type\" content=\"article\" \/>\n<meta property=\"og:title\" content=\"Yhteystiedot ja yhteisty\u00f6kumppanit - Vahvan kest\u00e4vyyden mets\u00e4palvelut\" \/>\n<meta property=\"og:description\" content=\"Kuva: Mirkka Rovamo\" \/>\n<meta property=\"og:url\" content=\"https:\/\/sites.uef.fi\/vahvan-kestavyyden-metsapalvelut\/yhteystiedot-ja-yhteistyokumppanit\/\" \/>\n<meta property=\"og:site_name\" content=\"Vahvan kest\u00e4vyyden mets\u00e4palvelut\" \/>\n<meta property=\"article:modified_time\" content=\"2025-01-09T12:18:06+00:00\" \/>\n<meta property=\"og:image\" content=\"https:\/\/sites.uef.fi\/vahvan-kestavyyden-metsapalvelut\/wp-content\/uploads\/sites\/513\/2024\/12\/IMG_0229-scaled-e1733387599414.jpg\" \/>\n\t<meta property=\"og:image:width\" content=\"2560\" \/>\n\t<meta property=\"og:image:height\" content=\"1412\" \/>\n\t<meta property=\"og:image:type\" content=\"image\/jpeg\" \/>\n<meta name=\"twitter:card\" content=\"summary_large_image\" \/>\n<meta name=\"twitter:label1\" content=\"Arvioitu lukuaika\" \/>\n\t<meta name=\"twitter:data1\" content=\"1 minuutti\" \/>\n<script type=\"application\/ld+json\" class=\"yoast-schema-graph\">{\"@context\":\"https:\/\/schema.org\",\"@graph\":[{\"@type\":\"WebPage\",\"@id\":\"https:\/\/sites.uef.fi\/vahvan-kestavyyden-metsapalvelut\/yhteystiedot-ja-yhteistyokumppanit\/\",\"url\":\"https:\/\/sites.uef.fi\/vahvan-kestavyyden-metsapalvelut\/yhteystiedot-ja-yhteistyokumppanit\/\",\"name\":\"Yhteystiedot ja yhteisty\u00f6kumppanit - Vahvan kest\u00e4vyyden mets\u00e4palvelut\",\"isPartOf\":{\"@id\":\"https:\/\/sites.uef.fi\/vahvan-kestavyyden-metsapalvelut\/#website\"},\"primaryImageOfPage\":{\"@id\":\"https:\/\/sites.uef.fi\/vahvan-kestavyyden-metsapalvelut\/yhteystiedot-ja-yhteistyokumppanit\/#primaryimage\"},\"image\":{\"@id\":\"https:\/\/sites.uef.fi\/vahvan-kestavyyden-metsapalvelut\/yhteystiedot-ja-yhteistyokumppanit\/#primaryimage\"},\"thumbnailUrl\":\"https:\/\/sites.uef.fi\/vahvan-kestavyyden-metsapalvelut\/wp-content\/uploads\/sites\/513\/2024\/12\/IMG_0229-scaled-e1733387599414-1024x565.jpg\",\"datePublished\":\"2025-01-09T12:18:05+00:00\",\"dateModified\":\"2025-01-09T12:18:06+00:00\",\"breadcrumb\":{\"@id\":\"https:\/\/sites.uef.fi\/vahvan-kestavyyden-metsapalvelut\/yhteystiedot-ja-yhteistyokumppanit\/#breadcrumb\"},\"inLanguage\":\"fi\",\"potentialAction\":[{\"@type\":\"ReadAction\",\"target\":[\"https:\/\/sites.uef.fi\/vahvan-kestavyyden-metsapalvelut\/yhteystiedot-ja-yhteistyokumppanit\/\"]}]},{\"@type\":\"ImageObject\",\"inLanguage\":\"fi\",\"@id\":\"https:\/\/sites.uef.fi\/vahvan-kestavyyden-metsapalvelut\/yhteystiedot-ja-yhteistyokumppanit\/#primaryimage\",\"url\":\"https:\/\/sites.uef.fi\/vahvan-kestavyyden-metsapalvelut\/wp-content\/uploads\/sites\/513\/2024\/12\/IMG_0229-scaled-e1733387599414.jpg\",\"contentUrl\":\"https:\/\/sites.uef.fi\/vahvan-kestavyyden-metsapalvelut\/wp-content\/uploads\/sites\/513\/2024\/12\/IMG_0229-scaled-e1733387599414.jpg\",\"width\":2560,\"height\":1412},{\"@type\":\"BreadcrumbList\",\"@id\":\"https:\/\/sites.uef.fi\/vahvan-kestavyyden-metsapalvelut\/yhteystiedot-ja-yhteistyokumppanit\/#breadcrumb\",\"itemListElement\":[{\"@type\":\"ListItem\",\"position\":1,\"name\":\"Home\",\"item\":\"https:\/\/sites.uef.fi\/vahvan-kestavyyden-metsapalvelut\/\"},{\"@type\":\"ListItem\",\"position\":2,\"name\":\"Yhteystiedot ja yhteisty\u00f6kumppanit\"}]},{\"@type\":\"WebSite\",\"@id\":\"https:\/\/sites.uef.fi\/vahvan-kestavyyden-metsapalvelut\/#website\",\"url\":\"https:\/\/sites.uef.fi\/vahvan-kestavyyden-metsapalvelut\/\",\"name\":\"Vahvan kest\u00e4vyyden mets\u00e4palvelut\",\"description\":\"\",\"potentialAction\":[{\"@type\":\"SearchAction\",\"target\":{\"@type\":\"EntryPoint\",\"urlTemplate\":\"https:\/\/sites.uef.fi\/vahvan-kestavyyden-metsapalvelut\/?s={search_term_string}\"},\"query-input\":{\"@type\":\"PropertyValueSpecification\",\"valueRequired\":true,\"valueName\":\"search_term_string\"}}],\"inLanguage\":\"fi\"}]}<\/script>\n<!-- \/ Yoast SEO plugin. -->","yoast_head_json":{"title":"Yhteystiedot ja yhteisty\u00f6kumppanit - Vahvan kest\u00e4vyyden mets\u00e4palvelut","robots":{"index":"index","follow":"follow","max-snippet":"max-snippet:-1","max-image-preview":"max-image-preview:large","max-video-preview":"max-video-preview:-1"},"canonical":"https:\/\/sites.uef.fi\/vahvan-kestavyyden-metsapalvelut\/yhteystiedot-ja-yhteistyokumppanit\/","og_locale":"fi_FI","og_type":"article","og_title":"Yhteystiedot ja yhteisty\u00f6kumppanit - Vahvan kest\u00e4vyyden mets\u00e4palvelut","og_description":"Kuva: Mirkka Rovamo","og_url":"https:\/\/sites.uef.fi\/vahvan-kestavyyden-metsapalvelut\/yhteystiedot-ja-yhteistyokumppanit\/","og_site_name":"Vahvan kest\u00e4vyyden mets\u00e4palvelut","article_modified_time":"2025-01-09T12:18:06+00:00","og_image":[{"width":2560,"height":1412,"url":"https:\/\/sites.uef.fi\/vahvan-kestavyyden-metsapalvelut\/wp-content\/uploads\/sites\/513\/2024\/12\/IMG_0229-scaled-e1733387599414.jpg","type":"image\/jpeg"}],"twitter_card":"summary_large_image","twitter_misc":{"Arvioitu lukuaika":"1 minuutti"},"schema":{"@context":"https:\/\/schema.org","@graph":[{"@type":"WebPage","@id":"https:\/\/sites.uef.fi\/vahvan-kestavyyden-metsapalvelut\/yhteystiedot-ja-yhteistyokumppanit\/","url":"https:\/\/sites.uef.fi\/vahvan-kestavyyden-metsapalvelut\/yhteystiedot-ja-yhteistyokumppanit\/","name":"Yhteystiedot ja yhteisty\u00f6kumppanit - Vahvan kest\u00e4vyyden mets\u00e4palvelut","isPartOf":{"@id":"https:\/\/sites.uef.fi\/vahvan-kestavyyden-metsapalvelut\/#website"},"primaryImageOfPage":{"@id":"https:\/\/sites.uef.fi\/vahvan-kestavyyden-metsapalvelut\/yhteystiedot-ja-yhteistyokumppanit\/#primaryimage"},"image":{"@id":"https:\/\/sites.uef.fi\/vahvan-kestavyyden-metsapalvelut\/yhteystiedot-ja-yhteistyokumppanit\/#primaryimage"},"thumbnailUrl":"https:\/\/sites.uef.fi\/vahvan-kestavyyden-metsapalvelut\/wp-content\/uploads\/sites\/513\/2024\/12\/IMG_0229-scaled-e1733387599414-1024x565.jpg","datePublished":"2025-01-09T12:18:05+00:00","dateModified":"2025-01-09T12:18:06+00:00","breadcrumb":{"@id":"https:\/\/sites.uef.fi\/vahvan-kestavyyden-metsapalvelut\/yhteystiedot-ja-yhteistyokumppanit\/#breadcrumb"},"inLanguage":"fi","potentialAction":[{"@type":"ReadAction","target":["https:\/\/sites.uef.fi\/vahvan-kestavyyden-metsapalvelut\/yhteystiedot-ja-yhteistyokumppanit\/"]}]},{"@type":"ImageObject","inLanguage":"fi","@id":"https:\/\/sites.uef.fi\/vahvan-kestavyyden-metsapalvelut\/yhteystiedot-ja-yhteistyokumppanit\/#primaryimage","url":"https:\/\/sites.uef.fi\/vahvan-kestavyyden-metsapalvelut\/wp-content\/uploads\/sites\/513\/2024\/12\/IMG_0229-scaled-e1733387599414.jpg","contentUrl":"https:\/\/sites.uef.fi\/vahvan-kestavyyden-metsapalvelut\/wp-content\/uploads\/sites\/513\/2024\/12\/IMG_0229-scaled-e1733387599414.jpg","width":2560,"height":1412},{"@type":"BreadcrumbList","@id":"https:\/\/sites.uef.fi\/vahvan-kestavyyden-metsapalvelut\/yhteystiedot-ja-yhteistyokumppanit\/#breadcrumb","itemListElement":[{"@type":"ListItem","position":1,"name":"Home","item":"https:\/\/sites.uef.fi\/vahvan-kestavyyden-metsapalvelut\/"},{"@type":"ListItem","position":2,"name":"Yhteystiedot ja yhteisty\u00f6kumppanit"}]},{"@type":"WebSite","@id":"https:\/\/sites.uef.fi\/vahvan-kestavyyden-metsapalvelut\/#website","url":"https:\/\/sites.uef.fi\/vahvan-kestavyyden-metsapalvelut\/","name":"Vahvan kest\u00e4vyyden mets\u00e4palvelut","description":"","potentialAction":[{"@type":"SearchAction","target":{"@type":"EntryPoint","urlTemplate":"https:\/\/sites.uef.fi\/vahvan-kestavyyden-metsapalvelut\/?s={search_term_string}"},"query-input":{"@type":"PropertyValueSpecification","valueRequired":true,"valueName":"search_term_string"}}],"inLanguage":"fi"}]}},"_links":{"self":[{"href":"https:\/\/sites.uef.fi\/vahvan-kestavyyden-metsapalvelut\/wp-json\/wp\/v2\/pages\/369","targetHints":{"allow":["GET"]}}],"collection":[{"href":"https:\/\/sites.uef.fi\/vahvan-kestavyyden-metsapalvelut\/wp-json\/wp\/v2\/pages"}],"about":[{"href":"https:\/\/sites.uef.fi\/vahvan-kestavyyden-metsapalvelut\/wp-json\/wp\/v2\/types\/page"}],"author":[{"embeddable":true,"href":"https:\/\/sites.uef.fi\/vahvan-kestavyyden-metsapalvelut\/wp-json\/wp\/v2\/users\/1219"}],"replies":[{"embeddable":true,"href":"https:\/\/sites.uef.fi\/vahvan-kestavyyden-metsapalvelut\/wp-json\/wp\/v2\/comments?post=369"}],"version-history":[{"count":3,"href":"https:\/\/sites.uef.fi\/vahvan-kestavyyden-metsapalvelut\/wp-json\/wp\/v2\/pages\/369\/revisions"}],"predecessor-version":[{"id":434,"href":"https:\/\/sites.uef.fi\/vahvan-kestavyyden-metsapalvelut\/wp-json\/wp\/v2\/pages\/369\/revisions\/434"}],"wp:attachment":[{"href":"https:\/\/sites.uef.fi\/vahvan-kestavyyden-metsapalvelut\/wp-json\/wp\/v2\/media?parent=369"}],"curies":[{"name":"wp","href":"https:\/\/api.w.org\/{rel}","templated":true}]}}