{"id":420,"date":"2025-01-09T13:05:54","date_gmt":"2025-01-09T10:05:54","guid":{"rendered":"https:\/\/sites.uef.fi\/vahvan-kestavyyden-metsapalvelut\/?page_id=420"},"modified":"2025-01-09T13:05:55","modified_gmt":"2025-01-09T10:05:55","slug":"tyopaketit","status":"publish","type":"page","link":"https:\/\/sites.uef.fi\/vahvan-kestavyyden-metsapalvelut\/tyopaketit\/","title":{"rendered":"Ty\u00f6paketit"},"content":{"rendered":"\t<div id=\"accordion-block_187ac109fd76960bd205877d3bd036e2\" class=\"accordions\">\n\t\t\t\t\t<div class=\"accordion accordion-js\">\n\t\t\t\t<button class=\"accordion__button\" aria-controls=\"content-3420\" aria-expanded=\"false\" id=\"accordion-control-3420\">\n\t\t\t\t\t<h3 class=\"accordion__heading\" >\n\t\t\t\t\t\tTy\u00f6paketti 1. Vahvan kest\u00e4vyyden liiketoimintamallin ja palvelutuotteiden alustava visualistointi\t\t\t\t\t<\/h3>\n\t\t\t\t<\/button>\n\t\t\t\t<div class=\"accordion__content\" role=\"region\" aria-labelledby=\"accordion-control-3420\" aria-hidden=\"true\" id=\"content-3420\">\n\t\t\t\t\t<p><span class=\"TextRun SpellingErrorZoomed BCX8 SCXP138308746\" lang=\"EN-US\" xml:lang=\"EN-US\" data-usefontface=\"false\" data-contrast=\"none\"><span class=\"NormalTextRun BCX8 SCXP138308746\">Ty\u00f6paketissa 1 selvitet\u00e4\u00e4n mit\u00e4 vahvan kest\u00e4vyyden mets\u00e4palvelut voisivat k\u00e4sitt\u00e4\u00e4 liiketoimintana ja palvelutuotteina. Ty\u00f6paketti koostuu kahdesta osasta, joista ensimm\u00e4inen on kirjallisuuskatsaus ja toinen laadulliset haastattelut.\u00a0<\/span><\/span><\/p>\n<p>Toteuttajina: UEF kauppa- ja mets\u00e4tieteet<\/p>\n\t\t\t\t<\/div>\n\t\t\t<\/div>\n\t\t\t\t\t<div class=\"accordion accordion-js\">\n\t\t\t\t<button class=\"accordion__button\" aria-controls=\"content-3247\" aria-expanded=\"false\" id=\"accordion-control-3247\">\n\t\t\t\t\t<h3 class=\"accordion__heading\" >\n\t\t\t\t\t\tTy\u00f6paketti 2. Vahvan kest\u00e4vyyden liiketoimintamallin kvantitatiivinen vahvistaminen\t\t\t\t\t<\/h3>\n\t\t\t\t<\/button>\n\t\t\t\t<div class=\"accordion__content\" role=\"region\" aria-labelledby=\"accordion-control-3247\" aria-hidden=\"true\" id=\"content-3247\">\n\t\t\t\t\t<p><span class=\"TextRun SpellingErrorZoomed SCXP178973757 BCX8\" lang=\"EN-US\" xml:lang=\"EN-US\" data-usefontface=\"false\" data-contrast=\"none\"><span class=\"NormalTextRun SCXP178973757 BCX8\">Ty\u00f6paketissa 2 jatkotutkitaan kyselytutkimuksen ja faktorianalyysin avulla laadullisesti m\u00e4\u00e4ritelty\u00e4 vahvan kest\u00e4vyyden liiketoimintamallia ja palvelutuotteita. Kyselytutkimuksen avulla vahvan kest\u00e4vyyden liiketoimintamalli ja palvelutuotteet validoidaan kvantitatiivisesti.<\/span><\/span><\/p>\n<p>Toteuttajina: UEF kauppa- ja mets\u00e4tieteet<\/p>\n\t\t\t\t<\/div>\n\t\t\t<\/div>\n\t\t\t\t\t<div class=\"accordion accordion-js\">\n\t\t\t\t<button class=\"accordion__button\" aria-controls=\"content-1388\" aria-expanded=\"false\" id=\"accordion-control-1388\">\n\t\t\t\t\t<h3 class=\"accordion__heading\" >\n\t\t\t\t\t\tTy\u00f6paketti 3. Ammattilaisen valmiudet antaa vahvan kest\u00e4vyyden mets\u00e4palveluiden p\u00e4\u00e4t\u00f6stukea\t\t\t\t\t<\/h3>\n\t\t\t\t<\/button>\n\t\t\t\t<div class=\"accordion__content\" role=\"region\" aria-labelledby=\"accordion-control-1388\" aria-hidden=\"true\" id=\"content-1388\">\n\t\t\t\t\t<p>Ty\u00f6paketissa 3 tutkitaan millaista asiantuntijuutta vahvan kest\u00e4vyyden p\u00e4\u00e4t\u00f6stuen antaminen edellytt\u00e4\u00e4 haastattelemalla mets\u00e4- ja luontoammattilaisia mets\u00e4ss\u00e4.<\/p>\n<p>Toteuttajina: UEF mets\u00e4tieteet<\/p>\n\t\t\t\t<\/div>\n\t\t\t<\/div>\n\t\t\t\t\t<div class=\"accordion accordion-js\">\n\t\t\t\t<button class=\"accordion__button\" aria-controls=\"content-3685\" aria-expanded=\"false\" id=\"accordion-control-3685\">\n\t\t\t\t\t<h3 class=\"accordion__heading\" >\n\t\t\t\t\t\tTy\u00f6paketti 4. K\u00e4yt\u00e4nn\u00f6n toimijoiden n\u00e4kemykset kest\u00e4vyyssiirtym\u00e4n edellytt\u00e4mist\u00e4 mets\u00e4alan osaamistarpeista\t\t\t\t\t<\/h3>\n\t\t\t\t<\/button>\n\t\t\t\t<div class=\"accordion__content\" role=\"region\" aria-labelledby=\"accordion-control-3685\" aria-hidden=\"true\" id=\"content-3685\">\n\t\t\t\t\t<p>Vahvan kest\u00e4vyyden mets\u00e4palveluiden luominen edellytt\u00e4\u00e4 mets\u00e4- ja luontoammattilaisten osaamisen ja koulutuksen kehitt\u00e4mist\u00e4. Ty\u00f6paketissa 4 tutkitaan kuinka koulutusta, asiantuntijuutta ja oppilaitosten yhteisty\u00f6t\u00e4 tulisi kehitt\u00e4\u00e4, jotta luotaisiin edellytykset vahvan kest\u00e4vyyden mets\u00e4palveluiden tuottamiseksi. T\u00e4t\u00e4 selvitet\u00e4\u00e4n verkkokyselyn avulla.<\/p>\n<p>Toteuttajina: H\u00e4meen AMK, Lapin AMK ja UEF mets\u00e4tieteet<\/p>\n\t\t\t\t<\/div>\n\t\t\t<\/div>\n\t\t\t\t\t<div class=\"accordion accordion-js\">\n\t\t\t\t<button class=\"accordion__button\" aria-controls=\"content-9988\" aria-expanded=\"false\" id=\"accordion-control-9988\">\n\t\t\t\t\t<h3 class=\"accordion__heading\" >\n\t\t\t\t\t\tTy\u00f6paketti 5. Mets\u00e4alan koulutuksen ja koulutussis\u00e4lt\u00f6jen kehitt\u00e4minen\t\t\t\t\t<\/h3>\n\t\t\t\t<\/button>\n\t\t\t\t<div class=\"accordion__content\" role=\"region\" aria-labelledby=\"accordion-control-9988\" aria-hidden=\"true\" id=\"content-9988\">\n\t\t\t\t\t<p>Ty\u00f6paketissa 5 laaditaan edellisten ty\u00f6pakettien pohjalta vahvan kest\u00e4vyyden ajatusmalliin ja mets\u00e4alan kest\u00e4vyyssiirtym\u00e4\u00e4n liittyvi\u00e4 opetussis\u00e4lt\u00f6j\u00e4 ja kehitet\u00e4\u00e4n eri oppilaitosten, oppiaineiden ja koulutusasteiden v\u00e4lille tarvittavaa yhteisty\u00f6t\u00e4. Ty\u00f6paketissa voidaan luoda sis\u00e4lt\u00f6j\u00e4 sek\u00e4 nykyisten kurssien sis\u00e4lle ett\u00e4 kehitt\u00e4\u00e4 t\u00e4ysin uusia kursseja tai jopa koulutuslinjoja.<\/p>\n<p>Toteuttajaina: H\u00e4meen AMK, Lapin AMK ja UEF mets\u00e4tieteet<\/p>\n\t\t\t\t<\/div>\n\t\t\t<\/div>\n\t\t\t\t\t<div class=\"accordion accordion-js\">\n\t\t\t\t<button class=\"accordion__button\" aria-controls=\"content-2403\" aria-expanded=\"false\" id=\"accordion-control-2403\">\n\t\t\t\t\t<h3 class=\"accordion__heading\" >\n\t\t\t\t\t\tTy\u00f6paketti 6. Vahvan kest\u00e4vyyden liiketoimintamallin ja mets\u00e4palvelutuotteiden k\u00e4yt\u00e4nt\u00f6\u00f6n vienti\t\t\t\t\t<\/h3>\n\t\t\t\t<\/button>\n\t\t\t\t<div class=\"accordion__content\" role=\"region\" aria-labelledby=\"accordion-control-2403\" aria-hidden=\"true\" id=\"content-2403\">\n\t\t\t\t\t<p>Ty\u00f6paketissa 6 selvitet\u00e4\u00e4n vahvan kest\u00e4vyyden mets\u00e4palvelutuotteen toimivuutta aidossa mets\u00e4palveluymp\u00e4rist\u00f6ss\u00e4. Tuotteen yksityiskohdat m\u00e4\u00e4rittyv\u00e4t tarkemmin edellisiss\u00e4 ty\u00f6paketeissa, mutta kyse on metsien k\u00e4yt\u00f6n suunnittelusta tilatasolla. Ty\u00f6paketissa yhteisty\u00f6kumppaniyrityksiss\u00e4 ty\u00f6skentelev\u00e4t mets\u00e4suunnittelijat toteuttavat vahvan kest\u00e4vyyden mets\u00e4suunnittelua mets\u00e4nomistajien kanssa.<\/p>\n<p>Toteuttajina: Yhteisty\u00f6kumppaniyritykset eri puolilta Suomea ja UEF kauppa- ja mets\u00e4tieteet<\/p>\n\t\t\t\t<\/div>\n\t\t\t<\/div>\n\t\t\t<\/div>\n\t","protected":false},"excerpt":{"rendered":"","protected":false},"author":1220,"featured_media":0,"parent":0,"menu_order":0,"comment_status":"closed","ping_status":"closed","template":"","meta":{"_acf_changed":false,"footnotes":""},"class_list":["post-420","page","type-page","status-publish","hentry"],"acf":[],"yoast_head":"<!-- This site is optimized with the Yoast SEO plugin v27.1.1 - https:\/\/yoast.com\/product\/yoast-seo-wordpress\/ -->\n<title>Ty\u00f6paketit - Vahvan kest\u00e4vyyden mets\u00e4palvelut<\/title>\n<meta name=\"robots\" content=\"index, follow, max-snippet:-1, max-image-preview:large, max-video-preview:-1\" \/>\n<link rel=\"canonical\" href=\"https:\/\/sites.uef.fi\/vahvan-kestavyyden-metsapalvelut\/tyopaketit\/\" \/>\n<meta property=\"og:locale\" content=\"fi_FI\" \/>\n<meta property=\"og:type\" content=\"article\" \/>\n<meta property=\"og:title\" content=\"Ty\u00f6paketit - Vahvan kest\u00e4vyyden mets\u00e4palvelut\" \/>\n<meta property=\"og:url\" content=\"https:\/\/sites.uef.fi\/vahvan-kestavyyden-metsapalvelut\/tyopaketit\/\" \/>\n<meta property=\"og:site_name\" content=\"Vahvan kest\u00e4vyyden mets\u00e4palvelut\" \/>\n<meta property=\"article:modified_time\" content=\"2025-01-09T10:05:55+00:00\" \/>\n<meta name=\"twitter:card\" content=\"summary_large_image\" \/>\n<script type=\"application\/ld+json\" class=\"yoast-schema-graph\">{\"@context\":\"https:\/\/schema.org\",\"@graph\":[{\"@type\":\"WebPage\",\"@id\":\"https:\/\/sites.uef.fi\/vahvan-kestavyyden-metsapalvelut\/tyopaketit\/\",\"url\":\"https:\/\/sites.uef.fi\/vahvan-kestavyyden-metsapalvelut\/tyopaketit\/\",\"name\":\"Ty\u00f6paketit - Vahvan kest\u00e4vyyden mets\u00e4palvelut\",\"isPartOf\":{\"@id\":\"https:\/\/sites.uef.fi\/vahvan-kestavyyden-metsapalvelut\/#website\"},\"datePublished\":\"2025-01-09T10:05:54+00:00\",\"dateModified\":\"2025-01-09T10:05:55+00:00\",\"breadcrumb\":{\"@id\":\"https:\/\/sites.uef.fi\/vahvan-kestavyyden-metsapalvelut\/tyopaketit\/#breadcrumb\"},\"inLanguage\":\"fi\",\"potentialAction\":[{\"@type\":\"ReadAction\",\"target\":[\"https:\/\/sites.uef.fi\/vahvan-kestavyyden-metsapalvelut\/tyopaketit\/\"]}]},{\"@type\":\"BreadcrumbList\",\"@id\":\"https:\/\/sites.uef.fi\/vahvan-kestavyyden-metsapalvelut\/tyopaketit\/#breadcrumb\",\"itemListElement\":[{\"@type\":\"ListItem\",\"position\":1,\"name\":\"Home\",\"item\":\"https:\/\/sites.uef.fi\/vahvan-kestavyyden-metsapalvelut\/\"},{\"@type\":\"ListItem\",\"position\":2,\"name\":\"Ty\u00f6paketit\"}]},{\"@type\":\"WebSite\",\"@id\":\"https:\/\/sites.uef.fi\/vahvan-kestavyyden-metsapalvelut\/#website\",\"url\":\"https:\/\/sites.uef.fi\/vahvan-kestavyyden-metsapalvelut\/\",\"name\":\"Vahvan kest\u00e4vyyden mets\u00e4palvelut\",\"description\":\"\",\"potentialAction\":[{\"@type\":\"SearchAction\",\"target\":{\"@type\":\"EntryPoint\",\"urlTemplate\":\"https:\/\/sites.uef.fi\/vahvan-kestavyyden-metsapalvelut\/?s={search_term_string}\"},\"query-input\":{\"@type\":\"PropertyValueSpecification\",\"valueRequired\":true,\"valueName\":\"search_term_string\"}}],\"inLanguage\":\"fi\"}]}<\/script>\n<!-- \/ Yoast SEO plugin. -->","yoast_head_json":{"title":"Ty\u00f6paketit - Vahvan kest\u00e4vyyden mets\u00e4palvelut","robots":{"index":"index","follow":"follow","max-snippet":"max-snippet:-1","max-image-preview":"max-image-preview:large","max-video-preview":"max-video-preview:-1"},"canonical":"https:\/\/sites.uef.fi\/vahvan-kestavyyden-metsapalvelut\/tyopaketit\/","og_locale":"fi_FI","og_type":"article","og_title":"Ty\u00f6paketit - Vahvan kest\u00e4vyyden mets\u00e4palvelut","og_url":"https:\/\/sites.uef.fi\/vahvan-kestavyyden-metsapalvelut\/tyopaketit\/","og_site_name":"Vahvan kest\u00e4vyyden mets\u00e4palvelut","article_modified_time":"2025-01-09T10:05:55+00:00","twitter_card":"summary_large_image","schema":{"@context":"https:\/\/schema.org","@graph":[{"@type":"WebPage","@id":"https:\/\/sites.uef.fi\/vahvan-kestavyyden-metsapalvelut\/tyopaketit\/","url":"https:\/\/sites.uef.fi\/vahvan-kestavyyden-metsapalvelut\/tyopaketit\/","name":"Ty\u00f6paketit - Vahvan kest\u00e4vyyden mets\u00e4palvelut","isPartOf":{"@id":"https:\/\/sites.uef.fi\/vahvan-kestavyyden-metsapalvelut\/#website"},"datePublished":"2025-01-09T10:05:54+00:00","dateModified":"2025-01-09T10:05:55+00:00","breadcrumb":{"@id":"https:\/\/sites.uef.fi\/vahvan-kestavyyden-metsapalvelut\/tyopaketit\/#breadcrumb"},"inLanguage":"fi","potentialAction":[{"@type":"ReadAction","target":["https:\/\/sites.uef.fi\/vahvan-kestavyyden-metsapalvelut\/tyopaketit\/"]}]},{"@type":"BreadcrumbList","@id":"https:\/\/sites.uef.fi\/vahvan-kestavyyden-metsapalvelut\/tyopaketit\/#breadcrumb","itemListElement":[{"@type":"ListItem","position":1,"name":"Home","item":"https:\/\/sites.uef.fi\/vahvan-kestavyyden-metsapalvelut\/"},{"@type":"ListItem","position":2,"name":"Ty\u00f6paketit"}]},{"@type":"WebSite","@id":"https:\/\/sites.uef.fi\/vahvan-kestavyyden-metsapalvelut\/#website","url":"https:\/\/sites.uef.fi\/vahvan-kestavyyden-metsapalvelut\/","name":"Vahvan kest\u00e4vyyden mets\u00e4palvelut","description":"","potentialAction":[{"@type":"SearchAction","target":{"@type":"EntryPoint","urlTemplate":"https:\/\/sites.uef.fi\/vahvan-kestavyyden-metsapalvelut\/?s={search_term_string}"},"query-input":{"@type":"PropertyValueSpecification","valueRequired":true,"valueName":"search_term_string"}}],"inLanguage":"fi"}]}},"_links":{"self":[{"href":"https:\/\/sites.uef.fi\/vahvan-kestavyyden-metsapalvelut\/wp-json\/wp\/v2\/pages\/420","targetHints":{"allow":["GET"]}}],"collection":[{"href":"https:\/\/sites.uef.fi\/vahvan-kestavyyden-metsapalvelut\/wp-json\/wp\/v2\/pages"}],"about":[{"href":"https:\/\/sites.uef.fi\/vahvan-kestavyyden-metsapalvelut\/wp-json\/wp\/v2\/types\/page"}],"author":[{"embeddable":true,"href":"https:\/\/sites.uef.fi\/vahvan-kestavyyden-metsapalvelut\/wp-json\/wp\/v2\/users\/1220"}],"replies":[{"embeddable":true,"href":"https:\/\/sites.uef.fi\/vahvan-kestavyyden-metsapalvelut\/wp-json\/wp\/v2\/comments?post=420"}],"version-history":[{"count":2,"href":"https:\/\/sites.uef.fi\/vahvan-kestavyyden-metsapalvelut\/wp-json\/wp\/v2\/pages\/420\/revisions"}],"predecessor-version":[{"id":424,"href":"https:\/\/sites.uef.fi\/vahvan-kestavyyden-metsapalvelut\/wp-json\/wp\/v2\/pages\/420\/revisions\/424"}],"wp:attachment":[{"href":"https:\/\/sites.uef.fi\/vahvan-kestavyyden-metsapalvelut\/wp-json\/wp\/v2\/media?parent=420"}],"curies":[{"name":"wp","href":"https:\/\/api.w.org\/{rel}","templated":true}]}}