{"id":445,"date":"2026-04-24T14:12:04","date_gmt":"2026-04-24T11:12:04","guid":{"rendered":"https:\/\/sites.uef.fi\/vahvan-kestavyyden-metsapalvelut\/?page_id=445"},"modified":"2026-04-24T14:12:06","modified_gmt":"2026-04-24T11:12:06","slug":"vahvan-kestavyyden-metsasuunnittelun-periaatteet-ja-ohjeistus","status":"publish","type":"page","link":"https:\/\/sites.uef.fi\/vahvan-kestavyyden-metsapalvelut\/vahvan-kestavyyden-metsasuunnittelun-periaatteet-ja-ohjeistus\/","title":{"rendered":"Vahvan kest\u00e4vyyden mets\u00e4suunnittelun periaatteet ja ohjeistus"},"content":{"rendered":"\n<figure class=\"wp-block-image size-large\"><img loading=\"lazy\" decoding=\"async\" width=\"1024\" height=\"538\" src=\"https:\/\/sites.uef.fi\/vahvan-kestavyyden-metsapalvelut\/wp-content\/uploads\/sites\/513\/2026\/04\/IMG_3346-scaled-e1776859114768-1024x538.jpg\" alt=\"\" class=\"wp-image-447\" srcset=\"https:\/\/sites.uef.fi\/vahvan-kestavyyden-metsapalvelut\/wp-content\/uploads\/sites\/513\/2026\/04\/IMG_3346-scaled-e1776859114768-1024x538.jpg 1024w, https:\/\/sites.uef.fi\/vahvan-kestavyyden-metsapalvelut\/wp-content\/uploads\/sites\/513\/2026\/04\/IMG_3346-scaled-e1776859114768-300x158.jpg 300w, https:\/\/sites.uef.fi\/vahvan-kestavyyden-metsapalvelut\/wp-content\/uploads\/sites\/513\/2026\/04\/IMG_3346-scaled-e1776859114768-768x403.jpg 768w, https:\/\/sites.uef.fi\/vahvan-kestavyyden-metsapalvelut\/wp-content\/uploads\/sites\/513\/2026\/04\/IMG_3346-scaled-e1776859114768-1536x806.jpg 1536w, https:\/\/sites.uef.fi\/vahvan-kestavyyden-metsapalvelut\/wp-content\/uploads\/sites\/513\/2026\/04\/IMG_3346-scaled-e1776859114768-2048x1075.jpg 2048w\" sizes=\"auto, (max-width: 1024px) 100vw, 1024px\" \/><\/figure>\n\n\n\n<p>Kuva: Mirkka Rovamo<\/p>\n\n\n\n<p>Hankkeessa on testattu vahvan kest\u00e4vyyden mukaista mets\u00e4suunnittelua k\u00e4yt\u00e4nn\u00f6ss\u00e4. Suunnitteluprosessia on kehitetty edelleen kokeiluista saatujen kokemusten sek\u00e4 palautteiden perusteella. Kehitysty\u00f6 on edelleen k\u00e4ynniss\u00e4, mutta kehitt\u00e4misversiot Vake-suunnittelun periaatteista ja ohjeistuksesta ovat aiheesta kiinnostuneiden vapaasti k\u00e4ytett\u00e4viss\u00e4.<\/p>\n\n\n\n<p>Suunnittelun l\u00e4ht\u00f6kohdissa kuvataan Vake-suunnittelun arvol\u00e4ht\u00f6kohdat ja periaatteet, jotka suunnittelua k\u00e4ytt\u00e4v\u00e4n on hyv\u00e4 tuntea. Suunnitteluohjeessa k\u00e4yd\u00e4\u00e4n l\u00e4pi suunnittelun vaiheet k\u00e4yt\u00e4nn\u00f6ss\u00e4. Koodien selityksiss\u00e4 kuvataan tarkemmin Vake-suunnittelun toimenpidekoodit.<\/p>\n\n\n\n<div class=\"links-block\">\n\n    \n    <ul class=\"link-list\">\n            <\/ul>\n<\/div>\n\n\n<div class=\"links-block\">\n\n            <h3>Suunnittelun l\u00e4ht\u00f6kohdat<\/h3>\n    \n    <ul class=\"link-list\">\n        \n            \n            <li class=\"link-list-item\">\n                <a href=\"https:\/\/sites.uef.fi\/vahvan-kestavyyden-metsapalvelut\/wp-content\/uploads\/sites\/513\/2026\/04\/Suunnittelun_periaatteet_VaKe.docx\" class=\"link-reset link hover-scale-down\">\n                    <svg\n        width=\"43\" height=\"25\"\n        viewBox=\"0 0 43 25\"\n        xmlns=\"http:\/\/www.w3.org\/2000\/svg\">\n    <path\n        d=\"M30.027 0 43 12.5 30.027 25 27 22.083 34.351 15H0v-5h34.351L27 2.917z\"\n        fill=\"currentColor\"\n        fill-rule=\"evenodd\"\/>\n<\/svg>                    <div>Suunnittelun periaatteet<\/div>\n                <\/a>\n                <div class=\"link-info\">\n                                    <\/div>\n            <\/li>\n\n                <\/ul>\n<\/div>\n\n\n<div class=\"links-block\">\n\n            <h3>Suunnitteluohje<\/h3>\n    \n    <ul class=\"link-list\">\n        \n            \n            <li class=\"link-list-item\">\n                <a href=\"https:\/\/sites.uef.fi\/vahvan-kestavyyden-metsapalvelut\/wp-content\/uploads\/sites\/513\/2026\/04\/Suunnitteluohje_VaKe-1.docx\" class=\"link-reset link hover-scale-down\">\n                    <svg\n        width=\"43\" height=\"25\"\n        viewBox=\"0 0 43 25\"\n        xmlns=\"http:\/\/www.w3.org\/2000\/svg\">\n    <path\n        d=\"M30.027 0 43 12.5 30.027 25 27 22.083 34.351 15H0v-5h34.351L27 2.917z\"\n        fill=\"currentColor\"\n        fill-rule=\"evenodd\"\/>\n<\/svg>                    <div>Suunnitteluohje<\/div>\n                <\/a>\n                <div class=\"link-info\">\n                                    <\/div>\n            <\/li>\n\n                <\/ul>\n<\/div>\n\n\n<div class=\"links-block\">\n\n            <h3>Koodien selitykset<\/h3>\n    \n    <ul class=\"link-list\">\n        \n            \n            <li class=\"link-list-item\">\n                <a href=\"https:\/\/sites.uef.fi\/vahvan-kestavyyden-metsapalvelut\/wp-content\/uploads\/sites\/513\/2026\/04\/Koodien_selitykset_VaKe.docx\" class=\"link-reset link hover-scale-down\">\n                    <svg\n        width=\"43\" height=\"25\"\n        viewBox=\"0 0 43 25\"\n        xmlns=\"http:\/\/www.w3.org\/2000\/svg\">\n    <path\n        d=\"M30.027 0 43 12.5 30.027 25 27 22.083 34.351 15H0v-5h34.351L27 2.917z\"\n        fill=\"currentColor\"\n        fill-rule=\"evenodd\"\/>\n<\/svg>                    <div>Koodien selitykset<\/div>\n                <\/a>\n                <div class=\"link-info\">\n                                    <\/div>\n            <\/li>\n\n                <\/ul>\n<\/div>\n\n\n<p><\/p>\n","protected":false},"excerpt":{"rendered":"<p>Kuva: Mirkka Rovamo Hankkeessa on testattu vahvan kest\u00e4vyyden mukaista mets\u00e4suunnittelua k\u00e4yt\u00e4nn\u00f6ss\u00e4. Suunnitteluprosessia on kehitetty edelleen kokeiluista saatujen kokemusten sek\u00e4 palautteiden perusteella. Kehitysty\u00f6 on edelleen k\u00e4ynniss\u00e4, mutta kehitt\u00e4misversiot Vake-suunnittelun periaatteista ja ohjeistuksesta ovat aiheesta kiinnostuneiden vapaasti k\u00e4ytett\u00e4viss\u00e4. Suunnittelun l\u00e4ht\u00f6kohdissa kuvataan Vake-suunnittelun arvol\u00e4ht\u00f6kohdat ja periaatteet, jotka suunnittelua k\u00e4ytt\u00e4v\u00e4n on hyv\u00e4 tuntea. Suunnitteluohjeessa k\u00e4yd\u00e4\u00e4n l\u00e4pi suunnittelun vaiheet k\u00e4yt\u00e4nn\u00f6ss\u00e4. [&hellip;]<\/p>\n","protected":false},"author":1219,"featured_media":0,"parent":0,"menu_order":0,"comment_status":"closed","ping_status":"closed","template":"","meta":{"_acf_changed":false,"footnotes":""},"class_list":["post-445","page","type-page","status-publish","hentry"],"acf":[],"yoast_head":"<!-- This site is optimized with the Yoast SEO plugin v27.3 - https:\/\/yoast.com\/product\/yoast-seo-wordpress\/ -->\n<title>Vahvan kest\u00e4vyyden mets\u00e4suunnittelun periaatteet ja ohjeistus - Vahvan kest\u00e4vyyden mets\u00e4palvelut<\/title>\n<meta name=\"robots\" content=\"index, follow, max-snippet:-1, max-image-preview:large, max-video-preview:-1\" \/>\n<link rel=\"canonical\" href=\"https:\/\/sites.uef.fi\/vahvan-kestavyyden-metsapalvelut\/vahvan-kestavyyden-metsasuunnittelun-periaatteet-ja-ohjeistus\/\" \/>\n<meta property=\"og:locale\" content=\"fi_FI\" \/>\n<meta property=\"og:type\" content=\"article\" \/>\n<meta property=\"og:title\" content=\"Vahvan kest\u00e4vyyden mets\u00e4suunnittelun periaatteet ja ohjeistus - Vahvan kest\u00e4vyyden mets\u00e4palvelut\" \/>\n<meta property=\"og:description\" content=\"Kuva: Mirkka Rovamo Hankkeessa on testattu vahvan kest\u00e4vyyden mukaista mets\u00e4suunnittelua k\u00e4yt\u00e4nn\u00f6ss\u00e4. Suunnitteluprosessia on kehitetty edelleen kokeiluista saatujen kokemusten sek\u00e4 palautteiden perusteella. Kehitysty\u00f6 on edelleen k\u00e4ynniss\u00e4, mutta kehitt\u00e4misversiot Vake-suunnittelun periaatteista ja ohjeistuksesta ovat aiheesta kiinnostuneiden vapaasti k\u00e4ytett\u00e4viss\u00e4. Suunnittelun l\u00e4ht\u00f6kohdissa kuvataan Vake-suunnittelun arvol\u00e4ht\u00f6kohdat ja periaatteet, jotka suunnittelua k\u00e4ytt\u00e4v\u00e4n on hyv\u00e4 tuntea. Suunnitteluohjeessa k\u00e4yd\u00e4\u00e4n l\u00e4pi suunnittelun vaiheet k\u00e4yt\u00e4nn\u00f6ss\u00e4. [&hellip;]\" \/>\n<meta property=\"og:url\" content=\"https:\/\/sites.uef.fi\/vahvan-kestavyyden-metsapalvelut\/vahvan-kestavyyden-metsasuunnittelun-periaatteet-ja-ohjeistus\/\" \/>\n<meta property=\"og:site_name\" content=\"Vahvan kest\u00e4vyyden mets\u00e4palvelut\" \/>\n<meta property=\"article:modified_time\" content=\"2026-04-24T11:12:06+00:00\" \/>\n<meta property=\"og:image\" content=\"https:\/\/sites.uef.fi\/vahvan-kestavyyden-metsapalvelut\/wp-content\/uploads\/sites\/513\/2026\/04\/IMG_3346-scaled-e1776859114768.jpg\" \/>\n\t<meta property=\"og:image:width\" content=\"2560\" \/>\n\t<meta property=\"og:image:height\" content=\"1344\" \/>\n\t<meta property=\"og:image:type\" content=\"image\/jpeg\" \/>\n<meta name=\"twitter:card\" content=\"summary_large_image\" \/>\n<meta name=\"twitter:label1\" content=\"Arvioitu lukuaika\" \/>\n\t<meta name=\"twitter:data1\" content=\"1 minuutti\" \/>\n<script type=\"application\/ld+json\" class=\"yoast-schema-graph\">{\"@context\":\"https:\\\/\\\/schema.org\",\"@graph\":[{\"@type\":\"WebPage\",\"@id\":\"https:\\\/\\\/sites.uef.fi\\\/vahvan-kestavyyden-metsapalvelut\\\/vahvan-kestavyyden-metsasuunnittelun-periaatteet-ja-ohjeistus\\\/\",\"url\":\"https:\\\/\\\/sites.uef.fi\\\/vahvan-kestavyyden-metsapalvelut\\\/vahvan-kestavyyden-metsasuunnittelun-periaatteet-ja-ohjeistus\\\/\",\"name\":\"Vahvan kest\u00e4vyyden mets\u00e4suunnittelun periaatteet ja ohjeistus - Vahvan kest\u00e4vyyden mets\u00e4palvelut\",\"isPartOf\":{\"@id\":\"https:\\\/\\\/sites.uef.fi\\\/vahvan-kestavyyden-metsapalvelut\\\/#website\"},\"primaryImageOfPage\":{\"@id\":\"https:\\\/\\\/sites.uef.fi\\\/vahvan-kestavyyden-metsapalvelut\\\/vahvan-kestavyyden-metsasuunnittelun-periaatteet-ja-ohjeistus\\\/#primaryimage\"},\"image\":{\"@id\":\"https:\\\/\\\/sites.uef.fi\\\/vahvan-kestavyyden-metsapalvelut\\\/vahvan-kestavyyden-metsasuunnittelun-periaatteet-ja-ohjeistus\\\/#primaryimage\"},\"thumbnailUrl\":\"https:\\\/\\\/sites.uef.fi\\\/vahvan-kestavyyden-metsapalvelut\\\/wp-content\\\/uploads\\\/sites\\\/513\\\/2026\\\/04\\\/IMG_3346-scaled-e1776859114768-1024x538.jpg\",\"datePublished\":\"2026-04-24T11:12:04+00:00\",\"dateModified\":\"2026-04-24T11:12:06+00:00\",\"breadcrumb\":{\"@id\":\"https:\\\/\\\/sites.uef.fi\\\/vahvan-kestavyyden-metsapalvelut\\\/vahvan-kestavyyden-metsasuunnittelun-periaatteet-ja-ohjeistus\\\/#breadcrumb\"},\"inLanguage\":\"fi\",\"potentialAction\":[{\"@type\":\"ReadAction\",\"target\":[\"https:\\\/\\\/sites.uef.fi\\\/vahvan-kestavyyden-metsapalvelut\\\/vahvan-kestavyyden-metsasuunnittelun-periaatteet-ja-ohjeistus\\\/\"]}]},{\"@type\":\"ImageObject\",\"inLanguage\":\"fi\",\"@id\":\"https:\\\/\\\/sites.uef.fi\\\/vahvan-kestavyyden-metsapalvelut\\\/vahvan-kestavyyden-metsasuunnittelun-periaatteet-ja-ohjeistus\\\/#primaryimage\",\"url\":\"https:\\\/\\\/sites.uef.fi\\\/vahvan-kestavyyden-metsapalvelut\\\/wp-content\\\/uploads\\\/sites\\\/513\\\/2026\\\/04\\\/IMG_3346-scaled-e1776859114768.jpg\",\"contentUrl\":\"https:\\\/\\\/sites.uef.fi\\\/vahvan-kestavyyden-metsapalvelut\\\/wp-content\\\/uploads\\\/sites\\\/513\\\/2026\\\/04\\\/IMG_3346-scaled-e1776859114768.jpg\",\"width\":2560,\"height\":1344,\"caption\":\"Kuvassa on kuusimets\u00e4\u00e4. Etualalla olevien runkojen oksilla kasvaa naavaa. Kuvassa n\u00e4kyy paljon kaatuneita puita ja niiden runkoja ja kantoja. Taustalla on sakeampaa pystyss\u00e4 olevaa metsikk\u00f6\u00e4. Puiden rungot ovat tummia ja mets\u00e4n pohja kauttaaltaan sammalen peitossa.\"},{\"@type\":\"BreadcrumbList\",\"@id\":\"https:\\\/\\\/sites.uef.fi\\\/vahvan-kestavyyden-metsapalvelut\\\/vahvan-kestavyyden-metsasuunnittelun-periaatteet-ja-ohjeistus\\\/#breadcrumb\",\"itemListElement\":[{\"@type\":\"ListItem\",\"position\":1,\"name\":\"Home\",\"item\":\"https:\\\/\\\/sites.uef.fi\\\/vahvan-kestavyyden-metsapalvelut\\\/\"},{\"@type\":\"ListItem\",\"position\":2,\"name\":\"Vahvan kest\u00e4vyyden mets\u00e4suunnittelun periaatteet ja ohjeistus\"}]},{\"@type\":\"WebSite\",\"@id\":\"https:\\\/\\\/sites.uef.fi\\\/vahvan-kestavyyden-metsapalvelut\\\/#website\",\"url\":\"https:\\\/\\\/sites.uef.fi\\\/vahvan-kestavyyden-metsapalvelut\\\/\",\"name\":\"Vahvan kest\u00e4vyyden mets\u00e4palvelut\",\"description\":\"\",\"potentialAction\":[{\"@type\":\"SearchAction\",\"target\":{\"@type\":\"EntryPoint\",\"urlTemplate\":\"https:\\\/\\\/sites.uef.fi\\\/vahvan-kestavyyden-metsapalvelut\\\/?s={search_term_string}\"},\"query-input\":{\"@type\":\"PropertyValueSpecification\",\"valueRequired\":true,\"valueName\":\"search_term_string\"}}],\"inLanguage\":\"fi\"}]}<\/script>\n<!-- \/ Yoast SEO plugin. -->","yoast_head_json":{"title":"Vahvan kest\u00e4vyyden mets\u00e4suunnittelun periaatteet ja ohjeistus - Vahvan kest\u00e4vyyden mets\u00e4palvelut","robots":{"index":"index","follow":"follow","max-snippet":"max-snippet:-1","max-image-preview":"max-image-preview:large","max-video-preview":"max-video-preview:-1"},"canonical":"https:\/\/sites.uef.fi\/vahvan-kestavyyden-metsapalvelut\/vahvan-kestavyyden-metsasuunnittelun-periaatteet-ja-ohjeistus\/","og_locale":"fi_FI","og_type":"article","og_title":"Vahvan kest\u00e4vyyden mets\u00e4suunnittelun periaatteet ja ohjeistus - Vahvan kest\u00e4vyyden mets\u00e4palvelut","og_description":"Kuva: Mirkka Rovamo Hankkeessa on testattu vahvan kest\u00e4vyyden mukaista mets\u00e4suunnittelua k\u00e4yt\u00e4nn\u00f6ss\u00e4. Suunnitteluprosessia on kehitetty edelleen kokeiluista saatujen kokemusten sek\u00e4 palautteiden perusteella. Kehitysty\u00f6 on edelleen k\u00e4ynniss\u00e4, mutta kehitt\u00e4misversiot Vake-suunnittelun periaatteista ja ohjeistuksesta ovat aiheesta kiinnostuneiden vapaasti k\u00e4ytett\u00e4viss\u00e4. Suunnittelun l\u00e4ht\u00f6kohdissa kuvataan Vake-suunnittelun arvol\u00e4ht\u00f6kohdat ja periaatteet, jotka suunnittelua k\u00e4ytt\u00e4v\u00e4n on hyv\u00e4 tuntea. Suunnitteluohjeessa k\u00e4yd\u00e4\u00e4n l\u00e4pi suunnittelun vaiheet k\u00e4yt\u00e4nn\u00f6ss\u00e4. [&hellip;]","og_url":"https:\/\/sites.uef.fi\/vahvan-kestavyyden-metsapalvelut\/vahvan-kestavyyden-metsasuunnittelun-periaatteet-ja-ohjeistus\/","og_site_name":"Vahvan kest\u00e4vyyden mets\u00e4palvelut","article_modified_time":"2026-04-24T11:12:06+00:00","og_image":[{"width":2560,"height":1344,"url":"https:\/\/sites.uef.fi\/vahvan-kestavyyden-metsapalvelut\/wp-content\/uploads\/sites\/513\/2026\/04\/IMG_3346-scaled-e1776859114768.jpg","type":"image\/jpeg"}],"twitter_card":"summary_large_image","twitter_misc":{"Arvioitu lukuaika":"1 minuutti"},"schema":{"@context":"https:\/\/schema.org","@graph":[{"@type":"WebPage","@id":"https:\/\/sites.uef.fi\/vahvan-kestavyyden-metsapalvelut\/vahvan-kestavyyden-metsasuunnittelun-periaatteet-ja-ohjeistus\/","url":"https:\/\/sites.uef.fi\/vahvan-kestavyyden-metsapalvelut\/vahvan-kestavyyden-metsasuunnittelun-periaatteet-ja-ohjeistus\/","name":"Vahvan kest\u00e4vyyden mets\u00e4suunnittelun periaatteet ja ohjeistus - Vahvan kest\u00e4vyyden mets\u00e4palvelut","isPartOf":{"@id":"https:\/\/sites.uef.fi\/vahvan-kestavyyden-metsapalvelut\/#website"},"primaryImageOfPage":{"@id":"https:\/\/sites.uef.fi\/vahvan-kestavyyden-metsapalvelut\/vahvan-kestavyyden-metsasuunnittelun-periaatteet-ja-ohjeistus\/#primaryimage"},"image":{"@id":"https:\/\/sites.uef.fi\/vahvan-kestavyyden-metsapalvelut\/vahvan-kestavyyden-metsasuunnittelun-periaatteet-ja-ohjeistus\/#primaryimage"},"thumbnailUrl":"https:\/\/sites.uef.fi\/vahvan-kestavyyden-metsapalvelut\/wp-content\/uploads\/sites\/513\/2026\/04\/IMG_3346-scaled-e1776859114768-1024x538.jpg","datePublished":"2026-04-24T11:12:04+00:00","dateModified":"2026-04-24T11:12:06+00:00","breadcrumb":{"@id":"https:\/\/sites.uef.fi\/vahvan-kestavyyden-metsapalvelut\/vahvan-kestavyyden-metsasuunnittelun-periaatteet-ja-ohjeistus\/#breadcrumb"},"inLanguage":"fi","potentialAction":[{"@type":"ReadAction","target":["https:\/\/sites.uef.fi\/vahvan-kestavyyden-metsapalvelut\/vahvan-kestavyyden-metsasuunnittelun-periaatteet-ja-ohjeistus\/"]}]},{"@type":"ImageObject","inLanguage":"fi","@id":"https:\/\/sites.uef.fi\/vahvan-kestavyyden-metsapalvelut\/vahvan-kestavyyden-metsasuunnittelun-periaatteet-ja-ohjeistus\/#primaryimage","url":"https:\/\/sites.uef.fi\/vahvan-kestavyyden-metsapalvelut\/wp-content\/uploads\/sites\/513\/2026\/04\/IMG_3346-scaled-e1776859114768.jpg","contentUrl":"https:\/\/sites.uef.fi\/vahvan-kestavyyden-metsapalvelut\/wp-content\/uploads\/sites\/513\/2026\/04\/IMG_3346-scaled-e1776859114768.jpg","width":2560,"height":1344,"caption":"Kuvassa on kuusimets\u00e4\u00e4. Etualalla olevien runkojen oksilla kasvaa naavaa. Kuvassa n\u00e4kyy paljon kaatuneita puita ja niiden runkoja ja kantoja. Taustalla on sakeampaa pystyss\u00e4 olevaa metsikk\u00f6\u00e4. Puiden rungot ovat tummia ja mets\u00e4n pohja kauttaaltaan sammalen peitossa."},{"@type":"BreadcrumbList","@id":"https:\/\/sites.uef.fi\/vahvan-kestavyyden-metsapalvelut\/vahvan-kestavyyden-metsasuunnittelun-periaatteet-ja-ohjeistus\/#breadcrumb","itemListElement":[{"@type":"ListItem","position":1,"name":"Home","item":"https:\/\/sites.uef.fi\/vahvan-kestavyyden-metsapalvelut\/"},{"@type":"ListItem","position":2,"name":"Vahvan kest\u00e4vyyden mets\u00e4suunnittelun periaatteet ja ohjeistus"}]},{"@type":"WebSite","@id":"https:\/\/sites.uef.fi\/vahvan-kestavyyden-metsapalvelut\/#website","url":"https:\/\/sites.uef.fi\/vahvan-kestavyyden-metsapalvelut\/","name":"Vahvan kest\u00e4vyyden mets\u00e4palvelut","description":"","potentialAction":[{"@type":"SearchAction","target":{"@type":"EntryPoint","urlTemplate":"https:\/\/sites.uef.fi\/vahvan-kestavyyden-metsapalvelut\/?s={search_term_string}"},"query-input":{"@type":"PropertyValueSpecification","valueRequired":true,"valueName":"search_term_string"}}],"inLanguage":"fi"}]}},"_links":{"self":[{"href":"https:\/\/sites.uef.fi\/vahvan-kestavyyden-metsapalvelut\/wp-json\/wp\/v2\/pages\/445","targetHints":{"allow":["GET"]}}],"collection":[{"href":"https:\/\/sites.uef.fi\/vahvan-kestavyyden-metsapalvelut\/wp-json\/wp\/v2\/pages"}],"about":[{"href":"https:\/\/sites.uef.fi\/vahvan-kestavyyden-metsapalvelut\/wp-json\/wp\/v2\/types\/page"}],"author":[{"embeddable":true,"href":"https:\/\/sites.uef.fi\/vahvan-kestavyyden-metsapalvelut\/wp-json\/wp\/v2\/users\/1219"}],"replies":[{"embeddable":true,"href":"https:\/\/sites.uef.fi\/vahvan-kestavyyden-metsapalvelut\/wp-json\/wp\/v2\/comments?post=445"}],"version-history":[{"count":2,"href":"https:\/\/sites.uef.fi\/vahvan-kestavyyden-metsapalvelut\/wp-json\/wp\/v2\/pages\/445\/revisions"}],"predecessor-version":[{"id":467,"href":"https:\/\/sites.uef.fi\/vahvan-kestavyyden-metsapalvelut\/wp-json\/wp\/v2\/pages\/445\/revisions\/467"}],"wp:attachment":[{"href":"https:\/\/sites.uef.fi\/vahvan-kestavyyden-metsapalvelut\/wp-json\/wp\/v2\/media?parent=445"}],"curies":[{"name":"wp","href":"https:\/\/api.w.org\/{rel}","templated":true}]}}