{"id":10116,"date":"2024-05-27T17:29:43","date_gmt":"2024-05-27T15:29:43","guid":{"rendered":"https:\/\/sites.uef.fi\/vaikuttavuuden-talo\/?page_id=10116"},"modified":"2024-05-27T17:29:44","modified_gmt":"2024-05-27T15:29:44","slug":"ilmoittautuminen-2024","status":"publish","type":"page","link":"https:\/\/sites.uef.fi\/vaikuttavuuden-talo\/ilmoittautuminen-2024\/","title":{"rendered":"Ilmoittautuminen 2024"},"content":{"rendered":"\n<p>Ilmoittaudu p\u00e4iville <a href=\"https:\/\/www.lyyti.in\/VTpaivat2024\/fi\">t\u00e4ll\u00e4 ilmoittautumislomakkeella<\/a> <\/p>\n\n\n\n<p>UEF henkil\u00f6kunta ilmoittautuu:<\/p>\n\n\n\n<ul class=\"wp-block-list\">\n<li>Kahdeksi p\u00e4iv\u00e4ksi <a href=\"https:\/\/www.lyyti.in\/VTpaivat2024_UEF_staff_2days\/fi\">t\u00e4ll\u00e4 ilmoittautumislomakkeella<\/a><\/li>\n\n\n\n<li>Yhdeksi p\u00e4iv\u00e4ksi<a href=\"https:\/\/www.lyyti.in\/VTpaivat2024_UEF_staff_1day\/fi\"> t\u00e4ll\u00e4 ilmoittautumislomakkeella<\/a> <\/li>\n<\/ul>\n\n\n\n<p>Huomioithan, ett\u00e4 t\u00e4n\u00e4 vuonna p\u00e4iv\u00e4t j\u00e4rjestet\u00e4\u00e4n t\u00e4ysin l\u00e4hitapahtumana ilman et\u00e4osallistumismahdollisuutta.<\/p>\n\n\n\n<p><strong>Osallistumismaksut<\/strong><\/p>\n\n\n<figure class=\"wp-block-table is-style-stripes\">\n<table>\n<tbody>\n<tr>\n<td><strong>Hinnasto<\/strong><\/td>\n<td><strong>Hinta<\/strong><\/td>\n<td><strong>Veroton<\/strong><\/td>\n<\/tr>\n<tr>\n<td>Osallistuminen tiistaina ja keskiviikkona 8.-9.10.2024<\/td>\n<td>140,00<\/td>\n<td>140,00<\/td>\n<\/tr>\n<tr>\n<td>Osallistuminen konferenssiin vain tiistaina 8.10.2024<\/td>\n<td>100,00<\/td>\n<td>100,00<\/td>\n<\/tr>\n<tr>\n<td>Osallistuminen konferenssiin vain keskiviikkona 9.10.2024<\/td>\n<td>100,00<\/td>\n<td>100,00<\/td>\n<\/tr>\n<tr>\n<td>Perusopiskelijan osallistuminen konferenssiin tiistaina ja keskiviikkona 8.-9.10.2024*<\/td>\n<td>55,00<\/td>\n<td>55,00<\/td>\n<\/tr>\n<tr>\n<td>Perusopiskelijan osallistuminen konferenssiin vain tiistaina 8.10.2024*<\/td>\n<td>35,00<\/td>\n<td>35,00<\/td>\n<\/tr>\n<tr>\n<td>Perusopiskelijan osallistuminen konferenssiin vain keskiviikkona 9.10.2024*<\/td>\n<td>35,00<\/td>\n<td>35,00<\/td>\n<\/tr>\n<tr>\n<td>Illalliskortti<\/td>\n<td>47,00<\/td>\n<td>47,00<\/td>\n<\/tr>\n<\/tbody>\n<\/table>\n<\/figure>\n\n\n\n<p><\/p>\n\n\n\n<p>*Opiskelijahinta koskee perustutkinto-opiskelijoita.<\/p>\n\n\n\n<p>Certia Oy, Aboa Events (y-tunnus 2327422-3) laskuttaa tilaisuuden osallistumismaksut paikallisen j\u00e4rjest\u00e4j\u00e4n It\u00e4-Suomen yliopiston puolesta (y-tunnus 2285733-9). Osallistumismaksut ovat arvonlis\u00e4verottomia.<\/p>\n\n\n\n<p><strong>Maksutavat<\/strong><\/p>\n\n\n\n<p><strong>1) Luottokorttimaksu<\/strong> (Visa, MasterCard).<br>Maksupalvelutarjoaja Paytrail Oyj*.<\/p>\n\n\n\n<p><strong>2) Verkkopankkimaksu.<\/strong><br>Maksupalvelutarjoaja Paytrail Oyj*.<\/p>\n\n\n\n<p><strong>3) PDF-lasku<\/strong> (maksu pankkisiirtona).&nbsp; Maksutapalis\u00e4 10 euroa.<br>PDF lasku l\u00e4hetet\u00e4\u00e4n ilmoittamaasi s\u00e4hk\u00f6postiosoitteeseen ilmoittautumisen vahvistamisen j\u00e4lkeen. Mik\u00e4li et itse maksa laskua, toimitathan sen edelleen oikealle taholle. Maksuehto: 14 pv netto.<\/p>\n\n\n\n<p><strong>4) Verkkolasku<\/strong> (suomalaiset organisaatiot). Maksutapalis\u00e4 10 euroa.<br>Verkkolasku l\u00e4hetet\u00e4\u00e4n annettuun verkkolaskuosoitteeseen. Maksuehto: 14 pv netto.<br><\/p>\n\n\n\n<p>Huom. Uuden tai korjatun laskun tuottamisesta perit\u00e4\u00e4n 10 euron veloitus. Jos lasku osoitetaan organisaatiollesi, varmista, ett\u00e4 annat laskutusosoitteen organisaatiosi ohjeiden mukaisesti.<br><\/p>\n\n\n\n<p>* Maksunv\u00e4lityspalvelun toteuttajana ja maksupalveluntarjoajana toimii Paytrail Oyj (2122839-7) yhteisty\u00f6ss\u00e4 suomalaisten pankkien ja luottolaitosten kanssa. Paytrail Oyj:ll\u00e4 on maksulaitoksen toimilupa. Paytrail Oyj n\u00e4kyy maksun saajana tiliotteella tai korttilaskulla ja v\u00e4litt\u00e4\u00e4 maksun tapahtuman j\u00e4rjest\u00e4j\u00e4lle.<\/p>\n\n\n\n<p><strong>Peruutusehdot<\/strong><\/p>\n\n\n\n<p>Mik\u00e4li peruutat osallistumisen viimeist\u00e4\u00e4n 22.9.2024, osallistumismaksu palautetaan kokonaisuudessaan. T\u00e4m\u00e4n j\u00e4lkeen maksua ei palauteta. Osallistumisen peruminen tulee tehd\u00e4 s\u00e4hk\u00f6postitse <a href=\"mailto:aboaevents@certia.fi\">aboaevents@certia.fi<\/a>.<\/p>\n\n\n\n<p>Jos sinulla on kysytt\u00e4v\u00e4\u00e4 ilmoittautumisesta tai maksuista, ota yhteytt\u00e4 Aboa Eventsiin <a href=\"mailto:aboaevents@certia.fi\">aboaevents@certia.fi<\/a>.<\/p>\n","protected":false},"excerpt":{"rendered":"<p>Ilmoittaudu p\u00e4iville t\u00e4ll\u00e4 ilmoittautumislomakkeella UEF henkil\u00f6kunta ilmoittautuu: Huomioithan, ett\u00e4 t\u00e4n\u00e4 vuonna p\u00e4iv\u00e4t j\u00e4rjestet\u00e4\u00e4n t\u00e4ysin l\u00e4hitapahtumana ilman et\u00e4osallistumismahdollisuutta. Osallistumismaksut *Opiskelijahinta koskee perustutkinto-opiskelijoita. Certia Oy, Aboa Events (y-tunnus 2327422-3) laskuttaa tilaisuuden osallistumismaksut paikallisen j\u00e4rjest\u00e4j\u00e4n It\u00e4-Suomen yliopiston puolesta (y-tunnus 2285733-9). Osallistumismaksut ovat arvonlis\u00e4verottomia. Maksutavat 1) Luottokorttimaksu (Visa, MasterCard).Maksupalvelutarjoaja Paytrail Oyj*. 2) Verkkopankkimaksu.Maksupalvelutarjoaja Paytrail Oyj*. 3) PDF-lasku (maksu pankkisiirtona).&nbsp; [&hellip;]<\/p>\n","protected":false},"author":44,"featured_media":0,"parent":0,"menu_order":0,"comment_status":"closed","ping_status":"closed","template":"","meta":{"_acf_changed":false,"_monsterinsights_skip_tracking":false,"_monsterinsights_sitenote_active":false,"_monsterinsights_sitenote_note":"","_monsterinsights_sitenote_category":0,"footnotes":""},"class_list":["post-10116","page","type-page","status-publish","hentry"],"acf":[],"yoast_head":"<!-- This site is optimized with the Yoast SEO plugin v27.3 - https:\/\/yoast.com\/product\/yoast-seo-wordpress\/ -->\n<title>Ilmoittautuminen 2024 - Vaikuttavuuden talo<\/title>\n<meta name=\"robots\" content=\"index, follow, max-snippet:-1, max-image-preview:large, max-video-preview:-1\" \/>\n<link rel=\"canonical\" href=\"https:\/\/sites.uef.fi\/vaikuttavuuden-talo\/ilmoittautuminen-2024\/\" \/>\n<meta property=\"og:locale\" content=\"fi_FI\" \/>\n<meta property=\"og:type\" content=\"article\" \/>\n<meta property=\"og:title\" content=\"Ilmoittautuminen 2024 - Vaikuttavuuden talo\" \/>\n<meta property=\"og:description\" content=\"Ilmoittaudu p\u00e4iville t\u00e4ll\u00e4 ilmoittautumislomakkeella UEF henkil\u00f6kunta ilmoittautuu: Huomioithan, ett\u00e4 t\u00e4n\u00e4 vuonna p\u00e4iv\u00e4t j\u00e4rjestet\u00e4\u00e4n t\u00e4ysin l\u00e4hitapahtumana ilman et\u00e4osallistumismahdollisuutta. Osallistumismaksut *Opiskelijahinta koskee perustutkinto-opiskelijoita. Certia Oy, Aboa Events (y-tunnus 2327422-3) laskuttaa tilaisuuden osallistumismaksut paikallisen j\u00e4rjest\u00e4j\u00e4n It\u00e4-Suomen yliopiston puolesta (y-tunnus 2285733-9). Osallistumismaksut ovat arvonlis\u00e4verottomia. Maksutavat 1) Luottokorttimaksu (Visa, MasterCard).Maksupalvelutarjoaja Paytrail Oyj*. 2) Verkkopankkimaksu.Maksupalvelutarjoaja Paytrail Oyj*. 3) PDF-lasku (maksu pankkisiirtona).&nbsp; [&hellip;]\" \/>\n<meta property=\"og:url\" content=\"https:\/\/sites.uef.fi\/vaikuttavuuden-talo\/ilmoittautuminen-2024\/\" \/>\n<meta property=\"og:site_name\" content=\"Vaikuttavuuden talo\" \/>\n<meta property=\"article:modified_time\" content=\"2024-05-27T15:29:44+00:00\" \/>\n<meta name=\"twitter:card\" content=\"summary_large_image\" \/>\n<script type=\"application\/ld+json\" class=\"yoast-schema-graph\">{\"@context\":\"https:\\\/\\\/schema.org\",\"@graph\":[{\"@type\":\"WebPage\",\"@id\":\"https:\\\/\\\/sites.uef.fi\\\/vaikuttavuuden-talo\\\/ilmoittautuminen-2024\\\/\",\"url\":\"https:\\\/\\\/sites.uef.fi\\\/vaikuttavuuden-talo\\\/ilmoittautuminen-2024\\\/\",\"name\":\"Ilmoittautuminen 2024 - Vaikuttavuuden talo\",\"isPartOf\":{\"@id\":\"https:\\\/\\\/sites.uef.fi\\\/vaikuttavuuden-talo\\\/#website\"},\"datePublished\":\"2024-05-27T15:29:43+00:00\",\"dateModified\":\"2024-05-27T15:29:44+00:00\",\"breadcrumb\":{\"@id\":\"https:\\\/\\\/sites.uef.fi\\\/vaikuttavuuden-talo\\\/ilmoittautuminen-2024\\\/#breadcrumb\"},\"inLanguage\":\"fi\",\"potentialAction\":[{\"@type\":\"ReadAction\",\"target\":[\"https:\\\/\\\/sites.uef.fi\\\/vaikuttavuuden-talo\\\/ilmoittautuminen-2024\\\/\"]}]},{\"@type\":\"BreadcrumbList\",\"@id\":\"https:\\\/\\\/sites.uef.fi\\\/vaikuttavuuden-talo\\\/ilmoittautuminen-2024\\\/#breadcrumb\",\"itemListElement\":[{\"@type\":\"ListItem\",\"position\":1,\"name\":\"Home\",\"item\":\"https:\\\/\\\/sites.uef.fi\\\/vaikuttavuuden-talo\\\/\"},{\"@type\":\"ListItem\",\"position\":2,\"name\":\"Ilmoittautuminen 2024\"}]},{\"@type\":\"WebSite\",\"@id\":\"https:\\\/\\\/sites.uef.fi\\\/vaikuttavuuden-talo\\\/#website\",\"url\":\"https:\\\/\\\/sites.uef.fi\\\/vaikuttavuuden-talo\\\/\",\"name\":\"Vaikuttavuuden talo\",\"description\":\"\",\"potentialAction\":[{\"@type\":\"SearchAction\",\"target\":{\"@type\":\"EntryPoint\",\"urlTemplate\":\"https:\\\/\\\/sites.uef.fi\\\/vaikuttavuuden-talo\\\/?s={search_term_string}\"},\"query-input\":{\"@type\":\"PropertyValueSpecification\",\"valueRequired\":true,\"valueName\":\"search_term_string\"}}],\"inLanguage\":\"fi\"}]}<\/script>\n<!-- \/ Yoast SEO plugin. -->","yoast_head_json":{"title":"Ilmoittautuminen 2024 - Vaikuttavuuden talo","robots":{"index":"index","follow":"follow","max-snippet":"max-snippet:-1","max-image-preview":"max-image-preview:large","max-video-preview":"max-video-preview:-1"},"canonical":"https:\/\/sites.uef.fi\/vaikuttavuuden-talo\/ilmoittautuminen-2024\/","og_locale":"fi_FI","og_type":"article","og_title":"Ilmoittautuminen 2024 - Vaikuttavuuden talo","og_description":"Ilmoittaudu p\u00e4iville t\u00e4ll\u00e4 ilmoittautumislomakkeella UEF henkil\u00f6kunta ilmoittautuu: Huomioithan, ett\u00e4 t\u00e4n\u00e4 vuonna p\u00e4iv\u00e4t j\u00e4rjestet\u00e4\u00e4n t\u00e4ysin l\u00e4hitapahtumana ilman et\u00e4osallistumismahdollisuutta. Osallistumismaksut *Opiskelijahinta koskee perustutkinto-opiskelijoita. Certia Oy, Aboa Events (y-tunnus 2327422-3) laskuttaa tilaisuuden osallistumismaksut paikallisen j\u00e4rjest\u00e4j\u00e4n It\u00e4-Suomen yliopiston puolesta (y-tunnus 2285733-9). Osallistumismaksut ovat arvonlis\u00e4verottomia. Maksutavat 1) Luottokorttimaksu (Visa, MasterCard).Maksupalvelutarjoaja Paytrail Oyj*. 2) Verkkopankkimaksu.Maksupalvelutarjoaja Paytrail Oyj*. 3) PDF-lasku (maksu pankkisiirtona).&nbsp; [&hellip;]","og_url":"https:\/\/sites.uef.fi\/vaikuttavuuden-talo\/ilmoittautuminen-2024\/","og_site_name":"Vaikuttavuuden talo","article_modified_time":"2024-05-27T15:29:44+00:00","twitter_card":"summary_large_image","schema":{"@context":"https:\/\/schema.org","@graph":[{"@type":"WebPage","@id":"https:\/\/sites.uef.fi\/vaikuttavuuden-talo\/ilmoittautuminen-2024\/","url":"https:\/\/sites.uef.fi\/vaikuttavuuden-talo\/ilmoittautuminen-2024\/","name":"Ilmoittautuminen 2024 - Vaikuttavuuden talo","isPartOf":{"@id":"https:\/\/sites.uef.fi\/vaikuttavuuden-talo\/#website"},"datePublished":"2024-05-27T15:29:43+00:00","dateModified":"2024-05-27T15:29:44+00:00","breadcrumb":{"@id":"https:\/\/sites.uef.fi\/vaikuttavuuden-talo\/ilmoittautuminen-2024\/#breadcrumb"},"inLanguage":"fi","potentialAction":[{"@type":"ReadAction","target":["https:\/\/sites.uef.fi\/vaikuttavuuden-talo\/ilmoittautuminen-2024\/"]}]},{"@type":"BreadcrumbList","@id":"https:\/\/sites.uef.fi\/vaikuttavuuden-talo\/ilmoittautuminen-2024\/#breadcrumb","itemListElement":[{"@type":"ListItem","position":1,"name":"Home","item":"https:\/\/sites.uef.fi\/vaikuttavuuden-talo\/"},{"@type":"ListItem","position":2,"name":"Ilmoittautuminen 2024"}]},{"@type":"WebSite","@id":"https:\/\/sites.uef.fi\/vaikuttavuuden-talo\/#website","url":"https:\/\/sites.uef.fi\/vaikuttavuuden-talo\/","name":"Vaikuttavuuden talo","description":"","potentialAction":[{"@type":"SearchAction","target":{"@type":"EntryPoint","urlTemplate":"https:\/\/sites.uef.fi\/vaikuttavuuden-talo\/?s={search_term_string}"},"query-input":{"@type":"PropertyValueSpecification","valueRequired":true,"valueName":"search_term_string"}}],"inLanguage":"fi"}]}},"_links":{"self":[{"href":"https:\/\/sites.uef.fi\/vaikuttavuuden-talo\/wp-json\/wp\/v2\/pages\/10116","targetHints":{"allow":["GET"]}}],"collection":[{"href":"https:\/\/sites.uef.fi\/vaikuttavuuden-talo\/wp-json\/wp\/v2\/pages"}],"about":[{"href":"https:\/\/sites.uef.fi\/vaikuttavuuden-talo\/wp-json\/wp\/v2\/types\/page"}],"author":[{"embeddable":true,"href":"https:\/\/sites.uef.fi\/vaikuttavuuden-talo\/wp-json\/wp\/v2\/users\/44"}],"replies":[{"embeddable":true,"href":"https:\/\/sites.uef.fi\/vaikuttavuuden-talo\/wp-json\/wp\/v2\/comments?post=10116"}],"version-history":[{"count":2,"href":"https:\/\/sites.uef.fi\/vaikuttavuuden-talo\/wp-json\/wp\/v2\/pages\/10116\/revisions"}],"predecessor-version":[{"id":10335,"href":"https:\/\/sites.uef.fi\/vaikuttavuuden-talo\/wp-json\/wp\/v2\/pages\/10116\/revisions\/10335"}],"wp:attachment":[{"href":"https:\/\/sites.uef.fi\/vaikuttavuuden-talo\/wp-json\/wp\/v2\/media?parent=10116"}],"curies":[{"name":"wp","href":"https:\/\/api.w.org\/{rel}","templated":true}]}}