{"id":1037,"date":"2020-04-30T10:48:12","date_gmt":"2020-04-30T08:48:12","guid":{"rendered":"https:\/\/sites.uef.fi\/vaikuttavuuden-talo\/ict-vaikuttavuustutkimuksessa\/"},"modified":"2020-04-30T10:48:12","modified_gmt":"2020-04-30T08:48:12","slug":"ict-vaikuttavuustutkimuksessa","status":"publish","type":"page","link":"https:\/\/sites.uef.fi\/vaikuttavuuden-talo\/ict-vaikuttavuustutkimuksessa\/","title":{"rendered":"ICT vaikuttavuustutkimuksessa"},"content":{"rendered":"<div id=\"column-3\" class=\"portlet-column portlet-column-last spancol2 yui3-dd-drop\">\n<div id=\"layout-column_column-3\" class=\"portlet-dropzone portlet-column-content portlet-column-content-last\">\n<div id=\"p_p_id_56_INSTANCE_iZYkSYcklqFB_\" class=\"portlet-boundary portlet-boundary_56_ portlet-borderless portlet-journal-content portlet-draggable yui3-dd-drop\">\n<div id=\"yui_patched_v3_11_0_1_1588236452810_516\" class=\"portlet-borderless-container\">\n<div id=\"yui_patched_v3_11_0_1_1588236452810_515\" class=\"portlet-body\">\n<div id=\"yui_patched_v3_11_0_1_1588236452810_514\" class=\"journal-content-article\">\n<h1>ICT vaikuttavuustutkimuksessa<\/h1>\n<h2>Sosiaali- ja terveystiedon laskennalliset sovellukset<\/h2>\n<p>It\u00e4-Suomen yliopiston tietojenk\u00e4sittelytieteen laitos on mukana Siun Soten ja FCG Prodacapo Group Oy:n konsortiossa, jonka my\u00f6t\u00e4 yliopistolle saatava sosiaali- ja terveystieto on avannut yliopistolle erinomaisen laskennallisen k\u00e4sittelyn sovelluskohteen.<\/p>\n<ul>\n<li><a href=\"https:\/\/www.uef.fi\/fi\/web\/cs\" target=\"_blank\" rel=\"noopener noreferrer\">Tietojenk\u00e4sittelytieteen laitos<\/a><\/li>\n<li><a href=\"http:\/\/www.uef.fi\/fi\/web\/stat\/home\" target=\"_blank\" rel=\"noopener noreferrer\">Tilastotiede<\/a><\/li>\n<\/ul>\n<h2>ICT l\u00e4\u00e4ketieteen sovelluksissa<\/h2>\n<p>Tietojenk\u00e4sittelytieteen laitoksen laskennallisen spektrikuvantamisen ja interaktiivisten teknologioiden tutkimusta sovelletaan It\u00e4-Suomen mikrokirurgiakeskuksessa.<\/p>\n<ul>\n<li><a href=\"http:\/\/www.uef.fi\/fi\/web\/spectral\" target=\"_blank\" rel=\"noopener noreferrer\">Laskennallinen spektrikuvantaminen<\/a><\/li>\n<li><a href=\"http:\/\/www.uef.fi\/fi\/web\/int\" target=\"_blank\" rel=\"noopener noreferrer\">INT-tutkimusryhm\u00e4<\/a><\/li>\n<\/ul>\n<h2>Palvelujen saavutettavuus<\/h2>\n<ul>\n<li><a href=\"http:\/\/www.stnimpro.fi\" target=\"_blank\" rel=\"noopener noreferrer\">STN IMPRO<\/a> -tutkimusprojekti tuottaa tutkittua tietoa sosiaali- ja terveydenhuollon uudistuksen tueksi sote-palveluiden rakenteesta, toimivuudesta ja tuloksellisuudesta. Tutkimusryhm\u00e4 analysoi sosiaali- ja terveydenhuollon palvelurakenteita, hoidon saavutettavuutta, hoitopolkuja, hoidon tuloksia ja kustannuksia sek\u00e4 kustannusvaikuttavuutta ennen sote-uudistusta ja sen j\u00e4lkeen.<\/li>\n<\/ul>\n<\/div>\n<\/div>\n<\/div>\n<\/div>\n<\/div>\n<\/div>\n","protected":false},"excerpt":{"rendered":"<p>ICT vaikuttavuustutkimuksessa Sosiaali- ja terveystiedon laskennalliset sovellukset It\u00e4-Suomen yliopiston tietojenk\u00e4sittelytieteen laitos on mukana Siun Soten ja FCG Prodacapo Group Oy:n konsortiossa, jonka my\u00f6t\u00e4 yliopistolle saatava sosiaali- ja terveystieto on avannut yliopistolle erinomaisen laskennallisen k\u00e4sittelyn sovelluskohteen. Tietojenk\u00e4sittelytieteen laitos Tilastotiede ICT l\u00e4\u00e4ketieteen sovelluksissa Tietojenk\u00e4sittelytieteen laitoksen laskennallisen spektrikuvantamisen ja interaktiivisten teknologioiden tutkimusta sovelletaan It\u00e4-Suomen mikrokirurgiakeskuksessa. Laskennallinen spektrikuvantaminen INT-tutkimusryhm\u00e4 [&hellip;]<\/p>\n","protected":false},"author":39,"featured_media":0,"parent":0,"menu_order":0,"comment_status":"closed","ping_status":"closed","template":"","meta":{"_acf_changed":false,"_monsterinsights_skip_tracking":false,"_monsterinsights_sitenote_active":false,"_monsterinsights_sitenote_note":"","_monsterinsights_sitenote_category":0,"footnotes":""},"class_list":["post-1037","page","type-page","status-publish","hentry"],"acf":[],"yoast_head":"<!-- This site is optimized with the Yoast SEO plugin v27.3 - https:\/\/yoast.com\/product\/yoast-seo-wordpress\/ -->\n<title>ICT vaikuttavuustutkimuksessa - Vaikuttavuuden talo<\/title>\n<meta name=\"robots\" content=\"index, follow, max-snippet:-1, max-image-preview:large, max-video-preview:-1\" \/>\n<link rel=\"canonical\" href=\"https:\/\/sites.uef.fi\/vaikuttavuuden-talo\/ict-vaikuttavuustutkimuksessa\/\" \/>\n<meta property=\"og:locale\" content=\"fi_FI\" \/>\n<meta property=\"og:type\" content=\"article\" \/>\n<meta property=\"og:title\" content=\"ICT vaikuttavuustutkimuksessa - Vaikuttavuuden talo\" \/>\n<meta property=\"og:description\" content=\"ICT vaikuttavuustutkimuksessa Sosiaali- ja terveystiedon laskennalliset sovellukset It\u00e4-Suomen yliopiston tietojenk\u00e4sittelytieteen laitos on mukana Siun Soten ja FCG Prodacapo Group Oy:n konsortiossa, jonka my\u00f6t\u00e4 yliopistolle saatava sosiaali- ja terveystieto on avannut yliopistolle erinomaisen laskennallisen k\u00e4sittelyn sovelluskohteen. Tietojenk\u00e4sittelytieteen laitos Tilastotiede ICT l\u00e4\u00e4ketieteen sovelluksissa Tietojenk\u00e4sittelytieteen laitoksen laskennallisen spektrikuvantamisen ja interaktiivisten teknologioiden tutkimusta sovelletaan It\u00e4-Suomen mikrokirurgiakeskuksessa. Laskennallinen spektrikuvantaminen INT-tutkimusryhm\u00e4 [&hellip;]\" \/>\n<meta property=\"og:url\" content=\"https:\/\/sites.uef.fi\/vaikuttavuuden-talo\/ict-vaikuttavuustutkimuksessa\/\" \/>\n<meta property=\"og:site_name\" content=\"Vaikuttavuuden talo\" \/>\n<meta name=\"twitter:card\" content=\"summary_large_image\" \/>\n<meta name=\"twitter:label1\" content=\"Arvioitu lukuaika\" \/>\n\t<meta name=\"twitter:data1\" content=\"1 minuutti\" \/>\n<script type=\"application\/ld+json\" class=\"yoast-schema-graph\">{\"@context\":\"https:\\\/\\\/schema.org\",\"@graph\":[{\"@type\":\"WebPage\",\"@id\":\"https:\\\/\\\/sites.uef.fi\\\/vaikuttavuuden-talo\\\/ict-vaikuttavuustutkimuksessa\\\/\",\"url\":\"https:\\\/\\\/sites.uef.fi\\\/vaikuttavuuden-talo\\\/ict-vaikuttavuustutkimuksessa\\\/\",\"name\":\"ICT vaikuttavuustutkimuksessa - Vaikuttavuuden talo\",\"isPartOf\":{\"@id\":\"https:\\\/\\\/sites.uef.fi\\\/vaikuttavuuden-talo\\\/#website\"},\"datePublished\":\"2020-04-30T08:48:12+00:00\",\"breadcrumb\":{\"@id\":\"https:\\\/\\\/sites.uef.fi\\\/vaikuttavuuden-talo\\\/ict-vaikuttavuustutkimuksessa\\\/#breadcrumb\"},\"inLanguage\":\"fi\",\"potentialAction\":[{\"@type\":\"ReadAction\",\"target\":[\"https:\\\/\\\/sites.uef.fi\\\/vaikuttavuuden-talo\\\/ict-vaikuttavuustutkimuksessa\\\/\"]}]},{\"@type\":\"BreadcrumbList\",\"@id\":\"https:\\\/\\\/sites.uef.fi\\\/vaikuttavuuden-talo\\\/ict-vaikuttavuustutkimuksessa\\\/#breadcrumb\",\"itemListElement\":[{\"@type\":\"ListItem\",\"position\":1,\"name\":\"Home\",\"item\":\"https:\\\/\\\/sites.uef.fi\\\/vaikuttavuuden-talo\\\/\"},{\"@type\":\"ListItem\",\"position\":2,\"name\":\"ICT vaikuttavuustutkimuksessa\"}]},{\"@type\":\"WebSite\",\"@id\":\"https:\\\/\\\/sites.uef.fi\\\/vaikuttavuuden-talo\\\/#website\",\"url\":\"https:\\\/\\\/sites.uef.fi\\\/vaikuttavuuden-talo\\\/\",\"name\":\"Vaikuttavuuden talo\",\"description\":\"\",\"potentialAction\":[{\"@type\":\"SearchAction\",\"target\":{\"@type\":\"EntryPoint\",\"urlTemplate\":\"https:\\\/\\\/sites.uef.fi\\\/vaikuttavuuden-talo\\\/?s={search_term_string}\"},\"query-input\":{\"@type\":\"PropertyValueSpecification\",\"valueRequired\":true,\"valueName\":\"search_term_string\"}}],\"inLanguage\":\"fi\"}]}<\/script>\n<!-- \/ Yoast SEO plugin. -->","yoast_head_json":{"title":"ICT vaikuttavuustutkimuksessa - Vaikuttavuuden talo","robots":{"index":"index","follow":"follow","max-snippet":"max-snippet:-1","max-image-preview":"max-image-preview:large","max-video-preview":"max-video-preview:-1"},"canonical":"https:\/\/sites.uef.fi\/vaikuttavuuden-talo\/ict-vaikuttavuustutkimuksessa\/","og_locale":"fi_FI","og_type":"article","og_title":"ICT vaikuttavuustutkimuksessa - Vaikuttavuuden talo","og_description":"ICT vaikuttavuustutkimuksessa Sosiaali- ja terveystiedon laskennalliset sovellukset It\u00e4-Suomen yliopiston tietojenk\u00e4sittelytieteen laitos on mukana Siun Soten ja FCG Prodacapo Group Oy:n konsortiossa, jonka my\u00f6t\u00e4 yliopistolle saatava sosiaali- ja terveystieto on avannut yliopistolle erinomaisen laskennallisen k\u00e4sittelyn sovelluskohteen. Tietojenk\u00e4sittelytieteen laitos Tilastotiede ICT l\u00e4\u00e4ketieteen sovelluksissa Tietojenk\u00e4sittelytieteen laitoksen laskennallisen spektrikuvantamisen ja interaktiivisten teknologioiden tutkimusta sovelletaan It\u00e4-Suomen mikrokirurgiakeskuksessa. Laskennallinen spektrikuvantaminen INT-tutkimusryhm\u00e4 [&hellip;]","og_url":"https:\/\/sites.uef.fi\/vaikuttavuuden-talo\/ict-vaikuttavuustutkimuksessa\/","og_site_name":"Vaikuttavuuden talo","twitter_card":"summary_large_image","twitter_misc":{"Arvioitu lukuaika":"1 minuutti"},"schema":{"@context":"https:\/\/schema.org","@graph":[{"@type":"WebPage","@id":"https:\/\/sites.uef.fi\/vaikuttavuuden-talo\/ict-vaikuttavuustutkimuksessa\/","url":"https:\/\/sites.uef.fi\/vaikuttavuuden-talo\/ict-vaikuttavuustutkimuksessa\/","name":"ICT vaikuttavuustutkimuksessa - Vaikuttavuuden talo","isPartOf":{"@id":"https:\/\/sites.uef.fi\/vaikuttavuuden-talo\/#website"},"datePublished":"2020-04-30T08:48:12+00:00","breadcrumb":{"@id":"https:\/\/sites.uef.fi\/vaikuttavuuden-talo\/ict-vaikuttavuustutkimuksessa\/#breadcrumb"},"inLanguage":"fi","potentialAction":[{"@type":"ReadAction","target":["https:\/\/sites.uef.fi\/vaikuttavuuden-talo\/ict-vaikuttavuustutkimuksessa\/"]}]},{"@type":"BreadcrumbList","@id":"https:\/\/sites.uef.fi\/vaikuttavuuden-talo\/ict-vaikuttavuustutkimuksessa\/#breadcrumb","itemListElement":[{"@type":"ListItem","position":1,"name":"Home","item":"https:\/\/sites.uef.fi\/vaikuttavuuden-talo\/"},{"@type":"ListItem","position":2,"name":"ICT vaikuttavuustutkimuksessa"}]},{"@type":"WebSite","@id":"https:\/\/sites.uef.fi\/vaikuttavuuden-talo\/#website","url":"https:\/\/sites.uef.fi\/vaikuttavuuden-talo\/","name":"Vaikuttavuuden talo","description":"","potentialAction":[{"@type":"SearchAction","target":{"@type":"EntryPoint","urlTemplate":"https:\/\/sites.uef.fi\/vaikuttavuuden-talo\/?s={search_term_string}"},"query-input":{"@type":"PropertyValueSpecification","valueRequired":true,"valueName":"search_term_string"}}],"inLanguage":"fi"}]}},"_links":{"self":[{"href":"https:\/\/sites.uef.fi\/vaikuttavuuden-talo\/wp-json\/wp\/v2\/pages\/1037","targetHints":{"allow":["GET"]}}],"collection":[{"href":"https:\/\/sites.uef.fi\/vaikuttavuuden-talo\/wp-json\/wp\/v2\/pages"}],"about":[{"href":"https:\/\/sites.uef.fi\/vaikuttavuuden-talo\/wp-json\/wp\/v2\/types\/page"}],"author":[{"embeddable":true,"href":"https:\/\/sites.uef.fi\/vaikuttavuuden-talo\/wp-json\/wp\/v2\/users\/39"}],"replies":[{"embeddable":true,"href":"https:\/\/sites.uef.fi\/vaikuttavuuden-talo\/wp-json\/wp\/v2\/comments?post=1037"}],"version-history":[{"count":0,"href":"https:\/\/sites.uef.fi\/vaikuttavuuden-talo\/wp-json\/wp\/v2\/pages\/1037\/revisions"}],"wp:attachment":[{"href":"https:\/\/sites.uef.fi\/vaikuttavuuden-talo\/wp-json\/wp\/v2\/media?parent=1037"}],"curies":[{"name":"wp","href":"https:\/\/api.w.org\/{rel}","templated":true}]}}