{"id":1136,"date":"2020-04-30T10:42:32","date_gmt":"2020-04-30T08:42:32","guid":{"rendered":"https:\/\/sites.uef.fi\/vaikuttavuuden-talo\/hoidon-vaikuttavuus\/"},"modified":"2020-08-12T13:34:16","modified_gmt":"2020-08-12T11:34:16","slug":"hoidon-vaikuttavuus","status":"publish","type":"page","link":"https:\/\/sites.uef.fi\/vaikuttavuuden-talo\/hoidon-vaikuttavuus\/","title":{"rendered":"Hoidon vaikuttavuus"},"content":{"rendered":"<h1>Hoidon vaikuttavuus<\/h1>\n<p>Hoidon vaikuttavuuden tutkimuksella on yliopistossamme pitk\u00e4t perinteet. Arvioimme erilaisten hoitojen, hoitotoimenpiteiden ja l\u00e4\u00e4kehoidon my\u00f6nteisi\u00e4 ja kielteisi\u00e4 vaikutuksia arkiel\u00e4m\u00e4n olosuhteissa ja valikoimattomissa potilasjoukoissa&nbsp;sek\u00e4 hoidon kohdentumista ja oikea-aikaisuutta eri potilasryhmiss\u00e4.<\/p>\n<h2>L\u00e4\u00e4kehoito<\/h2>\n<p>Tutkimme l\u00e4\u00e4kkeiden k\u00e4ytt\u00f6\u00e4 ja k\u00e4yt\u00f6n vaikuttavuutta sek\u00e4 l\u00e4\u00e4kehoidon kustannusvaikuttavuutta.<\/p>\n<ul>\n<li><a href=\"http:\/\/www.uef.fi\/fi\/web\/gerho\/tutkimus\" target=\"_blank\" rel=\"noopener noreferrer\">MEDALZ (MEDication use and ALZheimer&#8217;s disease)<\/a> on valtakunnallinen reseptirekisteriaineistoihin pohjautuva tutkimus. MEDALZ-aineistoon sis\u00e4ltyv\u00e4t kaikki kotona asuvat henkil\u00f6t, joilla diagnosoitiin Alzheimerin tauti vuosina 2005\u20132011 Suomessa. Jokaiselle Alzheimerin tautia sairastavalle on valittu i\u00e4n, sukupuolen ja sairaanhoitopiirin suhteen kaltaistettu vertailuhenkil\u00f6 ilman Alzheimerin tautia.<\/li>\n<\/ul>\n<h2>Hoito ja hoitoprosessit<\/h2>\n<p>Tutkimme hoidon ja hoitotoimenpiteiden vaikuttavuutta.<\/p>\n<ul>\n<li><a href=\"https:\/\/www.stnimpro.fi\/\" target=\"_blank\" rel=\"noopener noreferrer\">STN IMPRO <\/a>-tutkimusprojekti tuottaa tutkittua tietoa sosiaali- ja terveydenhuollon uudistuksen tueksi sote-palveluiden rakenteesta, toimivuudesta ja tuloksellisuudesta. Tutkimusryhm\u00e4 analysoi sosiaali- ja terveydenhuollon palvelurakenteita, hoidon saavutettavuutta, hoitopolkuja, hoidon tuloksia ja kustannuksia sek\u00e4 kustannusvaikuttavuutta ennen sote-uudistusta ja sen j\u00e4lkeen.<\/li>\n<li><a href=\"http:\/\/www.uef.fi\/fi\/web\/gerho\/nutormed1\" target=\"_blank\" rel=\"noopener noreferrer\">NutOrMed \u2013 Laatua i\u00e4kk\u00e4iden kotihoidon asiakkaiden ravitsemukseen, suunterveyteen ja l\u00e4\u00e4kehoitoon<\/a> -interventiotutkimus arvioi 6 kuukautta kest\u00e4v\u00e4n ravitsemuksen ja suunterveyden intervention vaikutuksia kotihoidossa olevien ravitsemustilaan, suunterveyteen, toimintakykyyn ja sairaalahoidon k\u00e4ytt\u00f6\u00f6n\/kustannuksiin.<\/li>\n<li><a href=\"https:\/\/www.ttl.fi\/tutkimushanke\/vaikuttavuutta-tyoterveysyhteistyolla-vaikuttavan-tyoterveysyhteistyon-indikaattorit-hyvat-kaytannot\/\" target=\"_blank\" rel=\"noopener noreferrer\">Vaikuttavuutta ty\u00f6terveysyhteisty\u00f6ll\u00e4 <\/a>-hanke rakentaa ty\u00f6terveysyhteisty\u00f6h\u00f6n indikaattorit, joilla voidaan arvioida ty\u00f6terveysyhteisty\u00f6t\u00e4 ja sen vaikuttavuutta, arvioi ty\u00f6terveyshuollon palveluprosessien toimivuutta laadun ja ty\u00f6terveysyhteisty\u00f6n n\u00e4k\u00f6kulmasta sek\u00e4 kehitt\u00e4\u00e4 asiakasorganisaatioiden, ty\u00f6terveysyksik\u00f6iden ja asiantuntijoiden yhteiskehittelyn\u00e4 hyvi\u00e4 k\u00e4yt\u00e4nt\u00f6j\u00e4 ty\u00f6terveysyhteisty\u00f6h\u00f6n.<\/li>\n<li><a href=\"http:\/\/julkaisut.valtioneuvosto.fi\/bitstream\/handle\/10024\/80566\/Rap_17_34.pdf\" target=\"_blank\" rel=\"noopener noreferrer\">ILMA \u2013 I\u00e4kk\u00e4iden l\u00e4\u00e4kehoidon moniammatillinen arviointi <\/a>-tutkimus selvitti, mit\u00e4 vaikutuksia ILMA-mallilla toteutetuilla l\u00e4\u00e4kehoidon arvioinneilla on kotihoidon asiakkaiden l\u00e4\u00e4kitykseen, toimintakykyyn ja el\u00e4m\u00e4nlaatuun sek\u00e4 terveys- ja hoivapalveluiden k\u00e4ytt\u00f6\u00f6n.<\/li>\n<li><a href=\"http:\/\/asiakas.kotisivukone.com\/files\/gpfinland.kotisivukone.com\/tiedostot\/Abstraktit_2015\/Abstrakti_Mantyselka.pdf\" target=\"_blank\" rel=\"noopener noreferrer\">Sis\u00e4-Savon DM65+: Ik\u00e4\u00e4ntyneiden kuntalaisten koettu terveys sek\u00e4 oire- ja sairauskuorma<\/a> -tutkimuksen tavoitteena on selvitt\u00e4\u00e4 yli 65-vuotiaiden diabeetikoiden ja verrokkipotilaiden el\u00e4m\u00e4nlaatua ja sairastamiseen liittyv\u00e4\u00e4 kuormaa potilaan, v\u00e4est\u00f6n ja terveydenhuoltoj\u00e4rjestelm\u00e4n n\u00e4k\u00f6kulmasta.<\/li>\n<li><a href=\"http:\/\/www.tarkistajatue.fi\/tietoa-tutkimuksesta\/\" target=\"_blank\" rel=\"noopener noreferrer\">Tarkista ja tue \u2013 Kohonneen verenpaineen hoidon kehitt\u00e4minen avoterveydenhuollossa<\/a> -monikeskustutkimus selvitt\u00e4\u00e4, voidaanko uusien avohoidon verenpainepotilaiden hoitotavoitteisiin p\u00e4\u00e4semist\u00e4 ja sitoutumista verenpainetaudin l\u00e4\u00e4kehoitoon parantaa IMB-perusteisella hoidon aloituksen protokollalla ja potilaskohtaisesti r\u00e4\u00e4t\u00e4l\u00f6ityv\u00e4ll\u00e4 tekstiviestituella.<\/li>\n<\/ul>\n<h2>Ravitsemus<\/h2>\n<p>Tutkimme ravitsemushoidon vaikuttavuutta.<\/p>\n<ul>\n<li><a href=\"http:\/\/www.uef.fi\/web\/kttravi\/ravitsemus-ja-terveys\" target=\"_blank\" rel=\"noopener noreferrer\">Ravitsemus terveyden edist\u00e4j\u00e4n\u00e4<\/a>. Kliinisen ravitsemustieteen tutkimusryhm\u00e4t keskittyv\u00e4t tutkimuksiin, jotka edist\u00e4v\u00e4t terveellisen ja turvallisen ruokavalion toteutumista tavoitteena tukea terveyden edist\u00e4mist\u00e4 ja sairauksien ehk\u00e4isy\u00e4.<\/li>\n<\/ul>\n<h2>Potilas- ja asiakasturvallisuus<\/h2>\n<p>Tutkimme potilas- ja asiakasturvallisuutta.<\/p>\n<ul id=\"yui_patched_v3_11_0_1_1588235972844_540\">\n<li id=\"yui_patched_v3_11_0_1_1588235972844_539\">\n<p id=\"yui_patched_v3_11_0_1_1588235972844_538\"><a href=\"http:\/\/www.uef.fi\/fi\/web\/receps\/\" target=\"_blank\" rel=\"noopener noreferrer\">RECEPS \u2013 Hoidon vaikuttavuuden ja potilasturvallisuuden tutkimuskeskittym\u00e4<\/a> tuottaa tietoa, joka mahdollistaa vaikuttavamman ja turvallisemman sosiaali- ja terveydenhuollon palvelujen t\u00e4yt\u00e4nt\u00f6\u00f6npanon. Tutkimus auttaa lis\u00e4\u00e4m\u00e4\u00e4n terveytt\u00e4 ja parantaa potilaiden terveyteen liittyv\u00e4\u00e4 el\u00e4m\u00e4nlaatua, ja tutkimustiedon avulla voidaan kohdentaa resursseja tehokkaammin, mik\u00e4 on sek\u00e4 palveluntuottajan ett\u00e4 potilaan etu.<\/p>\n<\/li>\n<\/ul>\n","protected":false},"excerpt":{"rendered":"<p>Hoidon vaikuttavuus Hoidon vaikuttavuuden tutkimuksella on yliopistossamme pitk\u00e4t perinteet. Arvioimme erilaisten hoitojen, hoitotoimenpiteiden ja l\u00e4\u00e4kehoidon my\u00f6nteisi\u00e4 ja kielteisi\u00e4 vaikutuksia arkiel\u00e4m\u00e4n olosuhteissa ja valikoimattomissa potilasjoukoissa&nbsp;sek\u00e4 hoidon kohdentumista ja oikea-aikaisuutta eri potilasryhmiss\u00e4. L\u00e4\u00e4kehoito Tutkimme l\u00e4\u00e4kkeiden k\u00e4ytt\u00f6\u00e4 ja k\u00e4yt\u00f6n vaikuttavuutta sek\u00e4 l\u00e4\u00e4kehoidon kustannusvaikuttavuutta. MEDALZ (MEDication use and ALZheimer&#8217;s disease) on valtakunnallinen reseptirekisteriaineistoihin pohjautuva tutkimus. MEDALZ-aineistoon sis\u00e4ltyv\u00e4t kaikki kotona [&hellip;]<\/p>\n","protected":false},"author":39,"featured_media":0,"parent":0,"menu_order":0,"comment_status":"closed","ping_status":"closed","template":"","meta":{"_acf_changed":false,"_monsterinsights_skip_tracking":false,"_monsterinsights_sitenote_active":false,"_monsterinsights_sitenote_note":"","_monsterinsights_sitenote_category":0,"footnotes":""},"class_list":["post-1136","page","type-page","status-publish","hentry"],"acf":[],"yoast_head":"<!-- This site is optimized with the Yoast SEO plugin v27.3 - https:\/\/yoast.com\/product\/yoast-seo-wordpress\/ -->\n<title>Hoidon vaikuttavuus - Vaikuttavuuden talo<\/title>\n<meta name=\"robots\" content=\"index, follow, max-snippet:-1, max-image-preview:large, max-video-preview:-1\" \/>\n<link rel=\"canonical\" href=\"https:\/\/sites.uef.fi\/vaikuttavuuden-talo\/hoidon-vaikuttavuus\/\" \/>\n<meta property=\"og:locale\" content=\"fi_FI\" \/>\n<meta property=\"og:type\" content=\"article\" \/>\n<meta property=\"og:title\" content=\"Hoidon vaikuttavuus - Vaikuttavuuden talo\" \/>\n<meta property=\"og:description\" content=\"Hoidon vaikuttavuus Hoidon vaikuttavuuden tutkimuksella on yliopistossamme pitk\u00e4t perinteet. Arvioimme erilaisten hoitojen, hoitotoimenpiteiden ja l\u00e4\u00e4kehoidon my\u00f6nteisi\u00e4 ja kielteisi\u00e4 vaikutuksia arkiel\u00e4m\u00e4n olosuhteissa ja valikoimattomissa potilasjoukoissa&nbsp;sek\u00e4 hoidon kohdentumista ja oikea-aikaisuutta eri potilasryhmiss\u00e4. L\u00e4\u00e4kehoito Tutkimme l\u00e4\u00e4kkeiden k\u00e4ytt\u00f6\u00e4 ja k\u00e4yt\u00f6n vaikuttavuutta sek\u00e4 l\u00e4\u00e4kehoidon kustannusvaikuttavuutta. MEDALZ (MEDication use and ALZheimer&#8217;s disease) on valtakunnallinen reseptirekisteriaineistoihin pohjautuva tutkimus. MEDALZ-aineistoon sis\u00e4ltyv\u00e4t kaikki kotona [&hellip;]\" \/>\n<meta property=\"og:url\" content=\"https:\/\/sites.uef.fi\/vaikuttavuuden-talo\/hoidon-vaikuttavuus\/\" \/>\n<meta property=\"og:site_name\" content=\"Vaikuttavuuden talo\" \/>\n<meta property=\"article:modified_time\" content=\"2020-08-12T11:34:16+00:00\" \/>\n<meta name=\"twitter:card\" content=\"summary_large_image\" \/>\n<meta name=\"twitter:label1\" content=\"Arvioitu lukuaika\" \/>\n\t<meta name=\"twitter:data1\" content=\"2 minuuttia\" \/>\n<script type=\"application\/ld+json\" class=\"yoast-schema-graph\">{\"@context\":\"https:\\\/\\\/schema.org\",\"@graph\":[{\"@type\":\"WebPage\",\"@id\":\"https:\\\/\\\/sites.uef.fi\\\/vaikuttavuuden-talo\\\/hoidon-vaikuttavuus\\\/\",\"url\":\"https:\\\/\\\/sites.uef.fi\\\/vaikuttavuuden-talo\\\/hoidon-vaikuttavuus\\\/\",\"name\":\"Hoidon vaikuttavuus - Vaikuttavuuden talo\",\"isPartOf\":{\"@id\":\"https:\\\/\\\/sites.uef.fi\\\/vaikuttavuuden-talo\\\/#website\"},\"datePublished\":\"2020-04-30T08:42:32+00:00\",\"dateModified\":\"2020-08-12T11:34:16+00:00\",\"breadcrumb\":{\"@id\":\"https:\\\/\\\/sites.uef.fi\\\/vaikuttavuuden-talo\\\/hoidon-vaikuttavuus\\\/#breadcrumb\"},\"inLanguage\":\"fi\",\"potentialAction\":[{\"@type\":\"ReadAction\",\"target\":[\"https:\\\/\\\/sites.uef.fi\\\/vaikuttavuuden-talo\\\/hoidon-vaikuttavuus\\\/\"]}]},{\"@type\":\"BreadcrumbList\",\"@id\":\"https:\\\/\\\/sites.uef.fi\\\/vaikuttavuuden-talo\\\/hoidon-vaikuttavuus\\\/#breadcrumb\",\"itemListElement\":[{\"@type\":\"ListItem\",\"position\":1,\"name\":\"Home\",\"item\":\"https:\\\/\\\/sites.uef.fi\\\/vaikuttavuuden-talo\\\/\"},{\"@type\":\"ListItem\",\"position\":2,\"name\":\"Hoidon vaikuttavuus\"}]},{\"@type\":\"WebSite\",\"@id\":\"https:\\\/\\\/sites.uef.fi\\\/vaikuttavuuden-talo\\\/#website\",\"url\":\"https:\\\/\\\/sites.uef.fi\\\/vaikuttavuuden-talo\\\/\",\"name\":\"Vaikuttavuuden talo\",\"description\":\"\",\"potentialAction\":[{\"@type\":\"SearchAction\",\"target\":{\"@type\":\"EntryPoint\",\"urlTemplate\":\"https:\\\/\\\/sites.uef.fi\\\/vaikuttavuuden-talo\\\/?s={search_term_string}\"},\"query-input\":{\"@type\":\"PropertyValueSpecification\",\"valueRequired\":true,\"valueName\":\"search_term_string\"}}],\"inLanguage\":\"fi\"}]}<\/script>\n<!-- \/ Yoast SEO plugin. -->","yoast_head_json":{"title":"Hoidon vaikuttavuus - Vaikuttavuuden talo","robots":{"index":"index","follow":"follow","max-snippet":"max-snippet:-1","max-image-preview":"max-image-preview:large","max-video-preview":"max-video-preview:-1"},"canonical":"https:\/\/sites.uef.fi\/vaikuttavuuden-talo\/hoidon-vaikuttavuus\/","og_locale":"fi_FI","og_type":"article","og_title":"Hoidon vaikuttavuus - Vaikuttavuuden talo","og_description":"Hoidon vaikuttavuus Hoidon vaikuttavuuden tutkimuksella on yliopistossamme pitk\u00e4t perinteet. Arvioimme erilaisten hoitojen, hoitotoimenpiteiden ja l\u00e4\u00e4kehoidon my\u00f6nteisi\u00e4 ja kielteisi\u00e4 vaikutuksia arkiel\u00e4m\u00e4n olosuhteissa ja valikoimattomissa potilasjoukoissa&nbsp;sek\u00e4 hoidon kohdentumista ja oikea-aikaisuutta eri potilasryhmiss\u00e4. L\u00e4\u00e4kehoito Tutkimme l\u00e4\u00e4kkeiden k\u00e4ytt\u00f6\u00e4 ja k\u00e4yt\u00f6n vaikuttavuutta sek\u00e4 l\u00e4\u00e4kehoidon kustannusvaikuttavuutta. MEDALZ (MEDication use and ALZheimer&#8217;s disease) on valtakunnallinen reseptirekisteriaineistoihin pohjautuva tutkimus. MEDALZ-aineistoon sis\u00e4ltyv\u00e4t kaikki kotona [&hellip;]","og_url":"https:\/\/sites.uef.fi\/vaikuttavuuden-talo\/hoidon-vaikuttavuus\/","og_site_name":"Vaikuttavuuden talo","article_modified_time":"2020-08-12T11:34:16+00:00","twitter_card":"summary_large_image","twitter_misc":{"Arvioitu lukuaika":"2 minuuttia"},"schema":{"@context":"https:\/\/schema.org","@graph":[{"@type":"WebPage","@id":"https:\/\/sites.uef.fi\/vaikuttavuuden-talo\/hoidon-vaikuttavuus\/","url":"https:\/\/sites.uef.fi\/vaikuttavuuden-talo\/hoidon-vaikuttavuus\/","name":"Hoidon vaikuttavuus - Vaikuttavuuden talo","isPartOf":{"@id":"https:\/\/sites.uef.fi\/vaikuttavuuden-talo\/#website"},"datePublished":"2020-04-30T08:42:32+00:00","dateModified":"2020-08-12T11:34:16+00:00","breadcrumb":{"@id":"https:\/\/sites.uef.fi\/vaikuttavuuden-talo\/hoidon-vaikuttavuus\/#breadcrumb"},"inLanguage":"fi","potentialAction":[{"@type":"ReadAction","target":["https:\/\/sites.uef.fi\/vaikuttavuuden-talo\/hoidon-vaikuttavuus\/"]}]},{"@type":"BreadcrumbList","@id":"https:\/\/sites.uef.fi\/vaikuttavuuden-talo\/hoidon-vaikuttavuus\/#breadcrumb","itemListElement":[{"@type":"ListItem","position":1,"name":"Home","item":"https:\/\/sites.uef.fi\/vaikuttavuuden-talo\/"},{"@type":"ListItem","position":2,"name":"Hoidon vaikuttavuus"}]},{"@type":"WebSite","@id":"https:\/\/sites.uef.fi\/vaikuttavuuden-talo\/#website","url":"https:\/\/sites.uef.fi\/vaikuttavuuden-talo\/","name":"Vaikuttavuuden talo","description":"","potentialAction":[{"@type":"SearchAction","target":{"@type":"EntryPoint","urlTemplate":"https:\/\/sites.uef.fi\/vaikuttavuuden-talo\/?s={search_term_string}"},"query-input":{"@type":"PropertyValueSpecification","valueRequired":true,"valueName":"search_term_string"}}],"inLanguage":"fi"}]}},"_links":{"self":[{"href":"https:\/\/sites.uef.fi\/vaikuttavuuden-talo\/wp-json\/wp\/v2\/pages\/1136","targetHints":{"allow":["GET"]}}],"collection":[{"href":"https:\/\/sites.uef.fi\/vaikuttavuuden-talo\/wp-json\/wp\/v2\/pages"}],"about":[{"href":"https:\/\/sites.uef.fi\/vaikuttavuuden-talo\/wp-json\/wp\/v2\/types\/page"}],"author":[{"embeddable":true,"href":"https:\/\/sites.uef.fi\/vaikuttavuuden-talo\/wp-json\/wp\/v2\/users\/39"}],"replies":[{"embeddable":true,"href":"https:\/\/sites.uef.fi\/vaikuttavuuden-talo\/wp-json\/wp\/v2\/comments?post=1136"}],"version-history":[{"count":1,"href":"https:\/\/sites.uef.fi\/vaikuttavuuden-talo\/wp-json\/wp\/v2\/pages\/1136\/revisions"}],"predecessor-version":[{"id":1142,"href":"https:\/\/sites.uef.fi\/vaikuttavuuden-talo\/wp-json\/wp\/v2\/pages\/1136\/revisions\/1142"}],"wp:attachment":[{"href":"https:\/\/sites.uef.fi\/vaikuttavuuden-talo\/wp-json\/wp\/v2\/media?parent=1136"}],"curies":[{"name":"wp","href":"https:\/\/api.w.org\/{rel}","templated":true}]}}