{"id":11586,"date":"2025-03-18T11:20:28","date_gmt":"2025-03-18T09:20:28","guid":{"rendered":"https:\/\/sites.uef.fi\/vaikuttavuuden-talo\/?page_id=11586"},"modified":"2025-10-23T09:18:19","modified_gmt":"2025-10-23T07:18:19","slug":"puhujat-2025","status":"publish","type":"page","link":"https:\/\/sites.uef.fi\/vaikuttavuuden-talo\/vaikuttavuuden-tutkimuksen-paivat\/puhujat-2025\/","title":{"rendered":"Puhujat 2025"},"content":{"rendered":"\n<div class=\"person-card\">\n        <h2>T\u00e4n\u00e4 vuonna p\u00e4\u00e4puhujina ovat Sami Pakarinen, Mika Kortelainen, Antti Malmivaara sek\u00e4 Henna Hasson<\/h2>\n    \n                    <div class=\"person-card-item\">\n                    <div class=\"person-card-column-left\">\n                                                    <img decoding=\"async\" class=\"person-card-image\" src=\"https:\/\/sites.uef.fi\/vaikuttavuuden-talo\/wp-content\/uploads\/sites\/28\/2025\/03\/Sami-Pakarinen-1-kopio-1.jpg\" alt=\"Sami Pakarinen.\" \/>\n                                            <\/div>\n\n                    <div class=\"person-card-column-right\">\n                                                <p class=\"person-card-name\">Sami Pakarinen<\/p>\n                        \n                                                <p class=\"person-card-position\">LT, Arviointiylil\u00e4\u00e4k\u00e4ri<\/p>\n                        \n                                                <p class=\"person-card-organisation\">Helsingin yliopistollinen sairaala (HUS)<\/p>\n                        \n                                                <p class=\"person-card-text\">Sami Pakarinen on kardiologian ja sis\u00e4tautien erikoisl\u00e4\u00e4k\u00e4ri, joka toimii t\u00e4ll\u00e4 hetkell\u00e4 arviointiylil\u00e4\u00e4k\u00e4rin\u00e4 Helsingin yliopistollisen sairaalan (HUS) konsernihallinnossa.\r\n\r\nP\u00e4\u00e4teht\u00e4v\u00e4ns\u00e4 ohella h\u00e4n on aktiivisesti mukana sivutoimisissa teht\u00e4viss\u00e4, kuten HTA-arvioinneissa (Health Technology Assessment) Palkon l\u00e4\u00e4kejaoksessa, sairaalatasoisissa mini-HTA-arvioinneissa FinCCHTAn kuuluvassa Etel\u00e4-Suomen YT-alueen L\u00e4\u00e4ke- ja Menetelm\u00e4arviointiryhmiss\u00e4 sek\u00e4 kansainv\u00e4lisiss\u00e4 hankkeissa, jotka liittyv\u00e4t sy\u00f6p\u00e4l\u00e4\u00e4kehoitoihin, kuten Oncovalue- ja Valo-projektit. Ty\u00f6nkuvaan kuuluu lis\u00e4ksi Vaikuttavuuskeskushankkeeseen kuuluvan terveydenhuollon kustannusvaikuttavuuden reaaliaikaisen arkivaikuttavuuden raportoinnin kehitt\u00e4minen.\r\n\r\nH\u00e4nen asiantuntemukseensa ja teht\u00e4viins\u00e4 kuuluvat tiedolla johtamisen tarpeita varten tuotetut terveydenhuollon palveluiden vaikuttavuuden ja kustannusten tietotuotanto, analytiikka ja raportointi.\r\n\r\n\r\n<\/p>\n                        \n                                            <\/div>\n                <\/div>\n                                        <div class=\"person-card-item\">\n                    <div class=\"person-card-column-left\">\n                                                    <img decoding=\"async\" class=\"person-card-image\" src=\"https:\/\/sites.uef.fi\/vaikuttavuuden-talo\/wp-content\/uploads\/sites\/28\/2025\/03\/Kortelainen-Mika-e1742281032650.jpg\" alt=\"Mika Kortelainen.\" \/>\n                                            <\/div>\n\n                    <div class=\"person-card-column-right\">\n                                                <p class=\"person-card-name\">Mika Kortelainen<\/p>\n                        \n                                                <p class=\"person-card-position\">Professori<\/p>\n                        \n                                                <p class=\"person-card-organisation\">Turun yliopisto<\/p>\n                        \n                                                <p class=\"person-card-text\">Mika Kortelainen on terveystaloustieteen professori Turun yliopistossa ja tutkimusprofessori Terveyden ja hyvinvoinnin laitoksella (THL). H\u00e4nen tutkimuksensa keskittyy sosiaali- ja terveydenhuollon vaikuttavuuden arviointiin, erityisesti digitaalisten terveyspalvelujen ja informaatioteknologioiden vaikuttavuuteen. Kortelainen johtaa tutkimushankkeita, joissa hy\u00f6dynnet\u00e4\u00e4n laajoja rekisteriaineistoja sek\u00e4 kokeellisia ja kvasikokeellisia tutkimusasetelmia sosiaali- ja terveyspalvelujen vaikuttavuuden arvioimiseksi.\r\n\r\n<\/p>\n                        \n                                            <\/div>\n                <\/div>\n                                        <div class=\"person-card-item\">\n                    <div class=\"person-card-column-left\">\n                                                    <img decoding=\"async\" class=\"person-card-image\" src=\"https:\/\/sites.uef.fi\/vaikuttavuuden-talo\/wp-content\/uploads\/sites\/28\/2025\/03\/Antti-Malmivaara.jpg\" alt=\"Antti Malmivaara.\" \/>\n                                            <\/div>\n\n                    <div class=\"person-card-column-right\">\n                                                <p class=\"person-card-name\">Antti Malmivaara<\/p>\n                        \n                                                <p class=\"person-card-position\">Professori<\/p>\n                        \n                                                <p class=\"person-card-organisation\">Terveyden ja hyvinvoinnin laitos (THL)<\/p>\n                        \n                                                <p class=\"person-card-text\">Professori, l\u00e4\u00e4ketieteen ja kirurgian tohtori Antti Malmivaara on toiminut ylil\u00e4\u00e4k\u00e4rin\u00e4 Suomen terveydenhuollon menetelmien yksik\u00f6ss\u00e4 sek\u00e4 THL:n terveys- ja sosiaalitalousyksik\u00f6ss\u00e4. H\u00e4n on ollut sivutoiminen K\u00e4yp\u00e4 hoito toimittaja 20 vuoden ajan. Malmivaaran julkaisemat tieteelliset tutkimukset k\u00e4sittelev\u00e4t erityisesti l\u00e4\u00e4ketieteellisen hoidon vaikuttavuutta, turvallisuutta ja kustannusvaikuttavuutta. Kansainv\u00e4lisi\u00e4 tieteellisi\u00e4 julkaisuja on noin 250 ja niihin on viitattu yli 13 000 kertaa. H\u00e4n on luonut arkivaikuttavuuden l\u00e4\u00e4ketieteen ja vertaiskontrolloidun tutkimuksen sek\u00e4 todenmukaisuusfunktion k\u00e4sitteet, ohjeistot yksil\u00f6\u00f6n ja j\u00e4rjestelmiin kohdistuvien interventioiden vaikuttavuuden ja tulosten sovellettavuuden arviointiin sek\u00e4 suosituksen sosiaali- ja terveydenhuollon visiolle ja strategialle.  \u00a0\r\n\r\n<\/p>\n                        \n                                            <\/div>\n                <\/div>\n                                        <div class=\"person-card-item\">\n                    <div class=\"person-card-column-left\">\n                                                    <img decoding=\"async\" class=\"person-card-image\" src=\"https:\/\/sites.uef.fi\/vaikuttavuuden-talo\/wp-content\/uploads\/sites\/28\/2025\/05\/Henna-Hasson-scaled-e1746709221471.jpg\" alt=\"Henna Hasson.\" \/>\n                                            <\/div>\n\n                    <div class=\"person-card-column-right\">\n                                                <p class=\"person-card-name\">Henna Hasson<\/p>\n                        \n                                                <p class=\"person-card-position\">Professori<\/p>\n                        \n                                                <p class=\"person-card-organisation\">Karolinska Institutet<\/p>\n                        \n                                                <p class=\"person-card-text\">Henna Hasson on implementaatiotutkimuksen professori ja Medical Management Centren johtaja Ruotsin Karolinska Instituutissa. H\u00e4nen tutkimuksensa keskittyy terveys- ja sosiaalialan implementoinnin toteuttamiseen ja arviointiin. Erityisesti Hasson on kiinnostunut n\u00e4ytt\u00f6\u00f6n perustuvan tiedon tuottamisesta ja k\u00e4yt\u00f6st\u00e4. H\u00e4nen tutkimuksensa on keskittynyt miten n\u00e4ytt\u00f6\u00f6n perustuvat menetelm\u00e4t voivat toimia k\u00e4yt\u00e4nn\u00f6ss\u00e4 sis\u00e4lt\u00e4en seurannan, menetelm\u00e4uskollisuuden, adaptaatiot sek\u00e4 k\u00e4yt\u00f6st\u00e4 poiston.\u00a0\r\n\r\n<\/p>\n                        \n                                            <\/div>\n                <\/div>\n                            <\/div>\n","protected":false},"excerpt":{"rendered":"","protected":false},"author":44,"featured_media":0,"parent":6813,"menu_order":0,"comment_status":"closed","ping_status":"closed","template":"","meta":{"_acf_changed":false,"_monsterinsights_skip_tracking":false,"_monsterinsights_sitenote_active":false,"_monsterinsights_sitenote_note":"","_monsterinsights_sitenote_category":0,"footnotes":""},"class_list":["post-11586","page","type-page","status-publish","hentry"],"acf":[],"yoast_head":"<!-- This site is optimized with the Yoast SEO plugin v27.1.1 - https:\/\/yoast.com\/product\/yoast-seo-wordpress\/ -->\n<title>Puhujat 2025 - Vaikuttavuuden talo<\/title>\n<meta name=\"robots\" content=\"index, follow, max-snippet:-1, max-image-preview:large, max-video-preview:-1\" \/>\n<link rel=\"canonical\" href=\"https:\/\/sites.uef.fi\/vaikuttavuuden-talo\/vaikuttavuuden-tutkimuksen-paivat\/puhujat-2025\/\" \/>\n<meta property=\"og:locale\" content=\"fi_FI\" \/>\n<meta property=\"og:type\" content=\"article\" \/>\n<meta property=\"og:title\" content=\"Puhujat 2025 - Vaikuttavuuden talo\" \/>\n<meta property=\"og:url\" content=\"https:\/\/sites.uef.fi\/vaikuttavuuden-talo\/vaikuttavuuden-tutkimuksen-paivat\/puhujat-2025\/\" \/>\n<meta property=\"og:site_name\" content=\"Vaikuttavuuden talo\" \/>\n<meta property=\"article:modified_time\" content=\"2025-10-23T07:18:19+00:00\" \/>\n<meta name=\"twitter:card\" content=\"summary_large_image\" \/>\n<script type=\"application\/ld+json\" class=\"yoast-schema-graph\">{\"@context\":\"https:\/\/schema.org\",\"@graph\":[{\"@type\":\"WebPage\",\"@id\":\"https:\/\/sites.uef.fi\/vaikuttavuuden-talo\/vaikuttavuuden-tutkimuksen-paivat\/puhujat-2025\/\",\"url\":\"https:\/\/sites.uef.fi\/vaikuttavuuden-talo\/vaikuttavuuden-tutkimuksen-paivat\/puhujat-2025\/\",\"name\":\"Puhujat 2025 - Vaikuttavuuden talo\",\"isPartOf\":{\"@id\":\"https:\/\/sites.uef.fi\/vaikuttavuuden-talo\/#website\"},\"datePublished\":\"2025-03-18T09:20:28+00:00\",\"dateModified\":\"2025-10-23T07:18:19+00:00\",\"breadcrumb\":{\"@id\":\"https:\/\/sites.uef.fi\/vaikuttavuuden-talo\/vaikuttavuuden-tutkimuksen-paivat\/puhujat-2025\/#breadcrumb\"},\"inLanguage\":\"fi\",\"potentialAction\":[{\"@type\":\"ReadAction\",\"target\":[\"https:\/\/sites.uef.fi\/vaikuttavuuden-talo\/vaikuttavuuden-tutkimuksen-paivat\/puhujat-2025\/\"]}]},{\"@type\":\"BreadcrumbList\",\"@id\":\"https:\/\/sites.uef.fi\/vaikuttavuuden-talo\/vaikuttavuuden-tutkimuksen-paivat\/puhujat-2025\/#breadcrumb\",\"itemListElement\":[{\"@type\":\"ListItem\",\"position\":1,\"name\":\"Home\",\"item\":\"https:\/\/sites.uef.fi\/vaikuttavuuden-talo\/\"},{\"@type\":\"ListItem\",\"position\":2,\"name\":\"Vaikuttavuuden tutkimuksen p\u00e4iv\u00e4t 2026\",\"item\":\"https:\/\/sites.uef.fi\/vaikuttavuuden-talo\/vaikuttavuuden-tutkimuksen-paivat\/\"},{\"@type\":\"ListItem\",\"position\":3,\"name\":\"Puhujat 2025\"}]},{\"@type\":\"WebSite\",\"@id\":\"https:\/\/sites.uef.fi\/vaikuttavuuden-talo\/#website\",\"url\":\"https:\/\/sites.uef.fi\/vaikuttavuuden-talo\/\",\"name\":\"Vaikuttavuuden talo\",\"description\":\"\",\"potentialAction\":[{\"@type\":\"SearchAction\",\"target\":{\"@type\":\"EntryPoint\",\"urlTemplate\":\"https:\/\/sites.uef.fi\/vaikuttavuuden-talo\/?s={search_term_string}\"},\"query-input\":{\"@type\":\"PropertyValueSpecification\",\"valueRequired\":true,\"valueName\":\"search_term_string\"}}],\"inLanguage\":\"fi\"}]}<\/script>\n<!-- \/ Yoast SEO plugin. -->","yoast_head_json":{"title":"Puhujat 2025 - Vaikuttavuuden talo","robots":{"index":"index","follow":"follow","max-snippet":"max-snippet:-1","max-image-preview":"max-image-preview:large","max-video-preview":"max-video-preview:-1"},"canonical":"https:\/\/sites.uef.fi\/vaikuttavuuden-talo\/vaikuttavuuden-tutkimuksen-paivat\/puhujat-2025\/","og_locale":"fi_FI","og_type":"article","og_title":"Puhujat 2025 - Vaikuttavuuden talo","og_url":"https:\/\/sites.uef.fi\/vaikuttavuuden-talo\/vaikuttavuuden-tutkimuksen-paivat\/puhujat-2025\/","og_site_name":"Vaikuttavuuden talo","article_modified_time":"2025-10-23T07:18:19+00:00","twitter_card":"summary_large_image","schema":{"@context":"https:\/\/schema.org","@graph":[{"@type":"WebPage","@id":"https:\/\/sites.uef.fi\/vaikuttavuuden-talo\/vaikuttavuuden-tutkimuksen-paivat\/puhujat-2025\/","url":"https:\/\/sites.uef.fi\/vaikuttavuuden-talo\/vaikuttavuuden-tutkimuksen-paivat\/puhujat-2025\/","name":"Puhujat 2025 - Vaikuttavuuden talo","isPartOf":{"@id":"https:\/\/sites.uef.fi\/vaikuttavuuden-talo\/#website"},"datePublished":"2025-03-18T09:20:28+00:00","dateModified":"2025-10-23T07:18:19+00:00","breadcrumb":{"@id":"https:\/\/sites.uef.fi\/vaikuttavuuden-talo\/vaikuttavuuden-tutkimuksen-paivat\/puhujat-2025\/#breadcrumb"},"inLanguage":"fi","potentialAction":[{"@type":"ReadAction","target":["https:\/\/sites.uef.fi\/vaikuttavuuden-talo\/vaikuttavuuden-tutkimuksen-paivat\/puhujat-2025\/"]}]},{"@type":"BreadcrumbList","@id":"https:\/\/sites.uef.fi\/vaikuttavuuden-talo\/vaikuttavuuden-tutkimuksen-paivat\/puhujat-2025\/#breadcrumb","itemListElement":[{"@type":"ListItem","position":1,"name":"Home","item":"https:\/\/sites.uef.fi\/vaikuttavuuden-talo\/"},{"@type":"ListItem","position":2,"name":"Vaikuttavuuden tutkimuksen p\u00e4iv\u00e4t 2026","item":"https:\/\/sites.uef.fi\/vaikuttavuuden-talo\/vaikuttavuuden-tutkimuksen-paivat\/"},{"@type":"ListItem","position":3,"name":"Puhujat 2025"}]},{"@type":"WebSite","@id":"https:\/\/sites.uef.fi\/vaikuttavuuden-talo\/#website","url":"https:\/\/sites.uef.fi\/vaikuttavuuden-talo\/","name":"Vaikuttavuuden talo","description":"","potentialAction":[{"@type":"SearchAction","target":{"@type":"EntryPoint","urlTemplate":"https:\/\/sites.uef.fi\/vaikuttavuuden-talo\/?s={search_term_string}"},"query-input":{"@type":"PropertyValueSpecification","valueRequired":true,"valueName":"search_term_string"}}],"inLanguage":"fi"}]}},"_links":{"self":[{"href":"https:\/\/sites.uef.fi\/vaikuttavuuden-talo\/wp-json\/wp\/v2\/pages\/11586","targetHints":{"allow":["GET"]}}],"collection":[{"href":"https:\/\/sites.uef.fi\/vaikuttavuuden-talo\/wp-json\/wp\/v2\/pages"}],"about":[{"href":"https:\/\/sites.uef.fi\/vaikuttavuuden-talo\/wp-json\/wp\/v2\/types\/page"}],"author":[{"embeddable":true,"href":"https:\/\/sites.uef.fi\/vaikuttavuuden-talo\/wp-json\/wp\/v2\/users\/44"}],"replies":[{"embeddable":true,"href":"https:\/\/sites.uef.fi\/vaikuttavuuden-talo\/wp-json\/wp\/v2\/comments?post=11586"}],"version-history":[{"count":2,"href":"https:\/\/sites.uef.fi\/vaikuttavuuden-talo\/wp-json\/wp\/v2\/pages\/11586\/revisions"}],"predecessor-version":[{"id":12132,"href":"https:\/\/sites.uef.fi\/vaikuttavuuden-talo\/wp-json\/wp\/v2\/pages\/11586\/revisions\/12132"}],"up":[{"embeddable":true,"href":"https:\/\/sites.uef.fi\/vaikuttavuuden-talo\/wp-json\/wp\/v2\/pages\/6813"}],"wp:attachment":[{"href":"https:\/\/sites.uef.fi\/vaikuttavuuden-talo\/wp-json\/wp\/v2\/media?parent=11586"}],"curies":[{"name":"wp","href":"https:\/\/api.w.org\/{rel}","templated":true}]}}