{"id":11668,"date":"2025-04-23T08:37:34","date_gmt":"2025-04-23T06:37:34","guid":{"rendered":"https:\/\/sites.uef.fi\/vaikuttavuuden-talo\/?page_id=11668"},"modified":"2025-05-26T08:05:16","modified_gmt":"2025-05-26T06:05:16","slug":"paapuhujien-ennakkojutut-2025","status":"publish","type":"page","link":"https:\/\/sites.uef.fi\/vaikuttavuuden-talo\/vaikuttavuuden-tutkimuksen-paivat\/paapuhujien-ennakkojutut-2025\/","title":{"rendered":"P\u00e4\u00e4puhujien ennakkojutut 2025"},"content":{"rendered":"\n<h2 class=\"wp-block-heading\">Vaikuttavuuden tutkimuksen p\u00e4ivill\u00e4 puhuttaa arkivaikuttavuus ja menetelm\u00e4t sen tutkimuksessa<\/h2>\n\n\n\n<p>Vuoden 2025 Vaikuttavuuden tutkimuksen p\u00e4ivill\u00e4 p\u00e4\u00e4puhujina ovat Sami Pakarinen (HUS), Mika Kortelainen (Turun yliopisto) ja Antti Malmivaara (THL) ja Henna Hasson (Karolinska Institutet).<\/p>\n\n\n\n<p><a href=\"https:\/\/sites.uef.fi\/vaikuttavuuden-talo\/vaikuttavuuden-tutkimuksen-paivat\/\">Vaikuttavuuden tutkimuksen p\u00e4iv\u00e4t<\/a> on monitieteinen keskustelufoorumi hyvinvointiin ja terveyteen liittyv\u00e4n vaikuttavuuden tutkijoille ja asiantuntijoille sek\u00e4 jokaiselle, joka kokee tarvitsevansa ty\u00f6ss\u00e4\u00e4n uusinta tutkimustietoa vaikuttavuudesta.<\/p>\n\n\n\n<div class=\"person-card\">\n    \n                    <div class=\"person-card-item\">\n                    <div class=\"person-card-column-left\">\n                                                    <img decoding=\"async\" class=\"person-card-image\" src=\"https:\/\/sites.uef.fi\/vaikuttavuuden-talo\/wp-content\/uploads\/sites\/28\/2025\/03\/Sami-Pakarinen-1-kopio-1.jpg\" alt=\"Sami Pakarinen.\" \/>\n                                            <\/div>\n\n                    <div class=\"person-card-column-right\">\n                                                <p class=\"person-card-name\">Sami Pakarinen<\/p>\n                        \n                                                <p class=\"person-card-position\">&#8221;Arkivaikuttavuuden tutkimus ja tietopohjainen kehitt\u00e4minen vaativat resursseja, joita ei aina ole riitt\u00e4v\u00e4sti saatavilla.&#8221;<\/p>\n                        \n                        \n                                                <p class=\"person-card-text\">Arviointiylil\u00e4\u00e4k\u00e4ri, HUS <\/p>\n                        \n                                            <\/div>\n                <\/div>\n                            <\/div>\n\n\n\n<h2 class=\"wp-block-heading\">Miten m\u00e4\u00e4rittelet arkivaikuttavuuden?<\/h2>\n\n\n\n<p>Arkivaikuttavuus mielest\u00e4ni on p\u00e4\u00e4asiassa tietotuotantoa k\u00e4yt\u00e4nn\u00f6n potilashoidosta ja toimintaprosesseista (RWD) sek\u00e4 tiedon analysointia, raportointia ja konkreettista hy\u00f6dynt\u00e4mist\u00e4 p\u00e4\u00e4t\u00f6ksenteossa ja kehitt\u00e4misess\u00e4.<\/p>\n\n\n\n<h2 class=\"wp-block-heading\">Mink\u00e4laisia menetelmi\u00e4\/ty\u00f6kaluja hy\u00f6dynn\u00e4t omassa tutkimuksessasi arkivaikuttavuudesta?<\/h2>\n\n\n\n<p>K\u00e4yt\u00e4mme l\u00e4hinn\u00e4 reaaliaikaista tiedonkeruuta, data-analyysia ja raportointia. Tiedot ker\u00e4t\u00e4\u00e4n potilastietoj\u00e4rjestelmien tietovarantoihin tuottamasta tiedoista, joista tehd\u00e4\u00e4n l\u00e4hes reaaliaikainen raportointi tiedolla johtamisen ja hoitamisen tarkoitukseen. T\u00e4m\u00e4 tietotuotanto pyrit\u00e4\u00e4n validoimaan my\u00f6s tutkimuskontekstissa.<\/p>\n\n\n\n<h2 class=\"wp-block-heading\">Mit\u00e4 haasteita n\u00e4et arkivaikuttavuustiedon hy\u00f6dynt\u00e4misess\u00e4?<\/h2>\n\n\n\n<p>Ep\u00e4tarkat tai usein puutteelliset tiedot voivat johtaa harhaanjohtaviin johtop\u00e4\u00e4t\u00f6ksiin. Arkivaikuttavuuden tutkimus ja tietopohjainen kehitt\u00e4minen vaativat resursseja, joita ei aina ole riitt\u00e4v\u00e4sti saatavilla. Organisaatiokulttuuri ja muutosvastarinta on my\u00f6s haaste. Kaikki terveydenhuollon ammattilaiset eiv\u00e4t ole valmiita omaksumaan uusia toimintamalleja, kuten rakenteista kirjaamista, vaikka saatu arkivaikuttavuustieto tukisi toiminnan kehitt\u00e4mist\u00e4.<\/p>\n\n\n\n<div class=\"person-card\">\n    \n                    <div class=\"person-card-item\">\n                    <div class=\"person-card-column-left\">\n                                                    <img decoding=\"async\" class=\"person-card-image\" src=\"https:\/\/sites.uef.fi\/vaikuttavuuden-talo\/wp-content\/uploads\/sites\/28\/2025\/03\/Kortelainen-Mika-e1742281032650.jpg\" alt=\"Mika Kortelainen.\" \/>\n                                            <\/div>\n\n                    <div class=\"person-card-column-right\">\n                                                <p class=\"person-card-name\">Mika Kortelainen<\/p>\n                        \n                                                <p class=\"person-card-position\">&#8221;Uudet digipalvelut ja teko\u00e4ly muuttavat sote-palveluja, joten vaikuttavuustietoa arjen p\u00e4\u00e4t\u00f6ksenteon tueksi tarvitaan. T\u00e4t\u00e4 tietoa tuotamme SoteDataLab-hankkeessa.&#8221;<\/p>\n                        \n                        \n                                                <p class=\"person-card-text\">Terveystaloustieteen professori, Turun yliopisto \r\n<\/p>\n                        \n                                            <\/div>\n                <\/div>\n                            <\/div>\n\n\n\n<h2 class=\"wp-block-heading\">Miten m\u00e4\u00e4rittelet arkivaikuttavuuden?<\/h2>\n\n\n\n<p>Pid\u00e4n t\u00e4rke\u00e4mp\u00e4n\u00e4 puhua vaikuttavuudesta yleisesti kuin erotella erikseen &#8221;arkivaikuttavuutta&#8221;, sill\u00e4 vaikuttavuus on aina sidoksissa tutkittavaan v\u00e4est\u00f6\u00f6n, kontekstiin ja tutkimuskysymykseen. T\u00e4ll\u00f6in arkivaikuttavuus n\u00e4ytt\u00e4ytyy ennemmin termin\u00e4, joka korostaa tutkimuksen sovellettavuutta k\u00e4yt\u00e4nn\u00f6n palveluj\u00e4rjestelm\u00e4ss\u00e4 \u2013 n\u00e4k\u00f6kulma, joka tulisi sis\u00e4lty\u00e4 kaikkeen vaikuttavuustutkimukseen.<\/p>\n\n\n\n<h2 class=\"wp-block-heading\">Mink\u00e4laisia menetelmi\u00e4\/ty\u00f6kaluja hy\u00f6dynn\u00e4t omassa tutkimuksessasi arkivaikuttavuudesta?<\/h2>\n\n\n\n<p>Hy\u00f6dynn\u00e4n kokeellisia ja kvasikokeellisia tutkimusasetelmia yhdistettyn\u00e4 laajoihin rekisteri- ja palvelutuotantodatoihin. Menetelmiss\u00e4 korostuvat uskottaviin vertailuasetelmiin perustuva kausaalip\u00e4\u00e4ttely: tavoitteena on arvioida, mit\u00e4 vaikutuksia digitaalisilla terveyspalveluilla ja teko\u00e4lyll\u00e4 on potilaiden hyvinvointiin ja palveluj\u00e4rjestelm\u00e4n toimintaan \u2013 nimenomaan todellisissa k\u00e4ytt\u00f6ymp\u00e4rist\u00f6iss\u00e4.<\/p>\n\n\n\n<h2 class=\"wp-block-heading\">Mit\u00e4 haasteita n\u00e4et arkivaikuttavuustiedon hy\u00f6dynt\u00e4misess\u00e4?<\/h2>\n\n\n\n<p>Suurin haaste liittyy siihen, ett\u00e4 vaikuttavuuden arviointi vaatii tuekseen sek\u00e4 laadukasta dataa ett\u00e4 vahvaa menetelm\u00e4llist\u00e4 otetta, jotta se ei perustu pelkkiin havaittuihin yhteyksiin tai korrelaatioihin. Lis\u00e4ksi vaikuttavuustulokset ovat v\u00e4ist\u00e4m\u00e4tt\u00e4 enemm\u00e4n tai v\u00e4hemm\u00e4n kontekstisidonnaisia \u2013 ne heijastavat tietyn palvelun, v\u00e4est\u00f6n ja toimintaymp\u00e4rist\u00f6n piirteit\u00e4. T\u00e4m\u00e4n vuoksi tulosten yleistett\u00e4vyys tai ekstrapolointi muihin ymp\u00e4rist\u00f6ihin ei ole suoraviivaista ja vaatii huolellista tulkintaa.<\/p>\n\n\n\n<div class=\"person-card\">\n    \n                    <div class=\"person-card-item\">\n                    <div class=\"person-card-column-left\">\n                                                    <img decoding=\"async\" class=\"person-card-image\" src=\"https:\/\/sites.uef.fi\/vaikuttavuuden-talo\/wp-content\/uploads\/sites\/28\/2025\/03\/Antti-Malmivaara.jpg\" alt=\"Antti Malmivaara.\" \/>\n                                            <\/div>\n\n                    <div class=\"person-card-column-right\">\n                                                <p class=\"person-card-name\">Antti Malmivaara<\/p>\n                        \n                                                <p class=\"person-card-position\">&#8221;Sosiaali- ja terveydenhuollon valtakunnan tason arkivaikuttavuuden edist\u00e4misess\u00e4 tarvitaan priorisointia, joka t\u00e4ht\u00e4\u00e4 kustannusvaikuttavuuteen ja kansalaisten yhdenvertaisuuteen.&#8221;\u00a0<\/p>\n                        \n                        \n                                                <p class=\"person-card-text\">Professori, THL<\/p>\n                        \n                                            <\/div>\n                <\/div>\n                            <\/div>\n\n\n\n<h2 class=\"wp-block-heading\">Miten m\u00e4\u00e4rittelet arkivaikuttavuuden?<\/h2>\n\n\n\n<p>Kaikkien sosiaali- ja terveydenhuollon toimien, kuten koulutuksen, arjen ty\u00f6n, johtamisen ja tutkimuksen, tavoitteena on edist\u00e4\u00e4 potilaiden, asiakkaiden ja v\u00e4est\u00f6n terveytt\u00e4 sek\u00e4 hyvinvointia tavanomaisissa sosiaali- ja terveydenhuollon olosuhteissa eli arjessa.&nbsp;<\/p>\n\n\n\n<p>Arkivaikuttavuus tarkoittaa sosiaali- ja terveydenhuollon arjen ty\u00f6ss\u00e4 potilaalle, asiakkaalle ja v\u00e4est\u00f6lle tuotettavaa lis\u00e4arvoa terveyteen ja hyvinvointiin verrattuna siihen, ett\u00e4 ei olisi tehty mit\u00e4\u00e4n tai olisi toimittu jollain toisella tavalla. T\u00e4m\u00e4 edellytt\u00e4\u00e4 vertailuryhm\u00e4\u00e4 ja riitt\u00e4v\u00e4\u00e4 kuvausta kohderyhm\u00e4st\u00e4 ja tehdyist\u00e4 interventioista sek\u00e4 tulosmittareita, joilla kyet\u00e4\u00e4n luotettavasti osoittamaan, kuinka hyvin kyseess\u00e4 olevaa potilas- tai asiakasryhm\u00e4\u00e4 on kyetty tehdyill\u00e4 interventioilla auttamaan.<\/p>\n\n\n\n<h2 class=\"wp-block-heading\">Mink\u00e4laisia menetelmi\u00e4\/ty\u00f6kaluja hy\u00f6dynn\u00e4t omassa tutkimuksessasi arkivaikuttavuudesta?&nbsp;<\/h2>\n\n\n\n<p>\u2019Vaikuttavuus sosiaali- ja terveydenhuollossa\u2019 -kirjassani (Duodecim 2022) kuvaan Benchmarking controlled trial-, eli vertaiskontrolloitu tutkimus -menetelm\u00e4n (alkuper\u00e4isartikkeli 2015). N\u00e4iss\u00e4 julkaisuissa kuvaan arkivaikuttavuuden arvioinnin periaatteet sek\u00e4 kriteerit, joilla arkivaikuttavuutta arvioidaan. Hy\u00f6dynn\u00e4n menetelm\u00e4\u00e4 rutiininomaisesti tutkimuksessa, opetuksessa ja kehitt\u00e4misty\u00f6ss\u00e4.&nbsp;&nbsp;<\/p>\n\n\n\n<p>Artikkelissani Veracity function: integrity and comprehensiveness of evidence\u2019 (2024) kuvaan, kuinka korkea integriteetti ja kattava tiedon hy\u00f6dynt\u00e4minen johtavat luotettavimpaan vaikuttavuusn\u00e4yt\u00f6n arviointiin ja parhaisiin tuloksiin sosiaali- ja terveydenhuollon vaikuttavuutta koskevassa p\u00e4\u00e4t\u00f6ksenteossa. Hy\u00f6dynn\u00e4n todenmukaisuusfunktiota kaikessa arkivaikuttavuuden arviointi- ja edist\u00e4misty\u00f6ss\u00e4.&nbsp;<\/p>\n\n\n\n<h2 class=\"wp-block-heading\">Mit\u00e4 haasteita n\u00e4et arkivaikuttavuustiedon hy\u00f6dynt\u00e4misess\u00e4?<\/h2>\n\n\n\n<p>Tarvitsemme yhten\u00e4ist\u00e4 k\u00e4sityst\u00e4 arkivaikuttavuuden m\u00e4\u00e4ritelm\u00e4st\u00e4. Hoitotuloksia ei tule katsoa vaikuttavuudeksi. Hoitotulokset ovat potilaan tai asiakkaan seurannassa tapahtuvia muutoksia, joihin vaikuttaa tilan luonnollinen lievittyminen. Vertailuryhm\u00e4 on v\u00e4ltt\u00e4m\u00e4t\u00f6n. Tarvitaan my\u00f6s kuvausta potilas- tai asiakasryhm\u00e4st\u00e4 ja heid\u00e4n saamistaan interventioista. Tulosmittarien tulee olla relevantteja kussakin kohderyhm\u00e4ss\u00e4 ja kontekstin mukaan t\u00e4rkeimm\u00e4t mittarit tulee priorisoida. Potilaan kokemukseen perustuvissa PROM-mittareissa t\u00e4m\u00e4 tarkoittaa juuri kyseiselle potilas- tai asiakasryhm\u00e4lle kehitettyj\u00e4 mittareita.&nbsp;&nbsp;<\/p>\n\n\n\n<p>Sosiaali- ja terveydenhuollon valtakunnan tason arkivaikuttavuuden edist\u00e4misess\u00e4 tarvitaan priorisointia, joka t\u00e4ht\u00e4\u00e4 kustannusvaikuttavuuteen ja kansalaisten yhdenvertaisuuteen.&nbsp;<\/p>\n\n\n\n<div class=\"person-card\">\n    \n                    <div class=\"person-card-item\">\n                    <div class=\"person-card-column-left\">\n                                                    <img decoding=\"async\" class=\"person-card-image\" src=\"https:\/\/sites.uef.fi\/vaikuttavuuden-talo\/wp-content\/uploads\/sites\/28\/2025\/05\/Henna-Hasson-scaled-e1746709221471.jpg\" alt=\"Henna Hasson.\" \/>\n                                            <\/div>\n\n                    <div class=\"person-card-column-right\">\n                                                <p class=\"person-card-name\">Henna Hasson<\/p>\n                        \n                                                <p class=\"person-card-position\">&#8221;Arkivaikuttavuus on sit\u00e4, ett\u00e4 menetelm\u00e4t sopivat organisaation prosesseihin ja toimivat k\u00e4yt\u00e4nn\u00f6n tilanteissa.&#8221;<\/p>\n                        \n                        \n                                                <p class=\"person-card-text\">Professori, Karolinska Institutet<\/p>\n                        \n                                            <\/div>\n                <\/div>\n                            <\/div>\n\n\n\n<h2 class=\"wp-block-heading\">Miten m\u00e4\u00e4rittelet arkivaikuttavuuden?\u00a0<\/h2>\n\n\n\n<p>M\u00e4\u00e4rittelen arkivaikuttavuuden implementaation n\u00e4k\u00f6kulmasta. N\u00e4ytt\u00f6\u00f6n perustuvien menetelmien tulee olla toimivia arkitilanteissa. Arkivaikuttavuus on sit\u00e4, ett\u00e4 menetelm\u00e4t sopivat organisaation prosesseihin ja toimivat k\u00e4yt\u00e4nn\u00f6n tilanteissa. Lis\u00e4ksi ne tuottavat selv\u00e4\u00e4 hy\u00f6ty\u00e4 asiakkaille ja organisaatiolle. Arkivaikuttavuus on siis laajempi k\u00e4site kuin menetelm\u00e4n vaikuttavuus tutkimustilanteissa. Tutkimustilanne eroaa usein arkitilanteesta.\u00a0\u00a0<\/p>\n\n\n\n<h2 class=\"wp-block-heading\">Mink\u00e4laisia menetelmi\u00e4\/ty\u00f6kaluja hy\u00f6dynn\u00e4t omassa tutkimuksessasi arkivaikuttavuudesta?\u00a0<\/h2>\n\n\n\n<p>Olen k\u00e4ytt\u00e4nyt suurinta osaa olemassa olevista tiedonkeruumenetelmist\u00e4 omassa tutkimuksessani. Tutkimuskysymykset, joista olen ollut kiinnostunut ovat vaatineet monen erityylisen tiedon ker\u00e4\u00e4mist\u00e4 samanaikaisesti.\u00a0\u00a0<\/p>\n\n\n\n<h2 class=\"wp-block-heading\">Mit\u00e4 haasteita n\u00e4et arkivaikuttavuustiedon hy\u00f6dynt\u00e4misess\u00e4?\u00a0<\/h2>\n\n\n\n<p>T\u00e4ss\u00e4 voi varmasti olla monia haasteita. Omassa tutkimuksessani olen l\u00e4htenyt implementaatiohaasteista: esimerkiksi siit\u00e4, miten tutkimukseen perustuvaa n\u00e4ytt\u00f6\u00e4 voidaan hy\u00f6dynt\u00e4\u00e4 tehokkaasti erilaisissa toimintaymp\u00e4rist\u00f6iss\u00e4 sek\u00e4 mit\u00e4 strategioita juurruttamiseen kannattaa k\u00e4ytt\u00e4\u00e4 ja miss\u00e4 menev\u00e4t rajat menetelmien adaptaatioiden ja uskollisuuden v\u00e4lill\u00e4.\u00a0<\/p>\n","protected":false},"excerpt":{"rendered":"<p>Vaikuttavuuden tutkimuksen p\u00e4ivill\u00e4 puhuttaa arkivaikuttavuus ja menetelm\u00e4t sen tutkimuksessa Vuoden 2025 Vaikuttavuuden tutkimuksen p\u00e4ivill\u00e4 p\u00e4\u00e4puhujina ovat Sami Pakarinen (HUS), Mika Kortelainen (Turun yliopisto) ja Antti Malmivaara (THL) ja Henna Hasson (Karolinska Institutet). Vaikuttavuuden tutkimuksen p\u00e4iv\u00e4t on monitieteinen keskustelufoorumi hyvinvointiin ja terveyteen liittyv\u00e4n vaikuttavuuden tutkijoille ja asiantuntijoille sek\u00e4 jokaiselle, joka kokee tarvitsevansa ty\u00f6ss\u00e4\u00e4n uusinta tutkimustietoa vaikuttavuudesta. [&hellip;]<\/p>\n","protected":false},"author":44,"featured_media":0,"parent":6813,"menu_order":0,"comment_status":"closed","ping_status":"closed","template":"","meta":{"_acf_changed":false,"_monsterinsights_skip_tracking":false,"_monsterinsights_sitenote_active":false,"_monsterinsights_sitenote_note":"","_monsterinsights_sitenote_category":0,"footnotes":""},"class_list":["post-11668","page","type-page","status-publish","hentry"],"acf":[],"yoast_head":"<!-- This site is optimized with the Yoast SEO plugin v27.3 - https:\/\/yoast.com\/product\/yoast-seo-wordpress\/ -->\n<title>P\u00e4\u00e4puhujien ennakkojutut 2025 - Vaikuttavuuden talo<\/title>\n<meta name=\"robots\" content=\"index, follow, max-snippet:-1, max-image-preview:large, max-video-preview:-1\" \/>\n<link rel=\"canonical\" href=\"https:\/\/sites.uef.fi\/vaikuttavuuden-talo\/vaikuttavuuden-tutkimuksen-paivat\/paapuhujien-ennakkojutut-2025\/\" \/>\n<meta property=\"og:locale\" content=\"fi_FI\" \/>\n<meta property=\"og:type\" content=\"article\" \/>\n<meta property=\"og:title\" content=\"P\u00e4\u00e4puhujien ennakkojutut 2025 - Vaikuttavuuden talo\" \/>\n<meta property=\"og:description\" content=\"Vaikuttavuuden tutkimuksen p\u00e4ivill\u00e4 puhuttaa arkivaikuttavuus ja menetelm\u00e4t sen tutkimuksessa Vuoden 2025 Vaikuttavuuden tutkimuksen p\u00e4ivill\u00e4 p\u00e4\u00e4puhujina ovat Sami Pakarinen (HUS), Mika Kortelainen (Turun yliopisto) ja Antti Malmivaara (THL) ja Henna Hasson (Karolinska Institutet). Vaikuttavuuden tutkimuksen p\u00e4iv\u00e4t on monitieteinen keskustelufoorumi hyvinvointiin ja terveyteen liittyv\u00e4n vaikuttavuuden tutkijoille ja asiantuntijoille sek\u00e4 jokaiselle, joka kokee tarvitsevansa ty\u00f6ss\u00e4\u00e4n uusinta tutkimustietoa vaikuttavuudesta. [&hellip;]\" \/>\n<meta property=\"og:url\" content=\"https:\/\/sites.uef.fi\/vaikuttavuuden-talo\/vaikuttavuuden-tutkimuksen-paivat\/paapuhujien-ennakkojutut-2025\/\" \/>\n<meta property=\"og:site_name\" content=\"Vaikuttavuuden talo\" \/>\n<meta property=\"article:modified_time\" content=\"2025-05-26T06:05:16+00:00\" \/>\n<meta name=\"twitter:card\" content=\"summary_large_image\" \/>\n<meta name=\"twitter:label1\" content=\"Arvioitu lukuaika\" \/>\n\t<meta name=\"twitter:data1\" content=\"4 minuuttia\" \/>\n<script type=\"application\/ld+json\" class=\"yoast-schema-graph\">{\"@context\":\"https:\\\/\\\/schema.org\",\"@graph\":[{\"@type\":\"WebPage\",\"@id\":\"https:\\\/\\\/sites.uef.fi\\\/vaikuttavuuden-talo\\\/vaikuttavuuden-tutkimuksen-paivat\\\/paapuhujien-ennakkojutut-2025\\\/\",\"url\":\"https:\\\/\\\/sites.uef.fi\\\/vaikuttavuuden-talo\\\/vaikuttavuuden-tutkimuksen-paivat\\\/paapuhujien-ennakkojutut-2025\\\/\",\"name\":\"P\u00e4\u00e4puhujien ennakkojutut 2025 - Vaikuttavuuden talo\",\"isPartOf\":{\"@id\":\"https:\\\/\\\/sites.uef.fi\\\/vaikuttavuuden-talo\\\/#website\"},\"datePublished\":\"2025-04-23T06:37:34+00:00\",\"dateModified\":\"2025-05-26T06:05:16+00:00\",\"breadcrumb\":{\"@id\":\"https:\\\/\\\/sites.uef.fi\\\/vaikuttavuuden-talo\\\/vaikuttavuuden-tutkimuksen-paivat\\\/paapuhujien-ennakkojutut-2025\\\/#breadcrumb\"},\"inLanguage\":\"fi\",\"potentialAction\":[{\"@type\":\"ReadAction\",\"target\":[\"https:\\\/\\\/sites.uef.fi\\\/vaikuttavuuden-talo\\\/vaikuttavuuden-tutkimuksen-paivat\\\/paapuhujien-ennakkojutut-2025\\\/\"]}]},{\"@type\":\"BreadcrumbList\",\"@id\":\"https:\\\/\\\/sites.uef.fi\\\/vaikuttavuuden-talo\\\/vaikuttavuuden-tutkimuksen-paivat\\\/paapuhujien-ennakkojutut-2025\\\/#breadcrumb\",\"itemListElement\":[{\"@type\":\"ListItem\",\"position\":1,\"name\":\"Home\",\"item\":\"https:\\\/\\\/sites.uef.fi\\\/vaikuttavuuden-talo\\\/\"},{\"@type\":\"ListItem\",\"position\":2,\"name\":\"Vaikuttavuuden tutkimuksen p\u00e4iv\u00e4t 2026\",\"item\":\"https:\\\/\\\/sites.uef.fi\\\/vaikuttavuuden-talo\\\/vaikuttavuuden-tutkimuksen-paivat\\\/\"},{\"@type\":\"ListItem\",\"position\":3,\"name\":\"P\u00e4\u00e4puhujien ennakkojutut 2025\"}]},{\"@type\":\"WebSite\",\"@id\":\"https:\\\/\\\/sites.uef.fi\\\/vaikuttavuuden-talo\\\/#website\",\"url\":\"https:\\\/\\\/sites.uef.fi\\\/vaikuttavuuden-talo\\\/\",\"name\":\"Vaikuttavuuden talo\",\"description\":\"\",\"potentialAction\":[{\"@type\":\"SearchAction\",\"target\":{\"@type\":\"EntryPoint\",\"urlTemplate\":\"https:\\\/\\\/sites.uef.fi\\\/vaikuttavuuden-talo\\\/?s={search_term_string}\"},\"query-input\":{\"@type\":\"PropertyValueSpecification\",\"valueRequired\":true,\"valueName\":\"search_term_string\"}}],\"inLanguage\":\"fi\"}]}<\/script>\n<!-- \/ Yoast SEO plugin. -->","yoast_head_json":{"title":"P\u00e4\u00e4puhujien ennakkojutut 2025 - Vaikuttavuuden talo","robots":{"index":"index","follow":"follow","max-snippet":"max-snippet:-1","max-image-preview":"max-image-preview:large","max-video-preview":"max-video-preview:-1"},"canonical":"https:\/\/sites.uef.fi\/vaikuttavuuden-talo\/vaikuttavuuden-tutkimuksen-paivat\/paapuhujien-ennakkojutut-2025\/","og_locale":"fi_FI","og_type":"article","og_title":"P\u00e4\u00e4puhujien ennakkojutut 2025 - Vaikuttavuuden talo","og_description":"Vaikuttavuuden tutkimuksen p\u00e4ivill\u00e4 puhuttaa arkivaikuttavuus ja menetelm\u00e4t sen tutkimuksessa Vuoden 2025 Vaikuttavuuden tutkimuksen p\u00e4ivill\u00e4 p\u00e4\u00e4puhujina ovat Sami Pakarinen (HUS), Mika Kortelainen (Turun yliopisto) ja Antti Malmivaara (THL) ja Henna Hasson (Karolinska Institutet). Vaikuttavuuden tutkimuksen p\u00e4iv\u00e4t on monitieteinen keskustelufoorumi hyvinvointiin ja terveyteen liittyv\u00e4n vaikuttavuuden tutkijoille ja asiantuntijoille sek\u00e4 jokaiselle, joka kokee tarvitsevansa ty\u00f6ss\u00e4\u00e4n uusinta tutkimustietoa vaikuttavuudesta. [&hellip;]","og_url":"https:\/\/sites.uef.fi\/vaikuttavuuden-talo\/vaikuttavuuden-tutkimuksen-paivat\/paapuhujien-ennakkojutut-2025\/","og_site_name":"Vaikuttavuuden talo","article_modified_time":"2025-05-26T06:05:16+00:00","twitter_card":"summary_large_image","twitter_misc":{"Arvioitu lukuaika":"4 minuuttia"},"schema":{"@context":"https:\/\/schema.org","@graph":[{"@type":"WebPage","@id":"https:\/\/sites.uef.fi\/vaikuttavuuden-talo\/vaikuttavuuden-tutkimuksen-paivat\/paapuhujien-ennakkojutut-2025\/","url":"https:\/\/sites.uef.fi\/vaikuttavuuden-talo\/vaikuttavuuden-tutkimuksen-paivat\/paapuhujien-ennakkojutut-2025\/","name":"P\u00e4\u00e4puhujien ennakkojutut 2025 - Vaikuttavuuden talo","isPartOf":{"@id":"https:\/\/sites.uef.fi\/vaikuttavuuden-talo\/#website"},"datePublished":"2025-04-23T06:37:34+00:00","dateModified":"2025-05-26T06:05:16+00:00","breadcrumb":{"@id":"https:\/\/sites.uef.fi\/vaikuttavuuden-talo\/vaikuttavuuden-tutkimuksen-paivat\/paapuhujien-ennakkojutut-2025\/#breadcrumb"},"inLanguage":"fi","potentialAction":[{"@type":"ReadAction","target":["https:\/\/sites.uef.fi\/vaikuttavuuden-talo\/vaikuttavuuden-tutkimuksen-paivat\/paapuhujien-ennakkojutut-2025\/"]}]},{"@type":"BreadcrumbList","@id":"https:\/\/sites.uef.fi\/vaikuttavuuden-talo\/vaikuttavuuden-tutkimuksen-paivat\/paapuhujien-ennakkojutut-2025\/#breadcrumb","itemListElement":[{"@type":"ListItem","position":1,"name":"Home","item":"https:\/\/sites.uef.fi\/vaikuttavuuden-talo\/"},{"@type":"ListItem","position":2,"name":"Vaikuttavuuden tutkimuksen p\u00e4iv\u00e4t 2026","item":"https:\/\/sites.uef.fi\/vaikuttavuuden-talo\/vaikuttavuuden-tutkimuksen-paivat\/"},{"@type":"ListItem","position":3,"name":"P\u00e4\u00e4puhujien ennakkojutut 2025"}]},{"@type":"WebSite","@id":"https:\/\/sites.uef.fi\/vaikuttavuuden-talo\/#website","url":"https:\/\/sites.uef.fi\/vaikuttavuuden-talo\/","name":"Vaikuttavuuden talo","description":"","potentialAction":[{"@type":"SearchAction","target":{"@type":"EntryPoint","urlTemplate":"https:\/\/sites.uef.fi\/vaikuttavuuden-talo\/?s={search_term_string}"},"query-input":{"@type":"PropertyValueSpecification","valueRequired":true,"valueName":"search_term_string"}}],"inLanguage":"fi"}]}},"_links":{"self":[{"href":"https:\/\/sites.uef.fi\/vaikuttavuuden-talo\/wp-json\/wp\/v2\/pages\/11668","targetHints":{"allow":["GET"]}}],"collection":[{"href":"https:\/\/sites.uef.fi\/vaikuttavuuden-talo\/wp-json\/wp\/v2\/pages"}],"about":[{"href":"https:\/\/sites.uef.fi\/vaikuttavuuden-talo\/wp-json\/wp\/v2\/types\/page"}],"author":[{"embeddable":true,"href":"https:\/\/sites.uef.fi\/vaikuttavuuden-talo\/wp-json\/wp\/v2\/users\/44"}],"replies":[{"embeddable":true,"href":"https:\/\/sites.uef.fi\/vaikuttavuuden-talo\/wp-json\/wp\/v2\/comments?post=11668"}],"version-history":[{"count":1,"href":"https:\/\/sites.uef.fi\/vaikuttavuuden-talo\/wp-json\/wp\/v2\/pages\/11668\/revisions"}],"predecessor-version":[{"id":11790,"href":"https:\/\/sites.uef.fi\/vaikuttavuuden-talo\/wp-json\/wp\/v2\/pages\/11668\/revisions\/11790"}],"up":[{"embeddable":true,"href":"https:\/\/sites.uef.fi\/vaikuttavuuden-talo\/wp-json\/wp\/v2\/pages\/6813"}],"wp:attachment":[{"href":"https:\/\/sites.uef.fi\/vaikuttavuuden-talo\/wp-json\/wp\/v2\/media?parent=11668"}],"curies":[{"name":"wp","href":"https:\/\/api.w.org\/{rel}","templated":true}]}}