{"id":1169,"date":"2020-04-30T10:49:41","date_gmt":"2020-04-30T08:49:41","guid":{"rendered":"https:\/\/sites.uef.fi\/vaikuttavuuden-talo\/tutkimusideapankki\/"},"modified":"2020-08-12T14:16:20","modified_gmt":"2020-08-12T12:16:20","slug":"tutkimusideapankki","status":"publish","type":"page","link":"https:\/\/sites.uef.fi\/vaikuttavuuden-talo\/tutkimusideapankki\/","title":{"rendered":"Tutkimusideapankki"},"content":{"rendered":"<h1 id=\"yui_patched_v3_11_0_1_1588236547437_515\">Ehdota tutkimusideaa, opinn\u00e4ytett\u00e4 tai yhteisty\u00f6t\u00e4!<\/h1>\n<p>Vaikuttavuuden talo&nbsp;ottaa vastaan ehdotuksia tutkimusideoista, opinn\u00e4ytteist\u00e4 tai tutkimusyhteisty\u00f6ehdotuksia, jotka palvelisivat keskeisi\u00e4 sidosryhmi\u00e4 k\u00e4yt\u00e4nn\u00f6n ty\u00f6ss\u00e4 ja tukisivat p\u00e4\u00e4t\u00f6ksentekoa.<\/p>\n<p><strong>Voit ehdottaa tutkimusideaa joko opiskelijaty\u00f6n\u00e4 teht\u00e4v\u00e4ksi tai laajempaa tutkimusyhteisty\u00f6t\u00e4 varten <\/strong><a href=\"https:\/\/elomake.uef.fi\/lomakkeet\/22468\/lomake.html\" target=\"_blank\" rel=\"noopener noreferrer\"><strong>s\u00e4hk\u00f6isell\u00e4 lomakkeella<\/strong><\/a>.<\/p>\n<p>Tutkimusideat toteutetaan p\u00e4\u00e4osin opiskelijavoimin.<\/p>\n<p>Kaikki tutkimusideat k\u00e4yd\u00e4\u00e4n l\u00e4pi Vaikuttavuuden talon koordinaatioryhm\u00e4ss\u00e4, jossa arvioidaan tutkimusidean toteutettavuus opiskelijaty\u00f6n\u00e4 tai laajempana tutkimushankkeena sek\u00e4 mahdolliset rajaus- ja lis\u00e4resurssitarpeet.<\/p>\n<p id=\"yui_patched_v3_11_0_1_1588236547437_570\">Ty\u00f6ryhm\u00e4n yhdyshenkil\u00f6 ottaa ilmoittamaasi tilaajan yhdyshenkil\u00f6\u00f6n yhteytt\u00e4 kahden viikon sis\u00e4ll\u00e4 hakemuksen saapumisesta.<\/p>\n","protected":false},"excerpt":{"rendered":"<p>Ehdota tutkimusideaa, opinn\u00e4ytett\u00e4 tai yhteisty\u00f6t\u00e4! Vaikuttavuuden talo&nbsp;ottaa vastaan ehdotuksia tutkimusideoista, opinn\u00e4ytteist\u00e4 tai tutkimusyhteisty\u00f6ehdotuksia, jotka palvelisivat keskeisi\u00e4 sidosryhmi\u00e4 k\u00e4yt\u00e4nn\u00f6n ty\u00f6ss\u00e4 ja tukisivat p\u00e4\u00e4t\u00f6ksentekoa. Voit ehdottaa tutkimusideaa joko opiskelijaty\u00f6n\u00e4 teht\u00e4v\u00e4ksi tai laajempaa tutkimusyhteisty\u00f6t\u00e4 varten s\u00e4hk\u00f6isell\u00e4 lomakkeella. Tutkimusideat toteutetaan p\u00e4\u00e4osin opiskelijavoimin. Kaikki tutkimusideat k\u00e4yd\u00e4\u00e4n l\u00e4pi Vaikuttavuuden talon koordinaatioryhm\u00e4ss\u00e4, jossa arvioidaan tutkimusidean toteutettavuus opiskelijaty\u00f6n\u00e4 tai laajempana tutkimushankkeena sek\u00e4 mahdolliset [&hellip;]<\/p>\n","protected":false},"author":39,"featured_media":0,"parent":0,"menu_order":0,"comment_status":"closed","ping_status":"closed","template":"","meta":{"_acf_changed":false,"_monsterinsights_skip_tracking":false,"_monsterinsights_sitenote_active":false,"_monsterinsights_sitenote_note":"","_monsterinsights_sitenote_category":0,"footnotes":""},"class_list":["post-1169","page","type-page","status-publish","hentry"],"acf":[],"yoast_head":"<!-- This site is optimized with the Yoast SEO plugin v27.3 - https:\/\/yoast.com\/product\/yoast-seo-wordpress\/ -->\n<title>Tutkimusideapankki - Vaikuttavuuden talo<\/title>\n<meta name=\"robots\" content=\"index, follow, max-snippet:-1, max-image-preview:large, max-video-preview:-1\" \/>\n<link rel=\"canonical\" href=\"https:\/\/sites.uef.fi\/vaikuttavuuden-talo\/tutkimusideapankki\/\" \/>\n<meta property=\"og:locale\" content=\"fi_FI\" \/>\n<meta property=\"og:type\" content=\"article\" \/>\n<meta property=\"og:title\" content=\"Tutkimusideapankki - Vaikuttavuuden talo\" \/>\n<meta property=\"og:description\" content=\"Ehdota tutkimusideaa, opinn\u00e4ytett\u00e4 tai yhteisty\u00f6t\u00e4! Vaikuttavuuden talo&nbsp;ottaa vastaan ehdotuksia tutkimusideoista, opinn\u00e4ytteist\u00e4 tai tutkimusyhteisty\u00f6ehdotuksia, jotka palvelisivat keskeisi\u00e4 sidosryhmi\u00e4 k\u00e4yt\u00e4nn\u00f6n ty\u00f6ss\u00e4 ja tukisivat p\u00e4\u00e4t\u00f6ksentekoa. Voit ehdottaa tutkimusideaa joko opiskelijaty\u00f6n\u00e4 teht\u00e4v\u00e4ksi tai laajempaa tutkimusyhteisty\u00f6t\u00e4 varten s\u00e4hk\u00f6isell\u00e4 lomakkeella. Tutkimusideat toteutetaan p\u00e4\u00e4osin opiskelijavoimin. Kaikki tutkimusideat k\u00e4yd\u00e4\u00e4n l\u00e4pi Vaikuttavuuden talon koordinaatioryhm\u00e4ss\u00e4, jossa arvioidaan tutkimusidean toteutettavuus opiskelijaty\u00f6n\u00e4 tai laajempana tutkimushankkeena sek\u00e4 mahdolliset [&hellip;]\" \/>\n<meta property=\"og:url\" content=\"https:\/\/sites.uef.fi\/vaikuttavuuden-talo\/tutkimusideapankki\/\" \/>\n<meta property=\"og:site_name\" content=\"Vaikuttavuuden talo\" \/>\n<meta property=\"article:modified_time\" content=\"2020-08-12T12:16:20+00:00\" \/>\n<meta name=\"twitter:card\" content=\"summary_large_image\" \/>\n<script type=\"application\/ld+json\" class=\"yoast-schema-graph\">{\"@context\":\"https:\\\/\\\/schema.org\",\"@graph\":[{\"@type\":\"WebPage\",\"@id\":\"https:\\\/\\\/sites.uef.fi\\\/vaikuttavuuden-talo\\\/tutkimusideapankki\\\/\",\"url\":\"https:\\\/\\\/sites.uef.fi\\\/vaikuttavuuden-talo\\\/tutkimusideapankki\\\/\",\"name\":\"Tutkimusideapankki - Vaikuttavuuden talo\",\"isPartOf\":{\"@id\":\"https:\\\/\\\/sites.uef.fi\\\/vaikuttavuuden-talo\\\/#website\"},\"datePublished\":\"2020-04-30T08:49:41+00:00\",\"dateModified\":\"2020-08-12T12:16:20+00:00\",\"breadcrumb\":{\"@id\":\"https:\\\/\\\/sites.uef.fi\\\/vaikuttavuuden-talo\\\/tutkimusideapankki\\\/#breadcrumb\"},\"inLanguage\":\"fi\",\"potentialAction\":[{\"@type\":\"ReadAction\",\"target\":[\"https:\\\/\\\/sites.uef.fi\\\/vaikuttavuuden-talo\\\/tutkimusideapankki\\\/\"]}]},{\"@type\":\"BreadcrumbList\",\"@id\":\"https:\\\/\\\/sites.uef.fi\\\/vaikuttavuuden-talo\\\/tutkimusideapankki\\\/#breadcrumb\",\"itemListElement\":[{\"@type\":\"ListItem\",\"position\":1,\"name\":\"Home\",\"item\":\"https:\\\/\\\/sites.uef.fi\\\/vaikuttavuuden-talo\\\/\"},{\"@type\":\"ListItem\",\"position\":2,\"name\":\"Tutkimusideapankki\"}]},{\"@type\":\"WebSite\",\"@id\":\"https:\\\/\\\/sites.uef.fi\\\/vaikuttavuuden-talo\\\/#website\",\"url\":\"https:\\\/\\\/sites.uef.fi\\\/vaikuttavuuden-talo\\\/\",\"name\":\"Vaikuttavuuden talo\",\"description\":\"\",\"potentialAction\":[{\"@type\":\"SearchAction\",\"target\":{\"@type\":\"EntryPoint\",\"urlTemplate\":\"https:\\\/\\\/sites.uef.fi\\\/vaikuttavuuden-talo\\\/?s={search_term_string}\"},\"query-input\":{\"@type\":\"PropertyValueSpecification\",\"valueRequired\":true,\"valueName\":\"search_term_string\"}}],\"inLanguage\":\"fi\"}]}<\/script>\n<!-- \/ Yoast SEO plugin. -->","yoast_head_json":{"title":"Tutkimusideapankki - Vaikuttavuuden talo","robots":{"index":"index","follow":"follow","max-snippet":"max-snippet:-1","max-image-preview":"max-image-preview:large","max-video-preview":"max-video-preview:-1"},"canonical":"https:\/\/sites.uef.fi\/vaikuttavuuden-talo\/tutkimusideapankki\/","og_locale":"fi_FI","og_type":"article","og_title":"Tutkimusideapankki - Vaikuttavuuden talo","og_description":"Ehdota tutkimusideaa, opinn\u00e4ytett\u00e4 tai yhteisty\u00f6t\u00e4! Vaikuttavuuden talo&nbsp;ottaa vastaan ehdotuksia tutkimusideoista, opinn\u00e4ytteist\u00e4 tai tutkimusyhteisty\u00f6ehdotuksia, jotka palvelisivat keskeisi\u00e4 sidosryhmi\u00e4 k\u00e4yt\u00e4nn\u00f6n ty\u00f6ss\u00e4 ja tukisivat p\u00e4\u00e4t\u00f6ksentekoa. Voit ehdottaa tutkimusideaa joko opiskelijaty\u00f6n\u00e4 teht\u00e4v\u00e4ksi tai laajempaa tutkimusyhteisty\u00f6t\u00e4 varten s\u00e4hk\u00f6isell\u00e4 lomakkeella. Tutkimusideat toteutetaan p\u00e4\u00e4osin opiskelijavoimin. Kaikki tutkimusideat k\u00e4yd\u00e4\u00e4n l\u00e4pi Vaikuttavuuden talon koordinaatioryhm\u00e4ss\u00e4, jossa arvioidaan tutkimusidean toteutettavuus opiskelijaty\u00f6n\u00e4 tai laajempana tutkimushankkeena sek\u00e4 mahdolliset [&hellip;]","og_url":"https:\/\/sites.uef.fi\/vaikuttavuuden-talo\/tutkimusideapankki\/","og_site_name":"Vaikuttavuuden talo","article_modified_time":"2020-08-12T12:16:20+00:00","twitter_card":"summary_large_image","schema":{"@context":"https:\/\/schema.org","@graph":[{"@type":"WebPage","@id":"https:\/\/sites.uef.fi\/vaikuttavuuden-talo\/tutkimusideapankki\/","url":"https:\/\/sites.uef.fi\/vaikuttavuuden-talo\/tutkimusideapankki\/","name":"Tutkimusideapankki - Vaikuttavuuden talo","isPartOf":{"@id":"https:\/\/sites.uef.fi\/vaikuttavuuden-talo\/#website"},"datePublished":"2020-04-30T08:49:41+00:00","dateModified":"2020-08-12T12:16:20+00:00","breadcrumb":{"@id":"https:\/\/sites.uef.fi\/vaikuttavuuden-talo\/tutkimusideapankki\/#breadcrumb"},"inLanguage":"fi","potentialAction":[{"@type":"ReadAction","target":["https:\/\/sites.uef.fi\/vaikuttavuuden-talo\/tutkimusideapankki\/"]}]},{"@type":"BreadcrumbList","@id":"https:\/\/sites.uef.fi\/vaikuttavuuden-talo\/tutkimusideapankki\/#breadcrumb","itemListElement":[{"@type":"ListItem","position":1,"name":"Home","item":"https:\/\/sites.uef.fi\/vaikuttavuuden-talo\/"},{"@type":"ListItem","position":2,"name":"Tutkimusideapankki"}]},{"@type":"WebSite","@id":"https:\/\/sites.uef.fi\/vaikuttavuuden-talo\/#website","url":"https:\/\/sites.uef.fi\/vaikuttavuuden-talo\/","name":"Vaikuttavuuden talo","description":"","potentialAction":[{"@type":"SearchAction","target":{"@type":"EntryPoint","urlTemplate":"https:\/\/sites.uef.fi\/vaikuttavuuden-talo\/?s={search_term_string}"},"query-input":{"@type":"PropertyValueSpecification","valueRequired":true,"valueName":"search_term_string"}}],"inLanguage":"fi"}]}},"_links":{"self":[{"href":"https:\/\/sites.uef.fi\/vaikuttavuuden-talo\/wp-json\/wp\/v2\/pages\/1169","targetHints":{"allow":["GET"]}}],"collection":[{"href":"https:\/\/sites.uef.fi\/vaikuttavuuden-talo\/wp-json\/wp\/v2\/pages"}],"about":[{"href":"https:\/\/sites.uef.fi\/vaikuttavuuden-talo\/wp-json\/wp\/v2\/types\/page"}],"author":[{"embeddable":true,"href":"https:\/\/sites.uef.fi\/vaikuttavuuden-talo\/wp-json\/wp\/v2\/users\/39"}],"replies":[{"embeddable":true,"href":"https:\/\/sites.uef.fi\/vaikuttavuuden-talo\/wp-json\/wp\/v2\/comments?post=1169"}],"version-history":[{"count":1,"href":"https:\/\/sites.uef.fi\/vaikuttavuuden-talo\/wp-json\/wp\/v2\/pages\/1169\/revisions"}],"predecessor-version":[{"id":1175,"href":"https:\/\/sites.uef.fi\/vaikuttavuuden-talo\/wp-json\/wp\/v2\/pages\/1169\/revisions\/1175"}],"wp:attachment":[{"href":"https:\/\/sites.uef.fi\/vaikuttavuuden-talo\/wp-json\/wp\/v2\/media?parent=1169"}],"curies":[{"name":"wp","href":"https:\/\/api.w.org\/{rel}","templated":true}]}}