{"id":11715,"date":"2025-05-13T10:19:39","date_gmt":"2025-05-13T08:19:39","guid":{"rendered":"https:\/\/sites.uef.fi\/vaikuttavuuden-talo\/?page_id=11715"},"modified":"2025-10-07T07:38:38","modified_gmt":"2025-10-07T05:38:38","slug":"ohjelma-2025","status":"publish","type":"page","link":"https:\/\/sites.uef.fi\/vaikuttavuuden-talo\/vaikuttavuuden-tutkimuksen-paivat\/ohjelma-2025\/","title":{"rendered":"Ohjelma 2025"},"content":{"rendered":"\n<h2 class=\"wp-block-heading\">Vaikuttavuuden tutkimuksen p\u00e4ivien ohjelma<\/h2>\n\n\n\n<p><strong>Seuraa Vaikuttavuuden tutkimuksen p\u00e4ivi\u00e4 LinkedIn:ss\u00e4: UEF\/ Vaikuttavuuden talo (House of Effectiveness), k\u00e4yt\u00e4 tunnisteita #VTpaivat2025, #vaikuttavuus, #effectiveness<\/strong><\/p>\n\n\n\n<h3 class=\"wp-block-heading\">Maanantai 6.10.<\/h3>\n\n\n\n<h3 class=\"wp-block-heading\">Prekonferenssi: Hyv\u00e4ll\u00e4 tiedonhallinnalla lis\u00e4\u00e4 vaikuttavuutta terveydenhuoltoon<\/h3>\n\n\n\n<p><strong>Aika: 16:00\u201319:00<br>Paikka: It\u00e4-Suomen yliopisto, Kuopion kampus, Snellmania SN200<\/strong><\/p>\n\n\n\n<p>Ty\u00f6pajassa pureudutaan tiedonhallinnan ajankohtaisiin tutkimusteemoihin ja ilmi\u00f6ihin. Kuulemme alustuksia teko\u00e4lysovellusten k\u00e4yt\u00f6st\u00e4, toisiok\u00e4yt\u00f6n ja tietosuojan v\u00e4lisist\u00e4 j\u00e4nnitteist\u00e4 sek\u00e4 terveydenhuollon digitaalisten palvelujen k\u00e4yt\u00f6st\u00e4 ja niihin liittyvist\u00e4 kansalaisten yksityisyyshuolista. Professori Hanna Kuusisto It\u00e4-Suomen yliopistosta johdattelee meid\u00e4t pohtimaan miten ammattilaisen ja potilaan yhteinen p\u00e4\u00e4t\u00f6ksenteko voi lis\u00e4t\u00e4 hoidon vaikuttavuutta. Ty\u00f6pajassa on luvassa innostavia puheenvuoroja ja keskusteluja alan tutkijoilta. Tilaisuuteen toivotetaan tervetulleiksi kaikki aiheesta kiinnostuneet tutkijat, kehitt\u00e4j\u00e4t sek\u00e4 sosiaali- ja terveydenhuollon ja HYTE:n ammattilaiset.<\/p>\n\n\n\n<p><strong>Ohjelma<\/strong><\/p>\n\n\n\n<p><strong>16:00\u201316:30<\/strong> Kahvi- ja teetarjoilu<br>Puheenjohtaja professori Ulla-Mari Kinnunen<br><strong>16:30\u201317:00<\/strong> Terveydenhuollon ammattilaisten kokemuksia teko\u00e4lysovellusten k\u00e4yt\u00f6st\u00e4 potilashoidossa ja diagnostiikassa. J\u00e4rjestelm\u00e4llinen katsaus. Tanja Ripatti ja Paula Aaltonen.<br><strong>17:00\u201317:30<\/strong> Toisiok\u00e4yt\u00f6n odotusten ja tietosuojan v\u00e4liset j\u00e4nnitteet tutkimuskirjallisuudessa. V\u00e4it\u00f6skirjatutkija Mikko Huovila.<br><strong>17:30\u201318:00 <\/strong>Proshade &#8211; Jaettu p\u00e4\u00e4t\u00f6ksenteko lis\u00e4\u00e4 hoidon vaikuttavuutta, professori Hanna Kuusisto. (et\u00e4yhteydell\u00e4)<br><strong>18:00\u201318:30 <\/strong>Yksityisyyshuolet terveydenhuollon digitaalisissa palveluissa OmaKannan k\u00e4ytt\u00e4jien keskuudessa. V\u00e4it\u00f6skirjatutkija, ty\u00f6el\u00e4m\u00e4tohtori, Maiju Kyyts\u00f6nen. (et\u00e4yhteydell\u00e4)<br><strong>18:30\u201319:00<\/strong> Yksil\u00f6llisten tekij\u00f6iden vaikutus digitaalisten palvelujen k\u00e4ytt\u00f6\u00f6n rekisteritutkimuksen valossa, Case Oma H\u00e4me. V\u00e4it\u00f6skirjatutkija Ilona R\u00f6nkk\u00f6. &nbsp;<\/p>\n\n\n\n<p><strong>Ilmoittaudu<\/strong> prekonferenssiin t\u00e4ll\u00e4 lomakkeella <strong>25.9.<\/strong> menness\u00e4.<\/p>\n\n\n\n<h3 class=\"wp-block-heading\">Tiistai 7.10.<\/h3>\n\n\n\n<p><strong>9.00<strong><strong><strong>\u2013<\/strong><\/strong><\/strong>9.30<\/strong> <strong>Ilmoittautuminen ja aamukahvit hedelmien kera<\/strong> (Snellmania)<\/p>\n\n\n\n<p><strong>9.30<strong><strong><strong>\u2013<\/strong><\/strong><\/strong>9.50<\/strong>&nbsp;<strong>Vaikuttavuuden tutkimuksen p\u00e4ivien avaaminen<\/strong>, rehtori <strong>Tapio M\u00e4\u00e4tt\u00e4<\/strong>, It\u00e4-Suomen yliopisto (UEF) (Snellmania, SN100)<\/p>\n\n\n\n<p><strong>9.50<strong><strong><strong>\u2013<\/strong><\/strong><\/strong>10.50<\/strong>&nbsp;<strong>PLENARY &#8221;Menetelm\u00e4uskollisuuden ja adaptaatioiden hallinta arkivaikuttavuuden n\u00e4k\u00f6kulmasta&#8221;<\/strong>, professori <strong>Henna Hasson<\/strong>, Karolinska Institutet, Sweden (SN100)<\/p>\n\n\n\n<p><strong>10.50<strong><strong><strong>\u2013<\/strong><\/strong><\/strong>11.00&nbsp;Tauko<\/strong><\/p>\n\n\n\n<p><strong>11.00<strong><strong><strong>\u2013<\/strong><\/strong><\/strong>12.00&nbsp;PLENARY \u201cVaikuttavuuden arviointi sosiaali- ja terveyspalveluissa: mit\u00e4 on luotettava arkivaikuttavuustieto ja kuinka sit\u00e4 hy\u00f6dynnet\u00e4\u00e4n palveluiden optimoinnissa\u201d<\/strong>,<strong> <\/strong>professori <strong>Antti Malmivaara<\/strong>, THL (SN100)&nbsp;<\/p>\n\n\n\n<p><strong>12.00<strong><strong><strong>\u2013<\/strong><\/strong><\/strong>13.30 Lounastauko&nbsp;<\/strong><\/p>\n\n\n\n<p><strong>13.30<strong><strong><strong>\u2013<\/strong><\/strong><\/strong>15.00&nbsp;TEMAATTISET RINNAKKAISSESSIOT<\/strong> (Snellmania)<\/p>\n\n\n\n<p><a href=\"https:\/\/sites.uef.fi\/vaikuttavuuden-talo\/vaikuttavuuden-tutkimuksen-paivat\/abstraktikirja-2025\/#sessio1\">SESSIO 1: Hoidon ja terveyspalveluiden vaikuttavuus \u2013 osa 1<\/a>, Pj:&nbsp;Emma Aarnio, UEF (SN200)&nbsp;<\/p>\n\n\n\n<ul class=\"wp-block-list\">\n<li>Digitaalisten terveyspalveluiden vaikutus kroonisissa sairauksissa: sateenvarjokatsaus, Paulus Torkki, Helsingin yliopisto<\/li>\n\n\n\n<li>Impact of mental disorders on achievement of treatment target, mortality, and complications among patients with type 2 diabetes: an 8-year follow-up study, Nazma Nazu, UEF&nbsp;<\/li>\n\n\n\n<li>Jalkautuvat psykiatriset sairaanhoitajat nuorten mielenterveyden tukena, Anne Surakka, UEF&nbsp;<\/li>\n\n\n\n<li>Alustavia tuloksia digitaalisesta mielen hyvinvoinnin edist\u00e4misest\u00e4 Pohjois-Savossa \u2013 arkivaikuttavuus, toimivat ratkaisut ja kehityskohdat, Hanna Rekola, UEF &amp; Pohjois-Savon hyvinvointialue<\/li>\n<\/ul>\n\n\n\n<p><a href=\"https:\/\/sites.uef.fi\/vaikuttavuuden-talo\/vaikuttavuuden-tutkimuksen-paivat\/abstraktikirja-2025\/#sessio2\">SESSIO 2: Implementointitutkimus<\/a>, Pj: Mervi Rantsi, UEF (SN201)&nbsp;<\/p>\n\n\n\n<ul class=\"wp-block-list\">\n<li>Terveysmetsien k\u00e4ytt\u00f6 sosiaali- ja terveyspalveluissa \u2013 kyselytutkimus Kainuun ja P\u00e4ij\u00e4t-H\u00e4meen hyvinvointialueiden ty\u00f6ntekij\u00f6ille, Maija Lipponen, Luonnonvarakeskus<\/li>\n\n\n\n<li>Lapsiperheen vahvat rahataidot -intervention hyv\u00e4ksytt\u00e4vyys asiakkaiden ja ty\u00f6ntekij\u00f6iden n\u00e4k\u00f6kulmasta, Katri Viitasalo, Helsingin yliopisto<\/li>\n\n\n\n<li>Kroonisen munuaistaudin varhaisen seulonnan vaikuttavuuden ennakointity\u00f6kalu seulontatoiminnan skaalaamisen tukena, Kari Jalkanen, UEF<\/li>\n<\/ul>\n\n\n\n<p><strong>15.00<strong><strong><strong>\u2013<\/strong><\/strong><\/strong>16.00 Kahvitauko, <a href=\"https:\/\/sites.uef.fi\/vaikuttavuuden-talo\/vaikuttavuuden-tutkimuksen-paivat\/abstraktikirja-2025\/#posterit\">posterisessio<\/a><\/strong> (Snellmania)<\/p>\n\n\n\n<p><strong>16.00<strong><strong><strong>\u2013<\/strong><\/strong><\/strong>17.30 TEMAATTISET RINNAKKAISSESSIOT<\/strong> (Snellmania)<\/p>\n\n\n\n<p><a href=\"https:\/\/sites.uef.fi\/vaikuttavuuden-talo\/vaikuttavuuden-tutkimuksen-paivat\/abstraktikirja-2025\/#sessio3\">SESSIO 3: N\u00e4ytt\u00f6\u00f6n perustuva toiminta ja suositukset<\/a>, Pj:&nbsp;Virva Hyttinen-Huotari, UEF (SN100)&nbsp;<\/p>\n\n\n\n<ul class=\"wp-block-list\">\n<li>Sosiaality\u00f6ntekij\u00f6iden ja heid\u00e4n l\u00e4hijohtajiensa n\u00e4kemyksi\u00e4 n\u00e4ytt\u00f6\u00f6n perustuvasta toiminnasta \u2013 kartoittava kirjallisuuskatsaus, Katariina Simil\u00e4, Pohjois-Savon hyvinvointialue &amp; UEF<\/li>\n\n\n\n<li>N\u00e4ytt\u00f6\u00f6n perustuvan toiminnan vahvistaminen sosiaality\u00f6n koulutuksessa: kartoittava katsaus, Essi Rovamo, UEF<\/li>\n\n\n\n<li>Hoitosuositusten noudattamisen yleisyys ja arvo arkivaikuttavuuden n\u00e4k\u00f6kulmasta, Tuuli Suomela, UEF<\/li>\n\n\n\n<li>Potilaan tuottaman tiedon tietosis\u00e4ll\u00f6t epilepsiaa tai MS-tautia sairastavilla, Anna Vahteristo &amp; Milla Rosenlund, UEF<\/li>\n<\/ul>\n\n\n\n<p><a href=\"https:\/\/sites.uef.fi\/vaikuttavuuden-talo\/vaikuttavuuden-tutkimuksen-paivat\/abstraktikirja-2025\/#sessio4\">SESSIO 4: Health-, capability- and productivity-related measures of quality of life \u2013 Which measures should be used to evaluate the real-world effectiveness of social and health&nbsp;services and how to interpret the results?<\/a>, Pj: Tomi M\u00e4ki-Opas, UEF &amp; Pohjois-Savon hyvinvointialue&nbsp;(SN200)&nbsp;<\/p>\n\n\n\n<ul class=\"wp-block-list\">\n<li>Association Between Chronic Diseases and Health-Related Quality-of-Life Measured with the EQ-5D-5L Instrument &#8211; A Novel Online Tool for Better Utilization of Results, Aku-Ville Lehtim\u00e4ki, UEF<\/li>\n\n\n\n<li>Comparing QALY and PALY Estimates: Do EQ-5D-5L and WPAI Measure Different Aspects of Health?, Piia Lavikainen, UEF<\/li>\n\n\n\n<li>Comparing capability-related measures for quality-of-life evaluation: Insights for effectiveness and well-being research, Hanna Rekola, UEF &amp; Pohjois-Savon hyvinvointialue<\/li>\n<\/ul>\n\n\n\n<p><a href=\"https:\/\/sites.uef.fi\/vaikuttavuuden-talo\/vaikuttavuuden-tutkimuksen-paivat\/abstraktikirja-2025\/#sessio5\">SESSIO 5: Tutkimus- ja kehitt\u00e4mishankkeita<\/a>, Pj: Anne Surakka, UEF (SN201)&nbsp;<\/p>\n\n\n\n<ul class=\"wp-block-list\">\n<li>Ruokavalion laadun seuranta terveyden edist\u00e4miseen ja terveydenhuoltoon: Ravitsemusnavigaattori-verkkoty\u00f6kalu, Kirsikka Aittola, UEF &amp; THL<\/li>\n\n\n\n<li>Sepelvaltimo-oireyhtym\u00e4n hoito Pohteen alueella: laatu- ja vaikuttavuustieto vaikuttavuusperusteisen toiminnan ohjaamisen mahdollistamiseksi, Johanna Liinamaa, Pohde<\/li>\n\n\n\n<li>N\u00e4ytt\u00f6\u00f6n perustuvan suosituksen laatiminen sosiaalihuoltoon \u2013 alustavia havaintoja, Maria Tapola-Haapala, P\u00e4ij\u00e4t-H\u00e4meen hyvinvointialue<\/li>\n\n\n\n<li>Pelastustoimen vaikuttavuus -esiselvityshanke ja ehdotus pelastusalan vaikuttavuusarvioinnin jatkokehitt\u00e4miselle, Jari Soininen &amp; Aino Harinen, Sis\u00e4ministeri\u00f6<\/li>\n<\/ul>\n\n\n\n<p><strong>18.00<strong><strong><strong><strong><strong>\u2013<\/strong><\/strong><\/strong><\/strong><\/strong>21.00 Illallinen<\/strong> (ennakkoon ilmoittautuneille), <strong>Ravintola Antell Highway<\/strong> (Viestikatu 7, 70600 Kuopio)&nbsp;<\/p>\n\n\n\n<h3 class=\"wp-block-heading\">Keskiviikko 8.10.<\/h3>\n\n\n\n<p><strong>8.50<strong><strong><strong>\u2013<\/strong><\/strong><\/strong>9.20 Aamukahvi ja hedelmi\u00e4 <\/strong>(Snellmania)<\/p>\n\n\n\n<p><strong>9.20<strong><strong><strong>\u2013<\/strong><\/strong><\/strong>10.20&nbsp;PLENARY &#8221;Terveydenhuollon ja hoidon arkivaikuttavuus ja kustannusvaikuttavuus&#8221;<\/strong>, arviointiylil\u00e4\u00e4k\u00e4ri <strong>Sami Pakarinen<\/strong>, HUS (SN100)&nbsp;<\/p>\n\n\n\n<p><strong>10.20<strong><strong><strong>\u2013<\/strong><\/strong><\/strong>10.30 Tauko<\/strong><\/p>\n\n\n\n<p><strong>10.30<strong><strong><strong>\u2013<\/strong><\/strong><\/strong>11.30 <strong>PLENARY <\/strong>&#8221;Digitaalisten terveyspalveluiden ja teko\u00e4lyn vaikuttavuus arjen olosuhteissa\u201d<\/strong>,&nbsp;professori <strong>Mika Kortelainen<\/strong>, Turun yliopisto&nbsp;(SN100)<\/p>\n\n\n\n<p><strong>11.30<strong><strong><strong>\u2013<\/strong><\/strong><\/strong>12.30&nbsp;Lounastauko&nbsp;<\/strong><\/p>\n\n\n\n<p><strong>12.30<strong><strong><strong>\u2013<\/strong><\/strong><\/strong>14.00&nbsp;TEMAATTISET RINNAKKAISESSIOT<\/strong> (Snellmania)<\/p>\n\n\n\n<p><a href=\"https:\/\/sites.uef.fi\/vaikuttavuuden-talo\/vaikuttavuuden-tutkimuksen-paivat\/abstraktikirja-2025\/#sessio6\">SESSIO 6: Hoidon ja terveyspalveluiden vaikuttavuus \u2013 osa 2<\/a>, Pj: Tuuli Suomela, UEF (SN100)&nbsp;<\/p>\n\n\n\n<ul class=\"wp-block-list\">\n<li>Sepelvaltimotoimenpiteiden arkivaikuttavuus, Laura Lappalainen, Kuopion yliopistollinen sairaala<\/li>\n\n\n\n<li>Fysioterapeutin suoravastaanoton kustannusvaikuttavuus, Anne Lahti, UEF<\/li>\n\n\n\n<li>Alaselk\u00e4kivun biopsykososiaalisen hoitomallin kustannukset ty\u00f6terveyshuollossa: ryv\u00e4ssatunnaistettu kontrolloitu tutkimus, Maija Paukkunen, Link\u00f6ping University &amp; Oulun yliopisto<\/li>\n\n\n\n<li>Trajectories of body mass index and its impact on healthcare usage among Finnish patients with type 2 diabetes, Zhiting Wang, UEF<\/li>\n<\/ul>\n\n\n\n<p><a href=\"https:\/\/sites.uef.fi\/vaikuttavuuden-talo\/vaikuttavuuden-tutkimuksen-paivat\/abstraktikirja-2025\/#sessio7\">SESSIO 7: Interventio, osaaminen vai implementointi &#8211; mist\u00e4 vaikuttavuus koostuu?<\/a>, Pj: Riikka L\u00e4ms\u00e4, Helsingin yliopisto (SN200)&nbsp;&nbsp;<\/p>\n\n\n\n<ul class=\"wp-block-list\">\n<li>Politiikkatason tekij\u00f6iden vaikutus implementointiprosessin sujuvuuteen \u2013 haastattelututkimus vuorovaikutusohjannan (IPC-N) k\u00e4ytt\u00f6\u00f6notosta yhteisty\u00f6alueilla, Sara Tani, Helsingin yliopisto ja Itla<\/li>\n\n\n\n<li>Nuorten masennukseen k\u00e4ytett\u00e4v\u00e4n lyhytintervention implementointia perusterveydenhuoltoon mahdollistavat ja est\u00e4v\u00e4t tekij\u00e4t ty\u00f6ntekij\u00e4n n\u00e4k\u00f6kulmasta, Emma Salusj\u00e4rvi, THL ja Helsingin yliopisto<\/li>\n\n\n\n<li>Perustasolla ty\u00f6skentelevien ammattilaisten osaamisen merkitys terapeuttisten interventioiden vaikuttavuuteen, Jasmin Kaljadin, THL &amp; Tampereen yliopisto<\/li>\n\n\n\n<li>Positiivisen mielenterveyden, el\u00e4m\u00e4ntilanteen ja sosiaalisen osallisuuden mittareiden validiteetti ja luotettavuus suomalaisilla yl\u00e4kouluik\u00e4isill\u00e4 nuorilla, Tiia-Reeta Koskim\u00e4ki, THL &amp; Tampereen yliopisto<\/li>\n\n\n\n<li>Interpersonaalisen viitekehyksen hoitomenetelmien vaikuttavuus nuorten masennuksen hoidossa: systemaattinen kirjallisuuskatsaus ja meta-analyysi, Aija Myllyniemi, THL &amp; Helsingin yliopisto<\/li>\n<\/ul>\n\n\n\n<p><a href=\"https:\/\/sites.uef.fi\/vaikuttavuuden-talo\/vaikuttavuuden-tutkimuksen-paivat\/abstraktikirja-2025\/#sessio8\">SESSIO 8: Sosiaality\u00f6n ja sosiaalipalveluiden vaikuttavuus<\/a>, Pj: Essi Rovamo, UEF (SN201)&nbsp;&nbsp;&nbsp;<\/p>\n\n\n\n<ul class=\"wp-block-list\">\n<li>Moniammatillinen yhteisty\u00f6 alaik\u00e4isten ongelmalliseen p\u00e4ihteiden k\u00e4ytt\u00f6\u00f6n puuttumisessa lastensuojelun sijaishuollon ammattilaisten n\u00e4k\u00f6kulmasta, Johanna Heinonen, Tampereen yliopisto<\/li>\n\n\n\n<li>Everyday effects of systemic practice implementation in child welfare services, Ilse Julkunen, Camilla Granholm, Ann Backman, Helsingin yliopisto<\/li>\n\n\n\n<li>Ty\u00f6ik\u00e4isten palvelutarpeen arvioinnin vaikuttavuus sosiaalihuollon ammattilaisten n\u00e4k\u00f6kulmasta, Hanna Hautala &amp; Henna Isoniemi, Varsinais-Suomen hyvinvointialue<\/li>\n\n\n\n<li>Sosiaalihuollon vaikuttavuuden tarkastelu asiakkaiden n\u00e4k\u00f6kulmasta, Sanni Lindroos, Pikassos Oy<\/li>\n<\/ul>\n\n\n\n<p><strong>14.00<strong><strong><strong>\u2013<\/strong><\/strong><\/strong>14.30 Kahvitauko<\/strong> (Snellmania)<\/p>\n\n\n\n<p><strong>14.30<strong><strong><strong>\u2013<\/strong><\/strong><\/strong>15.30 Vaikuttavuuden talon tutkimusstrategian julkistus ja kutsu vuoden 2026 Vaikuttavuuden tutkimuksen p\u00e4iville <\/strong>Professori<strong> Tomi M\u00e4ki-Opas,<\/strong> Vaikuttavuuden talo, UEF<strong>&nbsp;(SN100)&nbsp;<\/strong><\/p>\n\n\n\n<p><\/p>\n","protected":false},"excerpt":{"rendered":"<p>Vaikuttavuuden tutkimuksen p\u00e4ivien ohjelma Seuraa Vaikuttavuuden tutkimuksen p\u00e4ivi\u00e4 LinkedIn:ss\u00e4: UEF\/ Vaikuttavuuden talo (House of Effectiveness), k\u00e4yt\u00e4 tunnisteita #VTpaivat2025, #vaikuttavuus, #effectiveness Maanantai 6.10. Prekonferenssi: Hyv\u00e4ll\u00e4 tiedonhallinnalla lis\u00e4\u00e4 vaikuttavuutta terveydenhuoltoon Aika: 16:00\u201319:00Paikka: It\u00e4-Suomen yliopisto, Kuopion kampus, Snellmania SN200 Ty\u00f6pajassa pureudutaan tiedonhallinnan ajankohtaisiin tutkimusteemoihin ja ilmi\u00f6ihin. Kuulemme alustuksia teko\u00e4lysovellusten k\u00e4yt\u00f6st\u00e4, toisiok\u00e4yt\u00f6n ja tietosuojan v\u00e4lisist\u00e4 j\u00e4nnitteist\u00e4 sek\u00e4 terveydenhuollon digitaalisten [&hellip;]<\/p>\n","protected":false},"author":44,"featured_media":0,"parent":6813,"menu_order":0,"comment_status":"closed","ping_status":"closed","template":"","meta":{"_acf_changed":false,"_monsterinsights_skip_tracking":false,"_monsterinsights_sitenote_active":false,"_monsterinsights_sitenote_note":"","_monsterinsights_sitenote_category":0,"footnotes":""},"class_list":["post-11715","page","type-page","status-publish","hentry"],"acf":[],"yoast_head":"<!-- This site is optimized with the Yoast SEO plugin v27.3 - https:\/\/yoast.com\/product\/yoast-seo-wordpress\/ -->\n<title>Ohjelma 2025 - Vaikuttavuuden talo<\/title>\n<meta name=\"robots\" content=\"index, follow, max-snippet:-1, max-image-preview:large, max-video-preview:-1\" \/>\n<link rel=\"canonical\" href=\"https:\/\/sites.uef.fi\/vaikuttavuuden-talo\/vaikuttavuuden-tutkimuksen-paivat\/ohjelma-2025\/\" \/>\n<meta property=\"og:locale\" content=\"fi_FI\" \/>\n<meta property=\"og:type\" content=\"article\" \/>\n<meta property=\"og:title\" content=\"Ohjelma 2025 - Vaikuttavuuden talo\" \/>\n<meta property=\"og:description\" content=\"Vaikuttavuuden tutkimuksen p\u00e4ivien ohjelma Seuraa Vaikuttavuuden tutkimuksen p\u00e4ivi\u00e4 LinkedIn:ss\u00e4: UEF\/ Vaikuttavuuden talo (House of Effectiveness), k\u00e4yt\u00e4 tunnisteita #VTpaivat2025, #vaikuttavuus, #effectiveness Maanantai 6.10. Prekonferenssi: Hyv\u00e4ll\u00e4 tiedonhallinnalla lis\u00e4\u00e4 vaikuttavuutta terveydenhuoltoon Aika: 16:00\u201319:00Paikka: It\u00e4-Suomen yliopisto, Kuopion kampus, Snellmania SN200 Ty\u00f6pajassa pureudutaan tiedonhallinnan ajankohtaisiin tutkimusteemoihin ja ilmi\u00f6ihin. Kuulemme alustuksia teko\u00e4lysovellusten k\u00e4yt\u00f6st\u00e4, toisiok\u00e4yt\u00f6n ja tietosuojan v\u00e4lisist\u00e4 j\u00e4nnitteist\u00e4 sek\u00e4 terveydenhuollon digitaalisten [&hellip;]\" \/>\n<meta property=\"og:url\" content=\"https:\/\/sites.uef.fi\/vaikuttavuuden-talo\/vaikuttavuuden-tutkimuksen-paivat\/ohjelma-2025\/\" \/>\n<meta property=\"og:site_name\" content=\"Vaikuttavuuden talo\" \/>\n<meta property=\"article:modified_time\" content=\"2025-10-07T05:38:38+00:00\" \/>\n<meta name=\"twitter:card\" content=\"summary_large_image\" \/>\n<meta name=\"twitter:label1\" content=\"Arvioitu lukuaika\" \/>\n\t<meta name=\"twitter:data1\" content=\"6 minuuttia\" \/>\n<script type=\"application\/ld+json\" class=\"yoast-schema-graph\">{\"@context\":\"https:\\\/\\\/schema.org\",\"@graph\":[{\"@type\":\"WebPage\",\"@id\":\"https:\\\/\\\/sites.uef.fi\\\/vaikuttavuuden-talo\\\/vaikuttavuuden-tutkimuksen-paivat\\\/ohjelma-2025\\\/\",\"url\":\"https:\\\/\\\/sites.uef.fi\\\/vaikuttavuuden-talo\\\/vaikuttavuuden-tutkimuksen-paivat\\\/ohjelma-2025\\\/\",\"name\":\"Ohjelma 2025 - Vaikuttavuuden talo\",\"isPartOf\":{\"@id\":\"https:\\\/\\\/sites.uef.fi\\\/vaikuttavuuden-talo\\\/#website\"},\"datePublished\":\"2025-05-13T08:19:39+00:00\",\"dateModified\":\"2025-10-07T05:38:38+00:00\",\"breadcrumb\":{\"@id\":\"https:\\\/\\\/sites.uef.fi\\\/vaikuttavuuden-talo\\\/vaikuttavuuden-tutkimuksen-paivat\\\/ohjelma-2025\\\/#breadcrumb\"},\"inLanguage\":\"fi\",\"potentialAction\":[{\"@type\":\"ReadAction\",\"target\":[\"https:\\\/\\\/sites.uef.fi\\\/vaikuttavuuden-talo\\\/vaikuttavuuden-tutkimuksen-paivat\\\/ohjelma-2025\\\/\"]}]},{\"@type\":\"BreadcrumbList\",\"@id\":\"https:\\\/\\\/sites.uef.fi\\\/vaikuttavuuden-talo\\\/vaikuttavuuden-tutkimuksen-paivat\\\/ohjelma-2025\\\/#breadcrumb\",\"itemListElement\":[{\"@type\":\"ListItem\",\"position\":1,\"name\":\"Home\",\"item\":\"https:\\\/\\\/sites.uef.fi\\\/vaikuttavuuden-talo\\\/\"},{\"@type\":\"ListItem\",\"position\":2,\"name\":\"Vaikuttavuuden tutkimuksen p\u00e4iv\u00e4t 2026\",\"item\":\"https:\\\/\\\/sites.uef.fi\\\/vaikuttavuuden-talo\\\/vaikuttavuuden-tutkimuksen-paivat\\\/\"},{\"@type\":\"ListItem\",\"position\":3,\"name\":\"Ohjelma 2025\"}]},{\"@type\":\"WebSite\",\"@id\":\"https:\\\/\\\/sites.uef.fi\\\/vaikuttavuuden-talo\\\/#website\",\"url\":\"https:\\\/\\\/sites.uef.fi\\\/vaikuttavuuden-talo\\\/\",\"name\":\"Vaikuttavuuden talo\",\"description\":\"\",\"potentialAction\":[{\"@type\":\"SearchAction\",\"target\":{\"@type\":\"EntryPoint\",\"urlTemplate\":\"https:\\\/\\\/sites.uef.fi\\\/vaikuttavuuden-talo\\\/?s={search_term_string}\"},\"query-input\":{\"@type\":\"PropertyValueSpecification\",\"valueRequired\":true,\"valueName\":\"search_term_string\"}}],\"inLanguage\":\"fi\"}]}<\/script>\n<!-- \/ Yoast SEO plugin. -->","yoast_head_json":{"title":"Ohjelma 2025 - Vaikuttavuuden talo","robots":{"index":"index","follow":"follow","max-snippet":"max-snippet:-1","max-image-preview":"max-image-preview:large","max-video-preview":"max-video-preview:-1"},"canonical":"https:\/\/sites.uef.fi\/vaikuttavuuden-talo\/vaikuttavuuden-tutkimuksen-paivat\/ohjelma-2025\/","og_locale":"fi_FI","og_type":"article","og_title":"Ohjelma 2025 - Vaikuttavuuden talo","og_description":"Vaikuttavuuden tutkimuksen p\u00e4ivien ohjelma Seuraa Vaikuttavuuden tutkimuksen p\u00e4ivi\u00e4 LinkedIn:ss\u00e4: UEF\/ Vaikuttavuuden talo (House of Effectiveness), k\u00e4yt\u00e4 tunnisteita #VTpaivat2025, #vaikuttavuus, #effectiveness Maanantai 6.10. Prekonferenssi: Hyv\u00e4ll\u00e4 tiedonhallinnalla lis\u00e4\u00e4 vaikuttavuutta terveydenhuoltoon Aika: 16:00\u201319:00Paikka: It\u00e4-Suomen yliopisto, Kuopion kampus, Snellmania SN200 Ty\u00f6pajassa pureudutaan tiedonhallinnan ajankohtaisiin tutkimusteemoihin ja ilmi\u00f6ihin. Kuulemme alustuksia teko\u00e4lysovellusten k\u00e4yt\u00f6st\u00e4, toisiok\u00e4yt\u00f6n ja tietosuojan v\u00e4lisist\u00e4 j\u00e4nnitteist\u00e4 sek\u00e4 terveydenhuollon digitaalisten [&hellip;]","og_url":"https:\/\/sites.uef.fi\/vaikuttavuuden-talo\/vaikuttavuuden-tutkimuksen-paivat\/ohjelma-2025\/","og_site_name":"Vaikuttavuuden talo","article_modified_time":"2025-10-07T05:38:38+00:00","twitter_card":"summary_large_image","twitter_misc":{"Arvioitu lukuaika":"6 minuuttia"},"schema":{"@context":"https:\/\/schema.org","@graph":[{"@type":"WebPage","@id":"https:\/\/sites.uef.fi\/vaikuttavuuden-talo\/vaikuttavuuden-tutkimuksen-paivat\/ohjelma-2025\/","url":"https:\/\/sites.uef.fi\/vaikuttavuuden-talo\/vaikuttavuuden-tutkimuksen-paivat\/ohjelma-2025\/","name":"Ohjelma 2025 - Vaikuttavuuden talo","isPartOf":{"@id":"https:\/\/sites.uef.fi\/vaikuttavuuden-talo\/#website"},"datePublished":"2025-05-13T08:19:39+00:00","dateModified":"2025-10-07T05:38:38+00:00","breadcrumb":{"@id":"https:\/\/sites.uef.fi\/vaikuttavuuden-talo\/vaikuttavuuden-tutkimuksen-paivat\/ohjelma-2025\/#breadcrumb"},"inLanguage":"fi","potentialAction":[{"@type":"ReadAction","target":["https:\/\/sites.uef.fi\/vaikuttavuuden-talo\/vaikuttavuuden-tutkimuksen-paivat\/ohjelma-2025\/"]}]},{"@type":"BreadcrumbList","@id":"https:\/\/sites.uef.fi\/vaikuttavuuden-talo\/vaikuttavuuden-tutkimuksen-paivat\/ohjelma-2025\/#breadcrumb","itemListElement":[{"@type":"ListItem","position":1,"name":"Home","item":"https:\/\/sites.uef.fi\/vaikuttavuuden-talo\/"},{"@type":"ListItem","position":2,"name":"Vaikuttavuuden tutkimuksen p\u00e4iv\u00e4t 2026","item":"https:\/\/sites.uef.fi\/vaikuttavuuden-talo\/vaikuttavuuden-tutkimuksen-paivat\/"},{"@type":"ListItem","position":3,"name":"Ohjelma 2025"}]},{"@type":"WebSite","@id":"https:\/\/sites.uef.fi\/vaikuttavuuden-talo\/#website","url":"https:\/\/sites.uef.fi\/vaikuttavuuden-talo\/","name":"Vaikuttavuuden talo","description":"","potentialAction":[{"@type":"SearchAction","target":{"@type":"EntryPoint","urlTemplate":"https:\/\/sites.uef.fi\/vaikuttavuuden-talo\/?s={search_term_string}"},"query-input":{"@type":"PropertyValueSpecification","valueRequired":true,"valueName":"search_term_string"}}],"inLanguage":"fi"}]}},"_links":{"self":[{"href":"https:\/\/sites.uef.fi\/vaikuttavuuden-talo\/wp-json\/wp\/v2\/pages\/11715","targetHints":{"allow":["GET"]}}],"collection":[{"href":"https:\/\/sites.uef.fi\/vaikuttavuuden-talo\/wp-json\/wp\/v2\/pages"}],"about":[{"href":"https:\/\/sites.uef.fi\/vaikuttavuuden-talo\/wp-json\/wp\/v2\/types\/page"}],"author":[{"embeddable":true,"href":"https:\/\/sites.uef.fi\/vaikuttavuuden-talo\/wp-json\/wp\/v2\/users\/44"}],"replies":[{"embeddable":true,"href":"https:\/\/sites.uef.fi\/vaikuttavuuden-talo\/wp-json\/wp\/v2\/comments?post=11715"}],"version-history":[{"count":2,"href":"https:\/\/sites.uef.fi\/vaikuttavuuden-talo\/wp-json\/wp\/v2\/pages\/11715\/revisions"}],"predecessor-version":[{"id":12099,"href":"https:\/\/sites.uef.fi\/vaikuttavuuden-talo\/wp-json\/wp\/v2\/pages\/11715\/revisions\/12099"}],"up":[{"embeddable":true,"href":"https:\/\/sites.uef.fi\/vaikuttavuuden-talo\/wp-json\/wp\/v2\/pages\/6813"}],"wp:attachment":[{"href":"https:\/\/sites.uef.fi\/vaikuttavuuden-talo\/wp-json\/wp\/v2\/media?parent=11715"}],"curies":[{"name":"wp","href":"https:\/\/api.w.org\/{rel}","templated":true}]}}