{"id":11717,"date":"2025-05-13T10:20:07","date_gmt":"2025-05-13T08:20:07","guid":{"rendered":"https:\/\/sites.uef.fi\/vaikuttavuuden-talo\/?page_id=11717"},"modified":"2025-10-07T07:39:03","modified_gmt":"2025-10-07T05:39:03","slug":"programme-2025","status":"publish","type":"page","link":"https:\/\/sites.uef.fi\/vaikuttavuuden-talo\/conference-of-effectiveness-research\/programme-2025\/?lang=en","title":{"rendered":"Programme 2025"},"content":{"rendered":"\n<h2 class=\"wp-block-heading\">Programme of the Conference of Effectiveness<\/h2>\n\n\n\n<p><strong>Follow the National Conference of Effectiveness Research on LinkedIn: UEF\/ Vaikuttavuuden talo (House of Effectiveness) and use hashtags #VTpaivat2025, #vaikuttavuus, #effectiveneveness<\/strong><\/p>\n\n\n\n<p><sup>1<\/sup>Session will be held in English<\/p>\n\n\n\n<p><sup>2<\/sup>Session has presentation in English<\/p>\n\n\n\n<h3 class=\"wp-block-heading\">Tuesday 7.10.<\/h3>\n\n\n\n<p><strong>9.00<strong>\u2013<\/strong>9.30<\/strong> <strong>Registration<\/strong> <strong>and coffee with fruit <\/strong>(Snellmania)<\/p>\n\n\n\n<p><strong>9.30<strong>\u2013<\/strong>9.50<\/strong>&nbsp;<strong><strong>Opening of the National Conference of Effectiveness Research<\/strong><\/strong>, rector <strong>Tapio M\u00e4\u00e4tt\u00e4<\/strong>, UEF (Snellmania, SN100)<\/p>\n\n\n\n<p><strong>9.50<strong>\u2013<\/strong>10.50<\/strong>&nbsp;<strong>PLENARY \u201cMenetelm\u00e4uskollisuuden ja adaptaatioiden hallinta arkivaikuttavuuden n\u00e4k\u00f6kulmasta\u201d<\/strong>, Professor <strong>Henna Hasson<\/strong>, Karolinska Institutet (SWE) and director for the Center for Epidemiology and Community Medicine, Stockholm (SN100)&nbsp;<\/p>\n\n\n\n<p><strong>10.50<strong>\u2013<\/strong>11.00 Break<\/strong><\/p>\n\n\n\n<p><strong>11.00<strong>\u2013<\/strong>12.00&nbsp;PLENARY \u201cVaikuttavuuden arviointi sosiaali- ja terveyspalveluissa: mit\u00e4 on luotettava arkivaikuttavuustieto ja kuinka sit\u00e4 hy\u00f6dynnet\u00e4\u00e4n palveluiden optimoinnissa\u201d<\/strong>,<strong> <\/strong>Professor <strong>Antti Malmivaara<\/strong>, Finnish Institute for Health and Welfare (THL) (SN100)&nbsp;<\/p>\n\n\n\n<p><strong>12.00<strong>\u2013<\/strong>13.30 LUNCH<\/strong><\/p>\n\n\n\n<p><strong>13.30<strong>\u2013<\/strong>15.00&nbsp;<strong>PARALLEL THEMATIC SESSION<\/strong>S<\/strong> (Snellmania)<\/p>\n\n\n\n<p><a href=\"https:\/\/sites.uef.fi\/vaikuttavuuden-talo\/vaikuttavuuden-tutkimuksen-paivat\/abstraktikirja-2025\/#sessio1\">SESSION 1: Hoidon ja terveyspalveluiden vaikuttavuus \u2013 osa 1<\/a><sup><strong>2<\/strong><\/sup>, Chair:&nbsp;Emma Aarnio, UEF (SN200)&nbsp;<\/p>\n\n\n\n<ul class=\"wp-block-list\">\n<li>Digitaalisten terveyspalveluiden vaikutus kroonisissa sairauksissa: sateenvarjokatsaus, Paulus Torkki, Helsingin yliopisto<\/li>\n\n\n\n<li>Impact of mental disorders on achievement of treatment target, mortality, and complications among patients with type 2 diabetes: an 8-year follow-up study, Nazma Nazu, UEF&nbsp;<\/li>\n\n\n\n<li>Jalkautuvat psykiatriset sairaanhoitajat nuorten mielenterveyden tukena, Anne Surakka, UEF&nbsp;<\/li>\n\n\n\n<li>Alustavia tuloksia digitaalisesta mielen hyvinvoinnin edist\u00e4misest\u00e4 Pohjois-Savossa \u2013 arkivaikuttavuus, toimivat ratkaisut ja kehityskohdat, Hanna Rekola, UEF &amp; Pohjois-Savon hyvinvointialue<\/li>\n<\/ul>\n\n\n\n<p><a href=\"https:\/\/sites.uef.fi\/vaikuttavuuden-talo\/vaikuttavuuden-tutkimuksen-paivat\/abstraktikirja-2025\/#sessio2\">SESSION 2: Implementointitutkimus<\/a>, Chair: Mervi Rantsi, UEF (SN201)&nbsp;<\/p>\n\n\n\n<ul class=\"wp-block-list\">\n<li>Terveysmetsien k\u00e4ytt\u00f6 sosiaali- ja terveyspalveluissa \u2013 kyselytutkimus Kainuun ja P\u00e4ij\u00e4t-H\u00e4meen hyvinvointialueiden ty\u00f6ntekij\u00f6ille, Maija Lipponen, Luonnonvarakeskus<\/li>\n\n\n\n<li>Lapsiperheen vahvat rahataidot -intervention hyv\u00e4ksytt\u00e4vyys asiakkaiden ja ty\u00f6ntekij\u00f6iden n\u00e4k\u00f6kulmasta, Katri Viitasalo, Helsingin yliopisto<\/li>\n\n\n\n<li>Kroonisen munuaistaudin varhaisen seulonnan vaikuttavuuden ennakointity\u00f6kalu seulontatoiminnan skaalaamisen tukena, Kari Jalkanen, UEF<\/li>\n<\/ul>\n\n\n\n<p><strong>15.00<strong>\u2013<\/strong>16.00 <strong>COFFEE BREAK<\/strong>,<a href=\"https:\/\/sites.uef.fi\/vaikuttavuuden-talo\/vaikuttavuuden-tutkimuksen-paivat\/abstraktikirja-2025\/#posterit\"> POSTER SESSIONS<\/a><\/strong> (Snellmania)<\/p>\n\n\n\n<p><strong>16.00<strong>\u2013<\/strong>17.30 <strong><strong>PARALLEL THEMATIC SESSION<\/strong>S<\/strong><\/strong> (Snellmania)<\/p>\n\n\n\n<p><a href=\"https:\/\/sites.uef.fi\/vaikuttavuuden-talo\/vaikuttavuuden-tutkimuksen-paivat\/abstraktikirja-2025\/#sessio3\">SESSION 3: N\u00e4ytt\u00f6\u00f6n perustuva toiminta ja suositukset<\/a>, Chair:&nbsp;Virva Hyttinen-Huotari, UEF (SN100)&nbsp;<\/p>\n\n\n\n<ul class=\"wp-block-list\">\n<li>Sosiaality\u00f6ntekij\u00f6iden ja heid\u00e4n l\u00e4hijohtajiensa n\u00e4kemyksi\u00e4 n\u00e4ytt\u00f6\u00f6n perustuvasta toiminnasta \u2013 kartoittava kirjallisuuskatsaus, Katariina Simil\u00e4, Pohjois-Savon hyvinvointialue &amp; UEF<\/li>\n\n\n\n<li>N\u00e4ytt\u00f6\u00f6n perustuvan toiminnan vahvistaminen sosiaality\u00f6n koulutuksessa: kartoittava katsaus, Essi Rovamo, UEF<\/li>\n\n\n\n<li>Hoitosuositusten noudattamisen yleisyys ja arvo arkivaikuttavuuden n\u00e4k\u00f6kulmasta, Tuuli Suomela, UEF<\/li>\n\n\n\n<li>Potilaan tuottaman tiedon tietosis\u00e4ll\u00f6t epilepsiaa tai MS-tautia sairastavilla, Anna Vahteristo &amp; Milla Rosenlund, UEF<\/li>\n<\/ul>\n\n\n\n<p><a href=\"https:\/\/sites.uef.fi\/vaikuttavuuden-talo\/vaikuttavuuden-tutkimuksen-paivat\/abstraktikirja-2025\/#sessio4\">SESSION 4: Health-, capability- and productivity-related measures of quality of life \u2013 Which measures should be used to evaluate the real-world effectiveness of social and health&nbsp;services and how to interpret the results?<\/a><sup><strong>1<\/strong><\/sup>, Chair: Tomi M\u00e4ki-Opas, UEF &amp; Pohjois-Savon hyvinvointialue&nbsp;(SN200)&nbsp;<\/p>\n\n\n\n<ul class=\"wp-block-list\">\n<li>Association Between Chronic Diseases and Health-Related Quality-of-Life Measured with the EQ-5D-5L Instrument &#8211; A Novel Online Tool for Better Utilization of Results, Aku-Ville Lehtim\u00e4ki, UEF<\/li>\n\n\n\n<li>Comparing QALY and PALY Estimates: Do EQ-5D-5L and WPAI Measure Different Aspects of Health?, Piia Lavikainen, UEF<\/li>\n\n\n\n<li>Comparing capability-related measures for quality-of-life evaluation: Insights for effectiveness and well-being research, Hanna Rekola, UEF &amp; Pohjois-Savon hyvinvointialue<\/li>\n<\/ul>\n\n\n\n<p><a href=\"https:\/\/sites.uef.fi\/vaikuttavuuden-talo\/vaikuttavuuden-tutkimuksen-paivat\/abstraktikirja-2025\/#sessio5\">SESSION 5: Tutkimus- ja kehitt\u00e4mishankkeita<\/a>, Chair: Anne Surakka, UEF (SN201)&nbsp;<\/p>\n\n\n\n<ul class=\"wp-block-list\">\n<li>Ruokavalion laadun seuranta terveyden edist\u00e4miseen ja terveydenhuoltoon: Ravitsemusnavigaattori-verkkoty\u00f6kalu, Kirsikka Aittola, UEF &amp; THL<\/li>\n\n\n\n<li>Sepelvaltimo-oireyhtym\u00e4n hoito Pohteen alueella: laatu- ja vaikuttavuustieto vaikuttavuusperusteisen toiminnan ohjaamisen mahdollistamiseksi, Johanna Liinamaa, Pohde<\/li>\n\n\n\n<li>N\u00e4ytt\u00f6\u00f6n perustuvan suosituksen laatiminen sosiaalihuoltoon \u2013 alustavia havaintoja, Maria Tapola-Haapala, P\u00e4ij\u00e4t-H\u00e4meen hyvinvointialue<\/li>\n\n\n\n<li>Pelastustoimen vaikuttavuus -esiselvityshanke ja ehdotus pelastusalan vaikuttavuusarvioinnin jatkokehitt\u00e4miselle, Jari Soininen &amp; Aino Harinen, sis\u00e4ministeri\u00f6<\/li>\n<\/ul>\n\n\n\n<p><strong>18.00<strong>\u2013<\/strong>21.00 <strong>Social dinner<\/strong><\/strong> (pre-registered), <strong>Restaurant Antell Highway <\/strong>(Viestikatu 7, 70600 Kuopio)<\/p>\n\n\n\n<h3 class=\"wp-block-heading\">Wednesday 8.10.<\/h3>\n\n\n\n<p><strong><strong>8.50<strong>\u2013<\/strong>9.20<\/strong>&nbsp;Morning coffee with fruit <\/strong>(Snellmania)<\/p>\n\n\n\n<p><strong><strong>9.20<strong>\u2013<\/strong>10.20<\/strong>&nbsp;PLENARY &#8221;Terveydenhuollon ja hoidon arkivaikuttavuus ja kustannusvaikuttavuus&#8221;<\/strong>, Chief Medical Officer of Clinical Auditing, MD <strong>Sami Pakarinen<\/strong>, Helsinki University Hospital (HUS) (SN100)&nbsp;<\/p>\n\n\n\n<p><strong>10.20<strong>\u2013<\/strong>10.30 Break<\/strong><\/p>\n\n\n\n<p><strong><strong>10.30<strong>\u2013<\/strong>11.30<\/strong>&nbsp;PLENARY &#8221;Digitaalisten terveyspalveluiden ja teko\u00e4lyn vaikuttavuus arjen olosuhteissa\u201d<\/strong>, Professor <strong>Mika Kortelainen<\/strong>, University of Turku&nbsp; (SN100)&nbsp;<\/p>\n\n\n\n<p><strong><strong>11.30<strong><strong><strong>\u2013<\/strong><\/strong><\/strong>12.30<\/strong>&nbsp;LUNCH&nbsp;<\/strong><\/p>\n\n\n\n<p><strong><strong>12.30<strong><strong><strong>\u2013<\/strong><\/strong><\/strong>14.00<\/strong>&nbsp;<strong>PARALLEL THEMATIC SESSION<\/strong>S<\/strong> (Snellmania)<\/p>\n\n\n\n<p><a href=\"https:\/\/sites.uef.fi\/vaikuttavuuden-talo\/vaikuttavuuden-tutkimuksen-paivat\/abstraktikirja-2025\/#sessio6\">SESSION 6: Hoidon ja terveyspalveluiden vaikuttavuus \u2013 osa 2<\/a><sup><strong>2<\/strong><\/sup>, Chair: Tuuli Suomela, UEF (SN100)&nbsp;<\/p>\n\n\n\n<ul class=\"wp-block-list\">\n<li>Sepelvaltimotoimenpiteiden arkivaikuttavuus, Laura Lappalainen, Kuopion yliopistollinen sairaala<\/li>\n\n\n\n<li>Fysioterapeutin suoravastaanoton kustannusvaikuttavuus, Anne Lahti, UEF<\/li>\n\n\n\n<li>Alaselk\u00e4kivun biopsykososiaalisen hoitomallin kustannukset ty\u00f6terveyshuollossa: ryv\u00e4ssatunnaistettu kontrolloitu tutkimus, Maija Paukkunen, Link\u00f6ping University &amp; Oulun yliopisto<\/li>\n\n\n\n<li>Trajectories of body mass index and its impact on healthcare usage among Finnish patients with type 2 diabetes, Zhiting Wang, UEF<\/li>\n<\/ul>\n\n\n\n<p><a href=\"https:\/\/sites.uef.fi\/vaikuttavuuden-talo\/vaikuttavuuden-tutkimuksen-paivat\/abstraktikirja-2025\/#sessio7\">SESSION 7: Interventio, osaaminen vai implementointi \u2013 mist\u00e4 vaikuttavuus koostuu?<\/a>, Chair: Riikka L\u00e4ms\u00e4, Helsingin yliopisto (SN200)&nbsp;&nbsp;<\/p>\n\n\n\n<ul class=\"wp-block-list\">\n<li>Politiikkatason tekij\u00f6iden vaikutus implementointiprosessin sujuvuuteen \u2013 haastattelututkimus vuorovaikutusohjannan (IPC-N) k\u00e4ytt\u00f6\u00f6notosta yhteisty\u00f6alueilla, Sara Tani, Helsingin yliopisto ja Itla<\/li>\n\n\n\n<li>Nuorten masennukseen k\u00e4ytett\u00e4v\u00e4n lyhytintervention implementointia perusterveydenhuoltoon mahdollistavat ja est\u00e4v\u00e4t tekij\u00e4t ty\u00f6ntekij\u00e4n n\u00e4k\u00f6kulmasta, Emma Salusj\u00e4rvi, THL ja Helsingin yliopisto<\/li>\n\n\n\n<li>Perustasolla ty\u00f6skentelevien ammattilaisten osaamisen merkitys terapeuttisten interventioiden vaikuttavuuteen, Jasmin Kaljadin, THL &amp; Tampereen yliopisto<\/li>\n\n\n\n<li>Positiivisen mielenterveyden, el\u00e4m\u00e4ntilanteen ja sosiaalisen osallisuuden mittareiden validiteetti ja luotettavuus suomalaisilla yl\u00e4kouluik\u00e4isill\u00e4 nuorilla, Tiia-Reeta Koskim\u00e4ki, THL &amp; Tampereen yliopisto<\/li>\n\n\n\n<li>Interpersonaalisen viitekehyksen hoitomenetelmien vaikuttavuus nuorten masennuksen hoidossa: systemaattinen kirjallisuuskatsaus ja meta-analyysi, Aija Myllyniemi, THL &amp; Helsingin yliopisto<\/li>\n<\/ul>\n\n\n\n<p><a href=\"https:\/\/sites.uef.fi\/vaikuttavuuden-talo\/vaikuttavuuden-tutkimuksen-paivat\/abstraktikirja-2025\/#sessio8\">SESSION 8: Sosiaality\u00f6n ja sosiaalipalveluiden vaikuttavuus<\/a><sup><strong>2<\/strong><\/sup>, Chair: Essi Rovamo, UEF (SN201)&nbsp;&nbsp;&nbsp;<\/p>\n\n\n\n<ul class=\"wp-block-list\">\n<li>Moniammatillinen yhteisty\u00f6 alaik\u00e4isten ongelmalliseen p\u00e4ihteiden k\u00e4ytt\u00f6\u00f6n puuttumisessa lastensuojelun sijaishuollon ammattilaisten n\u00e4k\u00f6kulmasta, Johanna Heinonen, Tampereen yliopisto<\/li>\n\n\n\n<li>Everyday effects of systemic practice implementation in child welfare services, Ilse Julkunen, Camilla Granholm, Ann Backman, Helsingin yliopisto<\/li>\n\n\n\n<li>Ty\u00f6ik\u00e4isten palvelutarpeen arvioinnin vaikuttavuus sosiaalihuollon ammattilaisten n\u00e4k\u00f6kulmasta, Hanna Hautala &amp; Henna Isoniemi, Varsinais-Suomen hyvinvointialue<\/li>\n\n\n\n<li>Sosiaalihuollon vaikuttavuuden tarkastelu asiakkaiden n\u00e4k\u00f6kulmasta, Sanni Lindroos, Pikassos Oy<\/li>\n<\/ul>\n\n\n\n<p><strong><strong>14.00<strong><strong><strong>\u2013<\/strong><\/strong><\/strong>14.30<\/strong> <strong><strong>COFFEE BREAK<\/strong><\/strong><\/strong> (Snellmania)<\/p>\n\n\n\n<p><strong><strong>14.30<strong><strong><strong>\u2013<\/strong><\/strong><\/strong>15.30<\/strong> Announcement of the House of Effectiveness Research Strategy and invitation to the 2026 National <strong>Conference of Effectiveness Research<\/strong><\/strong>, Professor <strong>Tomi M\u00e4ki-Opas<\/strong>, The House of Effectiveness (SN100)<\/p>\n\n\n\n<p><\/p>\n","protected":false},"excerpt":{"rendered":"<p>Programme of the Conference of Effectiveness Follow the National Conference of Effectiveness Research on LinkedIn: UEF\/ Vaikuttavuuden talo (House of Effectiveness) and use hashtags #VTpaivat2025, #vaikuttavuus, #effectiveneveness 1Session will be held in English 2Session has presentation in English Tuesday 7.10. 9.00\u20139.30 Registration and coffee with fruit (Snellmania) 9.30\u20139.50&nbsp;Opening of the National Conference of Effectiveness Research, [&hellip;]<\/p>\n","protected":false},"author":44,"featured_media":0,"parent":6908,"menu_order":0,"comment_status":"closed","ping_status":"closed","template":"","meta":{"_acf_changed":false,"_monsterinsights_skip_tracking":false,"_monsterinsights_sitenote_active":false,"_monsterinsights_sitenote_note":"","_monsterinsights_sitenote_category":0,"footnotes":""},"class_list":["post-11717","page","type-page","status-publish","hentry"],"acf":[],"yoast_head":"<!-- This site is optimized with the Yoast SEO plugin v27.1.1 - https:\/\/yoast.com\/product\/yoast-seo-wordpress\/ -->\n<title>Programme 2025 - Vaikuttavuuden talo<\/title>\n<meta name=\"robots\" content=\"index, follow, max-snippet:-1, max-image-preview:large, max-video-preview:-1\" \/>\n<link rel=\"canonical\" href=\"https:\/\/sites.uef.fi\/vaikuttavuuden-talo\/conference-of-effectiveness-research\/programme-2025\/?lang=en\" \/>\n<meta property=\"og:locale\" content=\"fi_FI\" \/>\n<meta property=\"og:type\" content=\"article\" \/>\n<meta property=\"og:title\" content=\"Programme 2025 - Vaikuttavuuden talo\" \/>\n<meta property=\"og:description\" content=\"Programme of the Conference of Effectiveness Follow the National Conference of Effectiveness Research on LinkedIn: UEF\/ Vaikuttavuuden talo (House of Effectiveness) and use hashtags #VTpaivat2025, #vaikuttavuus, #effectiveneveness 1Session will be held in English 2Session has presentation in English Tuesday 7.10. 9.00\u20139.30 Registration and coffee with fruit (Snellmania) 9.30\u20139.50&nbsp;Opening of the National Conference of Effectiveness Research, [&hellip;]\" \/>\n<meta property=\"og:url\" content=\"https:\/\/sites.uef.fi\/vaikuttavuuden-talo\/conference-of-effectiveness-research\/programme-2025\/?lang=en\" \/>\n<meta property=\"og:site_name\" content=\"Vaikuttavuuden talo\" \/>\n<meta property=\"article:modified_time\" content=\"2025-10-07T05:39:03+00:00\" \/>\n<meta name=\"twitter:card\" content=\"summary_large_image\" \/>\n<meta name=\"twitter:label1\" content=\"Arvioitu lukuaika\" \/>\n\t<meta name=\"twitter:data1\" content=\"4 minuuttia\" \/>\n<script type=\"application\/ld+json\" class=\"yoast-schema-graph\">{\"@context\":\"https:\/\/schema.org\",\"@graph\":[{\"@type\":\"WebPage\",\"@id\":\"https:\/\/sites.uef.fi\/vaikuttavuuden-talo\/conference-of-effectiveness-research\/programme-2025\/?lang=en\",\"url\":\"https:\/\/sites.uef.fi\/vaikuttavuuden-talo\/conference-of-effectiveness-research\/programme-2025\/?lang=en\",\"name\":\"Programme 2025 - Vaikuttavuuden talo\",\"isPartOf\":{\"@id\":\"https:\/\/sites.uef.fi\/vaikuttavuuden-talo\/#website\"},\"datePublished\":\"2025-05-13T08:20:07+00:00\",\"dateModified\":\"2025-10-07T05:39:03+00:00\",\"breadcrumb\":{\"@id\":\"https:\/\/sites.uef.fi\/vaikuttavuuden-talo\/conference-of-effectiveness-research\/programme-2025\/?lang=en#breadcrumb\"},\"inLanguage\":\"fi\",\"potentialAction\":[{\"@type\":\"ReadAction\",\"target\":[\"https:\/\/sites.uef.fi\/vaikuttavuuden-talo\/conference-of-effectiveness-research\/programme-2025\/?lang=en\"]}]},{\"@type\":\"BreadcrumbList\",\"@id\":\"https:\/\/sites.uef.fi\/vaikuttavuuden-talo\/conference-of-effectiveness-research\/programme-2025\/?lang=en#breadcrumb\",\"itemListElement\":[{\"@type\":\"ListItem\",\"position\":1,\"name\":\"Home\",\"item\":\"https:\/\/sites.uef.fi\/vaikuttavuuden-talo\/\"},{\"@type\":\"ListItem\",\"position\":2,\"name\":\"National Conference of Effectiveness Research 2026\",\"item\":\"https:\/\/sites.uef.fi\/vaikuttavuuden-talo\/conference-of-effectiveness-research\/?lang=en\"},{\"@type\":\"ListItem\",\"position\":3,\"name\":\"Programme 2025\"}]},{\"@type\":\"WebSite\",\"@id\":\"https:\/\/sites.uef.fi\/vaikuttavuuden-talo\/#website\",\"url\":\"https:\/\/sites.uef.fi\/vaikuttavuuden-talo\/\",\"name\":\"Vaikuttavuuden talo\",\"description\":\"\",\"potentialAction\":[{\"@type\":\"SearchAction\",\"target\":{\"@type\":\"EntryPoint\",\"urlTemplate\":\"https:\/\/sites.uef.fi\/vaikuttavuuden-talo\/?s={search_term_string}\"},\"query-input\":{\"@type\":\"PropertyValueSpecification\",\"valueRequired\":true,\"valueName\":\"search_term_string\"}}],\"inLanguage\":\"fi\"}]}<\/script>\n<!-- \/ Yoast SEO plugin. -->","yoast_head_json":{"title":"Programme 2025 - Vaikuttavuuden talo","robots":{"index":"index","follow":"follow","max-snippet":"max-snippet:-1","max-image-preview":"max-image-preview:large","max-video-preview":"max-video-preview:-1"},"canonical":"https:\/\/sites.uef.fi\/vaikuttavuuden-talo\/conference-of-effectiveness-research\/programme-2025\/?lang=en","og_locale":"fi_FI","og_type":"article","og_title":"Programme 2025 - Vaikuttavuuden talo","og_description":"Programme of the Conference of Effectiveness Follow the National Conference of Effectiveness Research on LinkedIn: UEF\/ Vaikuttavuuden talo (House of Effectiveness) and use hashtags #VTpaivat2025, #vaikuttavuus, #effectiveneveness 1Session will be held in English 2Session has presentation in English Tuesday 7.10. 9.00\u20139.30 Registration and coffee with fruit (Snellmania) 9.30\u20139.50&nbsp;Opening of the National Conference of Effectiveness Research, [&hellip;]","og_url":"https:\/\/sites.uef.fi\/vaikuttavuuden-talo\/conference-of-effectiveness-research\/programme-2025\/?lang=en","og_site_name":"Vaikuttavuuden talo","article_modified_time":"2025-10-07T05:39:03+00:00","twitter_card":"summary_large_image","twitter_misc":{"Arvioitu lukuaika":"4 minuuttia"},"schema":{"@context":"https:\/\/schema.org","@graph":[{"@type":"WebPage","@id":"https:\/\/sites.uef.fi\/vaikuttavuuden-talo\/conference-of-effectiveness-research\/programme-2025\/?lang=en","url":"https:\/\/sites.uef.fi\/vaikuttavuuden-talo\/conference-of-effectiveness-research\/programme-2025\/?lang=en","name":"Programme 2025 - Vaikuttavuuden talo","isPartOf":{"@id":"https:\/\/sites.uef.fi\/vaikuttavuuden-talo\/#website"},"datePublished":"2025-05-13T08:20:07+00:00","dateModified":"2025-10-07T05:39:03+00:00","breadcrumb":{"@id":"https:\/\/sites.uef.fi\/vaikuttavuuden-talo\/conference-of-effectiveness-research\/programme-2025\/?lang=en#breadcrumb"},"inLanguage":"fi","potentialAction":[{"@type":"ReadAction","target":["https:\/\/sites.uef.fi\/vaikuttavuuden-talo\/conference-of-effectiveness-research\/programme-2025\/?lang=en"]}]},{"@type":"BreadcrumbList","@id":"https:\/\/sites.uef.fi\/vaikuttavuuden-talo\/conference-of-effectiveness-research\/programme-2025\/?lang=en#breadcrumb","itemListElement":[{"@type":"ListItem","position":1,"name":"Home","item":"https:\/\/sites.uef.fi\/vaikuttavuuden-talo\/"},{"@type":"ListItem","position":2,"name":"National Conference of Effectiveness Research 2026","item":"https:\/\/sites.uef.fi\/vaikuttavuuden-talo\/conference-of-effectiveness-research\/?lang=en"},{"@type":"ListItem","position":3,"name":"Programme 2025"}]},{"@type":"WebSite","@id":"https:\/\/sites.uef.fi\/vaikuttavuuden-talo\/#website","url":"https:\/\/sites.uef.fi\/vaikuttavuuden-talo\/","name":"Vaikuttavuuden talo","description":"","potentialAction":[{"@type":"SearchAction","target":{"@type":"EntryPoint","urlTemplate":"https:\/\/sites.uef.fi\/vaikuttavuuden-talo\/?s={search_term_string}"},"query-input":{"@type":"PropertyValueSpecification","valueRequired":true,"valueName":"search_term_string"}}],"inLanguage":"fi"}]}},"_links":{"self":[{"href":"https:\/\/sites.uef.fi\/vaikuttavuuden-talo\/wp-json\/wp\/v2\/pages\/11717","targetHints":{"allow":["GET"]}}],"collection":[{"href":"https:\/\/sites.uef.fi\/vaikuttavuuden-talo\/wp-json\/wp\/v2\/pages"}],"about":[{"href":"https:\/\/sites.uef.fi\/vaikuttavuuden-talo\/wp-json\/wp\/v2\/types\/page"}],"author":[{"embeddable":true,"href":"https:\/\/sites.uef.fi\/vaikuttavuuden-talo\/wp-json\/wp\/v2\/users\/44"}],"replies":[{"embeddable":true,"href":"https:\/\/sites.uef.fi\/vaikuttavuuden-talo\/wp-json\/wp\/v2\/comments?post=11717"}],"version-history":[{"count":2,"href":"https:\/\/sites.uef.fi\/vaikuttavuuden-talo\/wp-json\/wp\/v2\/pages\/11717\/revisions"}],"predecessor-version":[{"id":12100,"href":"https:\/\/sites.uef.fi\/vaikuttavuuden-talo\/wp-json\/wp\/v2\/pages\/11717\/revisions\/12100"}],"up":[{"embeddable":true,"href":"https:\/\/sites.uef.fi\/vaikuttavuuden-talo\/wp-json\/wp\/v2\/pages\/6908"}],"wp:attachment":[{"href":"https:\/\/sites.uef.fi\/vaikuttavuuden-talo\/wp-json\/wp\/v2\/media?parent=11717"}],"curies":[{"name":"wp","href":"https:\/\/api.w.org\/{rel}","templated":true}]}}