{"id":11743,"date":"2025-05-19T09:20:22","date_gmt":"2025-05-19T07:20:22","guid":{"rendered":"https:\/\/sites.uef.fi\/vaikuttavuuden-talo\/?page_id=11743"},"modified":"2026-04-16T12:36:12","modified_gmt":"2026-04-16T10:36:12","slug":"ilmoittautuminen-2026","status":"publish","type":"page","link":"https:\/\/sites.uef.fi\/vaikuttavuuden-talo\/vaikuttavuuden-tutkimuksen-paivat\/ilmoittautuminen-2026\/","title":{"rendered":"Ilmoittautuminen 2026"},"content":{"rendered":"\n\n\n\n\n\n\n<p>Ilmoittaudu Vaikuttavuuden tutkimuksen p\u00e4iville <strong>20.9.<\/strong> menness\u00e4.<\/p>\n\n\n\n<p><strong>Ilmoittaudu p\u00e4iville<\/strong> <a href=\"https:\/\/registration.contio.fi\/uef\/Registration\/Login?id=10530-T_10530-12089\" id=\"https:\/\/registration.contio.fi\/uef\/Registration\/Login?id=10530-T_10530-12089\">t\u00e4ll\u00e4 ilmoittautumislomakkeella<\/a>, sis\u00e4lt\u00e4\u00e4 my\u00f6s perusopiskelijan ilmoittautumisen.<\/p>\n\n\n\n<p><strong>It\u00e4-Suomen yliopiston ty\u00f6ntekij\u00e4t ja jatko-opiskelijat<\/strong>, joiden osallistumisen maksaa laitos\/yksikk\u00f6 ilmoittautuvat <a href=\"https:\/\/registration.contio.fi\/uef\/Registration\/Login?id=10530-T_10530-12090\" id=\"https:\/\/registration.contio.fi\/uef\/Registration\/Login?id=10530-T_10530-12089\">t\u00e4ll\u00e4 ilmoittautumislomakkeella<\/a>.<\/p>\n\n\n\n<p>Huomioithan, ett\u00e4 t\u00e4n\u00e4 vuonna p\u00e4iv\u00e4t j\u00e4rjestet\u00e4\u00e4n t\u00e4ysin l\u00e4hitapahtumana ilman et\u00e4osallistumismahdollisuutta.<\/p>\n\n\n\n<p><strong>Osallistumismaksut<\/strong><\/p>\n\n\n<figure class=\"wp-block-table is-style-stripes\">\n<table>\n<tbody>\n<tr>\n<td><strong>Hinnasto<\/strong><\/td>\n<td><strong>Hinta<\/strong><\/td>\n<td><strong>Veroton<\/strong><\/td>\n<\/tr>\n<tr>\n<td>Osallistuminen tiistaina ja keskiviikkona 6.-7.10.2026<\/td>\n<td>140,00<\/td>\n<td>140,00<\/td>\n<\/tr>\n<tr>\n<td>Osallistuminen konferenssiin vain tiistaina 6.10.2026<\/td>\n<td>100,00<\/td>\n<td>100,00<\/td>\n<\/tr>\n<tr>\n<td>Osallistuminen konferenssiin vain keskiviikkona 7.10.2026<\/td>\n<td>100,00<\/td>\n<td>100,00<\/td>\n<\/tr>\n<tr>\n<td>Perusopiskelijan osallistuminen konferenssiin tiistaina ja keskiviikkona 6.-7.10.2026*<\/td>\n<td>55,00<\/td>\n<td>55,00<\/td>\n<\/tr>\n<tr>\n<td>Perusopiskelijan osallistuminen konferenssiin vain tiistaina 6.10.2026*<\/td>\n<td>35,00<\/td>\n<td>35,00<\/td>\n<\/tr>\n<tr>\n<td>Perusopiskelijan osallistuminen konferenssiin vain keskiviikkona 7.10.2026*<\/td>\n<td>35,00<\/td>\n<td>35,00<\/td>\n<\/tr>\n<tr>\n<td>Illalliskortti<\/td>\n<td>55,00<\/td>\n<td>55,00<\/td>\n<\/tr>\n<\/tbody>\n<\/table>\n<\/figure>\n\n\n\n<p><\/p>\n\n\n\n<p>*Opiskelijahinta koskee perustutkinto-opiskelijoita.<\/p>\n\n\n\n<p><strong>Maksutavat<\/strong><\/p>\n\n\n\n<p><strong>1) Luottokorttimaksu<\/strong> (Visa, MasterCard).<br>Maksupalvelutarjoaja Paytrail Oyj*.<\/p>\n\n\n\n<p><strong>2) Verkkopankkimaksu.<\/strong><br>Maksupalvelutarjoaja Paytrail Oyj*.<\/p>\n\n\n\n<p>* Maksunv\u00e4lityspalvelun toteuttajana ja maksupalveluntarjoajana toimii Paytrail Oyj (2122839-7) yhteisty\u00f6ss\u00e4 suomalaisten pankkien ja luottolaitosten kanssa. Paytrail Oyj:ll\u00e4 on maksulaitoksen toimilupa. Paytrail Oyj n\u00e4kyy maksun saajana tiliotteella tai korttilaskulla ja v\u00e4litt\u00e4\u00e4 maksun tapahtuman j\u00e4rjest\u00e4j\u00e4lle.<\/p>\n\n\n\n<p><strong>3) Laksu<\/strong><\/p>\n\n\n\n<p>Laskulla maksaminen ota yhteytt\u00e4 <a href=\"mailto:elisa.sulkinoja@uef.fi\">elisa.sulkinoja@uef.fi<\/a><\/p>\n\n\n\n<p><strong>Peruutusehdot<\/strong><\/p>\n\n\n\n<p>Mik\u00e4li peruutat osallistumisen viimeist\u00e4\u00e4n 21.9.2026, osallistumismaksu palautetaan kokonaisuudessaan. T\u00e4m\u00e4n j\u00e4lkeen maksua ei palauteta.<\/p>\n\n\n\n<p>Jos sinulla on kysytt\u00e4v\u00e4\u00e4 ilmoittautumisesta tai maksuista, ota yhteytt\u00e4 <a href=\"mailto:elisa.sulkinoja@uef.fi\" target=\"_blank\" rel=\"noreferrer noopener\">elisa.sulkinoja@uef.fi<\/a>.<\/p>\n\n\n\n<p><\/p>\n","protected":false},"excerpt":{"rendered":"<p>Ilmoittaudu Vaikuttavuuden tutkimuksen p\u00e4iville 20.9. menness\u00e4. Ilmoittaudu p\u00e4iville t\u00e4ll\u00e4 ilmoittautumislomakkeella, sis\u00e4lt\u00e4\u00e4 my\u00f6s perusopiskelijan ilmoittautumisen. It\u00e4-Suomen yliopiston ty\u00f6ntekij\u00e4t ja jatko-opiskelijat, joiden osallistumisen maksaa laitos\/yksikk\u00f6 ilmoittautuvat t\u00e4ll\u00e4 ilmoittautumislomakkeella. Huomioithan, ett\u00e4 t\u00e4n\u00e4 vuonna p\u00e4iv\u00e4t j\u00e4rjestet\u00e4\u00e4n t\u00e4ysin l\u00e4hitapahtumana ilman et\u00e4osallistumismahdollisuutta. Osallistumismaksut *Opiskelijahinta koskee perustutkinto-opiskelijoita. Maksutavat 1) Luottokorttimaksu (Visa, MasterCard).Maksupalvelutarjoaja Paytrail Oyj*. 2) Verkkopankkimaksu.Maksupalvelutarjoaja Paytrail Oyj*. * Maksunv\u00e4lityspalvelun toteuttajana ja [&hellip;]<\/p>\n","protected":false},"author":44,"featured_media":0,"parent":6813,"menu_order":0,"comment_status":"closed","ping_status":"closed","template":"","meta":{"_acf_changed":false,"_monsterinsights_skip_tracking":false,"_monsterinsights_sitenote_active":false,"_monsterinsights_sitenote_note":"","_monsterinsights_sitenote_category":0,"footnotes":""},"class_list":["post-11743","page","type-page","status-publish","hentry"],"acf":[],"yoast_head":"<!-- This site is optimized with the Yoast SEO plugin v27.3 - https:\/\/yoast.com\/product\/yoast-seo-wordpress\/ -->\n<title>Ilmoittautuminen 2026 - Vaikuttavuuden talo<\/title>\n<meta name=\"robots\" content=\"index, follow, max-snippet:-1, max-image-preview:large, max-video-preview:-1\" \/>\n<link rel=\"canonical\" href=\"https:\/\/sites.uef.fi\/vaikuttavuuden-talo\/vaikuttavuuden-tutkimuksen-paivat\/ilmoittautuminen-2026\/\" \/>\n<meta property=\"og:locale\" content=\"fi_FI\" \/>\n<meta property=\"og:type\" content=\"article\" \/>\n<meta property=\"og:title\" content=\"Ilmoittautuminen 2026 - Vaikuttavuuden talo\" \/>\n<meta property=\"og:description\" content=\"Ilmoittaudu Vaikuttavuuden tutkimuksen p\u00e4iville 20.9. menness\u00e4. Ilmoittaudu p\u00e4iville t\u00e4ll\u00e4 ilmoittautumislomakkeella, sis\u00e4lt\u00e4\u00e4 my\u00f6s perusopiskelijan ilmoittautumisen. It\u00e4-Suomen yliopiston ty\u00f6ntekij\u00e4t ja jatko-opiskelijat, joiden osallistumisen maksaa laitos\/yksikk\u00f6 ilmoittautuvat t\u00e4ll\u00e4 ilmoittautumislomakkeella. Huomioithan, ett\u00e4 t\u00e4n\u00e4 vuonna p\u00e4iv\u00e4t j\u00e4rjestet\u00e4\u00e4n t\u00e4ysin l\u00e4hitapahtumana ilman et\u00e4osallistumismahdollisuutta. Osallistumismaksut *Opiskelijahinta koskee perustutkinto-opiskelijoita. Maksutavat 1) Luottokorttimaksu (Visa, MasterCard).Maksupalvelutarjoaja Paytrail Oyj*. 2) Verkkopankkimaksu.Maksupalvelutarjoaja Paytrail Oyj*. * Maksunv\u00e4lityspalvelun toteuttajana ja [&hellip;]\" \/>\n<meta property=\"og:url\" content=\"https:\/\/sites.uef.fi\/vaikuttavuuden-talo\/vaikuttavuuden-tutkimuksen-paivat\/ilmoittautuminen-2026\/\" \/>\n<meta property=\"og:site_name\" content=\"Vaikuttavuuden talo\" \/>\n<meta property=\"article:modified_time\" content=\"2026-04-16T10:36:12+00:00\" \/>\n<meta name=\"twitter:card\" content=\"summary_large_image\" \/>\n<meta name=\"twitter:label1\" content=\"Arvioitu lukuaika\" \/>\n\t<meta name=\"twitter:data1\" content=\"2 minuuttia\" \/>\n<script type=\"application\/ld+json\" class=\"yoast-schema-graph\">{\"@context\":\"https:\\\/\\\/schema.org\",\"@graph\":[{\"@type\":\"WebPage\",\"@id\":\"https:\\\/\\\/sites.uef.fi\\\/vaikuttavuuden-talo\\\/vaikuttavuuden-tutkimuksen-paivat\\\/ilmoittautuminen-2026\\\/\",\"url\":\"https:\\\/\\\/sites.uef.fi\\\/vaikuttavuuden-talo\\\/vaikuttavuuden-tutkimuksen-paivat\\\/ilmoittautuminen-2026\\\/\",\"name\":\"Ilmoittautuminen 2026 - Vaikuttavuuden talo\",\"isPartOf\":{\"@id\":\"https:\\\/\\\/sites.uef.fi\\\/vaikuttavuuden-talo\\\/#website\"},\"datePublished\":\"2025-05-19T07:20:22+00:00\",\"dateModified\":\"2026-04-16T10:36:12+00:00\",\"breadcrumb\":{\"@id\":\"https:\\\/\\\/sites.uef.fi\\\/vaikuttavuuden-talo\\\/vaikuttavuuden-tutkimuksen-paivat\\\/ilmoittautuminen-2026\\\/#breadcrumb\"},\"inLanguage\":\"fi\",\"potentialAction\":[{\"@type\":\"ReadAction\",\"target\":[\"https:\\\/\\\/sites.uef.fi\\\/vaikuttavuuden-talo\\\/vaikuttavuuden-tutkimuksen-paivat\\\/ilmoittautuminen-2026\\\/\"]}]},{\"@type\":\"BreadcrumbList\",\"@id\":\"https:\\\/\\\/sites.uef.fi\\\/vaikuttavuuden-talo\\\/vaikuttavuuden-tutkimuksen-paivat\\\/ilmoittautuminen-2026\\\/#breadcrumb\",\"itemListElement\":[{\"@type\":\"ListItem\",\"position\":1,\"name\":\"Home\",\"item\":\"https:\\\/\\\/sites.uef.fi\\\/vaikuttavuuden-talo\\\/\"},{\"@type\":\"ListItem\",\"position\":2,\"name\":\"Vaikuttavuuden tutkimuksen p\u00e4iv\u00e4t 2026\",\"item\":\"https:\\\/\\\/sites.uef.fi\\\/vaikuttavuuden-talo\\\/vaikuttavuuden-tutkimuksen-paivat\\\/\"},{\"@type\":\"ListItem\",\"position\":3,\"name\":\"Ilmoittautuminen 2026\"}]},{\"@type\":\"WebSite\",\"@id\":\"https:\\\/\\\/sites.uef.fi\\\/vaikuttavuuden-talo\\\/#website\",\"url\":\"https:\\\/\\\/sites.uef.fi\\\/vaikuttavuuden-talo\\\/\",\"name\":\"Vaikuttavuuden talo\",\"description\":\"\",\"potentialAction\":[{\"@type\":\"SearchAction\",\"target\":{\"@type\":\"EntryPoint\",\"urlTemplate\":\"https:\\\/\\\/sites.uef.fi\\\/vaikuttavuuden-talo\\\/?s={search_term_string}\"},\"query-input\":{\"@type\":\"PropertyValueSpecification\",\"valueRequired\":true,\"valueName\":\"search_term_string\"}}],\"inLanguage\":\"fi\"}]}<\/script>\n<!-- \/ Yoast SEO plugin. -->","yoast_head_json":{"title":"Ilmoittautuminen 2026 - Vaikuttavuuden talo","robots":{"index":"index","follow":"follow","max-snippet":"max-snippet:-1","max-image-preview":"max-image-preview:large","max-video-preview":"max-video-preview:-1"},"canonical":"https:\/\/sites.uef.fi\/vaikuttavuuden-talo\/vaikuttavuuden-tutkimuksen-paivat\/ilmoittautuminen-2026\/","og_locale":"fi_FI","og_type":"article","og_title":"Ilmoittautuminen 2026 - Vaikuttavuuden talo","og_description":"Ilmoittaudu Vaikuttavuuden tutkimuksen p\u00e4iville 20.9. menness\u00e4. Ilmoittaudu p\u00e4iville t\u00e4ll\u00e4 ilmoittautumislomakkeella, sis\u00e4lt\u00e4\u00e4 my\u00f6s perusopiskelijan ilmoittautumisen. It\u00e4-Suomen yliopiston ty\u00f6ntekij\u00e4t ja jatko-opiskelijat, joiden osallistumisen maksaa laitos\/yksikk\u00f6 ilmoittautuvat t\u00e4ll\u00e4 ilmoittautumislomakkeella. Huomioithan, ett\u00e4 t\u00e4n\u00e4 vuonna p\u00e4iv\u00e4t j\u00e4rjestet\u00e4\u00e4n t\u00e4ysin l\u00e4hitapahtumana ilman et\u00e4osallistumismahdollisuutta. Osallistumismaksut *Opiskelijahinta koskee perustutkinto-opiskelijoita. Maksutavat 1) Luottokorttimaksu (Visa, MasterCard).Maksupalvelutarjoaja Paytrail Oyj*. 2) Verkkopankkimaksu.Maksupalvelutarjoaja Paytrail Oyj*. * Maksunv\u00e4lityspalvelun toteuttajana ja [&hellip;]","og_url":"https:\/\/sites.uef.fi\/vaikuttavuuden-talo\/vaikuttavuuden-tutkimuksen-paivat\/ilmoittautuminen-2026\/","og_site_name":"Vaikuttavuuden talo","article_modified_time":"2026-04-16T10:36:12+00:00","twitter_card":"summary_large_image","twitter_misc":{"Arvioitu lukuaika":"2 minuuttia"},"schema":{"@context":"https:\/\/schema.org","@graph":[{"@type":"WebPage","@id":"https:\/\/sites.uef.fi\/vaikuttavuuden-talo\/vaikuttavuuden-tutkimuksen-paivat\/ilmoittautuminen-2026\/","url":"https:\/\/sites.uef.fi\/vaikuttavuuden-talo\/vaikuttavuuden-tutkimuksen-paivat\/ilmoittautuminen-2026\/","name":"Ilmoittautuminen 2026 - Vaikuttavuuden talo","isPartOf":{"@id":"https:\/\/sites.uef.fi\/vaikuttavuuden-talo\/#website"},"datePublished":"2025-05-19T07:20:22+00:00","dateModified":"2026-04-16T10:36:12+00:00","breadcrumb":{"@id":"https:\/\/sites.uef.fi\/vaikuttavuuden-talo\/vaikuttavuuden-tutkimuksen-paivat\/ilmoittautuminen-2026\/#breadcrumb"},"inLanguage":"fi","potentialAction":[{"@type":"ReadAction","target":["https:\/\/sites.uef.fi\/vaikuttavuuden-talo\/vaikuttavuuden-tutkimuksen-paivat\/ilmoittautuminen-2026\/"]}]},{"@type":"BreadcrumbList","@id":"https:\/\/sites.uef.fi\/vaikuttavuuden-talo\/vaikuttavuuden-tutkimuksen-paivat\/ilmoittautuminen-2026\/#breadcrumb","itemListElement":[{"@type":"ListItem","position":1,"name":"Home","item":"https:\/\/sites.uef.fi\/vaikuttavuuden-talo\/"},{"@type":"ListItem","position":2,"name":"Vaikuttavuuden tutkimuksen p\u00e4iv\u00e4t 2026","item":"https:\/\/sites.uef.fi\/vaikuttavuuden-talo\/vaikuttavuuden-tutkimuksen-paivat\/"},{"@type":"ListItem","position":3,"name":"Ilmoittautuminen 2026"}]},{"@type":"WebSite","@id":"https:\/\/sites.uef.fi\/vaikuttavuuden-talo\/#website","url":"https:\/\/sites.uef.fi\/vaikuttavuuden-talo\/","name":"Vaikuttavuuden talo","description":"","potentialAction":[{"@type":"SearchAction","target":{"@type":"EntryPoint","urlTemplate":"https:\/\/sites.uef.fi\/vaikuttavuuden-talo\/?s={search_term_string}"},"query-input":{"@type":"PropertyValueSpecification","valueRequired":true,"valueName":"search_term_string"}}],"inLanguage":"fi"}]}},"_links":{"self":[{"href":"https:\/\/sites.uef.fi\/vaikuttavuuden-talo\/wp-json\/wp\/v2\/pages\/11743","targetHints":{"allow":["GET"]}}],"collection":[{"href":"https:\/\/sites.uef.fi\/vaikuttavuuden-talo\/wp-json\/wp\/v2\/pages"}],"about":[{"href":"https:\/\/sites.uef.fi\/vaikuttavuuden-talo\/wp-json\/wp\/v2\/types\/page"}],"author":[{"embeddable":true,"href":"https:\/\/sites.uef.fi\/vaikuttavuuden-talo\/wp-json\/wp\/v2\/users\/44"}],"replies":[{"embeddable":true,"href":"https:\/\/sites.uef.fi\/vaikuttavuuden-talo\/wp-json\/wp\/v2\/comments?post=11743"}],"version-history":[{"count":2,"href":"https:\/\/sites.uef.fi\/vaikuttavuuden-talo\/wp-json\/wp\/v2\/pages\/11743\/revisions"}],"predecessor-version":[{"id":12606,"href":"https:\/\/sites.uef.fi\/vaikuttavuuden-talo\/wp-json\/wp\/v2\/pages\/11743\/revisions\/12606"}],"up":[{"embeddable":true,"href":"https:\/\/sites.uef.fi\/vaikuttavuuden-talo\/wp-json\/wp\/v2\/pages\/6813"}],"wp:attachment":[{"href":"https:\/\/sites.uef.fi\/vaikuttavuuden-talo\/wp-json\/wp\/v2\/media?parent=11743"}],"curies":[{"name":"wp","href":"https:\/\/api.w.org\/{rel}","templated":true}]}}