{"id":12152,"date":"2025-11-24T15:18:59","date_gmt":"2025-11-24T13:18:59","guid":{"rendered":"https:\/\/sites.uef.fi\/vaikuttavuuden-talo\/?page_id=12152"},"modified":"2026-01-14T15:21:54","modified_gmt":"2026-01-14T13:21:54","slug":"tietoa-kayttaen-kohti-tervetta-julkista-palvelua","status":"publish","type":"page","link":"https:\/\/sites.uef.fi\/vaikuttavuuden-talo\/tietoa-kayttaen-kohti-tervetta-julkista-palvelua\/","title":{"rendered":"Tietoa k\u00e4ytt\u00e4en kohti tervett\u00e4 julkista palvelua"},"content":{"rendered":"\n<h2 class=\"wp-block-heading\">Julkinen palveluj\u00e4rjestelm\u00e4 kipuilee, eik\u00e4 sen kipuun auta pelkk\u00e4 oireiden hoito. Tarvitaan ymm\u00e4rryst\u00e4 juurisyist\u00e4, hyv\u00e4ksynt\u00e4\u00e4 tilanteelle ja ennen kaikkea yhteist\u00e4 tietoa.<\/h2>\n\n\n\n<p>N\u00e4in sanoo Vaikuttavuuden talo -tutkijaverkostossa ty\u00f6skentelev\u00e4 professori <strong>Harri Laihonen<\/strong> It\u00e4-Suomen yliopistosta, joka korostaa, ett\u00e4 tiedolla johtaminen ei ole tekninen temppu, vaan kulttuurinen muutos, joka alkaa jokaisesta asiantuntijasta.<\/p>\n\n\n\n<p>Julkisen sektorin johtamista ovat vuosien varrella ohjanneet erilaiset hallinnan ja johtamisen ideaalit. K\u00e4sitykset johtamisesta ja sen ty\u00f6kaluista el\u00e4v\u00e4t ajassa. Yksinkertaistaen ja yleist\u00e4en voidaan sanoa, ett\u00e4 johtamisajattelu on muuttunut ylh\u00e4\u00e4lt\u00e4-alas tapahtuvasta, usein yhteen vahvaan johtajaan perustuvasta mallista kohti osallistavaa, vuoropuheluun perustuvaa johtamista.<\/p>\n\n\n\n<p>Johtamisajattelulla on merkitt\u00e4v\u00e4 vaikutus siihen, miten ymm\u00e4rr\u00e4mme tiedon roolin johtamisessa. Yhden johtajan mallissa el\u00e4\u00e4 ajatus siit\u00e4, ett\u00e4 kulmahuoneessa on suurin viisaus. Osallistavat mallit sen sijaan rakentuvat yhteisen tiedonmuodostuksen ja parvi\u00e4lyn varaan. Tiedonhallinnan n\u00e4k\u00f6kulmasta n\u00e4m\u00e4 ajattelumallit edellytt\u00e4v\u00e4t hyvin erilaisia ratkaisuja.<\/p>\n\n\n\n<h3 class=\"wp-block-heading\">Eri mallit vaikuttavat yht\u00e4 aikaa<\/h3>\n\n\n\n<p>\u201dErilaiset johtamismallit vaikuttavat yh\u00e4 yht\u00e4aikaisesti, mik\u00e4 aiheuttaa ristivetoa ja vaikeuttaa uudistumista\u201d, Laihonen toteaa. \u201dMoni johtaja toimii edelleen vanhan ajattelun varassa, vaikka asiakkaiden odotukset ja toimintaymp\u00e4rist\u00f6 ovat muuttuneet.\u201d Kuten niin monessa muussakin asiassa, maailma ei ole mustavalkoinen, ja taitava johtaja osaa sovittaa yhteen erilaisia johtamismalleja sujuvasti ja tilannekohtaisesti.<\/p>\n\n\n\n<p>Toinen tiedolla johtamista m\u00e4\u00e4ritt\u00e4v\u00e4 tekij\u00e4 on tavoiteasetanta. Tuottavuuden ja tehokkuuden parantaminen ohjaa katseen erilaiseen tietoon kuin ty\u00f6ntekij\u00f6iden ty\u00f6nkuvan rikastaminen ja ty\u00f6olojen kehitt\u00e4minen. T\u00e4m\u00e4 ikuinen dilemma n\u00e4kyy vahvasti ajankohtaisessa uutisoinnissa, jossa puhutaan samanaikaisesti ty\u00f6nvoiman riitt\u00e4vyydest\u00e4, pito- ja vetovoima kysymyksist\u00e4 sek\u00e4 yhteistoimintaneuvotteluista ja ty\u00f6voiman v\u00e4hent\u00e4misest\u00e4 taloudellisten s\u00e4\u00e4st\u00f6jen nimiss\u00e4.<\/p>\n\n\n\n<p>Laihonen tunnistaa useita vastaavanlaisia tavoitepareja julkisjohtamisen kent\u00e4st\u00e4: m\u00e4\u00e4r\u00e4 ja laatu, autonomia ja kontrolli, keskitetty ja hajautettu, lyhyt ja pitk\u00e4 aikav\u00e4li, yksil\u00f6 ja yhdenvertaisuus.<\/p>\n\n\n\n<p>Ideaalisti johtajat pystyv\u00e4t tasapainottelemaan erilaisten tavoitteiden ja niiden johtamiseen tarvittavan tiedon v\u00e4lill\u00e4. He tunnistavat, milloin korostaa m\u00e4\u00e4r\u00e4llist\u00e4 analytiikkaa ja milloin taas laadullista ymm\u00e4rryst\u00e4, sek\u00e4 osaavat sovittaa tiedon kontekstiin, jossa p\u00e4\u00e4t\u00f6ksi\u00e4 tehd\u00e4\u00e4n.<\/p>\n\n\n\n<h3 class=\"wp-block-heading\">Ei vain ovien takana<\/h3>\n\n\n\n<p>\u201dAina t\u00e4m\u00e4 tasapainottelu ei kuitenkaan ole helppoa\u201d, Laihonen muistuttaa. Kaikki tarvittava tieto on harvoin, jos koskaan t\u00e4ydellisesti saatavilla. P\u00e4\u00e4t\u00f6ksi\u00e4 joudutaan tekem\u00e4\u00e4n parhaan saatavilla olevan tiedon varassa.<\/p>\n\n\n\n<p>Digiyhteiskunnan avoimuus on tuonut uusia haasteita tiedolla johtamiseen. Julkisjohtaminen ei en\u00e4\u00e4 tapahdu vain suljettujen ovien takana, vaan my\u00f6s yleis\u00f6nosastoilla ja sosiaalisen median alustoilla. Johtajat joutuvat usein niin sanotusti puun ja kuoren v\u00e4liin, kun eri sidosryhmien odotukset, poliittiset paineet ja organisaation sis\u00e4iset tavoitteet vet\u00e4v\u00e4t eri suuntiin.<\/p>\n\n\n\n<p>Tiedolla johtamisen n\u00e4k\u00f6kulmasta t\u00e4m\u00e4 tarkoittaa, ett\u00e4 johtajan on kyett\u00e4v\u00e4 navigoimaan tiedon moninaisuudessa ja tunnistamaan, mik\u00e4 tieto tukee mit\u00e4kin tavoitetta, ja milloin tietoa k\u00e4ytet\u00e4\u00e4n perustelemaan, milloin suuntaamaan, ja milloin haastamaan vallitsevia k\u00e4yt\u00e4nt\u00f6j\u00e4.<\/p>\n\n\n\n<p>Reseptiksi Laihonen ehdottaa hyv\u00e4ksynt\u00e4\u00e4 eli ongelmien tunnistamista ja keskittymist\u00e4 yhteisiin tavoitteisiin. Sen j\u00e4lkeen on mahdollista rakentaa tiedolla johtamisen kulttuuria, jossa p\u00e4\u00e4kysymyksen\u00e4 on \u201dmit\u00e4 tietoa tarvitsemme, jotta tied\u00e4mme tekev\u00e4mme oikeita asioita oikein?\u201d.<\/p>\n\n\n\n<h3 class=\"wp-block-heading\">Ratkaisuna osallistuva kulttuuri<\/h3>\n\n\n\n<p>Monimutkaisten ongelmien \u00e4\u00e4rell\u00e4 on t\u00e4rke\u00e4\u00e4 n\u00e4hd\u00e4, ett\u00e4 tiedolla johtaminen ei ole vain mittareita ja raportteja. Se on my\u00f6s vuoropuhelua, jossa tieto syntyy kontekstissa ja yhteisty\u00f6ss\u00e4. Kun ammattilaiset, kansalaiset ja p\u00e4\u00e4tt\u00e4j\u00e4t voivat tuoda n\u00e4kemyksens\u00e4 yhteen, syntyy ymm\u00e4rryst\u00e4, joka ohjaa parempia ratkaisuja. Tieto ei olekaan valtaa, vaan v\u00e4line yhteiseen kehitt\u00e4miseen.<\/p>\n\n\n\n<p>Haasteita riitt\u00e4\u00e4: asiantuntijakeskeisyys voi passivoida ja l\u00e4pin\u00e4kyvyyden pelko est\u00e4\u00e4 avoimuutta. Kontrollin korostuminen voi tukahduttaa oppimisen.<\/p>\n\n\n\n<p>\u201dRatkaisu l\u00f6ytyy osallistavasta kulttuurista, jossa johtaminen on p\u00e4\u00e4t\u00f6ksi\u00e4 siten, ett\u00e4 jokainen p\u00e4\u00e4t\u00f6s perustuu tietoon\u201d, Laihonen kuvaa.<\/p>\n\n\n\n<p>\u201dMutta on selv\u00e4\u00e4, ett\u00e4 julkinen palveluj\u00e4rjestelm\u00e4 ei uudistu pelkill\u00e4 uusilla ty\u00f6kaluilla, jos ajattelu ei muutu. Kun tiedolla johtaminen vied\u00e4\u00e4n arkeen, se ohjaa sek\u00e4 prosesseja ett\u00e4 vaikuttavuutta, laatua ja uudistumista.\u201d<\/p>\n\n\n\n<p>\u201dYhteinen tieto on yhteinen voima\u201d, Laihonen tiivist\u00e4\u00e4.<\/p>\n\n\n\n<div class=\"person-card\">\n    \n                    <a href=\"https:\/\/uefconnect.uef.fi\/harri.laihonen\/\" class=\"person-card-link hover-scale-down\">\n                            <div class=\"person-card-item\">\n                    <div class=\"person-card-column-left\">\n                                                    <img decoding=\"async\" class=\"person-card-image\" src=\"https:\/\/sites.uef.fi\/vaikuttavuuden-talo\/wp-content\/uploads\/sites\/28\/2025\/11\/Harri_Laihonen.jpg\" alt=\"Harri Laihonen\" \/>\n                                            <\/div>\n\n                    <div class=\"person-card-column-right\">\n                                                <p class=\"person-card-name\">Harri Laihonen<\/p>\n                        \n                        \n                        \n                        \n                                                    <div>\n\t\t\t\t\t\t\t<svg xmlns=\"http:\/\/www.w3.org\/2000\/svg\" height=\"25px\" viewBox=\"0 -960 960 960\" width=\"24px\" ><path fill=\"currentColor\" d=\"M200-120q-33 0-56.5-23.5T120-200v-560q0-33 23.5-56.5T200-840h280v80H200v560h560v-280h80v280q0 33-23.5 56.5T760-120H200Zm188-212-56-56 372-372H560v-80h280v280h-80v-144L388-332Z\"\/><\/svg>\t\t\t\t\t\t\t<\/div>\n                                            <\/div>\n                <\/div>\n                            <\/a>\n                            <\/div>\n","protected":false},"excerpt":{"rendered":"<p>Julkinen palveluj\u00e4rjestelm\u00e4 kipuilee, eik\u00e4 sen kipuun auta pelkk\u00e4 oireiden hoito. Tarvitaan ymm\u00e4rryst\u00e4 juurisyist\u00e4, hyv\u00e4ksynt\u00e4\u00e4 tilanteelle ja ennen kaikkea yhteist\u00e4 tietoa. N\u00e4in sanoo Vaikuttavuuden talo -tutkijaverkostossa ty\u00f6skentelev\u00e4 professori Harri Laihonen It\u00e4-Suomen yliopistosta, joka korostaa, ett\u00e4 tiedolla johtaminen ei ole tekninen temppu, vaan kulttuurinen muutos, joka alkaa jokaisesta asiantuntijasta. Julkisen sektorin johtamista ovat vuosien varrella ohjanneet erilaiset [&hellip;]<\/p>\n","protected":false},"author":44,"featured_media":0,"parent":0,"menu_order":0,"comment_status":"closed","ping_status":"closed","template":"","meta":{"_acf_changed":false,"_monsterinsights_skip_tracking":false,"_monsterinsights_sitenote_active":false,"_monsterinsights_sitenote_note":"","_monsterinsights_sitenote_category":0,"footnotes":""},"class_list":["post-12152","page","type-page","status-publish","hentry"],"acf":[],"yoast_head":"<!-- This site is optimized with the Yoast SEO plugin v27.1.1 - https:\/\/yoast.com\/product\/yoast-seo-wordpress\/ -->\n<title>Tietoa k\u00e4ytt\u00e4en kohti tervett\u00e4 julkista palvelua - Vaikuttavuuden talo<\/title>\n<meta name=\"robots\" content=\"index, follow, max-snippet:-1, max-image-preview:large, max-video-preview:-1\" \/>\n<link rel=\"canonical\" href=\"https:\/\/sites.uef.fi\/vaikuttavuuden-talo\/tietoa-kayttaen-kohti-tervetta-julkista-palvelua\/\" \/>\n<meta property=\"og:locale\" content=\"fi_FI\" \/>\n<meta property=\"og:type\" content=\"article\" \/>\n<meta property=\"og:title\" content=\"Tietoa k\u00e4ytt\u00e4en kohti tervett\u00e4 julkista palvelua - Vaikuttavuuden talo\" \/>\n<meta property=\"og:description\" content=\"Julkinen palveluj\u00e4rjestelm\u00e4 kipuilee, eik\u00e4 sen kipuun auta pelkk\u00e4 oireiden hoito. Tarvitaan ymm\u00e4rryst\u00e4 juurisyist\u00e4, hyv\u00e4ksynt\u00e4\u00e4 tilanteelle ja ennen kaikkea yhteist\u00e4 tietoa. N\u00e4in sanoo Vaikuttavuuden talo -tutkijaverkostossa ty\u00f6skentelev\u00e4 professori Harri Laihonen It\u00e4-Suomen yliopistosta, joka korostaa, ett\u00e4 tiedolla johtaminen ei ole tekninen temppu, vaan kulttuurinen muutos, joka alkaa jokaisesta asiantuntijasta. Julkisen sektorin johtamista ovat vuosien varrella ohjanneet erilaiset [&hellip;]\" \/>\n<meta property=\"og:url\" content=\"https:\/\/sites.uef.fi\/vaikuttavuuden-talo\/tietoa-kayttaen-kohti-tervetta-julkista-palvelua\/\" \/>\n<meta property=\"og:site_name\" content=\"Vaikuttavuuden talo\" \/>\n<meta property=\"article:modified_time\" content=\"2026-01-14T13:21:54+00:00\" \/>\n<meta name=\"twitter:card\" content=\"summary_large_image\" \/>\n<meta name=\"twitter:label1\" content=\"Arvioitu lukuaika\" \/>\n\t<meta name=\"twitter:data1\" content=\"4 minuuttia\" \/>\n<script type=\"application\/ld+json\" class=\"yoast-schema-graph\">{\"@context\":\"https:\/\/schema.org\",\"@graph\":[{\"@type\":\"WebPage\",\"@id\":\"https:\/\/sites.uef.fi\/vaikuttavuuden-talo\/tietoa-kayttaen-kohti-tervetta-julkista-palvelua\/\",\"url\":\"https:\/\/sites.uef.fi\/vaikuttavuuden-talo\/tietoa-kayttaen-kohti-tervetta-julkista-palvelua\/\",\"name\":\"Tietoa k\u00e4ytt\u00e4en kohti tervett\u00e4 julkista palvelua - Vaikuttavuuden talo\",\"isPartOf\":{\"@id\":\"https:\/\/sites.uef.fi\/vaikuttavuuden-talo\/#website\"},\"datePublished\":\"2025-11-24T13:18:59+00:00\",\"dateModified\":\"2026-01-14T13:21:54+00:00\",\"breadcrumb\":{\"@id\":\"https:\/\/sites.uef.fi\/vaikuttavuuden-talo\/tietoa-kayttaen-kohti-tervetta-julkista-palvelua\/#breadcrumb\"},\"inLanguage\":\"fi\",\"potentialAction\":[{\"@type\":\"ReadAction\",\"target\":[\"https:\/\/sites.uef.fi\/vaikuttavuuden-talo\/tietoa-kayttaen-kohti-tervetta-julkista-palvelua\/\"]}]},{\"@type\":\"BreadcrumbList\",\"@id\":\"https:\/\/sites.uef.fi\/vaikuttavuuden-talo\/tietoa-kayttaen-kohti-tervetta-julkista-palvelua\/#breadcrumb\",\"itemListElement\":[{\"@type\":\"ListItem\",\"position\":1,\"name\":\"Home\",\"item\":\"https:\/\/sites.uef.fi\/vaikuttavuuden-talo\/\"},{\"@type\":\"ListItem\",\"position\":2,\"name\":\"Tietoa k\u00e4ytt\u00e4en kohti tervett\u00e4 julkista palvelua\"}]},{\"@type\":\"WebSite\",\"@id\":\"https:\/\/sites.uef.fi\/vaikuttavuuden-talo\/#website\",\"url\":\"https:\/\/sites.uef.fi\/vaikuttavuuden-talo\/\",\"name\":\"Vaikuttavuuden talo\",\"description\":\"\",\"potentialAction\":[{\"@type\":\"SearchAction\",\"target\":{\"@type\":\"EntryPoint\",\"urlTemplate\":\"https:\/\/sites.uef.fi\/vaikuttavuuden-talo\/?s={search_term_string}\"},\"query-input\":{\"@type\":\"PropertyValueSpecification\",\"valueRequired\":true,\"valueName\":\"search_term_string\"}}],\"inLanguage\":\"fi\"}]}<\/script>\n<!-- \/ Yoast SEO plugin. -->","yoast_head_json":{"title":"Tietoa k\u00e4ytt\u00e4en kohti tervett\u00e4 julkista palvelua - Vaikuttavuuden talo","robots":{"index":"index","follow":"follow","max-snippet":"max-snippet:-1","max-image-preview":"max-image-preview:large","max-video-preview":"max-video-preview:-1"},"canonical":"https:\/\/sites.uef.fi\/vaikuttavuuden-talo\/tietoa-kayttaen-kohti-tervetta-julkista-palvelua\/","og_locale":"fi_FI","og_type":"article","og_title":"Tietoa k\u00e4ytt\u00e4en kohti tervett\u00e4 julkista palvelua - Vaikuttavuuden talo","og_description":"Julkinen palveluj\u00e4rjestelm\u00e4 kipuilee, eik\u00e4 sen kipuun auta pelkk\u00e4 oireiden hoito. Tarvitaan ymm\u00e4rryst\u00e4 juurisyist\u00e4, hyv\u00e4ksynt\u00e4\u00e4 tilanteelle ja ennen kaikkea yhteist\u00e4 tietoa. N\u00e4in sanoo Vaikuttavuuden talo -tutkijaverkostossa ty\u00f6skentelev\u00e4 professori Harri Laihonen It\u00e4-Suomen yliopistosta, joka korostaa, ett\u00e4 tiedolla johtaminen ei ole tekninen temppu, vaan kulttuurinen muutos, joka alkaa jokaisesta asiantuntijasta. Julkisen sektorin johtamista ovat vuosien varrella ohjanneet erilaiset [&hellip;]","og_url":"https:\/\/sites.uef.fi\/vaikuttavuuden-talo\/tietoa-kayttaen-kohti-tervetta-julkista-palvelua\/","og_site_name":"Vaikuttavuuden talo","article_modified_time":"2026-01-14T13:21:54+00:00","twitter_card":"summary_large_image","twitter_misc":{"Arvioitu lukuaika":"4 minuuttia"},"schema":{"@context":"https:\/\/schema.org","@graph":[{"@type":"WebPage","@id":"https:\/\/sites.uef.fi\/vaikuttavuuden-talo\/tietoa-kayttaen-kohti-tervetta-julkista-palvelua\/","url":"https:\/\/sites.uef.fi\/vaikuttavuuden-talo\/tietoa-kayttaen-kohti-tervetta-julkista-palvelua\/","name":"Tietoa k\u00e4ytt\u00e4en kohti tervett\u00e4 julkista palvelua - Vaikuttavuuden talo","isPartOf":{"@id":"https:\/\/sites.uef.fi\/vaikuttavuuden-talo\/#website"},"datePublished":"2025-11-24T13:18:59+00:00","dateModified":"2026-01-14T13:21:54+00:00","breadcrumb":{"@id":"https:\/\/sites.uef.fi\/vaikuttavuuden-talo\/tietoa-kayttaen-kohti-tervetta-julkista-palvelua\/#breadcrumb"},"inLanguage":"fi","potentialAction":[{"@type":"ReadAction","target":["https:\/\/sites.uef.fi\/vaikuttavuuden-talo\/tietoa-kayttaen-kohti-tervetta-julkista-palvelua\/"]}]},{"@type":"BreadcrumbList","@id":"https:\/\/sites.uef.fi\/vaikuttavuuden-talo\/tietoa-kayttaen-kohti-tervetta-julkista-palvelua\/#breadcrumb","itemListElement":[{"@type":"ListItem","position":1,"name":"Home","item":"https:\/\/sites.uef.fi\/vaikuttavuuden-talo\/"},{"@type":"ListItem","position":2,"name":"Tietoa k\u00e4ytt\u00e4en kohti tervett\u00e4 julkista palvelua"}]},{"@type":"WebSite","@id":"https:\/\/sites.uef.fi\/vaikuttavuuden-talo\/#website","url":"https:\/\/sites.uef.fi\/vaikuttavuuden-talo\/","name":"Vaikuttavuuden talo","description":"","potentialAction":[{"@type":"SearchAction","target":{"@type":"EntryPoint","urlTemplate":"https:\/\/sites.uef.fi\/vaikuttavuuden-talo\/?s={search_term_string}"},"query-input":{"@type":"PropertyValueSpecification","valueRequired":true,"valueName":"search_term_string"}}],"inLanguage":"fi"}]}},"_links":{"self":[{"href":"https:\/\/sites.uef.fi\/vaikuttavuuden-talo\/wp-json\/wp\/v2\/pages\/12152","targetHints":{"allow":["GET"]}}],"collection":[{"href":"https:\/\/sites.uef.fi\/vaikuttavuuden-talo\/wp-json\/wp\/v2\/pages"}],"about":[{"href":"https:\/\/sites.uef.fi\/vaikuttavuuden-talo\/wp-json\/wp\/v2\/types\/page"}],"author":[{"embeddable":true,"href":"https:\/\/sites.uef.fi\/vaikuttavuuden-talo\/wp-json\/wp\/v2\/users\/44"}],"replies":[{"embeddable":true,"href":"https:\/\/sites.uef.fi\/vaikuttavuuden-talo\/wp-json\/wp\/v2\/comments?post=12152"}],"version-history":[{"count":1,"href":"https:\/\/sites.uef.fi\/vaikuttavuuden-talo\/wp-json\/wp\/v2\/pages\/12152\/revisions"}],"predecessor-version":[{"id":12306,"href":"https:\/\/sites.uef.fi\/vaikuttavuuden-talo\/wp-json\/wp\/v2\/pages\/12152\/revisions\/12306"}],"wp:attachment":[{"href":"https:\/\/sites.uef.fi\/vaikuttavuuden-talo\/wp-json\/wp\/v2\/media?parent=12152"}],"curies":[{"name":"wp","href":"https:\/\/api.w.org\/{rel}","templated":true}]}}