{"id":12307,"date":"2026-01-15T10:43:08","date_gmt":"2026-01-15T08:43:08","guid":{"rendered":"https:\/\/sites.uef.fi\/vaikuttavuuden-talo\/?page_id=12307"},"modified":"2026-01-19T11:50:58","modified_gmt":"2026-01-19T09:50:58","slug":"hyvinvointia-datalla-ja-digilla-miten-tukea-haavoittuvassa-asemassa-olevia","status":"publish","type":"page","link":"https:\/\/sites.uef.fi\/vaikuttavuuden-talo\/hyvinvointia-datalla-ja-digilla-miten-tukea-haavoittuvassa-asemassa-olevia\/","title":{"rendered":"Hyvinvointia datalla ja digill\u00e4: Miten tukea haavoittuvassa asemassa olevia?"},"content":{"rendered":"\n<figure class=\"wp-block-image aligncenter size-large\"><img loading=\"lazy\" decoding=\"async\" width=\"1024\" height=\"1024\" src=\"https:\/\/sites.uef.fi\/vaikuttavuuden-talo\/wp-content\/uploads\/sites\/28\/2026\/01\/ryhmakuva-1024x1024.jpg\" alt=\"Ryhm\u00e4kuva.\" class=\"wp-image-12318\" srcset=\"https:\/\/sites.uef.fi\/vaikuttavuuden-talo\/wp-content\/uploads\/sites\/28\/2026\/01\/ryhmakuva-1024x1024.jpg 1024w, https:\/\/sites.uef.fi\/vaikuttavuuden-talo\/wp-content\/uploads\/sites\/28\/2026\/01\/ryhmakuva-300x300.jpg 300w, https:\/\/sites.uef.fi\/vaikuttavuuden-talo\/wp-content\/uploads\/sites\/28\/2026\/01\/ryhmakuva-150x150.jpg 150w, https:\/\/sites.uef.fi\/vaikuttavuuden-talo\/wp-content\/uploads\/sites\/28\/2026\/01\/ryhmakuva-768x768.jpg 768w, https:\/\/sites.uef.fi\/vaikuttavuuden-talo\/wp-content\/uploads\/sites\/28\/2026\/01\/ryhmakuva-1536x1536.jpg 1536w, https:\/\/sites.uef.fi\/vaikuttavuuden-talo\/wp-content\/uploads\/sites\/28\/2026\/01\/ryhmakuva-2048x2048.jpg 2048w\" sizes=\"auto, (max-width: 1024px) 100vw, 1024px\" \/><figcaption class=\"wp-element-caption\">Yl\u00e4rivi: Joni Borgstr\u00f6m, Juha Tenhunen, Juho Str\u00f6mmer, Ismo Linnosmaa<br>Alarivi: Petteri Sveins, Tiina Ahonen, Anna-Kaisa Vartiainen, Hanna Rekola<br>Kuvasta puuttuu PREWELL hankkeen johtaja Tomi M\u00e4ki-Opas.<\/figcaption><\/figure>\n\n\n\n<h2 class=\"wp-block-heading\">It\u00e4-Suomen yliopiston yhteiskuntatieteiden laitoksella tutkitaan uusia keinoja pohjoissavolaisten hyvinvoinnin ja toimintakyvyn tukemiseen hyvinvointialueen ja yliopiston yhteisess\u00e4 mielen hyvinvoinnin PREWELL-hankkeessa.<\/h2>\n\n\n\n<p><strong>Vaikuttavuuden talo -tutkijaverkoston Tiina Ahonen <\/strong>ja <strong>Hanna Rekola<\/strong> ovat tutkimuksissaan pureutuneet toimintamahdollisuuksien teoriaan ja siihen, miten digitaalisilla ratkaisuilla ja tarkemmalla hyvinvointidatalla voidaan lis\u00e4t\u00e4 ihmisten hyvinvointia.<\/p>\n\n\n\n<p>Sote-uudistuksen my\u00f6t\u00e4 tarve ymm\u00e4rt\u00e4\u00e4 v\u00e4est\u00f6n hyvinvointia pintaa syvemm\u00e4lt\u00e4 on kasvanut. Pelkk\u00e4 sairauksien tilastointi ei en\u00e4\u00e4 riit\u00e4, vaan tarvitaan tietoa ihmisten kokemasta el\u00e4m\u00e4nlaadusta ja todellisista toimintamahdollisuuksista. Juuri tuohon tarpeeseen v\u00e4it\u00f6skirjatutkija Ahonen ja projektitutkija Rekola pyrkiv\u00e4t vastaamaan yhdistelem\u00e4ll\u00e4 sosiaality\u00f6n, hyvinvointitutkimuksen ja digitaalisen hyvinvoinnin edist\u00e4misen n\u00e4k\u00f6kulmia.<\/p>\n\n\n\n<p>\u201dMonitieteisen PREWELL-konsortiomme tavoitteena on lis\u00e4t\u00e4 ymm\u00e4rryst\u00e4 mielen hyvinvoinnin taustalla vaikuttavista mekanismeista ja l\u00f6yt\u00e4\u00e4 keinoja tunnistaa ihmisi\u00e4, joilla on korkea riski kohdata mielenterveysongelmia. Keskitymme tutkimuksessa erityisesti toimintamahdollisuuksien vahvistamiseen sek\u00e4 siihen, miten digitaalisia ty\u00f6kaluja voidaan hy\u00f6dynt\u00e4\u00e4 t\u00e4ss\u00e4\u201d, Rekola kertoo.<\/p>\n\n\n\n<p>\u201cMielenterveyden kannalta haavoittuvat ryhm\u00e4t voivat hy\u00f6ty\u00e4 toimintamahdollisuuksien tukemisesta. Toimintamahdollisuuksilla tarkoitetaan ihmisten todellisia mahdollisuuksia toteuttaa hyv\u00e4\u00e4 el\u00e4m\u00e4\u00e4, yll\u00e4pit\u00e4\u00e4 ja edist\u00e4\u00e4 terveytt\u00e4\u00e4n ja hyvinvointiaan\u201d, Ahonen lis\u00e4\u00e4.&nbsp;\u201dPohdimmekin erityisesti sit\u00e4, miten digitaalisen intervention avulla voidaan tukea ihmisten toimintamahdollisuuksia, valinnanvapautta ja vaihtoehtoja hyvinvointia muovaavissa arjen valinnoissa\u201d.&nbsp;<\/p>\n\n\n\n<h3 class=\"wp-block-heading\">Digitaalinen hyvinvointi: Kuka hy\u00f6tyy sovelluksista?<\/h3>\n\n\n\n<p>Rekola on tutkinut digitaalisten interventioiden eli tarkemmin mobiilisovellusten soveltuvuutta ja vaikuttavuutta elintapojen ja mielen hyvinvoinnin tukemiseen. Alustavien tulosten mukaan hyvinvointisovellukset voivat olla tehokkaita hyvinvointia tukevien elintapojen omaksumisessa, mutta niiden vaikuttavuus riippuu k\u00e4ytt\u00e4j\u00e4n taustatekij\u00f6ist\u00e4 ja siit\u00e4, miten sovelluksia k\u00e4ytet\u00e4\u00e4n.<\/p>\n\n\n\n<p>\u201cAlustavien tulosten mukaan PREWELL-hankkeessa tutkimamme BitHabit-hyvinvointisovelluksen k\u00e4yt\u00f6ll\u00e4 voi olla my\u00f6nteisi\u00e4 vaikutuksia mielen hyvinvointiin. Se on lupaavaa, koska digitaalinen terveyden edist\u00e4minen on potentiaalisesti kustannustehokasta ja digitaalisia ty\u00f6kaluja voitaisiin hy\u00f6dynt\u00e4\u00e4 my\u00f6s intensiivisemp\u00e4\u00e4 tukea tarvitsevien asukkaiden seulomisessa\u201d, Rekola arvioi.<\/p>\n\n\n\n<p>Monissa aiemmissa tutkimuksissa keskeinen havainto on ollut se, ett\u00e4 digitaaliset ratkaisut vaativat tuekseen ihmiskontaktia tai ohjausta, erityisesti silloin, kun k\u00e4ytt\u00e4j\u00e4ll\u00e4 on haasteita motivaation tai digitaalisten taitojen kanssa. Rekolan ty\u00f6 korostaa, ett\u00e4 hyvinvointisovellusten dataa tulisi hy\u00f6dynt\u00e4\u00e4 paremmin sote-ammattilaisten ty\u00f6n tukena, jotta riskiryhm\u00e4t tunnistettaisiin ajoissa, mutta ei siten, ett\u00e4 samaa l\u00e4\u00e4kett\u00e4 tarjotaan kaikille. Digitaalisia palveluja tarjotaan usein ratkaisuna hyvinvointialueiden resurssipulaan, mutta tulokset osoittavat, ett\u00e4 &#8221;yksi keino ei sovi kaikille&#8221;.<\/p>\n\n\n\n<p>\u201cTuloksemme kertovat, ett\u00e4 digitaalinen hyvinvoinnin edist\u00e4minen ei v\u00e4ltt\u00e4m\u00e4tt\u00e4 sovi kaikille. Tarvitsemme lis\u00e4\u00e4 tietoa siit\u00e4, millaisille k\u00e4ytt\u00e4jille sovellukset ovat hy\u00f6dyllisi\u00e4 ja toisaalta, miten sovelluksia voisi kehitt\u00e4\u00e4 niin, ett\u00e4 ne palvelisivat laajempia k\u00e4ytt\u00e4j\u00e4ryhmi\u00e4\u201d, Rekola sanoo. Lis\u00e4ksi tarvitsemme tietoa siit\u00e4, ett\u00e4 mit\u00e4 keinoja tulisi kohdentaa ryhmille, jotka eiv\u00e4t syyst\u00e4 tai toisesta voi hy\u00f6dynt\u00e4\u00e4 digitaalisia l\u00e4hestymistapoja ja kenties tarvitsevat toisenlaisia matalan kynnyksen palveluita.<\/p>\n\n\n\n<h3 class=\"wp-block-heading\">Keski\u00f6ss\u00e4 koetut toimintamahdollisuudet<\/h3>\n\n\n\n<p>Ahosen tutkimus puolestaan avaa sosiaality\u00f6n ja yhteiskuntapolitiikan n\u00e4k\u00f6kulmaa. H\u00e4n on soveltanut ty\u00f6ss\u00e4\u00e4n toimintamahdollisuuksien teoriaa, joka ei mittaa hyvinvointia vain bruttokansantuotteella tai terveysindekseill\u00e4, vaan tarkastelee sit\u00e4, mit\u00e4 ihmiset tosiasiallisesti pystyv\u00e4t tekem\u00e4\u00e4n ja olemaan el\u00e4m\u00e4ss\u00e4\u00e4n.<\/p>\n\n\n\n<p>Ahosen ja Rekolan yhteisiss\u00e4 politiikkasuosituksissa on nostettu esiin huoli haavoittuvista ryhmist\u00e4 Pohjois-Savossa. Tutkimusten mukaan eriarvoisuus kasautuu eli esimerkiksi ty\u00f6tt\u00f6mill\u00e4 on merkitt\u00e4v\u00e4sti heikommat toimintamahdollisuudet ja mielenterveyden haasteita kohdanneilla heikompi el\u00e4m\u00e4\u00e4n tyytyv\u00e4isyys, kuin muulla v\u00e4est\u00f6ll\u00e4. <\/p>\n\n\n\n<p>Toisena haasteena on osallisuuden puute eli pelkk\u00e4 toimeentulotuki ei riit\u00e4, jos ihmiselt\u00e4 puuttuu kokemus siit\u00e4, ett\u00e4 h\u00e4n voi vaikuttaa omaan elinymp\u00e4rist\u00f6\u00f6ns\u00e4 tai osallistua yhteis\u00f6n toimintaan.<\/p>\n\n\n\n<p>Ahonen onkin per\u00e4\u00e4nkuuluttanut enemm\u00e4n resursseja rakenteelliseen sosiaality\u00f6h\u00f6n. Rakenteellinen sosiaality\u00f6 tarkoittaa, ett\u00e4 sosiaalihuollon tulisi paitsi auttaa yksil\u00f6it\u00e4 my\u00f6s tuottaa tietoa p\u00e4\u00e4tt\u00e4jille siit\u00e4, millaiset rakenteet est\u00e4v\u00e4t ihmisten mahdollisuuksia hyvinvointiin.<\/p>\n\n\n\n<h3 class=\"wp-block-heading\">Yhteisty\u00f6 jatkuu monitieteisess\u00e4 PREWELL-konsortiossa<\/h3>\n\n\n\n<p>Tutkijoiden ty\u00f6 jatkuu PREWELL-hankkeessa, jossa tutkitaan toimintamahdollisuuksien, terveysk\u00e4ytt\u00e4ytymisen ja mielen hyvinvoinnin yhteyksi\u00e4 ja hy\u00f6dynnet\u00e4\u00e4n digitaalisia interventioita, pelillist\u00e4mist\u00e4 ja teko\u00e4ly\u00e4 mielen hyvinvoinnin tukemisessa. Tavoitteena on kehitt\u00e4\u00e4 entist\u00e4 yksil\u00f6l\u00e4ht\u00f6isempi\u00e4 tapoja tukea mielen hyvinvointia aikuisilla, joilla on kohonnut riski kohdata mielenterveyden haasteita.<\/p>\n\n\n\n<p>Ahonen ja Rekola ovat tutkimuksensa kautta osoittaneet, ett\u00e4 hyvinvoinnin edist\u00e4minen on parhaimmillaan monitieteist\u00e4 ja moniammatillista yhteisty\u00f6t\u00e4, jossa yhdistyy hyvinvoinnin, elintapojen ja koettujen toimintamahdollisuuksien syv\u00e4llisen ymm\u00e4rryksen lis\u00e4ksi vaikuttavuusperusteisten hyvinvoinnin edist\u00e4misen keinojen kehitt\u00e4minen. Heid\u00e4n ty\u00f6ns\u00e4 voi osaltaan tuoda esiin innovatiivisia keinoja parantaa sosiaali- ja terveyspalvelujen vaikuttavuutta, mik\u00e4 on sote-uudistuksen onnistumisen ja laajemmin yhteiskunnallisen eriarvoisuuden v\u00e4hent\u00e4misen ja kest\u00e4v\u00e4n hyvinvoinnin kannalta kriittist\u00e4.<\/p>\n\n\n\n<div class=\"person-card\">\n    \n                    <a href=\"https:\/\/uefconnect.uef.fi\/hanna.rekola\/\" class=\"person-card-link hover-scale-down\">\n                            <div class=\"person-card-item\">\n                    <div class=\"person-card-column-left\">\n                                                    <img decoding=\"async\" class=\"person-card-image\" src=\"https:\/\/sites.uef.fi\/vaikuttavuuden-talo\/wp-content\/uploads\/sites\/28\/2026\/01\/Hanna-Rekola.jpg\" alt=\"Hanna Rekola.\" \/>\n                                            <\/div>\n\n                    <div class=\"person-card-column-right\">\n                                                <p class=\"person-card-name\">Hanna Rekola<\/p>\n                        \n                        \n                        \n                        \n                                                    <div>\n\t\t\t\t\t\t\t<svg xmlns=\"http:\/\/www.w3.org\/2000\/svg\" height=\"25px\" viewBox=\"0 -960 960 960\" width=\"24px\" ><path fill=\"currentColor\" d=\"M200-120q-33 0-56.5-23.5T120-200v-560q0-33 23.5-56.5T200-840h280v80H200v560h560v-280h80v280q0 33-23.5 56.5T760-120H200Zm188-212-56-56 372-372H560v-80h280v280h-80v-144L388-332Z\"\/><\/svg>\t\t\t\t\t\t\t<\/div>\n                                            <\/div>\n                <\/div>\n                            <\/a>\n                                        <a href=\"https:\/\/uefconnect.uef.fi\/tiina.ahonen\/\" class=\"person-card-link hover-scale-down\">\n                            <div class=\"person-card-item\">\n                    <div class=\"person-card-column-left\">\n                                                    <img decoding=\"async\" class=\"person-card-image\" src=\"https:\/\/sites.uef.fi\/vaikuttavuuden-talo\/wp-content\/uploads\/sites\/28\/2026\/01\/Tiina-Ahonen.jpg\" alt=\"Tiina Ahonen.\" \/>\n                                            <\/div>\n\n                    <div class=\"person-card-column-right\">\n                                                <p class=\"person-card-name\">Tiina Ahonen<\/p>\n                        \n                        \n                        \n                        \n                                                    <div>\n\t\t\t\t\t\t\t<svg xmlns=\"http:\/\/www.w3.org\/2000\/svg\" height=\"25px\" viewBox=\"0 -960 960 960\" width=\"24px\" ><path fill=\"currentColor\" d=\"M200-120q-33 0-56.5-23.5T120-200v-560q0-33 23.5-56.5T200-840h280v80H200v560h560v-280h80v280q0 33-23.5 56.5T760-120H200Zm188-212-56-56 372-372H560v-80h280v280h-80v-144L388-332Z\"\/><\/svg>\t\t\t\t\t\t\t<\/div>\n                                            <\/div>\n                <\/div>\n                            <\/a>\n                            <\/div>\n\n\n\n<p><\/p>\n","protected":false},"excerpt":{"rendered":"<p>It\u00e4-Suomen yliopiston yhteiskuntatieteiden laitoksella tutkitaan uusia keinoja pohjoissavolaisten hyvinvoinnin ja toimintakyvyn tukemiseen hyvinvointialueen ja yliopiston yhteisess\u00e4 mielen hyvinvoinnin PREWELL-hankkeessa. Vaikuttavuuden talo -tutkijaverkoston Tiina Ahonen ja Hanna Rekola ovat tutkimuksissaan pureutuneet toimintamahdollisuuksien teoriaan ja siihen, miten digitaalisilla ratkaisuilla ja tarkemmalla hyvinvointidatalla voidaan lis\u00e4t\u00e4 ihmisten hyvinvointia. Sote-uudistuksen my\u00f6t\u00e4 tarve ymm\u00e4rt\u00e4\u00e4 v\u00e4est\u00f6n hyvinvointia pintaa syvemm\u00e4lt\u00e4 on kasvanut. Pelkk\u00e4 [&hellip;]<\/p>\n","protected":false},"author":44,"featured_media":0,"parent":0,"menu_order":0,"comment_status":"closed","ping_status":"closed","template":"","meta":{"_acf_changed":false,"_monsterinsights_skip_tracking":false,"_monsterinsights_sitenote_active":false,"_monsterinsights_sitenote_note":"","_monsterinsights_sitenote_category":0,"footnotes":""},"class_list":["post-12307","page","type-page","status-publish","hentry"],"acf":[],"yoast_head":"<!-- This site is optimized with the Yoast SEO plugin v27.1.1 - https:\/\/yoast.com\/product\/yoast-seo-wordpress\/ -->\n<title>Hyvinvointia datalla ja digill\u00e4: Miten tukea haavoittuvassa asemassa olevia? - Vaikuttavuuden talo<\/title>\n<meta name=\"robots\" content=\"index, follow, max-snippet:-1, max-image-preview:large, max-video-preview:-1\" \/>\n<link rel=\"canonical\" href=\"https:\/\/sites.uef.fi\/vaikuttavuuden-talo\/hyvinvointia-datalla-ja-digilla-miten-tukea-haavoittuvassa-asemassa-olevia\/\" \/>\n<meta property=\"og:locale\" content=\"fi_FI\" \/>\n<meta property=\"og:type\" content=\"article\" \/>\n<meta property=\"og:title\" content=\"Hyvinvointia datalla ja digill\u00e4: Miten tukea haavoittuvassa asemassa olevia? - Vaikuttavuuden talo\" \/>\n<meta property=\"og:description\" content=\"It\u00e4-Suomen yliopiston yhteiskuntatieteiden laitoksella tutkitaan uusia keinoja pohjoissavolaisten hyvinvoinnin ja toimintakyvyn tukemiseen hyvinvointialueen ja yliopiston yhteisess\u00e4 mielen hyvinvoinnin PREWELL-hankkeessa. Vaikuttavuuden talo -tutkijaverkoston Tiina Ahonen ja Hanna Rekola ovat tutkimuksissaan pureutuneet toimintamahdollisuuksien teoriaan ja siihen, miten digitaalisilla ratkaisuilla ja tarkemmalla hyvinvointidatalla voidaan lis\u00e4t\u00e4 ihmisten hyvinvointia. Sote-uudistuksen my\u00f6t\u00e4 tarve ymm\u00e4rt\u00e4\u00e4 v\u00e4est\u00f6n hyvinvointia pintaa syvemm\u00e4lt\u00e4 on kasvanut. Pelkk\u00e4 [&hellip;]\" \/>\n<meta property=\"og:url\" content=\"https:\/\/sites.uef.fi\/vaikuttavuuden-talo\/hyvinvointia-datalla-ja-digilla-miten-tukea-haavoittuvassa-asemassa-olevia\/\" \/>\n<meta property=\"og:site_name\" content=\"Vaikuttavuuden talo\" \/>\n<meta property=\"article:modified_time\" content=\"2026-01-19T09:50:58+00:00\" \/>\n<meta property=\"og:image\" content=\"https:\/\/sites.uef.fi\/vaikuttavuuden-talo\/wp-content\/uploads\/sites\/28\/2026\/01\/ryhmakuva-1024x1024.jpg\" \/>\n\t<meta property=\"og:image:width\" content=\"1024\" \/>\n\t<meta property=\"og:image:height\" content=\"1024\" \/>\n\t<meta property=\"og:image:type\" content=\"image\/jpeg\" \/>\n<meta name=\"twitter:card\" content=\"summary_large_image\" \/>\n<meta name=\"twitter:label1\" content=\"Arvioitu lukuaika\" \/>\n\t<meta name=\"twitter:data1\" content=\"5 minuuttia\" \/>\n<script type=\"application\/ld+json\" class=\"yoast-schema-graph\">{\"@context\":\"https:\/\/schema.org\",\"@graph\":[{\"@type\":\"WebPage\",\"@id\":\"https:\/\/sites.uef.fi\/vaikuttavuuden-talo\/hyvinvointia-datalla-ja-digilla-miten-tukea-haavoittuvassa-asemassa-olevia\/\",\"url\":\"https:\/\/sites.uef.fi\/vaikuttavuuden-talo\/hyvinvointia-datalla-ja-digilla-miten-tukea-haavoittuvassa-asemassa-olevia\/\",\"name\":\"Hyvinvointia datalla ja digill\u00e4: Miten tukea haavoittuvassa asemassa olevia? - Vaikuttavuuden talo\",\"isPartOf\":{\"@id\":\"https:\/\/sites.uef.fi\/vaikuttavuuden-talo\/#website\"},\"primaryImageOfPage\":{\"@id\":\"https:\/\/sites.uef.fi\/vaikuttavuuden-talo\/hyvinvointia-datalla-ja-digilla-miten-tukea-haavoittuvassa-asemassa-olevia\/#primaryimage\"},\"image\":{\"@id\":\"https:\/\/sites.uef.fi\/vaikuttavuuden-talo\/hyvinvointia-datalla-ja-digilla-miten-tukea-haavoittuvassa-asemassa-olevia\/#primaryimage\"},\"thumbnailUrl\":\"https:\/\/sites.uef.fi\/vaikuttavuuden-talo\/wp-content\/uploads\/sites\/28\/2026\/01\/ryhmakuva-1024x1024.jpg\",\"datePublished\":\"2026-01-15T08:43:08+00:00\",\"dateModified\":\"2026-01-19T09:50:58+00:00\",\"breadcrumb\":{\"@id\":\"https:\/\/sites.uef.fi\/vaikuttavuuden-talo\/hyvinvointia-datalla-ja-digilla-miten-tukea-haavoittuvassa-asemassa-olevia\/#breadcrumb\"},\"inLanguage\":\"fi\",\"potentialAction\":[{\"@type\":\"ReadAction\",\"target\":[\"https:\/\/sites.uef.fi\/vaikuttavuuden-talo\/hyvinvointia-datalla-ja-digilla-miten-tukea-haavoittuvassa-asemassa-olevia\/\"]}]},{\"@type\":\"ImageObject\",\"inLanguage\":\"fi\",\"@id\":\"https:\/\/sites.uef.fi\/vaikuttavuuden-talo\/hyvinvointia-datalla-ja-digilla-miten-tukea-haavoittuvassa-asemassa-olevia\/#primaryimage\",\"url\":\"https:\/\/sites.uef.fi\/vaikuttavuuden-talo\/wp-content\/uploads\/sites\/28\/2026\/01\/ryhmakuva.jpg\",\"contentUrl\":\"https:\/\/sites.uef.fi\/vaikuttavuuden-talo\/wp-content\/uploads\/sites\/28\/2026\/01\/ryhmakuva.jpg\",\"width\":2270,\"height\":2270,\"caption\":\"Ryhm\u00e4kuva.\"},{\"@type\":\"BreadcrumbList\",\"@id\":\"https:\/\/sites.uef.fi\/vaikuttavuuden-talo\/hyvinvointia-datalla-ja-digilla-miten-tukea-haavoittuvassa-asemassa-olevia\/#breadcrumb\",\"itemListElement\":[{\"@type\":\"ListItem\",\"position\":1,\"name\":\"Home\",\"item\":\"https:\/\/sites.uef.fi\/vaikuttavuuden-talo\/\"},{\"@type\":\"ListItem\",\"position\":2,\"name\":\"Hyvinvointia datalla ja digill\u00e4: Miten tukea haavoittuvassa asemassa olevia?\"}]},{\"@type\":\"WebSite\",\"@id\":\"https:\/\/sites.uef.fi\/vaikuttavuuden-talo\/#website\",\"url\":\"https:\/\/sites.uef.fi\/vaikuttavuuden-talo\/\",\"name\":\"Vaikuttavuuden talo\",\"description\":\"\",\"potentialAction\":[{\"@type\":\"SearchAction\",\"target\":{\"@type\":\"EntryPoint\",\"urlTemplate\":\"https:\/\/sites.uef.fi\/vaikuttavuuden-talo\/?s={search_term_string}\"},\"query-input\":{\"@type\":\"PropertyValueSpecification\",\"valueRequired\":true,\"valueName\":\"search_term_string\"}}],\"inLanguage\":\"fi\"}]}<\/script>\n<!-- \/ Yoast SEO plugin. -->","yoast_head_json":{"title":"Hyvinvointia datalla ja digill\u00e4: Miten tukea haavoittuvassa asemassa olevia? - Vaikuttavuuden talo","robots":{"index":"index","follow":"follow","max-snippet":"max-snippet:-1","max-image-preview":"max-image-preview:large","max-video-preview":"max-video-preview:-1"},"canonical":"https:\/\/sites.uef.fi\/vaikuttavuuden-talo\/hyvinvointia-datalla-ja-digilla-miten-tukea-haavoittuvassa-asemassa-olevia\/","og_locale":"fi_FI","og_type":"article","og_title":"Hyvinvointia datalla ja digill\u00e4: Miten tukea haavoittuvassa asemassa olevia? - Vaikuttavuuden talo","og_description":"It\u00e4-Suomen yliopiston yhteiskuntatieteiden laitoksella tutkitaan uusia keinoja pohjoissavolaisten hyvinvoinnin ja toimintakyvyn tukemiseen hyvinvointialueen ja yliopiston yhteisess\u00e4 mielen hyvinvoinnin PREWELL-hankkeessa. Vaikuttavuuden talo -tutkijaverkoston Tiina Ahonen ja Hanna Rekola ovat tutkimuksissaan pureutuneet toimintamahdollisuuksien teoriaan ja siihen, miten digitaalisilla ratkaisuilla ja tarkemmalla hyvinvointidatalla voidaan lis\u00e4t\u00e4 ihmisten hyvinvointia. Sote-uudistuksen my\u00f6t\u00e4 tarve ymm\u00e4rt\u00e4\u00e4 v\u00e4est\u00f6n hyvinvointia pintaa syvemm\u00e4lt\u00e4 on kasvanut. Pelkk\u00e4 [&hellip;]","og_url":"https:\/\/sites.uef.fi\/vaikuttavuuden-talo\/hyvinvointia-datalla-ja-digilla-miten-tukea-haavoittuvassa-asemassa-olevia\/","og_site_name":"Vaikuttavuuden talo","article_modified_time":"2026-01-19T09:50:58+00:00","og_image":[{"width":1024,"height":1024,"url":"https:\/\/sites.uef.fi\/vaikuttavuuden-talo\/wp-content\/uploads\/sites\/28\/2026\/01\/ryhmakuva-1024x1024.jpg","type":"image\/jpeg"}],"twitter_card":"summary_large_image","twitter_misc":{"Arvioitu lukuaika":"5 minuuttia"},"schema":{"@context":"https:\/\/schema.org","@graph":[{"@type":"WebPage","@id":"https:\/\/sites.uef.fi\/vaikuttavuuden-talo\/hyvinvointia-datalla-ja-digilla-miten-tukea-haavoittuvassa-asemassa-olevia\/","url":"https:\/\/sites.uef.fi\/vaikuttavuuden-talo\/hyvinvointia-datalla-ja-digilla-miten-tukea-haavoittuvassa-asemassa-olevia\/","name":"Hyvinvointia datalla ja digill\u00e4: Miten tukea haavoittuvassa asemassa olevia? - Vaikuttavuuden talo","isPartOf":{"@id":"https:\/\/sites.uef.fi\/vaikuttavuuden-talo\/#website"},"primaryImageOfPage":{"@id":"https:\/\/sites.uef.fi\/vaikuttavuuden-talo\/hyvinvointia-datalla-ja-digilla-miten-tukea-haavoittuvassa-asemassa-olevia\/#primaryimage"},"image":{"@id":"https:\/\/sites.uef.fi\/vaikuttavuuden-talo\/hyvinvointia-datalla-ja-digilla-miten-tukea-haavoittuvassa-asemassa-olevia\/#primaryimage"},"thumbnailUrl":"https:\/\/sites.uef.fi\/vaikuttavuuden-talo\/wp-content\/uploads\/sites\/28\/2026\/01\/ryhmakuva-1024x1024.jpg","datePublished":"2026-01-15T08:43:08+00:00","dateModified":"2026-01-19T09:50:58+00:00","breadcrumb":{"@id":"https:\/\/sites.uef.fi\/vaikuttavuuden-talo\/hyvinvointia-datalla-ja-digilla-miten-tukea-haavoittuvassa-asemassa-olevia\/#breadcrumb"},"inLanguage":"fi","potentialAction":[{"@type":"ReadAction","target":["https:\/\/sites.uef.fi\/vaikuttavuuden-talo\/hyvinvointia-datalla-ja-digilla-miten-tukea-haavoittuvassa-asemassa-olevia\/"]}]},{"@type":"ImageObject","inLanguage":"fi","@id":"https:\/\/sites.uef.fi\/vaikuttavuuden-talo\/hyvinvointia-datalla-ja-digilla-miten-tukea-haavoittuvassa-asemassa-olevia\/#primaryimage","url":"https:\/\/sites.uef.fi\/vaikuttavuuden-talo\/wp-content\/uploads\/sites\/28\/2026\/01\/ryhmakuva.jpg","contentUrl":"https:\/\/sites.uef.fi\/vaikuttavuuden-talo\/wp-content\/uploads\/sites\/28\/2026\/01\/ryhmakuva.jpg","width":2270,"height":2270,"caption":"Ryhm\u00e4kuva."},{"@type":"BreadcrumbList","@id":"https:\/\/sites.uef.fi\/vaikuttavuuden-talo\/hyvinvointia-datalla-ja-digilla-miten-tukea-haavoittuvassa-asemassa-olevia\/#breadcrumb","itemListElement":[{"@type":"ListItem","position":1,"name":"Home","item":"https:\/\/sites.uef.fi\/vaikuttavuuden-talo\/"},{"@type":"ListItem","position":2,"name":"Hyvinvointia datalla ja digill\u00e4: Miten tukea haavoittuvassa asemassa olevia?"}]},{"@type":"WebSite","@id":"https:\/\/sites.uef.fi\/vaikuttavuuden-talo\/#website","url":"https:\/\/sites.uef.fi\/vaikuttavuuden-talo\/","name":"Vaikuttavuuden talo","description":"","potentialAction":[{"@type":"SearchAction","target":{"@type":"EntryPoint","urlTemplate":"https:\/\/sites.uef.fi\/vaikuttavuuden-talo\/?s={search_term_string}"},"query-input":{"@type":"PropertyValueSpecification","valueRequired":true,"valueName":"search_term_string"}}],"inLanguage":"fi"}]}},"_links":{"self":[{"href":"https:\/\/sites.uef.fi\/vaikuttavuuden-talo\/wp-json\/wp\/v2\/pages\/12307","targetHints":{"allow":["GET"]}}],"collection":[{"href":"https:\/\/sites.uef.fi\/vaikuttavuuden-talo\/wp-json\/wp\/v2\/pages"}],"about":[{"href":"https:\/\/sites.uef.fi\/vaikuttavuuden-talo\/wp-json\/wp\/v2\/types\/page"}],"author":[{"embeddable":true,"href":"https:\/\/sites.uef.fi\/vaikuttavuuden-talo\/wp-json\/wp\/v2\/users\/44"}],"replies":[{"embeddable":true,"href":"https:\/\/sites.uef.fi\/vaikuttavuuden-talo\/wp-json\/wp\/v2\/comments?post=12307"}],"version-history":[{"count":2,"href":"https:\/\/sites.uef.fi\/vaikuttavuuden-talo\/wp-json\/wp\/v2\/pages\/12307\/revisions"}],"predecessor-version":[{"id":12350,"href":"https:\/\/sites.uef.fi\/vaikuttavuuden-talo\/wp-json\/wp\/v2\/pages\/12307\/revisions\/12350"}],"wp:attachment":[{"href":"https:\/\/sites.uef.fi\/vaikuttavuuden-talo\/wp-json\/wp\/v2\/media?parent=12307"}],"curies":[{"name":"wp","href":"https:\/\/api.w.org\/{rel}","templated":true}]}}