{"id":12510,"date":"2026-03-16T14:52:33","date_gmt":"2026-03-16T12:52:33","guid":{"rendered":"https:\/\/sites.uef.fi\/vaikuttavuuden-talo\/?page_id=12510"},"modified":"2026-03-31T11:43:00","modified_gmt":"2026-03-31T09:43:00","slug":"puhujat-2026","status":"publish","type":"page","link":"https:\/\/sites.uef.fi\/vaikuttavuuden-talo\/vaikuttavuuden-tutkimuksen-paivat\/puhujat-2026\/","title":{"rendered":"Puhujat 2026"},"content":{"rendered":"\n<h2 class=\"wp-block-heading\">T\u00e4n\u00e4 vuonna puhujina ovat Susie Sykes, Peter Groenewegen, Heidi Vanjusov ja Kimmo Elo<\/h2>\n\n\n\n<div class=\"person-card\">\n    \n                    <div class=\"person-card-item\">\n                    <div class=\"person-card-column-left\">\n                                                    <img decoding=\"async\" class=\"person-card-image\" src=\"https:\/\/sites.uef.fi\/vaikuttavuuden-talo\/wp-content\/uploads\/sites\/28\/2026\/03\/Susie-Sykes-nelio.jpg\" alt=\"Susie Sykes.\" \/>\n                                            <\/div>\n\n                    <div class=\"person-card-column-right\">\n                                                <p class=\"person-card-name\">Susie Sykes<\/p>\n                        \n                                                <p class=\"person-card-position\">Professori<\/p>\n                        \n                                                <p class=\"person-card-organisation\">London South Bank University (UK)<\/p>\n                        \n                                                <p class=\"person-card-text\">Susie Sykes is Professor of Public Health and Health Promotion at London South Bank University and Director of the Health and Wellbeing Research Centre. She leads PHIRST South Bank, an NIHR-funded Public Health Intervention Responsive Studies Team that evaluates locally led public health interventions across the UK to understand what works in improving population health and reducing inequalities.\u00a0\r\n\u00a0\r\nHer research focuses on critical health literacy, health equity, and the role of social and structural determinants in shaping health outcomes. She has contributed widely to scholarship examining how communities and organisations can support people to critically engage with health information and participate in decisions that affect their health.\u00a0\r\n\r\nProfessor Sykes\u2019 work combines conceptual development with applied public health evaluation, with a particular interest in how research can inform policy and practice in complex and uncertain contexts. She is Vice Chair of the International Union for Health Promotion and Education (IUHPE) Global Working Group on Health Literacy and contributes to multiple international collaborations advancing research and practice on health literacy and health equity.<\/p>\n                        \n                                            <\/div>\n                <\/div>\n                                        <a href=\"https:\/\/www.nivel.nl\/en\/peter-groenewegen\" class=\"person-card-link hover-scale-down\">\n                            <div class=\"person-card-item\">\n                    <div class=\"person-card-column-left\">\n                                                    <img decoding=\"async\" class=\"person-card-image\" src=\"https:\/\/sites.uef.fi\/vaikuttavuuden-talo\/wp-content\/uploads\/sites\/28\/2026\/03\/Peter-Groenewegen-nelio.jpg\" alt=\"Peter Groenewegen.\" \/>\n                                            <\/div>\n\n                    <div class=\"person-card-column-right\">\n                                                <p class=\"person-card-name\">Peter Groenewegen<\/p>\n                        \n                                                <p class=\"person-card-position\">Emeritusprofessori<\/p>\n                        \n                                                <p class=\"person-card-organisation\">Utrecht University (NL)<\/p>\n                        \n                                                <p class=\"person-card-text\">Peter Groenewegen is a sociologist. He is senior researcher \u2018Health systems and governance\u2019 and former director of the Netherlands Institute for Health Services Research Nivel. He was endowed professor at Utrecht University in the departments of sociology and human geography. His main research interests include international comparative studies of health systems, health policy and health care organisation. His publications can be found at NIVEL website (link below).<\/p>\n                        \n                                                    <div>\n\t\t\t\t\t\t\t<svg xmlns=\"http:\/\/www.w3.org\/2000\/svg\" height=\"25px\" viewBox=\"0 -960 960 960\" width=\"24px\" ><path fill=\"currentColor\" d=\"M200-120q-33 0-56.5-23.5T120-200v-560q0-33 23.5-56.5T200-840h280v80H200v560h560v-280h80v280q0 33-23.5 56.5T760-120H200Zm188-212-56-56 372-372H560v-80h280v280h-80v-144L388-332Z\"\/><\/svg>\t\t\t\t\t\t\t<\/div>\n                                            <\/div>\n                <\/div>\n                            <\/a>\n                                        <a href=\"https:\/\/uefconnect.uef.fi\/heidi.vanjusov\/\" class=\"person-card-link hover-scale-down\">\n                            <div class=\"person-card-item\">\n                    <div class=\"person-card-column-left\">\n                                                    <img decoding=\"async\" class=\"person-card-image\" src=\"https:\/\/sites.uef.fi\/vaikuttavuuden-talo\/wp-content\/uploads\/sites\/28\/2026\/03\/Heidi-Vanjusov-nelio.jpg\" alt=\"Heidi Vanjusov.\" \/>\n                                            <\/div>\n\n                    <div class=\"person-card-column-right\">\n                                                <p class=\"person-card-name\">Heidi Vanjusov<\/p>\n                        \n                                                <p class=\"person-card-position\">OTT, yliopistonlehtori<\/p>\n                        \n                                                <p class=\"person-card-organisation\">It\u00e4-Suomen yliopisto (UEF)<\/p>\n                        \n                                                <p class=\"person-card-text\">OTT Heidi Vanjusov toimii sosiaalioikeuden yliopistonlehtorina ja Hyvinvointioikeuden keskuksen johtajana It\u00e4-Suomen yliopiston oikeustieteiden laitoksella. H\u00e4n opettaa laaja-alaisesti sosiaali- ja terveydenhuollon juridiikkaa my\u00f6s oman yliopiston ulkopuolella. Tutkijana Vanjusov on keskittynyt erityisesti sosiaali- ja terveyspalveluiden yhdenvertaiseen saavutettavuuteen, jota voidaan pit\u00e4\u00e4 vaikuttavuuden ehtona. Palvelut eiv\u00e4t voi olla vaikuttavia, jos ne eiv\u00e4t ole kaikkien saavutettavissa. H\u00e4nen tutkimusintressins\u00e4 liittyv\u00e4t erityisesti haavoittuvassa asemassa oleviin sosiaali- ja terveydenhuollon asiakkaiden oikeuksiinsa p\u00e4\u00e4syyn. T\u00e4ll\u00e4 hetkell\u00e4 tutkimuskohteena on sosiaalioikeudellinen tarvearviointi ja p\u00e4\u00e4t\u00f6ksenteko osaamisen ja asiantuntijuuden n\u00e4k\u00f6kulmasta.<\/p>\n                        \n                                                    <div>\n\t\t\t\t\t\t\t<svg xmlns=\"http:\/\/www.w3.org\/2000\/svg\" height=\"25px\" viewBox=\"0 -960 960 960\" width=\"24px\" ><path fill=\"currentColor\" d=\"M200-120q-33 0-56.5-23.5T120-200v-560q0-33 23.5-56.5T200-840h280v80H200v560h560v-280h80v280q0 33-23.5 56.5T760-120H200Zm188-212-56-56 372-372H560v-80h280v280h-80v-144L388-332Z\"\/><\/svg>\t\t\t\t\t\t\t<\/div>\n                                            <\/div>\n                <\/div>\n                            <\/a>\n                            <\/div>\n","protected":false},"excerpt":{"rendered":"<p>T\u00e4n\u00e4 vuonna puhujina ovat Susie Sykes, Peter Groenewegen, Heidi Vanjusov ja Kimmo Elo<\/p>\n","protected":false},"author":44,"featured_media":0,"parent":6813,"menu_order":0,"comment_status":"closed","ping_status":"closed","template":"","meta":{"_acf_changed":false,"_monsterinsights_skip_tracking":false,"_monsterinsights_sitenote_active":false,"_monsterinsights_sitenote_note":"","_monsterinsights_sitenote_category":0,"footnotes":""},"class_list":["post-12510","page","type-page","status-publish","hentry"],"acf":[],"yoast_head":"<!-- This site is optimized with the Yoast SEO plugin v27.3 - https:\/\/yoast.com\/product\/yoast-seo-wordpress\/ -->\n<title>Puhujat 2026 - Vaikuttavuuden talo<\/title>\n<meta name=\"robots\" content=\"index, follow, max-snippet:-1, max-image-preview:large, max-video-preview:-1\" \/>\n<link rel=\"canonical\" href=\"https:\/\/sites.uef.fi\/vaikuttavuuden-talo\/vaikuttavuuden-tutkimuksen-paivat\/puhujat-2026\/\" \/>\n<meta property=\"og:locale\" content=\"fi_FI\" \/>\n<meta property=\"og:type\" content=\"article\" \/>\n<meta property=\"og:title\" content=\"Puhujat 2026 - Vaikuttavuuden talo\" \/>\n<meta property=\"og:description\" content=\"T\u00e4n\u00e4 vuonna puhujina ovat Susie Sykes, Peter Groenewegen, Heidi Vanjusov ja Kimmo Elo\" \/>\n<meta property=\"og:url\" content=\"https:\/\/sites.uef.fi\/vaikuttavuuden-talo\/vaikuttavuuden-tutkimuksen-paivat\/puhujat-2026\/\" \/>\n<meta property=\"og:site_name\" content=\"Vaikuttavuuden talo\" \/>\n<meta property=\"article:modified_time\" content=\"2026-03-31T09:43:00+00:00\" \/>\n<meta name=\"twitter:card\" content=\"summary_large_image\" \/>\n<meta name=\"twitter:label1\" content=\"Arvioitu lukuaika\" \/>\n\t<meta name=\"twitter:data1\" content=\"1 minuutti\" \/>\n<script type=\"application\/ld+json\" class=\"yoast-schema-graph\">{\"@context\":\"https:\\\/\\\/schema.org\",\"@graph\":[{\"@type\":\"WebPage\",\"@id\":\"https:\\\/\\\/sites.uef.fi\\\/vaikuttavuuden-talo\\\/vaikuttavuuden-tutkimuksen-paivat\\\/puhujat-2026\\\/\",\"url\":\"https:\\\/\\\/sites.uef.fi\\\/vaikuttavuuden-talo\\\/vaikuttavuuden-tutkimuksen-paivat\\\/puhujat-2026\\\/\",\"name\":\"Puhujat 2026 - Vaikuttavuuden talo\",\"isPartOf\":{\"@id\":\"https:\\\/\\\/sites.uef.fi\\\/vaikuttavuuden-talo\\\/#website\"},\"datePublished\":\"2026-03-16T12:52:33+00:00\",\"dateModified\":\"2026-03-31T09:43:00+00:00\",\"breadcrumb\":{\"@id\":\"https:\\\/\\\/sites.uef.fi\\\/vaikuttavuuden-talo\\\/vaikuttavuuden-tutkimuksen-paivat\\\/puhujat-2026\\\/#breadcrumb\"},\"inLanguage\":\"fi\",\"potentialAction\":[{\"@type\":\"ReadAction\",\"target\":[\"https:\\\/\\\/sites.uef.fi\\\/vaikuttavuuden-talo\\\/vaikuttavuuden-tutkimuksen-paivat\\\/puhujat-2026\\\/\"]}]},{\"@type\":\"BreadcrumbList\",\"@id\":\"https:\\\/\\\/sites.uef.fi\\\/vaikuttavuuden-talo\\\/vaikuttavuuden-tutkimuksen-paivat\\\/puhujat-2026\\\/#breadcrumb\",\"itemListElement\":[{\"@type\":\"ListItem\",\"position\":1,\"name\":\"Home\",\"item\":\"https:\\\/\\\/sites.uef.fi\\\/vaikuttavuuden-talo\\\/\"},{\"@type\":\"ListItem\",\"position\":2,\"name\":\"Vaikuttavuuden tutkimuksen p\u00e4iv\u00e4t 2026\",\"item\":\"https:\\\/\\\/sites.uef.fi\\\/vaikuttavuuden-talo\\\/vaikuttavuuden-tutkimuksen-paivat\\\/\"},{\"@type\":\"ListItem\",\"position\":3,\"name\":\"Puhujat 2026\"}]},{\"@type\":\"WebSite\",\"@id\":\"https:\\\/\\\/sites.uef.fi\\\/vaikuttavuuden-talo\\\/#website\",\"url\":\"https:\\\/\\\/sites.uef.fi\\\/vaikuttavuuden-talo\\\/\",\"name\":\"Vaikuttavuuden talo\",\"description\":\"\",\"potentialAction\":[{\"@type\":\"SearchAction\",\"target\":{\"@type\":\"EntryPoint\",\"urlTemplate\":\"https:\\\/\\\/sites.uef.fi\\\/vaikuttavuuden-talo\\\/?s={search_term_string}\"},\"query-input\":{\"@type\":\"PropertyValueSpecification\",\"valueRequired\":true,\"valueName\":\"search_term_string\"}}],\"inLanguage\":\"fi\"}]}<\/script>\n<!-- \/ Yoast SEO plugin. -->","yoast_head_json":{"title":"Puhujat 2026 - Vaikuttavuuden talo","robots":{"index":"index","follow":"follow","max-snippet":"max-snippet:-1","max-image-preview":"max-image-preview:large","max-video-preview":"max-video-preview:-1"},"canonical":"https:\/\/sites.uef.fi\/vaikuttavuuden-talo\/vaikuttavuuden-tutkimuksen-paivat\/puhujat-2026\/","og_locale":"fi_FI","og_type":"article","og_title":"Puhujat 2026 - Vaikuttavuuden talo","og_description":"T\u00e4n\u00e4 vuonna puhujina ovat Susie Sykes, Peter Groenewegen, Heidi Vanjusov ja Kimmo Elo","og_url":"https:\/\/sites.uef.fi\/vaikuttavuuden-talo\/vaikuttavuuden-tutkimuksen-paivat\/puhujat-2026\/","og_site_name":"Vaikuttavuuden talo","article_modified_time":"2026-03-31T09:43:00+00:00","twitter_card":"summary_large_image","twitter_misc":{"Arvioitu lukuaika":"1 minuutti"},"schema":{"@context":"https:\/\/schema.org","@graph":[{"@type":"WebPage","@id":"https:\/\/sites.uef.fi\/vaikuttavuuden-talo\/vaikuttavuuden-tutkimuksen-paivat\/puhujat-2026\/","url":"https:\/\/sites.uef.fi\/vaikuttavuuden-talo\/vaikuttavuuden-tutkimuksen-paivat\/puhujat-2026\/","name":"Puhujat 2026 - Vaikuttavuuden talo","isPartOf":{"@id":"https:\/\/sites.uef.fi\/vaikuttavuuden-talo\/#website"},"datePublished":"2026-03-16T12:52:33+00:00","dateModified":"2026-03-31T09:43:00+00:00","breadcrumb":{"@id":"https:\/\/sites.uef.fi\/vaikuttavuuden-talo\/vaikuttavuuden-tutkimuksen-paivat\/puhujat-2026\/#breadcrumb"},"inLanguage":"fi","potentialAction":[{"@type":"ReadAction","target":["https:\/\/sites.uef.fi\/vaikuttavuuden-talo\/vaikuttavuuden-tutkimuksen-paivat\/puhujat-2026\/"]}]},{"@type":"BreadcrumbList","@id":"https:\/\/sites.uef.fi\/vaikuttavuuden-talo\/vaikuttavuuden-tutkimuksen-paivat\/puhujat-2026\/#breadcrumb","itemListElement":[{"@type":"ListItem","position":1,"name":"Home","item":"https:\/\/sites.uef.fi\/vaikuttavuuden-talo\/"},{"@type":"ListItem","position":2,"name":"Vaikuttavuuden tutkimuksen p\u00e4iv\u00e4t 2026","item":"https:\/\/sites.uef.fi\/vaikuttavuuden-talo\/vaikuttavuuden-tutkimuksen-paivat\/"},{"@type":"ListItem","position":3,"name":"Puhujat 2026"}]},{"@type":"WebSite","@id":"https:\/\/sites.uef.fi\/vaikuttavuuden-talo\/#website","url":"https:\/\/sites.uef.fi\/vaikuttavuuden-talo\/","name":"Vaikuttavuuden talo","description":"","potentialAction":[{"@type":"SearchAction","target":{"@type":"EntryPoint","urlTemplate":"https:\/\/sites.uef.fi\/vaikuttavuuden-talo\/?s={search_term_string}"},"query-input":{"@type":"PropertyValueSpecification","valueRequired":true,"valueName":"search_term_string"}}],"inLanguage":"fi"}]}},"_links":{"self":[{"href":"https:\/\/sites.uef.fi\/vaikuttavuuden-talo\/wp-json\/wp\/v2\/pages\/12510","targetHints":{"allow":["GET"]}}],"collection":[{"href":"https:\/\/sites.uef.fi\/vaikuttavuuden-talo\/wp-json\/wp\/v2\/pages"}],"about":[{"href":"https:\/\/sites.uef.fi\/vaikuttavuuden-talo\/wp-json\/wp\/v2\/types\/page"}],"author":[{"embeddable":true,"href":"https:\/\/sites.uef.fi\/vaikuttavuuden-talo\/wp-json\/wp\/v2\/users\/44"}],"replies":[{"embeddable":true,"href":"https:\/\/sites.uef.fi\/vaikuttavuuden-talo\/wp-json\/wp\/v2\/comments?post=12510"}],"version-history":[{"count":2,"href":"https:\/\/sites.uef.fi\/vaikuttavuuden-talo\/wp-json\/wp\/v2\/pages\/12510\/revisions"}],"predecessor-version":[{"id":12548,"href":"https:\/\/sites.uef.fi\/vaikuttavuuden-talo\/wp-json\/wp\/v2\/pages\/12510\/revisions\/12548"}],"up":[{"embeddable":true,"href":"https:\/\/sites.uef.fi\/vaikuttavuuden-talo\/wp-json\/wp\/v2\/pages\/6813"}],"wp:attachment":[{"href":"https:\/\/sites.uef.fi\/vaikuttavuuden-talo\/wp-json\/wp\/v2\/media?parent=12510"}],"curies":[{"name":"wp","href":"https:\/\/api.w.org\/{rel}","templated":true}]}}