{"id":12557,"date":"2026-04-01T14:11:44","date_gmt":"2026-04-01T12:11:44","guid":{"rendered":"https:\/\/sites.uef.fi\/vaikuttavuuden-talo\/?page_id=12557"},"modified":"2026-04-07T10:47:12","modified_gmt":"2026-04-07T08:47:12","slug":"ohjelma-2026","status":"publish","type":"page","link":"https:\/\/sites.uef.fi\/vaikuttavuuden-talo\/vaikuttavuuden-tutkimuksen-paivat\/ohjelma-2026\/","title":{"rendered":"Ohjelma 2026"},"content":{"rendered":"\n<h2 class=\"wp-block-heading\">Vaikuttavuuden tutkimuksen p\u00e4ivien ohjelma (p\u00e4ivittyy, muutokset mahdollisia)<\/h2>\n\n\n\n<p><strong>Seuraa Vaikuttavuuden tutkimuksen p\u00e4ivi\u00e4 LinkedIn:ss\u00e4: UEF\/ Vaikuttavuuden talo (House of Effectiveness), k\u00e4yt\u00e4 tunnisteita #VTpaivat2026, #vaikuttavuus, #effectiveness<\/strong><\/p>\n\n\n\n<h3 class=\"wp-block-heading\">Tiistai 6.10.<\/h3>\n\n\n\n<p><strong>8.30<strong><strong><strong>\u2013<\/strong><\/strong><\/strong>9.00<\/strong> <strong>Ilmoittautuminen ja aamukahvit hedelmien kera<\/strong> (Snellmania, SN)<\/p>\n\n\n\n<p><strong>9.00<strong><strong><strong>\u2013<\/strong><\/strong><\/strong>9.20<\/strong>&nbsp;<strong>Vaikuttavuuden tutkimuksen p\u00e4ivien avaaminen<\/strong>, (SN100)<\/p>\n\n\n\n<p><strong>9.20<strong><strong><strong>\u2013<\/strong><\/strong><\/strong>10.20<\/strong>&nbsp;<strong>PLENARY<\/strong> professori <strong>Susie Sykes<\/strong>, London South Bank University, UK (SN100)<\/p>\n\n\n\n<p><strong>10.20<strong><strong><strong>\u2013<\/strong><\/strong><\/strong>10.30&nbsp;Tauko<\/strong><\/p>\n\n\n\n<p><strong>10.30<strong><strong><strong>\u2013<\/strong><\/strong><\/strong>12.00&nbsp;<strong>TEMAATTISET RINNAKKAISSESSIOT<\/strong> <\/strong>(Snellmania) <\/p>\n\n\n\n<p><strong>12.00<strong><strong><strong>\u2013<\/strong><\/strong><\/strong>13.30 Lounastauko&nbsp;<\/strong><\/p>\n\n\n\n<p><strong>13.30<strong><strong><strong>\u2013<\/strong><\/strong><\/strong>15.00 <strong>TEMAATTISET RINNAKKAISSESSIOT<\/strong> <\/strong>(Snellmania)<\/p>\n\n\n\n<p><strong>15.00\u201316.00 Kahvitauko, posterisessio<\/strong> (Snellmania)<\/p>\n\n\n\n<p><strong>16.00<strong><strong><strong>\u2013<\/strong><\/strong><\/strong>17.00 PLENARY <\/strong>yliopistonlehtori <strong>Heidi Vanjusov<\/strong>, UEF (SN100)<\/p>\n\n\n\n<p><strong>17.30<strong><strong><strong><strong><strong>\u2013<\/strong><\/strong><\/strong><\/strong><\/strong>20.30 Illallinen<\/strong> (ennakkoon ilmoittautuneille), <strong>Ravintola Antell Highway<\/strong> (Viestikatu 7, 70600 Kuopio)&nbsp;<\/p>\n\n\n\n<h3 class=\"wp-block-heading\">Keskiviikko 7.10.<\/h3>\n\n\n\n<p><strong>9.30<strong><strong><strong>\u2013<\/strong><\/strong><\/strong>10.00 Aamukahvi ja hedelmi\u00e4 <\/strong>(Snellmania)<\/p>\n\n\n\n<p><strong>10.00<strong><strong><strong>\u2013<\/strong><\/strong><\/strong>11.00&nbsp;PLENARY <\/strong>professori&nbsp;<strong>Peter Groenewegen<\/strong>,&nbsp;Netherlands Institute for Health Services Research (SN100)&nbsp;<\/p>\n\n\n\n<p><strong>11.00<strong><strong><strong>\u2013<\/strong><\/strong><\/strong>12.30 <strong>Lounastauko&nbsp;<\/strong><\/strong><\/p>\n\n\n\n<p><strong>12.30<strong><strong><strong>\u2013<\/strong><\/strong><\/strong>14.00&nbsp;TEMAATTISET RINNAKKAISESSIOT<\/strong> (Snellmania)<\/p>\n\n\n\n<p><strong>14.00<strong><strong><strong>\u2013<\/strong><\/strong><\/strong>14.30 Kahvitauko<\/strong> (Snellmania)<\/p>\n\n\n\n<p><strong>14.30\u201315.30 <strong>PLENARY<\/strong><\/strong> yliopistonlehtori <strong>Kimmo Elo<\/strong>, UEF&nbsp;(SN100)<\/p>\n\n\n\n<p><strong>15.30 Kutsu vuoden 2027 Vaikuttavuuden tutkimuksen p\u00e4iville,<\/strong> professori <strong>Tomi M\u00e4ki-Opas,<\/strong> Vaikuttavuuden talo, UEF<strong>&nbsp;<\/strong>(SN100)<strong>&nbsp;<\/strong><\/p>\n\n\n\n<p><\/p>\n","protected":false},"excerpt":{"rendered":"<p>Vaikuttavuuden tutkimuksen p\u00e4ivien ohjelma (p\u00e4ivittyy, muutokset mahdollisia) Seuraa Vaikuttavuuden tutkimuksen p\u00e4ivi\u00e4 LinkedIn:ss\u00e4: UEF\/ Vaikuttavuuden talo (House of Effectiveness), k\u00e4yt\u00e4 tunnisteita #VTpaivat2026, #vaikuttavuus, #effectiveness Tiistai 6.10. 8.30\u20139.00 Ilmoittautuminen ja aamukahvit hedelmien kera (Snellmania, SN) 9.00\u20139.20&nbsp;Vaikuttavuuden tutkimuksen p\u00e4ivien avaaminen, (SN100) 9.20\u201310.20&nbsp;PLENARY professori Susie Sykes, London South Bank University, UK (SN100) 10.20\u201310.30&nbsp;Tauko 10.30\u201312.00&nbsp;TEMAATTISET RINNAKKAISSESSIOT (Snellmania) 12.00\u201313.30 Lounastauko&nbsp; 13.30\u201315.00 [&hellip;]<\/p>\n","protected":false},"author":44,"featured_media":0,"parent":6813,"menu_order":0,"comment_status":"closed","ping_status":"closed","template":"","meta":{"_acf_changed":false,"_monsterinsights_skip_tracking":false,"_monsterinsights_sitenote_active":false,"_monsterinsights_sitenote_note":"","_monsterinsights_sitenote_category":0,"footnotes":""},"class_list":["post-12557","page","type-page","status-publish","hentry"],"acf":[],"yoast_head":"<!-- This site is optimized with the Yoast SEO plugin v27.1.1 - https:\/\/yoast.com\/product\/yoast-seo-wordpress\/ -->\n<title>Ohjelma 2026 - Vaikuttavuuden talo<\/title>\n<meta name=\"robots\" content=\"index, follow, max-snippet:-1, max-image-preview:large, max-video-preview:-1\" \/>\n<link rel=\"canonical\" href=\"https:\/\/sites.uef.fi\/vaikuttavuuden-talo\/vaikuttavuuden-tutkimuksen-paivat\/ohjelma-2026\/\" \/>\n<meta property=\"og:locale\" content=\"fi_FI\" \/>\n<meta property=\"og:type\" content=\"article\" \/>\n<meta property=\"og:title\" content=\"Ohjelma 2026 - Vaikuttavuuden talo\" \/>\n<meta property=\"og:description\" content=\"Vaikuttavuuden tutkimuksen p\u00e4ivien ohjelma (p\u00e4ivittyy, muutokset mahdollisia) Seuraa Vaikuttavuuden tutkimuksen p\u00e4ivi\u00e4 LinkedIn:ss\u00e4: UEF\/ Vaikuttavuuden talo (House of Effectiveness), k\u00e4yt\u00e4 tunnisteita #VTpaivat2026, #vaikuttavuus, #effectiveness Tiistai 6.10. 8.30\u20139.00 Ilmoittautuminen ja aamukahvit hedelmien kera (Snellmania, SN) 9.00\u20139.20&nbsp;Vaikuttavuuden tutkimuksen p\u00e4ivien avaaminen, (SN100) 9.20\u201310.20&nbsp;PLENARY professori Susie Sykes, London South Bank University, UK (SN100) 10.20\u201310.30&nbsp;Tauko 10.30\u201312.00&nbsp;TEMAATTISET RINNAKKAISSESSIOT (Snellmania) 12.00\u201313.30 Lounastauko&nbsp; 13.30\u201315.00 [&hellip;]\" \/>\n<meta property=\"og:url\" content=\"https:\/\/sites.uef.fi\/vaikuttavuuden-talo\/vaikuttavuuden-tutkimuksen-paivat\/ohjelma-2026\/\" \/>\n<meta property=\"og:site_name\" content=\"Vaikuttavuuden talo\" \/>\n<meta property=\"article:modified_time\" content=\"2026-04-07T08:47:12+00:00\" \/>\n<meta name=\"twitter:card\" content=\"summary_large_image\" \/>\n<meta name=\"twitter:label1\" content=\"Arvioitu lukuaika\" \/>\n\t<meta name=\"twitter:data1\" content=\"1 minuutti\" \/>\n<script type=\"application\/ld+json\" class=\"yoast-schema-graph\">{\"@context\":\"https:\/\/schema.org\",\"@graph\":[{\"@type\":\"WebPage\",\"@id\":\"https:\/\/sites.uef.fi\/vaikuttavuuden-talo\/vaikuttavuuden-tutkimuksen-paivat\/ohjelma-2026\/\",\"url\":\"https:\/\/sites.uef.fi\/vaikuttavuuden-talo\/vaikuttavuuden-tutkimuksen-paivat\/ohjelma-2026\/\",\"name\":\"Ohjelma 2026 - Vaikuttavuuden talo\",\"isPartOf\":{\"@id\":\"https:\/\/sites.uef.fi\/vaikuttavuuden-talo\/#website\"},\"datePublished\":\"2026-04-01T12:11:44+00:00\",\"dateModified\":\"2026-04-07T08:47:12+00:00\",\"breadcrumb\":{\"@id\":\"https:\/\/sites.uef.fi\/vaikuttavuuden-talo\/vaikuttavuuden-tutkimuksen-paivat\/ohjelma-2026\/#breadcrumb\"},\"inLanguage\":\"fi\",\"potentialAction\":[{\"@type\":\"ReadAction\",\"target\":[\"https:\/\/sites.uef.fi\/vaikuttavuuden-talo\/vaikuttavuuden-tutkimuksen-paivat\/ohjelma-2026\/\"]}]},{\"@type\":\"BreadcrumbList\",\"@id\":\"https:\/\/sites.uef.fi\/vaikuttavuuden-talo\/vaikuttavuuden-tutkimuksen-paivat\/ohjelma-2026\/#breadcrumb\",\"itemListElement\":[{\"@type\":\"ListItem\",\"position\":1,\"name\":\"Home\",\"item\":\"https:\/\/sites.uef.fi\/vaikuttavuuden-talo\/\"},{\"@type\":\"ListItem\",\"position\":2,\"name\":\"Vaikuttavuuden tutkimuksen p\u00e4iv\u00e4t 2026\",\"item\":\"https:\/\/sites.uef.fi\/vaikuttavuuden-talo\/vaikuttavuuden-tutkimuksen-paivat\/\"},{\"@type\":\"ListItem\",\"position\":3,\"name\":\"Ohjelma 2026\"}]},{\"@type\":\"WebSite\",\"@id\":\"https:\/\/sites.uef.fi\/vaikuttavuuden-talo\/#website\",\"url\":\"https:\/\/sites.uef.fi\/vaikuttavuuden-talo\/\",\"name\":\"Vaikuttavuuden talo\",\"description\":\"\",\"potentialAction\":[{\"@type\":\"SearchAction\",\"target\":{\"@type\":\"EntryPoint\",\"urlTemplate\":\"https:\/\/sites.uef.fi\/vaikuttavuuden-talo\/?s={search_term_string}\"},\"query-input\":{\"@type\":\"PropertyValueSpecification\",\"valueRequired\":true,\"valueName\":\"search_term_string\"}}],\"inLanguage\":\"fi\"}]}<\/script>\n<!-- \/ Yoast SEO plugin. -->","yoast_head_json":{"title":"Ohjelma 2026 - Vaikuttavuuden talo","robots":{"index":"index","follow":"follow","max-snippet":"max-snippet:-1","max-image-preview":"max-image-preview:large","max-video-preview":"max-video-preview:-1"},"canonical":"https:\/\/sites.uef.fi\/vaikuttavuuden-talo\/vaikuttavuuden-tutkimuksen-paivat\/ohjelma-2026\/","og_locale":"fi_FI","og_type":"article","og_title":"Ohjelma 2026 - Vaikuttavuuden talo","og_description":"Vaikuttavuuden tutkimuksen p\u00e4ivien ohjelma (p\u00e4ivittyy, muutokset mahdollisia) Seuraa Vaikuttavuuden tutkimuksen p\u00e4ivi\u00e4 LinkedIn:ss\u00e4: UEF\/ Vaikuttavuuden talo (House of Effectiveness), k\u00e4yt\u00e4 tunnisteita #VTpaivat2026, #vaikuttavuus, #effectiveness Tiistai 6.10. 8.30\u20139.00 Ilmoittautuminen ja aamukahvit hedelmien kera (Snellmania, SN) 9.00\u20139.20&nbsp;Vaikuttavuuden tutkimuksen p\u00e4ivien avaaminen, (SN100) 9.20\u201310.20&nbsp;PLENARY professori Susie Sykes, London South Bank University, UK (SN100) 10.20\u201310.30&nbsp;Tauko 10.30\u201312.00&nbsp;TEMAATTISET RINNAKKAISSESSIOT (Snellmania) 12.00\u201313.30 Lounastauko&nbsp; 13.30\u201315.00 [&hellip;]","og_url":"https:\/\/sites.uef.fi\/vaikuttavuuden-talo\/vaikuttavuuden-tutkimuksen-paivat\/ohjelma-2026\/","og_site_name":"Vaikuttavuuden talo","article_modified_time":"2026-04-07T08:47:12+00:00","twitter_card":"summary_large_image","twitter_misc":{"Arvioitu lukuaika":"1 minuutti"},"schema":{"@context":"https:\/\/schema.org","@graph":[{"@type":"WebPage","@id":"https:\/\/sites.uef.fi\/vaikuttavuuden-talo\/vaikuttavuuden-tutkimuksen-paivat\/ohjelma-2026\/","url":"https:\/\/sites.uef.fi\/vaikuttavuuden-talo\/vaikuttavuuden-tutkimuksen-paivat\/ohjelma-2026\/","name":"Ohjelma 2026 - Vaikuttavuuden talo","isPartOf":{"@id":"https:\/\/sites.uef.fi\/vaikuttavuuden-talo\/#website"},"datePublished":"2026-04-01T12:11:44+00:00","dateModified":"2026-04-07T08:47:12+00:00","breadcrumb":{"@id":"https:\/\/sites.uef.fi\/vaikuttavuuden-talo\/vaikuttavuuden-tutkimuksen-paivat\/ohjelma-2026\/#breadcrumb"},"inLanguage":"fi","potentialAction":[{"@type":"ReadAction","target":["https:\/\/sites.uef.fi\/vaikuttavuuden-talo\/vaikuttavuuden-tutkimuksen-paivat\/ohjelma-2026\/"]}]},{"@type":"BreadcrumbList","@id":"https:\/\/sites.uef.fi\/vaikuttavuuden-talo\/vaikuttavuuden-tutkimuksen-paivat\/ohjelma-2026\/#breadcrumb","itemListElement":[{"@type":"ListItem","position":1,"name":"Home","item":"https:\/\/sites.uef.fi\/vaikuttavuuden-talo\/"},{"@type":"ListItem","position":2,"name":"Vaikuttavuuden tutkimuksen p\u00e4iv\u00e4t 2026","item":"https:\/\/sites.uef.fi\/vaikuttavuuden-talo\/vaikuttavuuden-tutkimuksen-paivat\/"},{"@type":"ListItem","position":3,"name":"Ohjelma 2026"}]},{"@type":"WebSite","@id":"https:\/\/sites.uef.fi\/vaikuttavuuden-talo\/#website","url":"https:\/\/sites.uef.fi\/vaikuttavuuden-talo\/","name":"Vaikuttavuuden talo","description":"","potentialAction":[{"@type":"SearchAction","target":{"@type":"EntryPoint","urlTemplate":"https:\/\/sites.uef.fi\/vaikuttavuuden-talo\/?s={search_term_string}"},"query-input":{"@type":"PropertyValueSpecification","valueRequired":true,"valueName":"search_term_string"}}],"inLanguage":"fi"}]}},"_links":{"self":[{"href":"https:\/\/sites.uef.fi\/vaikuttavuuden-talo\/wp-json\/wp\/v2\/pages\/12557","targetHints":{"allow":["GET"]}}],"collection":[{"href":"https:\/\/sites.uef.fi\/vaikuttavuuden-talo\/wp-json\/wp\/v2\/pages"}],"about":[{"href":"https:\/\/sites.uef.fi\/vaikuttavuuden-talo\/wp-json\/wp\/v2\/types\/page"}],"author":[{"embeddable":true,"href":"https:\/\/sites.uef.fi\/vaikuttavuuden-talo\/wp-json\/wp\/v2\/users\/44"}],"replies":[{"embeddable":true,"href":"https:\/\/sites.uef.fi\/vaikuttavuuden-talo\/wp-json\/wp\/v2\/comments?post=12557"}],"version-history":[{"count":2,"href":"https:\/\/sites.uef.fi\/vaikuttavuuden-talo\/wp-json\/wp\/v2\/pages\/12557\/revisions"}],"predecessor-version":[{"id":12566,"href":"https:\/\/sites.uef.fi\/vaikuttavuuden-talo\/wp-json\/wp\/v2\/pages\/12557\/revisions\/12566"}],"up":[{"embeddable":true,"href":"https:\/\/sites.uef.fi\/vaikuttavuuden-talo\/wp-json\/wp\/v2\/pages\/6813"}],"wp:attachment":[{"href":"https:\/\/sites.uef.fi\/vaikuttavuuden-talo\/wp-json\/wp\/v2\/media?parent=12557"}],"curies":[{"name":"wp","href":"https:\/\/api.w.org\/{rel}","templated":true}]}}