{"id":1502,"date":"2020-09-02T14:02:35","date_gmt":"2020-09-02T12:02:35","guid":{"rendered":"https:\/\/sites.uef.fi\/vaikuttavuuden-talo\/?page_id=1502"},"modified":"2020-10-08T09:09:50","modified_gmt":"2020-10-08T07:09:50","slug":"sessio-8","status":"publish","type":"page","link":"https:\/\/sites.uef.fi\/vaikuttavuuden-talo\/sessio-8\/","title":{"rendered":"Sessio 8"},"content":{"rendered":"\n<h1 class=\"wp-block-heading\">Sessio 8: Vaikuttavuus  hyvinvoinnin ja terveyden edist\u00e4misess\u00e4<\/h1>\n\n\n\n<p><strong>Puheenjohtaja: tutkimusjohtaja Tomi M\u00e4ki-Opas, It\u00e4-Suomen yliopisto<\/strong><\/p>\n\n\n\n<h2 class=\"wp-block-heading\">8.1 Evaluation of Web-based Health Information for Elderly<\/h2>\n\n\n\n<p><strong>Muzawir Arief<\/strong><\/p>\n\n\n\n<p>User centered approach on web-based health information can be used to improve the engagement of the Internet user and promote the healthcare through better health knowledge and awareness. Web based health information is one of popular online information and elderly who commonly need more healthcare is still lacks skills in utilizing the Internet. This presentation discusses how web-based health information influence on elderly citizens\u2019 Internet use and how do web-based health information suit the elderly needs. Both qualitative and quantitative approaches will be summarized to find evidences from previous studies of how several factors influenced the elderly and how elderly perceived website of health information. Additionally, how current web-based health information comply with the accessibility standard (WCAG2.0) will be presented as the one recognized standard to improve website to be conveniently accessed by everyone including elderly. Based on previous studies the website designs are still inappropriately for elderly especially when using WACG2.0 test and in many countries the Government policies have no significant influence for proper websites on online health information elderly related. To sum up elderly needs should be considered according to their specific characteristics in promoting web-based health information and the authorities should provide more regulations to guarantee every people including elderly of appropriate information access.<\/p>\n\n\n\n<h2 class=\"wp-block-heading\">8.2 Suomalaiset l\u00f6ysiv\u00e4t koronavirustaudin oirearvion verkkopalvelun nopeasti: koronavirustaudin oirearvioon vastanneet 16.3.\u201315.5.2020<\/h2>\n\n\n\n<p><strong>Vesa Jormanainen, R. Kaikkonen, S. Isosomppi, J. Nurminen, I. Kunnamo, T. Salaspuro, H. Nordlund<\/strong><\/p>\n\n\n\n<p>Useiden maiden, mukaan lukien Suomi, terveydenhuoltoj\u00e4rjestelm\u00e4t joutuivat ottamaan COVID-19-taudin nopeasti alkaneen epidemian iskun vastaan resilienssins\u00e4 puitteissa. Suomen koronavirusepidemian ensimm\u00e4inen kotimainen tartunta todettiin 25.2.2020 ja niit\u00e4 oli tuhat 24.3.2020. Suomeen julistettiin poikkeusolot 16.3.2020 (391 tartuntatapausta). Ensimm\u00e4inen henkil\u00f6 kuoli koronavirustautiin 21.3.2020. Suomessa avattiin v\u00e4est\u00f6n k\u00e4ytt\u00f6\u00f6n valtakunnallinen Omaolon koronavirustaudin oirearvio 16.3.2020. Digitaalisilla oirearvioilla pyrit\u00e4\u00e4n ohjaamaan oireiden perusteella muodostuvaa kysynt\u00e4\u00e4 tehokkaasti kulloinkin sopivimpaan palvelukanavaan automaattisen ja keino\u00e4lyyn perustuvien \u00e4lykk\u00e4iden algoritmien avulla. Tutkimuksen tavoitteena on kuvailla Omaolon koronavirustaudin oirearvion k\u00e4ytt\u00f6\u00e4 ja k\u00e4ytt\u00e4ji\u00e4 16.3.\u201315.5.2020 (60 ensimm\u00e4ist\u00e4 k\u00e4ytt\u00f6p\u00e4iv\u00e4\u00e4).<\/p>\n\n\n\n<p>Aineistoon kertyi 329 695 koronavirustaudin oirearviota. Suomalaiset l\u00f6ysiv\u00e4t uuden oirearvion nopeasti. Vastanneista 79,7 % oli oireisia ja heist\u00e4 15,2 % (39 916) sai ohjeen hakeutua p\u00e4ivystykseen. Oirearvioita tehtiin lukum\u00e4\u00e4r\u00e4isesti (91 989) ja v\u00e4est\u00f6\u00f6n suhteutettuna (5404\/100 000 asukasta) eniten HUS:ssa. Oirearvioon vastattiin kaikissa ik\u00e4- ja sukupuoliryhmiss\u00e4, 20 Manner-Suomen sairaanhoitopiireiss\u00e4 ja 242 kunnassa. Kaksi kolmesta vastaajasta oli naisia ja naiset vastasivat miehi\u00e4 useammin lukuun ottamatta vanhinta (70+ vuotta) ik\u00e4ryhm\u00e4\u00e4. Merkitt\u00e4v\u00e4 osa vastaajista oli sote-ty\u00f6ss\u00e4 (16,5 %) tai muissa palveluteht\u00e4viss\u00e4 (51,7 %). Oireisilla vastaajilla yleisimmin esiintyiv\u00e4t ysk\u00e4 (44 %), kurkkukipu (24 %), kuume (17 %) ja p\u00e4\u00e4ns\u00e4rky (11 %). Hengitysvaikeus oireena esiintyvyys oli 9,8 % ja lihaskipu 2,9 %. Oireisten vastaajien yleisvointi oli hyv\u00e4 98,3 %:lla (pystyiv\u00e4t olemaan jalkeilla), kun 20,5 % selviytyi vain pakollisista kotiaskareista sek\u00e4 1,7 % vastaajista pystyi olemaan vain vuoteessa (WC-k\u00e4yntej\u00e4 lukuun ottamatta). Vastanneista puolet ep\u00e4ili altistuneensa koronavirukselle. L\u00e4hikontaktissa koronavirustautia sairastavaan henkil\u00f6\u00f6n oli ollut 4\u20136 % vastaajista.<\/p>\n\n\n\n<p>Jatkossa olisi perusteltua tarkastella tutkimuksen keinoin koronavirustaudin oirearvion tietoja suhteessa muiden palvelujen tietoihin. Muita palveluja voisivat olla esimerkiksi h\u00e4t\u00e4numero 112, P\u00e4ivystysapu 116117, terveydenhuollon palveluj\u00e4rjestelm\u00e4n p\u00e4ivystykset sek\u00e4 Terveyden ja hyvinvoinnin laitoksen (THL) tartuntatauti-, hoitoilmoitus- ja tehohoitorekisterit. Kytkem\u00e4ll\u00e4 useita tietol\u00e4hteit\u00e4 yhteen ja samaan aikaperspektiiviin, saavutetaan ehe\u00e4mpi kokonaiskuva koronavirusepidemian vaikutuksista palveluj\u00e4rjestelm\u00e4n eri osiin ja potilasvirtoihin Suomessa.<\/p>\n\n\n\n<p>Suomessa on mahdollista tuottaa nopeasti l\u00e4\u00e4ketieteellisi\u00e4 oirearvioita hoitoonohjauksineen eri k\u00e4ytt\u00f6kohteisiin jo olemassa olevan infrastruktuurin puitteissa.<\/p>\n\n\n\n<h2 class=\"wp-block-heading\">8.3 Physical activity increases social inclusion<\/h2>\n\n\n\n<p><strong>Marina Steffansson, Tuula Pehkonen-Elmi<\/strong><\/p>\n\n\n\n<p>Exercise improves self-esteem and improved self-esteem strengthens inclusion and prevents marginalization. Youth who have completed primary school may incur additional costs of up to 370 000 euros for public administration over their lifetime. In Pieks\u00e4m\u00e4ki, a physical activity model was developed for physically inactive NEET youth and this model aims to improve their activity and thereby their inclusion.<\/p>\n\n\n\n<p>The aim of the study was to evaluate the outcomes and the cost of the model. The intervention includes a personal physical exercise plan, individual instruction and free access to the swimming hall and gym during the participation. Each participant gets as much guidance as they need. We present results only for three cases, because the target group was very challenging. The follow-up period was 12 months.<\/p>\n\n\n\n<p>To evaluate the outcomes we used three subjective measures, 3X10D\u00ae, the Abilitator\u00ae, and 15D. The 3X10D\u00ae showed that life as a whole and self-esteem improved in two cases. In all three cases managing in daily activities improved. The Abilitator\u00ae showed slight improvement in wellbeing and clear improvement in physical functioning in all three cases. We obtained 15D results only from two cases. In one case HRQoL decreased slightly and in the other one it increased significantly.<\/p>\n\n\n\n<p>In the beginning there was an unemployed person, a person having only 9-year basic education and a drop-out from vocational education. After the intervention the unemployed person was working, and the other two were studying.<\/p>\n\n\n\n<p>Depending on the number of the physical exercise instructor visits and other physical activities the costs of the intervention varied between 1042 and 1215 euros.<\/p>\n\n\n\n<p>Based on the results physical functioning and self-esteem improved and that can lead to stronger social inclusion. Although the three individuals underwent intensive individual instruction, the costs were low compared to the costs of social exclusion reported in earlier researches.<\/p>\n","protected":false},"excerpt":{"rendered":"<p>Sessio 8: Vaikuttavuus hyvinvoinnin ja terveyden edist\u00e4misess\u00e4 Puheenjohtaja: tutkimusjohtaja Tomi M\u00e4ki-Opas, It\u00e4-Suomen yliopisto 8.1 Evaluation of Web-based Health Information for Elderly Muzawir Arief User centered approach on web-based health information can be used to improve the engagement of the Internet user and promote the healthcare through better health knowledge and awareness. Web based health information [&hellip;]<\/p>\n","protected":false},"author":44,"featured_media":0,"parent":0,"menu_order":0,"comment_status":"closed","ping_status":"closed","template":"","meta":{"_acf_changed":false,"_monsterinsights_skip_tracking":false,"_monsterinsights_sitenote_active":false,"_monsterinsights_sitenote_note":"","_monsterinsights_sitenote_category":0,"footnotes":""},"class_list":["post-1502","page","type-page","status-publish","hentry"],"acf":[],"yoast_head":"<!-- This site is optimized with the Yoast SEO plugin v27.1.1 - https:\/\/yoast.com\/product\/yoast-seo-wordpress\/ -->\n<title>Sessio 8 - Vaikuttavuuden talo<\/title>\n<meta name=\"robots\" content=\"index, follow, max-snippet:-1, max-image-preview:large, max-video-preview:-1\" \/>\n<link rel=\"canonical\" href=\"https:\/\/sites.uef.fi\/vaikuttavuuden-talo\/sessio-8\/\" \/>\n<meta property=\"og:locale\" content=\"fi_FI\" \/>\n<meta property=\"og:type\" content=\"article\" \/>\n<meta property=\"og:title\" content=\"Sessio 8 - Vaikuttavuuden talo\" \/>\n<meta property=\"og:description\" content=\"Sessio 8: Vaikuttavuus hyvinvoinnin ja terveyden edist\u00e4misess\u00e4 Puheenjohtaja: tutkimusjohtaja Tomi M\u00e4ki-Opas, It\u00e4-Suomen yliopisto 8.1 Evaluation of Web-based Health Information for Elderly Muzawir Arief User centered approach on web-based health information can be used to improve the engagement of the Internet user and promote the healthcare through better health knowledge and awareness. Web based health information [&hellip;]\" \/>\n<meta property=\"og:url\" content=\"https:\/\/sites.uef.fi\/vaikuttavuuden-talo\/sessio-8\/\" \/>\n<meta property=\"og:site_name\" content=\"Vaikuttavuuden talo\" \/>\n<meta property=\"article:modified_time\" content=\"2020-10-08T07:09:50+00:00\" \/>\n<meta name=\"twitter:card\" content=\"summary_large_image\" \/>\n<meta name=\"twitter:label1\" content=\"Arvioitu lukuaika\" \/>\n\t<meta name=\"twitter:data1\" content=\"4 minuuttia\" \/>\n<script type=\"application\/ld+json\" class=\"yoast-schema-graph\">{\"@context\":\"https:\/\/schema.org\",\"@graph\":[{\"@type\":\"WebPage\",\"@id\":\"https:\/\/sites.uef.fi\/vaikuttavuuden-talo\/sessio-8\/\",\"url\":\"https:\/\/sites.uef.fi\/vaikuttavuuden-talo\/sessio-8\/\",\"name\":\"Sessio 8 - Vaikuttavuuden talo\",\"isPartOf\":{\"@id\":\"https:\/\/sites.uef.fi\/vaikuttavuuden-talo\/#website\"},\"datePublished\":\"2020-09-02T12:02:35+00:00\",\"dateModified\":\"2020-10-08T07:09:50+00:00\",\"breadcrumb\":{\"@id\":\"https:\/\/sites.uef.fi\/vaikuttavuuden-talo\/sessio-8\/#breadcrumb\"},\"inLanguage\":\"fi\",\"potentialAction\":[{\"@type\":\"ReadAction\",\"target\":[\"https:\/\/sites.uef.fi\/vaikuttavuuden-talo\/sessio-8\/\"]}]},{\"@type\":\"BreadcrumbList\",\"@id\":\"https:\/\/sites.uef.fi\/vaikuttavuuden-talo\/sessio-8\/#breadcrumb\",\"itemListElement\":[{\"@type\":\"ListItem\",\"position\":1,\"name\":\"Home\",\"item\":\"https:\/\/sites.uef.fi\/vaikuttavuuden-talo\/\"},{\"@type\":\"ListItem\",\"position\":2,\"name\":\"Sessio 8\"}]},{\"@type\":\"WebSite\",\"@id\":\"https:\/\/sites.uef.fi\/vaikuttavuuden-talo\/#website\",\"url\":\"https:\/\/sites.uef.fi\/vaikuttavuuden-talo\/\",\"name\":\"Vaikuttavuuden talo\",\"description\":\"\",\"potentialAction\":[{\"@type\":\"SearchAction\",\"target\":{\"@type\":\"EntryPoint\",\"urlTemplate\":\"https:\/\/sites.uef.fi\/vaikuttavuuden-talo\/?s={search_term_string}\"},\"query-input\":{\"@type\":\"PropertyValueSpecification\",\"valueRequired\":true,\"valueName\":\"search_term_string\"}}],\"inLanguage\":\"fi\"}]}<\/script>\n<!-- \/ Yoast SEO plugin. -->","yoast_head_json":{"title":"Sessio 8 - Vaikuttavuuden talo","robots":{"index":"index","follow":"follow","max-snippet":"max-snippet:-1","max-image-preview":"max-image-preview:large","max-video-preview":"max-video-preview:-1"},"canonical":"https:\/\/sites.uef.fi\/vaikuttavuuden-talo\/sessio-8\/","og_locale":"fi_FI","og_type":"article","og_title":"Sessio 8 - Vaikuttavuuden talo","og_description":"Sessio 8: Vaikuttavuus hyvinvoinnin ja terveyden edist\u00e4misess\u00e4 Puheenjohtaja: tutkimusjohtaja Tomi M\u00e4ki-Opas, It\u00e4-Suomen yliopisto 8.1 Evaluation of Web-based Health Information for Elderly Muzawir Arief User centered approach on web-based health information can be used to improve the engagement of the Internet user and promote the healthcare through better health knowledge and awareness. Web based health information [&hellip;]","og_url":"https:\/\/sites.uef.fi\/vaikuttavuuden-talo\/sessio-8\/","og_site_name":"Vaikuttavuuden talo","article_modified_time":"2020-10-08T07:09:50+00:00","twitter_card":"summary_large_image","twitter_misc":{"Arvioitu lukuaika":"4 minuuttia"},"schema":{"@context":"https:\/\/schema.org","@graph":[{"@type":"WebPage","@id":"https:\/\/sites.uef.fi\/vaikuttavuuden-talo\/sessio-8\/","url":"https:\/\/sites.uef.fi\/vaikuttavuuden-talo\/sessio-8\/","name":"Sessio 8 - Vaikuttavuuden talo","isPartOf":{"@id":"https:\/\/sites.uef.fi\/vaikuttavuuden-talo\/#website"},"datePublished":"2020-09-02T12:02:35+00:00","dateModified":"2020-10-08T07:09:50+00:00","breadcrumb":{"@id":"https:\/\/sites.uef.fi\/vaikuttavuuden-talo\/sessio-8\/#breadcrumb"},"inLanguage":"fi","potentialAction":[{"@type":"ReadAction","target":["https:\/\/sites.uef.fi\/vaikuttavuuden-talo\/sessio-8\/"]}]},{"@type":"BreadcrumbList","@id":"https:\/\/sites.uef.fi\/vaikuttavuuden-talo\/sessio-8\/#breadcrumb","itemListElement":[{"@type":"ListItem","position":1,"name":"Home","item":"https:\/\/sites.uef.fi\/vaikuttavuuden-talo\/"},{"@type":"ListItem","position":2,"name":"Sessio 8"}]},{"@type":"WebSite","@id":"https:\/\/sites.uef.fi\/vaikuttavuuden-talo\/#website","url":"https:\/\/sites.uef.fi\/vaikuttavuuden-talo\/","name":"Vaikuttavuuden talo","description":"","potentialAction":[{"@type":"SearchAction","target":{"@type":"EntryPoint","urlTemplate":"https:\/\/sites.uef.fi\/vaikuttavuuden-talo\/?s={search_term_string}"},"query-input":{"@type":"PropertyValueSpecification","valueRequired":true,"valueName":"search_term_string"}}],"inLanguage":"fi"}]}},"_links":{"self":[{"href":"https:\/\/sites.uef.fi\/vaikuttavuuden-talo\/wp-json\/wp\/v2\/pages\/1502","targetHints":{"allow":["GET"]}}],"collection":[{"href":"https:\/\/sites.uef.fi\/vaikuttavuuden-talo\/wp-json\/wp\/v2\/pages"}],"about":[{"href":"https:\/\/sites.uef.fi\/vaikuttavuuden-talo\/wp-json\/wp\/v2\/types\/page"}],"author":[{"embeddable":true,"href":"https:\/\/sites.uef.fi\/vaikuttavuuden-talo\/wp-json\/wp\/v2\/users\/44"}],"replies":[{"embeddable":true,"href":"https:\/\/sites.uef.fi\/vaikuttavuuden-talo\/wp-json\/wp\/v2\/comments?post=1502"}],"version-history":[{"count":2,"href":"https:\/\/sites.uef.fi\/vaikuttavuuden-talo\/wp-json\/wp\/v2\/pages\/1502\/revisions"}],"predecessor-version":[{"id":2285,"href":"https:\/\/sites.uef.fi\/vaikuttavuuden-talo\/wp-json\/wp\/v2\/pages\/1502\/revisions\/2285"}],"wp:attachment":[{"href":"https:\/\/sites.uef.fi\/vaikuttavuuden-talo\/wp-json\/wp\/v2\/media?parent=1502"}],"curies":[{"name":"wp","href":"https:\/\/api.w.org\/{rel}","templated":true}]}}