{"id":1684,"date":"2020-09-17T15:03:37","date_gmt":"2020-09-17T13:03:37","guid":{"rendered":"https:\/\/sites.uef.fi\/vaikuttavuuden-talo\/?page_id=1684"},"modified":"2025-03-05T09:07:19","modified_gmt":"2025-03-05T07:07:19","slug":"uef-mooc-vaikuttavuus","status":"publish","type":"page","link":"https:\/\/sites.uef.fi\/vaikuttavuuden-talo\/uef-mooc-vaikuttavuus\/","title":{"rendered":"UEF MOOC &#8211; Vaikuttavuus sosiaali- ja terveydenhuollon n\u00e4k\u00f6kulmasta"},"content":{"rendered":"\n<figure class=\"wp-block-image size-large\"><img loading=\"lazy\" decoding=\"async\" width=\"1024\" height=\"723\" src=\"https:\/\/sites.uef.fi\/vaikuttavuuden-talo\/wp-content\/uploads\/sites\/28\/2020\/09\/UEF-Vaikuttavuuden-talo-STILL-004I-1024x723.png\" alt=\"Kuvituskuva vaikuttavuuden verkkokurssista.\" class=\"wp-image-1690\" srcset=\"https:\/\/sites.uef.fi\/vaikuttavuuden-talo\/wp-content\/uploads\/sites\/28\/2020\/09\/UEF-Vaikuttavuuden-talo-STILL-004I-1024x723.png 1024w, https:\/\/sites.uef.fi\/vaikuttavuuden-talo\/wp-content\/uploads\/sites\/28\/2020\/09\/UEF-Vaikuttavuuden-talo-STILL-004I-300x212.png 300w, https:\/\/sites.uef.fi\/vaikuttavuuden-talo\/wp-content\/uploads\/sites\/28\/2020\/09\/UEF-Vaikuttavuuden-talo-STILL-004I-768x542.png 768w, https:\/\/sites.uef.fi\/vaikuttavuuden-talo\/wp-content\/uploads\/sites\/28\/2020\/09\/UEF-Vaikuttavuuden-talo-STILL-004I-1536x1085.png 1536w, https:\/\/sites.uef.fi\/vaikuttavuuden-talo\/wp-content\/uploads\/sites\/28\/2020\/09\/UEF-Vaikuttavuuden-talo-STILL-004I.png 1841w\" sizes=\"auto, (max-width: 1024px) 100vw, 1024px\" \/><\/figure>\n\n\n\n<p><a href=\"https:\/\/digicampus.fi\/course\/view.php?id=5609\">Vaikuttavuuden verkkokurssi<\/a> tarjoaa perusteet vaikuttavuustematiikkaan ja siihen liittyviin keskeisiin k\u00e4sitteisiin, m\u00e4\u00e4ritelmiin ja kokonaisvaltaiseen vaikuttavuuden arviointiin. Verkkokurssilla opastetaan eri mittausmenetelmien ja tutkimusasetelmien hy\u00f6dynt\u00e4misen perusteisiin vaikuttavuuden arvioinnissa. Lis\u00e4ksi esitell\u00e4\u00e4n eri tieteenalojen vaikuttavuustemaattisia l\u00e4hestymistapoja mm. sosiaali- ja terveyspalveluiden vaikuttavuuteen ja saavutettavuuteen, l\u00e4\u00e4kehoidon vaikuttavuuteen ja kustannusvaikuttavuuteen. Kurssilla esitell\u00e4\u00e4n my\u00f6s, miten vaikuttavuustietoa voidaan hy\u00f6dynt\u00e4\u00e4 sosiaali- ja terveyshuollon p\u00e4\u00e4t\u00f6ksenteossa ja priorisoinnissa sek\u00e4 tarkastellaan lains\u00e4\u00e4d\u00e4nn\u00f6n vaikuttavuutta.<\/p>\n\n\n\n<p>Luotettavan tiedon merkitys korostuu niin  p\u00e4ivitt\u00e4isess\u00e4 p\u00e4\u00e4t\u00f6ksenteossa kuin sosiaali- ja terveyspalveluiden  vaikuttavuuden arvioinnissa, joten mahdollisimman monella tulisi olla  tarvittavat kyvyt ja taidot arvioida milloin vaikuttavuustietoa  tarvitaan, osata hy\u00f6dynt\u00e4\u00e4 ja arvioida tietoa kriittisesti sek\u00e4 ymm\u00e4rt\u00e4\u00e4  eri tieteiden n\u00e4k\u00f6kulmat tiedon hy\u00f6dynt\u00e4misess\u00e4.<\/p>\n\n\n\n<p>Kuka tahansa verkkokurssista ja sen sis\u00e4ll\u00f6st\u00e4 kiinnostunut voi suorittaa sen ja saada itselleen It\u00e4-Suomen yliopiston ep\u00e4virallisen todistuksen. Mik\u00e4li haluat kurssista suoritusmerkinn\u00e4n ja opintopisteet (3 op), sinun tulee ilmoittautua <a data-type=\"URL\" data-id=\"https:\/\/www.uef.fi\/fi\/ilmoittautuminen-opintomaksu-ja-opiskeluoikeus\" href=\"https:\/\/www.uef.fi\/fi\/ilmoittautuminen-opintomaksu-ja-opiskeluoikeus\">Avoimen yliopiston opiskelijaksi <\/a> It\u00e4-Suomen yliopistoon, ja maksaa opintomaksu (20 \u20ac\/opintopiste). Avoin yliopisto my\u00f6nt\u00e4\u00e4 opinto-oikeuden, jonka j\u00e4lkeen opintosuoritus kirjataan opintotietoj\u00e4rjestelm\u00e4\u00e4n. Sen j\u00e4lkeen voit pyyt\u00e4\u00e4 Avoimesta yliopistosta virallisen opintosuoritusotteen.<\/p>\n\n\n\n<p>It\u00e4-Suomen  yliopiston tutkinto-opiskelijat voivat saada MOOC-kurssin osaksi  tutkintoaan yliopistojen omien ohjeistusten mukaisesti.  Tutkinto-opiskelijoille opintojakso on maksuton. Tutkinto-opiskelija  tekee opintojaksoilmoittautumisen <a href=\"https:\/\/peppi.uef.fi\/\">Pepin<\/a> kautta, josta kurssi l\u00f6ytyy nimell\u00e4, 5513202-3001 Vaikuttavuus (MOOC): Tutkinto-opiskelijat 3 op.<\/p>\n\n\n\n<p><a href=\"https:\/\/www.uef.fi\/fi\/uutinen\/vaikuttavuustiedon-merkitys-korostuu-sote-alalla\">Vaikuttavuustiedon merkitys korostuu sote-alalla <\/a> (UEF 7.9.2020)<\/p>\n\n\n\n<p><\/p>\n","protected":false},"excerpt":{"rendered":"<p>Vaikuttavuuden verkkokurssi tarjoaa perusteet vaikuttavuustematiikkaan ja siihen liittyviin keskeisiin k\u00e4sitteisiin, m\u00e4\u00e4ritelmiin ja kokonaisvaltaiseen vaikuttavuuden arviointiin. Verkkokurssilla opastetaan eri mittausmenetelmien ja tutkimusasetelmien hy\u00f6dynt\u00e4misen perusteisiin vaikuttavuuden arvioinnissa. Lis\u00e4ksi esitell\u00e4\u00e4n eri tieteenalojen vaikuttavuustemaattisia l\u00e4hestymistapoja mm. sosiaali- ja terveyspalveluiden vaikuttavuuteen ja saavutettavuuteen, l\u00e4\u00e4kehoidon vaikuttavuuteen ja kustannusvaikuttavuuteen. Kurssilla esitell\u00e4\u00e4n my\u00f6s, miten vaikuttavuustietoa voidaan hy\u00f6dynt\u00e4\u00e4 sosiaali- ja terveyshuollon p\u00e4\u00e4t\u00f6ksenteossa ja priorisoinnissa [&hellip;]<\/p>\n","protected":false},"author":44,"featured_media":0,"parent":0,"menu_order":0,"comment_status":"closed","ping_status":"closed","template":"","meta":{"_acf_changed":false,"_monsterinsights_skip_tracking":false,"_monsterinsights_sitenote_active":false,"_monsterinsights_sitenote_note":"","_monsterinsights_sitenote_category":0,"footnotes":""},"class_list":["post-1684","page","type-page","status-publish","hentry"],"acf":[],"yoast_head":"<!-- This site is optimized with the Yoast SEO plugin v27.1.1 - https:\/\/yoast.com\/product\/yoast-seo-wordpress\/ -->\n<title>UEF MOOC - Vaikuttavuus sosiaali- ja terveydenhuollon n\u00e4k\u00f6kulmasta - Vaikuttavuuden talo<\/title>\n<meta name=\"robots\" content=\"index, follow, max-snippet:-1, max-image-preview:large, max-video-preview:-1\" \/>\n<link rel=\"canonical\" href=\"https:\/\/sites.uef.fi\/vaikuttavuuden-talo\/uef-mooc-vaikuttavuus\/\" \/>\n<meta property=\"og:locale\" content=\"fi_FI\" \/>\n<meta property=\"og:type\" content=\"article\" \/>\n<meta property=\"og:title\" content=\"UEF MOOC - Vaikuttavuus sosiaali- ja terveydenhuollon n\u00e4k\u00f6kulmasta - Vaikuttavuuden talo\" \/>\n<meta property=\"og:description\" content=\"Vaikuttavuuden verkkokurssi tarjoaa perusteet vaikuttavuustematiikkaan ja siihen liittyviin keskeisiin k\u00e4sitteisiin, m\u00e4\u00e4ritelmiin ja kokonaisvaltaiseen vaikuttavuuden arviointiin. Verkkokurssilla opastetaan eri mittausmenetelmien ja tutkimusasetelmien hy\u00f6dynt\u00e4misen perusteisiin vaikuttavuuden arvioinnissa. Lis\u00e4ksi esitell\u00e4\u00e4n eri tieteenalojen vaikuttavuustemaattisia l\u00e4hestymistapoja mm. sosiaali- ja terveyspalveluiden vaikuttavuuteen ja saavutettavuuteen, l\u00e4\u00e4kehoidon vaikuttavuuteen ja kustannusvaikuttavuuteen. Kurssilla esitell\u00e4\u00e4n my\u00f6s, miten vaikuttavuustietoa voidaan hy\u00f6dynt\u00e4\u00e4 sosiaali- ja terveyshuollon p\u00e4\u00e4t\u00f6ksenteossa ja priorisoinnissa [&hellip;]\" \/>\n<meta property=\"og:url\" content=\"https:\/\/sites.uef.fi\/vaikuttavuuden-talo\/uef-mooc-vaikuttavuus\/\" \/>\n<meta property=\"og:site_name\" content=\"Vaikuttavuuden talo\" \/>\n<meta property=\"article:modified_time\" content=\"2025-03-05T07:07:19+00:00\" \/>\n<meta property=\"og:image\" content=\"https:\/\/sites.uef.fi\/vaikuttavuuden-talo\/wp-content\/uploads\/sites\/28\/2020\/09\/UEF-Vaikuttavuuden-talo-STILL-004I.png\" \/>\n\t<meta property=\"og:image:width\" content=\"1841\" \/>\n\t<meta property=\"og:image:height\" content=\"1300\" \/>\n\t<meta property=\"og:image:type\" content=\"image\/png\" \/>\n<meta name=\"twitter:card\" content=\"summary_large_image\" \/>\n<meta name=\"twitter:label1\" content=\"Arvioitu lukuaika\" \/>\n\t<meta name=\"twitter:data1\" content=\"2 minuuttia\" \/>\n<script type=\"application\/ld+json\" class=\"yoast-schema-graph\">{\"@context\":\"https:\/\/schema.org\",\"@graph\":[{\"@type\":\"WebPage\",\"@id\":\"https:\/\/sites.uef.fi\/vaikuttavuuden-talo\/uef-mooc-vaikuttavuus\/\",\"url\":\"https:\/\/sites.uef.fi\/vaikuttavuuden-talo\/uef-mooc-vaikuttavuus\/\",\"name\":\"UEF MOOC - Vaikuttavuus sosiaali- ja terveydenhuollon n\u00e4k\u00f6kulmasta - Vaikuttavuuden talo\",\"isPartOf\":{\"@id\":\"https:\/\/sites.uef.fi\/vaikuttavuuden-talo\/#website\"},\"primaryImageOfPage\":{\"@id\":\"https:\/\/sites.uef.fi\/vaikuttavuuden-talo\/uef-mooc-vaikuttavuus\/#primaryimage\"},\"image\":{\"@id\":\"https:\/\/sites.uef.fi\/vaikuttavuuden-talo\/uef-mooc-vaikuttavuus\/#primaryimage\"},\"thumbnailUrl\":\"https:\/\/sites.uef.fi\/vaikuttavuuden-talo\/wp-content\/uploads\/sites\/28\/2020\/09\/UEF-Vaikuttavuuden-talo-STILL-004I-1024x723.png\",\"datePublished\":\"2020-09-17T13:03:37+00:00\",\"dateModified\":\"2025-03-05T07:07:19+00:00\",\"breadcrumb\":{\"@id\":\"https:\/\/sites.uef.fi\/vaikuttavuuden-talo\/uef-mooc-vaikuttavuus\/#breadcrumb\"},\"inLanguage\":\"fi\",\"potentialAction\":[{\"@type\":\"ReadAction\",\"target\":[\"https:\/\/sites.uef.fi\/vaikuttavuuden-talo\/uef-mooc-vaikuttavuus\/\"]}]},{\"@type\":\"ImageObject\",\"inLanguage\":\"fi\",\"@id\":\"https:\/\/sites.uef.fi\/vaikuttavuuden-talo\/uef-mooc-vaikuttavuus\/#primaryimage\",\"url\":\"https:\/\/sites.uef.fi\/vaikuttavuuden-talo\/wp-content\/uploads\/sites\/28\/2020\/09\/UEF-Vaikuttavuuden-talo-STILL-004I.png\",\"contentUrl\":\"https:\/\/sites.uef.fi\/vaikuttavuuden-talo\/wp-content\/uploads\/sites\/28\/2020\/09\/UEF-Vaikuttavuuden-talo-STILL-004I.png\",\"width\":1841,\"height\":1300},{\"@type\":\"BreadcrumbList\",\"@id\":\"https:\/\/sites.uef.fi\/vaikuttavuuden-talo\/uef-mooc-vaikuttavuus\/#breadcrumb\",\"itemListElement\":[{\"@type\":\"ListItem\",\"position\":1,\"name\":\"Home\",\"item\":\"https:\/\/sites.uef.fi\/vaikuttavuuden-talo\/\"},{\"@type\":\"ListItem\",\"position\":2,\"name\":\"UEF MOOC &#8211; Vaikuttavuus sosiaali- ja terveydenhuollon n\u00e4k\u00f6kulmasta\"}]},{\"@type\":\"WebSite\",\"@id\":\"https:\/\/sites.uef.fi\/vaikuttavuuden-talo\/#website\",\"url\":\"https:\/\/sites.uef.fi\/vaikuttavuuden-talo\/\",\"name\":\"Vaikuttavuuden talo\",\"description\":\"\",\"potentialAction\":[{\"@type\":\"SearchAction\",\"target\":{\"@type\":\"EntryPoint\",\"urlTemplate\":\"https:\/\/sites.uef.fi\/vaikuttavuuden-talo\/?s={search_term_string}\"},\"query-input\":{\"@type\":\"PropertyValueSpecification\",\"valueRequired\":true,\"valueName\":\"search_term_string\"}}],\"inLanguage\":\"fi\"}]}<\/script>\n<!-- \/ Yoast SEO plugin. -->","yoast_head_json":{"title":"UEF MOOC - Vaikuttavuus sosiaali- ja terveydenhuollon n\u00e4k\u00f6kulmasta - Vaikuttavuuden talo","robots":{"index":"index","follow":"follow","max-snippet":"max-snippet:-1","max-image-preview":"max-image-preview:large","max-video-preview":"max-video-preview:-1"},"canonical":"https:\/\/sites.uef.fi\/vaikuttavuuden-talo\/uef-mooc-vaikuttavuus\/","og_locale":"fi_FI","og_type":"article","og_title":"UEF MOOC - Vaikuttavuus sosiaali- ja terveydenhuollon n\u00e4k\u00f6kulmasta - Vaikuttavuuden talo","og_description":"Vaikuttavuuden verkkokurssi tarjoaa perusteet vaikuttavuustematiikkaan ja siihen liittyviin keskeisiin k\u00e4sitteisiin, m\u00e4\u00e4ritelmiin ja kokonaisvaltaiseen vaikuttavuuden arviointiin. Verkkokurssilla opastetaan eri mittausmenetelmien ja tutkimusasetelmien hy\u00f6dynt\u00e4misen perusteisiin vaikuttavuuden arvioinnissa. Lis\u00e4ksi esitell\u00e4\u00e4n eri tieteenalojen vaikuttavuustemaattisia l\u00e4hestymistapoja mm. sosiaali- ja terveyspalveluiden vaikuttavuuteen ja saavutettavuuteen, l\u00e4\u00e4kehoidon vaikuttavuuteen ja kustannusvaikuttavuuteen. Kurssilla esitell\u00e4\u00e4n my\u00f6s, miten vaikuttavuustietoa voidaan hy\u00f6dynt\u00e4\u00e4 sosiaali- ja terveyshuollon p\u00e4\u00e4t\u00f6ksenteossa ja priorisoinnissa [&hellip;]","og_url":"https:\/\/sites.uef.fi\/vaikuttavuuden-talo\/uef-mooc-vaikuttavuus\/","og_site_name":"Vaikuttavuuden talo","article_modified_time":"2025-03-05T07:07:19+00:00","og_image":[{"width":1841,"height":1300,"url":"https:\/\/sites.uef.fi\/vaikuttavuuden-talo\/wp-content\/uploads\/sites\/28\/2020\/09\/UEF-Vaikuttavuuden-talo-STILL-004I.png","type":"image\/png"}],"twitter_card":"summary_large_image","twitter_misc":{"Arvioitu lukuaika":"2 minuuttia"},"schema":{"@context":"https:\/\/schema.org","@graph":[{"@type":"WebPage","@id":"https:\/\/sites.uef.fi\/vaikuttavuuden-talo\/uef-mooc-vaikuttavuus\/","url":"https:\/\/sites.uef.fi\/vaikuttavuuden-talo\/uef-mooc-vaikuttavuus\/","name":"UEF MOOC - Vaikuttavuus sosiaali- ja terveydenhuollon n\u00e4k\u00f6kulmasta - Vaikuttavuuden talo","isPartOf":{"@id":"https:\/\/sites.uef.fi\/vaikuttavuuden-talo\/#website"},"primaryImageOfPage":{"@id":"https:\/\/sites.uef.fi\/vaikuttavuuden-talo\/uef-mooc-vaikuttavuus\/#primaryimage"},"image":{"@id":"https:\/\/sites.uef.fi\/vaikuttavuuden-talo\/uef-mooc-vaikuttavuus\/#primaryimage"},"thumbnailUrl":"https:\/\/sites.uef.fi\/vaikuttavuuden-talo\/wp-content\/uploads\/sites\/28\/2020\/09\/UEF-Vaikuttavuuden-talo-STILL-004I-1024x723.png","datePublished":"2020-09-17T13:03:37+00:00","dateModified":"2025-03-05T07:07:19+00:00","breadcrumb":{"@id":"https:\/\/sites.uef.fi\/vaikuttavuuden-talo\/uef-mooc-vaikuttavuus\/#breadcrumb"},"inLanguage":"fi","potentialAction":[{"@type":"ReadAction","target":["https:\/\/sites.uef.fi\/vaikuttavuuden-talo\/uef-mooc-vaikuttavuus\/"]}]},{"@type":"ImageObject","inLanguage":"fi","@id":"https:\/\/sites.uef.fi\/vaikuttavuuden-talo\/uef-mooc-vaikuttavuus\/#primaryimage","url":"https:\/\/sites.uef.fi\/vaikuttavuuden-talo\/wp-content\/uploads\/sites\/28\/2020\/09\/UEF-Vaikuttavuuden-talo-STILL-004I.png","contentUrl":"https:\/\/sites.uef.fi\/vaikuttavuuden-talo\/wp-content\/uploads\/sites\/28\/2020\/09\/UEF-Vaikuttavuuden-talo-STILL-004I.png","width":1841,"height":1300},{"@type":"BreadcrumbList","@id":"https:\/\/sites.uef.fi\/vaikuttavuuden-talo\/uef-mooc-vaikuttavuus\/#breadcrumb","itemListElement":[{"@type":"ListItem","position":1,"name":"Home","item":"https:\/\/sites.uef.fi\/vaikuttavuuden-talo\/"},{"@type":"ListItem","position":2,"name":"UEF MOOC &#8211; Vaikuttavuus sosiaali- ja terveydenhuollon n\u00e4k\u00f6kulmasta"}]},{"@type":"WebSite","@id":"https:\/\/sites.uef.fi\/vaikuttavuuden-talo\/#website","url":"https:\/\/sites.uef.fi\/vaikuttavuuden-talo\/","name":"Vaikuttavuuden talo","description":"","potentialAction":[{"@type":"SearchAction","target":{"@type":"EntryPoint","urlTemplate":"https:\/\/sites.uef.fi\/vaikuttavuuden-talo\/?s={search_term_string}"},"query-input":{"@type":"PropertyValueSpecification","valueRequired":true,"valueName":"search_term_string"}}],"inLanguage":"fi"}]}},"_links":{"self":[{"href":"https:\/\/sites.uef.fi\/vaikuttavuuden-talo\/wp-json\/wp\/v2\/pages\/1684","targetHints":{"allow":["GET"]}}],"collection":[{"href":"https:\/\/sites.uef.fi\/vaikuttavuuden-talo\/wp-json\/wp\/v2\/pages"}],"about":[{"href":"https:\/\/sites.uef.fi\/vaikuttavuuden-talo\/wp-json\/wp\/v2\/types\/page"}],"author":[{"embeddable":true,"href":"https:\/\/sites.uef.fi\/vaikuttavuuden-talo\/wp-json\/wp\/v2\/users\/44"}],"replies":[{"embeddable":true,"href":"https:\/\/sites.uef.fi\/vaikuttavuuden-talo\/wp-json\/wp\/v2\/comments?post=1684"}],"version-history":[{"count":2,"href":"https:\/\/sites.uef.fi\/vaikuttavuuden-talo\/wp-json\/wp\/v2\/pages\/1684\/revisions"}],"predecessor-version":[{"id":11565,"href":"https:\/\/sites.uef.fi\/vaikuttavuuden-talo\/wp-json\/wp\/v2\/pages\/1684\/revisions\/11565"}],"wp:attachment":[{"href":"https:\/\/sites.uef.fi\/vaikuttavuuden-talo\/wp-json\/wp\/v2\/media?parent=1684"}],"curies":[{"name":"wp","href":"https:\/\/api.w.org\/{rel}","templated":true}]}}