{"id":1840,"date":"2020-09-29T15:19:09","date_gmt":"2020-09-29T13:19:09","guid":{"rendered":"https:\/\/sites.uef.fi\/vaikuttavuuden-talo\/?page_id=1840"},"modified":"2020-09-29T15:19:09","modified_gmt":"2020-09-29T13:19:09","slug":"promeq-2016-2019","status":"publish","type":"page","link":"https:\/\/sites.uef.fi\/vaikuttavuuden-talo\/promeq-2016-2019\/","title":{"rendered":"PROMEQ 2016\u20132019"},"content":{"rendered":"\n<h1 class=\"wp-block-heading\">PROMEQ \u2013 Osallistava terveyden ja hyvinvoinnin edist\u00e4minen<\/h1>\n\n\n\n<h2 class=\"wp-block-heading\">Tausta<\/h2>\n\n\n\n<p>Terveyden ja hyvinvoinnin eriarvoisuuden kaventaminen on haasteellista, ja nykyiset menetelm\u00e4t eiv\u00e4t n\u00e4yt\u00e4 saavuttavan ryhmi\u00e4,&nbsp;joissa niihin olisi suurin tarve: <\/p>\n\n\n\n<ol class=\"wp-block-list\"><li>koulutuksen ja ty\u00f6el\u00e4m\u00e4n ulkopuolella olevat nuoret<\/li><li>pitk\u00e4aikaisty\u00f6tt\u00f6m\u00e4t<\/li><li>juuri oleskeluluvan saaneet maahanmuuttajat<\/li><li>paljon sek\u00e4 sosiaali- ett\u00e4 terveyspalveluita tarvitsevat&nbsp;kotona asuvat ik\u00e4ihmiset.<\/li><\/ol>\n\n\n\n<p>PROMEQissa terveyden ja hyvinvoinnin eriarvoisuus n\u00e4hd\u00e4\u00e4n liittyv\u00e4n yksil\u00f6llisten tekij\u00f6iden lis\u00e4ksi kulttuurisiin ja yhteiskunnallisiin tekij\u00f6ihin sek\u00e4 n\u00e4iden v\u00e4liseen vuorovaikutukseen. Yleisen\u00e4 viitekehyksen\u00e4 toimii WHO:n m\u00e4\u00e4ritelm\u00e4 el\u00e4m\u00e4nlaadusta ihmisten terveyden ja fyysisen toimintakyvyn, kognition, psyykkisen ja sosiaalisen hyvinvoinnin sek\u00e4 aineellisten elinolojen, palvelujen saatavuuden ja muiden ymp\u00e4rist\u00f6tekij\u00f6iden kokonaisuutena. N\u00e4m\u00e4 voimavarat m\u00e4\u00e4ritt\u00e4v\u00e4t henkil\u00f6n tosiasiallisia mahdollisuuksia (capability) hyvinvointiin ja terveisiin elintapoihin.<br><br>Keskeinen oletus PROMEQissa on, ett\u00e4 n\u00e4ihin vaikuttamalla voidaan parantaa ihmisten kyky\u00e4 muuttaa toimintaansa ja el\u00e4m\u00e4ntilannettaan niin, ett\u00e4 terveys ja hyvinvointi kohentuvat. Sosiaalista markkinointia kokeillaan keinona viesti\u00e4 ja olla vuorovaikutuksessa valittujen kohderyhmien kanssa, ja tukea&nbsp;my\u00f6nteisi\u00e4 muutoksia heid\u00e4n elintavoissaan.<\/p>\n\n\n\n<h2 class=\"wp-block-heading\">Tavoitteet<\/h2>\n\n\n\n<p>Hankkeen tavoitteena on kehitt\u00e4\u00e4 vaikuttavia menetelmi\u00e4 erityisesti n\u00e4iden nelj\u00e4n tutkimuksen kohteena&nbsp;olevan&nbsp;ryhm\u00e4n hyvinvoinnin ja terveyden edist\u00e4miseen, ja k\u00e4ytt\u00e4\u00e4&nbsp;sosiaalista markkinointia tukemaan my\u00f6nteisi\u00e4 muutoksia heid\u00e4n elintavoissaan ja el\u00e4m\u00e4nlaadussaan. Lis\u00e4ksi tavoitteena on integroida sosiaali- ja terveyspalvelut tiiviimmin osaksi hyvinvoinnin ja terveyden edist\u00e4mistoimien kokonaisuutta ja julkisen, yksityisen ja vapaaehtoisen sektorin yhteisty\u00f6t\u00e4. Vaikka kohderyhmiksi on valittu edell\u00e4 mainitut ryhm\u00e4t,&nbsp;tulokset antavat pohjan hyvinvointia ja terveytt\u00e4 kokonaisvaltaisesti l\u00e4hestyv\u00e4n v\u00e4est\u00f6tason toimintamallin kehitt\u00e4miseen.<br>Tutkimuksen yleiset tavoitteet ovat:<\/p>\n\n\n\n<ul class=\"wp-block-list\"><li>lis\u00e4t\u00e4 ymm\u00e4rryst\u00e4 terveyden ja hyvinvoinnin eriarvoisuudesta ja sen juurisyist\u00e4<\/li><li>kehitt\u00e4\u00e4 vaikuttavia keinoja edist\u00e4\u00e4 edell\u00e4 mainittujen erityisryhmien terveytt\u00e4 ja hyvinvointia kansalaisl\u00e4ht\u00f6isesti ja integroimalla terveyden edist\u00e4mistoimet sek\u00e4 tarvittavat sosiaali- ja terveys- ja ty\u00f6voimapalvelut toiminnallisiksi kokonaisuuksiksi<\/li><li>kokeilla sosiaalisen markkinoinnin toimivuutta hyvinvoinnin ja terveyden edist\u00e4miseen tutkimuksen kohderyhmiss\u00e4<\/li><li>kehitt\u00e4\u00e4 luotettavia mittareita hyvinvoinnin ja terveyden edist\u00e4mistoimien vaikuttavuuden arviointiin<\/li><li>laatia kokonaisvaltainen toimintamalli, politiikkasuosituksia sek\u00e4 strategioita hyvinvoinnin ja terveyden edist\u00e4miseen my\u00f6s tulevaa sote-uudistusta silm\u00e4ll\u00e4 pit\u00e4en<\/li><li>julkaista tuloksia hankkeen nettisivuilla, raportteina ja tieteellisin\u00e4 julkaisuina.<\/li><\/ul>\n\n\n\n<h2 class=\"wp-block-heading\">Tieteellinen ja yhteiskunnallinen vaikuttavuus<\/h2>\n\n\n\n<p>Tutkimuksen aihe on ajankohtainen ja my\u00f6s kansainv\u00e4lisesti merkitt\u00e4v\u00e4. Hankkeen innovatiivinen tutkimusasetelma sek\u00e4 monitieteinen, monimenetelm\u00e4inen ja osallistava tutkimusasetelma antavat hyv\u00e4t mahdollisuudet tuottaa tieteellisesti ja yhteiskunnallisesti vaikuttavaa tietoa, sek\u00e4 t\u00e4ytt\u00e4\u00e4 hyvinvoinnin ja terveyden edist\u00e4misen vaikuttavuutta ja kustannusvaikuttavuutta koskevaa tietoaukkoa. Lis\u00e4ksi tulokset tukevat useita meneill\u00e4\u00e4n olevia reformeja Suomessa. Hankkeen tavoitteena on aktiivisesti levitt\u00e4\u00e4 tutkimuksen tuloksia tieteellisiss\u00e4 ja kansantajuisissa&nbsp;julkaisuissa,&nbsp;kongresseissa ja seminaareissa.<\/p>\n","protected":false},"excerpt":{"rendered":"<p>PROMEQ \u2013 Osallistava terveyden ja hyvinvoinnin edist\u00e4minen Tausta Terveyden ja hyvinvoinnin eriarvoisuuden kaventaminen on haasteellista, ja nykyiset menetelm\u00e4t eiv\u00e4t n\u00e4yt\u00e4 saavuttavan ryhmi\u00e4,&nbsp;joissa niihin olisi suurin tarve: koulutuksen ja ty\u00f6el\u00e4m\u00e4n ulkopuolella olevat nuoret pitk\u00e4aikaisty\u00f6tt\u00f6m\u00e4t juuri oleskeluluvan saaneet maahanmuuttajat paljon sek\u00e4 sosiaali- ett\u00e4 terveyspalveluita tarvitsevat&nbsp;kotona asuvat ik\u00e4ihmiset. PROMEQissa terveyden ja hyvinvoinnin eriarvoisuus n\u00e4hd\u00e4\u00e4n liittyv\u00e4n yksil\u00f6llisten tekij\u00f6iden lis\u00e4ksi [&hellip;]<\/p>\n","protected":false},"author":44,"featured_media":0,"parent":0,"menu_order":0,"comment_status":"closed","ping_status":"closed","template":"","meta":{"_acf_changed":false,"_monsterinsights_skip_tracking":false,"_monsterinsights_sitenote_active":false,"_monsterinsights_sitenote_note":"","_monsterinsights_sitenote_category":0,"footnotes":""},"class_list":["post-1840","page","type-page","status-publish","hentry"],"acf":[],"yoast_head":"<!-- This site is optimized with the Yoast SEO plugin v27.1.1 - https:\/\/yoast.com\/product\/yoast-seo-wordpress\/ -->\n<title>PROMEQ 2016\u20132019 - Vaikuttavuuden talo<\/title>\n<meta name=\"robots\" content=\"index, follow, max-snippet:-1, max-image-preview:large, max-video-preview:-1\" \/>\n<link rel=\"canonical\" href=\"https:\/\/sites.uef.fi\/vaikuttavuuden-talo\/promeq-2016-2019\/\" \/>\n<meta property=\"og:locale\" content=\"fi_FI\" \/>\n<meta property=\"og:type\" content=\"article\" \/>\n<meta property=\"og:title\" content=\"PROMEQ 2016\u20132019 - Vaikuttavuuden talo\" \/>\n<meta property=\"og:description\" content=\"PROMEQ \u2013 Osallistava terveyden ja hyvinvoinnin edist\u00e4minen Tausta Terveyden ja hyvinvoinnin eriarvoisuuden kaventaminen on haasteellista, ja nykyiset menetelm\u00e4t eiv\u00e4t n\u00e4yt\u00e4 saavuttavan ryhmi\u00e4,&nbsp;joissa niihin olisi suurin tarve: koulutuksen ja ty\u00f6el\u00e4m\u00e4n ulkopuolella olevat nuoret pitk\u00e4aikaisty\u00f6tt\u00f6m\u00e4t juuri oleskeluluvan saaneet maahanmuuttajat paljon sek\u00e4 sosiaali- ett\u00e4 terveyspalveluita tarvitsevat&nbsp;kotona asuvat ik\u00e4ihmiset. PROMEQissa terveyden ja hyvinvoinnin eriarvoisuus n\u00e4hd\u00e4\u00e4n liittyv\u00e4n yksil\u00f6llisten tekij\u00f6iden lis\u00e4ksi [&hellip;]\" \/>\n<meta property=\"og:url\" content=\"https:\/\/sites.uef.fi\/vaikuttavuuden-talo\/promeq-2016-2019\/\" \/>\n<meta property=\"og:site_name\" content=\"Vaikuttavuuden talo\" \/>\n<meta name=\"twitter:card\" content=\"summary_large_image\" \/>\n<meta name=\"twitter:label1\" content=\"Arvioitu lukuaika\" \/>\n\t<meta name=\"twitter:data1\" content=\"2 minuuttia\" \/>\n<script type=\"application\/ld+json\" class=\"yoast-schema-graph\">{\"@context\":\"https:\/\/schema.org\",\"@graph\":[{\"@type\":\"WebPage\",\"@id\":\"https:\/\/sites.uef.fi\/vaikuttavuuden-talo\/promeq-2016-2019\/\",\"url\":\"https:\/\/sites.uef.fi\/vaikuttavuuden-talo\/promeq-2016-2019\/\",\"name\":\"PROMEQ 2016\u20132019 - Vaikuttavuuden talo\",\"isPartOf\":{\"@id\":\"https:\/\/sites.uef.fi\/vaikuttavuuden-talo\/#website\"},\"datePublished\":\"2020-09-29T13:19:09+00:00\",\"breadcrumb\":{\"@id\":\"https:\/\/sites.uef.fi\/vaikuttavuuden-talo\/promeq-2016-2019\/#breadcrumb\"},\"inLanguage\":\"fi\",\"potentialAction\":[{\"@type\":\"ReadAction\",\"target\":[\"https:\/\/sites.uef.fi\/vaikuttavuuden-talo\/promeq-2016-2019\/\"]}]},{\"@type\":\"BreadcrumbList\",\"@id\":\"https:\/\/sites.uef.fi\/vaikuttavuuden-talo\/promeq-2016-2019\/#breadcrumb\",\"itemListElement\":[{\"@type\":\"ListItem\",\"position\":1,\"name\":\"Home\",\"item\":\"https:\/\/sites.uef.fi\/vaikuttavuuden-talo\/\"},{\"@type\":\"ListItem\",\"position\":2,\"name\":\"PROMEQ 2016\u20132019\"}]},{\"@type\":\"WebSite\",\"@id\":\"https:\/\/sites.uef.fi\/vaikuttavuuden-talo\/#website\",\"url\":\"https:\/\/sites.uef.fi\/vaikuttavuuden-talo\/\",\"name\":\"Vaikuttavuuden talo\",\"description\":\"\",\"potentialAction\":[{\"@type\":\"SearchAction\",\"target\":{\"@type\":\"EntryPoint\",\"urlTemplate\":\"https:\/\/sites.uef.fi\/vaikuttavuuden-talo\/?s={search_term_string}\"},\"query-input\":{\"@type\":\"PropertyValueSpecification\",\"valueRequired\":true,\"valueName\":\"search_term_string\"}}],\"inLanguage\":\"fi\"}]}<\/script>\n<!-- \/ Yoast SEO plugin. -->","yoast_head_json":{"title":"PROMEQ 2016\u20132019 - Vaikuttavuuden talo","robots":{"index":"index","follow":"follow","max-snippet":"max-snippet:-1","max-image-preview":"max-image-preview:large","max-video-preview":"max-video-preview:-1"},"canonical":"https:\/\/sites.uef.fi\/vaikuttavuuden-talo\/promeq-2016-2019\/","og_locale":"fi_FI","og_type":"article","og_title":"PROMEQ 2016\u20132019 - Vaikuttavuuden talo","og_description":"PROMEQ \u2013 Osallistava terveyden ja hyvinvoinnin edist\u00e4minen Tausta Terveyden ja hyvinvoinnin eriarvoisuuden kaventaminen on haasteellista, ja nykyiset menetelm\u00e4t eiv\u00e4t n\u00e4yt\u00e4 saavuttavan ryhmi\u00e4,&nbsp;joissa niihin olisi suurin tarve: koulutuksen ja ty\u00f6el\u00e4m\u00e4n ulkopuolella olevat nuoret pitk\u00e4aikaisty\u00f6tt\u00f6m\u00e4t juuri oleskeluluvan saaneet maahanmuuttajat paljon sek\u00e4 sosiaali- ett\u00e4 terveyspalveluita tarvitsevat&nbsp;kotona asuvat ik\u00e4ihmiset. PROMEQissa terveyden ja hyvinvoinnin eriarvoisuus n\u00e4hd\u00e4\u00e4n liittyv\u00e4n yksil\u00f6llisten tekij\u00f6iden lis\u00e4ksi [&hellip;]","og_url":"https:\/\/sites.uef.fi\/vaikuttavuuden-talo\/promeq-2016-2019\/","og_site_name":"Vaikuttavuuden talo","twitter_card":"summary_large_image","twitter_misc":{"Arvioitu lukuaika":"2 minuuttia"},"schema":{"@context":"https:\/\/schema.org","@graph":[{"@type":"WebPage","@id":"https:\/\/sites.uef.fi\/vaikuttavuuden-talo\/promeq-2016-2019\/","url":"https:\/\/sites.uef.fi\/vaikuttavuuden-talo\/promeq-2016-2019\/","name":"PROMEQ 2016\u20132019 - Vaikuttavuuden talo","isPartOf":{"@id":"https:\/\/sites.uef.fi\/vaikuttavuuden-talo\/#website"},"datePublished":"2020-09-29T13:19:09+00:00","breadcrumb":{"@id":"https:\/\/sites.uef.fi\/vaikuttavuuden-talo\/promeq-2016-2019\/#breadcrumb"},"inLanguage":"fi","potentialAction":[{"@type":"ReadAction","target":["https:\/\/sites.uef.fi\/vaikuttavuuden-talo\/promeq-2016-2019\/"]}]},{"@type":"BreadcrumbList","@id":"https:\/\/sites.uef.fi\/vaikuttavuuden-talo\/promeq-2016-2019\/#breadcrumb","itemListElement":[{"@type":"ListItem","position":1,"name":"Home","item":"https:\/\/sites.uef.fi\/vaikuttavuuden-talo\/"},{"@type":"ListItem","position":2,"name":"PROMEQ 2016\u20132019"}]},{"@type":"WebSite","@id":"https:\/\/sites.uef.fi\/vaikuttavuuden-talo\/#website","url":"https:\/\/sites.uef.fi\/vaikuttavuuden-talo\/","name":"Vaikuttavuuden talo","description":"","potentialAction":[{"@type":"SearchAction","target":{"@type":"EntryPoint","urlTemplate":"https:\/\/sites.uef.fi\/vaikuttavuuden-talo\/?s={search_term_string}"},"query-input":{"@type":"PropertyValueSpecification","valueRequired":true,"valueName":"search_term_string"}}],"inLanguage":"fi"}]}},"_links":{"self":[{"href":"https:\/\/sites.uef.fi\/vaikuttavuuden-talo\/wp-json\/wp\/v2\/pages\/1840","targetHints":{"allow":["GET"]}}],"collection":[{"href":"https:\/\/sites.uef.fi\/vaikuttavuuden-talo\/wp-json\/wp\/v2\/pages"}],"about":[{"href":"https:\/\/sites.uef.fi\/vaikuttavuuden-talo\/wp-json\/wp\/v2\/types\/page"}],"author":[{"embeddable":true,"href":"https:\/\/sites.uef.fi\/vaikuttavuuden-talo\/wp-json\/wp\/v2\/users\/44"}],"replies":[{"embeddable":true,"href":"https:\/\/sites.uef.fi\/vaikuttavuuden-talo\/wp-json\/wp\/v2\/comments?post=1840"}],"version-history":[{"count":3,"href":"https:\/\/sites.uef.fi\/vaikuttavuuden-talo\/wp-json\/wp\/v2\/pages\/1840\/revisions"}],"predecessor-version":[{"id":3011,"href":"https:\/\/sites.uef.fi\/vaikuttavuuden-talo\/wp-json\/wp\/v2\/pages\/1840\/revisions\/3011"}],"wp:attachment":[{"href":"https:\/\/sites.uef.fi\/vaikuttavuuden-talo\/wp-json\/wp\/v2\/media?parent=1840"}],"curies":[{"name":"wp","href":"https:\/\/api.w.org\/{rel}","templated":true}]}}