{"id":1852,"date":"2020-09-29T15:17:42","date_gmt":"2020-09-29T13:17:42","guid":{"rendered":"https:\/\/sites.uef.fi\/vaikuttavuuden-talo\/?page_id=1852"},"modified":"2020-09-29T15:21:17","modified_gmt":"2020-09-29T13:21:17","slug":"promeq-inclusive-promotion-of-health-and-wellbeing","status":"publish","type":"page","link":"https:\/\/sites.uef.fi\/vaikuttavuuden-talo\/promeq-inclusive-promotion-of-health-and-wellbeing\/?lang=en","title":{"rendered":"PROMEQ 2016\u20132019"},"content":{"rendered":"\n<h1 class=\"wp-block-heading\">PROMEQ &#8211; Inclusive Promotion of Health and Wellbeing<\/h1>\n\n\n\n<h2 class=\"wp-block-heading\">Background<\/h2>\n\n\n\n<p>Health inequalities are difficult to reduce and current methods seem not to reach the population groups with greatest needs. The central idea of the PROMEQ project is to develop and demonstrate novel models of promotion of health and wellbeing that are able to talk to and assimilate vulnerable groups and motivate and empower positive transitions in their health and wellbeing. Four groups are selected for interventions: (1) young people (NEET\u2019s, i.e. not in education, not in employment, not in training); (2) persons receiving basic unemployment benefit; (3) adult refugees, and (4) multi-users of social and health care. While the focus is on the groups at the disadvantaged end of the scale, the results also inform universal application.<\/p>\n\n\n\n<p>In the study, health inequities are considered as resulting from the complex interplay between individual, cultural and societal factors, taking expression as deficits in physical, cognitive, mental, social, environmental and material resources of quality of life. A holistic and systematic approach to the health and welfare promotion is developed that meets these deficits and aims at improving people\u2019s own resources and capabilities for positive transitions.<\/p>\n\n\n\n<h2 class=\"wp-block-heading\">Project aims<\/h2>\n\n\n\n<ul class=\"wp-block-list\"><li>new knowledge of health inequalities and their interconnections with individual, socio-economic and societal factors;<\/li><li>effective models for HWP to reach vulnerable groups;<\/li><li>validated indicators for use in decision making to support evidence based policies and better informed decisions;<\/li><li>policy recommendations, policy briefs and strategies of HWP with SM;<\/li><li>scientific and other publications.<\/li><\/ul>\n\n\n\n<h2 class=\"wp-block-heading\">Methods, data management and ethical guidelines<\/h2>\n\n\n\n<p>The PROMEQ-research employs a mixed-method design, combining quantitative and qualitative research methods, register and survey data, and RCT and quasi-experimental trials employing also Social Marketing. Social Marketing (SM) has been used internationally and extensively in health promotion but also applied to wide range of social issues. The lesson is that communication is not enough and actions have to be targeted to modify the conditions in which people live, and the target groups have to be involved in the planning and design of the efforts. We employ several real-life interventions to develop novel and inclusive methods for HWP, engage both the target groups and relevant other stakeholders in co-creation and co-design of the efforts, deliver the tailored interventions with support of social and health care, and investigate with valid scales and methods whether positive changes occur. Actions will also be targeted to change professional practices toward more inclusive, integrated and cost-effective ways of HWP.  The data is obtained from registers and project research. The data management plan follows the data protection regulations and the open science guidelines of the Finnish Academy. Ethical guidelines will be followed in all parts of the study.<\/p>\n\n\n\n<h2 class=\"wp-block-heading\">Work packages (WPs)<\/h2>\n\n\n\n<p>The research is organized in four main phases constituting a progressive process of 9 interlinked work packages.<br><br> WP1: Co-ordination of the project\u2019s activities and consolidation of research findings<br> WP2: Health inequalities over the life course<br> WP3: Intervention 1: young people not in education, training or work<br> WP4: Intervention 2: long-term unemployed persons<br> WP5: Intervention 3: adults granted asylum at early resettlement<br> WP6: Intervention 4: 65+ aged multi-users of social and health care living at home<br> WP7: Cost-effectiveness analysis (CEA) of the interventions<br> WP 8: Development of policy recommendations and future strategies of HWP<br> WP 9: Societal interaction and communication<\/p>\n\n\n\n<h2 class=\"wp-block-heading\">Scientific and social impact<\/h2>\n\n\n\n<p>The potential for scientific and social impact is high as the research is both well positioned and timely with current international discussion, and will contribute to several reforms under execution in Finland. The comprehensive approach to health and wellbeing, together with innovative research design with theoretical, method and data triangulation will bring about new insights and evidence in the discussion. Also the CEA are highly desired by the decision makers and offer opportunities for scientific breakthroughs. The project will actively disseminate results in scientific and professional journals, congresses and seminars, and the suitable data will be stored in the FSD after the project.<\/p>\n\n\n\n<h2 class=\"wp-block-heading\">Research group<\/h2>\n\n\n\n<p>Professor Marja Vaarama, consortium PI, University of Eastern Finland (UEF)<br>Professor Sari Rissanen, consortium deputy PI and WP4, UEF<br>Research director Tomi M\u00e4ki-Opas, WP1, UEF<br>Research Advisor Tarmo Valkonen, WP2, Research Institute of the Finnish Economy (ETLA)<br>Professor Pekka Martikainen, WP2, Research Institute of the Finnish Economy (ETLA)<br>Adjunct Professor Sanna Aaltonen, WP3, Finnish Youth Research Society (FYRS)<br>Professor Kati N\u00e4rhi, WP4, University of Jyv\u00e4skyl\u00e4 (JyU)<br>Professor Janet Anand, WP5, UEF<br>Professor Mikko M\u00e4ntysaari, WP6, JyU<br>Professor Pekka Rissanen, WP7, University of Tampere (UTA)<br>Professor Antti Syv\u00e4j\u00e4rvi, WP8, University of Lapland (ULapland)<br>Professor Riitta Brusila, WP9, ULapland<br>Interaction Silja Nikula, WP9, ULapland<\/p>\n\n\n\n<p>The study is funded by the Academy of Finland Strategic Research Council (#303615).<\/p>\n","protected":false},"excerpt":{"rendered":"<p>PROMEQ &#8211; Inclusive Promotion of Health and Wellbeing Background Health inequalities are difficult to reduce and current methods seem not to reach the population groups with greatest needs. The central idea of the PROMEQ project is to develop and demonstrate novel models of promotion of health and wellbeing that are able to talk to and [&hellip;]<\/p>\n","protected":false},"author":44,"featured_media":0,"parent":0,"menu_order":0,"comment_status":"closed","ping_status":"closed","template":"","meta":{"_acf_changed":false,"_monsterinsights_skip_tracking":false,"_monsterinsights_sitenote_active":false,"_monsterinsights_sitenote_note":"","_monsterinsights_sitenote_category":0,"footnotes":""},"class_list":["post-1852","page","type-page","status-publish","hentry"],"acf":[],"yoast_head":"<!-- This site is optimized with the Yoast SEO plugin v27.1.1 - https:\/\/yoast.com\/product\/yoast-seo-wordpress\/ -->\n<title>PROMEQ 2016\u20132019 - Vaikuttavuuden talo<\/title>\n<meta name=\"robots\" content=\"index, follow, max-snippet:-1, max-image-preview:large, max-video-preview:-1\" \/>\n<link rel=\"canonical\" href=\"https:\/\/sites.uef.fi\/vaikuttavuuden-talo\/promeq-inclusive-promotion-of-health-and-wellbeing\/?lang=en\" \/>\n<meta property=\"og:locale\" content=\"fi_FI\" \/>\n<meta property=\"og:type\" content=\"article\" \/>\n<meta property=\"og:title\" content=\"PROMEQ 2016\u20132019 - Vaikuttavuuden talo\" \/>\n<meta property=\"og:description\" content=\"PROMEQ &#8211; Inclusive Promotion of Health and Wellbeing Background Health inequalities are difficult to reduce and current methods seem not to reach the population groups with greatest needs. The central idea of the PROMEQ project is to develop and demonstrate novel models of promotion of health and wellbeing that are able to talk to and [&hellip;]\" \/>\n<meta property=\"og:url\" content=\"https:\/\/sites.uef.fi\/vaikuttavuuden-talo\/promeq-inclusive-promotion-of-health-and-wellbeing\/?lang=en\" \/>\n<meta property=\"og:site_name\" content=\"Vaikuttavuuden talo\" \/>\n<meta property=\"article:modified_time\" content=\"2020-09-29T13:21:17+00:00\" \/>\n<meta name=\"twitter:card\" content=\"summary_large_image\" \/>\n<meta name=\"twitter:label1\" content=\"Arvioitu lukuaika\" \/>\n\t<meta name=\"twitter:data1\" content=\"4 minuuttia\" \/>\n<script type=\"application\/ld+json\" class=\"yoast-schema-graph\">{\"@context\":\"https:\/\/schema.org\",\"@graph\":[{\"@type\":\"WebPage\",\"@id\":\"https:\/\/sites.uef.fi\/vaikuttavuuden-talo\/promeq-inclusive-promotion-of-health-and-wellbeing\/?lang=en\",\"url\":\"https:\/\/sites.uef.fi\/vaikuttavuuden-talo\/promeq-inclusive-promotion-of-health-and-wellbeing\/?lang=en\",\"name\":\"PROMEQ 2016\u20132019 - Vaikuttavuuden talo\",\"isPartOf\":{\"@id\":\"https:\/\/sites.uef.fi\/vaikuttavuuden-talo\/#website\"},\"datePublished\":\"2020-09-29T13:17:42+00:00\",\"dateModified\":\"2020-09-29T13:21:17+00:00\",\"breadcrumb\":{\"@id\":\"https:\/\/sites.uef.fi\/vaikuttavuuden-talo\/promeq-inclusive-promotion-of-health-and-wellbeing\/?lang=en#breadcrumb\"},\"inLanguage\":\"fi\",\"potentialAction\":[{\"@type\":\"ReadAction\",\"target\":[\"https:\/\/sites.uef.fi\/vaikuttavuuden-talo\/promeq-inclusive-promotion-of-health-and-wellbeing\/?lang=en\"]}]},{\"@type\":\"BreadcrumbList\",\"@id\":\"https:\/\/sites.uef.fi\/vaikuttavuuden-talo\/promeq-inclusive-promotion-of-health-and-wellbeing\/?lang=en#breadcrumb\",\"itemListElement\":[{\"@type\":\"ListItem\",\"position\":1,\"name\":\"Home\",\"item\":\"https:\/\/sites.uef.fi\/vaikuttavuuden-talo\/\"},{\"@type\":\"ListItem\",\"position\":2,\"name\":\"PROMEQ 2016\u20132019\"}]},{\"@type\":\"WebSite\",\"@id\":\"https:\/\/sites.uef.fi\/vaikuttavuuden-talo\/#website\",\"url\":\"https:\/\/sites.uef.fi\/vaikuttavuuden-talo\/\",\"name\":\"Vaikuttavuuden talo\",\"description\":\"\",\"potentialAction\":[{\"@type\":\"SearchAction\",\"target\":{\"@type\":\"EntryPoint\",\"urlTemplate\":\"https:\/\/sites.uef.fi\/vaikuttavuuden-talo\/?s={search_term_string}\"},\"query-input\":{\"@type\":\"PropertyValueSpecification\",\"valueRequired\":true,\"valueName\":\"search_term_string\"}}],\"inLanguage\":\"fi\"}]}<\/script>\n<!-- \/ Yoast SEO plugin. -->","yoast_head_json":{"title":"PROMEQ 2016\u20132019 - Vaikuttavuuden talo","robots":{"index":"index","follow":"follow","max-snippet":"max-snippet:-1","max-image-preview":"max-image-preview:large","max-video-preview":"max-video-preview:-1"},"canonical":"https:\/\/sites.uef.fi\/vaikuttavuuden-talo\/promeq-inclusive-promotion-of-health-and-wellbeing\/?lang=en","og_locale":"fi_FI","og_type":"article","og_title":"PROMEQ 2016\u20132019 - Vaikuttavuuden talo","og_description":"PROMEQ &#8211; Inclusive Promotion of Health and Wellbeing Background Health inequalities are difficult to reduce and current methods seem not to reach the population groups with greatest needs. The central idea of the PROMEQ project is to develop and demonstrate novel models of promotion of health and wellbeing that are able to talk to and [&hellip;]","og_url":"https:\/\/sites.uef.fi\/vaikuttavuuden-talo\/promeq-inclusive-promotion-of-health-and-wellbeing\/?lang=en","og_site_name":"Vaikuttavuuden talo","article_modified_time":"2020-09-29T13:21:17+00:00","twitter_card":"summary_large_image","twitter_misc":{"Arvioitu lukuaika":"4 minuuttia"},"schema":{"@context":"https:\/\/schema.org","@graph":[{"@type":"WebPage","@id":"https:\/\/sites.uef.fi\/vaikuttavuuden-talo\/promeq-inclusive-promotion-of-health-and-wellbeing\/?lang=en","url":"https:\/\/sites.uef.fi\/vaikuttavuuden-talo\/promeq-inclusive-promotion-of-health-and-wellbeing\/?lang=en","name":"PROMEQ 2016\u20132019 - Vaikuttavuuden talo","isPartOf":{"@id":"https:\/\/sites.uef.fi\/vaikuttavuuden-talo\/#website"},"datePublished":"2020-09-29T13:17:42+00:00","dateModified":"2020-09-29T13:21:17+00:00","breadcrumb":{"@id":"https:\/\/sites.uef.fi\/vaikuttavuuden-talo\/promeq-inclusive-promotion-of-health-and-wellbeing\/?lang=en#breadcrumb"},"inLanguage":"fi","potentialAction":[{"@type":"ReadAction","target":["https:\/\/sites.uef.fi\/vaikuttavuuden-talo\/promeq-inclusive-promotion-of-health-and-wellbeing\/?lang=en"]}]},{"@type":"BreadcrumbList","@id":"https:\/\/sites.uef.fi\/vaikuttavuuden-talo\/promeq-inclusive-promotion-of-health-and-wellbeing\/?lang=en#breadcrumb","itemListElement":[{"@type":"ListItem","position":1,"name":"Home","item":"https:\/\/sites.uef.fi\/vaikuttavuuden-talo\/"},{"@type":"ListItem","position":2,"name":"PROMEQ 2016\u20132019"}]},{"@type":"WebSite","@id":"https:\/\/sites.uef.fi\/vaikuttavuuden-talo\/#website","url":"https:\/\/sites.uef.fi\/vaikuttavuuden-talo\/","name":"Vaikuttavuuden talo","description":"","potentialAction":[{"@type":"SearchAction","target":{"@type":"EntryPoint","urlTemplate":"https:\/\/sites.uef.fi\/vaikuttavuuden-talo\/?s={search_term_string}"},"query-input":{"@type":"PropertyValueSpecification","valueRequired":true,"valueName":"search_term_string"}}],"inLanguage":"fi"}]}},"_links":{"self":[{"href":"https:\/\/sites.uef.fi\/vaikuttavuuden-talo\/wp-json\/wp\/v2\/pages\/1852","targetHints":{"allow":["GET"]}}],"collection":[{"href":"https:\/\/sites.uef.fi\/vaikuttavuuden-talo\/wp-json\/wp\/v2\/pages"}],"about":[{"href":"https:\/\/sites.uef.fi\/vaikuttavuuden-talo\/wp-json\/wp\/v2\/types\/page"}],"author":[{"embeddable":true,"href":"https:\/\/sites.uef.fi\/vaikuttavuuden-talo\/wp-json\/wp\/v2\/users\/44"}],"replies":[{"embeddable":true,"href":"https:\/\/sites.uef.fi\/vaikuttavuuden-talo\/wp-json\/wp\/v2\/comments?post=1852"}],"version-history":[{"count":2,"href":"https:\/\/sites.uef.fi\/vaikuttavuuden-talo\/wp-json\/wp\/v2\/pages\/1852\/revisions"}],"predecessor-version":[{"id":1864,"href":"https:\/\/sites.uef.fi\/vaikuttavuuden-talo\/wp-json\/wp\/v2\/pages\/1852\/revisions\/1864"}],"wp:attachment":[{"href":"https:\/\/sites.uef.fi\/vaikuttavuuden-talo\/wp-json\/wp\/v2\/media?parent=1852"}],"curies":[{"name":"wp","href":"https:\/\/api.w.org\/{rel}","templated":true}]}}