{"id":198,"date":"2020-04-30T09:54:47","date_gmt":"2020-04-30T07:54:47","guid":{"rendered":"https:\/\/sites.uef.fi\/vaikuttavuuden-talo\/?page_id=198"},"modified":"2023-06-20T14:43:22","modified_gmt":"2023-06-20T12:43:22","slug":"abstraktihaku","status":"publish","type":"page","link":"https:\/\/sites.uef.fi\/vaikuttavuuden-talo\/abstraktihaku\/","title":{"rendered":"Abstraktihaku 2023"},"content":{"rendered":"\n<h2 class=\"wp-block-heading\">Ehdota esityst\u00e4 vaikuttavuuden tutkimuksen p\u00e4iville<\/h2>\n\n\n\n<p>Etsimme tutkimusp\u00e4ivillemme 10 minuutin mittaisia suullisia esityksi\u00e4 sek\u00e4 postereita vaikuttavuuteen liittyvist\u00e4 aiheista. Esitykset voivat pohjautua meneill\u00e4\u00e4n olevaan tai tuoreeseen tutkimukseen. Toivotamme tervetulleiksi niin laadullisia, m\u00e4\u00e4r\u00e4llisi\u00e4 kuin teoreettisiakin sek\u00e4 menetelm\u00e4llisi\u00e4 avauksia vaikuttavuuteen liittyen. My\u00f6s esitykset liittyen kokeellisiin ja interventiotutkimuksiin ovat tervetulleita. Kokonaisten temaattisten sessioiden (mukaan lukien ty\u00f6pajat) ehdottaminen on my\u00f6s mahdollista.<\/p>\n\n\n\n<p>Esitysehdotus tulee osoittaa johonkin seuraavista temaattisista sessioista:&nbsp;<\/p>\n\n\n\n<ol class=\"wp-block-list\">\n<li>Hoidon ja terveyspalveluiden vaikuttavuus\u200b&nbsp;<\/li>\n\n\n\n<li>Implementointitutkimus&nbsp;<\/li>\n\n\n\n<li>Menetelm\u00e4t ja asetelmat\u200b vaikuttavuustutkimuksessa&nbsp;<\/li>\n\n\n\n<li>N\u00e4ytt\u00f6\u00f6n perustuva toiminta ja suositukset&nbsp;&nbsp;<\/li>\n\n\n\n<li>P\u00e4\u00e4t\u00f6ksenteon ja lains\u00e4\u00e4d\u00e4nn\u00f6n vaikuttavuus\u200b\u200b&nbsp;<\/li>\n\n\n\n<li>Sosiaalinen ja taloudellinen kest\u00e4vyys&nbsp;<\/li>\n\n\n\n<li>Sosiaality\u00f6n ja sosiaalipalveluiden vaikuttavuus\u200b&nbsp;<\/li>\n\n\n\n<li>Vaikuttavuus hyvinvoinnin ja terveyden edist\u00e4misess\u00e4\u200b&nbsp;<\/li>\n\n\n\n<li>Oma sessioehdotus&nbsp;<\/li>\n<\/ol>\n\n\n\n<h2 class=\"wp-block-heading\">Abstraktit<\/h2>\n\n\n\n<p>Pituudeltaan 300 sanan mittaisten abstraktien tulee sis\u00e4lt\u00e4\u00e4 kuvaus tutkimuksen tarkoituksesta, tutkimuskysymyksist\u00e4 \/ hypoteeseista, aineistosta ja menetelmist\u00e4 sek\u00e4 tutkimuksen tuloksista ett\u00e4 (alustavista) johtop\u00e4\u00e4t\u00f6ksist\u00e4. Abstraktin voi j\u00e4tt\u00e4\u00e4 joko suomen tai englannin kielell\u00e4. Abstraktia j\u00e4tt\u00e4ess\u00e4 kysyt\u00e4\u00e4n suullisen esityksen esityskielest\u00e4. Mahdollisuuksien mukaan j\u00e4rjest\u00e4mme englanninkielisi\u00e4 sessioita.<\/p>\n\n\n\n<p>Kokonaista temaattista sessiota ehdotettaessa tulee j\u00e4tt\u00e4\u00e4 abstrakti, joka kuvaa session taustan ja tavoitteet sek\u00e4 siihen kuuluvat esitykset sek\u00e4 niiden esitt\u00e4j\u00e4t. Lis\u00e4ksi jokaisesta sessioon kuuluvasta esityksest\u00e4 tulee esitt\u00e4j\u00e4n j\u00e4tt\u00e4\u00e4 oma erillinen abstrakti.<\/p>\n\n\n\n<p>Pyyd\u00e4mme l\u00e4hett\u00e4m\u00e4\u00e4n enint\u00e4\u00e4n 300 sanan mittaiset abstraktit viimeist\u00e4\u00e4n 2.6.2023 &#8211; <a href=\"https:\/\/registration.contio.fi\/uef\/Registration\/Login?id=6134-T_6134-7136\" data-type=\"URL\" data-id=\"https:\/\/registration.contio.fi\/uef\/Registration\/Login?id=6134-T_6134-7136\">t\u00e4ll\u00e4 ilmoittautumislomakkeella<\/a>. <\/p>\n\n\n\n<p>Ohjeet esitysten ja postereiden valmisteluun l\u00f6yd\u00e4t <a href=\"https:\/\/sites.uef.fi\/vaikuttavuuden-talo\/ohjeet-esitysten-ja-postereiden-valmisteluun\/\" data-type=\"URL\" data-id=\"https:\/\/sites.uef.fi\/vaikuttavuuden-talo\/ohjeet-esitysten-ja-postereiden-valmisteluun\/\">t\u00e4\u00e4lt\u00e4<\/a>.<\/p>\n\n\n\n<h2 class=\"wp-block-heading\">Aikataulu<\/h2>\n\n\n\n<ul class=\"wp-block-list\">\n<li>Abstraktien j\u00e4tt\u00f6 aukeaa: 1.5.2023<\/li>\n\n\n\n<li>Abstraktien viimeinen j\u00e4tt\u00f6p\u00e4iv\u00e4: 2.6.2023<\/li>\n\n\n\n<li>Ilmoittautuminen aukeaa: 1.6.2023<\/li>\n\n\n\n<li>Abstraktien hyv\u00e4ksynt\u00e4ilmoitukset: 19.6.2023 alkaen<\/li>\n\n\n\n<li>P\u00e4ivien ilmoittautuminen sulkeutuu: 17.9.2023<\/li>\n<\/ul>\n\n\n\n<p><\/p>\n","protected":false},"excerpt":{"rendered":"<p>Ehdota esityst\u00e4 vaikuttavuuden tutkimuksen p\u00e4iville Etsimme tutkimusp\u00e4ivillemme 10 minuutin mittaisia suullisia esityksi\u00e4 sek\u00e4 postereita vaikuttavuuteen liittyvist\u00e4 aiheista. Esitykset voivat pohjautua meneill\u00e4\u00e4n olevaan tai tuoreeseen tutkimukseen. Toivotamme tervetulleiksi niin laadullisia, m\u00e4\u00e4r\u00e4llisi\u00e4 kuin teoreettisiakin sek\u00e4 menetelm\u00e4llisi\u00e4 avauksia vaikuttavuuteen liittyen. My\u00f6s esitykset liittyen kokeellisiin ja interventiotutkimuksiin ovat tervetulleita. Kokonaisten temaattisten sessioiden (mukaan lukien ty\u00f6pajat) ehdottaminen on my\u00f6s mahdollista. [&hellip;]<\/p>\n","protected":false},"author":44,"featured_media":0,"parent":0,"menu_order":0,"comment_status":"closed","ping_status":"closed","template":"","meta":{"_acf_changed":false,"_monsterinsights_skip_tracking":false,"_monsterinsights_sitenote_active":false,"_monsterinsights_sitenote_note":"","_monsterinsights_sitenote_category":0,"footnotes":""},"class_list":["post-198","page","type-page","status-publish","hentry"],"acf":[],"yoast_head":"<!-- This site is optimized with the Yoast SEO plugin v27.1.1 - https:\/\/yoast.com\/product\/yoast-seo-wordpress\/ -->\n<title>Abstraktihaku 2023 - Vaikuttavuuden talo<\/title>\n<meta name=\"robots\" content=\"index, follow, max-snippet:-1, max-image-preview:large, max-video-preview:-1\" \/>\n<link rel=\"canonical\" href=\"https:\/\/sites.uef.fi\/vaikuttavuuden-talo\/abstraktihaku\/\" \/>\n<meta property=\"og:locale\" content=\"fi_FI\" \/>\n<meta property=\"og:type\" content=\"article\" \/>\n<meta property=\"og:title\" content=\"Abstraktihaku 2023 - Vaikuttavuuden talo\" \/>\n<meta property=\"og:description\" content=\"Ehdota esityst\u00e4 vaikuttavuuden tutkimuksen p\u00e4iville Etsimme tutkimusp\u00e4ivillemme 10 minuutin mittaisia suullisia esityksi\u00e4 sek\u00e4 postereita vaikuttavuuteen liittyvist\u00e4 aiheista. Esitykset voivat pohjautua meneill\u00e4\u00e4n olevaan tai tuoreeseen tutkimukseen. Toivotamme tervetulleiksi niin laadullisia, m\u00e4\u00e4r\u00e4llisi\u00e4 kuin teoreettisiakin sek\u00e4 menetelm\u00e4llisi\u00e4 avauksia vaikuttavuuteen liittyen. My\u00f6s esitykset liittyen kokeellisiin ja interventiotutkimuksiin ovat tervetulleita. Kokonaisten temaattisten sessioiden (mukaan lukien ty\u00f6pajat) ehdottaminen on my\u00f6s mahdollista. [&hellip;]\" \/>\n<meta property=\"og:url\" content=\"https:\/\/sites.uef.fi\/vaikuttavuuden-talo\/abstraktihaku\/\" \/>\n<meta property=\"og:site_name\" content=\"Vaikuttavuuden talo\" \/>\n<meta property=\"article:modified_time\" content=\"2023-06-20T12:43:22+00:00\" \/>\n<meta name=\"twitter:card\" content=\"summary_large_image\" \/>\n<script type=\"application\/ld+json\" class=\"yoast-schema-graph\">{\"@context\":\"https:\/\/schema.org\",\"@graph\":[{\"@type\":\"WebPage\",\"@id\":\"https:\/\/sites.uef.fi\/vaikuttavuuden-talo\/abstraktihaku\/\",\"url\":\"https:\/\/sites.uef.fi\/vaikuttavuuden-talo\/abstraktihaku\/\",\"name\":\"Abstraktihaku 2023 - Vaikuttavuuden talo\",\"isPartOf\":{\"@id\":\"https:\/\/sites.uef.fi\/vaikuttavuuden-talo\/#website\"},\"datePublished\":\"2020-04-30T07:54:47+00:00\",\"dateModified\":\"2023-06-20T12:43:22+00:00\",\"breadcrumb\":{\"@id\":\"https:\/\/sites.uef.fi\/vaikuttavuuden-talo\/abstraktihaku\/#breadcrumb\"},\"inLanguage\":\"fi\",\"potentialAction\":[{\"@type\":\"ReadAction\",\"target\":[\"https:\/\/sites.uef.fi\/vaikuttavuuden-talo\/abstraktihaku\/\"]}]},{\"@type\":\"BreadcrumbList\",\"@id\":\"https:\/\/sites.uef.fi\/vaikuttavuuden-talo\/abstraktihaku\/#breadcrumb\",\"itemListElement\":[{\"@type\":\"ListItem\",\"position\":1,\"name\":\"Home\",\"item\":\"https:\/\/sites.uef.fi\/vaikuttavuuden-talo\/\"},{\"@type\":\"ListItem\",\"position\":2,\"name\":\"Abstraktihaku 2023\"}]},{\"@type\":\"WebSite\",\"@id\":\"https:\/\/sites.uef.fi\/vaikuttavuuden-talo\/#website\",\"url\":\"https:\/\/sites.uef.fi\/vaikuttavuuden-talo\/\",\"name\":\"Vaikuttavuuden talo\",\"description\":\"\",\"potentialAction\":[{\"@type\":\"SearchAction\",\"target\":{\"@type\":\"EntryPoint\",\"urlTemplate\":\"https:\/\/sites.uef.fi\/vaikuttavuuden-talo\/?s={search_term_string}\"},\"query-input\":{\"@type\":\"PropertyValueSpecification\",\"valueRequired\":true,\"valueName\":\"search_term_string\"}}],\"inLanguage\":\"fi\"}]}<\/script>\n<!-- \/ Yoast SEO plugin. -->","yoast_head_json":{"title":"Abstraktihaku 2023 - Vaikuttavuuden talo","robots":{"index":"index","follow":"follow","max-snippet":"max-snippet:-1","max-image-preview":"max-image-preview:large","max-video-preview":"max-video-preview:-1"},"canonical":"https:\/\/sites.uef.fi\/vaikuttavuuden-talo\/abstraktihaku\/","og_locale":"fi_FI","og_type":"article","og_title":"Abstraktihaku 2023 - Vaikuttavuuden talo","og_description":"Ehdota esityst\u00e4 vaikuttavuuden tutkimuksen p\u00e4iville Etsimme tutkimusp\u00e4ivillemme 10 minuutin mittaisia suullisia esityksi\u00e4 sek\u00e4 postereita vaikuttavuuteen liittyvist\u00e4 aiheista. Esitykset voivat pohjautua meneill\u00e4\u00e4n olevaan tai tuoreeseen tutkimukseen. Toivotamme tervetulleiksi niin laadullisia, m\u00e4\u00e4r\u00e4llisi\u00e4 kuin teoreettisiakin sek\u00e4 menetelm\u00e4llisi\u00e4 avauksia vaikuttavuuteen liittyen. My\u00f6s esitykset liittyen kokeellisiin ja interventiotutkimuksiin ovat tervetulleita. Kokonaisten temaattisten sessioiden (mukaan lukien ty\u00f6pajat) ehdottaminen on my\u00f6s mahdollista. [&hellip;]","og_url":"https:\/\/sites.uef.fi\/vaikuttavuuden-talo\/abstraktihaku\/","og_site_name":"Vaikuttavuuden talo","article_modified_time":"2023-06-20T12:43:22+00:00","twitter_card":"summary_large_image","schema":{"@context":"https:\/\/schema.org","@graph":[{"@type":"WebPage","@id":"https:\/\/sites.uef.fi\/vaikuttavuuden-talo\/abstraktihaku\/","url":"https:\/\/sites.uef.fi\/vaikuttavuuden-talo\/abstraktihaku\/","name":"Abstraktihaku 2023 - Vaikuttavuuden talo","isPartOf":{"@id":"https:\/\/sites.uef.fi\/vaikuttavuuden-talo\/#website"},"datePublished":"2020-04-30T07:54:47+00:00","dateModified":"2023-06-20T12:43:22+00:00","breadcrumb":{"@id":"https:\/\/sites.uef.fi\/vaikuttavuuden-talo\/abstraktihaku\/#breadcrumb"},"inLanguage":"fi","potentialAction":[{"@type":"ReadAction","target":["https:\/\/sites.uef.fi\/vaikuttavuuden-talo\/abstraktihaku\/"]}]},{"@type":"BreadcrumbList","@id":"https:\/\/sites.uef.fi\/vaikuttavuuden-talo\/abstraktihaku\/#breadcrumb","itemListElement":[{"@type":"ListItem","position":1,"name":"Home","item":"https:\/\/sites.uef.fi\/vaikuttavuuden-talo\/"},{"@type":"ListItem","position":2,"name":"Abstraktihaku 2023"}]},{"@type":"WebSite","@id":"https:\/\/sites.uef.fi\/vaikuttavuuden-talo\/#website","url":"https:\/\/sites.uef.fi\/vaikuttavuuden-talo\/","name":"Vaikuttavuuden talo","description":"","potentialAction":[{"@type":"SearchAction","target":{"@type":"EntryPoint","urlTemplate":"https:\/\/sites.uef.fi\/vaikuttavuuden-talo\/?s={search_term_string}"},"query-input":{"@type":"PropertyValueSpecification","valueRequired":true,"valueName":"search_term_string"}}],"inLanguage":"fi"}]}},"_links":{"self":[{"href":"https:\/\/sites.uef.fi\/vaikuttavuuden-talo\/wp-json\/wp\/v2\/pages\/198","targetHints":{"allow":["GET"]}}],"collection":[{"href":"https:\/\/sites.uef.fi\/vaikuttavuuden-talo\/wp-json\/wp\/v2\/pages"}],"about":[{"href":"https:\/\/sites.uef.fi\/vaikuttavuuden-talo\/wp-json\/wp\/v2\/types\/page"}],"author":[{"embeddable":true,"href":"https:\/\/sites.uef.fi\/vaikuttavuuden-talo\/wp-json\/wp\/v2\/users\/44"}],"replies":[{"embeddable":true,"href":"https:\/\/sites.uef.fi\/vaikuttavuuden-talo\/wp-json\/wp\/v2\/comments?post=198"}],"version-history":[{"count":2,"href":"https:\/\/sites.uef.fi\/vaikuttavuuden-talo\/wp-json\/wp\/v2\/pages\/198\/revisions"}],"predecessor-version":[{"id":7565,"href":"https:\/\/sites.uef.fi\/vaikuttavuuden-talo\/wp-json\/wp\/v2\/pages\/198\/revisions\/7565"}],"wp:attachment":[{"href":"https:\/\/sites.uef.fi\/vaikuttavuuden-talo\/wp-json\/wp\/v2\/media?parent=198"}],"curies":[{"name":"wp","href":"https:\/\/api.w.org\/{rel}","templated":true}]}}