{"id":2037,"date":"2020-10-05T14:56:09","date_gmt":"2020-10-05T12:56:09","guid":{"rendered":"https:\/\/sites.uef.fi\/vaikuttavuuden-talo\/?page_id=2037"},"modified":"2020-10-05T14:56:09","modified_gmt":"2020-10-05T12:56:09","slug":"hyva-tietojohtaminen-lisaa-hyvinvointia","status":"publish","type":"page","link":"https:\/\/sites.uef.fi\/vaikuttavuuden-talo\/hyva-tietojohtaminen-lisaa-hyvinvointia\/","title":{"rendered":"Hyv\u00e4 tietojohtaminen lis\u00e4\u00e4 hyvinvointia"},"content":{"rendered":"\n<h1 class=\"wp-block-heading\">Hyv\u00e4 tietojohtaminen lis\u00e4\u00e4 hyvinvointia<\/h1>\n\n\n\n<p>Tietojohtamisen kunnianhimon tasoa on sosiaali- ja terveysjohtamisessa nostettava ja sen tavoitteeksi on asetettava hyvinvoinnin luominen ja lis\u00e4\u00e4minen, sanoo sosiaali- ja terveyshallintotieteen professori <strong>Harri Laihonen<\/strong> It\u00e4-Suomen yliopistosta. Turhan usein tietojohtaminen tai tiedolla johtaminen kuitenkin supistuu ainoastaan tuottavuus- ja tehostamiskeskusteluksi.<\/p>\n\n\n\n<p>\u2013 Hallitusohjelman hengess\u00e4 pit\u00e4\u00e4 kysy\u00e4, mik\u00e4 on tietojohtamisen rooli sosiaalisesti, taloudellisesti ja ekologisesti kest\u00e4v\u00e4n yhteiskunnan rakentamisessa, vuoden 2020 Vaikuttavuuden tutkimuksen p\u00e4ivill\u00e4 puhuva Laihonen toteaa.<\/p>\n\n\n\n<p>Tietojohtamisessa ei ole kyse vain p\u00e4\u00e4t\u00f6ksenteon edellytt\u00e4m\u00e4n tiedon tuottamisesta, vaikka senk\u00e4\u00e4n merkityst\u00e4 ei Laihosen mukaan tule v\u00e4heksy\u00e4. Todellista vaikuttavuutta syntyy kuitenkin vasta, kun organisaatiot ja palveluj\u00e4rjestelm\u00e4 laajemmin alkaa hy\u00f6dynt\u00e4\u00e4 tietoa omassa toiminnassaan ja sen kehitt\u00e4misess\u00e4.<\/p>\n\n\n\n<p>Tietojohtamisen vaikutuksia havaitaan monella eri tasolla. Laihonen painottaa, ett\u00e4 kokonaisvaltainen vaikuttavuusajattelu kuitenkin puutuu keskustelusta l\u00e4hes kokonaan.<\/p>\n\n\n\n<p>\u2013 Kehitt\u00e4misty\u00f6t\u00e4 tehd\u00e4\u00e4n usein siiloissa ja laput silmill\u00e4. Lis\u00e4ksi tyydymme liian usein ajatukseen, ett\u00e4 kaikki tietojohtamisen saralla tehdyt toimenpiteet ovat hyv\u00e4st\u00e4. Kustannuksia tai ei-toivottuja vaikutuksia ei ole juuri tarkasteltu.<\/p>\n\n\n\n<p>Tietojohtamisen vaikuttavuuden monitasoista analysointia ja tutkimusta tarvitaankin Laihosen mukaan ehdottomasti lis\u00e4\u00e4, jotta ymm\u00e4rrys tietojohtamisen vaikuttavuudesta syvenee.<\/p>\n","protected":false},"excerpt":{"rendered":"<p>Hyv\u00e4 tietojohtaminen lis\u00e4\u00e4 hyvinvointia Tietojohtamisen kunnianhimon tasoa on sosiaali- ja terveysjohtamisessa nostettava ja sen tavoitteeksi on asetettava hyvinvoinnin luominen ja lis\u00e4\u00e4minen, sanoo sosiaali- ja terveyshallintotieteen professori Harri Laihonen It\u00e4-Suomen yliopistosta. Turhan usein tietojohtaminen tai tiedolla johtaminen kuitenkin supistuu ainoastaan tuottavuus- ja tehostamiskeskusteluksi. \u2013 Hallitusohjelman hengess\u00e4 pit\u00e4\u00e4 kysy\u00e4, mik\u00e4 on tietojohtamisen rooli sosiaalisesti, taloudellisesti ja ekologisesti [&hellip;]<\/p>\n","protected":false},"author":44,"featured_media":0,"parent":0,"menu_order":0,"comment_status":"closed","ping_status":"closed","template":"","meta":{"_acf_changed":false,"_monsterinsights_skip_tracking":false,"_monsterinsights_sitenote_active":false,"_monsterinsights_sitenote_note":"","_monsterinsights_sitenote_category":0,"footnotes":""},"class_list":["post-2037","page","type-page","status-publish","hentry"],"acf":[],"yoast_head":"<!-- This site is optimized with the Yoast SEO plugin v27.1.1 - https:\/\/yoast.com\/product\/yoast-seo-wordpress\/ -->\n<title>Hyv\u00e4 tietojohtaminen lis\u00e4\u00e4 hyvinvointia - Vaikuttavuuden talo<\/title>\n<meta name=\"robots\" content=\"index, follow, max-snippet:-1, max-image-preview:large, max-video-preview:-1\" \/>\n<link rel=\"canonical\" href=\"https:\/\/sites.uef.fi\/vaikuttavuuden-talo\/hyva-tietojohtaminen-lisaa-hyvinvointia\/\" \/>\n<meta property=\"og:locale\" content=\"fi_FI\" \/>\n<meta property=\"og:type\" content=\"article\" \/>\n<meta property=\"og:title\" content=\"Hyv\u00e4 tietojohtaminen lis\u00e4\u00e4 hyvinvointia - Vaikuttavuuden talo\" \/>\n<meta property=\"og:description\" content=\"Hyv\u00e4 tietojohtaminen lis\u00e4\u00e4 hyvinvointia Tietojohtamisen kunnianhimon tasoa on sosiaali- ja terveysjohtamisessa nostettava ja sen tavoitteeksi on asetettava hyvinvoinnin luominen ja lis\u00e4\u00e4minen, sanoo sosiaali- ja terveyshallintotieteen professori Harri Laihonen It\u00e4-Suomen yliopistosta. Turhan usein tietojohtaminen tai tiedolla johtaminen kuitenkin supistuu ainoastaan tuottavuus- ja tehostamiskeskusteluksi. \u2013 Hallitusohjelman hengess\u00e4 pit\u00e4\u00e4 kysy\u00e4, mik\u00e4 on tietojohtamisen rooli sosiaalisesti, taloudellisesti ja ekologisesti [&hellip;]\" \/>\n<meta property=\"og:url\" content=\"https:\/\/sites.uef.fi\/vaikuttavuuden-talo\/hyva-tietojohtaminen-lisaa-hyvinvointia\/\" \/>\n<meta property=\"og:site_name\" content=\"Vaikuttavuuden talo\" \/>\n<meta name=\"twitter:card\" content=\"summary_large_image\" \/>\n<meta name=\"twitter:label1\" content=\"Arvioitu lukuaika\" \/>\n\t<meta name=\"twitter:data1\" content=\"1 minuutti\" \/>\n<script type=\"application\/ld+json\" class=\"yoast-schema-graph\">{\"@context\":\"https:\/\/schema.org\",\"@graph\":[{\"@type\":\"WebPage\",\"@id\":\"https:\/\/sites.uef.fi\/vaikuttavuuden-talo\/hyva-tietojohtaminen-lisaa-hyvinvointia\/\",\"url\":\"https:\/\/sites.uef.fi\/vaikuttavuuden-talo\/hyva-tietojohtaminen-lisaa-hyvinvointia\/\",\"name\":\"Hyv\u00e4 tietojohtaminen lis\u00e4\u00e4 hyvinvointia - Vaikuttavuuden talo\",\"isPartOf\":{\"@id\":\"https:\/\/sites.uef.fi\/vaikuttavuuden-talo\/#website\"},\"datePublished\":\"2020-10-05T12:56:09+00:00\",\"breadcrumb\":{\"@id\":\"https:\/\/sites.uef.fi\/vaikuttavuuden-talo\/hyva-tietojohtaminen-lisaa-hyvinvointia\/#breadcrumb\"},\"inLanguage\":\"fi\",\"potentialAction\":[{\"@type\":\"ReadAction\",\"target\":[\"https:\/\/sites.uef.fi\/vaikuttavuuden-talo\/hyva-tietojohtaminen-lisaa-hyvinvointia\/\"]}]},{\"@type\":\"BreadcrumbList\",\"@id\":\"https:\/\/sites.uef.fi\/vaikuttavuuden-talo\/hyva-tietojohtaminen-lisaa-hyvinvointia\/#breadcrumb\",\"itemListElement\":[{\"@type\":\"ListItem\",\"position\":1,\"name\":\"Home\",\"item\":\"https:\/\/sites.uef.fi\/vaikuttavuuden-talo\/\"},{\"@type\":\"ListItem\",\"position\":2,\"name\":\"Hyv\u00e4 tietojohtaminen lis\u00e4\u00e4 hyvinvointia\"}]},{\"@type\":\"WebSite\",\"@id\":\"https:\/\/sites.uef.fi\/vaikuttavuuden-talo\/#website\",\"url\":\"https:\/\/sites.uef.fi\/vaikuttavuuden-talo\/\",\"name\":\"Vaikuttavuuden talo\",\"description\":\"\",\"potentialAction\":[{\"@type\":\"SearchAction\",\"target\":{\"@type\":\"EntryPoint\",\"urlTemplate\":\"https:\/\/sites.uef.fi\/vaikuttavuuden-talo\/?s={search_term_string}\"},\"query-input\":{\"@type\":\"PropertyValueSpecification\",\"valueRequired\":true,\"valueName\":\"search_term_string\"}}],\"inLanguage\":\"fi\"}]}<\/script>\n<!-- \/ Yoast SEO plugin. -->","yoast_head_json":{"title":"Hyv\u00e4 tietojohtaminen lis\u00e4\u00e4 hyvinvointia - Vaikuttavuuden talo","robots":{"index":"index","follow":"follow","max-snippet":"max-snippet:-1","max-image-preview":"max-image-preview:large","max-video-preview":"max-video-preview:-1"},"canonical":"https:\/\/sites.uef.fi\/vaikuttavuuden-talo\/hyva-tietojohtaminen-lisaa-hyvinvointia\/","og_locale":"fi_FI","og_type":"article","og_title":"Hyv\u00e4 tietojohtaminen lis\u00e4\u00e4 hyvinvointia - Vaikuttavuuden talo","og_description":"Hyv\u00e4 tietojohtaminen lis\u00e4\u00e4 hyvinvointia Tietojohtamisen kunnianhimon tasoa on sosiaali- ja terveysjohtamisessa nostettava ja sen tavoitteeksi on asetettava hyvinvoinnin luominen ja lis\u00e4\u00e4minen, sanoo sosiaali- ja terveyshallintotieteen professori Harri Laihonen It\u00e4-Suomen yliopistosta. Turhan usein tietojohtaminen tai tiedolla johtaminen kuitenkin supistuu ainoastaan tuottavuus- ja tehostamiskeskusteluksi. \u2013 Hallitusohjelman hengess\u00e4 pit\u00e4\u00e4 kysy\u00e4, mik\u00e4 on tietojohtamisen rooli sosiaalisesti, taloudellisesti ja ekologisesti [&hellip;]","og_url":"https:\/\/sites.uef.fi\/vaikuttavuuden-talo\/hyva-tietojohtaminen-lisaa-hyvinvointia\/","og_site_name":"Vaikuttavuuden talo","twitter_card":"summary_large_image","twitter_misc":{"Arvioitu lukuaika":"1 minuutti"},"schema":{"@context":"https:\/\/schema.org","@graph":[{"@type":"WebPage","@id":"https:\/\/sites.uef.fi\/vaikuttavuuden-talo\/hyva-tietojohtaminen-lisaa-hyvinvointia\/","url":"https:\/\/sites.uef.fi\/vaikuttavuuden-talo\/hyva-tietojohtaminen-lisaa-hyvinvointia\/","name":"Hyv\u00e4 tietojohtaminen lis\u00e4\u00e4 hyvinvointia - Vaikuttavuuden talo","isPartOf":{"@id":"https:\/\/sites.uef.fi\/vaikuttavuuden-talo\/#website"},"datePublished":"2020-10-05T12:56:09+00:00","breadcrumb":{"@id":"https:\/\/sites.uef.fi\/vaikuttavuuden-talo\/hyva-tietojohtaminen-lisaa-hyvinvointia\/#breadcrumb"},"inLanguage":"fi","potentialAction":[{"@type":"ReadAction","target":["https:\/\/sites.uef.fi\/vaikuttavuuden-talo\/hyva-tietojohtaminen-lisaa-hyvinvointia\/"]}]},{"@type":"BreadcrumbList","@id":"https:\/\/sites.uef.fi\/vaikuttavuuden-talo\/hyva-tietojohtaminen-lisaa-hyvinvointia\/#breadcrumb","itemListElement":[{"@type":"ListItem","position":1,"name":"Home","item":"https:\/\/sites.uef.fi\/vaikuttavuuden-talo\/"},{"@type":"ListItem","position":2,"name":"Hyv\u00e4 tietojohtaminen lis\u00e4\u00e4 hyvinvointia"}]},{"@type":"WebSite","@id":"https:\/\/sites.uef.fi\/vaikuttavuuden-talo\/#website","url":"https:\/\/sites.uef.fi\/vaikuttavuuden-talo\/","name":"Vaikuttavuuden talo","description":"","potentialAction":[{"@type":"SearchAction","target":{"@type":"EntryPoint","urlTemplate":"https:\/\/sites.uef.fi\/vaikuttavuuden-talo\/?s={search_term_string}"},"query-input":{"@type":"PropertyValueSpecification","valueRequired":true,"valueName":"search_term_string"}}],"inLanguage":"fi"}]}},"_links":{"self":[{"href":"https:\/\/sites.uef.fi\/vaikuttavuuden-talo\/wp-json\/wp\/v2\/pages\/2037","targetHints":{"allow":["GET"]}}],"collection":[{"href":"https:\/\/sites.uef.fi\/vaikuttavuuden-talo\/wp-json\/wp\/v2\/pages"}],"about":[{"href":"https:\/\/sites.uef.fi\/vaikuttavuuden-talo\/wp-json\/wp\/v2\/types\/page"}],"author":[{"embeddable":true,"href":"https:\/\/sites.uef.fi\/vaikuttavuuden-talo\/wp-json\/wp\/v2\/users\/44"}],"replies":[{"embeddable":true,"href":"https:\/\/sites.uef.fi\/vaikuttavuuden-talo\/wp-json\/wp\/v2\/comments?post=2037"}],"version-history":[{"count":1,"href":"https:\/\/sites.uef.fi\/vaikuttavuuden-talo\/wp-json\/wp\/v2\/pages\/2037\/revisions"}],"predecessor-version":[{"id":2040,"href":"https:\/\/sites.uef.fi\/vaikuttavuuden-talo\/wp-json\/wp\/v2\/pages\/2037\/revisions\/2040"}],"wp:attachment":[{"href":"https:\/\/sites.uef.fi\/vaikuttavuuden-talo\/wp-json\/wp\/v2\/media?parent=2037"}],"curies":[{"name":"wp","href":"https:\/\/api.w.org\/{rel}","templated":true}]}}