{"id":2201,"date":"2020-10-07T11:02:43","date_gmt":"2020-10-07T09:02:43","guid":{"rendered":"https:\/\/sites.uef.fi\/vaikuttavuuden-talo\/?page_id=2201"},"modified":"2020-10-07T11:06:59","modified_gmt":"2020-10-07T09:06:59","slug":"vaikuttavuus-ja-tuotokset-politiikkasuositukset","status":"publish","type":"page","link":"https:\/\/sites.uef.fi\/vaikuttavuuden-talo\/vaikuttavuus-ja-tuotokset-politiikkasuositukset\/","title":{"rendered":"Politiikkasuositukset"},"content":{"rendered":"\n<h1 class=\"wp-block-heading\">Politiikkasuositukset <\/h1>\n\n\n\n<h3 class=\"wp-block-heading\">PROMEQ politiikkasuositus 1<\/h3>\n\n\n\n<p>Mikko M\u00e4ntysaari ja Sami Ylist\u00f6: <a rel=\"noreferrer noopener\" href=\"https:\/\/studentuef.sharepoint.com\/:b:\/s\/www-documents\/EaHAKqlQZ0pFkxh_QB5TrxUBjqSQ9lz0IC0VeKpRARFvYA?e=uL4rhW\" target=\"_blank\">Pitk\u00e4aikaisty\u00f6tt\u00f6mien monialainen palveluohjaus on kustannusvaikuttavaa.<\/a><\/p>\n\n\n\n<h3 class=\"wp-block-heading\">PROMEQ politiikkasuositus 2<\/h3>\n\n\n\n<p>Kati N\u00e4rhi, Sari Rissanen, Elisa Tiilikainen, Sirpa Kannasoja ja Hanna Ristolainen: <a rel=\"noreferrer noopener\" href=\"https:\/\/studentuef.sharepoint.com\/:b:\/s\/www-documents\/ETIDc1N2RyRLoPo7o7dY9ukBVCgXxBZ26KwkXHptirahdw?e=aQIuk1\" target=\"_blank\">Ik\u00e4ihmisten yksin\u00e4isyytt\u00e4 voi v\u00e4hent\u00e4\u00e4 &#8211; palveluohjauksen k\u00e4yt\u00e4nt\u00f6j\u00e4 uudistettava<\/a>; <a rel=\"noreferrer noopener\" href=\"https:\/\/studentuef.sharepoint.com\/:b:\/s\/www-documents\/EV49i4j-fndNteNTZRjL8jkBOqSSdhdNRSt3qy4YOMMUmg?e=XUoCh1\" target=\"_blank\">Ik\u00e4ihmisille suunnattu osallistava ryhm\u00e4muotoinen palveluohjaus -pienoisesite<\/a>.<\/p>\n\n\n\n<h3 class=\"wp-block-heading\">PROMEQ politiikkasuositus 3<\/h3>\n\n\n\n<p>Sanna Aaltonen ja Antti Kivij\u00e4rvi: <a rel=\"noreferrer noopener\" href=\"https:\/\/studentuef.sharepoint.com\/:b:\/s\/www-documents\/EapzbVvrqghGmziI22vsA4UBODxm24xi5ZI5kyMTXSNj6A?e=ubJpzc\" target=\"_blank\">Digitaalisista nuorisopalveluista apua yksin\u00e4isyyteen<\/a>.<\/p>\n\n\n\n<h3 class=\"wp-block-heading\">PROMEQ politiikkasuositus 4<\/h3>\n\n\n\n<p>Marja Vaarama ja Tomi M\u00e4ki-Opas: <a rel=\"noreferrer noopener\" href=\"https:\/\/studentuef.sharepoint.com\/:b:\/s\/www-documents\/ERBnFZw7s_FBk4bS22OnFeQBJm3hJwuXekk804-DfYFzDQ?e=AWmKal\" target=\"_blank\">Hyvinvoinnin ja terveyden huono-osaisuus kaipaa kokonaistarkastelua ja korjaavia toimia<\/a>.<\/p>\n\n\n\n<h3 class=\"wp-block-heading\">PROMEQ politiikkasuositus 5<\/h3>\n\n\n\n<p>Antti Syv\u00e4j\u00e4rvi ja Jaana Leinonen: <a rel=\"noreferrer noopener\" href=\"https:\/\/studentuef.sharepoint.com\/:b:\/s\/www-documents\/EYTRrFGLs1tHgquIzgYHIqMBP8AyWiVGMpXmgfvXB9baew?e=n9iqVg\" target=\"_blank\">Hyvinvoinnin ja terveyden edist\u00e4misen strategiaty\u00f6 vaatimatonta &#8211; osallisuutta ja yhteisty\u00f6t\u00e4 vahvistettava<\/a>.<\/p>\n\n\n\n<h3 class=\"wp-block-heading\">PROMEQ politiikkasuositus 6<\/h3>\n\n\n\n<p>Janet Anand, Reeta Kankaanp\u00e4\u00e4 ja Csilla Veszteg: <a rel=\"noreferrer noopener\" href=\"https:\/\/studentuef.sharepoint.com\/:b:\/s\/www-documents\/EXfNzCG3Q8tFv45LvF5e_dABWr8kt24XpPS2ChGfV0xWaA?e=pReX5S\" target=\"_blank\">K\u00e4ytt\u00e4j\u00e4l\u00e4ht\u00f6isell\u00e4 palvelusuunnittelulla kohti parempaa kotoutumista<\/a>.<\/p>\n\n\n\n<h3 class=\"wp-block-heading\">PROMEQ politiikkasuositus 7<\/h3>\n\n\n\n<p>Pekka Rissanen, Jan Klavus ja Leena Forma: <a rel=\"noreferrer noopener\" href=\"https:\/\/studentuef.sharepoint.com\/:b:\/s\/www-documents\/ES0SJkO8DoRHlTjF1k1oxyQBZ-yg4qozRQMOQOZoRjlzzQ?e=MwMYP7\" target=\"_blank\">Haavoittuvassa asemassa olevien v\u00e4est\u00f6ryhmien hyvinvoinnin kohentamiseen on kustannusvaikuttavia keinoja<\/a>.<\/p>\n\n\n\n<h3 class=\"wp-block-heading\">PROMEQ politiikkasuositus 8<\/h3>\n\n\n\n<p>Pekka Martikainen, Tero Kuusi ja Tarmo Valkonen: <a rel=\"noreferrer noopener\" href=\"https:\/\/studentuef.sharepoint.com\/:b:\/s\/www-documents\/EWV9JFD-VQdLi29ifYJuc_0BYNE4jLJQnsKtKvqV74-uMQ?e=okZrj0\" target=\"_blank\">Terveys paranee vanhuusel\u00e4kkeelle siirrytt\u00e4ess\u00e4 &#8211; ent\u00e4 sitten?<\/a><\/p>\n\n\n\n<h3 class=\"wp-block-heading\">PROMEQ politiikkasuositus 9<\/h3>\n\n\n\n<p>Martti Kulvik, Sirpa Maijanen ja Tarmo Valkonen: <a rel=\"noreferrer noopener\" href=\"https:\/\/studentuef.sharepoint.com\/:b:\/s\/www-documents\/EdSWmiDo-3FIq3G2dBTGUeQBrxWjU7YWI-6XRi7hU-vkyQ?e=jKQRBc\" target=\"_blank\">Terveydenhuollossa kansallisten resurssien on tuettava paikallisia ratkaisuja<\/a>.<\/p>\n\n\n\n<h3 class=\"wp-block-heading\">PROMEQ politiikkasuositus 10<\/h3>\n\n\n\n<p>Tomi M\u00e4ki-Opas, Marja Vaarama, Tarmo Valkonen, Jaana Leinonen, Antti Syv\u00e4j\u00e4rvi ja muu PROMEQ-konsortio: <a rel=\"noreferrer noopener\" href=\"https:\/\/studentuef.sharepoint.com\/:b:\/s\/www-documents\/ET6Ti69M3XhFlcB3z1CIplsB1zdsQ4rssY8ckiMQz04xBA?e=vGuLyC\" target=\"_blank\">Ty\u00f6kalupakki vaikuttavaan hyvinvoinnin ja terveyden edist\u00e4miseen &#8211; Sosiaalinen laatu, el\u00e4m\u00e4nlaatu, vaikuttavuusindikaattorit, hyv\u00e4t k\u00e4yt\u00e4nn\u00f6t, osallistavat ty\u00f6menetelm\u00e4t ja kypsyysanalyysi<\/a>.<\/p>\n","protected":false},"excerpt":{"rendered":"<p>Politiikkasuositukset PROMEQ politiikkasuositus 1 Mikko M\u00e4ntysaari ja Sami Ylist\u00f6: Pitk\u00e4aikaisty\u00f6tt\u00f6mien monialainen palveluohjaus on kustannusvaikuttavaa. PROMEQ politiikkasuositus 2 Kati N\u00e4rhi, Sari Rissanen, Elisa Tiilikainen, Sirpa Kannasoja ja Hanna Ristolainen: Ik\u00e4ihmisten yksin\u00e4isyytt\u00e4 voi v\u00e4hent\u00e4\u00e4 &#8211; palveluohjauksen k\u00e4yt\u00e4nt\u00f6j\u00e4 uudistettava; Ik\u00e4ihmisille suunnattu osallistava ryhm\u00e4muotoinen palveluohjaus -pienoisesite. PROMEQ politiikkasuositus 3 Sanna Aaltonen ja Antti Kivij\u00e4rvi: Digitaalisista nuorisopalveluista apua yksin\u00e4isyyteen. PROMEQ [&hellip;]<\/p>\n","protected":false},"author":44,"featured_media":0,"parent":0,"menu_order":0,"comment_status":"closed","ping_status":"closed","template":"","meta":{"_acf_changed":false,"_monsterinsights_skip_tracking":false,"_monsterinsights_sitenote_active":false,"_monsterinsights_sitenote_note":"","_monsterinsights_sitenote_category":0,"footnotes":""},"class_list":["post-2201","page","type-page","status-publish","hentry"],"acf":[],"yoast_head":"<!-- This site is optimized with the Yoast SEO plugin v27.3 - https:\/\/yoast.com\/product\/yoast-seo-wordpress\/ -->\n<title>Politiikkasuositukset - Vaikuttavuuden talo<\/title>\n<meta name=\"robots\" content=\"index, follow, max-snippet:-1, max-image-preview:large, max-video-preview:-1\" \/>\n<link rel=\"canonical\" href=\"https:\/\/sites.uef.fi\/vaikuttavuuden-talo\/vaikuttavuus-ja-tuotokset-politiikkasuositukset\/\" \/>\n<meta property=\"og:locale\" content=\"fi_FI\" \/>\n<meta property=\"og:type\" content=\"article\" \/>\n<meta property=\"og:title\" content=\"Politiikkasuositukset - Vaikuttavuuden talo\" \/>\n<meta property=\"og:description\" content=\"Politiikkasuositukset PROMEQ politiikkasuositus 1 Mikko M\u00e4ntysaari ja Sami Ylist\u00f6: Pitk\u00e4aikaisty\u00f6tt\u00f6mien monialainen palveluohjaus on kustannusvaikuttavaa. PROMEQ politiikkasuositus 2 Kati N\u00e4rhi, Sari Rissanen, Elisa Tiilikainen, Sirpa Kannasoja ja Hanna Ristolainen: Ik\u00e4ihmisten yksin\u00e4isyytt\u00e4 voi v\u00e4hent\u00e4\u00e4 &#8211; palveluohjauksen k\u00e4yt\u00e4nt\u00f6j\u00e4 uudistettava; Ik\u00e4ihmisille suunnattu osallistava ryhm\u00e4muotoinen palveluohjaus -pienoisesite. PROMEQ politiikkasuositus 3 Sanna Aaltonen ja Antti Kivij\u00e4rvi: Digitaalisista nuorisopalveluista apua yksin\u00e4isyyteen. PROMEQ [&hellip;]\" \/>\n<meta property=\"og:url\" content=\"https:\/\/sites.uef.fi\/vaikuttavuuden-talo\/vaikuttavuus-ja-tuotokset-politiikkasuositukset\/\" \/>\n<meta property=\"og:site_name\" content=\"Vaikuttavuuden talo\" \/>\n<meta property=\"article:modified_time\" content=\"2020-10-07T09:06:59+00:00\" \/>\n<meta name=\"twitter:card\" content=\"summary_large_image\" \/>\n<meta name=\"twitter:label1\" content=\"Arvioitu lukuaika\" \/>\n\t<meta name=\"twitter:data1\" content=\"1 minuutti\" \/>\n<script type=\"application\/ld+json\" class=\"yoast-schema-graph\">{\"@context\":\"https:\\\/\\\/schema.org\",\"@graph\":[{\"@type\":\"WebPage\",\"@id\":\"https:\\\/\\\/sites.uef.fi\\\/vaikuttavuuden-talo\\\/vaikuttavuus-ja-tuotokset-politiikkasuositukset\\\/\",\"url\":\"https:\\\/\\\/sites.uef.fi\\\/vaikuttavuuden-talo\\\/vaikuttavuus-ja-tuotokset-politiikkasuositukset\\\/\",\"name\":\"Politiikkasuositukset - Vaikuttavuuden talo\",\"isPartOf\":{\"@id\":\"https:\\\/\\\/sites.uef.fi\\\/vaikuttavuuden-talo\\\/#website\"},\"datePublished\":\"2020-10-07T09:02:43+00:00\",\"dateModified\":\"2020-10-07T09:06:59+00:00\",\"breadcrumb\":{\"@id\":\"https:\\\/\\\/sites.uef.fi\\\/vaikuttavuuden-talo\\\/vaikuttavuus-ja-tuotokset-politiikkasuositukset\\\/#breadcrumb\"},\"inLanguage\":\"fi\",\"potentialAction\":[{\"@type\":\"ReadAction\",\"target\":[\"https:\\\/\\\/sites.uef.fi\\\/vaikuttavuuden-talo\\\/vaikuttavuus-ja-tuotokset-politiikkasuositukset\\\/\"]}]},{\"@type\":\"BreadcrumbList\",\"@id\":\"https:\\\/\\\/sites.uef.fi\\\/vaikuttavuuden-talo\\\/vaikuttavuus-ja-tuotokset-politiikkasuositukset\\\/#breadcrumb\",\"itemListElement\":[{\"@type\":\"ListItem\",\"position\":1,\"name\":\"Home\",\"item\":\"https:\\\/\\\/sites.uef.fi\\\/vaikuttavuuden-talo\\\/\"},{\"@type\":\"ListItem\",\"position\":2,\"name\":\"Politiikkasuositukset\"}]},{\"@type\":\"WebSite\",\"@id\":\"https:\\\/\\\/sites.uef.fi\\\/vaikuttavuuden-talo\\\/#website\",\"url\":\"https:\\\/\\\/sites.uef.fi\\\/vaikuttavuuden-talo\\\/\",\"name\":\"Vaikuttavuuden talo\",\"description\":\"\",\"potentialAction\":[{\"@type\":\"SearchAction\",\"target\":{\"@type\":\"EntryPoint\",\"urlTemplate\":\"https:\\\/\\\/sites.uef.fi\\\/vaikuttavuuden-talo\\\/?s={search_term_string}\"},\"query-input\":{\"@type\":\"PropertyValueSpecification\",\"valueRequired\":true,\"valueName\":\"search_term_string\"}}],\"inLanguage\":\"fi\"}]}<\/script>\n<!-- \/ Yoast SEO plugin. -->","yoast_head_json":{"title":"Politiikkasuositukset - Vaikuttavuuden talo","robots":{"index":"index","follow":"follow","max-snippet":"max-snippet:-1","max-image-preview":"max-image-preview:large","max-video-preview":"max-video-preview:-1"},"canonical":"https:\/\/sites.uef.fi\/vaikuttavuuden-talo\/vaikuttavuus-ja-tuotokset-politiikkasuositukset\/","og_locale":"fi_FI","og_type":"article","og_title":"Politiikkasuositukset - Vaikuttavuuden talo","og_description":"Politiikkasuositukset PROMEQ politiikkasuositus 1 Mikko M\u00e4ntysaari ja Sami Ylist\u00f6: Pitk\u00e4aikaisty\u00f6tt\u00f6mien monialainen palveluohjaus on kustannusvaikuttavaa. PROMEQ politiikkasuositus 2 Kati N\u00e4rhi, Sari Rissanen, Elisa Tiilikainen, Sirpa Kannasoja ja Hanna Ristolainen: Ik\u00e4ihmisten yksin\u00e4isyytt\u00e4 voi v\u00e4hent\u00e4\u00e4 &#8211; palveluohjauksen k\u00e4yt\u00e4nt\u00f6j\u00e4 uudistettava; Ik\u00e4ihmisille suunnattu osallistava ryhm\u00e4muotoinen palveluohjaus -pienoisesite. PROMEQ politiikkasuositus 3 Sanna Aaltonen ja Antti Kivij\u00e4rvi: Digitaalisista nuorisopalveluista apua yksin\u00e4isyyteen. PROMEQ [&hellip;]","og_url":"https:\/\/sites.uef.fi\/vaikuttavuuden-talo\/vaikuttavuus-ja-tuotokset-politiikkasuositukset\/","og_site_name":"Vaikuttavuuden talo","article_modified_time":"2020-10-07T09:06:59+00:00","twitter_card":"summary_large_image","twitter_misc":{"Arvioitu lukuaika":"1 minuutti"},"schema":{"@context":"https:\/\/schema.org","@graph":[{"@type":"WebPage","@id":"https:\/\/sites.uef.fi\/vaikuttavuuden-talo\/vaikuttavuus-ja-tuotokset-politiikkasuositukset\/","url":"https:\/\/sites.uef.fi\/vaikuttavuuden-talo\/vaikuttavuus-ja-tuotokset-politiikkasuositukset\/","name":"Politiikkasuositukset - Vaikuttavuuden talo","isPartOf":{"@id":"https:\/\/sites.uef.fi\/vaikuttavuuden-talo\/#website"},"datePublished":"2020-10-07T09:02:43+00:00","dateModified":"2020-10-07T09:06:59+00:00","breadcrumb":{"@id":"https:\/\/sites.uef.fi\/vaikuttavuuden-talo\/vaikuttavuus-ja-tuotokset-politiikkasuositukset\/#breadcrumb"},"inLanguage":"fi","potentialAction":[{"@type":"ReadAction","target":["https:\/\/sites.uef.fi\/vaikuttavuuden-talo\/vaikuttavuus-ja-tuotokset-politiikkasuositukset\/"]}]},{"@type":"BreadcrumbList","@id":"https:\/\/sites.uef.fi\/vaikuttavuuden-talo\/vaikuttavuus-ja-tuotokset-politiikkasuositukset\/#breadcrumb","itemListElement":[{"@type":"ListItem","position":1,"name":"Home","item":"https:\/\/sites.uef.fi\/vaikuttavuuden-talo\/"},{"@type":"ListItem","position":2,"name":"Politiikkasuositukset"}]},{"@type":"WebSite","@id":"https:\/\/sites.uef.fi\/vaikuttavuuden-talo\/#website","url":"https:\/\/sites.uef.fi\/vaikuttavuuden-talo\/","name":"Vaikuttavuuden talo","description":"","potentialAction":[{"@type":"SearchAction","target":{"@type":"EntryPoint","urlTemplate":"https:\/\/sites.uef.fi\/vaikuttavuuden-talo\/?s={search_term_string}"},"query-input":{"@type":"PropertyValueSpecification","valueRequired":true,"valueName":"search_term_string"}}],"inLanguage":"fi"}]}},"_links":{"self":[{"href":"https:\/\/sites.uef.fi\/vaikuttavuuden-talo\/wp-json\/wp\/v2\/pages\/2201","targetHints":{"allow":["GET"]}}],"collection":[{"href":"https:\/\/sites.uef.fi\/vaikuttavuuden-talo\/wp-json\/wp\/v2\/pages"}],"about":[{"href":"https:\/\/sites.uef.fi\/vaikuttavuuden-talo\/wp-json\/wp\/v2\/types\/page"}],"author":[{"embeddable":true,"href":"https:\/\/sites.uef.fi\/vaikuttavuuden-talo\/wp-json\/wp\/v2\/users\/44"}],"replies":[{"embeddable":true,"href":"https:\/\/sites.uef.fi\/vaikuttavuuden-talo\/wp-json\/wp\/v2\/comments?post=2201"}],"version-history":[{"count":3,"href":"https:\/\/sites.uef.fi\/vaikuttavuuden-talo\/wp-json\/wp\/v2\/pages\/2201\/revisions"}],"predecessor-version":[{"id":2258,"href":"https:\/\/sites.uef.fi\/vaikuttavuuden-talo\/wp-json\/wp\/v2\/pages\/2201\/revisions\/2258"}],"wp:attachment":[{"href":"https:\/\/sites.uef.fi\/vaikuttavuuden-talo\/wp-json\/wp\/v2\/media?parent=2201"}],"curies":[{"name":"wp","href":"https:\/\/api.w.org\/{rel}","templated":true}]}}