{"id":2780,"date":"2021-01-15T09:41:12","date_gmt":"2021-01-15T07:41:12","guid":{"rendered":"https:\/\/sites.uef.fi\/vaikuttavuuden-talo\/?page_id=2780"},"modified":"2025-03-03T11:00:33","modified_gmt":"2025-03-03T09:00:33","slug":"uutiskirje","status":"publish","type":"page","link":"https:\/\/sites.uef.fi\/vaikuttavuuden-talo\/uutiskirje\/","title":{"rendered":"Uutiskirje"},"content":{"rendered":"\n<p>Vaikuttavuuden talo julkaisee uutiskirjett\u00e4 3-4 kertaa vuodessa.<\/p>\n\n\n\n<p>Uutiskirje sis\u00e4lt\u00e4\u00e4 ajankohtaista tietoa vaikuttavuuden tutkimuksesta ja koulutuksesta, tulevista tapahtumista sek\u00e4 alan tutkijoiden esittelyit\u00e4.<\/p>\n\n\n\n<p><a href=\"https:\/\/web.uef.fi\/ueffi-ao0ti\/pages\/ipzvgnb1eeqoewanoiedlq.html?PageId=18d59c8af5d6ea11a813000d3a21032d\">Tilaa uutiskirje t\u00e4\u00e4lt\u00e4<\/a><\/p>\n\n\n\n<p><a href=\"https:\/\/sites.uef.fi\/vaikuttavuuden-talo\/etusivu\/uutiskirje\/\">Peruuta uutiskirje t\u00e4\u00e4lt\u00e4<\/a><\/p>\n","protected":false},"excerpt":{"rendered":"<p>Vaikuttavuuden talo julkaisee uutiskirjett\u00e4 3-4 kertaa vuodessa. Uutiskirje sis\u00e4lt\u00e4\u00e4 ajankohtaista tietoa vaikuttavuuden tutkimuksesta ja koulutuksesta, tulevista tapahtumista sek\u00e4 alan tutkijoiden esittelyit\u00e4. Tilaa uutiskirje t\u00e4\u00e4lt\u00e4 Peruuta uutiskirje t\u00e4\u00e4lt\u00e4<\/p>\n","protected":false},"author":39,"featured_media":0,"parent":0,"menu_order":0,"comment_status":"closed","ping_status":"closed","template":"","meta":{"_acf_changed":false,"_monsterinsights_skip_tracking":false,"_monsterinsights_sitenote_active":false,"_monsterinsights_sitenote_note":"","_monsterinsights_sitenote_category":0,"footnotes":""},"class_list":["post-2780","page","type-page","status-publish","hentry"],"acf":[],"yoast_head":"<!-- This site is optimized with the Yoast SEO plugin v27.1.1 - https:\/\/yoast.com\/product\/yoast-seo-wordpress\/ -->\n<title>Uutiskirje - Vaikuttavuuden talo<\/title>\n<meta name=\"robots\" content=\"index, follow, max-snippet:-1, max-image-preview:large, max-video-preview:-1\" \/>\n<link rel=\"canonical\" href=\"https:\/\/sites.uef.fi\/vaikuttavuuden-talo\/uutiskirje\/\" \/>\n<meta property=\"og:locale\" content=\"fi_FI\" \/>\n<meta property=\"og:type\" content=\"article\" \/>\n<meta property=\"og:title\" content=\"Uutiskirje - Vaikuttavuuden talo\" \/>\n<meta property=\"og:description\" content=\"Vaikuttavuuden talo julkaisee uutiskirjett\u00e4 3-4 kertaa vuodessa. Uutiskirje sis\u00e4lt\u00e4\u00e4 ajankohtaista tietoa vaikuttavuuden tutkimuksesta ja koulutuksesta, tulevista tapahtumista sek\u00e4 alan tutkijoiden esittelyit\u00e4. Tilaa uutiskirje t\u00e4\u00e4lt\u00e4 Peruuta uutiskirje t\u00e4\u00e4lt\u00e4\" \/>\n<meta property=\"og:url\" content=\"https:\/\/sites.uef.fi\/vaikuttavuuden-talo\/uutiskirje\/\" \/>\n<meta property=\"og:site_name\" content=\"Vaikuttavuuden talo\" \/>\n<meta property=\"article:modified_time\" content=\"2025-03-03T09:00:33+00:00\" \/>\n<meta name=\"twitter:card\" content=\"summary_large_image\" \/>\n<meta name=\"twitter:label1\" content=\"Arvioitu lukuaika\" \/>\n\t<meta name=\"twitter:data1\" content=\"1 minuutti\" \/>\n<script type=\"application\/ld+json\" class=\"yoast-schema-graph\">{\"@context\":\"https:\/\/schema.org\",\"@graph\":[{\"@type\":\"WebPage\",\"@id\":\"https:\/\/sites.uef.fi\/vaikuttavuuden-talo\/uutiskirje\/\",\"url\":\"https:\/\/sites.uef.fi\/vaikuttavuuden-talo\/uutiskirje\/\",\"name\":\"Uutiskirje - Vaikuttavuuden talo\",\"isPartOf\":{\"@id\":\"https:\/\/sites.uef.fi\/vaikuttavuuden-talo\/#website\"},\"datePublished\":\"2021-01-15T07:41:12+00:00\",\"dateModified\":\"2025-03-03T09:00:33+00:00\",\"breadcrumb\":{\"@id\":\"https:\/\/sites.uef.fi\/vaikuttavuuden-talo\/uutiskirje\/#breadcrumb\"},\"inLanguage\":\"fi\",\"potentialAction\":[{\"@type\":\"ReadAction\",\"target\":[\"https:\/\/sites.uef.fi\/vaikuttavuuden-talo\/uutiskirje\/\"]}]},{\"@type\":\"BreadcrumbList\",\"@id\":\"https:\/\/sites.uef.fi\/vaikuttavuuden-talo\/uutiskirje\/#breadcrumb\",\"itemListElement\":[{\"@type\":\"ListItem\",\"position\":1,\"name\":\"Home\",\"item\":\"https:\/\/sites.uef.fi\/vaikuttavuuden-talo\/\"},{\"@type\":\"ListItem\",\"position\":2,\"name\":\"Uutiskirje\"}]},{\"@type\":\"WebSite\",\"@id\":\"https:\/\/sites.uef.fi\/vaikuttavuuden-talo\/#website\",\"url\":\"https:\/\/sites.uef.fi\/vaikuttavuuden-talo\/\",\"name\":\"Vaikuttavuuden talo\",\"description\":\"\",\"potentialAction\":[{\"@type\":\"SearchAction\",\"target\":{\"@type\":\"EntryPoint\",\"urlTemplate\":\"https:\/\/sites.uef.fi\/vaikuttavuuden-talo\/?s={search_term_string}\"},\"query-input\":{\"@type\":\"PropertyValueSpecification\",\"valueRequired\":true,\"valueName\":\"search_term_string\"}}],\"inLanguage\":\"fi\"}]}<\/script>\n<!-- \/ Yoast SEO plugin. -->","yoast_head_json":{"title":"Uutiskirje - Vaikuttavuuden talo","robots":{"index":"index","follow":"follow","max-snippet":"max-snippet:-1","max-image-preview":"max-image-preview:large","max-video-preview":"max-video-preview:-1"},"canonical":"https:\/\/sites.uef.fi\/vaikuttavuuden-talo\/uutiskirje\/","og_locale":"fi_FI","og_type":"article","og_title":"Uutiskirje - Vaikuttavuuden talo","og_description":"Vaikuttavuuden talo julkaisee uutiskirjett\u00e4 3-4 kertaa vuodessa. Uutiskirje sis\u00e4lt\u00e4\u00e4 ajankohtaista tietoa vaikuttavuuden tutkimuksesta ja koulutuksesta, tulevista tapahtumista sek\u00e4 alan tutkijoiden esittelyit\u00e4. Tilaa uutiskirje t\u00e4\u00e4lt\u00e4 Peruuta uutiskirje t\u00e4\u00e4lt\u00e4","og_url":"https:\/\/sites.uef.fi\/vaikuttavuuden-talo\/uutiskirje\/","og_site_name":"Vaikuttavuuden talo","article_modified_time":"2025-03-03T09:00:33+00:00","twitter_card":"summary_large_image","twitter_misc":{"Arvioitu lukuaika":"1 minuutti"},"schema":{"@context":"https:\/\/schema.org","@graph":[{"@type":"WebPage","@id":"https:\/\/sites.uef.fi\/vaikuttavuuden-talo\/uutiskirje\/","url":"https:\/\/sites.uef.fi\/vaikuttavuuden-talo\/uutiskirje\/","name":"Uutiskirje - Vaikuttavuuden talo","isPartOf":{"@id":"https:\/\/sites.uef.fi\/vaikuttavuuden-talo\/#website"},"datePublished":"2021-01-15T07:41:12+00:00","dateModified":"2025-03-03T09:00:33+00:00","breadcrumb":{"@id":"https:\/\/sites.uef.fi\/vaikuttavuuden-talo\/uutiskirje\/#breadcrumb"},"inLanguage":"fi","potentialAction":[{"@type":"ReadAction","target":["https:\/\/sites.uef.fi\/vaikuttavuuden-talo\/uutiskirje\/"]}]},{"@type":"BreadcrumbList","@id":"https:\/\/sites.uef.fi\/vaikuttavuuden-talo\/uutiskirje\/#breadcrumb","itemListElement":[{"@type":"ListItem","position":1,"name":"Home","item":"https:\/\/sites.uef.fi\/vaikuttavuuden-talo\/"},{"@type":"ListItem","position":2,"name":"Uutiskirje"}]},{"@type":"WebSite","@id":"https:\/\/sites.uef.fi\/vaikuttavuuden-talo\/#website","url":"https:\/\/sites.uef.fi\/vaikuttavuuden-talo\/","name":"Vaikuttavuuden talo","description":"","potentialAction":[{"@type":"SearchAction","target":{"@type":"EntryPoint","urlTemplate":"https:\/\/sites.uef.fi\/vaikuttavuuden-talo\/?s={search_term_string}"},"query-input":{"@type":"PropertyValueSpecification","valueRequired":true,"valueName":"search_term_string"}}],"inLanguage":"fi"}]}},"_links":{"self":[{"href":"https:\/\/sites.uef.fi\/vaikuttavuuden-talo\/wp-json\/wp\/v2\/pages\/2780","targetHints":{"allow":["GET"]}}],"collection":[{"href":"https:\/\/sites.uef.fi\/vaikuttavuuden-talo\/wp-json\/wp\/v2\/pages"}],"about":[{"href":"https:\/\/sites.uef.fi\/vaikuttavuuden-talo\/wp-json\/wp\/v2\/types\/page"}],"author":[{"embeddable":true,"href":"https:\/\/sites.uef.fi\/vaikuttavuuden-talo\/wp-json\/wp\/v2\/users\/39"}],"replies":[{"embeddable":true,"href":"https:\/\/sites.uef.fi\/vaikuttavuuden-talo\/wp-json\/wp\/v2\/comments?post=2780"}],"version-history":[{"count":2,"href":"https:\/\/sites.uef.fi\/vaikuttavuuden-talo\/wp-json\/wp\/v2\/pages\/2780\/revisions"}],"predecessor-version":[{"id":11559,"href":"https:\/\/sites.uef.fi\/vaikuttavuuden-talo\/wp-json\/wp\/v2\/pages\/2780\/revisions\/11559"}],"wp:attachment":[{"href":"https:\/\/sites.uef.fi\/vaikuttavuuden-talo\/wp-json\/wp\/v2\/media?parent=2780"}],"curies":[{"name":"wp","href":"https:\/\/api.w.org\/{rel}","templated":true}]}}