{"id":2882,"date":"2021-02-10T14:52:42","date_gmt":"2021-02-10T12:52:42","guid":{"rendered":"https:\/\/sites.uef.fi\/vaikuttavuuden-talo\/?page_id=2882"},"modified":"2022-06-07T12:54:11","modified_gmt":"2022-06-07T10:54:11","slug":"ohjelma-2021","status":"publish","type":"page","link":"https:\/\/sites.uef.fi\/vaikuttavuuden-talo\/ohjelma-2021\/","title":{"rendered":"Ohjelma 2021"},"content":{"rendered":"\n<h1 class=\"wp-block-heading\">Vaikuttavuuden tutkimuksen p\u00e4ivien 2021 ohjelma<\/h1>\n\n\n\n<p>Tutkimusp\u00e4iv\u00e4t j\u00e4rjestet\u00e4\u00e4n verkossa Zoomin kautta. Ilmoittautuneille toimitetaan linkit ja ohjeet osallistumiseen. <\/p>\n\n\n\n<h2 class=\"wp-block-heading\">Tiistai 5.10.2021<\/h2>\n\n\n\n<div class=\"wp-block-columns is-layout-flex wp-container-core-columns-is-layout-9d6595d7 wp-block-columns-is-layout-flex\">\n<div class=\"wp-block-column is-layout-flow wp-block-column-is-layout-flow\" style=\"flex-basis:100%\">\n<p><strong>9.00 &#8211; 9.15<\/strong> Vaikuttavuuden tutkimuksen p\u00e4ivien avaaminen. Avajaispuheenvuoro Kuopion apulaiskaupunginjohtaja <strong>Jari Saarinen<\/strong>. <a href=\"https:\/\/uef.zoom.us\/j\/65550313077\">Linkki Zoomiin<\/a>.<\/p>\n\n\n\n<p><strong>9.15 &#8211; 10.15 PLENARY<\/strong> \u201cContributions of geographic information systems to spatial epidemiology\u201d, <strong>Dr. Eric Delmelle<\/strong>, associate professor, Department of Geography &amp; Earth Sciences, University of North Caroline at Charlotte, USA and University of Eastern Finland, Joensuu. <a href=\"https:\/\/uef.zoom.us\/j\/65550313077\">Linkki Zoomiin<\/a>.<\/p>\n\n\n\n<p><strong>10.30 &#8211; 12.00<\/strong> <strong>TEMAATTISET RINNAKKAISSESSIOT<\/strong><\/p>\n\n\n\n<p><a href=\"https:\/\/sites.uef.fi\/vaikuttavuuden-talo\/sessio-1-2021\/\">SESSIO 1 Hoidon ja terveyspalveluiden vaikuttavuus (osa 1)<\/a>, pj Emma Aarnio (UEF)<br><a href=\"https:\/\/uef.zoom.us\/j\/66169677372\">Linkki Zoomiin<\/a>.<\/p>\n\n\n\n<ul class=\"wp-block-list\"><li>Merkityksellisyystiedon tuottamisen vaiheet ja sen yhteys hoidon ja palvelujen vaikuttavuuteen, Virpi Jylh\u00e4<\/li><li>L\u00e4\u00e4k\u00e4rin preferenssit l\u00e4\u00e4kehoidon valinnassa, Hanna-Mari Jauhonen<\/li><li>Miten sairaalassa johdetaan tiedolla ja edistet\u00e4\u00e4n vaikuttavuutta? L\u00e4\u00e4k\u00e4rijohtajien ja tietoammattilaisten haastattelututkimuksen tuloksia, Milla Kajanne<\/li><\/ul>\n\n\n\n<p><a href=\"https:\/\/sites.uef.fi\/vaikuttavuuden-talo\/sessio-2-2021\/\">SESSIO 2 Register data in effectiveness research<\/a>, chair Reijo Sund (UEF)<br><a href=\"https:\/\/uef.zoom.us\/j\/66028047663\">Linkki Zoomiin<\/a>.<\/p>\n\n\n\n<ul class=\"wp-block-list\"><li>Impact of COVID-19 pandemic in health services of coronary heart disease and type 2 diabetes patients in North Karelia \u2013 Spatial approach, Teppo Repo<\/li><li>Prevalence of oral anticoagulant use among people with and without Alzheimer\u2019s disease, Barkat Babar<\/li><li>Statin discontinuation stratified by primary and secondary prevention in persons with and without Alzheimer\u2019s disease, Mai Vu<\/li><li>Disease-modifying anti-rheumatic drugs and risk of Parkinson\u2019s disease: nested case-control study of people with rheumatoid arthritis, Anne Paakinaho<\/li><\/ul>\n\n\n\n<p><a href=\"https:\/\/sites.uef.fi\/vaikuttavuuden-talo\/sessio-3-2021\/\">SESSIO 3 Sosiaality\u00f6n ja hyvinvointipalveluiden vaikuttavuus<\/a>, pj Hanna Ristolainen (UEF)<br><a href=\"https:\/\/uef.zoom.us\/j\/61708211030\">Linkki Zoomiin<\/a>.<\/p>\n\n\n\n<p>Keynote &#8221;Aikuissosiaality\u00f6n vaikutusten tunnistaminen \u2013 haasteet ja mahdollisuudet&#8221;, <strong>Aila-Leena Matthies<\/strong><\/p>\n\n\n\n<ul class=\"wp-block-list\"><li>Hyvinvoinnin ja toimintakyvyn mittaamisen implementointi kiinte\u00e4ksi osaksi erityist\u00e4 tukea tarvitsevien perheiden parissa teht\u00e4v\u00e4\u00e4 arjen ty\u00f6t\u00e4, Sari Laaksonen<\/li><li>Tukity\u00f6llistettyjen ja pitk\u00e4aikaisty\u00f6tt\u00f6mien sosiaali- ja terveyspalvelujen k\u00e4ytt\u00f6 2012\u20132016, kuntaesimerkki, Pia Hakam\u00e4ki<\/li><li>Vaikuttava tietojohtaminen &#8211; Vaikutusmekanismit sosiaali- ja terveyspalveluissa, Harri Laihonen ja Tuomas Hujala<\/li><\/ul>\n\n\n\n<p><a href=\"https:\/\/sites.uef.fi\/vaikuttavuuden-talo\/sessio-4-2021\/\">SESSIO 4 Kuntoutuksen vaikuttavuus (osa 1)<\/a>, pj Riitta Sepp\u00e4nen-J\u00e4rvel\u00e4 (Kelan tutkimusyksikk\u00f6)<br><a href=\"https:\/\/uef.zoom.us\/j\/65428437371\">Linkki Zoomiin<\/a>.<\/p>\n\n\n\n<ul class=\"wp-block-list\"><li>Kelan kuntoutuksen hy\u00f6dyn arviointi tuo esiin vaikutuksia ja kehitt\u00e4mistarpeita, Saija Karinkanta<\/li><li>Kelan kuntoutuksen saatavuuden alueelliset erot \u2013 millaisia asioita on alue-erojen taustalla? Sari Miettinen<\/li><li>Et\u00e4kuntoutuksen tutkimuksellinen kehitt\u00e4minen Kelassa, Tuija Heiskanen<\/li><li>Kela seuraa nuorten p\u00e4\u00e4sy\u00e4 ammatilliseen kuntoutukseen ja tutkii muutosten vaikutuksia, Karoliina Koskenvuo<\/li><li>Ty\u00f6tt\u00f6mien palveluiden k\u00e4yt\u00f6n yhteys ty\u00f6llistymiseen, Hanna Rinne<\/li><\/ul>\n\n\n\n<p><strong>12.00 &#8211; 13.00<\/strong> Lounastauko<\/p>\n\n\n\n<p><strong>13.00 &#8211; 14.30<\/strong> <strong>TEMAATTISET RINNAKKAISSESSIOT<\/strong><\/p>\n\n\n\n<p><a href=\"https:\/\/sites.uef.fi\/vaikuttavuuden-talo\/sessio-5-2021\/\">SESSIO 5 Vaikuttavuuden mittaaminen ja tutkimusasetelmat<\/a>, pj Tomi M\u00e4ki-Opas (UEF)<br><a href=\"https:\/\/uef.zoom.us\/j\/68354524445\">Linkki Zoomiin<\/a>.<\/p>\n\n\n\n<p>Keynote &#8221;Kohdentuvatko resurssit tehokkaasti vaikuttavuusperusteisella SOTEn johtamisella?&#8221;, <strong>Miika Linna<\/strong><\/p>\n\n\n\n<ul class=\"wp-block-list\"><li>Osallistuva tutkimuskumppanuus -mallilla vaikuttavaa tutkimusta ihmisten arkeen, Salla Sipari<\/li><li>Hyvinvoinnin, terveyden ja turvallisuuden edist\u00e4misen kustannusvaikuttavuuden arviointity\u00f6kalut, Marja Hult<\/li><li>Vaikuttavuuden arviointi kuntoutuspalveluiden kehitt\u00e4miseksi \u2013 PROMIS10-pilotointi, Marja \u00c4ij\u00f6<\/li><li>Effectiveness of digitally-supported lifestyle interventions on work productivity and activity impairment in adults with elevated type 2 diabetes risk \u2013 Results from the StopDia study, Atte Rahkonen<\/li><\/ul>\n\n\n\n<p><a href=\"https:\/\/sites.uef.fi\/vaikuttavuuden-talo\/sessio-6-2021\/\">SESSIO 6 Effectiveness of care and health services<\/a>, chair Emma Aarnio (UEF)<br><a href=\"https:\/\/uef.zoom.us\/j\/62325267583\">Linkki Zoomiin<\/a>.<\/p>\n\n\n\n<ul class=\"wp-block-list\"><li>Impact of the COVID-19 Pandemic on health service usage among patients with type 2 diabetes in North Karelia, Finland, Laura Inglin<\/li><li>Internet-based lifestyle intervention to prevent type 2 diabetes through healthy habits: secondary analysis of long-term user engagement trajectories of randomized controlled trial, Piia Lavikainen<\/li><li>New hypertension and quality of life, Aapo Tahkola<\/li><li>How are the benefits of a regional chronic care quality monitoring system generated? &#8211; Clinical professionals\u2019 perspective, Iiris H\u00f6rhammer<\/li><\/ul>\n\n\n\n<p><a href=\"https:\/\/sites.uef.fi\/vaikuttavuuden-talo\/sessio-7-2021\/\">SESSIO 7 Kuntoutuksen vaikuttavuus (osa 2)<\/a>, pj Saija Karinkanta (Kelan tutkimusyksikk\u00f6)<br><a href=\"https:\/\/uef.zoom.us\/j\/61543687742\">Linkki Zoomiin<\/a>.<\/p>\n\n\n\n<ul class=\"wp-block-list\"><li>Vaikuttavuustiedon k\u00e4ytt\u00f6\u00f6notto &#8211; implementaatiotutkimuksen viitekehys kuntoutuksessa, Riitta Sepp\u00e4nen-J\u00e4rvel\u00e4 ja Hennariikka Heinijoki<\/li><li>ICF-luokituksen yksil\u00f6tekij\u00f6iden huomiointi vahvistaa sitoutumista kuntoutukseen \u2013 kartoittava kirjallisuuskatsaus, Anu Kinnunen ja Sari Saukkonen<\/li><li>Pitk\u00e4aikaista kipua kokevien aikuisten kuntoutus &#8211; kartoittava kirjallisuuskatsaus, Anna-Marie Paavonen<\/li><li>Toimintaterapian vaikuttavuudesta kehitysvammaisten lasten ja nuorten arjen toimintaan osallistumiseen tarvitaan lis\u00e4\u00e4 tutkimusta \u2013 j\u00e4rjestelm\u00e4llinen kirjallisuuskatsaus, Maarit Karhula,<\/li><li>Kuntoutuksen rooli kehitysvammaisen lapsen ja nuoren vapaa-aikaan ja harrastustoimintaan osallistumisen mahdollistamisessa, Annastiina Vesterinen, Maarit Karhula ja Anu Kippola-P\u00e4\u00e4kk\u00f6nen<\/li><\/ul>\n\n\n\n<p><strong>14.30 &#8211; 15.00<\/strong> Kahvitauko &amp; posterisessio<\/p>\n\n\n\n<p><strong>15.00 &#8211; 16.00<\/strong> <strong>PLENARY<\/strong> \u201dSuomalaisen sote-j\u00e4rjestelm\u00e4n stressitesti \u2013 opit koronapandemian ensimm\u00e4isest\u00e4 vuodesta\u201d, dosentti <strong>Liina-Kaisa Tynkkynen<\/strong>, apulaisprofessori (tenure track), yhteiskuntatieteiden tiedekunta, Tampereen yliopisto.<br><a href=\"https:\/\/uef.zoom.us\/j\/65550313077\">Linkki Zoomiin<\/a>.<\/p>\n<\/div>\n<\/div>\n\n\n\n<hr class=\"wp-block-separator\" \/>\n\n\n\n<h2 class=\"wp-block-heading\">Keskiviikko 6.10.<\/h2>\n\n\n\n<p class=\"has-text-color\" style=\"color:#990000\"><strong>9.00 &#8211; 10.00 PLENARY<\/strong>, <strong>PERUTTU<\/strong> \u201dVaikuttava kriisiviestint\u00e4 ja kriisiresilienssi\u201d<br>kriisitutkija <strong>Maarit Pedak<\/strong>, VTT, KTM, Helsingin yliopisto <strong>Valitettavasti Maarit Pedakin puheenvuoro on peruuntunut!<\/strong><\/p>\n\n\n\n<p><strong>10.15 &#8211; 11.45<\/strong> <strong>TEMAATTISET RINNAKKAISESSIOT<\/strong><\/p>\n\n\n\n<p><a href=\"https:\/\/sites.uef.fi\/vaikuttavuuden-talo\/sessio-8-2021\/\">SESSIO 8 Asiakas- ja potilasturvallisuus<\/a>, pj Virpi Jylh\u00e4 (UEF)<br><a href=\"https:\/\/uef.zoom.us\/j\/61131757933\">Linkki Zoomiin<\/a>.<\/p>\n\n\n\n<p>Keynote &#8221;Asiakas- ja potilasturvallisuuden uusi horisontti&#8221;, <strong>Hanna Kuusisto<\/strong>.<\/p>\n\n\n\n<ul class=\"wp-block-list\"><li>Aluehallintovirastojen lastensuojelun valvonta asiakasturvallisuuden n\u00e4k\u00f6kulmasta, Niina Gr\u00e5sten<\/li><li>COVID -19 j\u00e4ljitt\u00e4misen parantaminen &#8211; pilotin tulosten hy\u00f6dynt\u00e4minen, Sonja Julkunen<\/li><li>Teko\u00e4ly l\u00e4\u00e4kehoidon vaaratapahtumien tutkimuksessa: analyysi vaaratapahtumien raportoijien n\u00e4kemyksist\u00e4 vakavien vaaratapahtumien ehk\u00e4isyst\u00e4, Marja H\u00e4rk\u00e4nen<\/li><li>L\u00e4\u00e4kitysturvallisuuden tilannekuvalla ajantasaista tietoa toiminnan arviointiin ja kehitt\u00e4miseen, Terhi Toivo<\/li><li>Haittatapahtumat sy\u00f6p\u00e4potilailla, Eveliina Toivola<\/li><\/ul>\n\n\n\n<p><a href=\"https:\/\/sites.uef.fi\/vaikuttavuuden-talo\/sessio-9-2021\/\">SESSIO 9 Lains\u00e4\u00e4d\u00e4nn\u00f6n ja politiikkatoimien vaikuttavuus<\/a>, pj Anssi Kein\u00e4nen (UEF)<br><a href=\"https:\/\/uef.zoom.us\/j\/64270725664\">Linkki Zoomiin<\/a>.<\/p>\n\n\n\n<ul class=\"wp-block-list\"><li>Tiedon k\u00e4ytt\u00f6 lainvalmistelussa koronakriisin aikana, Leena Jukka<\/li><li>Effect of COVID-19 pandemic and the lockdown on monitoring and treatment balance of Finnish coronary heart disease and type 2 diabetes patients, Piia Lavikainen<\/li><li>Muutokset tyypin 2 diabetespotilaiden maksamissa l\u00e4\u00e4kkeiden omavastuissa vuoden 2017 SV-korvausmuutoksen j\u00e4lkeen, Emma Aarnio<\/li><li>Decreasing number of paper and telephone medication prescriptions after e-prescriptions became mandatory and their valid period was extended: a big bang policy change in Finland in 2017, Vesa Jormanainen<\/li><\/ul>\n\n\n\n<p><a href=\"https:\/\/sites.uef.fi\/vaikuttavuuden-talo\/sessio-10-2021\/\">SESSIO 10 Effectiveness of social work and wellbeing services &amp; Measurement and study designs of effectiveness research<\/a>, chair Elisa Tiilikainen (UEF)<br><a href=\"https:\/\/uef.zoom.us\/j\/69280643878\">Linkki Zoomiin<\/a>.<\/p>\n\n\n\n<ul class=\"wp-block-list\"><li>A scoping review on the parenting practices of families with a refugee background living in Finland; implications for family integration and provision of appropriate community services, Natalie Joubert<\/li><li>The dilemma of social impact measurement in social enterprises, Outi Vehka-aho<\/li><li>Real effectiveness and data governance, Petteri Mussalo<\/li><li>Can effectiveness really be \u2018measured\u2019 in health and social care? Neill Booth<\/li><\/ul>\n\n\n\n<p><a href=\"https:\/\/sites.uef.fi\/vaikuttavuuden-talo\/sessio-11-2021\/\">SESSIO 11 Hoidon ja terveyspalveluiden vaikuttavuus (osa 2)<\/a>, pj Elsa Paronen (UEF)<br><a href=\"https:\/\/uef.zoom.us\/j\/69688834574\">Linkki Zoomiin<\/a>.<\/p>\n\n\n\n<ul class=\"wp-block-list\"><li>Kroonisten haavojen hoito Eksotessa, Arb\u00ebr Mehmeti ja Juhani Aakko<\/li><li>Perusterveydenhuollon (PTH) keinoin v\u00e4ltett\u00e4viss\u00e4 olevien sairaalahoitojaksojen \u2013mittarin k\u00e4ytett\u00e4vyys PTH:n suoriutumisen arviointiin Suomessa, Markku Satokangas<\/li><li>Motivational multidimensional lifestyle intervention as a supportive treatment for depression \u2013 Effects on recovery and health in primary health care: a cluster randomized trial, Ulla Mikkonen<\/li><li>Antidepressant use and risk of psychiatric rehospitalization in patients with schizophrenia, Arto Puranen<\/li><\/ul>\n\n\n\n<p><strong>11.45 &#8211; 12.45<\/strong> Lounastauko<\/p>\n\n\n\n<p><strong>12.45 &#8211; 13.45<\/strong> <strong>PLENARY<\/strong> \u201dKuinka luopua v\u00e4h\u00e4hy\u00f6tyisest\u00e4 hoidosta\u201d, professori <strong>Miia Turpeinen<\/strong>, kliininen farmakologia ja l\u00e4\u00e4kehoito, Oulun yliopisto<br><a href=\"https:\/\/uef.zoom.us\/j\/65550313077\">Linkki Zoomiin<\/a>.<\/p>\n\n\n\n<p><strong>13.45 &#8211; 14.15<\/strong> Yhteenveto tutkimusp\u00e4ivist\u00e4 ja kutsu vuoden 2022 Vaikuttavuuden tutkimuksen p\u00e4iville, tutkimusjohtaja <strong>Tomi M\u00e4ki-Opas<\/strong>, Vaikuttavuuden talo, UEF<br><a href=\"https:\/\/uef.zoom.us\/j\/65550313077\">Linkki Zoomiin<\/a>.<\/p>\n","protected":false},"excerpt":{"rendered":"<p>Vaikuttavuuden tutkimuksen p\u00e4ivien 2021 ohjelma Tutkimusp\u00e4iv\u00e4t j\u00e4rjestet\u00e4\u00e4n verkossa Zoomin kautta. Ilmoittautuneille toimitetaan linkit ja ohjeet osallistumiseen. Tiistai 5.10.2021 9.00 &#8211; 9.15 Vaikuttavuuden tutkimuksen p\u00e4ivien avaaminen. Avajaispuheenvuoro Kuopion apulaiskaupunginjohtaja Jari Saarinen. Linkki Zoomiin. 9.15 &#8211; 10.15 PLENARY \u201cContributions of geographic information systems to spatial epidemiology\u201d, Dr. Eric Delmelle, associate professor, Department of Geography &amp; Earth Sciences, [&hellip;]<\/p>\n","protected":false},"author":39,"featured_media":0,"parent":0,"menu_order":0,"comment_status":"closed","ping_status":"closed","template":"","meta":{"_acf_changed":false,"_monsterinsights_skip_tracking":false,"_monsterinsights_sitenote_active":false,"_monsterinsights_sitenote_note":"","_monsterinsights_sitenote_category":0,"footnotes":""},"class_list":["post-2882","page","type-page","status-publish","hentry"],"acf":[],"yoast_head":"<!-- This site is optimized with the Yoast SEO plugin v27.1.1 - https:\/\/yoast.com\/product\/yoast-seo-wordpress\/ -->\n<title>Ohjelma 2021 - Vaikuttavuuden talo<\/title>\n<meta name=\"robots\" content=\"index, follow, max-snippet:-1, max-image-preview:large, max-video-preview:-1\" \/>\n<link rel=\"canonical\" href=\"https:\/\/sites.uef.fi\/vaikuttavuuden-talo\/ohjelma-2021\/\" \/>\n<meta property=\"og:locale\" content=\"fi_FI\" \/>\n<meta property=\"og:type\" content=\"article\" \/>\n<meta property=\"og:title\" content=\"Ohjelma 2021 - Vaikuttavuuden talo\" \/>\n<meta property=\"og:description\" content=\"Vaikuttavuuden tutkimuksen p\u00e4ivien 2021 ohjelma Tutkimusp\u00e4iv\u00e4t j\u00e4rjestet\u00e4\u00e4n verkossa Zoomin kautta. Ilmoittautuneille toimitetaan linkit ja ohjeet osallistumiseen. Tiistai 5.10.2021 9.00 &#8211; 9.15 Vaikuttavuuden tutkimuksen p\u00e4ivien avaaminen. Avajaispuheenvuoro Kuopion apulaiskaupunginjohtaja Jari Saarinen. Linkki Zoomiin. 9.15 &#8211; 10.15 PLENARY \u201cContributions of geographic information systems to spatial epidemiology\u201d, Dr. Eric Delmelle, associate professor, Department of Geography &amp; Earth Sciences, [&hellip;]\" \/>\n<meta property=\"og:url\" content=\"https:\/\/sites.uef.fi\/vaikuttavuuden-talo\/ohjelma-2021\/\" \/>\n<meta property=\"og:site_name\" content=\"Vaikuttavuuden talo\" \/>\n<meta property=\"article:modified_time\" content=\"2022-06-07T10:54:11+00:00\" \/>\n<meta name=\"twitter:card\" content=\"summary_large_image\" \/>\n<meta name=\"twitter:label1\" content=\"Arvioitu lukuaika\" \/>\n\t<meta name=\"twitter:data1\" content=\"5 minuuttia\" \/>\n<script type=\"application\/ld+json\" class=\"yoast-schema-graph\">{\"@context\":\"https:\/\/schema.org\",\"@graph\":[{\"@type\":\"WebPage\",\"@id\":\"https:\/\/sites.uef.fi\/vaikuttavuuden-talo\/ohjelma-2021\/\",\"url\":\"https:\/\/sites.uef.fi\/vaikuttavuuden-talo\/ohjelma-2021\/\",\"name\":\"Ohjelma 2021 - Vaikuttavuuden talo\",\"isPartOf\":{\"@id\":\"https:\/\/sites.uef.fi\/vaikuttavuuden-talo\/#website\"},\"datePublished\":\"2021-02-10T12:52:42+00:00\",\"dateModified\":\"2022-06-07T10:54:11+00:00\",\"breadcrumb\":{\"@id\":\"https:\/\/sites.uef.fi\/vaikuttavuuden-talo\/ohjelma-2021\/#breadcrumb\"},\"inLanguage\":\"fi\",\"potentialAction\":[{\"@type\":\"ReadAction\",\"target\":[\"https:\/\/sites.uef.fi\/vaikuttavuuden-talo\/ohjelma-2021\/\"]}]},{\"@type\":\"BreadcrumbList\",\"@id\":\"https:\/\/sites.uef.fi\/vaikuttavuuden-talo\/ohjelma-2021\/#breadcrumb\",\"itemListElement\":[{\"@type\":\"ListItem\",\"position\":1,\"name\":\"Home\",\"item\":\"https:\/\/sites.uef.fi\/vaikuttavuuden-talo\/\"},{\"@type\":\"ListItem\",\"position\":2,\"name\":\"Ohjelma 2021\"}]},{\"@type\":\"WebSite\",\"@id\":\"https:\/\/sites.uef.fi\/vaikuttavuuden-talo\/#website\",\"url\":\"https:\/\/sites.uef.fi\/vaikuttavuuden-talo\/\",\"name\":\"Vaikuttavuuden talo\",\"description\":\"\",\"potentialAction\":[{\"@type\":\"SearchAction\",\"target\":{\"@type\":\"EntryPoint\",\"urlTemplate\":\"https:\/\/sites.uef.fi\/vaikuttavuuden-talo\/?s={search_term_string}\"},\"query-input\":{\"@type\":\"PropertyValueSpecification\",\"valueRequired\":true,\"valueName\":\"search_term_string\"}}],\"inLanguage\":\"fi\"}]}<\/script>\n<!-- \/ Yoast SEO plugin. -->","yoast_head_json":{"title":"Ohjelma 2021 - Vaikuttavuuden talo","robots":{"index":"index","follow":"follow","max-snippet":"max-snippet:-1","max-image-preview":"max-image-preview:large","max-video-preview":"max-video-preview:-1"},"canonical":"https:\/\/sites.uef.fi\/vaikuttavuuden-talo\/ohjelma-2021\/","og_locale":"fi_FI","og_type":"article","og_title":"Ohjelma 2021 - Vaikuttavuuden talo","og_description":"Vaikuttavuuden tutkimuksen p\u00e4ivien 2021 ohjelma Tutkimusp\u00e4iv\u00e4t j\u00e4rjestet\u00e4\u00e4n verkossa Zoomin kautta. Ilmoittautuneille toimitetaan linkit ja ohjeet osallistumiseen. Tiistai 5.10.2021 9.00 &#8211; 9.15 Vaikuttavuuden tutkimuksen p\u00e4ivien avaaminen. Avajaispuheenvuoro Kuopion apulaiskaupunginjohtaja Jari Saarinen. Linkki Zoomiin. 9.15 &#8211; 10.15 PLENARY \u201cContributions of geographic information systems to spatial epidemiology\u201d, Dr. Eric Delmelle, associate professor, Department of Geography &amp; Earth Sciences, [&hellip;]","og_url":"https:\/\/sites.uef.fi\/vaikuttavuuden-talo\/ohjelma-2021\/","og_site_name":"Vaikuttavuuden talo","article_modified_time":"2022-06-07T10:54:11+00:00","twitter_card":"summary_large_image","twitter_misc":{"Arvioitu lukuaika":"5 minuuttia"},"schema":{"@context":"https:\/\/schema.org","@graph":[{"@type":"WebPage","@id":"https:\/\/sites.uef.fi\/vaikuttavuuden-talo\/ohjelma-2021\/","url":"https:\/\/sites.uef.fi\/vaikuttavuuden-talo\/ohjelma-2021\/","name":"Ohjelma 2021 - Vaikuttavuuden talo","isPartOf":{"@id":"https:\/\/sites.uef.fi\/vaikuttavuuden-talo\/#website"},"datePublished":"2021-02-10T12:52:42+00:00","dateModified":"2022-06-07T10:54:11+00:00","breadcrumb":{"@id":"https:\/\/sites.uef.fi\/vaikuttavuuden-talo\/ohjelma-2021\/#breadcrumb"},"inLanguage":"fi","potentialAction":[{"@type":"ReadAction","target":["https:\/\/sites.uef.fi\/vaikuttavuuden-talo\/ohjelma-2021\/"]}]},{"@type":"BreadcrumbList","@id":"https:\/\/sites.uef.fi\/vaikuttavuuden-talo\/ohjelma-2021\/#breadcrumb","itemListElement":[{"@type":"ListItem","position":1,"name":"Home","item":"https:\/\/sites.uef.fi\/vaikuttavuuden-talo\/"},{"@type":"ListItem","position":2,"name":"Ohjelma 2021"}]},{"@type":"WebSite","@id":"https:\/\/sites.uef.fi\/vaikuttavuuden-talo\/#website","url":"https:\/\/sites.uef.fi\/vaikuttavuuden-talo\/","name":"Vaikuttavuuden talo","description":"","potentialAction":[{"@type":"SearchAction","target":{"@type":"EntryPoint","urlTemplate":"https:\/\/sites.uef.fi\/vaikuttavuuden-talo\/?s={search_term_string}"},"query-input":{"@type":"PropertyValueSpecification","valueRequired":true,"valueName":"search_term_string"}}],"inLanguage":"fi"}]}},"_links":{"self":[{"href":"https:\/\/sites.uef.fi\/vaikuttavuuden-talo\/wp-json\/wp\/v2\/pages\/2882","targetHints":{"allow":["GET"]}}],"collection":[{"href":"https:\/\/sites.uef.fi\/vaikuttavuuden-talo\/wp-json\/wp\/v2\/pages"}],"about":[{"href":"https:\/\/sites.uef.fi\/vaikuttavuuden-talo\/wp-json\/wp\/v2\/types\/page"}],"author":[{"embeddable":true,"href":"https:\/\/sites.uef.fi\/vaikuttavuuden-talo\/wp-json\/wp\/v2\/users\/39"}],"replies":[{"embeddable":true,"href":"https:\/\/sites.uef.fi\/vaikuttavuuden-talo\/wp-json\/wp\/v2\/comments?post=2882"}],"version-history":[{"count":2,"href":"https:\/\/sites.uef.fi\/vaikuttavuuden-talo\/wp-json\/wp\/v2\/pages\/2882\/revisions"}],"predecessor-version":[{"id":4325,"href":"https:\/\/sites.uef.fi\/vaikuttavuuden-talo\/wp-json\/wp\/v2\/pages\/2882\/revisions\/4325"}],"wp:attachment":[{"href":"https:\/\/sites.uef.fi\/vaikuttavuuden-talo\/wp-json\/wp\/v2\/media?parent=2882"}],"curies":[{"name":"wp","href":"https:\/\/api.w.org\/{rel}","templated":true}]}}