{"id":2957,"date":"2021-03-04T16:25:40","date_gmt":"2021-03-04T14:25:40","guid":{"rendered":"https:\/\/sites.uef.fi\/vaikuttavuuden-talo\/?page_id=2957"},"modified":"2023-08-08T13:43:58","modified_gmt":"2023-08-08T11:43:58","slug":"vaikuttavuuden-tutkimuksen-paivat-2021","status":"publish","type":"page","link":"https:\/\/sites.uef.fi\/vaikuttavuuden-talo\/vaikuttavuuden-tutkimuksen-paivat-2021\/","title":{"rendered":"Vaikuttavuuden tutkimuksen p\u00e4iv\u00e4t 2021"},"content":{"rendered":"\n<h1 class=\"wp-block-heading\">Vaikuttavuuden tutkimuksen p\u00e4iv\u00e4t<\/h1>\n\n\n\n<p>Vuoden 2022 Vaikuttavuuden tutkimuksen p\u00e4iv\u00e4t j\u00e4rjestet\u00e4\u00e4n 3.-5.10.2022, pist\u00e4 jo kalenteriin yl\u00f6s!<\/p>\n\n\n\n<pre class=\"wp-block-verse has-black-color has-white-background-color has-text-color has-background has-normal-font-size\"><p><strong>Suuret kiitokset vuoden 2021 Vaikuttavuuden tutkimuksen p\u00e4ivien osallistujille! N\u00e4hd\u00e4\u00e4n taas ensi syksyn\u00e4.<\/strong><\/p><\/pre>\n\n\n\n<p>Vaikuttavuuden tutkimuksen p\u00e4iv\u00e4t on monitieteinen keskustelufoorumi hyvinvointiin ja terveyteen liittyv\u00e4n vaikuttavuuden tutkijoille ja asiantuntijoille sek\u00e4 jokaiselle, joka kokee tarvitsevansa ty\u00f6ss\u00e4\u00e4n uusinta tutkimustietoa vaikuttavuudesta.<\/p>\n\n\n\n<p>Tervetuloa mukaan keskustelemaan vaikuttavuudesta, kuulemaan ajankohtaista tutkimustietoa ja verkostoitumaan asiantuntijoiden kanssa! <\/p>\n\n\n\n<p><strong>Kysytt\u00e4v\u00e4\u00e4 tutkimusp\u00e4ivist\u00e4? Ota yhteytt\u00e4 <a href=\"https:\/\/sites.uef.fi\/vaikuttavuuden-talo\/jarjestelytoimikunta\/\">j\u00e4rjestelytoimikuntaan<\/a>.<\/strong><\/p>\n","protected":false},"excerpt":{"rendered":"<p>Vaikuttavuuden tutkimuksen p\u00e4iv\u00e4t Vuoden 2022 Vaikuttavuuden tutkimuksen p\u00e4iv\u00e4t j\u00e4rjestet\u00e4\u00e4n 3.-5.10.2022, pist\u00e4 jo kalenteriin yl\u00f6s! Suuret kiitokset vuoden 2021 Vaikuttavuuden tutkimuksen p\u00e4ivien osallistujille! N\u00e4hd\u00e4\u00e4n taas ensi syksyn\u00e4. Vaikuttavuuden tutkimuksen p\u00e4iv\u00e4t on monitieteinen keskustelufoorumi hyvinvointiin ja terveyteen liittyv\u00e4n vaikuttavuuden tutkijoille ja asiantuntijoille sek\u00e4 jokaiselle, joka kokee tarvitsevansa ty\u00f6ss\u00e4\u00e4n uusinta tutkimustietoa vaikuttavuudesta. Tervetuloa mukaan keskustelemaan vaikuttavuudesta, kuulemaan ajankohtaista [&hellip;]<\/p>\n","protected":false},"author":473,"featured_media":0,"parent":0,"menu_order":0,"comment_status":"closed","ping_status":"closed","template":"","meta":{"_acf_changed":false,"_monsterinsights_skip_tracking":false,"_monsterinsights_sitenote_active":false,"_monsterinsights_sitenote_note":"","_monsterinsights_sitenote_category":0,"footnotes":""},"class_list":["post-2957","page","type-page","status-publish","hentry"],"acf":[],"yoast_head":"<!-- This site is optimized with the Yoast SEO plugin v27.1.1 - https:\/\/yoast.com\/product\/yoast-seo-wordpress\/ -->\n<title>Vaikuttavuuden tutkimuksen p\u00e4iv\u00e4t 2021 - Vaikuttavuuden talo<\/title>\n<meta name=\"robots\" content=\"index, follow, max-snippet:-1, max-image-preview:large, max-video-preview:-1\" \/>\n<link rel=\"canonical\" href=\"https:\/\/sites.uef.fi\/vaikuttavuuden-talo\/vaikuttavuuden-tutkimuksen-paivat-2021\/\" \/>\n<meta property=\"og:locale\" content=\"fi_FI\" \/>\n<meta property=\"og:type\" content=\"article\" \/>\n<meta property=\"og:title\" content=\"Vaikuttavuuden tutkimuksen p\u00e4iv\u00e4t 2021 - Vaikuttavuuden talo\" \/>\n<meta property=\"og:description\" content=\"Vaikuttavuuden tutkimuksen p\u00e4iv\u00e4t Vuoden 2022 Vaikuttavuuden tutkimuksen p\u00e4iv\u00e4t j\u00e4rjestet\u00e4\u00e4n 3.-5.10.2022, pist\u00e4 jo kalenteriin yl\u00f6s! Suuret kiitokset vuoden 2021 Vaikuttavuuden tutkimuksen p\u00e4ivien osallistujille! N\u00e4hd\u00e4\u00e4n taas ensi syksyn\u00e4. Vaikuttavuuden tutkimuksen p\u00e4iv\u00e4t on monitieteinen keskustelufoorumi hyvinvointiin ja terveyteen liittyv\u00e4n vaikuttavuuden tutkijoille ja asiantuntijoille sek\u00e4 jokaiselle, joka kokee tarvitsevansa ty\u00f6ss\u00e4\u00e4n uusinta tutkimustietoa vaikuttavuudesta. Tervetuloa mukaan keskustelemaan vaikuttavuudesta, kuulemaan ajankohtaista [&hellip;]\" \/>\n<meta property=\"og:url\" content=\"https:\/\/sites.uef.fi\/vaikuttavuuden-talo\/vaikuttavuuden-tutkimuksen-paivat-2021\/\" \/>\n<meta property=\"og:site_name\" content=\"Vaikuttavuuden talo\" \/>\n<meta property=\"article:modified_time\" content=\"2023-08-08T11:43:58+00:00\" \/>\n<meta name=\"twitter:card\" content=\"summary_large_image\" \/>\n<meta name=\"twitter:label1\" content=\"Arvioitu lukuaika\" \/>\n\t<meta name=\"twitter:data1\" content=\"1 minuutti\" \/>\n<script type=\"application\/ld+json\" class=\"yoast-schema-graph\">{\"@context\":\"https:\/\/schema.org\",\"@graph\":[{\"@type\":\"WebPage\",\"@id\":\"https:\/\/sites.uef.fi\/vaikuttavuuden-talo\/vaikuttavuuden-tutkimuksen-paivat-2021\/\",\"url\":\"https:\/\/sites.uef.fi\/vaikuttavuuden-talo\/vaikuttavuuden-tutkimuksen-paivat-2021\/\",\"name\":\"Vaikuttavuuden tutkimuksen p\u00e4iv\u00e4t 2021 - Vaikuttavuuden talo\",\"isPartOf\":{\"@id\":\"https:\/\/sites.uef.fi\/vaikuttavuuden-talo\/#website\"},\"datePublished\":\"2021-03-04T14:25:40+00:00\",\"dateModified\":\"2023-08-08T11:43:58+00:00\",\"breadcrumb\":{\"@id\":\"https:\/\/sites.uef.fi\/vaikuttavuuden-talo\/vaikuttavuuden-tutkimuksen-paivat-2021\/#breadcrumb\"},\"inLanguage\":\"fi\",\"potentialAction\":[{\"@type\":\"ReadAction\",\"target\":[\"https:\/\/sites.uef.fi\/vaikuttavuuden-talo\/vaikuttavuuden-tutkimuksen-paivat-2021\/\"]}]},{\"@type\":\"BreadcrumbList\",\"@id\":\"https:\/\/sites.uef.fi\/vaikuttavuuden-talo\/vaikuttavuuden-tutkimuksen-paivat-2021\/#breadcrumb\",\"itemListElement\":[{\"@type\":\"ListItem\",\"position\":1,\"name\":\"Home\",\"item\":\"https:\/\/sites.uef.fi\/vaikuttavuuden-talo\/\"},{\"@type\":\"ListItem\",\"position\":2,\"name\":\"Vaikuttavuuden tutkimuksen p\u00e4iv\u00e4t 2021\"}]},{\"@type\":\"WebSite\",\"@id\":\"https:\/\/sites.uef.fi\/vaikuttavuuden-talo\/#website\",\"url\":\"https:\/\/sites.uef.fi\/vaikuttavuuden-talo\/\",\"name\":\"Vaikuttavuuden talo\",\"description\":\"\",\"potentialAction\":[{\"@type\":\"SearchAction\",\"target\":{\"@type\":\"EntryPoint\",\"urlTemplate\":\"https:\/\/sites.uef.fi\/vaikuttavuuden-talo\/?s={search_term_string}\"},\"query-input\":{\"@type\":\"PropertyValueSpecification\",\"valueRequired\":true,\"valueName\":\"search_term_string\"}}],\"inLanguage\":\"fi\"}]}<\/script>\n<!-- \/ Yoast SEO plugin. -->","yoast_head_json":{"title":"Vaikuttavuuden tutkimuksen p\u00e4iv\u00e4t 2021 - Vaikuttavuuden talo","robots":{"index":"index","follow":"follow","max-snippet":"max-snippet:-1","max-image-preview":"max-image-preview:large","max-video-preview":"max-video-preview:-1"},"canonical":"https:\/\/sites.uef.fi\/vaikuttavuuden-talo\/vaikuttavuuden-tutkimuksen-paivat-2021\/","og_locale":"fi_FI","og_type":"article","og_title":"Vaikuttavuuden tutkimuksen p\u00e4iv\u00e4t 2021 - Vaikuttavuuden talo","og_description":"Vaikuttavuuden tutkimuksen p\u00e4iv\u00e4t Vuoden 2022 Vaikuttavuuden tutkimuksen p\u00e4iv\u00e4t j\u00e4rjestet\u00e4\u00e4n 3.-5.10.2022, pist\u00e4 jo kalenteriin yl\u00f6s! Suuret kiitokset vuoden 2021 Vaikuttavuuden tutkimuksen p\u00e4ivien osallistujille! N\u00e4hd\u00e4\u00e4n taas ensi syksyn\u00e4. Vaikuttavuuden tutkimuksen p\u00e4iv\u00e4t on monitieteinen keskustelufoorumi hyvinvointiin ja terveyteen liittyv\u00e4n vaikuttavuuden tutkijoille ja asiantuntijoille sek\u00e4 jokaiselle, joka kokee tarvitsevansa ty\u00f6ss\u00e4\u00e4n uusinta tutkimustietoa vaikuttavuudesta. Tervetuloa mukaan keskustelemaan vaikuttavuudesta, kuulemaan ajankohtaista [&hellip;]","og_url":"https:\/\/sites.uef.fi\/vaikuttavuuden-talo\/vaikuttavuuden-tutkimuksen-paivat-2021\/","og_site_name":"Vaikuttavuuden talo","article_modified_time":"2023-08-08T11:43:58+00:00","twitter_card":"summary_large_image","twitter_misc":{"Arvioitu lukuaika":"1 minuutti"},"schema":{"@context":"https:\/\/schema.org","@graph":[{"@type":"WebPage","@id":"https:\/\/sites.uef.fi\/vaikuttavuuden-talo\/vaikuttavuuden-tutkimuksen-paivat-2021\/","url":"https:\/\/sites.uef.fi\/vaikuttavuuden-talo\/vaikuttavuuden-tutkimuksen-paivat-2021\/","name":"Vaikuttavuuden tutkimuksen p\u00e4iv\u00e4t 2021 - Vaikuttavuuden talo","isPartOf":{"@id":"https:\/\/sites.uef.fi\/vaikuttavuuden-talo\/#website"},"datePublished":"2021-03-04T14:25:40+00:00","dateModified":"2023-08-08T11:43:58+00:00","breadcrumb":{"@id":"https:\/\/sites.uef.fi\/vaikuttavuuden-talo\/vaikuttavuuden-tutkimuksen-paivat-2021\/#breadcrumb"},"inLanguage":"fi","potentialAction":[{"@type":"ReadAction","target":["https:\/\/sites.uef.fi\/vaikuttavuuden-talo\/vaikuttavuuden-tutkimuksen-paivat-2021\/"]}]},{"@type":"BreadcrumbList","@id":"https:\/\/sites.uef.fi\/vaikuttavuuden-talo\/vaikuttavuuden-tutkimuksen-paivat-2021\/#breadcrumb","itemListElement":[{"@type":"ListItem","position":1,"name":"Home","item":"https:\/\/sites.uef.fi\/vaikuttavuuden-talo\/"},{"@type":"ListItem","position":2,"name":"Vaikuttavuuden tutkimuksen p\u00e4iv\u00e4t 2021"}]},{"@type":"WebSite","@id":"https:\/\/sites.uef.fi\/vaikuttavuuden-talo\/#website","url":"https:\/\/sites.uef.fi\/vaikuttavuuden-talo\/","name":"Vaikuttavuuden talo","description":"","potentialAction":[{"@type":"SearchAction","target":{"@type":"EntryPoint","urlTemplate":"https:\/\/sites.uef.fi\/vaikuttavuuden-talo\/?s={search_term_string}"},"query-input":{"@type":"PropertyValueSpecification","valueRequired":true,"valueName":"search_term_string"}}],"inLanguage":"fi"}]}},"_links":{"self":[{"href":"https:\/\/sites.uef.fi\/vaikuttavuuden-talo\/wp-json\/wp\/v2\/pages\/2957","targetHints":{"allow":["GET"]}}],"collection":[{"href":"https:\/\/sites.uef.fi\/vaikuttavuuden-talo\/wp-json\/wp\/v2\/pages"}],"about":[{"href":"https:\/\/sites.uef.fi\/vaikuttavuuden-talo\/wp-json\/wp\/v2\/types\/page"}],"author":[{"embeddable":true,"href":"https:\/\/sites.uef.fi\/vaikuttavuuden-talo\/wp-json\/wp\/v2\/users\/473"}],"replies":[{"embeddable":true,"href":"https:\/\/sites.uef.fi\/vaikuttavuuden-talo\/wp-json\/wp\/v2\/comments?post=2957"}],"version-history":[{"count":1,"href":"https:\/\/sites.uef.fi\/vaikuttavuuden-talo\/wp-json\/wp\/v2\/pages\/2957\/revisions"}],"predecessor-version":[{"id":7900,"href":"https:\/\/sites.uef.fi\/vaikuttavuuden-talo\/wp-json\/wp\/v2\/pages\/2957\/revisions\/7900"}],"wp:attachment":[{"href":"https:\/\/sites.uef.fi\/vaikuttavuuden-talo\/wp-json\/wp\/v2\/media?parent=2957"}],"curies":[{"name":"wp","href":"https:\/\/api.w.org\/{rel}","templated":true}]}}