{"id":3101,"date":"2021-04-09T12:12:38","date_gmt":"2021-04-09T10:12:38","guid":{"rendered":"https:\/\/sites.uef.fi\/vaikuttavuuden-talo\/?page_id=3101"},"modified":"2023-06-02T14:35:48","modified_gmt":"2023-06-02T12:35:48","slug":"abstraktihaku-2021","status":"publish","type":"page","link":"https:\/\/sites.uef.fi\/vaikuttavuuden-talo\/abstraktihaku-2021\/","title":{"rendered":"Abstraktihaku 2021"},"content":{"rendered":"\n<h1 class=\"wp-block-heading\">Abstraktihaku \/\/ Call for Abstracts<\/h1>\n\n\n\n<h2 class=\"wp-block-heading\">Ehdota esityst\u00e4 vaikuttavuuden tutkimuksen p\u00e4iville 2021<\/h2>\n\n\n\n<p>Viel\u00e4 ehdit ehdottaa videoposteria tutkimusp\u00e4iville!<\/p>\n\n\n\n<div class=\"wp-block-cover aligncenter is-light\" style=\"min-height:700px;aspect-ratio:unset;\"><span aria-hidden=\"true\" class=\"wp-block-cover__background has-background-dim-100 has-background-dim\" style=\"background-color:#93aab8\"><\/span><div class=\"wp-block-cover__inner-container is-layout-flow wp-block-cover-is-layout-flow\">\n<p class=\"has-text-align-left has-white-color has-text-color\" style=\"font-size:50px\">Palvelemme ylpe\u00e4n\u00e4 upeita asiakkaitamme.<\/p>\n\n\n\n<div class=\"wp-block-buttons is-layout-flex wp-block-buttons-is-layout-flex\">\n<div class=\"wp-block-button is-style-fill\"><a class=\"wp-block-button__link has-white-color has-black-background-color has-text-color has-background wp-element-button\">Ota yhteytt\u00e4<\/a><\/div>\n<\/div>\n<\/div><\/div>\n\n\n\n<div style=\"height:100px\" aria-hidden=\"true\" class=\"wp-block-spacer\"><\/div>\n\n\n\n<h1 class=\"wp-block-heading\" style=\"font-size:50px\">Palvelumme<\/h1>\n\n\n\n<div class=\"wp-block-columns is-layout-flex wp-container-core-columns-is-layout-9d6595d7 wp-block-columns-is-layout-flex\">\n<div class=\"wp-block-column is-layout-flow wp-block-column-is-layout-flow\">\n<p style=\"font-size:21px;line-height:2.5\"><p style=\"font-size:21px\"><a href=\"#\">Br\u00e4nd\u00e4ys \u2192<\/a><br><a href=\"#\">Websuunnittelu \u2192<\/a><br><a href=\"#\">Webkehitys \u2192<\/a><\/p><\/p>\n<\/div>\n\n\n\n<div class=\"wp-block-column is-layout-flow wp-block-column-is-layout-flow\">\n<p style=\"font-size:21px;line-height:2.5\"><p style=\"font-size:21px\"><a href=\"#\">Sis\u00e4lt\u00f6strategia \u2192<\/a><br><a href=\"#\">Markkinointi ja SEO \u2192<\/a><br><a href=\"#\">Videotuotanto \u2192<\/a><\/p><\/p>\n<\/div>\n<\/div>\n\n\n\n<div style=\"height:100px\" aria-hidden=\"true\" class=\"wp-block-spacer\"><\/div>\n\n\n\n<p>Posterit voivat pohjautua meneill\u00e4\u00e4n olevaan tai tuoreeseen tutkimukseen. Toivotamme tervetulleiksi niin laadullisia, m\u00e4\u00e4r\u00e4llisi\u00e4 kuin teoreettisiakin sek\u00e4 menetelm\u00e4llisi\u00e4 avauksia vaikuttavuuteen liittyen. My\u00f6s esitykset liittyen kokeellisiin ja interventiotutkimuksiin ovat tervetulleita.<\/p>\n\n\n\n<p>Posteriehdotus tulee osoittaa johonkin seuraavista teemoista:<\/p>\n\n\n\n<!-- Custom Twitter Feeds by Smash Balloon -->\n<div id=\"ctf\" class=\" ctf ctf-type-usertimeline ctf-rebranded ctf-feed-1  ctf-styles ctf-list ctf-regular-style\"   data-ctfshortcode=\"{&quot;feed&quot;:1}\"   data-ctfdisablelinks=\"false\" data-ctflinktextcolor=\"#\" data-header-size=\"small\" data-feedid=\"1\" data-postid=\"3101\"  data-feed=\"1\" data-ctfintents=\"1\"  data-ctfneeded=\"4\">\n            <div id=\"ctf\" class=\"ctf\">\n            <div class=\"ctf-error\">\n                <div class=\"ctf-error-user\">\n\t\t\t\t\tTwitter feed is not available at the moment.                <\/div>\n            <\/div>\n        <\/div>\n\t\t    <div class=\"ctf-tweets\">\n   \t\t    <\/div>\n    \n<\/div>\n\n\n\n\n\n\n\n<ol class=\"wp-block-list\">\n<li>Asiakas- ja potilasturvallisuus<\/li>\n\n\n\n<li>Hoidon ja terveyspalveluiden vaikuttavuus<\/li>\n\n\n\n<li>Kustannusvaikuttavuus<\/li>\n\n\n\n<li>Lains\u00e4\u00e4d\u00e4nn\u00f6n ja politiikkatoimien vaikuttavuus<\/li>\n\n\n\n<li>Rekisteriaineistot vaikuttavuustutkimuksessa<\/li>\n\n\n\n<li>Sosiaality\u00f6n ja sosiaalipalveluiden vaikuttavuus<\/li>\n\n\n\n<li>Vaikuttavuus hyvinvoinnin ja terveyden edist\u00e4misess\u00e4<\/li>\n\n\n\n<li>Vaikuttavuuden mittaaminen ja tutkimusasetelmat<\/li>\n<\/ol>\n\n\n\n<p>Pyyd\u00e4mme l\u00e4hett\u00e4m\u00e4\u00e4n enint\u00e4\u00e4n 300 sanan mittaiset abstraktit viimeist\u00e4\u00e4n 16.9.2021 <a href=\"https:\/\/registration.contio.fi\/uef\/Registration\/Login?id=2257-T_2257-3312\">t\u00e4ll\u00e4 ilmoittautumislomakkeella<\/a>. Postereiden hyv\u00e4ksymisest\u00e4 tutkimusp\u00e4iville ilmoitetaan 17.9.2021.<\/p>\n\n\n\n<p>Abstraktien tulee sis\u00e4lt\u00e4\u00e4 kuvaus tutkimuksen tarkoituksesta, tutkimuskysymyksist\u00e4 \/ hypoteeseista, aineistosta ja menetelmist\u00e4 sek\u00e4 tutkimuksen tuloksista ja (alustavista) johtop\u00e4\u00e4t\u00f6ksist\u00e4. Abstraktin voi j\u00e4tt\u00e4\u00e4 joko suomen tai englannin kielell\u00e4.<\/p>\n\n\n\n<p>Ohjeistus videoposterien tekoon l\u00f6ytyy <a href=\"https:\/\/sites.uef.fi\/vaikuttavuuden-talo\/ohjeet-esitykset-ja-posterit-2021\/\">t\u00e4\u00e4lt\u00e4<\/a>.<\/p>\n\n\n\n<hr class=\"wp-block-separator has-css-opacity\" \/>\n\n\n\n<p>Etsimme tutkimusp\u00e4ivillemme 10 minuutin mittaisia suullisia esityksi\u00e4 sek\u00e4 postereita vaikuttavuuteen liittyvist\u00e4 aiheista. Esitykset voivat pohjautua meneill\u00e4\u00e4n olevaan tai tuoreeseen tutkimukseen. Toivotamme tervetulleiksi niin laadullisia, m\u00e4\u00e4r\u00e4llisi\u00e4 kuin teoreettisiakin sek\u00e4 menetelm\u00e4llisi\u00e4 avauksia vaikuttavuuteen liittyen. My\u00f6s esitykset liittyen kokeellisiin ja interventiotutkimuksiin ovat tervetulleita. Kokonaisten temaattisten sessioiden (mukaan lukien ty\u00f6pajat) ehdottaminen on my\u00f6s mahdollista.<\/p>\n\n\n\n<p>Esitysehdotus tulee osoittaa johonkin seuraavista temaattisista sessioista:&nbsp;<\/p>\n\n\n\n<ol class=\"wp-block-list\">\n<li>Asiakas- ja potilasturvallisuus&nbsp;&nbsp;<\/li>\n\n\n\n<li>Hoidon ja terveyspalveluiden vaikuttavuus&nbsp;<\/li>\n\n\n\n<li>Kustannusvaikuttavuus&nbsp;<\/li>\n\n\n\n<li>Lains\u00e4\u00e4d\u00e4nn\u00f6n ja politiikkatoimien vaikuttavuus&nbsp;<\/li>\n\n\n\n<li>Rekisteriaineistot vaikuttavuustutkimuksessa&nbsp;<\/li>\n\n\n\n<li>Sosiaality\u00f6n ja sosiaalipalveluiden vaikuttavuus&nbsp;<\/li>\n\n\n\n<li>Vaikuttavuus hyvinvoinnin ja terveyden edist\u00e4misess\u00e4&nbsp;<\/li>\n\n\n\n<li>Vaikuttavuuden mittaaminen ja tutkimusasetelmat&nbsp;<\/li>\n\n\n\n<li>Muu sessioehdotus&nbsp;<\/li>\n<\/ol>\n\n\n\n<p>Abstraktihaku on sulkeutunut 30.5.2021. Esitysten hyv\u00e4ksymisest\u00e4 tutkimusp\u00e4iville ilmoitetaan&nbsp;21.6.2021&nbsp;alkavalla viikolla.&nbsp;<\/p>\n\n\n\n<p>Abstraktien tulee sis\u00e4lt\u00e4\u00e4 kuvaus tutkimuksen tarkoituksesta, tutkimuskysymyksist\u00e4&nbsp;\/&nbsp;hypoteeseista, aineistosta ja menetelmist\u00e4 sek\u00e4 tutkimuksen tuloksista ett\u00e4 (alustavista) johtop\u00e4\u00e4t\u00f6ksist\u00e4. Abstraktin voi j\u00e4tt\u00e4\u00e4 joko suomen tai englannin kielell\u00e4.&nbsp;Abstraktia j\u00e4tt\u00e4ess\u00e4 kysyt\u00e4\u00e4n suullisen esityksen esityskielest\u00e4.&nbsp;Mahdollisuuksien mukaan j\u00e4rjest\u00e4mme englanninkielisi\u00e4 sessioita.&nbsp;&nbsp;<\/p>\n\n\n\n<p>Kokonaista temaattista sessiota ehdotettaessa tulee j\u00e4tt\u00e4\u00e4 abstrakti, joka kuvaa session taustan ja tavoitteet sek\u00e4 siihen kuuluvat esitykset sek\u00e4 niiden esitt\u00e4j\u00e4t. Lis\u00e4ksi jokaisesta&nbsp;sessioon kuuluvasta esityksest\u00e4&nbsp;tulee&nbsp;esitt\u00e4j\u00e4n&nbsp;j\u00e4tt\u00e4\u00e4&nbsp;oma&nbsp;erillinen&nbsp;abstrakti.&nbsp;<\/p>\n\n\n\n<h2 class=\"wp-block-heading\">Aikataulu<\/h2>\n\n\n\n<ul class=\"wp-block-list\">\n<li>Ilmoittautuminen ja abstraktien j\u00e4tt\u00f6 aukeaa: 1.5.2021<\/li>\n\n\n\n<li>Abstraktien viimeinen j\u00e4tt\u00f6p\u00e4iv\u00e4: 30.5.2021<\/li>\n\n\n\n<li>Abstraktien hyv\u00e4ksynt\u00e4ilmoitukset: 21.6.2021 alkavalla viikolla<\/li>\n\n\n\n<li>P\u00e4ivien ilmoittautuminen sulkeutuu: 26.9.2021<\/li>\n<\/ul>\n\n\n\n<div class=\"wp-block-buttons is-layout-flex wp-block-buttons-is-layout-flex\"><\/div>\n","protected":false},"excerpt":{"rendered":"<p>Abstraktihaku \/\/ Call for Abstracts Ehdota esityst\u00e4 vaikuttavuuden tutkimuksen p\u00e4iville 2021 Viel\u00e4 ehdit ehdottaa videoposteria tutkimusp\u00e4iville! Palvelumme Br\u00e4nd\u00e4ys \u2192Websuunnittelu \u2192Webkehitys \u2192 Sis\u00e4lt\u00f6strategia \u2192Markkinointi ja SEO \u2192Videotuotanto \u2192 Posterit voivat pohjautua meneill\u00e4\u00e4n olevaan tai tuoreeseen tutkimukseen. Toivotamme tervetulleiksi niin laadullisia, m\u00e4\u00e4r\u00e4llisi\u00e4 kuin teoreettisiakin sek\u00e4 menetelm\u00e4llisi\u00e4 avauksia vaikuttavuuteen liittyen. My\u00f6s esitykset liittyen kokeellisiin ja interventiotutkimuksiin ovat tervetulleita. [&hellip;]<\/p>\n","protected":false},"author":473,"featured_media":0,"parent":0,"menu_order":0,"comment_status":"closed","ping_status":"closed","template":"","meta":{"_acf_changed":false,"_monsterinsights_skip_tracking":false,"_monsterinsights_sitenote_active":false,"_monsterinsights_sitenote_note":"","_monsterinsights_sitenote_category":0,"footnotes":""},"class_list":["post-3101","page","type-page","status-publish","hentry"],"acf":[],"yoast_head":"<!-- This site is optimized with the Yoast SEO plugin v27.1.1 - https:\/\/yoast.com\/product\/yoast-seo-wordpress\/ -->\n<title>Abstraktihaku 2021 - Vaikuttavuuden talo<\/title>\n<meta name=\"robots\" content=\"index, follow, max-snippet:-1, max-image-preview:large, max-video-preview:-1\" \/>\n<link rel=\"canonical\" href=\"https:\/\/sites.uef.fi\/vaikuttavuuden-talo\/abstraktihaku-2021\/\" \/>\n<meta property=\"og:locale\" content=\"fi_FI\" \/>\n<meta property=\"og:type\" content=\"article\" \/>\n<meta property=\"og:title\" content=\"Abstraktihaku 2021 - Vaikuttavuuden talo\" \/>\n<meta property=\"og:description\" content=\"Abstraktihaku \/\/ Call for Abstracts Ehdota esityst\u00e4 vaikuttavuuden tutkimuksen p\u00e4iville 2021 Viel\u00e4 ehdit ehdottaa videoposteria tutkimusp\u00e4iville! Palvelumme Br\u00e4nd\u00e4ys \u2192Websuunnittelu \u2192Webkehitys \u2192 Sis\u00e4lt\u00f6strategia \u2192Markkinointi ja SEO \u2192Videotuotanto \u2192 Posterit voivat pohjautua meneill\u00e4\u00e4n olevaan tai tuoreeseen tutkimukseen. Toivotamme tervetulleiksi niin laadullisia, m\u00e4\u00e4r\u00e4llisi\u00e4 kuin teoreettisiakin sek\u00e4 menetelm\u00e4llisi\u00e4 avauksia vaikuttavuuteen liittyen. My\u00f6s esitykset liittyen kokeellisiin ja interventiotutkimuksiin ovat tervetulleita. [&hellip;]\" \/>\n<meta property=\"og:url\" content=\"https:\/\/sites.uef.fi\/vaikuttavuuden-talo\/abstraktihaku-2021\/\" \/>\n<meta property=\"og:site_name\" content=\"Vaikuttavuuden talo\" \/>\n<meta property=\"article:modified_time\" content=\"2023-06-02T12:35:48+00:00\" \/>\n<meta name=\"twitter:card\" content=\"summary_large_image\" \/>\n<meta name=\"twitter:label1\" content=\"Arvioitu lukuaika\" \/>\n\t<meta name=\"twitter:data1\" content=\"2 minuuttia\" \/>\n<script type=\"application\/ld+json\" class=\"yoast-schema-graph\">{\"@context\":\"https:\/\/schema.org\",\"@graph\":[{\"@type\":\"WebPage\",\"@id\":\"https:\/\/sites.uef.fi\/vaikuttavuuden-talo\/abstraktihaku-2021\/\",\"url\":\"https:\/\/sites.uef.fi\/vaikuttavuuden-talo\/abstraktihaku-2021\/\",\"name\":\"Abstraktihaku 2021 - Vaikuttavuuden talo\",\"isPartOf\":{\"@id\":\"https:\/\/sites.uef.fi\/vaikuttavuuden-talo\/#website\"},\"datePublished\":\"2021-04-09T10:12:38+00:00\",\"dateModified\":\"2023-06-02T12:35:48+00:00\",\"breadcrumb\":{\"@id\":\"https:\/\/sites.uef.fi\/vaikuttavuuden-talo\/abstraktihaku-2021\/#breadcrumb\"},\"inLanguage\":\"fi\",\"potentialAction\":[{\"@type\":\"ReadAction\",\"target\":[\"https:\/\/sites.uef.fi\/vaikuttavuuden-talo\/abstraktihaku-2021\/\"]}]},{\"@type\":\"BreadcrumbList\",\"@id\":\"https:\/\/sites.uef.fi\/vaikuttavuuden-talo\/abstraktihaku-2021\/#breadcrumb\",\"itemListElement\":[{\"@type\":\"ListItem\",\"position\":1,\"name\":\"Home\",\"item\":\"https:\/\/sites.uef.fi\/vaikuttavuuden-talo\/\"},{\"@type\":\"ListItem\",\"position\":2,\"name\":\"Abstraktihaku 2021\"}]},{\"@type\":\"WebSite\",\"@id\":\"https:\/\/sites.uef.fi\/vaikuttavuuden-talo\/#website\",\"url\":\"https:\/\/sites.uef.fi\/vaikuttavuuden-talo\/\",\"name\":\"Vaikuttavuuden talo\",\"description\":\"\",\"potentialAction\":[{\"@type\":\"SearchAction\",\"target\":{\"@type\":\"EntryPoint\",\"urlTemplate\":\"https:\/\/sites.uef.fi\/vaikuttavuuden-talo\/?s={search_term_string}\"},\"query-input\":{\"@type\":\"PropertyValueSpecification\",\"valueRequired\":true,\"valueName\":\"search_term_string\"}}],\"inLanguage\":\"fi\"}]}<\/script>\n<!-- \/ Yoast SEO plugin. -->","yoast_head_json":{"title":"Abstraktihaku 2021 - Vaikuttavuuden talo","robots":{"index":"index","follow":"follow","max-snippet":"max-snippet:-1","max-image-preview":"max-image-preview:large","max-video-preview":"max-video-preview:-1"},"canonical":"https:\/\/sites.uef.fi\/vaikuttavuuden-talo\/abstraktihaku-2021\/","og_locale":"fi_FI","og_type":"article","og_title":"Abstraktihaku 2021 - Vaikuttavuuden talo","og_description":"Abstraktihaku \/\/ Call for Abstracts Ehdota esityst\u00e4 vaikuttavuuden tutkimuksen p\u00e4iville 2021 Viel\u00e4 ehdit ehdottaa videoposteria tutkimusp\u00e4iville! Palvelumme Br\u00e4nd\u00e4ys \u2192Websuunnittelu \u2192Webkehitys \u2192 Sis\u00e4lt\u00f6strategia \u2192Markkinointi ja SEO \u2192Videotuotanto \u2192 Posterit voivat pohjautua meneill\u00e4\u00e4n olevaan tai tuoreeseen tutkimukseen. Toivotamme tervetulleiksi niin laadullisia, m\u00e4\u00e4r\u00e4llisi\u00e4 kuin teoreettisiakin sek\u00e4 menetelm\u00e4llisi\u00e4 avauksia vaikuttavuuteen liittyen. My\u00f6s esitykset liittyen kokeellisiin ja interventiotutkimuksiin ovat tervetulleita. [&hellip;]","og_url":"https:\/\/sites.uef.fi\/vaikuttavuuden-talo\/abstraktihaku-2021\/","og_site_name":"Vaikuttavuuden talo","article_modified_time":"2023-06-02T12:35:48+00:00","twitter_card":"summary_large_image","twitter_misc":{"Arvioitu lukuaika":"2 minuuttia"},"schema":{"@context":"https:\/\/schema.org","@graph":[{"@type":"WebPage","@id":"https:\/\/sites.uef.fi\/vaikuttavuuden-talo\/abstraktihaku-2021\/","url":"https:\/\/sites.uef.fi\/vaikuttavuuden-talo\/abstraktihaku-2021\/","name":"Abstraktihaku 2021 - Vaikuttavuuden talo","isPartOf":{"@id":"https:\/\/sites.uef.fi\/vaikuttavuuden-talo\/#website"},"datePublished":"2021-04-09T10:12:38+00:00","dateModified":"2023-06-02T12:35:48+00:00","breadcrumb":{"@id":"https:\/\/sites.uef.fi\/vaikuttavuuden-talo\/abstraktihaku-2021\/#breadcrumb"},"inLanguage":"fi","potentialAction":[{"@type":"ReadAction","target":["https:\/\/sites.uef.fi\/vaikuttavuuden-talo\/abstraktihaku-2021\/"]}]},{"@type":"BreadcrumbList","@id":"https:\/\/sites.uef.fi\/vaikuttavuuden-talo\/abstraktihaku-2021\/#breadcrumb","itemListElement":[{"@type":"ListItem","position":1,"name":"Home","item":"https:\/\/sites.uef.fi\/vaikuttavuuden-talo\/"},{"@type":"ListItem","position":2,"name":"Abstraktihaku 2021"}]},{"@type":"WebSite","@id":"https:\/\/sites.uef.fi\/vaikuttavuuden-talo\/#website","url":"https:\/\/sites.uef.fi\/vaikuttavuuden-talo\/","name":"Vaikuttavuuden talo","description":"","potentialAction":[{"@type":"SearchAction","target":{"@type":"EntryPoint","urlTemplate":"https:\/\/sites.uef.fi\/vaikuttavuuden-talo\/?s={search_term_string}"},"query-input":{"@type":"PropertyValueSpecification","valueRequired":true,"valueName":"search_term_string"}}],"inLanguage":"fi"}]}},"_links":{"self":[{"href":"https:\/\/sites.uef.fi\/vaikuttavuuden-talo\/wp-json\/wp\/v2\/pages\/3101","targetHints":{"allow":["GET"]}}],"collection":[{"href":"https:\/\/sites.uef.fi\/vaikuttavuuden-talo\/wp-json\/wp\/v2\/pages"}],"about":[{"href":"https:\/\/sites.uef.fi\/vaikuttavuuden-talo\/wp-json\/wp\/v2\/types\/page"}],"author":[{"embeddable":true,"href":"https:\/\/sites.uef.fi\/vaikuttavuuden-talo\/wp-json\/wp\/v2\/users\/473"}],"replies":[{"embeddable":true,"href":"https:\/\/sites.uef.fi\/vaikuttavuuden-talo\/wp-json\/wp\/v2\/comments?post=3101"}],"version-history":[{"count":1,"href":"https:\/\/sites.uef.fi\/vaikuttavuuden-talo\/wp-json\/wp\/v2\/pages\/3101\/revisions"}],"predecessor-version":[{"id":7439,"href":"https:\/\/sites.uef.fi\/vaikuttavuuden-talo\/wp-json\/wp\/v2\/pages\/3101\/revisions\/7439"}],"wp:attachment":[{"href":"https:\/\/sites.uef.fi\/vaikuttavuuden-talo\/wp-json\/wp\/v2\/media?parent=3101"}],"curies":[{"name":"wp","href":"https:\/\/api.w.org\/{rel}","templated":true}]}}