{"id":315,"date":"2020-04-30T10:43:45","date_gmt":"2020-04-30T08:43:45","guid":{"rendered":"https:\/\/sites.uef.fi\/vaikuttavuuden-talo\/?page_id=315"},"modified":"2020-09-14T09:15:31","modified_gmt":"2020-09-14T07:15:31","slug":"hyvinvointioikeus","status":"publish","type":"page","link":"https:\/\/sites.uef.fi\/vaikuttavuuden-talo\/hyvinvointioikeus\/","title":{"rendered":"Hyvinvointioikeus"},"content":{"rendered":"<h1>Hyvinvointioikeus<\/h1>\n<p>Hyvinvointioikeuden tutkimuksen ytimess\u00e4 ovat yksil\u00f6n hyvinvointiin liittyv\u00e4t perustavanlaatuiset oikeudet ihmisen el\u00e4m\u00e4nkaaren eri vaiheissa, kuten lapsuudessa ja vanhuudessa. Hyvinvointioikeudessa tutkitaan my\u00f6s muun muassa toimeentuloturva- ja hyvinvointipalveluj\u00e4rjestelm\u00e4n eri lohkoja sek\u00e4 hyvinvointipalveluiden j\u00e4rjest\u00e4miseen ja tuottamiseen osallistuvia\u00a0 viranomaisia ja muita toimijoita.<\/p>\n<p>Hyvinvointioikeus ei viittaa k\u00e4sitteen\u00e4 itsen\u00e4iseen oikeudenalaan vaan pikemminkin oikeustieteellisen tutkimuksen kokonaisuuteen, jonka kohteena ovat taloudelliseen toimeentuloon, sosiaaliseen hyvinvointiin sek\u00e4 fyysiseen ja psyykkiseen terveyteen liittyv\u00e4 oikeudellinen s\u00e4\u00e4ntely.<\/p>\n<p>Hyvinvointioikeuden tutkimus on It\u00e4-Suomen yliopistossa keskittynyt <a href=\"https:\/\/sites.uef.fi\/hyvinvointioikeus\/\" target=\"_blank\" rel=\"noopener noreferrer\">Hyvinvointioikeuden instituuttiin<\/a>.\u00a0 Hyvinvointioikeuden instituutin tutkijat ovat t\u00e4ll\u00e4 hetkell\u00e4 mukana seuraavissa hankkeissa.<\/p>\n<ul id=\"yui_patched_v3_11_0_1_1588236196405_563\">\n<li><a href=\"http:\/\/www.uef.fi\/fi\/web\/oikeustieteet\/mciatwork\" target=\"_blank\" rel=\"noopener noreferrer\">MCI@work <\/a>kansainv\u00e4lisess\u00e4 monitieteisess\u00e4 tutkimushankkeessa tarkastellaan ty\u00f6ik\u00e4isen\u00e4 muistisairauteen sairastuneiden erityiskysymyksi\u00e4.<\/li>\n<li><a href=\"http:\/\/www.uef.fi\/fi\/web\/oikeustieteet\/merela\" target=\"_blank\" rel=\"noopener noreferrer\">MeRela<\/a> -hankkeessa tutkitaan ik\u00e4ihmisten kotisaattohoitoa.<\/li>\n<li>Sote-henkil\u00f6st\u00f6n tasa-arvo -hankkeessa tutkitaan sote- ja maakuntauudistuksen vaikutuksia sote-alojen henkil\u00f6st\u00f6\u00f6n sukupuolten tasa-arvon n\u00e4k\u00f6kulmasta.<\/li>\n<li><a href=\"https:\/\/www.fafo.no\/en\/projects\/current-projects\" target=\"_blank\" rel=\"noopener noreferrer\">Fafo<\/a> kansainv\u00e4lisess\u00e4 monitieteisess\u00e4 tutkimushankkeessa tarkastellaan ty\u00f6n ja ty\u00f6nteon tapojen muutoksia, kuten digitalisaation vaikutuksia ty\u00f6markkinoihin.<\/li>\n<li><a href=\"http:\/\/www.artsequal.fi\/\" target=\"_blank\" rel=\"noopener noreferrer\">Artsequal<\/a> -hanke tutkii, kuinka taide julkisena palveluna voisi lis\u00e4t\u00e4 yhteiskunnallista tasa-arvoa ja hyvinvointia 2020-luvun Suomessa.<\/li>\n<li id=\"yui_patched_v3_11_0_1_1588236196405_562\"><a href=\"https:\/\/blogs.helsinki.fi\/taidejatekijanoikeus\/projektin-esittely-project-abstract\/\" target=\"_blank\" rel=\"noopener noreferrer\">Taide, tekij\u00e4noikeus ja tekijyyden muutos\u00a0 <\/a>-hanke paneutuu tekij\u00e4n asemaan ja oikeuksiin nykyp\u00e4iv\u00e4n taidemaailmassa, erityisesti kirjallisuudessa ja kuvataiteissa.<\/li>\n<\/ul>\n","protected":false},"excerpt":{"rendered":"<p>Hyvinvointioikeus Hyvinvointioikeuden tutkimuksen ytimess\u00e4 ovat yksil\u00f6n hyvinvointiin liittyv\u00e4t perustavanlaatuiset oikeudet ihmisen el\u00e4m\u00e4nkaaren eri vaiheissa, kuten lapsuudessa ja vanhuudessa. Hyvinvointioikeudessa tutkitaan my\u00f6s muun muassa toimeentuloturva- ja hyvinvointipalveluj\u00e4rjestelm\u00e4n eri lohkoja sek\u00e4 hyvinvointipalveluiden j\u00e4rjest\u00e4miseen ja tuottamiseen osallistuvia\u00a0 viranomaisia ja muita toimijoita. Hyvinvointioikeus ei viittaa k\u00e4sitteen\u00e4 itsen\u00e4iseen oikeudenalaan vaan pikemminkin oikeustieteellisen tutkimuksen kokonaisuuteen, jonka kohteena ovat taloudelliseen toimeentuloon, sosiaaliseen [&hellip;]<\/p>\n","protected":false},"author":39,"featured_media":0,"parent":0,"menu_order":0,"comment_status":"closed","ping_status":"closed","template":"","meta":{"_acf_changed":false,"_monsterinsights_skip_tracking":false,"_monsterinsights_sitenote_active":false,"_monsterinsights_sitenote_note":"","_monsterinsights_sitenote_category":0,"footnotes":""},"class_list":["post-315","page","type-page","status-publish","hentry"],"acf":[],"yoast_head":"<!-- This site is optimized with the Yoast SEO plugin v27.1.1 - https:\/\/yoast.com\/product\/yoast-seo-wordpress\/ -->\n<title>Hyvinvointioikeus - Vaikuttavuuden talo<\/title>\n<meta name=\"robots\" content=\"index, follow, max-snippet:-1, max-image-preview:large, max-video-preview:-1\" \/>\n<link rel=\"canonical\" href=\"https:\/\/sites.uef.fi\/vaikuttavuuden-talo\/hyvinvointioikeus\/\" \/>\n<meta property=\"og:locale\" content=\"fi_FI\" \/>\n<meta property=\"og:type\" content=\"article\" \/>\n<meta property=\"og:title\" content=\"Hyvinvointioikeus - Vaikuttavuuden talo\" \/>\n<meta property=\"og:description\" content=\"Hyvinvointioikeus Hyvinvointioikeuden tutkimuksen ytimess\u00e4 ovat yksil\u00f6n hyvinvointiin liittyv\u00e4t perustavanlaatuiset oikeudet ihmisen el\u00e4m\u00e4nkaaren eri vaiheissa, kuten lapsuudessa ja vanhuudessa. Hyvinvointioikeudessa tutkitaan my\u00f6s muun muassa toimeentuloturva- ja hyvinvointipalveluj\u00e4rjestelm\u00e4n eri lohkoja sek\u00e4 hyvinvointipalveluiden j\u00e4rjest\u00e4miseen ja tuottamiseen osallistuvia\u00a0 viranomaisia ja muita toimijoita. Hyvinvointioikeus ei viittaa k\u00e4sitteen\u00e4 itsen\u00e4iseen oikeudenalaan vaan pikemminkin oikeustieteellisen tutkimuksen kokonaisuuteen, jonka kohteena ovat taloudelliseen toimeentuloon, sosiaaliseen [&hellip;]\" \/>\n<meta property=\"og:url\" content=\"https:\/\/sites.uef.fi\/vaikuttavuuden-talo\/hyvinvointioikeus\/\" \/>\n<meta property=\"og:site_name\" content=\"Vaikuttavuuden talo\" \/>\n<meta property=\"article:modified_time\" content=\"2020-09-14T07:15:31+00:00\" \/>\n<meta name=\"twitter:card\" content=\"summary_large_image\" \/>\n<meta name=\"twitter:label1\" content=\"Arvioitu lukuaika\" \/>\n\t<meta name=\"twitter:data1\" content=\"1 minuutti\" \/>\n<script type=\"application\/ld+json\" class=\"yoast-schema-graph\">{\"@context\":\"https:\/\/schema.org\",\"@graph\":[{\"@type\":\"WebPage\",\"@id\":\"https:\/\/sites.uef.fi\/vaikuttavuuden-talo\/hyvinvointioikeus\/\",\"url\":\"https:\/\/sites.uef.fi\/vaikuttavuuden-talo\/hyvinvointioikeus\/\",\"name\":\"Hyvinvointioikeus - Vaikuttavuuden talo\",\"isPartOf\":{\"@id\":\"https:\/\/sites.uef.fi\/vaikuttavuuden-talo\/#website\"},\"datePublished\":\"2020-04-30T08:43:45+00:00\",\"dateModified\":\"2020-09-14T07:15:31+00:00\",\"breadcrumb\":{\"@id\":\"https:\/\/sites.uef.fi\/vaikuttavuuden-talo\/hyvinvointioikeus\/#breadcrumb\"},\"inLanguage\":\"fi\",\"potentialAction\":[{\"@type\":\"ReadAction\",\"target\":[\"https:\/\/sites.uef.fi\/vaikuttavuuden-talo\/hyvinvointioikeus\/\"]}]},{\"@type\":\"BreadcrumbList\",\"@id\":\"https:\/\/sites.uef.fi\/vaikuttavuuden-talo\/hyvinvointioikeus\/#breadcrumb\",\"itemListElement\":[{\"@type\":\"ListItem\",\"position\":1,\"name\":\"Home\",\"item\":\"https:\/\/sites.uef.fi\/vaikuttavuuden-talo\/\"},{\"@type\":\"ListItem\",\"position\":2,\"name\":\"Hyvinvointioikeus\"}]},{\"@type\":\"WebSite\",\"@id\":\"https:\/\/sites.uef.fi\/vaikuttavuuden-talo\/#website\",\"url\":\"https:\/\/sites.uef.fi\/vaikuttavuuden-talo\/\",\"name\":\"Vaikuttavuuden talo\",\"description\":\"\",\"potentialAction\":[{\"@type\":\"SearchAction\",\"target\":{\"@type\":\"EntryPoint\",\"urlTemplate\":\"https:\/\/sites.uef.fi\/vaikuttavuuden-talo\/?s={search_term_string}\"},\"query-input\":{\"@type\":\"PropertyValueSpecification\",\"valueRequired\":true,\"valueName\":\"search_term_string\"}}],\"inLanguage\":\"fi\"}]}<\/script>\n<!-- \/ Yoast SEO plugin. -->","yoast_head_json":{"title":"Hyvinvointioikeus - Vaikuttavuuden talo","robots":{"index":"index","follow":"follow","max-snippet":"max-snippet:-1","max-image-preview":"max-image-preview:large","max-video-preview":"max-video-preview:-1"},"canonical":"https:\/\/sites.uef.fi\/vaikuttavuuden-talo\/hyvinvointioikeus\/","og_locale":"fi_FI","og_type":"article","og_title":"Hyvinvointioikeus - Vaikuttavuuden talo","og_description":"Hyvinvointioikeus Hyvinvointioikeuden tutkimuksen ytimess\u00e4 ovat yksil\u00f6n hyvinvointiin liittyv\u00e4t perustavanlaatuiset oikeudet ihmisen el\u00e4m\u00e4nkaaren eri vaiheissa, kuten lapsuudessa ja vanhuudessa. Hyvinvointioikeudessa tutkitaan my\u00f6s muun muassa toimeentuloturva- ja hyvinvointipalveluj\u00e4rjestelm\u00e4n eri lohkoja sek\u00e4 hyvinvointipalveluiden j\u00e4rjest\u00e4miseen ja tuottamiseen osallistuvia\u00a0 viranomaisia ja muita toimijoita. Hyvinvointioikeus ei viittaa k\u00e4sitteen\u00e4 itsen\u00e4iseen oikeudenalaan vaan pikemminkin oikeustieteellisen tutkimuksen kokonaisuuteen, jonka kohteena ovat taloudelliseen toimeentuloon, sosiaaliseen [&hellip;]","og_url":"https:\/\/sites.uef.fi\/vaikuttavuuden-talo\/hyvinvointioikeus\/","og_site_name":"Vaikuttavuuden talo","article_modified_time":"2020-09-14T07:15:31+00:00","twitter_card":"summary_large_image","twitter_misc":{"Arvioitu lukuaika":"1 minuutti"},"schema":{"@context":"https:\/\/schema.org","@graph":[{"@type":"WebPage","@id":"https:\/\/sites.uef.fi\/vaikuttavuuden-talo\/hyvinvointioikeus\/","url":"https:\/\/sites.uef.fi\/vaikuttavuuden-talo\/hyvinvointioikeus\/","name":"Hyvinvointioikeus - Vaikuttavuuden talo","isPartOf":{"@id":"https:\/\/sites.uef.fi\/vaikuttavuuden-talo\/#website"},"datePublished":"2020-04-30T08:43:45+00:00","dateModified":"2020-09-14T07:15:31+00:00","breadcrumb":{"@id":"https:\/\/sites.uef.fi\/vaikuttavuuden-talo\/hyvinvointioikeus\/#breadcrumb"},"inLanguage":"fi","potentialAction":[{"@type":"ReadAction","target":["https:\/\/sites.uef.fi\/vaikuttavuuden-talo\/hyvinvointioikeus\/"]}]},{"@type":"BreadcrumbList","@id":"https:\/\/sites.uef.fi\/vaikuttavuuden-talo\/hyvinvointioikeus\/#breadcrumb","itemListElement":[{"@type":"ListItem","position":1,"name":"Home","item":"https:\/\/sites.uef.fi\/vaikuttavuuden-talo\/"},{"@type":"ListItem","position":2,"name":"Hyvinvointioikeus"}]},{"@type":"WebSite","@id":"https:\/\/sites.uef.fi\/vaikuttavuuden-talo\/#website","url":"https:\/\/sites.uef.fi\/vaikuttavuuden-talo\/","name":"Vaikuttavuuden talo","description":"","potentialAction":[{"@type":"SearchAction","target":{"@type":"EntryPoint","urlTemplate":"https:\/\/sites.uef.fi\/vaikuttavuuden-talo\/?s={search_term_string}"},"query-input":{"@type":"PropertyValueSpecification","valueRequired":true,"valueName":"search_term_string"}}],"inLanguage":"fi"}]}},"_links":{"self":[{"href":"https:\/\/sites.uef.fi\/vaikuttavuuden-talo\/wp-json\/wp\/v2\/pages\/315","targetHints":{"allow":["GET"]}}],"collection":[{"href":"https:\/\/sites.uef.fi\/vaikuttavuuden-talo\/wp-json\/wp\/v2\/pages"}],"about":[{"href":"https:\/\/sites.uef.fi\/vaikuttavuuden-talo\/wp-json\/wp\/v2\/types\/page"}],"author":[{"embeddable":true,"href":"https:\/\/sites.uef.fi\/vaikuttavuuden-talo\/wp-json\/wp\/v2\/users\/39"}],"replies":[{"embeddable":true,"href":"https:\/\/sites.uef.fi\/vaikuttavuuden-talo\/wp-json\/wp\/v2\/comments?post=315"}],"version-history":[{"count":2,"href":"https:\/\/sites.uef.fi\/vaikuttavuuden-talo\/wp-json\/wp\/v2\/pages\/315\/revisions"}],"predecessor-version":[{"id":1672,"href":"https:\/\/sites.uef.fi\/vaikuttavuuden-talo\/wp-json\/wp\/v2\/pages\/315\/revisions\/1672"}],"wp:attachment":[{"href":"https:\/\/sites.uef.fi\/vaikuttavuuden-talo\/wp-json\/wp\/v2\/media?parent=315"}],"curies":[{"name":"wp","href":"https:\/\/api.w.org\/{rel}","templated":true}]}}