{"id":333,"date":"2020-04-30T10:47:13","date_gmt":"2020-04-30T08:47:13","guid":{"rendered":"https:\/\/sites.uef.fi\/vaikuttavuuden-talo\/?page_id=333"},"modified":"2020-12-18T13:25:14","modified_gmt":"2020-12-18T11:25:14","slug":"johtaminen-ja-palvelujen-talous","status":"publish","type":"page","link":"https:\/\/sites.uef.fi\/vaikuttavuuden-talo\/johtaminen-ja-palvelujen-talous\/","title":{"rendered":"Johtaminen ja palvelujen talous"},"content":{"rendered":"\n<h1 class=\"wp-block-heading\">Johtaminen ja palvelujen talous<\/h1>\n\n\n\n<p>Palveluprosessien johtamisella on olennainen merkitys palvelujen vaikuttavuudelle. Sen vuoksi sosiaali- ja terveyspalvelujen johtaminen on tutkimusty\u00f6mme kohteena. Resurssien tehokas kohdentaminen edellytt\u00e4\u00e4 tutkittua tietoa palvelujen taloudellisuudesta ja kustannusvaikuttavuudesta koskevaa tietoa. Etenkin sote-uudistuksessa korostuu reformien arvioinnin t\u00e4rkeys.<\/p>\n\n\n\n<h2 class=\"wp-block-heading\">Johtaminen<\/h2>\n\n\n\n<p>Sosiaali- ja terveyspalvelujen johtaminen on olennaisesti yhteydess\u00e4 palvelujen vaikuttavuuteen. Sosiaali- ja terveyshallintotieteen tutkimuksen n\u00e4k\u00f6kulmina ovat esimerkiksi sosiaali- ja terveyspalvelujen integrointi, monisairaiden asiakkaiden palveluprosessit, tulevaisuuden osaamistarpeet, sote-johtamisen vaikuttavuus sek\u00e4 henkil\u00f6st\u00f6n jaksamiseen ja ty\u00f6hyvinvointiin liittyv\u00e4t teemat. Sote-uudistuksessa korostuu my\u00f6s reformien arvioinnin t\u00e4rkeys sek\u00e4 kuntien ja maakuntien ett\u00e4 kansallisella tasolla.<\/p>\n\n\n\n<ul class=\"wp-block-list\"><li><a href=\"https:\/\/uefconnect.uef.fi\/tutkimusryhma\/tieku-tiedon-kaytto-kuntien-toiminnassa-ja-valtion-kuntia-koskevassa-paatoksenteossa\/\">TIEKU \u2013 Tiedon k\u00e4ytt\u00f6 kuntien toiminnassa ja valtion kuntia koskevassa p\u00e4\u00e4t\u00f6ksenteossa<\/a> tutkimushankkeessa tarkastellaan kuntien toiminnassa sek\u00e4 valtion kuntia koskevassa p\u00e4\u00e4t\u00f6ksenteossa k\u00e4ytett\u00e4v\u00e4n tiedon k\u00e4ytt\u00f6alaa, merkityst\u00e4 ja sit\u00e4, vastaako saatavilla oleva tieto p\u00e4\u00e4t\u00f6ksentekij\u00f6iden tiedontarpeisiin. Tutkimuksessa on mukana kolme kaupunkia ja yksi kunta, ja lis\u00e4ksi tutkimuksessa selvitet\u00e4\u00e4n eduskunnan eri valiokuntien, erityisesti hallintovaliokunnan, sivistysvaliokunnan sek\u00e4 sosiaali- ja terveysvaliokunnan, ja eri ministeri\u00f6iden kuntia koskevaan p\u00e4\u00e4t\u00f6ksentekoon ja ohjaukseen liittyv\u00e4\u00e4 toimintaa. Tutkimuksessa tarkastellaan my\u00f6s tiedon k\u00e4ytt\u00e4misen prosesseja ja muotoja tiedonk\u00e4ytt\u00e4misen ja p\u00e4\u00e4t\u00f6ksenteon eri vaiheissa; valmistelussa, p\u00e4\u00e4t\u00f6ksenteossa ja p\u00e4\u00e4t\u00f6sten toimeenpanossa.<br>Tutkimushankkeen rahoittaja: Kunnallisalan Kehitt\u00e4miss\u00e4\u00e4ti\u00f6<br>Tutkimuksen kestoaika: 2020\u20132021.<br>Yhteystiedot: vuokko.niiranen@uef.fi<\/li><li><a href=\"https:\/\/uefconnect.uef.fi\/tutkimusryhma\/vaikuttava-sosiaali-ja-terveysjohtaminen-jova\/\" target=\"_blank\" rel=\"noopener noreferrer\">JoVa \u2013 Vaikuttava sosiaali- ja terveysjohtaminen<\/a> -tutkimushankkeen tarkoituksena on selvitt\u00e4\u00e4 johtamisen yhteytt\u00e4 ja vaikutuksia organisaation tuloksellisuuteen uudistuvassa sosiaali- ja terveyspalveluj\u00e4rjestelm\u00e4ss\u00e4. Tutkimus toteutetaan sosiaali- ja terveysjohtamisen laitoksella seurantatutkimuksena, jossa toteutetaan kyselyt sosiaali- ja terveysjohtajille terveydenhuollon organisaatioissa vuosina 2018 ja 2022.<\/li><li><a href=\"http:\/\/www.uef.fi\/fi\/web\/onnistusoteintegraatiossa\" target=\"_blank\" rel=\"noopener noreferrer\">Onnistu sote-integraatiossa <\/a>-tutkimushankkeen tavoitteena on tuottaa yhdess\u00e4 kuntatason sosiaali- ja terveysalan toimijoiden kanssa tietoa siit\u00e4, mitk\u00e4 ovat perusterveydenhuollon, erikoissairaanhoidon ja sosiaalipalvelujen toiminnallisen integraation onnistumisen edellytykset. K\u00e4yt\u00e4nn\u00f6n tavoitteena on tuottaa asiakasl\u00e4ht\u00f6inen, integroitu toimintamalli paljon palveluja tarvitsevien asiakkaiden palvelujen kehitt\u00e4miseen.<\/li><li><a href=\"http:\/\/www.icare4eu.org\/\" target=\"_blank\" rel=\"noopener noreferrer\">ICARE4EU (Innovating care for people with multiple chronic conditions in Europe)<\/a> describes and analyses innovative approaches in multidisciplinary care for people with multiple chronic conditions currently existing in Europe (2013\u20132016).<\/li><li><a href=\"http:\/\/www.stncope.fi\" target=\"_blank\" rel=\"noopener noreferrer\">COPE \u2013 Osaavan ty\u00f6voiman varmistaminen sosiaali- ja terveydenhuollon murroksessa<\/a> -hankkeessa tutkitaan sosiaali- ja terveydenhuollon murrosta ja sen vaikutuksia ty\u00f6h\u00f6n, osaamistarpeisiin ja osaamisen kehitt\u00e4miseen. Hankkeen teemat ovat Muuttuva ty\u00f6, Digitalisaatio, Monikulttuuriset ty\u00f6yhteis\u00f6t, Elinik\u00e4inen oppiminen, sek\u00e4 Hallinto, johtaminen ja p\u00e4\u00e4t\u00f6ksenteko.<\/li><li><a href=\"https:\/\/www.uef.fi\/fi\/yksikko\/sosiaali-ja-terveysjohtamisen-laitos-stj#paragraph-7163\" target=\"_blank\" rel=\"noopener noreferrer\">Sosiaali- ja terveysjohtamisen laitoksen tutkimushankkeet<\/a><\/li><li><a href=\"https:\/\/www.lewoge.fi\/\" target=\"_blank\" rel=\"noopener noreferrer\">Lean Work Gender <\/a>-hanke&nbsp;tutkii lean-tuotantomallia ja sen soveltamisen vaikutuksia julkisen sektorin sosiaali- ja terveyspalveluty\u00f6ss\u00e4.<\/li><\/ul>\n\n\n\n<h2 class=\"wp-block-heading\">Talous<\/h2>\n\n\n\n<p>Palvelujen ja hoitojen oikea kohdentaminen ja k\u00e4ytett\u00e4viss\u00e4 olevien resurssien tehokas k\u00e4ytt\u00f6 sosiaali- ja terveydenhuollossa edellytt\u00e4\u00e4 luotettavaa tietoa palvelujen ja interventioiden vaikuttavuudesta ja kustannusvaikuttavuudesta. Terveystaloustieteen tutkimus tarkastelee terveyspalvelujen sek\u00e4 ik\u00e4\u00e4ntyneille, lapsille ja perheille tarjottujen palvelujen kustannusvaikuttavuutta sek\u00e4 l\u00e4\u00e4kkeiden kustannuksia ja liikunnan vaikuttavuutta.<\/p>\n\n\n\n<ul class=\"wp-block-list\" id=\"yui_patched_v3_11_0_1_1588236318546_574\"><li><a href=\"https:\/\/www.helsinki.fi\/fi\/uutiset\/terveys\/vaikuttava-sosiaali-ja-terveydenhuolto-kohdentaa-voimavarat-ihmisten-parhaaksi\">SOTE-vaikuttavuuskeskus<\/a> -hankkeessa laaditaan toimintasuunnitelma kansalliselle SOTE-vaikuttavuuskeskukselle, jossa m\u00e4\u00e4ritet\u00e4\u00e4n vaikuttavuuskeskuksen rooli ja toimintatavat osana suomalaista sote-asiantuntijaverkostoa. Tavoite on, ett\u00e4 keskus tuo lis\u00e4arvoa ja uudenlaisia ratkaisuja kustannusvaikuttavuustiedon hy\u00f6dynt\u00e4miseen p\u00e4\u00e4t\u00f6ksenteossa ja sote-palveluiden kehitt\u00e4misess\u00e4. Toimintasuunnitelmassa on tavoitteena my\u00f6s m\u00e4\u00e4ritt\u00e4\u00e4 vaikuttavuuskeskuksen pitk\u00e4aikainen rahoitus siten, ett\u00e4 sen toiminta on kest\u00e4v\u00e4ll\u00e4 pohjalla. <br><br>Vaikuttavuuskeskuksen tavoitteita ovat:  <br>1) tuottaa parempaa vaikuttavuustietoa palveluj\u00e4rjestelm\u00e4n kehitt\u00e4miseen kaikilla sen eri tasoilla<br>2) saada aikaan laajempia tutkimushankkeita aiheesta ja menesty\u00e4 nykyist\u00e4 paremmin kansainv\u00e4lisess\u00e4 kilpailussa rahoituksessa<br>3) tukea hyvinvointi- ja terveysalan kasvuyrityksi\u00e4 vaikuttavien markkinaratkaisuiden kehitt\u00e4misess\u00e4 <br>4) auttaa ammattihenkil\u00f6it\u00e4, johtoa ja poliittisia p\u00e4\u00e4t\u00f6ksentekij\u00f6it\u00e4 haasteellisissa strategissa p\u00e4\u00e4t\u00f6ksiss\u00e4 niukkojen resurssien kohdentamiseksi perustellulla ja eettisesti kest\u00e4v\u00e4ll\u00e4 tavalla.<\/li><\/ul>\n\n\n\n<p>Sote-vaikuttavuuskeskuksen toimintasuunnitelma on tarkoitus laatia yhteisty\u00f6ss\u00e4 kansallisten toimijoiden, yliopistojen ja tutkimuslaitosten, SOTE-palvelutuottajien ja alan yritysten kanssa. Selvitysty\u00f6 kest\u00e4\u00e4 kuusi kuukautta.<br>Helsingin yliopisto on saanut lahjoituksen SOTE-vaikuttavuuskeskuksen toimintasuunnitelman laatimista varten l\u00e4\u00e4kint\u00f6neuvos Sakari Alhopurolta. It\u00e4-Suomen yliopiston Vaikuttavuuden talo toimii hankkeen osahanketoteuttajana.<br>Projektin ohjausryhm\u00e4n puheenjohtajana toimii kansanedustaja Paula Risikko.<br><br>Hankkeen yhteystiedot:<br>Tomi M\u00e4ki-Opas, tutkimusjohtaja, It\u00e4-Suomen yliopisto, tomi.maki-opas@uef.fi<br>SOTE-vaikuttavuuskeskus -hankkeen projektip\u00e4\u00e4llikk\u00f6<br>Paulus Torkki, apulaisprofessori, Helsingin yliopisto<br>SOTE-vaikuttavuuskeskus-hankkeen projektijohtaja<strong><br><\/strong><\/p>\n\n\n\n<p><a rel=\"noopener noreferrer\" href=\"http:\/\/www.uef.fi\/web\/apex\/apex\" target=\"_blank\">APEX \u2013 Tietoisuus, ennaltaehk\u00e4isy ja varhaiset interventiot<\/a> -hankkeen tavoite on edist\u00e4\u00e4 tuloista, koulutuksesta, asuinpaikasta ja syntyper\u00e4st\u00e4 riippumatonta mielenterveytt\u00e4 perheiss\u00e4. Hanke kehitt\u00e4\u00e4 ja tutkii mielenterveyden lukutaitoa lis\u00e4\u00e4vi\u00e4 palveluja sek\u00e4 synnytyksenj\u00e4lkeisen masennuksen, lasten k\u00e4yt\u00f6soireilun ja koululaisten ahdistuneisuuden matalan kynnyksen et\u00e4hoito-ohjelmia, joita yhdist\u00e4v\u00e4t k\u00e4ytt\u00e4j\u00e4l\u00e4ht\u00f6isyys ja digitaalisten palvelujen k\u00e4ytt\u00f6.<\/p>\n\n\n\n<p><a rel=\"noopener noreferrer\" href=\"http:\/\/www.excelc.eu\" target=\"_blank\">EXCELC \u2013 Pitk\u00e4aikaishoidon vaikuttavuus ja tehokkuus kansainv\u00e4lisess\u00e4 vertailussa<\/a> -tutkimus vertailee ik\u00e4\u00e4ntyneiden laitosten ulkopuolisen pitk\u00e4aikaishoidon (esimerkiksi kotipalvelujen ja p\u00e4iv\u00e4toiminnan) tehokkuutta ja vaikuttavuutta niin hoidettavien kuin hoitajienkin n\u00e4k\u00f6kulmasta Englannissa, It\u00e4vallassa ja Suomessa.<\/p>\n\n\n\n<p> <a rel=\"noopener noreferrer\" href=\"http:\/\/www.stnimpro.fi\" target=\"_blank\">STN IMPRO <\/a>-tutkimusprojekti tuottaa tutkittua tietoa sosiaali- ja terveydenhuollon uudistuksen tueksi sote-palveluiden rakenteesta, toimivuudesta ja tuloksellisuudesta. Tutkimusryhm\u00e4 analysoi sosiaali- ja terveydenhuollon palvelurakenteita, hoidon saavutettavuutta, hoitopolkuja, hoidon tuloksia ja kustannuksia sek\u00e4 kustannusvaikuttavuutta ennen sote-uudistusta ja sen j\u00e4lkeen. <\/p>\n","protected":false},"excerpt":{"rendered":"<p>Johtaminen ja palvelujen talous Palveluprosessien johtamisella on olennainen merkitys palvelujen vaikuttavuudelle. Sen vuoksi sosiaali- ja terveyspalvelujen johtaminen on tutkimusty\u00f6mme kohteena. Resurssien tehokas kohdentaminen edellytt\u00e4\u00e4 tutkittua tietoa palvelujen taloudellisuudesta ja kustannusvaikuttavuudesta koskevaa tietoa. Etenkin sote-uudistuksessa korostuu reformien arvioinnin t\u00e4rkeys. Johtaminen Sosiaali- ja terveyspalvelujen johtaminen on olennaisesti yhteydess\u00e4 palvelujen vaikuttavuuteen. Sosiaali- ja terveyshallintotieteen tutkimuksen n\u00e4k\u00f6kulmina ovat esimerkiksi [&hellip;]<\/p>\n","protected":false},"author":39,"featured_media":0,"parent":0,"menu_order":0,"comment_status":"closed","ping_status":"closed","template":"","meta":{"_acf_changed":false,"_monsterinsights_skip_tracking":false,"_monsterinsights_sitenote_active":false,"_monsterinsights_sitenote_note":"","_monsterinsights_sitenote_category":0,"footnotes":""},"class_list":["post-333","page","type-page","status-publish","hentry"],"acf":[],"yoast_head":"<!-- This site is optimized with the Yoast SEO plugin v27.1.1 - https:\/\/yoast.com\/product\/yoast-seo-wordpress\/ -->\n<title>Johtaminen ja palvelujen talous - Vaikuttavuuden talo<\/title>\n<meta name=\"robots\" content=\"index, follow, max-snippet:-1, max-image-preview:large, max-video-preview:-1\" \/>\n<link rel=\"canonical\" href=\"https:\/\/sites.uef.fi\/vaikuttavuuden-talo\/johtaminen-ja-palvelujen-talous\/\" \/>\n<meta property=\"og:locale\" content=\"fi_FI\" \/>\n<meta property=\"og:type\" content=\"article\" \/>\n<meta property=\"og:title\" content=\"Johtaminen ja palvelujen talous - Vaikuttavuuden talo\" \/>\n<meta property=\"og:description\" content=\"Johtaminen ja palvelujen talous Palveluprosessien johtamisella on olennainen merkitys palvelujen vaikuttavuudelle. Sen vuoksi sosiaali- ja terveyspalvelujen johtaminen on tutkimusty\u00f6mme kohteena. Resurssien tehokas kohdentaminen edellytt\u00e4\u00e4 tutkittua tietoa palvelujen taloudellisuudesta ja kustannusvaikuttavuudesta koskevaa tietoa. Etenkin sote-uudistuksessa korostuu reformien arvioinnin t\u00e4rkeys. Johtaminen Sosiaali- ja terveyspalvelujen johtaminen on olennaisesti yhteydess\u00e4 palvelujen vaikuttavuuteen. Sosiaali- ja terveyshallintotieteen tutkimuksen n\u00e4k\u00f6kulmina ovat esimerkiksi [&hellip;]\" \/>\n<meta property=\"og:url\" content=\"https:\/\/sites.uef.fi\/vaikuttavuuden-talo\/johtaminen-ja-palvelujen-talous\/\" \/>\n<meta property=\"og:site_name\" content=\"Vaikuttavuuden talo\" \/>\n<meta property=\"article:modified_time\" content=\"2020-12-18T11:25:14+00:00\" \/>\n<meta name=\"twitter:card\" content=\"summary_large_image\" \/>\n<meta name=\"twitter:label1\" content=\"Arvioitu lukuaika\" \/>\n\t<meta name=\"twitter:data1\" content=\"4 minuuttia\" \/>\n<script type=\"application\/ld+json\" class=\"yoast-schema-graph\">{\"@context\":\"https:\/\/schema.org\",\"@graph\":[{\"@type\":\"WebPage\",\"@id\":\"https:\/\/sites.uef.fi\/vaikuttavuuden-talo\/johtaminen-ja-palvelujen-talous\/\",\"url\":\"https:\/\/sites.uef.fi\/vaikuttavuuden-talo\/johtaminen-ja-palvelujen-talous\/\",\"name\":\"Johtaminen ja palvelujen talous - Vaikuttavuuden talo\",\"isPartOf\":{\"@id\":\"https:\/\/sites.uef.fi\/vaikuttavuuden-talo\/#website\"},\"datePublished\":\"2020-04-30T08:47:13+00:00\",\"dateModified\":\"2020-12-18T11:25:14+00:00\",\"breadcrumb\":{\"@id\":\"https:\/\/sites.uef.fi\/vaikuttavuuden-talo\/johtaminen-ja-palvelujen-talous\/#breadcrumb\"},\"inLanguage\":\"fi\",\"potentialAction\":[{\"@type\":\"ReadAction\",\"target\":[\"https:\/\/sites.uef.fi\/vaikuttavuuden-talo\/johtaminen-ja-palvelujen-talous\/\"]}]},{\"@type\":\"BreadcrumbList\",\"@id\":\"https:\/\/sites.uef.fi\/vaikuttavuuden-talo\/johtaminen-ja-palvelujen-talous\/#breadcrumb\",\"itemListElement\":[{\"@type\":\"ListItem\",\"position\":1,\"name\":\"Home\",\"item\":\"https:\/\/sites.uef.fi\/vaikuttavuuden-talo\/\"},{\"@type\":\"ListItem\",\"position\":2,\"name\":\"Johtaminen ja palvelujen talous\"}]},{\"@type\":\"WebSite\",\"@id\":\"https:\/\/sites.uef.fi\/vaikuttavuuden-talo\/#website\",\"url\":\"https:\/\/sites.uef.fi\/vaikuttavuuden-talo\/\",\"name\":\"Vaikuttavuuden talo\",\"description\":\"\",\"potentialAction\":[{\"@type\":\"SearchAction\",\"target\":{\"@type\":\"EntryPoint\",\"urlTemplate\":\"https:\/\/sites.uef.fi\/vaikuttavuuden-talo\/?s={search_term_string}\"},\"query-input\":{\"@type\":\"PropertyValueSpecification\",\"valueRequired\":true,\"valueName\":\"search_term_string\"}}],\"inLanguage\":\"fi\"}]}<\/script>\n<!-- \/ Yoast SEO plugin. -->","yoast_head_json":{"title":"Johtaminen ja palvelujen talous - Vaikuttavuuden talo","robots":{"index":"index","follow":"follow","max-snippet":"max-snippet:-1","max-image-preview":"max-image-preview:large","max-video-preview":"max-video-preview:-1"},"canonical":"https:\/\/sites.uef.fi\/vaikuttavuuden-talo\/johtaminen-ja-palvelujen-talous\/","og_locale":"fi_FI","og_type":"article","og_title":"Johtaminen ja palvelujen talous - Vaikuttavuuden talo","og_description":"Johtaminen ja palvelujen talous Palveluprosessien johtamisella on olennainen merkitys palvelujen vaikuttavuudelle. Sen vuoksi sosiaali- ja terveyspalvelujen johtaminen on tutkimusty\u00f6mme kohteena. Resurssien tehokas kohdentaminen edellytt\u00e4\u00e4 tutkittua tietoa palvelujen taloudellisuudesta ja kustannusvaikuttavuudesta koskevaa tietoa. Etenkin sote-uudistuksessa korostuu reformien arvioinnin t\u00e4rkeys. Johtaminen Sosiaali- ja terveyspalvelujen johtaminen on olennaisesti yhteydess\u00e4 palvelujen vaikuttavuuteen. Sosiaali- ja terveyshallintotieteen tutkimuksen n\u00e4k\u00f6kulmina ovat esimerkiksi [&hellip;]","og_url":"https:\/\/sites.uef.fi\/vaikuttavuuden-talo\/johtaminen-ja-palvelujen-talous\/","og_site_name":"Vaikuttavuuden talo","article_modified_time":"2020-12-18T11:25:14+00:00","twitter_card":"summary_large_image","twitter_misc":{"Arvioitu lukuaika":"4 minuuttia"},"schema":{"@context":"https:\/\/schema.org","@graph":[{"@type":"WebPage","@id":"https:\/\/sites.uef.fi\/vaikuttavuuden-talo\/johtaminen-ja-palvelujen-talous\/","url":"https:\/\/sites.uef.fi\/vaikuttavuuden-talo\/johtaminen-ja-palvelujen-talous\/","name":"Johtaminen ja palvelujen talous - Vaikuttavuuden talo","isPartOf":{"@id":"https:\/\/sites.uef.fi\/vaikuttavuuden-talo\/#website"},"datePublished":"2020-04-30T08:47:13+00:00","dateModified":"2020-12-18T11:25:14+00:00","breadcrumb":{"@id":"https:\/\/sites.uef.fi\/vaikuttavuuden-talo\/johtaminen-ja-palvelujen-talous\/#breadcrumb"},"inLanguage":"fi","potentialAction":[{"@type":"ReadAction","target":["https:\/\/sites.uef.fi\/vaikuttavuuden-talo\/johtaminen-ja-palvelujen-talous\/"]}]},{"@type":"BreadcrumbList","@id":"https:\/\/sites.uef.fi\/vaikuttavuuden-talo\/johtaminen-ja-palvelujen-talous\/#breadcrumb","itemListElement":[{"@type":"ListItem","position":1,"name":"Home","item":"https:\/\/sites.uef.fi\/vaikuttavuuden-talo\/"},{"@type":"ListItem","position":2,"name":"Johtaminen ja palvelujen talous"}]},{"@type":"WebSite","@id":"https:\/\/sites.uef.fi\/vaikuttavuuden-talo\/#website","url":"https:\/\/sites.uef.fi\/vaikuttavuuden-talo\/","name":"Vaikuttavuuden talo","description":"","potentialAction":[{"@type":"SearchAction","target":{"@type":"EntryPoint","urlTemplate":"https:\/\/sites.uef.fi\/vaikuttavuuden-talo\/?s={search_term_string}"},"query-input":{"@type":"PropertyValueSpecification","valueRequired":true,"valueName":"search_term_string"}}],"inLanguage":"fi"}]}},"_links":{"self":[{"href":"https:\/\/sites.uef.fi\/vaikuttavuuden-talo\/wp-json\/wp\/v2\/pages\/333","targetHints":{"allow":["GET"]}}],"collection":[{"href":"https:\/\/sites.uef.fi\/vaikuttavuuden-talo\/wp-json\/wp\/v2\/pages"}],"about":[{"href":"https:\/\/sites.uef.fi\/vaikuttavuuden-talo\/wp-json\/wp\/v2\/types\/page"}],"author":[{"embeddable":true,"href":"https:\/\/sites.uef.fi\/vaikuttavuuden-talo\/wp-json\/wp\/v2\/users\/39"}],"replies":[{"embeddable":true,"href":"https:\/\/sites.uef.fi\/vaikuttavuuden-talo\/wp-json\/wp\/v2\/comments?post=333"}],"version-history":[{"count":2,"href":"https:\/\/sites.uef.fi\/vaikuttavuuden-talo\/wp-json\/wp\/v2\/pages\/333\/revisions"}],"predecessor-version":[{"id":2640,"href":"https:\/\/sites.uef.fi\/vaikuttavuuden-talo\/wp-json\/wp\/v2\/pages\/333\/revisions\/2640"}],"wp:attachment":[{"href":"https:\/\/sites.uef.fi\/vaikuttavuuden-talo\/wp-json\/wp\/v2\/media?parent=333"}],"curies":[{"name":"wp","href":"https:\/\/api.w.org\/{rel}","templated":true}]}}