{"id":3731,"date":"2021-08-11T11:00:55","date_gmt":"2021-08-11T09:00:55","guid":{"rendered":"https:\/\/sites.uef.fi\/vaikuttavuuden-talo\/?page_id=3731"},"modified":"2024-12-17T14:14:09","modified_gmt":"2024-12-17T12:14:09","slug":"vaikuttava-hyvinvoinnin-ja-terveyden-edistaminen-2","status":"publish","type":"page","link":"https:\/\/sites.uef.fi\/vaikuttavuuden-talo\/vaikuttava-hyvinvoinnin-ja-terveyden-edistaminen-2\/","title":{"rendered":"Vaikuttava hyvinvoinnin ja terveyden edist\u00e4minen"},"content":{"rendered":"\n<p>Tutkimme hyvinvoinnin ja terveyden eriarvoisuuden ja sairauksien ennaltaehk\u00e4isyn sek\u00e4 toisaalta terveyden ja hyvinvoinnin edist\u00e4misen vaikuttavuutta. Tutkimusteemamme tarkastelevat mm. heikommassa asemassa olevien ryhmien terveyden ja hyvinvoinnin edist\u00e4mist\u00e4, tyypin 2 diabeteksen ehk\u00e4isemist\u00e4 ja ik\u00e4ihmisten HYTE-toiminnan vaikuttavuuden kehitt\u00e4mist\u00e4.<\/p>\n\n\n\n<ul class=\"wp-block-list\">\n<li><a href=\"https:\/\/uefconnect.uef.fi\/prewell\/\">Yksil\u00f6llinen mielen hyvinvoinnin edist\u00e4minen korkean riskin aikuisv\u00e4est\u00f6ss\u00e4: toimijuus, pelillist\u00e4minen ja digitaalinen interventio (PREWELL)<\/a> -tutkimuskonsortion (2024\u20132028) tavoitteena on tutkia digitaalisen seulontaty\u00f6kalun ja mielen hyvinvointia edist\u00e4v\u00e4n digitaalisen intervention kustannusvaikuttavuutta. Tutkimustiedon avulla voidaan tehostaa mielen hyvinvointia rajoittavien tekij\u00f6iden ja toisaalta tukevien valmiuksien tunnistamista tarjoamalla yksil\u00f6llisi\u00e4 p\u00e4ivitt\u00e4isi\u00e4 pieni\u00e4 tekoja edist\u00e4m\u00e4\u00e4n mielen hyvinvointia aikuisilla.<br><br>Tutkimuskonsortion vet\u00e4j\u00e4n\u00e4 toimii Pohjois-Savon hyvinvointialueen hyvinvointipalvelujen tutkimuskeskus, ja konsortion partnereita ovat It\u00e4-Suomen yliopiston Sosiaali- ja terveysjohtamisen laitos sek\u00e4 Wellpro Impact Solutions Oy. PREWELL-konsortion kansainv\u00e4lisi\u00e4 yhteisty\u00f6kumppaneita ovat London School of Economics, Care Policy and Evaluation Centre Lontoosta ja University of Bern, Institute of Social and Preventive Medicine Sveitsist\u00e4. Lis\u00e4ksi kansallisia yhteisty\u00f6kumppaneita ovat Teknologian tutkimuskeskus VTT ja Mieliteko-ohjelma.<br><br>Lue tiedote: <a href=\"https:\/\/www.uef.fi\/fi\/artikkeli\/pohjois-savon-hyvinvointialueen-11-milj-euron-hanke-tutkii-yksilollista-mielen-hyvinvoinnin\">Pohjois-Savon hyvinvointialueen 1,1 milj. euron hanke tutkii yksil\u00f6llist\u00e4 mielen hyvinvoinnin edist\u00e4mist\u00e4 ja sen kustannusvaikuttavuutta sek\u00e4 pelillist\u00e4mist\u00e4<\/a> (uef.fi, 14.6.2024)<\/li>\n<\/ul>\n\n\n\n<p><\/p>\n\n\n\n<ul class=\"wp-block-list\">\n<li><a href=\"https:\/\/uefconnect.uef.fi\/hyvinvoinnin-edistamisen-ja-perustason-sote-palveluiden-integraation-vaikuttavuuden-parantaminen-pohjois-savossa-hype\/\">Hyvinvoinnin edist\u00e4misen ja perustason SOTE-palveluiden integraation vaikuttavuuden parantaminen Pohjois-Savossa (HYPE)<\/a> -projekti (2023\u20132025). Kansallisen vaikuttavuusverkoston tavoitteena on l\u00f6yt\u00e4\u00e4 vastauksia ja mittareita siihen, miten hyvinvointialueilla saadaan tuotettua asiakkaiden terveytt\u00e4 ja hyvinvointia parantavia palveluja yhdenvertaisesti ja kustannusvaikuttavasti. Ty\u00f6t\u00e4 vaikuttavien hoitojen ja palvelujen kehitt\u00e4miseksi on tehty eri puolilla Suomea vuosia. Tavoitteena on juurruttaa vaikuttavuuden ajatus erikoissairaanhoitoon, perusterveydenhuoltoon, sosiaalipalveluihin sek\u00e4 hyvinvoinnin ja terveyden edist\u00e4misen palveluihin.<br><br>Pohjois-Savon hyvinvointialueen ja Vaikuttavuuden talon roolina on tuoda verkostoon monitieteellinen TKI- ja koulutusosaamisensa liittyen perustason sosiaali- ja terveyspalveluiden sek\u00e4 hyvinvoinnin edist\u00e4misen vaikuttavuuteen, ett\u00e4 n\u00e4ihin liittyen toimintamallien implementointiin sek\u00e4 tukea verkoston rakentumista p\u00e4ivitt\u00e4m\u00e4ll\u00e4 tilannekuvan tietotarpeista ja osaamistarpeiden nykytilasta. <br><br>Projektin aikana toteutetaan 3 Pohjois-Savon alueellista osahanketta:\n<ul class=\"wp-block-list\">\n<li>Osahanke 1: Mielenterveyden ja p\u00e4ihteett\u00f6myyden edist\u00e4minen sek\u00e4 n\u00e4ihin liittyvien sosiaalipalveluiden kustannukset<\/li>\n\n\n\n<li>Osahanke 2: Tyypin 2 Diabeteksen komplikaatioiden ehk\u00e4isyn edist\u00e4minen<\/li>\n\n\n\n<li>Osahanke 3: Tiedolla johtamisen tutkiminen: PROM-kysely asukkaille<\/li>\n<\/ul>\n<\/li>\n<\/ul>\n\n\n\n<ul class=\"wp-block-list\">\n<li>Kansallisen hoitosuosituksen &#8221;<strong>Painehaavan ehk\u00e4isy ja tunnistaminen aikuispotilaan hoitoty\u00f6ss\u00e4<\/strong>&#8221; p\u00e4ivitysty\u00f6. Sosiaali- ja terveysjohtamisen laitoksen Sosiaali- ja terveydenhuollon tiedonhallinnan tutkimustiimist\u00e4 yliopistonlehtori Ulla-Mari Kinnunen on puheenjohtajana ty\u00f6ryhm\u00e4ss\u00e4, joka p\u00e4ivitt\u00e4\u00e4 v<a href=\"https:\/\/www.hotus.fi\/painehaavan-ehkaisy-ja-tunnistaminen-aikuispotilaan-hoitotyossa-hoitosuositus\/\">. 2015 tekem\u00e4ns\u00e4 hoitosuosituksen<\/a>.<\/li>\n<\/ul>\n\n\n\n<ul class=\"wp-block-list\">\n<li><a href=\"https:\/\/uefconnect.uef.fi\/tutkimusryhma\/fincc-luokituskokonaisuus-hoitotyon-termiston-tutkimusryhma\/\"><strong>Hoitoty\u00f6n terminologia<\/strong><\/a> -hankkeessa kehitet\u00e4\u00e4n ja yll\u00e4pidet\u00e4\u00e4n Suomalaista hoitoty\u00f6n luokituskokonaisuutta nimelt\u00e4\u00e4n <a href=\"http:\/\/fincc.fi\/\">FinCC, Finnish Care Classification<\/a>. Asiantuntijaryhm\u00e4n puheenjohtajana toimii It\u00e4-Suomen yliopiston Sosiaali- ja terveysjohtamisen laitoksen Sosiaali- ja terveydenhuollon tiedonhallinnan tiimist\u00e4 dosentti, yliopistonlehtori Ulla-Mari Kinnunen ja yliopisto-opettaja Tiina Hassinen. Teemasta on tehty useita pro graduja ja v\u00e4it\u00f6skirjoja sek\u00e4 termist\u00f6n koulutukseen, k\u00e4ytt\u00f6\u00f6n ett\u00e4 hy\u00f6dynt\u00e4miseen ja tiedolla johtamiseen.<\/li>\n<\/ul>\n\n\n\n<ul class=\"wp-block-list\">\n<li><a href=\"https:\/\/thl.fi\/aiheet\/tiedonhallinta-sosiaali-ja-terveysalalla\/koodistopalvelu\/snomed-ct\"><strong>SNOMED CT<\/strong> <\/a>on kansainv\u00e4linen termist\u00f6, joka on tarkoitettu sosiaali- ja terveydenhuollossa syntyv\u00e4n tiedon rakenteistamiseen. Sosiaali- ja terveydenhuollon tiedonhallinnan tiimist\u00e4 professori Kaija Saranto, professori Hanna Kuusisto, yliopisto-opettaja Tiina Hassinen sek\u00e4 verkko-opetuksen koordinaattori Tuula Kontio ovat yhteisty\u00f6ss\u00e4 THL:n kehitt\u00e4misp\u00e4\u00e4llikk\u00f6 Mikko H\u00e4rk\u00f6sen kanssa ty\u00f6st\u00e4neet DigiCampus Moodleen SNOMED CT peruskurssin. Se sis\u00e4lt\u00e4\u00e4 kurssimateriaalia lukuisista l\u00e4\u00e4ketieteen, hoitoty\u00f6n, palvelujen organisoinnin ja potilashallinnon k\u00e4sitteist\u00e4, termeist\u00e4 ja niiden v\u00e4lisi\u00e4 suhteita. Termist\u00f6\u00e4 yll\u00e4pit\u00e4\u00e4 ja lisenssoi SNOMED International -organisaatio.&nbsp;Itsen\u00e4isesti verkko-opintoina suoritettava MOOC opintojakso on avoinna 15.9.2021 alkaen. Peruskurssin suorittaminen antaa&nbsp;oikeuden&nbsp;jatko-opiskeluun&nbsp;englanninkielisill\u00e4 SNOMED CT&nbsp;-kursseilla, joita SNOMED International yll\u00e4pit\u00e4\u00e4 ja markkinoi.&nbsp;&nbsp;<\/li>\n<\/ul>\n\n\n\n<ul class=\"wp-block-list\">\n<li><a href=\"https:\/\/sites.uef.fi\/stopdia\/\"><strong>T2D-Data<\/strong><\/a> -hankkeessa hy\u00f6dynn\u00e4mme olemassa olevaa, StopDia- ja Diabetes Prevention Study (DPS) -hankkeissa ker\u00e4tty\u00e4, ainutlaatuista dataa ihmisten elintavoista, niiden muutosprosesseista, metabolomiikasta ja perim\u00e4st\u00e4. N\u00e4iden aineistojen pohjalta kehit\u00e4mme ja validoimme uusia malleja diabetesriskin tarkempaan tunnistamiseen tilastollisia menetelmi\u00e4 ja teko\u00e4ly\u00e4 hy\u00f6dynt\u00e4en. Tutkimme my\u00f6s, mitk\u00e4 tekij\u00e4t ennustavat digitaalisten palveluiden k\u00e4ytt\u00f6\u00e4 ja elintapamuutoksissa onnistumista. N\u00e4iden oppien pohjalta kehit\u00e4mme uusia yksil\u00f6llisesti mukautuvia digitaalisia palveluita diabeteksen ehk\u00e4isyyn.<\/li>\n<\/ul>\n\n\n\n<ul class=\"wp-block-list\">\n<li><strong><a href=\"https:\/\/www.hs-osnabrueck.de\/ehealth4alleu\/\">Health4all@EU, Interprofessional European eHealth Programme in Higher Education<\/a><\/strong> project will address the high demand for health professionals to be competent and confident in eHealth. This collaborative, multidisciplinary, pan-European project aims to develop, implement and evaluate an interprofessional eHealth training programme for graduate students \u2013 the next generation of professionals &#8211; in higher education.<\/li>\n<\/ul>\n\n\n\n<ul class=\"wp-block-list\">\n<li><a rel=\"noreferrer noopener\" href=\"https:\/\/sites.uef.fi\/kmru\/ostpre\/\" target=\"_blank\"><strong>OSTPRE \u2013 Kuopion kaatumisten ehk\u00e4isy<\/strong><\/a>&nbsp;-tutkimus selvitt\u00e4\u00e4, voidaanko ik\u00e4\u00e4ntyvien naisten toimintakyky\u00e4 parantaa, kaatumisia est\u00e4\u00e4 ja hyvinvointia kohentaa tarjoamalla heille ohjattua liikuntaa kahdesti viikossa ja vuoden ilmainen k\u00e4ytt\u00f6oikeus kunnallisiin liikuntatiloihin. Samalla ker\u00e4t\u00e4\u00e4n tietoa my\u00f6s sairauksien diagnooseista, l\u00e4\u00e4kkeiden k\u00e4yt\u00f6st\u00e4 ja sosiaali- ja terveyspalvelujen k\u00e4yt\u00f6st\u00e4.<\/li>\n<\/ul>\n\n\n\n<ul class=\"wp-block-list\">\n<li><strong>Multippeliskleroosin (MS-tauti) taudinkulku ja hoidon vaikuttavuus Suomessa<\/strong> -hankkeessa keskeisin\u00e4 tavoitteita on selvitt\u00e4\u00e4 MS-taudin vaikutusta ty\u00f6kykyyn,  taudin kulkua muuntavan l\u00e4\u00e4kityksen vaikuttavuutta sek\u00e4 selvitt\u00e4\u00e4 lasten MS-taudin ilmaantuvuutta ja esiintyvyytt\u00e4 PSHP:n ja HUS:n alueella, mik\u00e4 kattaa yli puolet Suomen v\u00e4est\u00f6st\u00e4. Hankkeen vastuullinen johtaja on Hanna Kuusisto.<\/li>\n<\/ul>\n\n\n\n<ul class=\"wp-block-list\">\n<li><strong><a href=\"https:\/\/www.uef.fi\/fi\/artikkeli\/vaikuttavuuden-talo-osallistuu-mittavaan-hyvalla-mielella-pohjois-savo-hankkeeseen\">Hyv\u00e4ll\u00e4 mielell\u00e4 Pohjois-Savo (HYMI\u00d6)<\/a><\/strong> -hankkeen (1. vaihe 2021-2023) tavoitteena on muuttaa ep\u00e4edullinen hyvinvoinnin kehittymissuunta laaja-alaisella yhteisty\u00f6ll\u00e4, painottaen ehk\u00e4isevi\u00e4 ja vaikuttavia toimenpiteit\u00e4 pitk\u00e4j\u00e4nteisell\u00e4 hankekokonaisuudella. Hanke t\u00e4ht\u00e4\u00e4 Pohjois-Savon maakunnan asukkaiden ja erityisesti heikommassa asemassa, ty\u00f6el\u00e4m\u00e4n ulkopuolella ja ty\u00f6tt\u00f6min\u00e4 olevien ryhmien mielen hyvinvoinnin ja mielenterveyden vahvistamiseen sek\u00e4 p\u00e4ihteiden k\u00e4yt\u00f6n v\u00e4hent\u00e4miseen.<\/li>\n<\/ul>\n\n\n\n<ul class=\"wp-block-list\">\n<li><strong><a href=\"https:\/\/www.uef.fi\/fi\/artikkeli\/ita-suomen-yliopisto-kumppanina-kahdessa-uudessa-stn-konsortiossa\">SustAgeable-tutkimuskonsortiossa<\/a><\/strong> (2021-2027) etsimme ratkaisuja hyvinvoinnin takaamiseksi ja hyvinvointivaltion rahoituspohjan turvaamiseksi my\u00f6s tulevaisuudessa. Keskitymme 1) hyvinvoinnin jakaantumiseen alueiden, sukupolvien ja ihmisryhmien v\u00e4lill\u00e4, 2) sosiaali- ja terveydenhuollon menojen kasvun hillitsemiseen, 3) mahdollisuuksiin pident\u00e4\u00e4 ty\u00f6uria ja kehitt\u00e4\u00e4 maahanmuuttajien integraatiota, 4) hoivavelvoitteiden jakaantumiseen ja 5) alueellisiin eroihin v\u00e4est\u00f6n ik\u00e4\u00e4ntymisen trendeiss\u00e4 sis\u00e4isen ja kansainv\u00e4lisen muuttoliikkeen my\u00f6t\u00e4. Konsortio tuottaa tietoa siit\u00e4, kuinka onnistuneesti politiikkatoimenpiteill\u00e4 v\u00e4hennet\u00e4\u00e4n v\u00e4est\u00f6n ik\u00e4\u00e4ntymisen ep\u00e4toivottuja seurauksia julkisille tuloille ja menoille, eriarvoisuudelle ja hyvinvoinnille. UEF:n tutkimusryhm\u00e4n vastuulla hankkeessa on ty\u00f6paketti 5.<\/li>\n<\/ul>\n\n\n\n<h2 class=\"wp-block-heading\">P\u00e4\u00e4ttyneet hankkeet<\/h2>\n\n\n\n<ul class=\"wp-block-list\">\n<li><a href=\"https:\/\/uefconnect.uef.fi\/tutkimusryhma\/ikaihmisten-hyvinvoinnin-ja-terveyden-hyte-edistamisen-vaikuttavuuden-parantaminen-kainuussa\/\"><strong>Hyvinvoinnin ja terveyden edist\u00e4misen (HYTE) vaikuttavuuden parantaminen Kainuussa<\/strong> <\/a>(2021\u20132022). Kainuun soten vanhuspalveluissa on tehty hyvinvointia tukevia ja ennakoivia kotik\u00e4yntej\u00e4 ja tapaamisia (HYVO-toimintamalli). Tarkoituksena on ollut kartoittaa vanhuspalvelujen ulkopuolella olevien, yli 70-vuotiaiden kainuulaisten ik\u00e4ihmisten toimintakyky\u00e4 ja palvelutarvetta. HYVO-toimintamallia ja sen vaikuttavuutta jatkokehitet\u00e4\u00e4n yhteisty\u00f6ss\u00e4 Vaikuttavuuden talon tutkimus- ja kehitt\u00e4misryhm\u00e4n sek\u00e4 Kainuun HYTE- ja SOTE-asiantuntijaryhm\u00e4n ja alueen ik\u00e4ihmisten kanssa. Tavoitteena on ottaa k\u00e4ytt\u00f6\u00f6n kokonaisvaltainen ja ik\u00e4ihmisi\u00e4 osallistava toimintamalli hyvinvoinnin ja terveyden edist\u00e4miseen. Kehitt\u00e4mishanke toteutetaan yhteisty\u00f6ss\u00e4 Kainuun tulevaisuuden SOTE-keskuksen ja It\u00e4-Suomen yliopiston Vaikuttavuuden talon kanssa.<\/li>\n\n\n\n<li><a href=\"https:\/\/uefconnect.uef.fi\/tutkimusryhma\/osallistava-terveyden-ja-hyvinvoinnin-edistaminen-promeq\/\">PROMEQ \u2013 Osallistava terveyden j<\/a>a hyvinvoinnin edist\u00e4minen -tutkimushankkeen tavoitteena on kehitt\u00e4\u00e4 vaikuttavia menetelmi\u00e4 erityisesti koulutuksen ja ty\u00f6el\u00e4m\u00e4n ulkopuolella olevien nuorten, pitk\u00e4aikaisty\u00f6tt\u00f6mien, juuri oleskeluluvan saaneiden maahanmuuttajien sek\u00e4 paljon sosiaali- ja terveyspalveluita tarvitsevien kotona asuvien ik\u00e4ihmisten hyvinvoinnin ja terveyden edist\u00e4miseen, ja k\u00e4ytt\u00e4\u00e4 sosiaalista markkinointia tukemaan my\u00f6nteisi\u00e4 muutoksia heid\u00e4n elintavoissaan ja el\u00e4m\u00e4nlaadussaan.<\/li>\n\n\n\n<li>APEX<\/li>\n\n\n\n<li><a rel=\"noreferrer noopener\" href=\"http:\/\/www.uef.fi\/fi\/web\/gerho\/tutkimus\" target=\"_blank\">MEDALZ (MEDication use and ALZheimer\u2019s disease)<\/a>&nbsp;on valtakunnallinen reseptirekisteriaineistoihin pohjautuva tutkimus. MEDALZ-aineistoon sis\u00e4ltyv\u00e4t kaikki kotona asuvat henkil\u00f6t, joilla diagnosoitiin Alzheimerin tauti vuosina 2005\u20132011 Suomessa. Jokaiselle Alzheimerin tautia sairastavalle on valittu i\u00e4n, sukupuolen ja sairaanhoitopiirin suhteen kaltaistettu vertailuhenkil\u00f6 ilman Alzheimerin tautia.<\/li>\n<\/ul>\n","protected":false},"excerpt":{"rendered":"<p>Tutkimme hyvinvoinnin ja terveyden eriarvoisuuden ja sairauksien ennaltaehk\u00e4isyn sek\u00e4 toisaalta terveyden ja hyvinvoinnin edist\u00e4misen vaikuttavuutta. Tutkimusteemamme tarkastelevat mm. heikommassa asemassa olevien ryhmien terveyden ja hyvinvoinnin edist\u00e4mist\u00e4, tyypin 2 diabeteksen ehk\u00e4isemist\u00e4 ja ik\u00e4ihmisten HYTE-toiminnan vaikuttavuuden kehitt\u00e4mist\u00e4. P\u00e4\u00e4ttyneet hankkeet<\/p>\n","protected":false},"author":473,"featured_media":0,"parent":0,"menu_order":0,"comment_status":"closed","ping_status":"closed","template":"","meta":{"_acf_changed":false,"_monsterinsights_skip_tracking":false,"_monsterinsights_sitenote_active":false,"_monsterinsights_sitenote_note":"","_monsterinsights_sitenote_category":0,"footnotes":""},"class_list":["post-3731","page","type-page","status-publish","hentry"],"acf":[],"yoast_head":"<!-- This site is optimized with the Yoast SEO plugin v27.1.1 - https:\/\/yoast.com\/product\/yoast-seo-wordpress\/ -->\n<title>Vaikuttava hyvinvoinnin ja terveyden edist\u00e4minen - Vaikuttavuuden talo<\/title>\n<meta name=\"robots\" content=\"index, follow, max-snippet:-1, max-image-preview:large, max-video-preview:-1\" \/>\n<link rel=\"canonical\" href=\"https:\/\/sites.uef.fi\/vaikuttavuuden-talo\/vaikuttava-hyvinvoinnin-ja-terveyden-edistaminen-2\/\" \/>\n<meta property=\"og:locale\" content=\"fi_FI\" \/>\n<meta property=\"og:type\" content=\"article\" \/>\n<meta property=\"og:title\" content=\"Vaikuttava hyvinvoinnin ja terveyden edist\u00e4minen - Vaikuttavuuden talo\" \/>\n<meta property=\"og:description\" content=\"Tutkimme hyvinvoinnin ja terveyden eriarvoisuuden ja sairauksien ennaltaehk\u00e4isyn sek\u00e4 toisaalta terveyden ja hyvinvoinnin edist\u00e4misen vaikuttavuutta. Tutkimusteemamme tarkastelevat mm. heikommassa asemassa olevien ryhmien terveyden ja hyvinvoinnin edist\u00e4mist\u00e4, tyypin 2 diabeteksen ehk\u00e4isemist\u00e4 ja ik\u00e4ihmisten HYTE-toiminnan vaikuttavuuden kehitt\u00e4mist\u00e4. P\u00e4\u00e4ttyneet hankkeet\" \/>\n<meta property=\"og:url\" content=\"https:\/\/sites.uef.fi\/vaikuttavuuden-talo\/vaikuttava-hyvinvoinnin-ja-terveyden-edistaminen-2\/\" \/>\n<meta property=\"og:site_name\" content=\"Vaikuttavuuden talo\" \/>\n<meta property=\"article:modified_time\" content=\"2024-12-17T12:14:09+00:00\" \/>\n<meta name=\"twitter:card\" content=\"summary_large_image\" \/>\n<meta name=\"twitter:label1\" content=\"Arvioitu lukuaika\" \/>\n\t<meta name=\"twitter:data1\" content=\"6 minuuttia\" \/>\n<script type=\"application\/ld+json\" class=\"yoast-schema-graph\">{\"@context\":\"https:\/\/schema.org\",\"@graph\":[{\"@type\":\"WebPage\",\"@id\":\"https:\/\/sites.uef.fi\/vaikuttavuuden-talo\/vaikuttava-hyvinvoinnin-ja-terveyden-edistaminen-2\/\",\"url\":\"https:\/\/sites.uef.fi\/vaikuttavuuden-talo\/vaikuttava-hyvinvoinnin-ja-terveyden-edistaminen-2\/\",\"name\":\"Vaikuttava hyvinvoinnin ja terveyden edist\u00e4minen - Vaikuttavuuden talo\",\"isPartOf\":{\"@id\":\"https:\/\/sites.uef.fi\/vaikuttavuuden-talo\/#website\"},\"datePublished\":\"2021-08-11T09:00:55+00:00\",\"dateModified\":\"2024-12-17T12:14:09+00:00\",\"breadcrumb\":{\"@id\":\"https:\/\/sites.uef.fi\/vaikuttavuuden-talo\/vaikuttava-hyvinvoinnin-ja-terveyden-edistaminen-2\/#breadcrumb\"},\"inLanguage\":\"fi\",\"potentialAction\":[{\"@type\":\"ReadAction\",\"target\":[\"https:\/\/sites.uef.fi\/vaikuttavuuden-talo\/vaikuttava-hyvinvoinnin-ja-terveyden-edistaminen-2\/\"]}]},{\"@type\":\"BreadcrumbList\",\"@id\":\"https:\/\/sites.uef.fi\/vaikuttavuuden-talo\/vaikuttava-hyvinvoinnin-ja-terveyden-edistaminen-2\/#breadcrumb\",\"itemListElement\":[{\"@type\":\"ListItem\",\"position\":1,\"name\":\"Home\",\"item\":\"https:\/\/sites.uef.fi\/vaikuttavuuden-talo\/\"},{\"@type\":\"ListItem\",\"position\":2,\"name\":\"Vaikuttava hyvinvoinnin ja terveyden edist\u00e4minen\"}]},{\"@type\":\"WebSite\",\"@id\":\"https:\/\/sites.uef.fi\/vaikuttavuuden-talo\/#website\",\"url\":\"https:\/\/sites.uef.fi\/vaikuttavuuden-talo\/\",\"name\":\"Vaikuttavuuden talo\",\"description\":\"\",\"potentialAction\":[{\"@type\":\"SearchAction\",\"target\":{\"@type\":\"EntryPoint\",\"urlTemplate\":\"https:\/\/sites.uef.fi\/vaikuttavuuden-talo\/?s={search_term_string}\"},\"query-input\":{\"@type\":\"PropertyValueSpecification\",\"valueRequired\":true,\"valueName\":\"search_term_string\"}}],\"inLanguage\":\"fi\"}]}<\/script>\n<!-- \/ Yoast SEO plugin. -->","yoast_head_json":{"title":"Vaikuttava hyvinvoinnin ja terveyden edist\u00e4minen - Vaikuttavuuden talo","robots":{"index":"index","follow":"follow","max-snippet":"max-snippet:-1","max-image-preview":"max-image-preview:large","max-video-preview":"max-video-preview:-1"},"canonical":"https:\/\/sites.uef.fi\/vaikuttavuuden-talo\/vaikuttava-hyvinvoinnin-ja-terveyden-edistaminen-2\/","og_locale":"fi_FI","og_type":"article","og_title":"Vaikuttava hyvinvoinnin ja terveyden edist\u00e4minen - Vaikuttavuuden talo","og_description":"Tutkimme hyvinvoinnin ja terveyden eriarvoisuuden ja sairauksien ennaltaehk\u00e4isyn sek\u00e4 toisaalta terveyden ja hyvinvoinnin edist\u00e4misen vaikuttavuutta. Tutkimusteemamme tarkastelevat mm. heikommassa asemassa olevien ryhmien terveyden ja hyvinvoinnin edist\u00e4mist\u00e4, tyypin 2 diabeteksen ehk\u00e4isemist\u00e4 ja ik\u00e4ihmisten HYTE-toiminnan vaikuttavuuden kehitt\u00e4mist\u00e4. P\u00e4\u00e4ttyneet hankkeet","og_url":"https:\/\/sites.uef.fi\/vaikuttavuuden-talo\/vaikuttava-hyvinvoinnin-ja-terveyden-edistaminen-2\/","og_site_name":"Vaikuttavuuden talo","article_modified_time":"2024-12-17T12:14:09+00:00","twitter_card":"summary_large_image","twitter_misc":{"Arvioitu lukuaika":"6 minuuttia"},"schema":{"@context":"https:\/\/schema.org","@graph":[{"@type":"WebPage","@id":"https:\/\/sites.uef.fi\/vaikuttavuuden-talo\/vaikuttava-hyvinvoinnin-ja-terveyden-edistaminen-2\/","url":"https:\/\/sites.uef.fi\/vaikuttavuuden-talo\/vaikuttava-hyvinvoinnin-ja-terveyden-edistaminen-2\/","name":"Vaikuttava hyvinvoinnin ja terveyden edist\u00e4minen - Vaikuttavuuden talo","isPartOf":{"@id":"https:\/\/sites.uef.fi\/vaikuttavuuden-talo\/#website"},"datePublished":"2021-08-11T09:00:55+00:00","dateModified":"2024-12-17T12:14:09+00:00","breadcrumb":{"@id":"https:\/\/sites.uef.fi\/vaikuttavuuden-talo\/vaikuttava-hyvinvoinnin-ja-terveyden-edistaminen-2\/#breadcrumb"},"inLanguage":"fi","potentialAction":[{"@type":"ReadAction","target":["https:\/\/sites.uef.fi\/vaikuttavuuden-talo\/vaikuttava-hyvinvoinnin-ja-terveyden-edistaminen-2\/"]}]},{"@type":"BreadcrumbList","@id":"https:\/\/sites.uef.fi\/vaikuttavuuden-talo\/vaikuttava-hyvinvoinnin-ja-terveyden-edistaminen-2\/#breadcrumb","itemListElement":[{"@type":"ListItem","position":1,"name":"Home","item":"https:\/\/sites.uef.fi\/vaikuttavuuden-talo\/"},{"@type":"ListItem","position":2,"name":"Vaikuttava hyvinvoinnin ja terveyden edist\u00e4minen"}]},{"@type":"WebSite","@id":"https:\/\/sites.uef.fi\/vaikuttavuuden-talo\/#website","url":"https:\/\/sites.uef.fi\/vaikuttavuuden-talo\/","name":"Vaikuttavuuden talo","description":"","potentialAction":[{"@type":"SearchAction","target":{"@type":"EntryPoint","urlTemplate":"https:\/\/sites.uef.fi\/vaikuttavuuden-talo\/?s={search_term_string}"},"query-input":{"@type":"PropertyValueSpecification","valueRequired":true,"valueName":"search_term_string"}}],"inLanguage":"fi"}]}},"_links":{"self":[{"href":"https:\/\/sites.uef.fi\/vaikuttavuuden-talo\/wp-json\/wp\/v2\/pages\/3731","targetHints":{"allow":["GET"]}}],"collection":[{"href":"https:\/\/sites.uef.fi\/vaikuttavuuden-talo\/wp-json\/wp\/v2\/pages"}],"about":[{"href":"https:\/\/sites.uef.fi\/vaikuttavuuden-talo\/wp-json\/wp\/v2\/types\/page"}],"author":[{"embeddable":true,"href":"https:\/\/sites.uef.fi\/vaikuttavuuden-talo\/wp-json\/wp\/v2\/users\/473"}],"replies":[{"embeddable":true,"href":"https:\/\/sites.uef.fi\/vaikuttavuuden-talo\/wp-json\/wp\/v2\/comments?post=3731"}],"version-history":[{"count":2,"href":"https:\/\/sites.uef.fi\/vaikuttavuuden-talo\/wp-json\/wp\/v2\/pages\/3731\/revisions"}],"predecessor-version":[{"id":11504,"href":"https:\/\/sites.uef.fi\/vaikuttavuuden-talo\/wp-json\/wp\/v2\/pages\/3731\/revisions\/11504"}],"wp:attachment":[{"href":"https:\/\/sites.uef.fi\/vaikuttavuuden-talo\/wp-json\/wp\/v2\/media?parent=3731"}],"curies":[{"name":"wp","href":"https:\/\/api.w.org\/{rel}","templated":true}]}}