{"id":3758,"date":"2021-08-11T12:07:44","date_gmt":"2021-08-11T10:07:44","guid":{"rendered":"https:\/\/sites.uef.fi\/vaikuttavuuden-talo\/?page_id=3758"},"modified":"2023-06-21T10:17:38","modified_gmt":"2023-06-21T08:17:38","slug":"vaikuttavuus-ja-kustannusvaikuttavuus","status":"publish","type":"page","link":"https:\/\/sites.uef.fi\/vaikuttavuuden-talo\/vaikuttavuus-ja-kustannusvaikuttavuus\/","title":{"rendered":"Sosiaali- ja terveyspalveluiden sek\u00e4 niiden integraation vaikuttavuus ja kustannusvaikuttavuus"},"content":{"rendered":"\n<p>Arvioimme erilaisten hoitojen, hoitotoimenpiteiden, l\u00e4\u00e4kehoitojen, sosiaality\u00f6n ja sosiaalipalveluiden sek\u00e4 n\u00e4iden integraation vaikutuksia ja vaikuttavuutta eri asiakas- ja potilasryhmiss\u00e4. Keski\u00f6ss\u00e4 ovat my\u00f6s terveyden ja hyvinvoinnin juurisyyt ja palveluprosessit, tuloksellisuus ja kustannusvaikuttavuus sek\u00e4 asiakas- ja potilasturvallisuus.<\/p>\n\n\n\n<h2 class=\"wp-block-heading\">L\u00e4\u00e4kehoito<\/h2>\n\n\n\n<p>Tutkimme l\u00e4\u00e4kkeiden k\u00e4ytt\u00f6\u00e4 ja k\u00e4yt\u00f6n vaikuttavuutta sek\u00e4 l\u00e4\u00e4kehoidon kustannusvaikuttavuutta.<\/p>\n\n\n\n<ul class=\"wp-block-list\">\n<li><a href=\"https:\/\/uefconnect.uef.fi\/tutkimusryhma\/laakepolitiikan-tutkimusryhma\/\"><strong>L\u00e4\u00e4kepolitiikan tutkimusryhm\u00e4<\/strong><\/a> tutkii l\u00e4\u00e4kepoliittisia uudistuksia ja niille asetettujen tavoitteiden ja odotusten toteutumista uudistukselle keskeisist\u00e4 n\u00e4k\u00f6kulmista.<\/li>\n\n\n\n<li><a rel=\"noreferrer noopener\" href=\"http:\/\/julkaisut.valtioneuvosto.fi\/bitstream\/handle\/10024\/80566\/Rap_17_34.pdf\" target=\"_blank\"><strong>ILMA \u2013 I\u00e4kk\u00e4iden l\u00e4\u00e4kehoidon moniammatillinen arviointi&nbsp;<\/strong><\/a>-tutkimus (2014-2026) tutkii, mit\u00e4 vaikutuksia ILMA-mallilla toteutetuilla l\u00e4\u00e4kehoidon arvioinneilla on kotihoidon asiakkaiden l\u00e4\u00e4kitykseen, toimintakykyyn ja el\u00e4m\u00e4nlaatuun sek\u00e4 terveys- ja hoivapalveluiden k\u00e4ytt\u00f6\u00f6n.<\/li>\n<\/ul>\n\n\n\n<h2 class=\"wp-block-heading\">Hoito ja hoitoprosessit<\/h2>\n\n\n\n<ul class=\"wp-block-list\">\n<li><strong><a href=\"https:\/\/uefconnect.uef.fi\/tutkimusryhma\/terveyssosiaalityon-arvioinnin-ja-intervention-vaikuttavuus-nakyvaksi-sostyo-terva\/\">Terveyssosiaality\u00f6n arvioinnin ja intervention vaikuttavuus n\u00e4kyv\u00e4ksi (Sosty\u00f6-TerVa)<\/a><\/strong> -tutkimuksen (2021-2023) tarkoituksena on tutkia terveyssosiaality\u00f6n palvelupolkujen vaikuttavuutta. Kokonaistutkimuksen tavoitteena on kehitt\u00e4\u00e4 n\u00e4ytt\u00f6pohja, mik\u00e4 tukee terveyssosiaality\u00f6n interventiomallia, arvioi terveyssosiaality\u00f6n interventioiden tehokkuutta sek\u00e4 terveyssosiaality\u00f6n asiakkaiden ohjaamista kuntien, valtion tai kolmannen sektorin palveluihin eli tutkia terveyssosiaality\u00f6n vaikuttavuutta.<\/li>\n\n\n\n<li><a rel=\"noreferrer noopener\" href=\"https:\/\/www.stnimpro.fi\/\" target=\"_blank\"><strong>STN IMPRO<\/strong>&nbsp;<\/a>-tutkimusprojekti tuottaa tutkittua tietoa sosiaali- ja terveydenhuollon uudistuksen tueksi sote-palveluiden rakenteesta, toimivuudesta ja tuloksellisuudesta. Tutkimusryhm\u00e4 analysoi sosiaali- ja terveydenhuollon palvelurakenteita, hoidon saavutettavuutta, hoitopolkuja, hoidon tuloksia ja kustannuksia sek\u00e4 kustannusvaikuttavuutta ennen sote-uudistusta ja sen j\u00e4lkeen.<\/li>\n\n\n\n<li><strong><a href=\"https:\/\/archive.uef.fi\/arkisto\/news\/fi\/2019\/2224557.html\">HERIT-hanke<\/a><\/strong> tutkii kokonaisvaltaisen geriatrisen arvioinnin vaikuttavuutta ja kustannusvaikuttavuutta i\u00e4kk\u00e4ill\u00e4 tekonivelleikkauspotilailla. Tutkimus toteutetaan satunnaistetussa ja kontrolloidussa asetelmassa, jossa arvioidaan polven tai lonkan tekonivelleikkausta edelt\u00e4v\u00e4n geriatrisen arvioinnin vaikuttavuutta 65 vuotta t\u00e4ytt\u00e4neill\u00e4 kuopiolaisilla ja vesantolaisilla. Hankkeessa tuotetaan uutta tietoa kokonaisvaltaisen geriatrisen arvioinnin vaikuttavuudesta ja kustannusvaikuttavuudesta. Hankkeessa kehitet\u00e4\u00e4n ja testataan uusia vaikuttavuusmittareita. Tutkimuksen laadullisessa osiossa selvitet\u00e4\u00e4n tekonivelleikkauspotilaan palveluketjun kriittisi\u00e4 kohtia ja intervention tuottaman tiedon hy\u00f6dynt\u00e4mist\u00e4 palveluketjun kehitt\u00e4misess\u00e4.<\/li>\n\n\n\n<li><strong><a href=\"http:\/\/gks.fi\/finpop\/\">FINPOP 2015<\/a><\/strong>&nbsp;on GKS:n organisoima kansallinen kohorttitutkimus, jossa selvitet\u00e4\u00e4n laskeumaleikkausten menetelmi\u00e4, komplikaatiota ja vaikutusta potilaiden el\u00e4m\u00e4nlaatuun.<\/li>\n\n\n\n<li><strong><a href=\"https:\/\/pubmed.ncbi.nlm.nih.gov\/34454528\/\">Syd\u00e4ntoimenpiteiden tuottama terveyshy\u00f6ty (STT)<\/a><\/strong> on KYS Syd\u00e4nkeskuksessa meneill\u00e4\u00e4n oleva hanke, jossa tutkitaan sepelvaltimotaudin revaskularisaatiohoidon ja rytminsiirtojen vaikuttavuuden mittaamista k\u00e4yt\u00e4nn\u00f6ss\u00e4.<\/li>\n\n\n\n<li><strong><a href=\"https:\/\/www.eura2014.fi\/rrtiepa\/projekti.php?projektikoodi=A76163\">DigiTerveSavo 2 -projektin<\/a><\/strong> (2020-2022) tavoitteena on kehitt\u00e4\u00e4 perusterveydenhuoltoon soveltuvia, kliinist\u00e4 p\u00e4\u00e4t\u00f6ksentekoa tukevia terveysdatal\u00e4ht\u00f6isi\u00e4 j\u00e4rjestelm\u00e4konsepteja etenev\u00e4n muistisairauden sek\u00e4 keuhkosairauksien varhaiseen tunnistamiseen, potilaiden stratifiointiin, hoitopolun valintaan ja hoidon seurantaan.)<\/li>\n\n\n\n<li><strong>Osallistavan hoitosuunnitelman vaikuttavuustutkimus<\/strong> (OSUVAT) selvitt\u00e4\u00e4, miten potilaan kokemus omahoidosta ja valmiudesta omahoidon tehostamiseen on yhteydess\u00e4 el\u00e4m\u00e4nlaatuun. (2031)<\/li>\n\n\n\n<li><a rel=\"noreferrer noopener\" href=\"http:\/\/asiakas.kotisivukone.com\/files\/gpfinland.kotisivukone.com\/tiedostot\/Abstraktit_2015\/Abstrakti_Mantyselka.pdf\" target=\"_blank\"><strong>Sis\u00e4-Savon DM65+: Ik\u00e4\u00e4ntyneiden kuntalaisten koettu terveys sek\u00e4 oire- ja sairauskuorma<\/strong><\/a>&nbsp;-tutkimuksen tavoitteena on selvitt\u00e4\u00e4 yli 65-vuotiaiden diabeetikoiden ja verrokkipotilaiden el\u00e4m\u00e4nlaatua ja sairastamiseen liittyv\u00e4\u00e4 kuormaa potilaan, v\u00e4est\u00f6n ja terveydenhuoltoj\u00e4rjestelm\u00e4n n\u00e4k\u00f6kulmasta.<\/li>\n\n\n\n<li><strong><a href=\"https:\/\/uefconnect.uef.fi\/tutkimusryhma\/depkuopio\/\" data-type=\"URL\" data-id=\"https:\/\/uefconnect.uef.fi\/tutkimusryhma\/depkuopio\/\">DEPKuopio  \u2013 Toipuminen ja Terveys<\/a> <\/strong>on monitieteinen tutkimus, jonka tavoitteena on selvitt\u00e4\u00e4 masennuksen tukihoitona toteutettavan motivoivan elintapaohjauksen vaikutuksia masennuksesta toipumiseen, mielen hyvinvointiin, el\u00e4m\u00e4nlaatuun ja fyysiseen terveyteen perusterveydenhuollon aikuisilla masennuspotilailla. My\u00f6s kustannusvaikuttavuuden arviointi on keskeinen tavoite.<\/li>\n<\/ul>\n\n\n\n<h2 class=\"wp-block-heading\">Ravitsemus<\/h2>\n\n\n\n<p><a rel=\"noreferrer noopener\" href=\"http:\/\/www.uef.fi\/web\/kttravi\/ravitsemus-ja-terveys\" target=\"_blank\"><strong>Ravitsemus terveyden edist\u00e4j\u00e4n\u00e4<\/strong><\/a>. Kliinisen ravitsemustieteen tutkimusryhm\u00e4t keskittyv\u00e4t tutkimuksiin, jotka edist\u00e4v\u00e4t terveellisen ja turvallisen ruokavalion toteutumista tavoitteena tukea terveyden edist\u00e4mist\u00e4 ja sairauksien ehk\u00e4isy\u00e4.<\/p>\n\n\n\n<h2 class=\"wp-block-heading\">Potilas- ja asiakasturvallisuus<\/h2>\n\n\n\n<p>Tutkimme potilas- ja asiakasturvallisuutta.<\/p>\n\n\n\n<h2 class=\"wp-block-heading\">Lastensuojelu<\/h2>\n\n\n\n<p>Tutkimme lasten, nuorten ja perheiden parissa teht\u00e4v\u00e4\u00e4 sosiaality\u00f6t\u00e4. Analysoimme lastensuojelun eri osa-alueiden ja ty\u00f6muotojen vaikuttavuutta, erityisesti siihen liittyvi\u00e4 kriittisi\u00e4 tekij\u00f6it\u00e4 ja prosesseja. Tutkimuksemme on k\u00e4yt\u00e4nn\u00f6n innoittamaa perustutkimusta. Tavoitteena on j\u00e4sent\u00e4\u00e4&nbsp; lastensuojelun rutiinipalvelujen tietopohjaa&nbsp; ja kehitt\u00e4\u00e4 n\u00e4ytt\u00f6\u00f6n perustuvaa sosiaality\u00f6t\u00e4.<\/p>\n\n\n\n<ul class=\"wp-block-list\">\n<li><a href=\"https:\/\/uefconnect.uef.fi\/tutkimusryhma\/toimeentulotuki-ehkaisevan-lastensuojelun-valineena\/\"><strong>Kunnallinen toimeentulotuki ehk\u00e4isev\u00e4n lastensuojelun v\u00e4lineen\u00e4<\/strong><\/a> -tutkimuksessa (2021-2023) tarkastellaan kunnallisen toimeentulotuen yhteytt\u00e4 lastensuojelun kysynt\u00e4\u00e4n.&nbsp; Lastensuojelun kysynt\u00e4 riippuu toki olennaisesti riskitilanteissa el\u00e4vien kuntalaisten m\u00e4\u00e4r\u00e4st\u00e4, mutta kunta saattaa voida vaikuttaa lastensuojelun kysynt\u00e4\u00e4n my\u00f6s kunnallisen toimeentulotuen k\u00e4yt\u00e4nn\u00f6ill\u00e4\u00e4n.<\/li>\n<\/ul>\n\n\n\n<h2 class=\"wp-block-heading\">Kotihoito<\/h2>\n\n\n\n<p>Tutkimme ja vertailemme ik\u00e4\u00e4ntyneiden kotihoidon laatua, vaikuttavuutta ja tehokkuutta.<\/p>\n\n\n\n<ul class=\"wp-block-list\">\n<li><strong><a href=\"https:\/\/uefconnect.uef.fi\/tutkimusryhma\/vanhuusian-syrjaytyminen-kotihoidossa-yleisyys-merkitykset-interventio-soldex\/\">Vanhuusi\u00e4n syrj\u00e4ytyminen kotihoidossa (SOLDEX)<\/a><\/strong> -tutkimushankkeessa (2021-2025) tarkastelemme ik\u00e4\u00e4ntyneiden kotihoitoa syrj\u00e4ytymisen n\u00e4k\u00f6kulmasta. Kysymme miss\u00e4 m\u00e4\u00e4rin ik\u00e4\u00e4ntyneet kotihoidon asiakkaat kokevat syrj\u00e4ytymist\u00e4, millaiset tekij\u00e4t siihen vaikuttavat, mit\u00e4 syrj\u00e4ytyminen kotihoidon asiakkaille merkitsee ja miten siihen on vastattu nykyisess\u00e4 palveluj\u00e4rjestelm\u00e4ss\u00e4 ja lains\u00e4\u00e4d\u00e4nn\u00f6ss\u00e4. Monitieteinen, sosiaaligerontologiaa, vanhuusoikeutta ja terveystaloustiedett\u00e4 yhdist\u00e4v\u00e4 hankkeemme jakautuu kolmeen ty\u00f6pakettiin, joissa k\u00e4ytet\u00e4\u00e4n m\u00e4\u00e4r\u00e4llisi\u00e4 ja laadullisia menetelmi\u00e4.<\/li>\n\n\n\n<li><a rel=\"noreferrer noopener\" href=\"https:\/\/www.excelc.eu\/fi\/\" target=\"_blank\"><strong>EXCELC \u2013 Pitk\u00e4aikaishoidon vaikuttavuus ja tehokkuus kansainv\u00e4lisess\u00e4 vertailussa<\/strong><\/a>&nbsp;-tutkimus vertailee ik\u00e4\u00e4ntyneiden laitosten ulkopuolisen pitk\u00e4aikaishoidon (esimerkiksi kotipalvelujen ja p\u00e4iv\u00e4toiminnan) tehokkuutta ja vaikuttavuutta niin hoidettavien kuin hoitajienkin n\u00e4k\u00f6kulmasta Englannissa, It\u00e4vallassa ja Suomessa.<\/li>\n<\/ul>\n\n\n\n<h2 class=\"wp-block-heading\">Maahanmuuttajat ja sosiaality\u00f6<\/h2>\n\n\n\n<p>Sosiaality\u00f6 maahanmuuttajien kanssa keskittyy yhteis\u00f6sosiaality\u00f6n vaikuttavuuteen, ammatillisiin ja poliittisiin k\u00e4yt\u00e4nt\u00f6ihin, joiden avulla tavoitellaan tasapuolisia ja osallistavia palveluja maahanmuuttajille.<\/p>\n\n\n\n<hr class=\"wp-block-separator has-css-opacity\" \/>\n\n\n\n<h2 class=\"wp-block-heading\">P\u00e4\u00e4ttyneet hankkeet<\/h2>\n\n\n\n<ul class=\"wp-block-list\">\n<li><a rel=\"noreferrer noopener\" href=\"https:\/\/www.ttl.fi\/tutkimushanke\/vaikuttavuutta-tyoterveysyhteistyolla-vaikuttavan-tyoterveysyhteistyon-indikaattorit-hyvat-kaytannot\/\" target=\"_blank\">Vaikuttavuutta ty\u00f6terveysyhteisty\u00f6ll\u00e4&nbsp;<\/a>-hanke (2015-2018) rakentaa ty\u00f6terveysyhteisty\u00f6h\u00f6n indikaattorit, joilla voidaan arvioida ty\u00f6terveysyhteisty\u00f6t\u00e4 ja sen vaikuttavuutta, arvioi ty\u00f6terveyshuollon palveluprosessien toimivuutta laadun ja ty\u00f6terveysyhteisty\u00f6n n\u00e4k\u00f6kulmasta sek\u00e4 kehitt\u00e4\u00e4 asiakasorganisaatioiden, ty\u00f6terveysyksik\u00f6iden ja asiantuntijoiden yhteiskehittelyn\u00e4 hyvi\u00e4 k\u00e4yt\u00e4nt\u00f6j\u00e4 ty\u00f6terveysyhteisty\u00f6h\u00f6n.<\/li>\n\n\n\n<li><a rel=\"noreferrer noopener\" href=\"http:\/\/www.uef.fi\/fi\/web\/gerho\/nutormed1\" target=\"_blank\">NutOrMed \u2013 Laatua i\u00e4kk\u00e4iden kotihoidon asiakkaiden ravitsemukseen, suunterveyteen ja l\u00e4\u00e4kehoitoon<\/a>&nbsp;-interventiotutkimus arvioi 6 kuukautta kest\u00e4v\u00e4n ravitsemuksen ja suunterveyden intervention vaikutuksia kotihoidossa olevien ravitsemustilaan, suunterveyteen, toimintakykyyn ja sairaalahoidon k\u00e4ytt\u00f6\u00f6n\/kustannuksiin.<\/li>\n\n\n\n<li>RECEPS \u2013 Hoidon vaikuttavuuden ja potilasturvallisuuden tutkimuskeskittym\u00e4&nbsp;tuottaa tietoa, joka mahdollistaa vaikuttavamman ja turvallisemman sosiaali- ja terveydenhuollon palvelujen t\u00e4yt\u00e4nt\u00f6\u00f6npanon. Tutkimus auttaa lis\u00e4\u00e4m\u00e4\u00e4n terveytt\u00e4 ja parantaa potilaiden terveyteen liittyv\u00e4\u00e4 el\u00e4m\u00e4nlaatua, ja tutkimustiedon avulla voidaan kohdentaa resursseja tehokkaammin, mik\u00e4 on sek\u00e4 palveluntuottajan ett\u00e4 potilaan etu.<\/li>\n\n\n\n<li>Tarkista ja tue \u2013 Kohonneen verenpaineen hoidon kehitt\u00e4minen avoterveydenhuollossa -monikeskustutkimus selvitt\u00e4\u00e4, voidaanko uusien avohoidon verenpainepotilaiden hoitotavoitteisiin p\u00e4\u00e4semist\u00e4 ja sitoutumista verenpainetaudin l\u00e4\u00e4kehoitoon parantaa IMB-perusteisella hoidon aloituksen protokollalla ja potilaskohtaisesti r\u00e4\u00e4t\u00e4l\u00f6ityv\u00e4ll\u00e4 tekstiviestituella.<\/li>\n<\/ul>\n","protected":false},"excerpt":{"rendered":"<p>Arvioimme erilaisten hoitojen, hoitotoimenpiteiden, l\u00e4\u00e4kehoitojen, sosiaality\u00f6n ja sosiaalipalveluiden sek\u00e4 n\u00e4iden integraation vaikutuksia ja vaikuttavuutta eri asiakas- ja potilasryhmiss\u00e4. Keski\u00f6ss\u00e4 ovat my\u00f6s terveyden ja hyvinvoinnin juurisyyt ja palveluprosessit, tuloksellisuus ja kustannusvaikuttavuus sek\u00e4 asiakas- ja potilasturvallisuus. L\u00e4\u00e4kehoito Tutkimme l\u00e4\u00e4kkeiden k\u00e4ytt\u00f6\u00e4 ja k\u00e4yt\u00f6n vaikuttavuutta sek\u00e4 l\u00e4\u00e4kehoidon kustannusvaikuttavuutta. Hoito ja hoitoprosessit Ravitsemus Ravitsemus terveyden edist\u00e4j\u00e4n\u00e4. Kliinisen ravitsemustieteen tutkimusryhm\u00e4t keskittyv\u00e4t [&hellip;]<\/p>\n","protected":false},"author":473,"featured_media":0,"parent":0,"menu_order":0,"comment_status":"closed","ping_status":"closed","template":"","meta":{"_acf_changed":false,"_monsterinsights_skip_tracking":false,"_monsterinsights_sitenote_active":false,"_monsterinsights_sitenote_note":"","_monsterinsights_sitenote_category":0,"footnotes":""},"class_list":["post-3758","page","type-page","status-publish","hentry"],"acf":[],"yoast_head":"<!-- This site is optimized with the Yoast SEO plugin v27.1.1 - https:\/\/yoast.com\/product\/yoast-seo-wordpress\/ -->\n<title>Sosiaali- ja terveyspalveluiden sek\u00e4 niiden integraation vaikuttavuus ja kustannusvaikuttavuus - Vaikuttavuuden talo<\/title>\n<meta name=\"robots\" content=\"index, follow, max-snippet:-1, max-image-preview:large, max-video-preview:-1\" \/>\n<link rel=\"canonical\" href=\"https:\/\/sites.uef.fi\/vaikuttavuuden-talo\/vaikuttavuus-ja-kustannusvaikuttavuus\/\" \/>\n<meta property=\"og:locale\" content=\"fi_FI\" \/>\n<meta property=\"og:type\" content=\"article\" \/>\n<meta property=\"og:title\" content=\"Sosiaali- ja terveyspalveluiden sek\u00e4 niiden integraation vaikuttavuus ja kustannusvaikuttavuus - Vaikuttavuuden talo\" \/>\n<meta property=\"og:description\" content=\"Arvioimme erilaisten hoitojen, hoitotoimenpiteiden, l\u00e4\u00e4kehoitojen, sosiaality\u00f6n ja sosiaalipalveluiden sek\u00e4 n\u00e4iden integraation vaikutuksia ja vaikuttavuutta eri asiakas- ja potilasryhmiss\u00e4. Keski\u00f6ss\u00e4 ovat my\u00f6s terveyden ja hyvinvoinnin juurisyyt ja palveluprosessit, tuloksellisuus ja kustannusvaikuttavuus sek\u00e4 asiakas- ja potilasturvallisuus. L\u00e4\u00e4kehoito Tutkimme l\u00e4\u00e4kkeiden k\u00e4ytt\u00f6\u00e4 ja k\u00e4yt\u00f6n vaikuttavuutta sek\u00e4 l\u00e4\u00e4kehoidon kustannusvaikuttavuutta. Hoito ja hoitoprosessit Ravitsemus Ravitsemus terveyden edist\u00e4j\u00e4n\u00e4. Kliinisen ravitsemustieteen tutkimusryhm\u00e4t keskittyv\u00e4t [&hellip;]\" \/>\n<meta property=\"og:url\" content=\"https:\/\/sites.uef.fi\/vaikuttavuuden-talo\/vaikuttavuus-ja-kustannusvaikuttavuus\/\" \/>\n<meta property=\"og:site_name\" content=\"Vaikuttavuuden talo\" \/>\n<meta property=\"article:modified_time\" content=\"2023-06-21T08:17:38+00:00\" \/>\n<meta name=\"twitter:card\" content=\"summary_large_image\" \/>\n<meta name=\"twitter:label1\" content=\"Arvioitu lukuaika\" \/>\n\t<meta name=\"twitter:data1\" content=\"5 minuuttia\" \/>\n<script type=\"application\/ld+json\" class=\"yoast-schema-graph\">{\"@context\":\"https:\/\/schema.org\",\"@graph\":[{\"@type\":\"WebPage\",\"@id\":\"https:\/\/sites.uef.fi\/vaikuttavuuden-talo\/vaikuttavuus-ja-kustannusvaikuttavuus\/\",\"url\":\"https:\/\/sites.uef.fi\/vaikuttavuuden-talo\/vaikuttavuus-ja-kustannusvaikuttavuus\/\",\"name\":\"Sosiaali- ja terveyspalveluiden sek\u00e4 niiden integraation vaikuttavuus ja kustannusvaikuttavuus - Vaikuttavuuden talo\",\"isPartOf\":{\"@id\":\"https:\/\/sites.uef.fi\/vaikuttavuuden-talo\/#website\"},\"datePublished\":\"2021-08-11T10:07:44+00:00\",\"dateModified\":\"2023-06-21T08:17:38+00:00\",\"breadcrumb\":{\"@id\":\"https:\/\/sites.uef.fi\/vaikuttavuuden-talo\/vaikuttavuus-ja-kustannusvaikuttavuus\/#breadcrumb\"},\"inLanguage\":\"fi\",\"potentialAction\":[{\"@type\":\"ReadAction\",\"target\":[\"https:\/\/sites.uef.fi\/vaikuttavuuden-talo\/vaikuttavuus-ja-kustannusvaikuttavuus\/\"]}]},{\"@type\":\"BreadcrumbList\",\"@id\":\"https:\/\/sites.uef.fi\/vaikuttavuuden-talo\/vaikuttavuus-ja-kustannusvaikuttavuus\/#breadcrumb\",\"itemListElement\":[{\"@type\":\"ListItem\",\"position\":1,\"name\":\"Home\",\"item\":\"https:\/\/sites.uef.fi\/vaikuttavuuden-talo\/\"},{\"@type\":\"ListItem\",\"position\":2,\"name\":\"Sosiaali- ja terveyspalveluiden sek\u00e4 niiden integraation vaikuttavuus ja kustannusvaikuttavuus\"}]},{\"@type\":\"WebSite\",\"@id\":\"https:\/\/sites.uef.fi\/vaikuttavuuden-talo\/#website\",\"url\":\"https:\/\/sites.uef.fi\/vaikuttavuuden-talo\/\",\"name\":\"Vaikuttavuuden talo\",\"description\":\"\",\"potentialAction\":[{\"@type\":\"SearchAction\",\"target\":{\"@type\":\"EntryPoint\",\"urlTemplate\":\"https:\/\/sites.uef.fi\/vaikuttavuuden-talo\/?s={search_term_string}\"},\"query-input\":{\"@type\":\"PropertyValueSpecification\",\"valueRequired\":true,\"valueName\":\"search_term_string\"}}],\"inLanguage\":\"fi\"}]}<\/script>\n<!-- \/ Yoast SEO plugin. -->","yoast_head_json":{"title":"Sosiaali- ja terveyspalveluiden sek\u00e4 niiden integraation vaikuttavuus ja kustannusvaikuttavuus - Vaikuttavuuden talo","robots":{"index":"index","follow":"follow","max-snippet":"max-snippet:-1","max-image-preview":"max-image-preview:large","max-video-preview":"max-video-preview:-1"},"canonical":"https:\/\/sites.uef.fi\/vaikuttavuuden-talo\/vaikuttavuus-ja-kustannusvaikuttavuus\/","og_locale":"fi_FI","og_type":"article","og_title":"Sosiaali- ja terveyspalveluiden sek\u00e4 niiden integraation vaikuttavuus ja kustannusvaikuttavuus - Vaikuttavuuden talo","og_description":"Arvioimme erilaisten hoitojen, hoitotoimenpiteiden, l\u00e4\u00e4kehoitojen, sosiaality\u00f6n ja sosiaalipalveluiden sek\u00e4 n\u00e4iden integraation vaikutuksia ja vaikuttavuutta eri asiakas- ja potilasryhmiss\u00e4. Keski\u00f6ss\u00e4 ovat my\u00f6s terveyden ja hyvinvoinnin juurisyyt ja palveluprosessit, tuloksellisuus ja kustannusvaikuttavuus sek\u00e4 asiakas- ja potilasturvallisuus. L\u00e4\u00e4kehoito Tutkimme l\u00e4\u00e4kkeiden k\u00e4ytt\u00f6\u00e4 ja k\u00e4yt\u00f6n vaikuttavuutta sek\u00e4 l\u00e4\u00e4kehoidon kustannusvaikuttavuutta. Hoito ja hoitoprosessit Ravitsemus Ravitsemus terveyden edist\u00e4j\u00e4n\u00e4. Kliinisen ravitsemustieteen tutkimusryhm\u00e4t keskittyv\u00e4t [&hellip;]","og_url":"https:\/\/sites.uef.fi\/vaikuttavuuden-talo\/vaikuttavuus-ja-kustannusvaikuttavuus\/","og_site_name":"Vaikuttavuuden talo","article_modified_time":"2023-06-21T08:17:38+00:00","twitter_card":"summary_large_image","twitter_misc":{"Arvioitu lukuaika":"5 minuuttia"},"schema":{"@context":"https:\/\/schema.org","@graph":[{"@type":"WebPage","@id":"https:\/\/sites.uef.fi\/vaikuttavuuden-talo\/vaikuttavuus-ja-kustannusvaikuttavuus\/","url":"https:\/\/sites.uef.fi\/vaikuttavuuden-talo\/vaikuttavuus-ja-kustannusvaikuttavuus\/","name":"Sosiaali- ja terveyspalveluiden sek\u00e4 niiden integraation vaikuttavuus ja kustannusvaikuttavuus - Vaikuttavuuden talo","isPartOf":{"@id":"https:\/\/sites.uef.fi\/vaikuttavuuden-talo\/#website"},"datePublished":"2021-08-11T10:07:44+00:00","dateModified":"2023-06-21T08:17:38+00:00","breadcrumb":{"@id":"https:\/\/sites.uef.fi\/vaikuttavuuden-talo\/vaikuttavuus-ja-kustannusvaikuttavuus\/#breadcrumb"},"inLanguage":"fi","potentialAction":[{"@type":"ReadAction","target":["https:\/\/sites.uef.fi\/vaikuttavuuden-talo\/vaikuttavuus-ja-kustannusvaikuttavuus\/"]}]},{"@type":"BreadcrumbList","@id":"https:\/\/sites.uef.fi\/vaikuttavuuden-talo\/vaikuttavuus-ja-kustannusvaikuttavuus\/#breadcrumb","itemListElement":[{"@type":"ListItem","position":1,"name":"Home","item":"https:\/\/sites.uef.fi\/vaikuttavuuden-talo\/"},{"@type":"ListItem","position":2,"name":"Sosiaali- ja terveyspalveluiden sek\u00e4 niiden integraation vaikuttavuus ja kustannusvaikuttavuus"}]},{"@type":"WebSite","@id":"https:\/\/sites.uef.fi\/vaikuttavuuden-talo\/#website","url":"https:\/\/sites.uef.fi\/vaikuttavuuden-talo\/","name":"Vaikuttavuuden talo","description":"","potentialAction":[{"@type":"SearchAction","target":{"@type":"EntryPoint","urlTemplate":"https:\/\/sites.uef.fi\/vaikuttavuuden-talo\/?s={search_term_string}"},"query-input":{"@type":"PropertyValueSpecification","valueRequired":true,"valueName":"search_term_string"}}],"inLanguage":"fi"}]}},"_links":{"self":[{"href":"https:\/\/sites.uef.fi\/vaikuttavuuden-talo\/wp-json\/wp\/v2\/pages\/3758","targetHints":{"allow":["GET"]}}],"collection":[{"href":"https:\/\/sites.uef.fi\/vaikuttavuuden-talo\/wp-json\/wp\/v2\/pages"}],"about":[{"href":"https:\/\/sites.uef.fi\/vaikuttavuuden-talo\/wp-json\/wp\/v2\/types\/page"}],"author":[{"embeddable":true,"href":"https:\/\/sites.uef.fi\/vaikuttavuuden-talo\/wp-json\/wp\/v2\/users\/473"}],"replies":[{"embeddable":true,"href":"https:\/\/sites.uef.fi\/vaikuttavuuden-talo\/wp-json\/wp\/v2\/comments?post=3758"}],"version-history":[{"count":2,"href":"https:\/\/sites.uef.fi\/vaikuttavuuden-talo\/wp-json\/wp\/v2\/pages\/3758\/revisions"}],"predecessor-version":[{"id":7595,"href":"https:\/\/sites.uef.fi\/vaikuttavuuden-talo\/wp-json\/wp\/v2\/pages\/3758\/revisions\/7595"}],"wp:attachment":[{"href":"https:\/\/sites.uef.fi\/vaikuttavuuden-talo\/wp-json\/wp\/v2\/media?parent=3758"}],"curies":[{"name":"wp","href":"https:\/\/api.w.org\/{rel}","templated":true}]}}