{"id":3774,"date":"2021-08-11T12:53:44","date_gmt":"2021-08-11T10:53:44","guid":{"rendered":"https:\/\/sites.uef.fi\/vaikuttavuuden-talo\/?page_id=3774"},"modified":"2025-05-21T13:24:58","modified_gmt":"2025-05-21T11:24:58","slug":"sote-johtaminen-paatoksenteko-ja-lainsaadanto","status":"publish","type":"page","link":"https:\/\/sites.uef.fi\/vaikuttavuuden-talo\/sote-johtaminen-paatoksenteko-ja-lainsaadanto\/","title":{"rendered":"Vaikuttavuusperusteinen SOTE-johtaminen, -p\u00e4\u00e4t\u00f6ksenteko ja -lains\u00e4\u00e4d\u00e4nt\u00f6"},"content":{"rendered":"\n<p>Tarkastelemme palveluprosessien johtamista ja resurssien tehokasta kohdentumista sek\u00e4 palveluiden rakenteita. Johtamisen n\u00e4k\u00f6kulmasta tarkastelemme esimerkiksi sote-palveluiden integraatiota, monisairaiden asiakkaiden palveluita, sote-johtamisen vaikuttavuutta sek\u00e4 arvioimme reformien vaikutuksia ja vaikuttavuutta. Terveystaloustieteen n\u00e4k\u00f6kulmasta tarkastelemme esimerkiksi ik\u00e4\u00e4ntyneille, lapsille ja perheille tarjottujen palveluiden kustannusvaikuttavuutta ja l\u00e4\u00e4kkeiden kustannuksia. Lains\u00e4\u00e4d\u00e4nn\u00f6n n\u00e4k\u00f6kulmasta tarkastelemme hyvinvointiin liittyvi\u00e4 perustavanlaatuisia oikeuksia ihmisen el\u00e4m\u00e4nkaaren eri vaiheissa sek\u00e4 toimeentuloturvan ja hyvinvointipalveluj\u00e4rjestelm\u00e4n eri lohkoja.<\/p>\n\n\n\n<h2 class=\"wp-block-heading\">Johtaminen<\/h2>\n\n\n\n<p>Sosiaali- ja terveyspalvelujen johtaminen on olennaisesti yhteydess\u00e4 palvelujen vaikuttavuuteen. Sosiaali- ja terveyshallintotieteen tutkimuksen n\u00e4k\u00f6kulmina ovat esimerkiksi sosiaali- ja terveyspalvelujen integrointi, monisairaiden asiakkaiden palveluprosessit, tulevaisuuden osaamistarpeet, sote-johtamisen vaikuttavuus sek\u00e4 henkil\u00f6st\u00f6n jaksamiseen ja ty\u00f6hyvinvointiin liittyv\u00e4t teemat. Sote-uudistuksessa korostuu my\u00f6s reformien arvioinnin t\u00e4rkeys sek\u00e4 kuntien ja maakuntien ett\u00e4 kansallisella tasolla.<\/p>\n\n\n\n<ul class=\"wp-block-list\">\n<li><a href=\"https:\/\/thl.fi\/fi\/tutkimus-ja-kehittaminen\/tutkimukset-ja-hankkeet\/sosiaali-ja-terveydenhuollon-tietojarjestelmapalveluiden-seuranta-ja-arviointi-steps-3.0-\"><strong>Sosiaali- ja terveydenhuollon tietoj\u00e4rjestelm\u00e4\u00acpalveluiden seuranta ja arviointi<\/strong> <strong>(STePS 3.0)<\/strong> <\/a>-hankkeen (2019\u20132023) tavoitteena on tuottaa vertailu- ja seurantatietoa sosiaali- ja terveydenhuollon tietoj\u00e4rjestelm\u00e4palveluiden kehitt\u00e4misen tueksi sosiaali- ja terveydenhuollon organisaatioille, tukea valtakunnallisten tietoj\u00e4rjestelm\u00e4palvelujen suunnittelua ja ohjausta, tuottaa tietoa Sote-tieto hy\u00f6tyk\u00e4ytt\u00f6\u00f6n 2020-strategian tavoitteiden toteutumisen seurantaan sek\u00e4 horisontaalisen ja vertikaalisen tiedonvaihdon tilasta ja vaikutuksista eri alueilla. <\/li>\n<\/ul>\n\n\n\n<p>Hanke toteuttaa valtakunnalliset kyselyt sairaanhoitajille (v.2020), l\u00e4\u00e4k\u00e4reille, sosiaali- ja terveydenhuollon johtajille, sosiaalialan korkeakoulutetuille sek\u00e4 kansalaisille. Kaikki aineistot julkaistaan THL:n tietokantaraportteina. Hankkeessa on mukana It\u00e4-Suomen yliopiston Sosiaali- ja terveysjohtamisen laitokselta professori Kaija Saranto, dosentti, yliopistonlehtori Ulla-Mari Kinnunen ja projektitutkija Samuli Koponen.&nbsp;<\/p>\n\n\n\n<ul class=\"wp-block-list\">\n<li><strong><a href=\"https:\/\/uefconnect.uef.fi\/tutkimusryhma\/tieku-tiedon-kaytto-kuntien-toiminnassa-ja-valtion-kuntia-koskevassa-paatoksenteossa\/\">TIEKU \u2013 Tiedon k\u00e4ytt\u00f6 kuntien toiminnassa ja valtion kuntia koskevassa p\u00e4\u00e4t\u00f6ksenteossa<\/a>&nbsp;<\/strong>-tutkimushankkeessa tarkastellaan kuntien toiminnassa sek\u00e4 valtion kuntia koskevassa p\u00e4\u00e4t\u00f6ksenteossa k\u00e4ytett\u00e4v\u00e4n tiedon k\u00e4ytt\u00f6alaa, merkityst\u00e4 ja sit\u00e4, vastaako saatavilla oleva tieto p\u00e4\u00e4t\u00f6ksentekij\u00f6iden tiedontarpeisiin. Tutkimuksessa on mukana kolme kaupunkia ja yksi kunta, ja lis\u00e4ksi tutkimuksessa selvitet\u00e4\u00e4n eduskunnan eri valiokuntien, erityisesti hallintovaliokunnan, sivistysvaliokunnan sek\u00e4 sosiaali- ja terveysvaliokunnan, ja eri ministeri\u00f6iden kuntia koskevaan p\u00e4\u00e4t\u00f6ksentekoon ja ohjaukseen liittyv\u00e4\u00e4 toimintaa. Tutkimuksessa tarkastellaan my\u00f6s tiedon k\u00e4ytt\u00e4misen prosesseja ja muotoja tiedonk\u00e4ytt\u00e4misen ja p\u00e4\u00e4t\u00f6ksenteon eri vaiheissa; valmistelussa, p\u00e4\u00e4t\u00f6ksenteossa ja p\u00e4\u00e4t\u00f6sten toimeenpanossa. Tutkimuksen kesto 2020\u20132021.<\/li>\n<\/ul>\n\n\n\n<ul class=\"wp-block-list\">\n<li><a rel=\"noreferrer noopener\" href=\"https:\/\/uefconnect.uef.fi\/tutkimusryhma\/vaikuttava-sosiaali-ja-terveysjohtaminen-jova\/\" target=\"_blank\"><strong>JoVa \u2013 Vaikuttava sosiaali- ja terveysjohtaminen<\/strong><\/a>&nbsp;-tutkimushankkeen tarkoituksena on selvitt\u00e4\u00e4 johtamisen yhteytt\u00e4 ja vaikutuksia organisaation tuloksellisuuteen uudistuvassa sosiaali- ja terveyspalveluj\u00e4rjestelm\u00e4ss\u00e4. Tutkimus toteutetaan sosiaali- ja terveysjohtamisen laitoksella seurantatutkimuksena, jossa toteutetaan kyselyt sosiaali- ja terveysjohtajille terveydenhuollon organisaatioissa vuosina 2018 ja 2022.<\/li>\n<\/ul>\n\n\n\n<ul class=\"wp-block-list\">\n<li><a rel=\"noreferrer noopener\" href=\"https:\/\/www.lewoge.fi\/\" target=\"_blank\"><strong>Lean Work Gender<\/strong>&nbsp;<\/a>-hanke&nbsp;(2018-2022) tutkii lean-tuotantomallia ja sen soveltamisen vaikutuksia julkisen sektorin sosiaali- ja terveyspalveluty\u00f6ss\u00e4.<\/li>\n<\/ul>\n\n\n\n<ul class=\"wp-block-list\">\n<li><a href=\"https:\/\/uefconnect.uef.fi\/tutkimusryhma\/laakepolitiikan-tutkimusryhma\/\"><strong>L\u00e4\u00e4kepolitiikan tutkimusryhm\u00e4<\/strong><\/a> tutkii l\u00e4\u00e4kepoliittisia uudistuksia ja niille asetettujen tavoitteiden ja odotusten toteutumista uudistukselle keskeisist\u00e4 n\u00e4k\u00f6kulmista.<\/li>\n<\/ul>\n\n\n\n<h2 class=\"wp-block-heading\">Talous<\/h2>\n\n\n\n<p>Palvelujen ja hoitojen oikea kohdentaminen ja k\u00e4ytett\u00e4viss\u00e4 olevien resurssien tehokas k\u00e4ytt\u00f6 sosiaali- ja terveydenhuollossa edellytt\u00e4\u00e4 luotettavaa tietoa palvelujen ja interventioiden vaikuttavuudesta ja kustannusvaikuttavuudesta. Terveystaloustieteen tutkimus tarkastelee terveyspalvelujen sek\u00e4 ik\u00e4\u00e4ntyneille, lapsille ja perheille tarjottujen palvelujen kustannusvaikuttavuutta sek\u00e4 l\u00e4\u00e4kkeiden kustannuksia ja liikunnan vaikuttavuutta.<\/p>\n\n\n\n<ul class=\"wp-block-list\">\n<li><a href=\"https:\/\/uefconnect.uef.fi\/tutkimusryhma\/sote-vaikuttavuuskeskus-hanke\/\"><strong>SOTE-vaikuttavuuskeskus<\/strong><\/a>&nbsp;-hankkeessa laaditaan toimintasuunnitelma kansalliselle SOTE-vaikuttavuuskeskukselle, jossa m\u00e4\u00e4ritet\u00e4\u00e4n vaikuttavuuskeskuksen rooli ja toimintatavat osana suomalaista sote-asiantuntijaverkostoa. Tavoite on, ett\u00e4 keskus tuo lis\u00e4arvoa ja uudenlaisia ratkaisuja kustannusvaikuttavuustiedon hy\u00f6dynt\u00e4miseen p\u00e4\u00e4t\u00f6ksenteossa ja sote-palveluiden kehitt\u00e4misess\u00e4. Toimintasuunnitelmassa on tavoitteena my\u00f6s m\u00e4\u00e4ritt\u00e4\u00e4 vaikuttavuuskeskuksen pitk\u00e4aikainen rahoitus siten, ett\u00e4 sen toiminta on kest\u00e4v\u00e4ll\u00e4 pohjalla.<\/li>\n<\/ul>\n\n\n\n<ul class=\"wp-block-list\">\n<li><a rel=\"noreferrer noopener\" href=\"http:\/\/www.stnimpro.fi\/\" target=\"_blank\"><strong>STN IMPRO<\/strong>&nbsp;<\/a>-tutkimusprojekti tuottaa tutkittua tietoa sosiaali- ja terveydenhuollon uudistuksen tueksi sote-palveluiden rakenteesta, toimivuudesta ja tuloksellisuudesta. Tutkimusryhm\u00e4 analysoi sosiaali- ja terveydenhuollon palvelurakenteita, hoidon saavutettavuutta, hoitopolkuja, hoidon tuloksia ja kustannuksia sek\u00e4 kustannusvaikuttavuutta ennen sote-uudistusta ja sen j\u00e4lkeen.<\/li>\n<\/ul>\n\n\n\n<ul class=\"wp-block-list\">\n<li><strong><a href=\"https:\/\/uefconnect.uef.fi\/tutkimusryhma\/laaketalouden-ja-vaikuttavuuden-tutkimusryhma\/\">L\u00e4\u00e4ketalouden ja vaikuttavuuden tutkimusryhm\u00e4n<\/a><\/strong> tutkimuksen ensisijaisena tutkimuskohteena ovat l\u00e4\u00e4kehoitojen ja muiden terveydenhuollon menetelmien sek\u00e4 politiikkatoimenpiteiden arviointi ja vaikuttavuustutkimus (esimerkiksi terveyteen liittyv\u00e4n el\u00e4m\u00e4nlaadun, terveydenhuollon kustannusten sek\u00e4 toiminta- ja ty\u00f6kyvyn n\u00e4k\u00f6kulmista).<\/li>\n<\/ul>\n\n\n\n<h2 class=\"wp-block-heading\">Hyvinvointioikeus<\/h2>\n\n\n\n<p>Hyvinvointioikeuden tutkimuksen ytimess\u00e4 ovat yksil\u00f6n hyvinvointiin liittyv\u00e4t perustavanlaatuiset oikeudet ihmisen el\u00e4m\u00e4nkaaren eri vaiheissa, kuten lapsuudessa ja vanhuudessa. Hyvinvointioikeudessa tutkitaan my\u00f6s muun muassa toimeentuloturva- ja hyvinvointipalveluj\u00e4rjestelm\u00e4n eri lohkoja sek\u00e4 hyvinvointipalveluiden j\u00e4rjest\u00e4miseen ja tuottamiseen osallistuvia&nbsp; viranomaisia ja muita toimijoita. Hyvinvointioikeuden tutkimus on It\u00e4-Suomen yliopistossa keskittynyt&nbsp;<a rel=\"noreferrer noopener\" href=\"https:\/\/sites.uef.fi\/hyvinvointioikeus\/\" target=\"_blank\">Hyvinvointioikeuden instituuttiin<\/a>.<\/p>\n\n\n\n<ul class=\"wp-block-list\">\n<li><a href=\"https:\/\/uefconnect.uef.fi\/tutkimusryhma\/vammaisuus-ja-ihmisarvo\/\"><strong>Disability &amp; Dignity<\/strong><\/a> -hankkeessa (2021-2025) tutkitaan, kuinka vammaisten ihmisten ihmisarvosta ja sen toteutumisesta s\u00e4\u00e4det\u00e4\u00e4n Suomen lains\u00e4\u00e4d\u00e4nn\u00f6ss\u00e4 ja miten t\u00e4m\u00e4 heijastuu vammaisten ihmisten el\u00e4m\u00e4\u00e4n. T\u00e4m\u00e4 vaatii &#8217;vammaisuuden&#8217; ja &#8217;ihmisarvon&#8217; k\u00e4sitteiden filosofista analyysia, ihmisarvon oikeudellisen perustan tutkimista, sek\u00e4 empiirist\u00e4 tutkimusta, jossa kartoitetaan vammaisten ihmisten ja heid\u00e4n l\u00e4heistens\u00e4 omia kokemuksia ihmisarvon toteutumisesta. Hankkeen teoreettisessa osiossa ihmisarvon kytket\u00e4\u00e4n autonomian k\u00e4sitteeseen, mutta autonomia m\u00e4\u00e4ritell\u00e4\u00e4n siten, ett\u00e4 se ei sulje pois normaalista vammattomasta ihmisest\u00e4 poikkeavia yksil\u00f6it\u00e4. Empiirisess\u00e4 osiossa aihetta l\u00e4hestyt\u00e4\u00e4n el\u00e4m\u00e4nkulun teorian n\u00e4k\u00f6kulmasta siten, ett\u00e4 tarkempaan analyysiin otetaan eri el\u00e4m\u00e4nvaiheissa erityisen keskeisi\u00e4 oikeudellisia instrumentteja. N\u00e4in vammaisia yksil\u00f6it\u00e4 ei kohdella yhten\u00e4isen\u00e4 ryhm\u00e4n\u00e4, vaan yksil\u00f6in\u00e4, joiden identiteettiin kuuluu muitakin piirteit\u00e4 kuin vammaisuus. Hanketta johtaa professori <a href=\"https:\/\/uefconnect.uef.fi\/henkilo\/eeva.nykanen\/\">Eeva Nyk\u00e4nen<\/a> Hyvinvointioikeuden instituutista. Hanketta rahoittaa Suomen Akatemia.<\/li>\n<\/ul>\n\n\n\n<ul class=\"has-black-color has-text-color wp-block-list\">\n<li><strong>MCI@work<\/strong>&nbsp;kansainv\u00e4lisess\u00e4 monitieteisess\u00e4 tutkimushankkeessa tarkastellaan ty\u00f6ik\u00e4isen\u00e4 muistisairauteen sairastuneiden erityiskysymyksi\u00e4. <\/li>\n<\/ul>\n\n\n\n<ul class=\"wp-block-list\">\n<li>Kansainv\u00e4lisess\u00e4 monitieteisess\u00e4 <a rel=\"noreferrer noopener\" href=\"https:\/\/www.fafo.no\/en\/projects\/current-projects\" target=\"_blank\"><strong>Fafo<\/strong><\/a>-tutkimushankkeessa tarkastellaan ty\u00f6n ja ty\u00f6nteon tapojen muutoksia, kuten digitalisaation vaikutuksia ty\u00f6markkinoihin.<\/li>\n<\/ul>\n\n\n\n<hr class=\"wp-block-separator has-css-opacity\" \/>\n\n\n\n<h2 class=\"wp-block-heading\">P\u00e4\u00e4ttyneet hankkeet<\/h2>\n\n\n\n<ul class=\"wp-block-list\">\n<li>Tutkimushankkeemme \u201dMeaningful relations \u2013 patient and family carer encountering death at home\u201d (<a href=\"https:\/\/uefconnect.uef.fi\/tutkimusryhma\/merkitykselliset-relaatiot-koti-ikaantymisen-ja-kuoleman-paikkana-merela\/\">MeRela<\/a>, 2017-2020) tarkastelee ik\u00e4\u00e4ntyv\u00e4n (yli 65-vuotiaan) ja h\u00e4nen omaisensa kokemuksia ik\u00e4\u00e4ntymisest\u00e4, kuoleman kohtaamisesta sek\u00e4 kuoleman ja surun todellisuudesta kotona. Olemme hankkeessa kiinnostuneita erityisesti yksil\u00f6n ihmissuhteiden merkityksest\u00e4 kuoleman ja surun prosesseissa. Monitieteisess\u00e4 hankkeessa l\u00e4hestymme ik\u00e4\u00e4ntymisen ja kuoleman kysymyksi\u00e4 oikeustieteen, teologian, sosiaality\u00f6n, yhteiskuntapolitiikan ja hoitotieteen n\u00e4k\u00f6kulmista.<\/li>\n\n\n\n<li><a rel=\"noreferrer noopener\" href=\"http:\/\/www.artsequal.fi\/\" target=\"_blank\">Artsequal<\/a>&nbsp;-hanke (2015-2020) tutkii, kuinka taide julkisena palveluna voisi lis\u00e4t\u00e4 yhteiskunnallista tasa-arvoa ja hyvinvointia 2020-luvun Suomessa.<\/li>\n\n\n\n<li><a rel=\"noreferrer noopener\" href=\"https:\/\/blogs.helsinki.fi\/taidejatekijanoikeus\/projektin-esittely-project-abstract\/\" target=\"_blank\">Taide, tekij\u00e4noikeus ja tekijyyden muutos&nbsp;&nbsp;<\/a>-hanke (2016-2019) paneutuu tekij\u00e4n asemaan ja oikeuksiin nykyp\u00e4iv\u00e4n taidemaailmassa, erityisesti kirjallisuudessa ja kuvataiteissa.<\/li>\n\n\n\n<li>COPE \u2013 Osaavan ty\u00f6voiman varmistaminen sosiaali- ja terveydenhuollon murroksessa&nbsp;-hankkeessa (2016-2018) tutkitaan sosiaali- ja terveydenhuollon murrosta ja sen vaikutuksia ty\u00f6h\u00f6n, osaamistarpeisiin ja osaamisen kehitt\u00e4miseen. Hankkeen teemat ovat Muuttuva ty\u00f6, Digitalisaatio, Monikulttuuriset ty\u00f6yhteis\u00f6t, Elinik\u00e4inen oppiminen, sek\u00e4 Hallinto, johtaminen ja p\u00e4\u00e4t\u00f6ksenteko.<\/li>\n\n\n\n<li><a rel=\"noreferrer noopener\" href=\"http:\/\/www.uef.fi\/fi\/web\/onnistusoteintegraatiossa\" target=\"_blank\">Onnistu sote-integraatiossa&nbsp;<\/a>-tutkimushankkeen (2016-2018) tavoitteena on tuottaa yhdess\u00e4 kuntatason sosiaali- ja terveysalan toimijoiden kanssa tietoa siit\u00e4, mitk\u00e4 ovat perusterveydenhuollon, erikoissairaanhoidon ja sosiaalipalvelujen toiminnallisen integraation onnistumisen edellytykset. K\u00e4yt\u00e4nn\u00f6n tavoitteena on tuottaa asiakasl\u00e4ht\u00f6inen, integroitu toimintamalli paljon palveluja tarvitsevien asiakkaiden palvelujen kehitt\u00e4miseen.<\/li>\n\n\n\n<li><a rel=\"noreferrer noopener\" href=\"http:\/\/www.icare4eu.org\/\" target=\"_blank\">ICARE4EU (Innovating care for people with multiple chronic conditions in Europe)<\/a>&nbsp;(2013\u20132016) describes and analyses innovative approaches in multidisciplinary care for people with multiple chronic conditions currently existing in Europe.<\/li>\n\n\n\n<li><a rel=\"noreferrer noopener\" href=\"http:\/\/www.excelc.eu\/\" target=\"_blank\">EXCELC \u2013 Pitk\u00e4aikaishoidon vaikuttavuus ja tehokkuus kansainv\u00e4lisess\u00e4 vertailussa<\/a>&nbsp;-tutkimus vertailee ik\u00e4\u00e4ntyneiden laitosten ulkopuolisen pitk\u00e4aikaishoidon (esimerkiksi kotipalvelujen ja p\u00e4iv\u00e4toiminnan) tehokkuutta ja vaikuttavuutta niin hoidettavien kuin hoitajienkin n\u00e4k\u00f6kulmasta Englannissa, It\u00e4vallassa ja Suomessa.<\/li>\n\n\n\n<li>L\u00e4\u00e4kkeiden saatavuusongelmat ja saatavuuden edist\u00e4minen Suomessa ja EU:n alueella&nbsp;-projekti tutkii l\u00e4\u00e4kkeiden saatavuutta, l\u00e4\u00e4kkeiden saatavuusongelmien yleisyytt\u00e4 ja siihen liittyvi\u00e4 maakohtaisia erityispiirteit\u00e4 Suomessa, syit\u00e4 ongelmien taustalla sek\u00e4 seurauksia, joita saatavuusongelmista aiheutuu Suomessa, sek\u00e4 harvinaissairauksia sairastavien potilaiden l\u00e4\u00e4kehoitojen saatavuutta ja k\u00e4ytt\u00f6\u00f6n p\u00e4\u00e4syn edist\u00e4mist\u00e4 Suomessa ja EU:n alueella.<\/li>\n\n\n\n<li><a rel=\"noreferrer noopener\" href=\"http:\/\/www.uef.fi\/fi\/web\/farmasia-laakevaihto\" target=\"_blank\">L\u00e4\u00e4kevaihto<\/a>&nbsp;-tutkimusprojektin tavoitteena oli tutkia l\u00e4\u00e4kevaihdon k\u00e4ytt\u00f6\u00f6notosta yhteiskunnalle ja l\u00e4\u00e4kkeiden k\u00e4ytt\u00e4jille syntyneit\u00e4 s\u00e4\u00e4st\u00f6j\u00e4, l\u00e4\u00e4kkeiden k\u00e4ytt\u00e4jien kokemuksia ja asenteita l\u00e4\u00e4kevaihtoa kohtaan, l\u00e4\u00e4k\u00e4reiden asenteita ja kokemuksia l\u00e4\u00e4kevaihdosta sek\u00e4 l\u00e4\u00e4kevaihdon vaikutuksia l\u00e4\u00e4kejakeluketjuun (l\u00e4\u00e4keyritykset, l\u00e4\u00e4ketukkuliikkeet ja apteekit).<\/li>\n<\/ul>\n\n\n\n<ul class=\"has-black-color has-text-color wp-block-list\">\n<li><a href=\"https:\/\/www.kela.fi\/documents\/10180\/3908005\/S%C3%A4hk%C3%B6inen+resepti+ja+sen+k%C3%A4ytt%C3%B6%C3%B6noton+vaikutukset+l%C3%A4%C3%A4kkeiden+k%C3%A4ytt%C3%A4jien%2C+toimittajien+ja+m%C3%A4%C3%A4r%C3%A4%C3%A4jien+n%C3%A4k%C3%B6kulmasta+Suomessa\/a6a26e5b-f03b-4576-9b4f-5a1fafe2423f\" target=\"_blank\" rel=\"noreferrer noopener\">S\u00e4hk\u00f6isen reseptin k\u00e4ytt\u00f6\u00f6noton vaikutukset Suomessa<\/a>&nbsp;-tutkimusprojektin tavoite on tutkia s\u00e4hk\u00f6isen reseptin vaikutuksia l\u00e4\u00e4kkeiden m\u00e4\u00e4r\u00e4\u00e4miseen, toimittamiseen ja l\u00e4\u00e4kitysturvallisuuteen Suomessa. <\/li>\n<\/ul>\n","protected":false},"excerpt":{"rendered":"<p>Tarkastelemme palveluprosessien johtamista ja resurssien tehokasta kohdentumista sek\u00e4 palveluiden rakenteita. Johtamisen n\u00e4k\u00f6kulmasta tarkastelemme esimerkiksi sote-palveluiden integraatiota, monisairaiden asiakkaiden palveluita, sote-johtamisen vaikuttavuutta sek\u00e4 arvioimme reformien vaikutuksia ja vaikuttavuutta. Terveystaloustieteen n\u00e4k\u00f6kulmasta tarkastelemme esimerkiksi ik\u00e4\u00e4ntyneille, lapsille ja perheille tarjottujen palveluiden kustannusvaikuttavuutta ja l\u00e4\u00e4kkeiden kustannuksia. Lains\u00e4\u00e4d\u00e4nn\u00f6n n\u00e4k\u00f6kulmasta tarkastelemme hyvinvointiin liittyvi\u00e4 perustavanlaatuisia oikeuksia ihmisen el\u00e4m\u00e4nkaaren eri vaiheissa sek\u00e4 toimeentuloturvan ja [&hellip;]<\/p>\n","protected":false},"author":473,"featured_media":0,"parent":0,"menu_order":0,"comment_status":"closed","ping_status":"closed","template":"","meta":{"_acf_changed":false,"_monsterinsights_skip_tracking":false,"_monsterinsights_sitenote_active":false,"_monsterinsights_sitenote_note":"","_monsterinsights_sitenote_category":0,"footnotes":""},"class_list":["post-3774","page","type-page","status-publish","hentry"],"acf":[],"yoast_head":"<!-- This site is optimized with the Yoast SEO plugin v27.3 - https:\/\/yoast.com\/product\/yoast-seo-wordpress\/ -->\n<title>Vaikuttavuusperusteinen SOTE-johtaminen, -p\u00e4\u00e4t\u00f6ksenteko ja -lains\u00e4\u00e4d\u00e4nt\u00f6 - Vaikuttavuuden talo<\/title>\n<meta name=\"robots\" content=\"index, follow, max-snippet:-1, max-image-preview:large, max-video-preview:-1\" \/>\n<link rel=\"canonical\" href=\"https:\/\/sites.uef.fi\/vaikuttavuuden-talo\/sote-johtaminen-paatoksenteko-ja-lainsaadanto\/\" \/>\n<meta property=\"og:locale\" content=\"fi_FI\" \/>\n<meta property=\"og:type\" content=\"article\" \/>\n<meta property=\"og:title\" content=\"Vaikuttavuusperusteinen SOTE-johtaminen, -p\u00e4\u00e4t\u00f6ksenteko ja -lains\u00e4\u00e4d\u00e4nt\u00f6 - Vaikuttavuuden talo\" \/>\n<meta property=\"og:description\" content=\"Tarkastelemme palveluprosessien johtamista ja resurssien tehokasta kohdentumista sek\u00e4 palveluiden rakenteita. Johtamisen n\u00e4k\u00f6kulmasta tarkastelemme esimerkiksi sote-palveluiden integraatiota, monisairaiden asiakkaiden palveluita, sote-johtamisen vaikuttavuutta sek\u00e4 arvioimme reformien vaikutuksia ja vaikuttavuutta. Terveystaloustieteen n\u00e4k\u00f6kulmasta tarkastelemme esimerkiksi ik\u00e4\u00e4ntyneille, lapsille ja perheille tarjottujen palveluiden kustannusvaikuttavuutta ja l\u00e4\u00e4kkeiden kustannuksia. Lains\u00e4\u00e4d\u00e4nn\u00f6n n\u00e4k\u00f6kulmasta tarkastelemme hyvinvointiin liittyvi\u00e4 perustavanlaatuisia oikeuksia ihmisen el\u00e4m\u00e4nkaaren eri vaiheissa sek\u00e4 toimeentuloturvan ja [&hellip;]\" \/>\n<meta property=\"og:url\" content=\"https:\/\/sites.uef.fi\/vaikuttavuuden-talo\/sote-johtaminen-paatoksenteko-ja-lainsaadanto\/\" \/>\n<meta property=\"og:site_name\" content=\"Vaikuttavuuden talo\" \/>\n<meta property=\"article:modified_time\" content=\"2025-05-21T11:24:58+00:00\" \/>\n<meta name=\"twitter:card\" content=\"summary_large_image\" \/>\n<meta name=\"twitter:label1\" content=\"Arvioitu lukuaika\" \/>\n\t<meta name=\"twitter:data1\" content=\"7 minuuttia\" \/>\n<script type=\"application\/ld+json\" class=\"yoast-schema-graph\">{\"@context\":\"https:\\\/\\\/schema.org\",\"@graph\":[{\"@type\":\"WebPage\",\"@id\":\"https:\\\/\\\/sites.uef.fi\\\/vaikuttavuuden-talo\\\/sote-johtaminen-paatoksenteko-ja-lainsaadanto\\\/\",\"url\":\"https:\\\/\\\/sites.uef.fi\\\/vaikuttavuuden-talo\\\/sote-johtaminen-paatoksenteko-ja-lainsaadanto\\\/\",\"name\":\"Vaikuttavuusperusteinen SOTE-johtaminen, -p\u00e4\u00e4t\u00f6ksenteko ja -lains\u00e4\u00e4d\u00e4nt\u00f6 - Vaikuttavuuden talo\",\"isPartOf\":{\"@id\":\"https:\\\/\\\/sites.uef.fi\\\/vaikuttavuuden-talo\\\/#website\"},\"datePublished\":\"2021-08-11T10:53:44+00:00\",\"dateModified\":\"2025-05-21T11:24:58+00:00\",\"breadcrumb\":{\"@id\":\"https:\\\/\\\/sites.uef.fi\\\/vaikuttavuuden-talo\\\/sote-johtaminen-paatoksenteko-ja-lainsaadanto\\\/#breadcrumb\"},\"inLanguage\":\"fi\",\"potentialAction\":[{\"@type\":\"ReadAction\",\"target\":[\"https:\\\/\\\/sites.uef.fi\\\/vaikuttavuuden-talo\\\/sote-johtaminen-paatoksenteko-ja-lainsaadanto\\\/\"]}]},{\"@type\":\"BreadcrumbList\",\"@id\":\"https:\\\/\\\/sites.uef.fi\\\/vaikuttavuuden-talo\\\/sote-johtaminen-paatoksenteko-ja-lainsaadanto\\\/#breadcrumb\",\"itemListElement\":[{\"@type\":\"ListItem\",\"position\":1,\"name\":\"Home\",\"item\":\"https:\\\/\\\/sites.uef.fi\\\/vaikuttavuuden-talo\\\/\"},{\"@type\":\"ListItem\",\"position\":2,\"name\":\"Vaikuttavuusperusteinen SOTE-johtaminen, -p\u00e4\u00e4t\u00f6ksenteko ja -lains\u00e4\u00e4d\u00e4nt\u00f6\"}]},{\"@type\":\"WebSite\",\"@id\":\"https:\\\/\\\/sites.uef.fi\\\/vaikuttavuuden-talo\\\/#website\",\"url\":\"https:\\\/\\\/sites.uef.fi\\\/vaikuttavuuden-talo\\\/\",\"name\":\"Vaikuttavuuden talo\",\"description\":\"\",\"potentialAction\":[{\"@type\":\"SearchAction\",\"target\":{\"@type\":\"EntryPoint\",\"urlTemplate\":\"https:\\\/\\\/sites.uef.fi\\\/vaikuttavuuden-talo\\\/?s={search_term_string}\"},\"query-input\":{\"@type\":\"PropertyValueSpecification\",\"valueRequired\":true,\"valueName\":\"search_term_string\"}}],\"inLanguage\":\"fi\"}]}<\/script>\n<!-- \/ Yoast SEO plugin. -->","yoast_head_json":{"title":"Vaikuttavuusperusteinen SOTE-johtaminen, -p\u00e4\u00e4t\u00f6ksenteko ja -lains\u00e4\u00e4d\u00e4nt\u00f6 - Vaikuttavuuden talo","robots":{"index":"index","follow":"follow","max-snippet":"max-snippet:-1","max-image-preview":"max-image-preview:large","max-video-preview":"max-video-preview:-1"},"canonical":"https:\/\/sites.uef.fi\/vaikuttavuuden-talo\/sote-johtaminen-paatoksenteko-ja-lainsaadanto\/","og_locale":"fi_FI","og_type":"article","og_title":"Vaikuttavuusperusteinen SOTE-johtaminen, -p\u00e4\u00e4t\u00f6ksenteko ja -lains\u00e4\u00e4d\u00e4nt\u00f6 - Vaikuttavuuden talo","og_description":"Tarkastelemme palveluprosessien johtamista ja resurssien tehokasta kohdentumista sek\u00e4 palveluiden rakenteita. Johtamisen n\u00e4k\u00f6kulmasta tarkastelemme esimerkiksi sote-palveluiden integraatiota, monisairaiden asiakkaiden palveluita, sote-johtamisen vaikuttavuutta sek\u00e4 arvioimme reformien vaikutuksia ja vaikuttavuutta. Terveystaloustieteen n\u00e4k\u00f6kulmasta tarkastelemme esimerkiksi ik\u00e4\u00e4ntyneille, lapsille ja perheille tarjottujen palveluiden kustannusvaikuttavuutta ja l\u00e4\u00e4kkeiden kustannuksia. Lains\u00e4\u00e4d\u00e4nn\u00f6n n\u00e4k\u00f6kulmasta tarkastelemme hyvinvointiin liittyvi\u00e4 perustavanlaatuisia oikeuksia ihmisen el\u00e4m\u00e4nkaaren eri vaiheissa sek\u00e4 toimeentuloturvan ja [&hellip;]","og_url":"https:\/\/sites.uef.fi\/vaikuttavuuden-talo\/sote-johtaminen-paatoksenteko-ja-lainsaadanto\/","og_site_name":"Vaikuttavuuden talo","article_modified_time":"2025-05-21T11:24:58+00:00","twitter_card":"summary_large_image","twitter_misc":{"Arvioitu lukuaika":"7 minuuttia"},"schema":{"@context":"https:\/\/schema.org","@graph":[{"@type":"WebPage","@id":"https:\/\/sites.uef.fi\/vaikuttavuuden-talo\/sote-johtaminen-paatoksenteko-ja-lainsaadanto\/","url":"https:\/\/sites.uef.fi\/vaikuttavuuden-talo\/sote-johtaminen-paatoksenteko-ja-lainsaadanto\/","name":"Vaikuttavuusperusteinen SOTE-johtaminen, -p\u00e4\u00e4t\u00f6ksenteko ja -lains\u00e4\u00e4d\u00e4nt\u00f6 - Vaikuttavuuden talo","isPartOf":{"@id":"https:\/\/sites.uef.fi\/vaikuttavuuden-talo\/#website"},"datePublished":"2021-08-11T10:53:44+00:00","dateModified":"2025-05-21T11:24:58+00:00","breadcrumb":{"@id":"https:\/\/sites.uef.fi\/vaikuttavuuden-talo\/sote-johtaminen-paatoksenteko-ja-lainsaadanto\/#breadcrumb"},"inLanguage":"fi","potentialAction":[{"@type":"ReadAction","target":["https:\/\/sites.uef.fi\/vaikuttavuuden-talo\/sote-johtaminen-paatoksenteko-ja-lainsaadanto\/"]}]},{"@type":"BreadcrumbList","@id":"https:\/\/sites.uef.fi\/vaikuttavuuden-talo\/sote-johtaminen-paatoksenteko-ja-lainsaadanto\/#breadcrumb","itemListElement":[{"@type":"ListItem","position":1,"name":"Home","item":"https:\/\/sites.uef.fi\/vaikuttavuuden-talo\/"},{"@type":"ListItem","position":2,"name":"Vaikuttavuusperusteinen SOTE-johtaminen, -p\u00e4\u00e4t\u00f6ksenteko ja -lains\u00e4\u00e4d\u00e4nt\u00f6"}]},{"@type":"WebSite","@id":"https:\/\/sites.uef.fi\/vaikuttavuuden-talo\/#website","url":"https:\/\/sites.uef.fi\/vaikuttavuuden-talo\/","name":"Vaikuttavuuden talo","description":"","potentialAction":[{"@type":"SearchAction","target":{"@type":"EntryPoint","urlTemplate":"https:\/\/sites.uef.fi\/vaikuttavuuden-talo\/?s={search_term_string}"},"query-input":{"@type":"PropertyValueSpecification","valueRequired":true,"valueName":"search_term_string"}}],"inLanguage":"fi"}]}},"_links":{"self":[{"href":"https:\/\/sites.uef.fi\/vaikuttavuuden-talo\/wp-json\/wp\/v2\/pages\/3774","targetHints":{"allow":["GET"]}}],"collection":[{"href":"https:\/\/sites.uef.fi\/vaikuttavuuden-talo\/wp-json\/wp\/v2\/pages"}],"about":[{"href":"https:\/\/sites.uef.fi\/vaikuttavuuden-talo\/wp-json\/wp\/v2\/types\/page"}],"author":[{"embeddable":true,"href":"https:\/\/sites.uef.fi\/vaikuttavuuden-talo\/wp-json\/wp\/v2\/users\/473"}],"replies":[{"embeddable":true,"href":"https:\/\/sites.uef.fi\/vaikuttavuuden-talo\/wp-json\/wp\/v2\/comments?post=3774"}],"version-history":[{"count":2,"href":"https:\/\/sites.uef.fi\/vaikuttavuuden-talo\/wp-json\/wp\/v2\/pages\/3774\/revisions"}],"predecessor-version":[{"id":7677,"href":"https:\/\/sites.uef.fi\/vaikuttavuuden-talo\/wp-json\/wp\/v2\/pages\/3774\/revisions\/7677"}],"wp:attachment":[{"href":"https:\/\/sites.uef.fi\/vaikuttavuuden-talo\/wp-json\/wp\/v2\/media?parent=3774"}],"curies":[{"name":"wp","href":"https:\/\/api.w.org\/{rel}","templated":true}]}}