{"id":4798,"date":"2022-03-22T11:26:51","date_gmt":"2022-03-22T09:26:51","guid":{"rendered":"https:\/\/sites.uef.fi\/vaikuttavuuden-talo\/?page_id=4798"},"modified":"2023-03-16T11:01:48","modified_gmt":"2023-03-16T09:01:48","slug":"vaikuttavuuden-tutkimuksen-paivat-2022","status":"publish","type":"page","link":"https:\/\/sites.uef.fi\/vaikuttavuuden-talo\/vaikuttavuuden-tutkimuksen-paivat-2022\/","title":{"rendered":"Vaikuttavuuden tutkimuksen p\u00e4iv\u00e4t 2022"},"content":{"rendered":"\n<figure class=\"wp-block-image size-large\"><img loading=\"lazy\" decoding=\"async\" width=\"1024\" height=\"576\" src=\"https:\/\/sites.uef.fi\/vaikuttavuuden-talo\/wp-content\/uploads\/sites\/28\/2022\/03\/UEF_Vaikuttavuuden_Talo_Some_FIN-1024x576.png\" alt=\"Vaikuttavuuden tutkimuksen p\u00e4iv\u00e4t 4\u20135.10.2022 Kuopiossa; Vaikuttavuuden mittaaminen: mittarit, menetelm\u00e4t ja ty\u00f6kalut -mainosbanneri.\" class=\"wp-image-4886\" srcset=\"https:\/\/sites.uef.fi\/vaikuttavuuden-talo\/wp-content\/uploads\/sites\/28\/2022\/03\/UEF_Vaikuttavuuden_Talo_Some_FIN-1024x576.png 1024w, https:\/\/sites.uef.fi\/vaikuttavuuden-talo\/wp-content\/uploads\/sites\/28\/2022\/03\/UEF_Vaikuttavuuden_Talo_Some_FIN-300x169.png 300w, https:\/\/sites.uef.fi\/vaikuttavuuden-talo\/wp-content\/uploads\/sites\/28\/2022\/03\/UEF_Vaikuttavuuden_Talo_Some_FIN-768x432.png 768w, https:\/\/sites.uef.fi\/vaikuttavuuden-talo\/wp-content\/uploads\/sites\/28\/2022\/03\/UEF_Vaikuttavuuden_Talo_Some_FIN-1536x864.png 1536w, https:\/\/sites.uef.fi\/vaikuttavuuden-talo\/wp-content\/uploads\/sites\/28\/2022\/03\/UEF_Vaikuttavuuden_Talo_Some_FIN.png 1920w\" sizes=\"auto, (max-width: 1024px) 100vw, 1024px\" \/><\/figure>\n\n\n\n<h1 class=\"wp-block-heading\">Vaikuttavuuden tutkimuksen p\u00e4iv\u00e4t 2022<br>Vaikuttavuuden mittaaminen: mittarit, menetelm\u00e4t ja ty\u00f6kalut<\/h1>\n\n\n\n<p><strong>L\u00c4MMIN KIITOS KAIKILLE OSALLISTUJILLE!<\/strong><\/p>\n\n\n\n<p>Vaikuttavuuden tutkimuksen p\u00e4ivien Plenary-esitykset ovat n\u00e4ht\u00e4viss\u00e4 21.10.2022 saakka <a href=\"https:\/\/youtube.com\/playlist?list=PLhvBrXVLs3Olghi9uhow4NDO-DN69MaIv\" data-type=\"URL\" data-id=\"https:\/\/youtube.com\/playlist?list=PLhvBrXVLs3Olghi9uhow4NDO-DN69MaIv\">t\u00e4\u00e4ll\u00e4<\/a>. <\/p>\n\n\n\n<hr class=\"wp-block-separator has-alpha-channel-opacity\" \/>\n\n\n\n<p>Vuoden 2022 Vaikuttavuuden tutkimuksen p\u00e4iv\u00e4t j\u00e4rjestet\u00e4\u00e4n 4.\u20135.10. Kuopiossa. Seuraa p\u00e4ivittyv\u00e4\u00e4 tietoa tapahtumasta Vaikuttavuuden talon verkkosivuilta sek\u00e4 <a href=\"https:\/\/twitter.com\/VAIKtaloUEF\">Twitterist\u00e4<\/a>.<\/p>\n\n\n\n<p><strong>Seuraa Vaikuttavuuden tutkimuksen p\u00e4ivi\u00e4 Twitteriss\u00e4: @VAIKtaloUEF, tviittaa #VTpaivat2022, #vaikuttavuus, #effectiveness<\/strong><\/p>\n\n\n\n<p><strong>L\u00e4mpim\u00e4sti tervetuloa mukaan!<\/strong><\/p>\n\n\n\n<hr class=\"wp-block-separator has-css-opacity\" \/>\n\n\n\n<h2 class=\"wp-block-heading\">Prekonferenssity\u00f6paja: Tutkimuksesta k\u00e4yt\u00e4nt\u00f6\u00f6n<\/h2>\n\n\n\n<p><a href=\"https:\/\/vaikuttavuusseura.wordpress.com\/\">Vaikuttavuusseura ry<\/a> ja Vaikuttavuuden talo j\u00e4rjest\u00e4v\u00e4t Vaikuttavuuden tutkimuksen p\u00e4ivien 2022 yhteydess\u00e4 prekonferenssity\u00f6pajan:<\/p>\n\n\n\n<p><strong>Tutkimuksesta k\u00e4yt\u00e4nt\u00f6\u00f6n<\/strong><\/p>\n\n\n\n<p><strong>Aika:<\/strong> Ma 3.10. klo 18<\/p>\n\n\n\n<p><strong>Paikka:<\/strong> Hotelli Scandic Atlas, Haapaniemenkatu 22, 70110 KUOPIO<\/p>\n\n\n\n<p>Katso tarkempi ohjelma <a href=\"https:\/\/sites.uef.fi\/vaikuttavuuden-talo\/ohjelma-2022\/\">t\u00e4\u00e4lt\u00e4<\/a>.<\/p>\n\n\n\n<p>Tilaisuus on Vaikuttavuuden tutkimuksen p\u00e4ivien osallistujille maksuton.<\/p>\n\n\n\n<hr class=\"wp-block-separator has-alpha-channel-opacity\" \/>\n\n\n\n<h2 class=\"wp-block-heading\">Ilmoittautuminen on p\u00e4\u00e4ttynyt, kiitos kaikille ilmoittautuneille!<\/h2>\n\n\n\n<p>Ilmoittaudu p\u00e4iville <a href=\"https:\/\/registration.contio.fi\/uef\/Registration\/Login?id=3401-T_3401-4122\">t\u00e4ll\u00e4 ilmoittautumislomakkeella<\/a>.<\/p>\n\n\n\n<p>UEF henkil\u00f6kunta <a href=\"https:\/\/registration.contio.fi\/uef\/Registration\/Login?id=3401-T_3401-4123\" data-type=\"URL\" data-id=\"https:\/\/registration.contio.fi\/uef\/Registration\/Login?id=3401-T_3401-4123\">t\u00e4ll\u00e4 ilmoittautumislomakkeella<\/a>.<\/p>\n\n\n\n<p>Lis\u00e4tiedot ja hinnaston l\u00f6yd\u00e4t <a href=\"https:\/\/sites.uef.fi\/vaikuttavuuden-talo\/ilmoittautuminen-vaikuttavuuden-tutkimuksen-paiville-2022\/\" data-type=\"URL\" data-id=\"https:\/\/sites.uef.fi\/vaikuttavuuden-talo\/ilmoittautuminen-vaikuttavuuden-tutkimuksen-paiville-2022\/\">t\u00e4\u00e4lt\u00e4<\/a>.<\/p>\n\n\n\n<hr class=\"wp-block-separator has-css-opacity\" \/>\n\n\n\n<p>Vaikuttavuuden tutkimuksen p\u00e4iv\u00e4t on monitieteinen keskustelufoorumi hyvinvointiin ja terveyteen liittyv\u00e4n vaikuttavuuden tutkijoille ja asiantuntijoille sek\u00e4 jokaiselle, joka kokee tarvitsevansa ty\u00f6ss\u00e4\u00e4n uusinta tutkimustietoa vaikuttavuudesta.<\/p>\n\n\n\n<p>Vuoden 2022 tutkimusp\u00e4ivien p\u00e4\u00e4teema on <em>Vaikuttavuuden mittaaminen: mittarit, menetelm\u00e4t ja ty\u00f6kalut<\/em>. P\u00e4ivien p\u00e4\u00e4puhujina ovat <strong>Matthew D. Adler<\/strong> (Duke University), <strong>Martin Webber<\/strong> (University of York, UK), <strong>Jonna Salonen<\/strong> (Terveyden ja hyvinvoinnin laitos) ja <strong>Sakari Kainulainen <\/strong>(Diakonia-ammattikorkeakoulu).<\/p>\n\n\n\n<p>Tervetuloa mukaan keskustelemaan vaikuttavuudesta, kuulemaan ajankohtaista tutkimustietoa ja verkostoitumaan asiantuntijoiden kanssa!<\/p>\n\n\n\n<p><strong>Kysytt\u00e4v\u00e4\u00e4 tutkimusp\u00e4ivist\u00e4? Ota yhteytt\u00e4 <a href=\"https:\/\/sites.uef.fi\/vaikuttavuuden-talo\/jarjestelytoimikunta\/\">j\u00e4rjestelytoimikuntaan<\/a>.<\/strong><\/p>\n","protected":false},"excerpt":{"rendered":"<p>Vaikuttavuuden tutkimuksen p\u00e4iv\u00e4t 2022Vaikuttavuuden mittaaminen: mittarit, menetelm\u00e4t ja ty\u00f6kalut L\u00c4MMIN KIITOS KAIKILLE OSALLISTUJILLE! Vaikuttavuuden tutkimuksen p\u00e4ivien Plenary-esitykset ovat n\u00e4ht\u00e4viss\u00e4 21.10.2022 saakka t\u00e4\u00e4ll\u00e4. Vuoden 2022 Vaikuttavuuden tutkimuksen p\u00e4iv\u00e4t j\u00e4rjestet\u00e4\u00e4n 4.\u20135.10. Kuopiossa. Seuraa p\u00e4ivittyv\u00e4\u00e4 tietoa tapahtumasta Vaikuttavuuden talon verkkosivuilta sek\u00e4 Twitterist\u00e4. Seuraa Vaikuttavuuden tutkimuksen p\u00e4ivi\u00e4 Twitteriss\u00e4: @VAIKtaloUEF, tviittaa #VTpaivat2022, #vaikuttavuus, #effectiveness L\u00e4mpim\u00e4sti tervetuloa mukaan! Prekonferenssity\u00f6paja: Tutkimuksesta k\u00e4yt\u00e4nt\u00f6\u00f6n [&hellip;]<\/p>\n","protected":false},"author":44,"featured_media":0,"parent":0,"menu_order":0,"comment_status":"closed","ping_status":"closed","template":"","meta":{"_acf_changed":false,"_monsterinsights_skip_tracking":false,"_monsterinsights_sitenote_active":false,"_monsterinsights_sitenote_note":"","_monsterinsights_sitenote_category":0,"footnotes":""},"class_list":["post-4798","page","type-page","status-publish","hentry"],"acf":[],"yoast_head":"<!-- This site is optimized with the Yoast SEO plugin v27.1.1 - https:\/\/yoast.com\/product\/yoast-seo-wordpress\/ -->\n<title>Vaikuttavuuden tutkimuksen p\u00e4iv\u00e4t 2022 - Vaikuttavuuden talo<\/title>\n<meta name=\"robots\" content=\"index, follow, max-snippet:-1, max-image-preview:large, max-video-preview:-1\" \/>\n<link rel=\"canonical\" href=\"https:\/\/sites.uef.fi\/vaikuttavuuden-talo\/vaikuttavuuden-tutkimuksen-paivat-2022\/\" \/>\n<meta property=\"og:locale\" content=\"fi_FI\" \/>\n<meta property=\"og:type\" content=\"article\" \/>\n<meta property=\"og:title\" content=\"Vaikuttavuuden tutkimuksen p\u00e4iv\u00e4t 2022 - Vaikuttavuuden talo\" \/>\n<meta property=\"og:description\" content=\"Vaikuttavuuden tutkimuksen p\u00e4iv\u00e4t 2022Vaikuttavuuden mittaaminen: mittarit, menetelm\u00e4t ja ty\u00f6kalut L\u00c4MMIN KIITOS KAIKILLE OSALLISTUJILLE! Vaikuttavuuden tutkimuksen p\u00e4ivien Plenary-esitykset ovat n\u00e4ht\u00e4viss\u00e4 21.10.2022 saakka t\u00e4\u00e4ll\u00e4. Vuoden 2022 Vaikuttavuuden tutkimuksen p\u00e4iv\u00e4t j\u00e4rjestet\u00e4\u00e4n 4.\u20135.10. Kuopiossa. Seuraa p\u00e4ivittyv\u00e4\u00e4 tietoa tapahtumasta Vaikuttavuuden talon verkkosivuilta sek\u00e4 Twitterist\u00e4. Seuraa Vaikuttavuuden tutkimuksen p\u00e4ivi\u00e4 Twitteriss\u00e4: @VAIKtaloUEF, tviittaa #VTpaivat2022, #vaikuttavuus, #effectiveness L\u00e4mpim\u00e4sti tervetuloa mukaan! Prekonferenssity\u00f6paja: Tutkimuksesta k\u00e4yt\u00e4nt\u00f6\u00f6n [&hellip;]\" \/>\n<meta property=\"og:url\" content=\"https:\/\/sites.uef.fi\/vaikuttavuuden-talo\/vaikuttavuuden-tutkimuksen-paivat-2022\/\" \/>\n<meta property=\"og:site_name\" content=\"Vaikuttavuuden talo\" \/>\n<meta property=\"article:modified_time\" content=\"2023-03-16T09:01:48+00:00\" \/>\n<meta property=\"og:image\" content=\"https:\/\/sites.uef.fi\/vaikuttavuuden-talo\/wp-content\/uploads\/sites\/28\/2022\/03\/UEF_Vaikuttavuuden_Talo_Some_FIN-1024x576.png\" \/>\n<meta name=\"twitter:card\" content=\"summary_large_image\" \/>\n<meta name=\"twitter:label1\" content=\"Arvioitu lukuaika\" \/>\n\t<meta name=\"twitter:data1\" content=\"1 minuutti\" \/>\n<script type=\"application\/ld+json\" class=\"yoast-schema-graph\">{\"@context\":\"https:\/\/schema.org\",\"@graph\":[{\"@type\":\"WebPage\",\"@id\":\"https:\/\/sites.uef.fi\/vaikuttavuuden-talo\/vaikuttavuuden-tutkimuksen-paivat-2022\/\",\"url\":\"https:\/\/sites.uef.fi\/vaikuttavuuden-talo\/vaikuttavuuden-tutkimuksen-paivat-2022\/\",\"name\":\"Vaikuttavuuden tutkimuksen p\u00e4iv\u00e4t 2022 - Vaikuttavuuden talo\",\"isPartOf\":{\"@id\":\"https:\/\/sites.uef.fi\/vaikuttavuuden-talo\/#website\"},\"primaryImageOfPage\":{\"@id\":\"https:\/\/sites.uef.fi\/vaikuttavuuden-talo\/vaikuttavuuden-tutkimuksen-paivat-2022\/#primaryimage\"},\"image\":{\"@id\":\"https:\/\/sites.uef.fi\/vaikuttavuuden-talo\/vaikuttavuuden-tutkimuksen-paivat-2022\/#primaryimage\"},\"thumbnailUrl\":\"https:\/\/sites.uef.fi\/vaikuttavuuden-talo\/wp-content\/uploads\/sites\/28\/2022\/03\/UEF_Vaikuttavuuden_Talo_Some_FIN-1024x576.png\",\"datePublished\":\"2022-03-22T09:26:51+00:00\",\"dateModified\":\"2023-03-16T09:01:48+00:00\",\"breadcrumb\":{\"@id\":\"https:\/\/sites.uef.fi\/vaikuttavuuden-talo\/vaikuttavuuden-tutkimuksen-paivat-2022\/#breadcrumb\"},\"inLanguage\":\"fi\",\"potentialAction\":[{\"@type\":\"ReadAction\",\"target\":[\"https:\/\/sites.uef.fi\/vaikuttavuuden-talo\/vaikuttavuuden-tutkimuksen-paivat-2022\/\"]}]},{\"@type\":\"ImageObject\",\"inLanguage\":\"fi\",\"@id\":\"https:\/\/sites.uef.fi\/vaikuttavuuden-talo\/vaikuttavuuden-tutkimuksen-paivat-2022\/#primaryimage\",\"url\":\"https:\/\/sites.uef.fi\/vaikuttavuuden-talo\/wp-content\/uploads\/sites\/28\/2022\/03\/UEF_Vaikuttavuuden_Talo_Some_FIN.png\",\"contentUrl\":\"https:\/\/sites.uef.fi\/vaikuttavuuden-talo\/wp-content\/uploads\/sites\/28\/2022\/03\/UEF_Vaikuttavuuden_Talo_Some_FIN.png\",\"width\":1920,\"height\":1080,\"caption\":\"Vaikuttavuuden tutkimuksen p\u00e4iv\u00e4t 4\u20135.10.2022 Kuopiossa; Vaikuttavuuden mittaaminen: mittarit, menetelm\u00e4t ja ty\u00f6kalut -mainosbanneri.\"},{\"@type\":\"BreadcrumbList\",\"@id\":\"https:\/\/sites.uef.fi\/vaikuttavuuden-talo\/vaikuttavuuden-tutkimuksen-paivat-2022\/#breadcrumb\",\"itemListElement\":[{\"@type\":\"ListItem\",\"position\":1,\"name\":\"Home\",\"item\":\"https:\/\/sites.uef.fi\/vaikuttavuuden-talo\/\"},{\"@type\":\"ListItem\",\"position\":2,\"name\":\"Vaikuttavuuden tutkimuksen p\u00e4iv\u00e4t 2022\"}]},{\"@type\":\"WebSite\",\"@id\":\"https:\/\/sites.uef.fi\/vaikuttavuuden-talo\/#website\",\"url\":\"https:\/\/sites.uef.fi\/vaikuttavuuden-talo\/\",\"name\":\"Vaikuttavuuden talo\",\"description\":\"\",\"potentialAction\":[{\"@type\":\"SearchAction\",\"target\":{\"@type\":\"EntryPoint\",\"urlTemplate\":\"https:\/\/sites.uef.fi\/vaikuttavuuden-talo\/?s={search_term_string}\"},\"query-input\":{\"@type\":\"PropertyValueSpecification\",\"valueRequired\":true,\"valueName\":\"search_term_string\"}}],\"inLanguage\":\"fi\"}]}<\/script>\n<!-- \/ Yoast SEO plugin. -->","yoast_head_json":{"title":"Vaikuttavuuden tutkimuksen p\u00e4iv\u00e4t 2022 - Vaikuttavuuden talo","robots":{"index":"index","follow":"follow","max-snippet":"max-snippet:-1","max-image-preview":"max-image-preview:large","max-video-preview":"max-video-preview:-1"},"canonical":"https:\/\/sites.uef.fi\/vaikuttavuuden-talo\/vaikuttavuuden-tutkimuksen-paivat-2022\/","og_locale":"fi_FI","og_type":"article","og_title":"Vaikuttavuuden tutkimuksen p\u00e4iv\u00e4t 2022 - Vaikuttavuuden talo","og_description":"Vaikuttavuuden tutkimuksen p\u00e4iv\u00e4t 2022Vaikuttavuuden mittaaminen: mittarit, menetelm\u00e4t ja ty\u00f6kalut L\u00c4MMIN KIITOS KAIKILLE OSALLISTUJILLE! Vaikuttavuuden tutkimuksen p\u00e4ivien Plenary-esitykset ovat n\u00e4ht\u00e4viss\u00e4 21.10.2022 saakka t\u00e4\u00e4ll\u00e4. Vuoden 2022 Vaikuttavuuden tutkimuksen p\u00e4iv\u00e4t j\u00e4rjestet\u00e4\u00e4n 4.\u20135.10. Kuopiossa. Seuraa p\u00e4ivittyv\u00e4\u00e4 tietoa tapahtumasta Vaikuttavuuden talon verkkosivuilta sek\u00e4 Twitterist\u00e4. Seuraa Vaikuttavuuden tutkimuksen p\u00e4ivi\u00e4 Twitteriss\u00e4: @VAIKtaloUEF, tviittaa #VTpaivat2022, #vaikuttavuus, #effectiveness L\u00e4mpim\u00e4sti tervetuloa mukaan! Prekonferenssity\u00f6paja: Tutkimuksesta k\u00e4yt\u00e4nt\u00f6\u00f6n [&hellip;]","og_url":"https:\/\/sites.uef.fi\/vaikuttavuuden-talo\/vaikuttavuuden-tutkimuksen-paivat-2022\/","og_site_name":"Vaikuttavuuden talo","article_modified_time":"2023-03-16T09:01:48+00:00","og_image":[{"url":"https:\/\/sites.uef.fi\/vaikuttavuuden-talo\/wp-content\/uploads\/sites\/28\/2022\/03\/UEF_Vaikuttavuuden_Talo_Some_FIN-1024x576.png","type":"","width":"","height":""}],"twitter_card":"summary_large_image","twitter_misc":{"Arvioitu lukuaika":"1 minuutti"},"schema":{"@context":"https:\/\/schema.org","@graph":[{"@type":"WebPage","@id":"https:\/\/sites.uef.fi\/vaikuttavuuden-talo\/vaikuttavuuden-tutkimuksen-paivat-2022\/","url":"https:\/\/sites.uef.fi\/vaikuttavuuden-talo\/vaikuttavuuden-tutkimuksen-paivat-2022\/","name":"Vaikuttavuuden tutkimuksen p\u00e4iv\u00e4t 2022 - Vaikuttavuuden talo","isPartOf":{"@id":"https:\/\/sites.uef.fi\/vaikuttavuuden-talo\/#website"},"primaryImageOfPage":{"@id":"https:\/\/sites.uef.fi\/vaikuttavuuden-talo\/vaikuttavuuden-tutkimuksen-paivat-2022\/#primaryimage"},"image":{"@id":"https:\/\/sites.uef.fi\/vaikuttavuuden-talo\/vaikuttavuuden-tutkimuksen-paivat-2022\/#primaryimage"},"thumbnailUrl":"https:\/\/sites.uef.fi\/vaikuttavuuden-talo\/wp-content\/uploads\/sites\/28\/2022\/03\/UEF_Vaikuttavuuden_Talo_Some_FIN-1024x576.png","datePublished":"2022-03-22T09:26:51+00:00","dateModified":"2023-03-16T09:01:48+00:00","breadcrumb":{"@id":"https:\/\/sites.uef.fi\/vaikuttavuuden-talo\/vaikuttavuuden-tutkimuksen-paivat-2022\/#breadcrumb"},"inLanguage":"fi","potentialAction":[{"@type":"ReadAction","target":["https:\/\/sites.uef.fi\/vaikuttavuuden-talo\/vaikuttavuuden-tutkimuksen-paivat-2022\/"]}]},{"@type":"ImageObject","inLanguage":"fi","@id":"https:\/\/sites.uef.fi\/vaikuttavuuden-talo\/vaikuttavuuden-tutkimuksen-paivat-2022\/#primaryimage","url":"https:\/\/sites.uef.fi\/vaikuttavuuden-talo\/wp-content\/uploads\/sites\/28\/2022\/03\/UEF_Vaikuttavuuden_Talo_Some_FIN.png","contentUrl":"https:\/\/sites.uef.fi\/vaikuttavuuden-talo\/wp-content\/uploads\/sites\/28\/2022\/03\/UEF_Vaikuttavuuden_Talo_Some_FIN.png","width":1920,"height":1080,"caption":"Vaikuttavuuden tutkimuksen p\u00e4iv\u00e4t 4\u20135.10.2022 Kuopiossa; Vaikuttavuuden mittaaminen: mittarit, menetelm\u00e4t ja ty\u00f6kalut -mainosbanneri."},{"@type":"BreadcrumbList","@id":"https:\/\/sites.uef.fi\/vaikuttavuuden-talo\/vaikuttavuuden-tutkimuksen-paivat-2022\/#breadcrumb","itemListElement":[{"@type":"ListItem","position":1,"name":"Home","item":"https:\/\/sites.uef.fi\/vaikuttavuuden-talo\/"},{"@type":"ListItem","position":2,"name":"Vaikuttavuuden tutkimuksen p\u00e4iv\u00e4t 2022"}]},{"@type":"WebSite","@id":"https:\/\/sites.uef.fi\/vaikuttavuuden-talo\/#website","url":"https:\/\/sites.uef.fi\/vaikuttavuuden-talo\/","name":"Vaikuttavuuden talo","description":"","potentialAction":[{"@type":"SearchAction","target":{"@type":"EntryPoint","urlTemplate":"https:\/\/sites.uef.fi\/vaikuttavuuden-talo\/?s={search_term_string}"},"query-input":{"@type":"PropertyValueSpecification","valueRequired":true,"valueName":"search_term_string"}}],"inLanguage":"fi"}]}},"_links":{"self":[{"href":"https:\/\/sites.uef.fi\/vaikuttavuuden-talo\/wp-json\/wp\/v2\/pages\/4798","targetHints":{"allow":["GET"]}}],"collection":[{"href":"https:\/\/sites.uef.fi\/vaikuttavuuden-talo\/wp-json\/wp\/v2\/pages"}],"about":[{"href":"https:\/\/sites.uef.fi\/vaikuttavuuden-talo\/wp-json\/wp\/v2\/types\/page"}],"author":[{"embeddable":true,"href":"https:\/\/sites.uef.fi\/vaikuttavuuden-talo\/wp-json\/wp\/v2\/users\/44"}],"replies":[{"embeddable":true,"href":"https:\/\/sites.uef.fi\/vaikuttavuuden-talo\/wp-json\/wp\/v2\/comments?post=4798"}],"version-history":[{"count":3,"href":"https:\/\/sites.uef.fi\/vaikuttavuuden-talo\/wp-json\/wp\/v2\/pages\/4798\/revisions"}],"predecessor-version":[{"id":6819,"href":"https:\/\/sites.uef.fi\/vaikuttavuuden-talo\/wp-json\/wp\/v2\/pages\/4798\/revisions\/6819"}],"wp:attachment":[{"href":"https:\/\/sites.uef.fi\/vaikuttavuuden-talo\/wp-json\/wp\/v2\/media?parent=4798"}],"curies":[{"name":"wp","href":"https:\/\/api.w.org\/{rel}","templated":true}]}}